{"id":29311,"date":"2025-07-17T16:26:58","date_gmt":"2025-07-17T23:26:58","guid":{"rendered":"https:\/\/nationalcablespecialists.ca\/product\/str-shld-loop-lead\/"},"modified":"2025-07-17T16:34:18","modified_gmt":"2025-07-17T23:34:18","slug":"str-shld-loop-lead","status":"publish","type":"product","link":"https:\/\/nationalcablespecialists.ca\/fr\/produit\/str-shld-loop-lead\/","title":{"rendered":"STR SHLD LOOP LEAD"},"content":{"rendered":"<p><strong>Conducteur :<\/strong>\u00a0Cuivre \u00e9tam\u00e9 18 AWG 16 brins 600V<br \/>\n<strong>Isolation :<\/strong>\u00a0Poly\u00e9thyl\u00e8ne lin\u00e9aire basse densit\u00e9 \u00e0 poids mol\u00e9culaire \u00e9lev\u00e9<br \/>\n<strong>Gaine :<\/strong>\u00a0Poly\u00e9thyl\u00e8ne lin\u00e9aire basse densit\u00e9<br \/>\n<strong>Temp\u00e9rature :<\/strong>\u00a0-40 \u00b0C \u00e0 80 \u00b0C<br \/>\n<strong>Conducteur de liaison :<\/strong>\u00a0Aucun<br \/>\n<strong>Assemblage du c\u00e2ble :<\/strong>\u00a0Les conducteurs sont c\u00e2bl\u00e9s ensemble et recouverts d\u2019un ruban adh\u00e9sif et d\u2019une enveloppe de mylar transparent.<br \/>\n<strong>Ripcord:<\/strong>\u00a0NYLON (x2)<br \/>\n<strong>Homologations :<\/strong>\u00a0OPSS 2409 CSA C22.2 No. 239 C\u00e2bles de contr\u00f4le et d\u2019instrumentation<br \/>\n<strong>Norme ASTM :<\/strong>\u00a0ASTM B33<br \/>\n<strong>Applications :<\/strong>\u00a0Syst\u00e8mes de signalisation routi\u00e8re<\/p>\n","protected":false},"excerpt":{"rendered":"<p>Conducteur :\u00a0Cuivre \u00e9tam\u00e9 18 AWG 16 brins 600V Isolation :\u00a0Poly\u00e9thyl\u00e8ne lin\u00e9aire basse densit\u00e9 \u00e0 poids mol\u00e9culaire \u00e9lev\u00e9 Gaine :\u00a0Poly\u00e9thyl\u00e8ne lin\u00e9aire basse densit\u00e9 Temp\u00e9rature :\u00a0-40 \u00b0C \u00e0 80 \u00b0C Conducteur de liaison :\u00a0Aucun Assemblage du c\u00e2ble :\u00a0Les conducteurs sont c\u00e2bl\u00e9s ensemble et recouverts d\u2019un ruban adh\u00e9sif et d\u2019une enveloppe de mylar transparent. Ripcord:\u00a0NYLON (x2) Homologations :\u00a0OPSS [&hellip;]<\/p>\n","protected":false},"featured_media":29323,"comment_status":"closed","ping_status":"closed","template":"","meta":{"_acf_changed":false},"product_brand":[],"product_cat":[1250,1110],"product_tag":[],"application":[],"voltage-rating":[],"jacket-material":[],"insulation-material":[],"conductor-material":[],"wire-gauge":[673],"conductor":[],"class_list":{"0":"post-29311","1":"product","2":"type-product","3":"status-publish","4":"has-post-thumbnail","6":"product_cat-traffic-street-lighting-fr","7":"product_cat-fils-et-cables-electriques","8":"wire-gauge-18-awg-fr","10":"first","11":"instock","12":"shipping-taxable","13":"product-type-variable"},"acf":[],"yoast_head":"<!-- This site is optimized with the Yoast SEO plugin v26.2 - https:\/\/yoast.com\/wordpress\/plugins\/seo\/ -->\n<title>STR SHLD LOOP LEAD - National Cable Specialists<\/title>\n<meta name=\"description\" content=\"National Cable Specialists carries a selection of STR SHLD LOOP LEAD for sale. Visit our website to learn more information.\" \/>\n<meta name=\"robots\" content=\"index, follow, max-snippet:-1, max-image-preview:large, max-video-preview:-1\" \/>\n<link rel=\"canonical\" href=\"https:\/\/nationalcablespecialists.ca\/fr\/produit\/str-shld-loop-lead\/\" \/>\n<meta property=\"og:locale\" content=\"fr_FR\" \/>\n<meta property=\"og:type\" content=\"article\" \/>\n<meta property=\"og:title\" content=\"STR SHLD LOOP LEAD - National Cable Specialists\" \/>\n<meta property=\"og:description\" content=\"National Cable Specialists carries a selection of STR SHLD LOOP LEAD for sale. Visit our website to learn more information.\" \/>\n<meta property=\"og:url\" content=\"https:\/\/nationalcablespecialists.ca\/fr\/produit\/str-shld-loop-lead\/\" \/>\n<meta property=\"og:site_name\" content=\"National Cable Specialists\" \/>\n<meta property=\"article:modified_time\" content=\"2025-07-17T23:34:18+00:00\" \/>\n<meta property=\"og:image\" content=\"https:\/\/nationalcablespecialists.ca\/wp-content\/uploads\/2025\/07\/Loop-Detector-Wire-1.jpg\" \/>\n\t<meta property=\"og:image:width\" content=\"500\" \/>\n\t<meta property=\"og:image:height\" content=\"500\" \/>\n\t<meta property=\"og:image:type\" content=\"image\/jpeg\" \/>\n<meta name=\"twitter:card\" content=\"summary_large_image\" \/>\n<meta name=\"twitter:label1\" content=\"Dur\u00e9e de lecture estim\u00e9e\" \/>\n\t<meta name=\"twitter:data1\" content=\"1 minute\" \/>\n<script type=\"application\/ld+json\" class=\"yoast-schema-graph\">{\"@context\":\"https:\/\/schema.org\",\"@graph\":[{\"@type\":\"WebPage\",\"@id\":\"https:\/\/nationalcablespecialists.ca\/fr\/produit\/str-shld-loop-lead\/\",\"url\":\"https:\/\/nationalcablespecialists.ca\/fr\/produit\/str-shld-loop-lead\/\",\"name\":\"STR SHLD LOOP LEAD - National Cable Specialists\",\"isPartOf\":{\"@id\":\"https:\/\/nationalcablespecialists.ca\/fr\/#website\"},\"primaryImageOfPage\":{\"@id\":\"https:\/\/nationalcablespecialists.ca\/fr\/produit\/str-shld-loop-lead\/#primaryimage\"},\"image\":{\"@id\":\"https:\/\/nationalcablespecialists.ca\/fr\/produit\/str-shld-loop-lead\/#primaryimage\"},\"thumbnailUrl\":\"https:\/\/nationalcablespecialists.ca\/wp-content\/uploads\/2025\/07\/Loop-Detector-Wire-1.jpg\",\"datePublished\":\"2025-07-17T23:26:58+00:00\",\"dateModified\":\"2025-07-17T23:34:18+00:00\",\"description\":\"National Cable Specialists carries a selection of STR SHLD LOOP LEAD for sale. Visit our website to learn more information.\",\"breadcrumb\":{\"@id\":\"https:\/\/nationalcablespecialists.ca\/fr\/produit\/str-shld-loop-lead\/#breadcrumb\"},\"inLanguage\":\"fr-FR\",\"potentialAction\":[{\"@type\":\"ReadAction\",\"target\":[\"https:\/\/nationalcablespecialists.ca\/fr\/produit\/str-shld-loop-lead\/\"]}]},{\"@type\":\"ImageObject\",\"inLanguage\":\"fr-FR\",\"@id\":\"https:\/\/nationalcablespecialists.ca\/fr\/produit\/str-shld-loop-lead\/#primaryimage\",\"url\":\"https:\/\/nationalcablespecialists.ca\/wp-content\/uploads\/2025\/07\/Loop-Detector-Wire-1.jpg\",\"contentUrl\":\"https:\/\/nationalcablespecialists.ca\/wp-content\/uploads\/2025\/07\/Loop-Detector-Wire-1.jpg\",\"width\":500,\"height\":500},{\"@type\":\"BreadcrumbList\",\"@id\":\"https:\/\/nationalcablespecialists.ca\/fr\/produit\/str-shld-loop-lead\/#breadcrumb\",\"itemListElement\":[{\"@type\":\"ListItem\",\"position\":1,\"name\":\"Produits\",\"item\":\"https:\/\/nationalcablespecialists.ca\/our-products\/\"},{\"@type\":\"ListItem\",\"position\":2,\"name\":\"Fils et c\u00e2bles \u00e9lectriques\",\"item\":\"https:\/\/nationalcablespecialists.ca\/fr\/categorie-produit\/fils-et-cables-electriques\/\"},{\"@type\":\"ListItem\",\"position\":3,\"name\":\"STR SHLD LOOP LEAD\"}]},{\"@type\":\"WebSite\",\"@id\":\"https:\/\/nationalcablespecialists.ca\/fr\/#website\",\"url\":\"https:\/\/nationalcablespecialists.ca\/fr\/\",\"name\":\"National Cable Specialists\",\"description\":\"\",\"publisher\":{\"@id\":\"https:\/\/nationalcablespecialists.ca\/fr\/#organization\"},\"potentialAction\":[{\"@type\":\"SearchAction\",\"target\":{\"@type\":\"EntryPoint\",\"urlTemplate\":\"https:\/\/nationalcablespecialists.ca\/fr\/?s={search_term_string}\"},\"query-input\":{\"@type\":\"PropertyValueSpecification\",\"valueRequired\":true,\"valueName\":\"search_term_string\"}}],\"inLanguage\":\"fr-FR\"},{\"@type\":\"Organization\",\"@id\":\"https:\/\/nationalcablespecialists.ca\/fr\/#organization\",\"name\":\"National Cable Specialists\",\"url\":\"https:\/\/nationalcablespecialists.ca\/fr\/\",\"logo\":{\"@type\":\"ImageObject\",\"inLanguage\":\"fr-FR\",\"@id\":\"https:\/\/nationalcablespecialists.ca\/fr\/#\/schema\/logo\/image\/\",\"url\":\"https:\/\/nationalcablespecialists.ca\/wp-content\/uploads\/2023\/01\/NCS_Lrg_Logo.png\",\"contentUrl\":\"https:\/\/nationalcablespecialists.ca\/wp-content\/uploads\/2023\/01\/NCS_Lrg_Logo.png\",\"width\":1600,\"height\":840,\"caption\":\"National Cable Specialists\"},\"image\":{\"@id\":\"https:\/\/nationalcablespecialists.ca\/fr\/#\/schema\/logo\/image\/\"}}]}<\/script>\n<!-- \/ Yoast SEO plugin. -->","yoast_head_json":{"title":"STR SHLD LOOP LEAD - National Cable Specialists","description":"National Cable Specialists carries a selection of STR SHLD LOOP LEAD for sale. Visit our website to learn more information.","robots":{"index":"index","follow":"follow","max-snippet":"max-snippet:-1","max-image-preview":"max-image-preview:large","max-video-preview":"max-video-preview:-1"},"canonical":"https:\/\/nationalcablespecialists.ca\/fr\/produit\/str-shld-loop-lead\/","og_locale":"fr_FR","og_type":"article","og_title":"STR SHLD LOOP LEAD - National Cable Specialists","og_description":"National Cable Specialists carries a selection of STR SHLD LOOP LEAD for sale. Visit our website to learn more information.","og_url":"https:\/\/nationalcablespecialists.ca\/fr\/produit\/str-shld-loop-lead\/","og_site_name":"National Cable Specialists","article_modified_time":"2025-07-17T23:34:18+00:00","og_image":[{"width":500,"height":500,"url":"https:\/\/nationalcablespecialists.ca\/wp-content\/uploads\/2025\/07\/Loop-Detector-Wire-1.jpg","type":"image\/jpeg"}],"twitter_card":"summary_large_image","twitter_misc":{"Dur\u00e9e de lecture estim\u00e9e":"1 minute"},"schema":{"@context":"https:\/\/schema.org","@graph":[{"@type":"WebPage","@id":"https:\/\/nationalcablespecialists.ca\/fr\/produit\/str-shld-loop-lead\/","url":"https:\/\/nationalcablespecialists.ca\/fr\/produit\/str-shld-loop-lead\/","name":"STR SHLD LOOP LEAD - National Cable Specialists","isPartOf":{"@id":"https:\/\/nationalcablespecialists.ca\/fr\/#website"},"primaryImageOfPage":{"@id":"https:\/\/nationalcablespecialists.ca\/fr\/produit\/str-shld-loop-lead\/#primaryimage"},"image":{"@id":"https:\/\/nationalcablespecialists.ca\/fr\/produit\/str-shld-loop-lead\/#primaryimage"},"thumbnailUrl":"https:\/\/nationalcablespecialists.ca\/wp-content\/uploads\/2025\/07\/Loop-Detector-Wire-1.jpg","datePublished":"2025-07-17T23:26:58+00:00","dateModified":"2025-07-17T23:34:18+00:00","description":"National Cable Specialists carries a selection of STR SHLD LOOP LEAD for sale. Visit our website to learn more information.","breadcrumb":{"@id":"https:\/\/nationalcablespecialists.ca\/fr\/produit\/str-shld-loop-lead\/#breadcrumb"},"inLanguage":"fr-FR","potentialAction":[{"@type":"ReadAction","target":["https:\/\/nationalcablespecialists.ca\/fr\/produit\/str-shld-loop-lead\/"]}]},{"@type":"ImageObject","inLanguage":"fr-FR","@id":"https:\/\/nationalcablespecialists.ca\/fr\/produit\/str-shld-loop-lead\/#primaryimage","url":"https:\/\/nationalcablespecialists.ca\/wp-content\/uploads\/2025\/07\/Loop-Detector-Wire-1.jpg","contentUrl":"https:\/\/nationalcablespecialists.ca\/wp-content\/uploads\/2025\/07\/Loop-Detector-Wire-1.jpg","width":500,"height":500},{"@type":"BreadcrumbList","@id":"https:\/\/nationalcablespecialists.ca\/fr\/produit\/str-shld-loop-lead\/#breadcrumb","itemListElement":[{"@type":"ListItem","position":1,"name":"Produits","item":"https:\/\/nationalcablespecialists.ca\/our-products\/"},{"@type":"ListItem","position":2,"name":"Fils et c\u00e2bles \u00e9lectriques","item":"https:\/\/nationalcablespecialists.ca\/fr\/categorie-produit\/fils-et-cables-electriques\/"},{"@type":"ListItem","position":3,"name":"STR SHLD LOOP LEAD"}]},{"@type":"WebSite","@id":"https:\/\/nationalcablespecialists.ca\/fr\/#website","url":"https:\/\/nationalcablespecialists.ca\/fr\/","name":"National Cable Specialists","description":"","publisher":{"@id":"https:\/\/nationalcablespecialists.ca\/fr\/#organization"},"potentialAction":[{"@type":"SearchAction","target":{"@type":"EntryPoint","urlTemplate":"https:\/\/nationalcablespecialists.ca\/fr\/?s={search_term_string}"},"query-input":{"@type":"PropertyValueSpecification","valueRequired":true,"valueName":"search_term_string"}}],"inLanguage":"fr-FR"},{"@type":"Organization","@id":"https:\/\/nationalcablespecialists.ca\/fr\/#organization","name":"National Cable Specialists","url":"https:\/\/nationalcablespecialists.ca\/fr\/","logo":{"@type":"ImageObject","inLanguage":"fr-FR","@id":"https:\/\/nationalcablespecialists.ca\/fr\/#\/schema\/logo\/image\/","url":"https:\/\/nationalcablespecialists.ca\/wp-content\/uploads\/2023\/01\/NCS_Lrg_Logo.png","contentUrl":"https:\/\/nationalcablespecialists.ca\/wp-content\/uploads\/2023\/01\/NCS_Lrg_Logo.png","width":1600,"height":840,"caption":"National Cable Specialists"},"image":{"@id":"https:\/\/nationalcablespecialists.ca\/fr\/#\/schema\/logo\/image\/"}}]}},"_links":{"self":[{"href":"https:\/\/nationalcablespecialists.ca\/fr\/wp-json\/wp\/v2\/product\/29311","targetHints":{"allow":["GET"]}}],"collection":[{"href":"https:\/\/nationalcablespecialists.ca\/fr\/wp-json\/wp\/v2\/product"}],"about":[{"href":"https:\/\/nationalcablespecialists.ca\/fr\/wp-json\/wp\/v2\/types\/product"}],"replies":[{"embeddable":true,"href":"https:\/\/nationalcablespecialists.ca\/fr\/wp-json\/wp\/v2\/comments?post=29311"}],"wp:featuredmedia":[{"embeddable":true,"href":"https:\/\/nationalcablespecialists.ca\/fr\/wp-json\/wp\/v2\/media\/29323"}],"wp:attachment":[{"href":"https:\/\/nationalcablespecialists.ca\/fr\/wp-json\/wp\/v2\/media?parent=29311"}],"wp:term":[{"taxonomy":"product_brand","embeddable":true,"href":"https:\/\/nationalcablespecialists.ca\/fr\/wp-json\/wp\/v2\/product_brand?post=29311"},{"taxonomy":"product_cat","embeddable":true,"href":"https:\/\/nationalcablespecialists.ca\/fr\/wp-json\/wp\/v2\/product_cat?post=29311"},{"taxonomy":"product_tag","embeddable":true,"href":"https:\/\/nationalcablespecialists.ca\/fr\/wp-json\/wp\/v2\/product_tag?post=29311"},{"taxonomy":"application","embeddable":true,"href":"https:\/\/nationalcablespecialists.ca\/fr\/wp-json\/wp\/v2\/application?post=29311"},{"taxonomy":"voltage-rating","embeddable":true,"href":"https:\/\/nationalcablespecialists.ca\/fr\/wp-json\/wp\/v2\/voltage-rating?post=29311"},{"taxonomy":"jacket-material","embeddable":true,"href":"https:\/\/nationalcablespecialists.ca\/fr\/wp-json\/wp\/v2\/jacket-material?post=29311"},{"taxonomy":"insulation-material","embeddable":true,"href":"https:\/\/nationalcablespecialists.ca\/fr\/wp-json\/wp\/v2\/insulation-material?post=29311"},{"taxonomy":"conductor-material","embeddable":true,"href":"https:\/\/nationalcablespecialists.ca\/fr\/wp-json\/wp\/v2\/conductor-material?post=29311"},{"taxonomy":"wire-gauge","embeddable":true,"href":"https:\/\/nationalcablespecialists.ca\/fr\/wp-json\/wp\/v2\/wire-gauge?post=29311"},{"taxonomy":"conductor","embeddable":true,"href":"https:\/\/nationalcablespecialists.ca\/fr\/wp-json\/wp\/v2\/conductor?post=29311"}],"curies":[{"name":"wp","href":"https:\/\/api.w.org\/{rel}","templated":true}]}}