{"id":27666,"date":"2024-04-03T14:21:53","date_gmt":"2024-04-03T21:21:53","guid":{"rendered":"https:\/\/nationalcablespecialists.ca\/product\/conducteur-aerien-nu-acsr-smooth-body-compact-strand\/"},"modified":"2024-04-03T14:21:53","modified_gmt":"2024-04-03T21:21:53","slug":"conducteur-aerien-nu-acsr-smooth-body-compact-strand","status":"publish","type":"product","link":"https:\/\/nationalcablespecialists.ca\/fr\/produit\/conducteur-aerien-nu-acsr-smooth-body-compact-strand\/","title":{"rendered":"Conducteur a\u00e9rien nu ACSR &#8211; Smooth Body Compact Strand"},"content":{"rendered":"<p><strong>Conducteur<\/strong> L\u2019ACSR \u00e0 corps lisse est un conducteur \u00e0 brins composites \u00e0 pose compacte. Les brins d\u2019acier forment<br \/>\nle noyau central du conducteur, autour duquel est toronn\u00e9e une couche de fils d\u2019aluminium 1350-H19.<br \/>\n<strong>Approbations<\/strong> Fabriqu\u00e9 conform\u00e9ment aux exigences de la derni\u00e8re norme applicable de la norme CAN\/CSA C61089.<\/p>\n","protected":false},"excerpt":{"rendered":"<p>Conducteur L\u2019ACSR \u00e0 corps lisse est un conducteur \u00e0 brins composites \u00e0 pose compacte. Les brins d\u2019acier forment le noyau central du conducteur, autour duquel est toronn\u00e9e une couche de fils d\u2019aluminium 1350-H19. Approbations Fabriqu\u00e9 conform\u00e9ment aux exigences de la derni\u00e8re norme applicable de la norme CAN\/CSA C61089.<\/p>\n","protected":false},"featured_media":21622,"comment_status":"closed","ping_status":"closed","template":"","meta":{"_acf_changed":false},"product_brand":[],"product_cat":[1213],"product_tag":[1215,1232,1231],"application":[1214],"voltage-rating":[],"jacket-material":[],"insulation-material":[],"conductor-material":[],"wire-gauge":[765],"conductor":[],"class_list":{"0":"post-27666","1":"product","2":"type-product","3":"status-publish","4":"has-post-thumbnail","6":"product_cat-cable-utilitaire","7":"product_tag-frais-generaux","8":"product_tag-lascr","9":"product_tag-utilite","10":"application-utilite","11":"wire-gauge-2-awg-fr","13":"first","14":"instock","15":"shipping-taxable","16":"product-type-variable"},"acf":[],"yoast_head":"<!-- This site is optimized with the Yoast SEO plugin v26.2 - https:\/\/yoast.com\/wordpress\/plugins\/seo\/ -->\n<title>Conducteur a\u00e9rien nu ACSR - Smooth Body Compact Strand - National Cable Specialists<\/title>\n<meta name=\"description\" content=\"National Cable Specialists carries a selection of Conducteur a\u00e9rien nu ACSR - Smooth Body Compact Strand for sale. Visit our website to learn more information.\" \/>\n<meta name=\"robots\" content=\"index, follow, max-snippet:-1, max-image-preview:large, max-video-preview:-1\" \/>\n<link rel=\"canonical\" href=\"https:\/\/nationalcablespecialists.ca\/fr\/produit\/conducteur-aerien-nu-acsr-smooth-body-compact-strand\/\" \/>\n<meta property=\"og:locale\" content=\"fr_FR\" \/>\n<meta property=\"og:type\" content=\"article\" \/>\n<meta property=\"og:title\" content=\"Conducteur a\u00e9rien nu ACSR - Smooth Body Compact Strand - National Cable Specialists\" \/>\n<meta property=\"og:description\" content=\"National Cable Specialists carries a selection of Conducteur a\u00e9rien nu ACSR - Smooth Body Compact Strand for sale. Visit our website to learn more information.\" \/>\n<meta property=\"og:url\" content=\"https:\/\/nationalcablespecialists.ca\/fr\/produit\/conducteur-aerien-nu-acsr-smooth-body-compact-strand\/\" \/>\n<meta property=\"og:site_name\" content=\"National Cable Specialists\" \/>\n<meta property=\"og:image\" content=\"https:\/\/nationalcablespecialists.ca\/wp-content\/uploads\/2023\/09\/ACSR_500px-2.jpg\" \/>\n\t<meta property=\"og:image:width\" content=\"500\" \/>\n\t<meta property=\"og:image:height\" content=\"500\" \/>\n\t<meta property=\"og:image:type\" content=\"image\/jpeg\" \/>\n<meta name=\"twitter:card\" content=\"summary_large_image\" \/>\n<script type=\"application\/ld+json\" class=\"yoast-schema-graph\">{\"@context\":\"https:\/\/schema.org\",\"@graph\":[{\"@type\":\"WebPage\",\"@id\":\"https:\/\/nationalcablespecialists.ca\/fr\/produit\/conducteur-aerien-nu-acsr-smooth-body-compact-strand\/\",\"url\":\"https:\/\/nationalcablespecialists.ca\/fr\/produit\/conducteur-aerien-nu-acsr-smooth-body-compact-strand\/\",\"name\":\"Conducteur a\u00e9rien nu ACSR - Smooth Body Compact Strand - National Cable Specialists\",\"isPartOf\":{\"@id\":\"https:\/\/nationalcablespecialists.ca\/fr\/#website\"},\"primaryImageOfPage\":{\"@id\":\"https:\/\/nationalcablespecialists.ca\/fr\/produit\/conducteur-aerien-nu-acsr-smooth-body-compact-strand\/#primaryimage\"},\"image\":{\"@id\":\"https:\/\/nationalcablespecialists.ca\/fr\/produit\/conducteur-aerien-nu-acsr-smooth-body-compact-strand\/#primaryimage\"},\"thumbnailUrl\":\"https:\/\/nationalcablespecialists.ca\/wp-content\/uploads\/2023\/09\/ACSR_500px-2.jpg\",\"datePublished\":\"2024-04-03T21:21:53+00:00\",\"description\":\"National Cable Specialists carries a selection of Conducteur a\u00e9rien nu ACSR - Smooth Body Compact Strand for sale. Visit our website to learn more information.\",\"breadcrumb\":{\"@id\":\"https:\/\/nationalcablespecialists.ca\/fr\/produit\/conducteur-aerien-nu-acsr-smooth-body-compact-strand\/#breadcrumb\"},\"inLanguage\":\"fr-FR\",\"potentialAction\":[{\"@type\":\"ReadAction\",\"target\":[\"https:\/\/nationalcablespecialists.ca\/fr\/produit\/conducteur-aerien-nu-acsr-smooth-body-compact-strand\/\"]}]},{\"@type\":\"ImageObject\",\"inLanguage\":\"fr-FR\",\"@id\":\"https:\/\/nationalcablespecialists.ca\/fr\/produit\/conducteur-aerien-nu-acsr-smooth-body-compact-strand\/#primaryimage\",\"url\":\"https:\/\/nationalcablespecialists.ca\/wp-content\/uploads\/2023\/09\/ACSR_500px-2.jpg\",\"contentUrl\":\"https:\/\/nationalcablespecialists.ca\/wp-content\/uploads\/2023\/09\/ACSR_500px-2.jpg\",\"width\":500,\"height\":500,\"caption\":\"conducteurs a\u00e9riens nus\"},{\"@type\":\"BreadcrumbList\",\"@id\":\"https:\/\/nationalcablespecialists.ca\/fr\/produit\/conducteur-aerien-nu-acsr-smooth-body-compact-strand\/#breadcrumb\",\"itemListElement\":[{\"@type\":\"ListItem\",\"position\":1,\"name\":\"Produits\",\"item\":\"https:\/\/nationalcablespecialists.ca\/our-products\/\"},{\"@type\":\"ListItem\",\"position\":2,\"name\":\"Conducteur a\u00e9rien nu ACSR &#8211; Smooth Body Compact Strand\"}]},{\"@type\":\"WebSite\",\"@id\":\"https:\/\/nationalcablespecialists.ca\/fr\/#website\",\"url\":\"https:\/\/nationalcablespecialists.ca\/fr\/\",\"name\":\"National Cable Specialists\",\"description\":\"\",\"publisher\":{\"@id\":\"https:\/\/nationalcablespecialists.ca\/fr\/#organization\"},\"potentialAction\":[{\"@type\":\"SearchAction\",\"target\":{\"@type\":\"EntryPoint\",\"urlTemplate\":\"https:\/\/nationalcablespecialists.ca\/fr\/?s={search_term_string}\"},\"query-input\":{\"@type\":\"PropertyValueSpecification\",\"valueRequired\":true,\"valueName\":\"search_term_string\"}}],\"inLanguage\":\"fr-FR\"},{\"@type\":\"Organization\",\"@id\":\"https:\/\/nationalcablespecialists.ca\/fr\/#organization\",\"name\":\"National Cable Specialists\",\"url\":\"https:\/\/nationalcablespecialists.ca\/fr\/\",\"logo\":{\"@type\":\"ImageObject\",\"inLanguage\":\"fr-FR\",\"@id\":\"https:\/\/nationalcablespecialists.ca\/fr\/#\/schema\/logo\/image\/\",\"url\":\"https:\/\/nationalcablespecialists.ca\/wp-content\/uploads\/2023\/01\/NCS_Lrg_Logo.png\",\"contentUrl\":\"https:\/\/nationalcablespecialists.ca\/wp-content\/uploads\/2023\/01\/NCS_Lrg_Logo.png\",\"width\":1600,\"height\":840,\"caption\":\"National Cable Specialists\"},\"image\":{\"@id\":\"https:\/\/nationalcablespecialists.ca\/fr\/#\/schema\/logo\/image\/\"}}]}<\/script>\n<!-- \/ Yoast SEO plugin. -->","yoast_head_json":{"title":"Conducteur a\u00e9rien nu ACSR - Smooth Body Compact Strand - National Cable Specialists","description":"National Cable Specialists carries a selection of Conducteur a\u00e9rien nu ACSR - Smooth Body Compact Strand for sale. Visit our website to learn more information.","robots":{"index":"index","follow":"follow","max-snippet":"max-snippet:-1","max-image-preview":"max-image-preview:large","max-video-preview":"max-video-preview:-1"},"canonical":"https:\/\/nationalcablespecialists.ca\/fr\/produit\/conducteur-aerien-nu-acsr-smooth-body-compact-strand\/","og_locale":"fr_FR","og_type":"article","og_title":"Conducteur a\u00e9rien nu ACSR - Smooth Body Compact Strand - National Cable Specialists","og_description":"National Cable Specialists carries a selection of Conducteur a\u00e9rien nu ACSR - Smooth Body Compact Strand for sale. Visit our website to learn more information.","og_url":"https:\/\/nationalcablespecialists.ca\/fr\/produit\/conducteur-aerien-nu-acsr-smooth-body-compact-strand\/","og_site_name":"National Cable Specialists","og_image":[{"width":500,"height":500,"url":"https:\/\/nationalcablespecialists.ca\/wp-content\/uploads\/2023\/09\/ACSR_500px-2.jpg","type":"image\/jpeg"}],"twitter_card":"summary_large_image","schema":{"@context":"https:\/\/schema.org","@graph":[{"@type":"WebPage","@id":"https:\/\/nationalcablespecialists.ca\/fr\/produit\/conducteur-aerien-nu-acsr-smooth-body-compact-strand\/","url":"https:\/\/nationalcablespecialists.ca\/fr\/produit\/conducteur-aerien-nu-acsr-smooth-body-compact-strand\/","name":"Conducteur a\u00e9rien nu ACSR - Smooth Body Compact Strand - National Cable Specialists","isPartOf":{"@id":"https:\/\/nationalcablespecialists.ca\/fr\/#website"},"primaryImageOfPage":{"@id":"https:\/\/nationalcablespecialists.ca\/fr\/produit\/conducteur-aerien-nu-acsr-smooth-body-compact-strand\/#primaryimage"},"image":{"@id":"https:\/\/nationalcablespecialists.ca\/fr\/produit\/conducteur-aerien-nu-acsr-smooth-body-compact-strand\/#primaryimage"},"thumbnailUrl":"https:\/\/nationalcablespecialists.ca\/wp-content\/uploads\/2023\/09\/ACSR_500px-2.jpg","datePublished":"2024-04-03T21:21:53+00:00","description":"National Cable Specialists carries a selection of Conducteur a\u00e9rien nu ACSR - Smooth Body Compact Strand for sale. Visit our website to learn more information.","breadcrumb":{"@id":"https:\/\/nationalcablespecialists.ca\/fr\/produit\/conducteur-aerien-nu-acsr-smooth-body-compact-strand\/#breadcrumb"},"inLanguage":"fr-FR","potentialAction":[{"@type":"ReadAction","target":["https:\/\/nationalcablespecialists.ca\/fr\/produit\/conducteur-aerien-nu-acsr-smooth-body-compact-strand\/"]}]},{"@type":"ImageObject","inLanguage":"fr-FR","@id":"https:\/\/nationalcablespecialists.ca\/fr\/produit\/conducteur-aerien-nu-acsr-smooth-body-compact-strand\/#primaryimage","url":"https:\/\/nationalcablespecialists.ca\/wp-content\/uploads\/2023\/09\/ACSR_500px-2.jpg","contentUrl":"https:\/\/nationalcablespecialists.ca\/wp-content\/uploads\/2023\/09\/ACSR_500px-2.jpg","width":500,"height":500,"caption":"conducteurs a\u00e9riens nus"},{"@type":"BreadcrumbList","@id":"https:\/\/nationalcablespecialists.ca\/fr\/produit\/conducteur-aerien-nu-acsr-smooth-body-compact-strand\/#breadcrumb","itemListElement":[{"@type":"ListItem","position":1,"name":"Produits","item":"https:\/\/nationalcablespecialists.ca\/our-products\/"},{"@type":"ListItem","position":2,"name":"Conducteur a\u00e9rien nu ACSR &#8211; Smooth Body Compact Strand"}]},{"@type":"WebSite","@id":"https:\/\/nationalcablespecialists.ca\/fr\/#website","url":"https:\/\/nationalcablespecialists.ca\/fr\/","name":"National Cable Specialists","description":"","publisher":{"@id":"https:\/\/nationalcablespecialists.ca\/fr\/#organization"},"potentialAction":[{"@type":"SearchAction","target":{"@type":"EntryPoint","urlTemplate":"https:\/\/nationalcablespecialists.ca\/fr\/?s={search_term_string}"},"query-input":{"@type":"PropertyValueSpecification","valueRequired":true,"valueName":"search_term_string"}}],"inLanguage":"fr-FR"},{"@type":"Organization","@id":"https:\/\/nationalcablespecialists.ca\/fr\/#organization","name":"National Cable Specialists","url":"https:\/\/nationalcablespecialists.ca\/fr\/","logo":{"@type":"ImageObject","inLanguage":"fr-FR","@id":"https:\/\/nationalcablespecialists.ca\/fr\/#\/schema\/logo\/image\/","url":"https:\/\/nationalcablespecialists.ca\/wp-content\/uploads\/2023\/01\/NCS_Lrg_Logo.png","contentUrl":"https:\/\/nationalcablespecialists.ca\/wp-content\/uploads\/2023\/01\/NCS_Lrg_Logo.png","width":1600,"height":840,"caption":"National Cable Specialists"},"image":{"@id":"https:\/\/nationalcablespecialists.ca\/fr\/#\/schema\/logo\/image\/"}}]}},"_links":{"self":[{"href":"https:\/\/nationalcablespecialists.ca\/fr\/wp-json\/wp\/v2\/product\/27666","targetHints":{"allow":["GET"]}}],"collection":[{"href":"https:\/\/nationalcablespecialists.ca\/fr\/wp-json\/wp\/v2\/product"}],"about":[{"href":"https:\/\/nationalcablespecialists.ca\/fr\/wp-json\/wp\/v2\/types\/product"}],"replies":[{"embeddable":true,"href":"https:\/\/nationalcablespecialists.ca\/fr\/wp-json\/wp\/v2\/comments?post=27666"}],"wp:featuredmedia":[{"embeddable":true,"href":"https:\/\/nationalcablespecialists.ca\/fr\/wp-json\/wp\/v2\/media\/21622"}],"wp:attachment":[{"href":"https:\/\/nationalcablespecialists.ca\/fr\/wp-json\/wp\/v2\/media?parent=27666"}],"wp:term":[{"taxonomy":"product_brand","embeddable":true,"href":"https:\/\/nationalcablespecialists.ca\/fr\/wp-json\/wp\/v2\/product_brand?post=27666"},{"taxonomy":"product_cat","embeddable":true,"href":"https:\/\/nationalcablespecialists.ca\/fr\/wp-json\/wp\/v2\/product_cat?post=27666"},{"taxonomy":"product_tag","embeddable":true,"href":"https:\/\/nationalcablespecialists.ca\/fr\/wp-json\/wp\/v2\/product_tag?post=27666"},{"taxonomy":"application","embeddable":true,"href":"https:\/\/nationalcablespecialists.ca\/fr\/wp-json\/wp\/v2\/application?post=27666"},{"taxonomy":"voltage-rating","embeddable":true,"href":"https:\/\/nationalcablespecialists.ca\/fr\/wp-json\/wp\/v2\/voltage-rating?post=27666"},{"taxonomy":"jacket-material","embeddable":true,"href":"https:\/\/nationalcablespecialists.ca\/fr\/wp-json\/wp\/v2\/jacket-material?post=27666"},{"taxonomy":"insulation-material","embeddable":true,"href":"https:\/\/nationalcablespecialists.ca\/fr\/wp-json\/wp\/v2\/insulation-material?post=27666"},{"taxonomy":"conductor-material","embeddable":true,"href":"https:\/\/nationalcablespecialists.ca\/fr\/wp-json\/wp\/v2\/conductor-material?post=27666"},{"taxonomy":"wire-gauge","embeddable":true,"href":"https:\/\/nationalcablespecialists.ca\/fr\/wp-json\/wp\/v2\/wire-gauge?post=27666"},{"taxonomy":"conductor","embeddable":true,"href":"https:\/\/nationalcablespecialists.ca\/fr\/wp-json\/wp\/v2\/conductor?post=27666"}],"curies":[{"name":"wp","href":"https:\/\/api.w.org\/{rel}","templated":true}]}}