{"id":27650,"date":"2024-04-03T14:26:09","date_gmt":"2024-04-03T21:26:09","guid":{"rendered":"https:\/\/nationalcablespecialists.ca\/product\/conducteur-aerien-couvert-fil-de-ligne\/"},"modified":"2024-04-03T14:26:09","modified_gmt":"2024-04-03T21:26:09","slug":"conducteur-aerien-couvert-fil-de-ligne","status":"publish","type":"product","link":"https:\/\/nationalcablespecialists.ca\/fr\/produit\/conducteur-aerien-couvert-fil-de-ligne\/","title":{"rendered":"Conducteur a\u00e9rien couvert &#8211; Fil de ligne"},"content":{"rendered":"<p><strong>C\u00e2ble complet<\/strong> Le fil de ligne r\u00e9sistant aux intemp\u00e9ries se compose d\u2019un conducteur unique recouvert de poly\u00e9thyl\u00e8ne lin\u00e9aire basse densit\u00e9 (LLDPE) ou de poly\u00e9thyl\u00e8ne r\u00e9ticul\u00e9 (XLPE). Les conducteurs peuvent \u00eatre<br \/>\nbrins compacts ou concentriques d\u2019ACSR, A1 ou A2 ou de cuivre \u00e0 brins solides, compacts ou concentriques.<br \/>\n<strong>Conducteurs<\/strong> Cuivre MHD solide ou toronn\u00e9, aluminium HD compact ou concentrique, alliage d\u2019aluminium ou ASCR.<br \/>\n<strong>Veste<\/strong> Poly\u00e9thyl\u00e8ne basse densit\u00e9 lin\u00e9aire noir (LLDPE) ou poly\u00e9thyl\u00e8ne r\u00e9ticul\u00e9 extrud\u00e9 noir (XLPE).<br \/>\n<strong>Fonctionnalit\u00e9s<\/strong> Le rev\u00eatement assure une protection m\u00e9canique au conducteur et r\u00e9siste aux intemp\u00e9ries et aux produits chimiques. Si les conducteurs entrent accidentellement en contact en raison de vents violents, de chutes de branches d\u2019arbres ou d\u2019autres perturbations, le rev\u00eatement r\u00e9siste aux courts-circuits et \u00e0 la tendance des conducteurs \u00e0 se souder ensemble.<br \/>\n<strong>Approbations<\/strong> Conforme aux exigences de la norme CSA c689 et de la sp\u00e9cification ANSI\/ICEA s-70-547, le cas \u00e9ch\u00e9ant.<\/p>\n","protected":false},"excerpt":{"rendered":"<p>C\u00e2ble complet Le fil de ligne r\u00e9sistant aux intemp\u00e9ries se compose d\u2019un conducteur unique recouvert de poly\u00e9thyl\u00e8ne lin\u00e9aire basse densit\u00e9 (LLDPE) ou de poly\u00e9thyl\u00e8ne r\u00e9ticul\u00e9 (XLPE). Les conducteurs peuvent \u00eatre brins compacts ou concentriques d\u2019ACSR, A1 ou A2 ou de cuivre \u00e0 brins solides, compacts ou concentriques. Conducteurs Cuivre MHD solide ou toronn\u00e9, aluminium HD [&hellip;]<\/p>\n","protected":false},"featured_media":27047,"comment_status":"closed","ping_status":"closed","template":"","meta":{"_acf_changed":false},"product_brand":[],"product_cat":[1213],"product_tag":[],"application":[],"voltage-rating":[],"jacket-material":[1226,1227],"insulation-material":[],"conductor-material":[984],"wire-gauge":[766,765,768],"conductor":[],"class_list":{"0":"post-27650","1":"product","2":"type-product","3":"status-publish","4":"has-post-thumbnail","6":"product_cat-cable-utilitaire","7":"jacket-material-lldpe-fr","8":"jacket-material-xlpe-fr","9":"conductor-material-aluminium-toronne","10":"wire-gauge-1-0-awg-fr","11":"wire-gauge-2-awg-fr","12":"wire-gauge-3-0-awg-fr","14":"first","15":"instock","16":"shipping-taxable","17":"product-type-variable"},"acf":[],"yoast_head":"<!-- This site is optimized with the Yoast SEO plugin v26.2 - https:\/\/yoast.com\/wordpress\/plugins\/seo\/ -->\n<title>Conducteur a\u00e9rien couvert - Fil de ligne - National Cable Specialists<\/title>\n<meta name=\"description\" content=\"National Cable Specialists carries a selection of Conducteur a\u00e9rien couvert - Fil de ligne for sale. Visit our website to learn more information.\" \/>\n<meta name=\"robots\" content=\"index, follow, max-snippet:-1, max-image-preview:large, max-video-preview:-1\" \/>\n<link rel=\"canonical\" href=\"https:\/\/nationalcablespecialists.ca\/fr\/produit\/conducteur-aerien-couvert-fil-de-ligne\/\" \/>\n<meta property=\"og:locale\" content=\"fr_FR\" \/>\n<meta property=\"og:type\" content=\"article\" \/>\n<meta property=\"og:title\" content=\"Conducteur a\u00e9rien couvert - Fil de ligne - National Cable Specialists\" \/>\n<meta property=\"og:description\" content=\"National Cable Specialists carries a selection of Conducteur a\u00e9rien couvert - Fil de ligne for sale. Visit our website to learn more information.\" \/>\n<meta property=\"og:url\" content=\"https:\/\/nationalcablespecialists.ca\/fr\/produit\/conducteur-aerien-couvert-fil-de-ligne\/\" \/>\n<meta property=\"og:site_name\" content=\"National Cable Specialists\" \/>\n<meta property=\"og:image\" content=\"https:\/\/nationalcablespecialists.ca\/wp-content\/uploads\/2024\/04\/Covered-Line-Wire_500px.jpg\" \/>\n\t<meta property=\"og:image:width\" content=\"500\" \/>\n\t<meta property=\"og:image:height\" content=\"500\" \/>\n\t<meta property=\"og:image:type\" content=\"image\/jpeg\" \/>\n<meta name=\"twitter:card\" content=\"summary_large_image\" \/>\n<meta name=\"twitter:label1\" content=\"Dur\u00e9e de lecture estim\u00e9e\" \/>\n\t<meta name=\"twitter:data1\" content=\"1 minute\" \/>\n<script type=\"application\/ld+json\" class=\"yoast-schema-graph\">{\"@context\":\"https:\/\/schema.org\",\"@graph\":[{\"@type\":\"WebPage\",\"@id\":\"https:\/\/nationalcablespecialists.ca\/fr\/produit\/conducteur-aerien-couvert-fil-de-ligne\/\",\"url\":\"https:\/\/nationalcablespecialists.ca\/fr\/produit\/conducteur-aerien-couvert-fil-de-ligne\/\",\"name\":\"Conducteur a\u00e9rien couvert - Fil de ligne - National Cable Specialists\",\"isPartOf\":{\"@id\":\"https:\/\/nationalcablespecialists.ca\/fr\/#website\"},\"primaryImageOfPage\":{\"@id\":\"https:\/\/nationalcablespecialists.ca\/fr\/produit\/conducteur-aerien-couvert-fil-de-ligne\/#primaryimage\"},\"image\":{\"@id\":\"https:\/\/nationalcablespecialists.ca\/fr\/produit\/conducteur-aerien-couvert-fil-de-ligne\/#primaryimage\"},\"thumbnailUrl\":\"https:\/\/nationalcablespecialists.ca\/wp-content\/uploads\/2024\/04\/Covered-Line-Wire_500px.jpg\",\"datePublished\":\"2024-04-03T21:26:09+00:00\",\"description\":\"National Cable Specialists carries a selection of Conducteur a\u00e9rien couvert - Fil de ligne for sale. Visit our website to learn more information.\",\"breadcrumb\":{\"@id\":\"https:\/\/nationalcablespecialists.ca\/fr\/produit\/conducteur-aerien-couvert-fil-de-ligne\/#breadcrumb\"},\"inLanguage\":\"fr-FR\",\"potentialAction\":[{\"@type\":\"ReadAction\",\"target\":[\"https:\/\/nationalcablespecialists.ca\/fr\/produit\/conducteur-aerien-couvert-fil-de-ligne\/\"]}]},{\"@type\":\"ImageObject\",\"inLanguage\":\"fr-FR\",\"@id\":\"https:\/\/nationalcablespecialists.ca\/fr\/produit\/conducteur-aerien-couvert-fil-de-ligne\/#primaryimage\",\"url\":\"https:\/\/nationalcablespecialists.ca\/wp-content\/uploads\/2024\/04\/Covered-Line-Wire_500px.jpg\",\"contentUrl\":\"https:\/\/nationalcablespecialists.ca\/wp-content\/uploads\/2024\/04\/Covered-Line-Wire_500px.jpg\",\"width\":500,\"height\":500},{\"@type\":\"BreadcrumbList\",\"@id\":\"https:\/\/nationalcablespecialists.ca\/fr\/produit\/conducteur-aerien-couvert-fil-de-ligne\/#breadcrumb\",\"itemListElement\":[{\"@type\":\"ListItem\",\"position\":1,\"name\":\"Produits\",\"item\":\"https:\/\/nationalcablespecialists.ca\/our-products\/\"},{\"@type\":\"ListItem\",\"position\":2,\"name\":\"Conducteur a\u00e9rien couvert &#8211; Fil de ligne\"}]},{\"@type\":\"WebSite\",\"@id\":\"https:\/\/nationalcablespecialists.ca\/fr\/#website\",\"url\":\"https:\/\/nationalcablespecialists.ca\/fr\/\",\"name\":\"National Cable Specialists\",\"description\":\"\",\"publisher\":{\"@id\":\"https:\/\/nationalcablespecialists.ca\/fr\/#organization\"},\"potentialAction\":[{\"@type\":\"SearchAction\",\"target\":{\"@type\":\"EntryPoint\",\"urlTemplate\":\"https:\/\/nationalcablespecialists.ca\/fr\/?s={search_term_string}\"},\"query-input\":{\"@type\":\"PropertyValueSpecification\",\"valueRequired\":true,\"valueName\":\"search_term_string\"}}],\"inLanguage\":\"fr-FR\"},{\"@type\":\"Organization\",\"@id\":\"https:\/\/nationalcablespecialists.ca\/fr\/#organization\",\"name\":\"National Cable Specialists\",\"url\":\"https:\/\/nationalcablespecialists.ca\/fr\/\",\"logo\":{\"@type\":\"ImageObject\",\"inLanguage\":\"fr-FR\",\"@id\":\"https:\/\/nationalcablespecialists.ca\/fr\/#\/schema\/logo\/image\/\",\"url\":\"https:\/\/nationalcablespecialists.ca\/wp-content\/uploads\/2023\/01\/NCS_Lrg_Logo.png\",\"contentUrl\":\"https:\/\/nationalcablespecialists.ca\/wp-content\/uploads\/2023\/01\/NCS_Lrg_Logo.png\",\"width\":1600,\"height\":840,\"caption\":\"National Cable Specialists\"},\"image\":{\"@id\":\"https:\/\/nationalcablespecialists.ca\/fr\/#\/schema\/logo\/image\/\"}}]}<\/script>\n<!-- \/ Yoast SEO plugin. -->","yoast_head_json":{"title":"Conducteur a\u00e9rien couvert - Fil de ligne - National Cable Specialists","description":"National Cable Specialists carries a selection of Conducteur a\u00e9rien couvert - Fil de ligne for sale. Visit our website to learn more information.","robots":{"index":"index","follow":"follow","max-snippet":"max-snippet:-1","max-image-preview":"max-image-preview:large","max-video-preview":"max-video-preview:-1"},"canonical":"https:\/\/nationalcablespecialists.ca\/fr\/produit\/conducteur-aerien-couvert-fil-de-ligne\/","og_locale":"fr_FR","og_type":"article","og_title":"Conducteur a\u00e9rien couvert - Fil de ligne - National Cable Specialists","og_description":"National Cable Specialists carries a selection of Conducteur a\u00e9rien couvert - Fil de ligne for sale. Visit our website to learn more information.","og_url":"https:\/\/nationalcablespecialists.ca\/fr\/produit\/conducteur-aerien-couvert-fil-de-ligne\/","og_site_name":"National Cable Specialists","og_image":[{"width":500,"height":500,"url":"https:\/\/nationalcablespecialists.ca\/wp-content\/uploads\/2024\/04\/Covered-Line-Wire_500px.jpg","type":"image\/jpeg"}],"twitter_card":"summary_large_image","twitter_misc":{"Dur\u00e9e de lecture estim\u00e9e":"1 minute"},"schema":{"@context":"https:\/\/schema.org","@graph":[{"@type":"WebPage","@id":"https:\/\/nationalcablespecialists.ca\/fr\/produit\/conducteur-aerien-couvert-fil-de-ligne\/","url":"https:\/\/nationalcablespecialists.ca\/fr\/produit\/conducteur-aerien-couvert-fil-de-ligne\/","name":"Conducteur a\u00e9rien couvert - Fil de ligne - National Cable Specialists","isPartOf":{"@id":"https:\/\/nationalcablespecialists.ca\/fr\/#website"},"primaryImageOfPage":{"@id":"https:\/\/nationalcablespecialists.ca\/fr\/produit\/conducteur-aerien-couvert-fil-de-ligne\/#primaryimage"},"image":{"@id":"https:\/\/nationalcablespecialists.ca\/fr\/produit\/conducteur-aerien-couvert-fil-de-ligne\/#primaryimage"},"thumbnailUrl":"https:\/\/nationalcablespecialists.ca\/wp-content\/uploads\/2024\/04\/Covered-Line-Wire_500px.jpg","datePublished":"2024-04-03T21:26:09+00:00","description":"National Cable Specialists carries a selection of Conducteur a\u00e9rien couvert - Fil de ligne for sale. Visit our website to learn more information.","breadcrumb":{"@id":"https:\/\/nationalcablespecialists.ca\/fr\/produit\/conducteur-aerien-couvert-fil-de-ligne\/#breadcrumb"},"inLanguage":"fr-FR","potentialAction":[{"@type":"ReadAction","target":["https:\/\/nationalcablespecialists.ca\/fr\/produit\/conducteur-aerien-couvert-fil-de-ligne\/"]}]},{"@type":"ImageObject","inLanguage":"fr-FR","@id":"https:\/\/nationalcablespecialists.ca\/fr\/produit\/conducteur-aerien-couvert-fil-de-ligne\/#primaryimage","url":"https:\/\/nationalcablespecialists.ca\/wp-content\/uploads\/2024\/04\/Covered-Line-Wire_500px.jpg","contentUrl":"https:\/\/nationalcablespecialists.ca\/wp-content\/uploads\/2024\/04\/Covered-Line-Wire_500px.jpg","width":500,"height":500},{"@type":"BreadcrumbList","@id":"https:\/\/nationalcablespecialists.ca\/fr\/produit\/conducteur-aerien-couvert-fil-de-ligne\/#breadcrumb","itemListElement":[{"@type":"ListItem","position":1,"name":"Produits","item":"https:\/\/nationalcablespecialists.ca\/our-products\/"},{"@type":"ListItem","position":2,"name":"Conducteur a\u00e9rien couvert &#8211; Fil de ligne"}]},{"@type":"WebSite","@id":"https:\/\/nationalcablespecialists.ca\/fr\/#website","url":"https:\/\/nationalcablespecialists.ca\/fr\/","name":"National Cable Specialists","description":"","publisher":{"@id":"https:\/\/nationalcablespecialists.ca\/fr\/#organization"},"potentialAction":[{"@type":"SearchAction","target":{"@type":"EntryPoint","urlTemplate":"https:\/\/nationalcablespecialists.ca\/fr\/?s={search_term_string}"},"query-input":{"@type":"PropertyValueSpecification","valueRequired":true,"valueName":"search_term_string"}}],"inLanguage":"fr-FR"},{"@type":"Organization","@id":"https:\/\/nationalcablespecialists.ca\/fr\/#organization","name":"National Cable Specialists","url":"https:\/\/nationalcablespecialists.ca\/fr\/","logo":{"@type":"ImageObject","inLanguage":"fr-FR","@id":"https:\/\/nationalcablespecialists.ca\/fr\/#\/schema\/logo\/image\/","url":"https:\/\/nationalcablespecialists.ca\/wp-content\/uploads\/2023\/01\/NCS_Lrg_Logo.png","contentUrl":"https:\/\/nationalcablespecialists.ca\/wp-content\/uploads\/2023\/01\/NCS_Lrg_Logo.png","width":1600,"height":840,"caption":"National Cable Specialists"},"image":{"@id":"https:\/\/nationalcablespecialists.ca\/fr\/#\/schema\/logo\/image\/"}}]}},"_links":{"self":[{"href":"https:\/\/nationalcablespecialists.ca\/fr\/wp-json\/wp\/v2\/product\/27650","targetHints":{"allow":["GET"]}}],"collection":[{"href":"https:\/\/nationalcablespecialists.ca\/fr\/wp-json\/wp\/v2\/product"}],"about":[{"href":"https:\/\/nationalcablespecialists.ca\/fr\/wp-json\/wp\/v2\/types\/product"}],"replies":[{"embeddable":true,"href":"https:\/\/nationalcablespecialists.ca\/fr\/wp-json\/wp\/v2\/comments?post=27650"}],"wp:featuredmedia":[{"embeddable":true,"href":"https:\/\/nationalcablespecialists.ca\/fr\/wp-json\/wp\/v2\/media\/27047"}],"wp:attachment":[{"href":"https:\/\/nationalcablespecialists.ca\/fr\/wp-json\/wp\/v2\/media?parent=27650"}],"wp:term":[{"taxonomy":"product_brand","embeddable":true,"href":"https:\/\/nationalcablespecialists.ca\/fr\/wp-json\/wp\/v2\/product_brand?post=27650"},{"taxonomy":"product_cat","embeddable":true,"href":"https:\/\/nationalcablespecialists.ca\/fr\/wp-json\/wp\/v2\/product_cat?post=27650"},{"taxonomy":"product_tag","embeddable":true,"href":"https:\/\/nationalcablespecialists.ca\/fr\/wp-json\/wp\/v2\/product_tag?post=27650"},{"taxonomy":"application","embeddable":true,"href":"https:\/\/nationalcablespecialists.ca\/fr\/wp-json\/wp\/v2\/application?post=27650"},{"taxonomy":"voltage-rating","embeddable":true,"href":"https:\/\/nationalcablespecialists.ca\/fr\/wp-json\/wp\/v2\/voltage-rating?post=27650"},{"taxonomy":"jacket-material","embeddable":true,"href":"https:\/\/nationalcablespecialists.ca\/fr\/wp-json\/wp\/v2\/jacket-material?post=27650"},{"taxonomy":"insulation-material","embeddable":true,"href":"https:\/\/nationalcablespecialists.ca\/fr\/wp-json\/wp\/v2\/insulation-material?post=27650"},{"taxonomy":"conductor-material","embeddable":true,"href":"https:\/\/nationalcablespecialists.ca\/fr\/wp-json\/wp\/v2\/conductor-material?post=27650"},{"taxonomy":"wire-gauge","embeddable":true,"href":"https:\/\/nationalcablespecialists.ca\/fr\/wp-json\/wp\/v2\/wire-gauge?post=27650"},{"taxonomy":"conductor","embeddable":true,"href":"https:\/\/nationalcablespecialists.ca\/fr\/wp-json\/wp\/v2\/conductor?post=27650"}],"curies":[{"name":"wp","href":"https:\/\/api.w.org\/{rel}","templated":true}]}}