{"id":27644,"date":"2024-03-31T18:02:40","date_gmt":"2024-04-01T01:02:40","guid":{"rendered":"https:\/\/nationalcablespecialists.ca\/product\/modules-combos-voix-donnees-et-coaxiaux\/"},"modified":"2024-03-31T18:02:40","modified_gmt":"2024-04-01T01:02:40","slug":"modules-combos-voix-donnees-et-coaxiaux","status":"publish","type":"product","link":"https:\/\/nationalcablespecialists.ca\/fr\/produit\/modules-combos-voix-donnees-et-coaxiaux\/","title":{"rendered":"Modules &#8211; Combos voix, donn\u00e9es et coaxiaux"},"content":{"rendered":"<p><strong>Module de donn\u00e9es Cat6A \u00e0 6 ports<\/strong> Le module de donn\u00e9es Cat6A \u00e0 6 ports Primex fournit un point de terminaison pour une distribution simplifi\u00e9e du signal de connexion crois\u00e9e \u00e0 partir d\u2019un emplacement central. Avec des capacit\u00e9s multi-gigabits, le module Cat6A \u00e9tend la fonctionnalit\u00e9 de mise en r\u00e9seau de la maison connect\u00e9e dans les applications SFU et MDU tout en offrant une gestion efficace des c\u00e2bles.<\/p>\n<p><strong>Module de donn\u00e9es\/voix Cat5e \u00e0 8 ports<\/strong> Le module de donn\u00e9es\/voix Cat5e \u00e0 8 ports Primex fournit un point de terminaison pour une distribution simplifi\u00e9e du signal de connexion crois\u00e9e \u00e0 partir d\u2019un emplacement central. Ils \u00e9tendent la fonctionnalit\u00e9 de mise en r\u00e9seau de la maison connect\u00e9e dans les applications SFU et MDU tout en offrant une gestion efficace des c\u00e2bles.<\/p>\n<p><strong>Module vocal \u00e0 8 ports<\/strong> Le module vocal Primex \u00e0 8 ports offre des points de terminaison t\u00e9l\u00e9phonique\/fax et une prise RJ31X int\u00e9gr\u00e9e pour la saisie des lignes du syst\u00e8me de s\u00e9curit\u00e9. Une prise de test\/sortie suppl\u00e9mentaire est fournie.<\/p>\n<p><strong>Module de donn\u00e9es Cat6 \u00e0 8 ports<\/strong> Le module de donn\u00e9es Cat6 \u00e0 8 ports Primex fournit un point de terminaison pour une connexion crois\u00e9e simplifi\u00e9e<br \/>\ndistribution du signal \u00e0 partir d\u2019un emplacement central. Ils \u00e9tendent la fonctionnalit\u00e9 de mise en r\u00e9seau de la maison connect\u00e9e dans les applications SFU et MDU tout en offrant une gestion efficace des c\u00e2bles.<\/p>\n<p><strong>Module combo Cat6 (CMC6\/S4)<\/strong> Le module combo Primex Cat6 (CMC6\/S4) offre un gain de place<br \/>\npour les applications de connectivit\u00e9 passive Cat6 et coaxiale. Il comprend un r\u00e9partiteur coaxial 1&#215;4 pour une connectivit\u00e9 rapide par les MSO et les int\u00e9grateurs. Le r\u00e9partiteur est sp\u00e9cialement con\u00e7u pour r\u00e9pondre aux normes DOCSIS 3.1 et MOCA 2.5. Il comprend \u00e9galement huit RJ45<br \/>\ndes prises d\u2019entr\u00e9e de donn\u00e9es et huit IDC 110 \u00e0 4 paires pour la sortie.<\/p>\n<p><strong>Module combo Cat6A (CMC6A\/S4)<\/strong> Le module combo Primex Cat6A (CMC6A\/S4) permet d\u2019\u00e9conomiser de l\u2019espace<br \/>\npour les applications de connectivit\u00e9 passive Cat6A et coaxiale. Il comprend un r\u00e9partiteur coaxial 1&#215;4 pour une connectivit\u00e9 rapide par les MSO et les int\u00e9grateurs. Le r\u00e9partiteur est sp\u00e9cialement con\u00e7u pour r\u00e9pondre aux normes DOCSIS 3.1 et MOCA 2.5. Il comprend \u00e9galement six prises d\u2019entr\u00e9e de donn\u00e9es RJ45 et six IDC 110 \u00e0 4 paires pour la sortie.<\/p>\n","protected":false},"excerpt":{"rendered":"<p>Module de donn\u00e9es Cat6A \u00e0 6 ports Le module de donn\u00e9es Cat6A \u00e0 6 ports Primex fournit un point de terminaison pour une distribution simplifi\u00e9e du signal de connexion crois\u00e9e \u00e0 partir d\u2019un emplacement central. Avec des capacit\u00e9s multi-gigabits, le module Cat6A \u00e9tend la fonctionnalit\u00e9 de mise en r\u00e9seau de la maison connect\u00e9e dans les [&hellip;]<\/p>\n","protected":false},"featured_media":26825,"comment_status":"closed","ping_status":"closed","template":"","meta":{"_acf_changed":false},"product_brand":[],"product_cat":[1216],"product_tag":[817,1225,1224],"application":[705],"voltage-rating":[],"jacket-material":[],"insulation-material":[],"conductor-material":[],"wire-gauge":[],"conductor":[],"class_list":{"0":"post-27644","1":"product","2":"type-product","3":"status-publish","4":"has-post-thumbnail","6":"product_cat-solutions-de-reseau","7":"product_tag-coaxial-fr","8":"product_tag-donnees","9":"product_tag-voix","10":"application-reseau","12":"first","13":"instock","14":"shipping-taxable","15":"product-type-variable"},"acf":[],"yoast_head":"<!-- This site is optimized with the Yoast SEO plugin v27.5 - https:\/\/yoast.com\/product\/yoast-seo-wordpress\/ -->\n<title>Modules - Combos voix, donn\u00e9es et coaxiaux - National Cable Specialists<\/title>\n<meta name=\"description\" content=\"National Cable Specialists carries a selection of Modules - Combos voix, donn\u00e9es et coaxiaux for sale. Visit our website to learn more information.\" \/>\n<meta name=\"robots\" content=\"index, follow, max-snippet:-1, max-image-preview:large, max-video-preview:-1\" \/>\n<link rel=\"canonical\" href=\"https:\/\/nationalcablespecialists.ca\/fr\/produit\/modules-combos-voix-donnees-et-coaxiaux\/\" \/>\n<meta property=\"og:locale\" content=\"fr_FR\" \/>\n<meta property=\"og:type\" content=\"article\" \/>\n<meta property=\"og:title\" content=\"Modules - Combos voix, donn\u00e9es et coaxiaux - National Cable Specialists\" \/>\n<meta property=\"og:description\" content=\"National Cable Specialists carries a selection of Modules - Combos voix, donn\u00e9es et coaxiaux for sale. Visit our website to learn more information.\" \/>\n<meta property=\"og:url\" content=\"https:\/\/nationalcablespecialists.ca\/fr\/produit\/modules-combos-voix-donnees-et-coaxiaux\/\" \/>\n<meta property=\"og:site_name\" content=\"National Cable Specialists\" \/>\n<meta property=\"og:image\" content=\"https:\/\/nationalcablespecialists.ca\/wp-content\/uploads\/2024\/03\/data-voice-module-cat5e-1250986.jpg\" \/>\n\t<meta property=\"og:image:width\" content=\"1200\" \/>\n\t<meta property=\"og:image:height\" content=\"630\" \/>\n\t<meta property=\"og:image:type\" content=\"image\/jpeg\" \/>\n<meta name=\"twitter:card\" content=\"summary_large_image\" \/>\n<meta name=\"twitter:label1\" content=\"Dur\u00e9e de lecture estim\u00e9e\" \/>\n\t<meta name=\"twitter:data1\" content=\"2 minutes\" \/>\n<script type=\"application\/ld+json\" class=\"yoast-schema-graph\">{\"@context\":\"https:\\\/\\\/schema.org\",\"@graph\":[{\"@type\":\"WebPage\",\"@id\":\"https:\\\/\\\/nationalcablespecialists.ca\\\/fr\\\/produit\\\/modules-combos-voix-donnees-et-coaxiaux\\\/\",\"url\":\"https:\\\/\\\/nationalcablespecialists.ca\\\/fr\\\/produit\\\/modules-combos-voix-donnees-et-coaxiaux\\\/\",\"name\":\"Modules - Combos voix, donn\u00e9es et coaxiaux - National Cable Specialists\",\"isPartOf\":{\"@id\":\"https:\\\/\\\/nationalcablespecialists.ca\\\/fr\\\/#website\"},\"primaryImageOfPage\":{\"@id\":\"https:\\\/\\\/nationalcablespecialists.ca\\\/fr\\\/produit\\\/modules-combos-voix-donnees-et-coaxiaux\\\/#primaryimage\"},\"image\":{\"@id\":\"https:\\\/\\\/nationalcablespecialists.ca\\\/fr\\\/produit\\\/modules-combos-voix-donnees-et-coaxiaux\\\/#primaryimage\"},\"thumbnailUrl\":\"https:\\\/\\\/nationalcablespecialists.ca\\\/wp-content\\\/uploads\\\/2024\\\/03\\\/data-voice-module-cat5e-1250986.jpg\",\"datePublished\":\"2024-04-01T01:02:40+00:00\",\"description\":\"National Cable Specialists carries a selection of Modules - Combos voix, donn\u00e9es et coaxiaux for sale. Visit our website to learn more information.\",\"breadcrumb\":{\"@id\":\"https:\\\/\\\/nationalcablespecialists.ca\\\/fr\\\/produit\\\/modules-combos-voix-donnees-et-coaxiaux\\\/#breadcrumb\"},\"inLanguage\":\"fr-FR\",\"potentialAction\":[{\"@type\":\"ReadAction\",\"target\":[\"https:\\\/\\\/nationalcablespecialists.ca\\\/fr\\\/produit\\\/modules-combos-voix-donnees-et-coaxiaux\\\/\"]}]},{\"@type\":\"ImageObject\",\"inLanguage\":\"fr-FR\",\"@id\":\"https:\\\/\\\/nationalcablespecialists.ca\\\/fr\\\/produit\\\/modules-combos-voix-donnees-et-coaxiaux\\\/#primaryimage\",\"url\":\"https:\\\/\\\/nationalcablespecialists.ca\\\/wp-content\\\/uploads\\\/2024\\\/03\\\/data-voice-module-cat5e-1250986.jpg\",\"contentUrl\":\"https:\\\/\\\/nationalcablespecialists.ca\\\/wp-content\\\/uploads\\\/2024\\\/03\\\/data-voice-module-cat5e-1250986.jpg\",\"width\":1200,\"height\":630},{\"@type\":\"BreadcrumbList\",\"@id\":\"https:\\\/\\\/nationalcablespecialists.ca\\\/fr\\\/produit\\\/modules-combos-voix-donnees-et-coaxiaux\\\/#breadcrumb\",\"itemListElement\":[{\"@type\":\"ListItem\",\"position\":1,\"name\":\"Produits\",\"item\":\"https:\\\/\\\/nationalcablespecialists.ca\\\/our-products\\\/\"},{\"@type\":\"ListItem\",\"position\":2,\"name\":\"Modules &#8211; Combos voix, donn\u00e9es et coaxiaux\"}]},{\"@type\":\"WebSite\",\"@id\":\"https:\\\/\\\/nationalcablespecialists.ca\\\/fr\\\/#website\",\"url\":\"https:\\\/\\\/nationalcablespecialists.ca\\\/fr\\\/\",\"name\":\"National Cable Specialists\",\"description\":\"\",\"publisher\":{\"@id\":\"https:\\\/\\\/nationalcablespecialists.ca\\\/fr\\\/#organization\"},\"potentialAction\":[{\"@type\":\"SearchAction\",\"target\":{\"@type\":\"EntryPoint\",\"urlTemplate\":\"https:\\\/\\\/nationalcablespecialists.ca\\\/fr\\\/?s={search_term_string}\"},\"query-input\":{\"@type\":\"PropertyValueSpecification\",\"valueRequired\":true,\"valueName\":\"search_term_string\"}}],\"inLanguage\":\"fr-FR\"},{\"@type\":\"Organization\",\"@id\":\"https:\\\/\\\/nationalcablespecialists.ca\\\/fr\\\/#organization\",\"name\":\"National Cable Specialists\",\"url\":\"https:\\\/\\\/nationalcablespecialists.ca\\\/fr\\\/\",\"logo\":{\"@type\":\"ImageObject\",\"inLanguage\":\"fr-FR\",\"@id\":\"https:\\\/\\\/nationalcablespecialists.ca\\\/fr\\\/#\\\/schema\\\/logo\\\/image\\\/\",\"url\":\"https:\\\/\\\/nationalcablespecialists.ca\\\/wp-content\\\/uploads\\\/2023\\\/01\\\/NCS_Lrg_Logo.png\",\"contentUrl\":\"https:\\\/\\\/nationalcablespecialists.ca\\\/wp-content\\\/uploads\\\/2023\\\/01\\\/NCS_Lrg_Logo.png\",\"width\":1600,\"height\":840,\"caption\":\"National Cable Specialists\"},\"image\":{\"@id\":\"https:\\\/\\\/nationalcablespecialists.ca\\\/fr\\\/#\\\/schema\\\/logo\\\/image\\\/\"}}]}<\/script>\n<!-- \/ Yoast SEO plugin. -->","yoast_head_json":{"title":"Modules - Combos voix, donn\u00e9es et coaxiaux - National Cable Specialists","description":"National Cable Specialists carries a selection of Modules - Combos voix, donn\u00e9es et coaxiaux for sale. Visit our website to learn more information.","robots":{"index":"index","follow":"follow","max-snippet":"max-snippet:-1","max-image-preview":"max-image-preview:large","max-video-preview":"max-video-preview:-1"},"canonical":"https:\/\/nationalcablespecialists.ca\/fr\/produit\/modules-combos-voix-donnees-et-coaxiaux\/","og_locale":"fr_FR","og_type":"article","og_title":"Modules - Combos voix, donn\u00e9es et coaxiaux - National Cable Specialists","og_description":"National Cable Specialists carries a selection of Modules - Combos voix, donn\u00e9es et coaxiaux for sale. Visit our website to learn more information.","og_url":"https:\/\/nationalcablespecialists.ca\/fr\/produit\/modules-combos-voix-donnees-et-coaxiaux\/","og_site_name":"National Cable Specialists","og_image":[{"width":1200,"height":630,"url":"https:\/\/nationalcablespecialists.ca\/wp-content\/uploads\/2024\/03\/data-voice-module-cat5e-1250986.jpg","type":"image\/jpeg"}],"twitter_card":"summary_large_image","twitter_misc":{"Dur\u00e9e de lecture estim\u00e9e":"2 minutes"},"schema":{"@context":"https:\/\/schema.org","@graph":[{"@type":"WebPage","@id":"https:\/\/nationalcablespecialists.ca\/fr\/produit\/modules-combos-voix-donnees-et-coaxiaux\/","url":"https:\/\/nationalcablespecialists.ca\/fr\/produit\/modules-combos-voix-donnees-et-coaxiaux\/","name":"Modules - Combos voix, donn\u00e9es et coaxiaux - National Cable Specialists","isPartOf":{"@id":"https:\/\/nationalcablespecialists.ca\/fr\/#website"},"primaryImageOfPage":{"@id":"https:\/\/nationalcablespecialists.ca\/fr\/produit\/modules-combos-voix-donnees-et-coaxiaux\/#primaryimage"},"image":{"@id":"https:\/\/nationalcablespecialists.ca\/fr\/produit\/modules-combos-voix-donnees-et-coaxiaux\/#primaryimage"},"thumbnailUrl":"https:\/\/nationalcablespecialists.ca\/wp-content\/uploads\/2024\/03\/data-voice-module-cat5e-1250986.jpg","datePublished":"2024-04-01T01:02:40+00:00","description":"National Cable Specialists carries a selection of Modules - Combos voix, donn\u00e9es et coaxiaux for sale. Visit our website to learn more information.","breadcrumb":{"@id":"https:\/\/nationalcablespecialists.ca\/fr\/produit\/modules-combos-voix-donnees-et-coaxiaux\/#breadcrumb"},"inLanguage":"fr-FR","potentialAction":[{"@type":"ReadAction","target":["https:\/\/nationalcablespecialists.ca\/fr\/produit\/modules-combos-voix-donnees-et-coaxiaux\/"]}]},{"@type":"ImageObject","inLanguage":"fr-FR","@id":"https:\/\/nationalcablespecialists.ca\/fr\/produit\/modules-combos-voix-donnees-et-coaxiaux\/#primaryimage","url":"https:\/\/nationalcablespecialists.ca\/wp-content\/uploads\/2024\/03\/data-voice-module-cat5e-1250986.jpg","contentUrl":"https:\/\/nationalcablespecialists.ca\/wp-content\/uploads\/2024\/03\/data-voice-module-cat5e-1250986.jpg","width":1200,"height":630},{"@type":"BreadcrumbList","@id":"https:\/\/nationalcablespecialists.ca\/fr\/produit\/modules-combos-voix-donnees-et-coaxiaux\/#breadcrumb","itemListElement":[{"@type":"ListItem","position":1,"name":"Produits","item":"https:\/\/nationalcablespecialists.ca\/our-products\/"},{"@type":"ListItem","position":2,"name":"Modules &#8211; Combos voix, donn\u00e9es et coaxiaux"}]},{"@type":"WebSite","@id":"https:\/\/nationalcablespecialists.ca\/fr\/#website","url":"https:\/\/nationalcablespecialists.ca\/fr\/","name":"National Cable Specialists","description":"","publisher":{"@id":"https:\/\/nationalcablespecialists.ca\/fr\/#organization"},"potentialAction":[{"@type":"SearchAction","target":{"@type":"EntryPoint","urlTemplate":"https:\/\/nationalcablespecialists.ca\/fr\/?s={search_term_string}"},"query-input":{"@type":"PropertyValueSpecification","valueRequired":true,"valueName":"search_term_string"}}],"inLanguage":"fr-FR"},{"@type":"Organization","@id":"https:\/\/nationalcablespecialists.ca\/fr\/#organization","name":"National Cable Specialists","url":"https:\/\/nationalcablespecialists.ca\/fr\/","logo":{"@type":"ImageObject","inLanguage":"fr-FR","@id":"https:\/\/nationalcablespecialists.ca\/fr\/#\/schema\/logo\/image\/","url":"https:\/\/nationalcablespecialists.ca\/wp-content\/uploads\/2023\/01\/NCS_Lrg_Logo.png","contentUrl":"https:\/\/nationalcablespecialists.ca\/wp-content\/uploads\/2023\/01\/NCS_Lrg_Logo.png","width":1600,"height":840,"caption":"National Cable Specialists"},"image":{"@id":"https:\/\/nationalcablespecialists.ca\/fr\/#\/schema\/logo\/image\/"}}]}},"_links":{"self":[{"href":"https:\/\/nationalcablespecialists.ca\/fr\/wp-json\/wp\/v2\/product\/27644","targetHints":{"allow":["GET"]}}],"collection":[{"href":"https:\/\/nationalcablespecialists.ca\/fr\/wp-json\/wp\/v2\/product"}],"about":[{"href":"https:\/\/nationalcablespecialists.ca\/fr\/wp-json\/wp\/v2\/types\/product"}],"replies":[{"embeddable":true,"href":"https:\/\/nationalcablespecialists.ca\/fr\/wp-json\/wp\/v2\/comments?post=27644"}],"wp:featuredmedia":[{"embeddable":true,"href":"https:\/\/nationalcablespecialists.ca\/fr\/wp-json\/wp\/v2\/media\/26825"}],"wp:attachment":[{"href":"https:\/\/nationalcablespecialists.ca\/fr\/wp-json\/wp\/v2\/media?parent=27644"}],"wp:term":[{"taxonomy":"product_brand","embeddable":true,"href":"https:\/\/nationalcablespecialists.ca\/fr\/wp-json\/wp\/v2\/product_brand?post=27644"},{"taxonomy":"product_cat","embeddable":true,"href":"https:\/\/nationalcablespecialists.ca\/fr\/wp-json\/wp\/v2\/product_cat?post=27644"},{"taxonomy":"product_tag","embeddable":true,"href":"https:\/\/nationalcablespecialists.ca\/fr\/wp-json\/wp\/v2\/product_tag?post=27644"},{"taxonomy":"application","embeddable":true,"href":"https:\/\/nationalcablespecialists.ca\/fr\/wp-json\/wp\/v2\/application?post=27644"},{"taxonomy":"voltage-rating","embeddable":true,"href":"https:\/\/nationalcablespecialists.ca\/fr\/wp-json\/wp\/v2\/voltage-rating?post=27644"},{"taxonomy":"jacket-material","embeddable":true,"href":"https:\/\/nationalcablespecialists.ca\/fr\/wp-json\/wp\/v2\/jacket-material?post=27644"},{"taxonomy":"insulation-material","embeddable":true,"href":"https:\/\/nationalcablespecialists.ca\/fr\/wp-json\/wp\/v2\/insulation-material?post=27644"},{"taxonomy":"conductor-material","embeddable":true,"href":"https:\/\/nationalcablespecialists.ca\/fr\/wp-json\/wp\/v2\/conductor-material?post=27644"},{"taxonomy":"wire-gauge","embeddable":true,"href":"https:\/\/nationalcablespecialists.ca\/fr\/wp-json\/wp\/v2\/wire-gauge?post=27644"},{"taxonomy":"conductor","embeddable":true,"href":"https:\/\/nationalcablespecialists.ca\/fr\/wp-json\/wp\/v2\/conductor?post=27644"}],"curies":[{"name":"wp","href":"https:\/\/api.w.org\/{rel}","templated":true}]}}