{"id":27540,"date":"2024-04-12T10:48:07","date_gmt":"2024-04-12T17:48:07","guid":{"rendered":"https:\/\/nationalcablespecialists.ca\/product\/hubbell-boite-et-couvercle-en-pehd-2\/"},"modified":"2024-04-12T10:48:07","modified_gmt":"2024-04-12T17:48:07","slug":"hubbell-boite-et-couvercle-en-pehd-2","status":"publish","type":"product","link":"https:\/\/nationalcablespecialists.ca\/fr\/produit\/hubbell-boite-et-couvercle-en-pehd-2\/","title":{"rendered":"Hubbell Bo\u00eete et couvercle en PEHD"},"content":{"rendered":"<p>Le poly\u00e9thyl\u00e8ne haute densit\u00e9 (PEHD) moul\u00e9 en mousse structurelle est un proc\u00e9d\u00e9 de moulage de plastique l\u00e9ger et \u00e0 haute r\u00e9sistance qui offre une int\u00e9grit\u00e9 structurelle et une durabilit\u00e9 exceptionnelles. Les bo\u00eetiers en PEHD sont associ\u00e9s \u00e0 des couvercles fabriqu\u00e9s \u00e0 partir d\u2019une vari\u00e9t\u00e9 de mat\u00e9riaux : PEHD, b\u00e9ton polym\u00e8re ou acier. Cette combinaison cr\u00e9e un choix tr\u00e8s polyvalent pour les bo\u00eetiers utilitaires souterrains o\u00f9 un faible poids et une r\u00e9sistance \u00e9lev\u00e9e sont n\u00e9cessaires.<\/p>\n<p><strong>Certifications<\/strong> ANSI\/SCTE77<\/p>\n<p><strong>Fonctionnalit\u00e9s<\/strong><\/p>\n<ul>\n<li>Bo\u00eete et couvercle l\u00e9gers<\/li>\n<li>Construction durable<\/li>\n<li>T\u00eate hexagonale en acier inoxydable ou quincaillerie Penta<\/li>\n<li>Logos personnalis\u00e9s disponibles<\/li>\n<li>La bo\u00eete peut \u00eatre rapidement personnalis\u00e9e sur le terrain<\/li>\n<\/ul>\n","protected":false},"excerpt":{"rendered":"<p>Le poly\u00e9thyl\u00e8ne haute densit\u00e9 (PEHD) moul\u00e9 en mousse structurelle est un proc\u00e9d\u00e9 de moulage de plastique l\u00e9ger et \u00e0 haute r\u00e9sistance qui offre une int\u00e9grit\u00e9 structurelle et une durabilit\u00e9 exceptionnelles. Les bo\u00eetiers en PEHD sont associ\u00e9s \u00e0 des couvercles fabriqu\u00e9s \u00e0 partir d\u2019une vari\u00e9t\u00e9 de mat\u00e9riaux : PEHD, b\u00e9ton polym\u00e8re ou acier. Cette combinaison cr\u00e9e [&hellip;]<\/p>\n","protected":false},"featured_media":27173,"comment_status":"closed","ping_status":"closed","template":"","meta":{"_acf_changed":false},"product_brand":[],"product_cat":[1207],"product_tag":[710],"application":[1206,735],"voltage-rating":[],"jacket-material":[],"insulation-material":[],"conductor-material":[],"wire-gauge":[],"conductor":[],"class_list":{"0":"post-27540","1":"product","2":"type-product","3":"status-publish","4":"has-post-thumbnail","6":"product_cat-enceintes-voutes-souterraines","7":"product_tag-pehd","8":"application-enclos","9":"application-souterrain","11":"first","12":"instock","13":"shipping-taxable","14":"product-type-variable"},"acf":[],"yoast_head":"<!-- This site is optimized with the Yoast SEO plugin v26.2 - https:\/\/yoast.com\/wordpress\/plugins\/seo\/ -->\n<title>Hubbell Bo\u00eete et couvercle en PEHD - National Cable Specialists<\/title>\n<meta name=\"description\" content=\"National Cable Specialists carries a selection of Hubbell Bo\u00eete et couvercle en PEHD for sale. Visit our website to learn more information.\" \/>\n<meta name=\"robots\" content=\"index, follow, max-snippet:-1, max-image-preview:large, max-video-preview:-1\" \/>\n<link rel=\"canonical\" href=\"https:\/\/nationalcablespecialists.ca\/fr\/produit\/hubbell-boite-et-couvercle-en-pehd-2\/\" \/>\n<meta property=\"og:locale\" content=\"fr_FR\" \/>\n<meta property=\"og:type\" content=\"article\" \/>\n<meta property=\"og:title\" content=\"Hubbell Bo\u00eete et couvercle en PEHD - National Cable Specialists\" \/>\n<meta property=\"og:description\" content=\"National Cable Specialists carries a selection of Hubbell Bo\u00eete et couvercle en PEHD for sale. Visit our website to learn more information.\" \/>\n<meta property=\"og:url\" content=\"https:\/\/nationalcablespecialists.ca\/fr\/produit\/hubbell-boite-et-couvercle-en-pehd-2\/\" \/>\n<meta property=\"og:site_name\" content=\"National Cable Specialists\" \/>\n<meta property=\"og:image\" content=\"https:\/\/nationalcablespecialists.ca\/wp-content\/uploads\/2024\/04\/HDPE-3048.jpg\" \/>\n\t<meta property=\"og:image:width\" content=\"515\" \/>\n\t<meta property=\"og:image:height\" content=\"515\" \/>\n\t<meta property=\"og:image:type\" content=\"image\/jpeg\" \/>\n<meta name=\"twitter:card\" content=\"summary_large_image\" \/>\n<meta name=\"twitter:label1\" content=\"Dur\u00e9e de lecture estim\u00e9e\" \/>\n\t<meta name=\"twitter:data1\" content=\"1 minute\" \/>\n<script type=\"application\/ld+json\" class=\"yoast-schema-graph\">{\"@context\":\"https:\/\/schema.org\",\"@graph\":[{\"@type\":\"WebPage\",\"@id\":\"https:\/\/nationalcablespecialists.ca\/fr\/produit\/hubbell-boite-et-couvercle-en-pehd-2\/\",\"url\":\"https:\/\/nationalcablespecialists.ca\/fr\/produit\/hubbell-boite-et-couvercle-en-pehd-2\/\",\"name\":\"Hubbell Bo\u00eete et couvercle en PEHD - National Cable Specialists\",\"isPartOf\":{\"@id\":\"https:\/\/nationalcablespecialists.ca\/fr\/#website\"},\"primaryImageOfPage\":{\"@id\":\"https:\/\/nationalcablespecialists.ca\/fr\/produit\/hubbell-boite-et-couvercle-en-pehd-2\/#primaryimage\"},\"image\":{\"@id\":\"https:\/\/nationalcablespecialists.ca\/fr\/produit\/hubbell-boite-et-couvercle-en-pehd-2\/#primaryimage\"},\"thumbnailUrl\":\"https:\/\/nationalcablespecialists.ca\/wp-content\/uploads\/2024\/04\/HDPE-3048.jpg\",\"datePublished\":\"2024-04-12T17:48:07+00:00\",\"description\":\"National Cable Specialists carries a selection of Hubbell Bo\u00eete et couvercle en PEHD for sale. Visit our website to learn more information.\",\"breadcrumb\":{\"@id\":\"https:\/\/nationalcablespecialists.ca\/fr\/produit\/hubbell-boite-et-couvercle-en-pehd-2\/#breadcrumb\"},\"inLanguage\":\"fr-FR\",\"potentialAction\":[{\"@type\":\"ReadAction\",\"target\":[\"https:\/\/nationalcablespecialists.ca\/fr\/produit\/hubbell-boite-et-couvercle-en-pehd-2\/\"]}]},{\"@type\":\"ImageObject\",\"inLanguage\":\"fr-FR\",\"@id\":\"https:\/\/nationalcablespecialists.ca\/fr\/produit\/hubbell-boite-et-couvercle-en-pehd-2\/#primaryimage\",\"url\":\"https:\/\/nationalcablespecialists.ca\/wp-content\/uploads\/2024\/04\/HDPE-3048.jpg\",\"contentUrl\":\"https:\/\/nationalcablespecialists.ca\/wp-content\/uploads\/2024\/04\/HDPE-3048.jpg\",\"width\":515,\"height\":515},{\"@type\":\"BreadcrumbList\",\"@id\":\"https:\/\/nationalcablespecialists.ca\/fr\/produit\/hubbell-boite-et-couvercle-en-pehd-2\/#breadcrumb\",\"itemListElement\":[{\"@type\":\"ListItem\",\"position\":1,\"name\":\"Produits\",\"item\":\"https:\/\/nationalcablespecialists.ca\/our-products\/\"},{\"@type\":\"ListItem\",\"position\":2,\"name\":\"Hubbell Bo\u00eete et couvercle en PEHD\"}]},{\"@type\":\"WebSite\",\"@id\":\"https:\/\/nationalcablespecialists.ca\/fr\/#website\",\"url\":\"https:\/\/nationalcablespecialists.ca\/fr\/\",\"name\":\"National Cable Specialists\",\"description\":\"\",\"publisher\":{\"@id\":\"https:\/\/nationalcablespecialists.ca\/fr\/#organization\"},\"potentialAction\":[{\"@type\":\"SearchAction\",\"target\":{\"@type\":\"EntryPoint\",\"urlTemplate\":\"https:\/\/nationalcablespecialists.ca\/fr\/?s={search_term_string}\"},\"query-input\":{\"@type\":\"PropertyValueSpecification\",\"valueRequired\":true,\"valueName\":\"search_term_string\"}}],\"inLanguage\":\"fr-FR\"},{\"@type\":\"Organization\",\"@id\":\"https:\/\/nationalcablespecialists.ca\/fr\/#organization\",\"name\":\"National Cable Specialists\",\"url\":\"https:\/\/nationalcablespecialists.ca\/fr\/\",\"logo\":{\"@type\":\"ImageObject\",\"inLanguage\":\"fr-FR\",\"@id\":\"https:\/\/nationalcablespecialists.ca\/fr\/#\/schema\/logo\/image\/\",\"url\":\"https:\/\/nationalcablespecialists.ca\/wp-content\/uploads\/2023\/01\/NCS_Lrg_Logo.png\",\"contentUrl\":\"https:\/\/nationalcablespecialists.ca\/wp-content\/uploads\/2023\/01\/NCS_Lrg_Logo.png\",\"width\":1600,\"height\":840,\"caption\":\"National Cable Specialists\"},\"image\":{\"@id\":\"https:\/\/nationalcablespecialists.ca\/fr\/#\/schema\/logo\/image\/\"}}]}<\/script>\n<!-- \/ Yoast SEO plugin. -->","yoast_head_json":{"title":"Hubbell Bo\u00eete et couvercle en PEHD - National Cable Specialists","description":"National Cable Specialists carries a selection of Hubbell Bo\u00eete et couvercle en PEHD for sale. Visit our website to learn more information.","robots":{"index":"index","follow":"follow","max-snippet":"max-snippet:-1","max-image-preview":"max-image-preview:large","max-video-preview":"max-video-preview:-1"},"canonical":"https:\/\/nationalcablespecialists.ca\/fr\/produit\/hubbell-boite-et-couvercle-en-pehd-2\/","og_locale":"fr_FR","og_type":"article","og_title":"Hubbell Bo\u00eete et couvercle en PEHD - National Cable Specialists","og_description":"National Cable Specialists carries a selection of Hubbell Bo\u00eete et couvercle en PEHD for sale. Visit our website to learn more information.","og_url":"https:\/\/nationalcablespecialists.ca\/fr\/produit\/hubbell-boite-et-couvercle-en-pehd-2\/","og_site_name":"National Cable Specialists","og_image":[{"width":515,"height":515,"url":"https:\/\/nationalcablespecialists.ca\/wp-content\/uploads\/2024\/04\/HDPE-3048.jpg","type":"image\/jpeg"}],"twitter_card":"summary_large_image","twitter_misc":{"Dur\u00e9e de lecture estim\u00e9e":"1 minute"},"schema":{"@context":"https:\/\/schema.org","@graph":[{"@type":"WebPage","@id":"https:\/\/nationalcablespecialists.ca\/fr\/produit\/hubbell-boite-et-couvercle-en-pehd-2\/","url":"https:\/\/nationalcablespecialists.ca\/fr\/produit\/hubbell-boite-et-couvercle-en-pehd-2\/","name":"Hubbell Bo\u00eete et couvercle en PEHD - National Cable Specialists","isPartOf":{"@id":"https:\/\/nationalcablespecialists.ca\/fr\/#website"},"primaryImageOfPage":{"@id":"https:\/\/nationalcablespecialists.ca\/fr\/produit\/hubbell-boite-et-couvercle-en-pehd-2\/#primaryimage"},"image":{"@id":"https:\/\/nationalcablespecialists.ca\/fr\/produit\/hubbell-boite-et-couvercle-en-pehd-2\/#primaryimage"},"thumbnailUrl":"https:\/\/nationalcablespecialists.ca\/wp-content\/uploads\/2024\/04\/HDPE-3048.jpg","datePublished":"2024-04-12T17:48:07+00:00","description":"National Cable Specialists carries a selection of Hubbell Bo\u00eete et couvercle en PEHD for sale. Visit our website to learn more information.","breadcrumb":{"@id":"https:\/\/nationalcablespecialists.ca\/fr\/produit\/hubbell-boite-et-couvercle-en-pehd-2\/#breadcrumb"},"inLanguage":"fr-FR","potentialAction":[{"@type":"ReadAction","target":["https:\/\/nationalcablespecialists.ca\/fr\/produit\/hubbell-boite-et-couvercle-en-pehd-2\/"]}]},{"@type":"ImageObject","inLanguage":"fr-FR","@id":"https:\/\/nationalcablespecialists.ca\/fr\/produit\/hubbell-boite-et-couvercle-en-pehd-2\/#primaryimage","url":"https:\/\/nationalcablespecialists.ca\/wp-content\/uploads\/2024\/04\/HDPE-3048.jpg","contentUrl":"https:\/\/nationalcablespecialists.ca\/wp-content\/uploads\/2024\/04\/HDPE-3048.jpg","width":515,"height":515},{"@type":"BreadcrumbList","@id":"https:\/\/nationalcablespecialists.ca\/fr\/produit\/hubbell-boite-et-couvercle-en-pehd-2\/#breadcrumb","itemListElement":[{"@type":"ListItem","position":1,"name":"Produits","item":"https:\/\/nationalcablespecialists.ca\/our-products\/"},{"@type":"ListItem","position":2,"name":"Hubbell Bo\u00eete et couvercle en PEHD"}]},{"@type":"WebSite","@id":"https:\/\/nationalcablespecialists.ca\/fr\/#website","url":"https:\/\/nationalcablespecialists.ca\/fr\/","name":"National Cable Specialists","description":"","publisher":{"@id":"https:\/\/nationalcablespecialists.ca\/fr\/#organization"},"potentialAction":[{"@type":"SearchAction","target":{"@type":"EntryPoint","urlTemplate":"https:\/\/nationalcablespecialists.ca\/fr\/?s={search_term_string}"},"query-input":{"@type":"PropertyValueSpecification","valueRequired":true,"valueName":"search_term_string"}}],"inLanguage":"fr-FR"},{"@type":"Organization","@id":"https:\/\/nationalcablespecialists.ca\/fr\/#organization","name":"National Cable Specialists","url":"https:\/\/nationalcablespecialists.ca\/fr\/","logo":{"@type":"ImageObject","inLanguage":"fr-FR","@id":"https:\/\/nationalcablespecialists.ca\/fr\/#\/schema\/logo\/image\/","url":"https:\/\/nationalcablespecialists.ca\/wp-content\/uploads\/2023\/01\/NCS_Lrg_Logo.png","contentUrl":"https:\/\/nationalcablespecialists.ca\/wp-content\/uploads\/2023\/01\/NCS_Lrg_Logo.png","width":1600,"height":840,"caption":"National Cable Specialists"},"image":{"@id":"https:\/\/nationalcablespecialists.ca\/fr\/#\/schema\/logo\/image\/"}}]}},"_links":{"self":[{"href":"https:\/\/nationalcablespecialists.ca\/fr\/wp-json\/wp\/v2\/product\/27540","targetHints":{"allow":["GET"]}}],"collection":[{"href":"https:\/\/nationalcablespecialists.ca\/fr\/wp-json\/wp\/v2\/product"}],"about":[{"href":"https:\/\/nationalcablespecialists.ca\/fr\/wp-json\/wp\/v2\/types\/product"}],"replies":[{"embeddable":true,"href":"https:\/\/nationalcablespecialists.ca\/fr\/wp-json\/wp\/v2\/comments?post=27540"}],"wp:featuredmedia":[{"embeddable":true,"href":"https:\/\/nationalcablespecialists.ca\/fr\/wp-json\/wp\/v2\/media\/27173"}],"wp:attachment":[{"href":"https:\/\/nationalcablespecialists.ca\/fr\/wp-json\/wp\/v2\/media?parent=27540"}],"wp:term":[{"taxonomy":"product_brand","embeddable":true,"href":"https:\/\/nationalcablespecialists.ca\/fr\/wp-json\/wp\/v2\/product_brand?post=27540"},{"taxonomy":"product_cat","embeddable":true,"href":"https:\/\/nationalcablespecialists.ca\/fr\/wp-json\/wp\/v2\/product_cat?post=27540"},{"taxonomy":"product_tag","embeddable":true,"href":"https:\/\/nationalcablespecialists.ca\/fr\/wp-json\/wp\/v2\/product_tag?post=27540"},{"taxonomy":"application","embeddable":true,"href":"https:\/\/nationalcablespecialists.ca\/fr\/wp-json\/wp\/v2\/application?post=27540"},{"taxonomy":"voltage-rating","embeddable":true,"href":"https:\/\/nationalcablespecialists.ca\/fr\/wp-json\/wp\/v2\/voltage-rating?post=27540"},{"taxonomy":"jacket-material","embeddable":true,"href":"https:\/\/nationalcablespecialists.ca\/fr\/wp-json\/wp\/v2\/jacket-material?post=27540"},{"taxonomy":"insulation-material","embeddable":true,"href":"https:\/\/nationalcablespecialists.ca\/fr\/wp-json\/wp\/v2\/insulation-material?post=27540"},{"taxonomy":"conductor-material","embeddable":true,"href":"https:\/\/nationalcablespecialists.ca\/fr\/wp-json\/wp\/v2\/conductor-material?post=27540"},{"taxonomy":"wire-gauge","embeddable":true,"href":"https:\/\/nationalcablespecialists.ca\/fr\/wp-json\/wp\/v2\/wire-gauge?post=27540"},{"taxonomy":"conductor","embeddable":true,"href":"https:\/\/nationalcablespecialists.ca\/fr\/wp-json\/wp\/v2\/conductor?post=27540"}],"curies":[{"name":"wp","href":"https:\/\/api.w.org\/{rel}","templated":true}]}}