{"id":27521,"date":"2024-04-24T13:48:04","date_gmt":"2024-04-24T20:48:04","guid":{"rendered":"https:\/\/nationalcablespecialists.ca\/product\/cable-a-tube-libre-sec\/"},"modified":"2024-04-29T12:19:43","modified_gmt":"2024-04-29T19:19:43","slug":"cable-a-tube-libre-sec","status":"publish","type":"product","link":"https:\/\/nationalcablespecialists.ca\/fr\/produit\/cable-a-tube-libre-sec\/","title":{"rendered":"C\u00e2ble \u00e0 tube libre sec"},"content":{"rendered":"<p><strong>Applications <\/strong>Ext\u00e9rieur polyvalent, \u00e0 arrimage a\u00e9rien, conduit, enterr\u00e9 directement (lorsqu\u2019il est blind\u00e9)<strong><br \/>\nConstructions<\/strong> Di\u00e9lectrique, blind\u00e9, double blindage, double gaine<br \/>\n<strong>Types de fibres<\/strong> SM monomode, multimode, insensible aux courbures, NZDS<br \/>\n<strong>Temp\u00e9rature<\/strong> Fonctionnement -40 \u00b0C \u00e0 +70 \u00b0C (-40 \u00b0F \u00e0 +158 \u00b0F), installation -30 \u00b0C \u00e0 +60 \u00b0C (-22 \u00b0F \u00e0 +140 \u00b0F), stockage -40 \u00b0C \u00e0 +75 \u00b0C (-40 \u00b0F \u00e0 +167 \u00b0F)<br \/>\n<strong>Charge d\u2019installation maximale<\/strong> 2 700 N (600 lbf)<br \/>\n<strong>Charge maximale de fonctionnement<\/strong> 800 N (180 lbf)<br \/>\n<strong>Conformit\u00e9 aux normes<\/strong> Test\u00e9 conform\u00e9ment aux FOTP de la s\u00e9rie TIA 455 pour les c\u00e2bles \u00e0 fibres optiques. Conforme aux normes ICEA 640, RUS 7 CFR 1755 (homologu\u00e9 PE90), Telcordia GR-20 et IEC 60794-3-11<\/p>\n","protected":false},"excerpt":{"rendered":"<p>Applications Ext\u00e9rieur polyvalent, \u00e0 arrimage a\u00e9rien, conduit, enterr\u00e9 directement (lorsqu\u2019il est blind\u00e9) Constructions Di\u00e9lectrique, blind\u00e9, double blindage, double gaine Types de fibres SM monomode, multimode, insensible aux courbures, NZDS Temp\u00e9rature Fonctionnement -40 \u00b0C \u00e0 +70 \u00b0C (-40 \u00b0F \u00e0 +158 \u00b0F), installation -30 \u00b0C \u00e0 +60 \u00b0C (-22 \u00b0F \u00e0 +140 \u00b0F), stockage -40 \u00b0C [&hellip;]<\/p>\n","protected":false},"featured_media":27364,"comment_status":"closed","ping_status":"closed","template":"","meta":{"_acf_changed":false},"product_brand":[],"product_cat":[702],"product_tag":[1201],"application":[1209],"voltage-rating":[],"jacket-material":[],"insulation-material":[],"conductor-material":[],"wire-gauge":[],"conductor":[],"class_list":{"0":"post-27521","1":"product","2":"type-product","3":"status-publish","4":"has-post-thumbnail","6":"product_cat-cables-a-fibres-optiques","7":"product_tag-tube-lache","8":"application-fibre-fr","10":"first","11":"instock","12":"shipping-taxable","13":"product-type-variable"},"acf":[],"yoast_head":"<!-- This site is optimized with the Yoast SEO plugin v26.2 - https:\/\/yoast.com\/wordpress\/plugins\/seo\/ -->\n<title>C\u00e2ble \u00e0 tube libre sec - National Cable Specialists<\/title>\n<meta name=\"description\" content=\"National Cable Specialists carries a selection of C\u00e2ble \u00e0 tube libre sec for sale. Visit our website to learn more information.\" \/>\n<meta name=\"robots\" content=\"index, follow, max-snippet:-1, max-image-preview:large, max-video-preview:-1\" \/>\n<link rel=\"canonical\" href=\"https:\/\/nationalcablespecialists.ca\/fr\/produit\/cable-a-tube-libre-sec\/\" \/>\n<meta property=\"og:locale\" content=\"fr_FR\" \/>\n<meta property=\"og:type\" content=\"article\" \/>\n<meta property=\"og:title\" content=\"C\u00e2ble \u00e0 tube libre sec - National Cable Specialists\" \/>\n<meta property=\"og:description\" content=\"National Cable Specialists carries a selection of C\u00e2ble \u00e0 tube libre sec for sale. Visit our website to learn more information.\" \/>\n<meta property=\"og:url\" content=\"https:\/\/nationalcablespecialists.ca\/fr\/produit\/cable-a-tube-libre-sec\/\" \/>\n<meta property=\"og:site_name\" content=\"National Cable Specialists\" \/>\n<meta property=\"article:modified_time\" content=\"2024-04-29T19:19:43+00:00\" \/>\n<meta property=\"og:image\" content=\"https:\/\/nationalcablespecialists.ca\/wp-content\/uploads\/2024\/04\/Express-LT-Dry.jpg\" \/>\n\t<meta property=\"og:image:width\" content=\"382\" \/>\n\t<meta property=\"og:image:height\" content=\"382\" \/>\n\t<meta property=\"og:image:type\" content=\"image\/jpeg\" \/>\n<meta name=\"twitter:card\" content=\"summary_large_image\" \/>\n<meta name=\"twitter:label1\" content=\"Dur\u00e9e de lecture estim\u00e9e\" \/>\n\t<meta name=\"twitter:data1\" content=\"1 minute\" \/>\n<script type=\"application\/ld+json\" class=\"yoast-schema-graph\">{\"@context\":\"https:\/\/schema.org\",\"@graph\":[{\"@type\":\"WebPage\",\"@id\":\"https:\/\/nationalcablespecialists.ca\/fr\/produit\/cable-a-tube-libre-sec\/\",\"url\":\"https:\/\/nationalcablespecialists.ca\/fr\/produit\/cable-a-tube-libre-sec\/\",\"name\":\"C\u00e2ble \u00e0 tube libre sec - National Cable Specialists\",\"isPartOf\":{\"@id\":\"https:\/\/nationalcablespecialists.ca\/fr\/#website\"},\"primaryImageOfPage\":{\"@id\":\"https:\/\/nationalcablespecialists.ca\/fr\/produit\/cable-a-tube-libre-sec\/#primaryimage\"},\"image\":{\"@id\":\"https:\/\/nationalcablespecialists.ca\/fr\/produit\/cable-a-tube-libre-sec\/#primaryimage\"},\"thumbnailUrl\":\"https:\/\/nationalcablespecialists.ca\/wp-content\/uploads\/2024\/04\/Express-LT-Dry.jpg\",\"datePublished\":\"2024-04-24T20:48:04+00:00\",\"dateModified\":\"2024-04-29T19:19:43+00:00\",\"description\":\"National Cable Specialists carries a selection of C\u00e2ble \u00e0 tube libre sec for sale. Visit our website to learn more information.\",\"breadcrumb\":{\"@id\":\"https:\/\/nationalcablespecialists.ca\/fr\/produit\/cable-a-tube-libre-sec\/#breadcrumb\"},\"inLanguage\":\"fr-FR\",\"potentialAction\":[{\"@type\":\"ReadAction\",\"target\":[\"https:\/\/nationalcablespecialists.ca\/fr\/produit\/cable-a-tube-libre-sec\/\"]}]},{\"@type\":\"ImageObject\",\"inLanguage\":\"fr-FR\",\"@id\":\"https:\/\/nationalcablespecialists.ca\/fr\/produit\/cable-a-tube-libre-sec\/#primaryimage\",\"url\":\"https:\/\/nationalcablespecialists.ca\/wp-content\/uploads\/2024\/04\/Express-LT-Dry.jpg\",\"contentUrl\":\"https:\/\/nationalcablespecialists.ca\/wp-content\/uploads\/2024\/04\/Express-LT-Dry.jpg\",\"width\":382,\"height\":382},{\"@type\":\"BreadcrumbList\",\"@id\":\"https:\/\/nationalcablespecialists.ca\/fr\/produit\/cable-a-tube-libre-sec\/#breadcrumb\",\"itemListElement\":[{\"@type\":\"ListItem\",\"position\":1,\"name\":\"Produits\",\"item\":\"https:\/\/nationalcablespecialists.ca\/our-products\/\"},{\"@type\":\"ListItem\",\"position\":2,\"name\":\"Produits de t\u00e9l\u00e9communications\",\"item\":\"https:\/\/nationalcablespecialists.ca\/fr\/categorie-produit\/produits-de-telecommunications\/\"},{\"@type\":\"ListItem\",\"position\":3,\"name\":\"C\u00e2bles \u00e0 fibres optiques\",\"item\":\"https:\/\/nationalcablespecialists.ca\/fr\/categorie-produit\/produits-de-telecommunications\/cables-a-fibres-optiques\/\"},{\"@type\":\"ListItem\",\"position\":4,\"name\":\"C\u00e2ble \u00e0 tube libre sec\"}]},{\"@type\":\"WebSite\",\"@id\":\"https:\/\/nationalcablespecialists.ca\/fr\/#website\",\"url\":\"https:\/\/nationalcablespecialists.ca\/fr\/\",\"name\":\"National Cable Specialists\",\"description\":\"\",\"publisher\":{\"@id\":\"https:\/\/nationalcablespecialists.ca\/fr\/#organization\"},\"potentialAction\":[{\"@type\":\"SearchAction\",\"target\":{\"@type\":\"EntryPoint\",\"urlTemplate\":\"https:\/\/nationalcablespecialists.ca\/fr\/?s={search_term_string}\"},\"query-input\":{\"@type\":\"PropertyValueSpecification\",\"valueRequired\":true,\"valueName\":\"search_term_string\"}}],\"inLanguage\":\"fr-FR\"},{\"@type\":\"Organization\",\"@id\":\"https:\/\/nationalcablespecialists.ca\/fr\/#organization\",\"name\":\"National Cable Specialists\",\"url\":\"https:\/\/nationalcablespecialists.ca\/fr\/\",\"logo\":{\"@type\":\"ImageObject\",\"inLanguage\":\"fr-FR\",\"@id\":\"https:\/\/nationalcablespecialists.ca\/fr\/#\/schema\/logo\/image\/\",\"url\":\"https:\/\/nationalcablespecialists.ca\/wp-content\/uploads\/2023\/01\/NCS_Lrg_Logo.png\",\"contentUrl\":\"https:\/\/nationalcablespecialists.ca\/wp-content\/uploads\/2023\/01\/NCS_Lrg_Logo.png\",\"width\":1600,\"height\":840,\"caption\":\"National Cable Specialists\"},\"image\":{\"@id\":\"https:\/\/nationalcablespecialists.ca\/fr\/#\/schema\/logo\/image\/\"}}]}<\/script>\n<!-- \/ Yoast SEO plugin. -->","yoast_head_json":{"title":"C\u00e2ble \u00e0 tube libre sec - National Cable Specialists","description":"National Cable Specialists carries a selection of C\u00e2ble \u00e0 tube libre sec for sale. Visit our website to learn more information.","robots":{"index":"index","follow":"follow","max-snippet":"max-snippet:-1","max-image-preview":"max-image-preview:large","max-video-preview":"max-video-preview:-1"},"canonical":"https:\/\/nationalcablespecialists.ca\/fr\/produit\/cable-a-tube-libre-sec\/","og_locale":"fr_FR","og_type":"article","og_title":"C\u00e2ble \u00e0 tube libre sec - National Cable Specialists","og_description":"National Cable Specialists carries a selection of C\u00e2ble \u00e0 tube libre sec for sale. Visit our website to learn more information.","og_url":"https:\/\/nationalcablespecialists.ca\/fr\/produit\/cable-a-tube-libre-sec\/","og_site_name":"National Cable Specialists","article_modified_time":"2024-04-29T19:19:43+00:00","og_image":[{"width":382,"height":382,"url":"https:\/\/nationalcablespecialists.ca\/wp-content\/uploads\/2024\/04\/Express-LT-Dry.jpg","type":"image\/jpeg"}],"twitter_card":"summary_large_image","twitter_misc":{"Dur\u00e9e de lecture estim\u00e9e":"1 minute"},"schema":{"@context":"https:\/\/schema.org","@graph":[{"@type":"WebPage","@id":"https:\/\/nationalcablespecialists.ca\/fr\/produit\/cable-a-tube-libre-sec\/","url":"https:\/\/nationalcablespecialists.ca\/fr\/produit\/cable-a-tube-libre-sec\/","name":"C\u00e2ble \u00e0 tube libre sec - National Cable Specialists","isPartOf":{"@id":"https:\/\/nationalcablespecialists.ca\/fr\/#website"},"primaryImageOfPage":{"@id":"https:\/\/nationalcablespecialists.ca\/fr\/produit\/cable-a-tube-libre-sec\/#primaryimage"},"image":{"@id":"https:\/\/nationalcablespecialists.ca\/fr\/produit\/cable-a-tube-libre-sec\/#primaryimage"},"thumbnailUrl":"https:\/\/nationalcablespecialists.ca\/wp-content\/uploads\/2024\/04\/Express-LT-Dry.jpg","datePublished":"2024-04-24T20:48:04+00:00","dateModified":"2024-04-29T19:19:43+00:00","description":"National Cable Specialists carries a selection of C\u00e2ble \u00e0 tube libre sec for sale. Visit our website to learn more information.","breadcrumb":{"@id":"https:\/\/nationalcablespecialists.ca\/fr\/produit\/cable-a-tube-libre-sec\/#breadcrumb"},"inLanguage":"fr-FR","potentialAction":[{"@type":"ReadAction","target":["https:\/\/nationalcablespecialists.ca\/fr\/produit\/cable-a-tube-libre-sec\/"]}]},{"@type":"ImageObject","inLanguage":"fr-FR","@id":"https:\/\/nationalcablespecialists.ca\/fr\/produit\/cable-a-tube-libre-sec\/#primaryimage","url":"https:\/\/nationalcablespecialists.ca\/wp-content\/uploads\/2024\/04\/Express-LT-Dry.jpg","contentUrl":"https:\/\/nationalcablespecialists.ca\/wp-content\/uploads\/2024\/04\/Express-LT-Dry.jpg","width":382,"height":382},{"@type":"BreadcrumbList","@id":"https:\/\/nationalcablespecialists.ca\/fr\/produit\/cable-a-tube-libre-sec\/#breadcrumb","itemListElement":[{"@type":"ListItem","position":1,"name":"Produits","item":"https:\/\/nationalcablespecialists.ca\/our-products\/"},{"@type":"ListItem","position":2,"name":"Produits de t\u00e9l\u00e9communications","item":"https:\/\/nationalcablespecialists.ca\/fr\/categorie-produit\/produits-de-telecommunications\/"},{"@type":"ListItem","position":3,"name":"C\u00e2bles \u00e0 fibres optiques","item":"https:\/\/nationalcablespecialists.ca\/fr\/categorie-produit\/produits-de-telecommunications\/cables-a-fibres-optiques\/"},{"@type":"ListItem","position":4,"name":"C\u00e2ble \u00e0 tube libre sec"}]},{"@type":"WebSite","@id":"https:\/\/nationalcablespecialists.ca\/fr\/#website","url":"https:\/\/nationalcablespecialists.ca\/fr\/","name":"National Cable Specialists","description":"","publisher":{"@id":"https:\/\/nationalcablespecialists.ca\/fr\/#organization"},"potentialAction":[{"@type":"SearchAction","target":{"@type":"EntryPoint","urlTemplate":"https:\/\/nationalcablespecialists.ca\/fr\/?s={search_term_string}"},"query-input":{"@type":"PropertyValueSpecification","valueRequired":true,"valueName":"search_term_string"}}],"inLanguage":"fr-FR"},{"@type":"Organization","@id":"https:\/\/nationalcablespecialists.ca\/fr\/#organization","name":"National Cable Specialists","url":"https:\/\/nationalcablespecialists.ca\/fr\/","logo":{"@type":"ImageObject","inLanguage":"fr-FR","@id":"https:\/\/nationalcablespecialists.ca\/fr\/#\/schema\/logo\/image\/","url":"https:\/\/nationalcablespecialists.ca\/wp-content\/uploads\/2023\/01\/NCS_Lrg_Logo.png","contentUrl":"https:\/\/nationalcablespecialists.ca\/wp-content\/uploads\/2023\/01\/NCS_Lrg_Logo.png","width":1600,"height":840,"caption":"National Cable Specialists"},"image":{"@id":"https:\/\/nationalcablespecialists.ca\/fr\/#\/schema\/logo\/image\/"}}]}},"_links":{"self":[{"href":"https:\/\/nationalcablespecialists.ca\/fr\/wp-json\/wp\/v2\/product\/27521","targetHints":{"allow":["GET"]}}],"collection":[{"href":"https:\/\/nationalcablespecialists.ca\/fr\/wp-json\/wp\/v2\/product"}],"about":[{"href":"https:\/\/nationalcablespecialists.ca\/fr\/wp-json\/wp\/v2\/types\/product"}],"replies":[{"embeddable":true,"href":"https:\/\/nationalcablespecialists.ca\/fr\/wp-json\/wp\/v2\/comments?post=27521"}],"wp:featuredmedia":[{"embeddable":true,"href":"https:\/\/nationalcablespecialists.ca\/fr\/wp-json\/wp\/v2\/media\/27364"}],"wp:attachment":[{"href":"https:\/\/nationalcablespecialists.ca\/fr\/wp-json\/wp\/v2\/media?parent=27521"}],"wp:term":[{"taxonomy":"product_brand","embeddable":true,"href":"https:\/\/nationalcablespecialists.ca\/fr\/wp-json\/wp\/v2\/product_brand?post=27521"},{"taxonomy":"product_cat","embeddable":true,"href":"https:\/\/nationalcablespecialists.ca\/fr\/wp-json\/wp\/v2\/product_cat?post=27521"},{"taxonomy":"product_tag","embeddable":true,"href":"https:\/\/nationalcablespecialists.ca\/fr\/wp-json\/wp\/v2\/product_tag?post=27521"},{"taxonomy":"application","embeddable":true,"href":"https:\/\/nationalcablespecialists.ca\/fr\/wp-json\/wp\/v2\/application?post=27521"},{"taxonomy":"voltage-rating","embeddable":true,"href":"https:\/\/nationalcablespecialists.ca\/fr\/wp-json\/wp\/v2\/voltage-rating?post=27521"},{"taxonomy":"jacket-material","embeddable":true,"href":"https:\/\/nationalcablespecialists.ca\/fr\/wp-json\/wp\/v2\/jacket-material?post=27521"},{"taxonomy":"insulation-material","embeddable":true,"href":"https:\/\/nationalcablespecialists.ca\/fr\/wp-json\/wp\/v2\/insulation-material?post=27521"},{"taxonomy":"conductor-material","embeddable":true,"href":"https:\/\/nationalcablespecialists.ca\/fr\/wp-json\/wp\/v2\/conductor-material?post=27521"},{"taxonomy":"wire-gauge","embeddable":true,"href":"https:\/\/nationalcablespecialists.ca\/fr\/wp-json\/wp\/v2\/wire-gauge?post=27521"},{"taxonomy":"conductor","embeddable":true,"href":"https:\/\/nationalcablespecialists.ca\/fr\/wp-json\/wp\/v2\/conductor?post=27521"}],"curies":[{"name":"wp","href":"https:\/\/api.w.org\/{rel}","templated":true}]}}