{"id":27485,"date":"2024-04-24T12:26:41","date_gmt":"2024-04-24T19:26:41","guid":{"rendered":"https:\/\/nationalcablespecialists.ca\/product\/cables-secs-pour-colonne-montante-interieure-exterieure-et-plenum-a-tube-libre\/"},"modified":"2024-04-29T12:19:45","modified_gmt":"2024-04-29T19:19:45","slug":"cables-secs-pour-colonne-montante-interieure-exterieure-et-plenum-a-tube-libre","status":"publish","type":"product","link":"https:\/\/nationalcablespecialists.ca\/fr\/produit\/cables-secs-pour-colonne-montante-interieure-exterieure-et-plenum-a-tube-libre\/","title":{"rendered":"C\u00e2bles secs pour colonne montante int\u00e9rieure-ext\u00e9rieure et pl\u00e9num \u00e0 tube libre"},"content":{"rendered":"<p><strong>Applications<\/strong> Antenne int\u00e9rieure\/ext\u00e9rieure polyvalente, \u00e0 l\u2019attache, dans les conduits et directement enterr\u00e9e<br \/>\n<strong>Constructions<\/strong> Di\u00e9lectrique (simple et double gaine), armure ondul\u00e9e ezPREP\u00ae, armure de verrouillage<br \/>\n<strong>Indices de flamme<\/strong> Colonne montante (OFNR \/ OFCR \/ FT4), pl\u00e9num (OFNP\/OFCP\/FT6)<br \/>\n<strong>Types de fibres<\/strong> Monomode (ESMF, insensible \u00e0 la courbure) multimode (62,5\/125-OM1, 50\/125-OM2+, OM3 et OM4)<br \/>\n<strong>Temp\u00e9rature<\/strong><\/p>\n<ul>\n<li>Colonne montante &#8211; Fonctionnement -50 \u00b0C \u00e0 +70 \u00b0C (-58 \u00b0F \u00e0 +158 \u00b0F), installation -10 \u00b0C \u00e0 +60 \u00b0C (+14 \u00b0F \u00e0 +140 \u00b0F), exp\u00e9dition et stockage -50 \u00b0C \u00e0 +70 \u00b0C (-58 \u00b0F \u00e0 +158 \u00b0F)<\/li>\n<li>Pl\u00e9num &#8211; Fonctionnement -40 \u00b0C \u00e0 +70 \u00b0C (-40 \u00b0F \u00e0 +158 \u00b0F), Installation 0 \u00b0C \u00e0 +60 \u00b0C (+32 \u00b0F \u00e0 +140 \u00b0F), Exp\u00e9dition et stockage -40 \u00b0C \u00e0 +70 \u00b0C (-40 \u00b0F \u00e0 +158 \u00b0F)<\/li>\n<\/ul>\n<p><strong>Charge d\u2019installation maximale<\/strong> 2 670 N (600 lbf)<br \/>\n<strong>Charge maximale de fonctionnement<\/strong> 801 N (180 lbf)<br \/>\n<strong>Normes<\/strong> Conforme aux normes TIA\/EIA-568, ANSI\/ICEA S-83-596, ANSI\/ICEA S-104-696, UL-1666, NFPA 262, CSA 22.2 No 230, Telcordia GR-409, Telcordia GR-20, RoHS<\/p>\n","protected":false},"excerpt":{"rendered":"<p>Applications Antenne int\u00e9rieure\/ext\u00e9rieure polyvalente, \u00e0 l\u2019attache, dans les conduits et directement enterr\u00e9e Constructions Di\u00e9lectrique (simple et double gaine), armure ondul\u00e9e ezPREP\u00ae, armure de verrouillage Indices de flamme Colonne montante (OFNR \/ OFCR \/ FT4), pl\u00e9num (OFNP\/OFCP\/FT6) Types de fibres Monomode (ESMF, insensible \u00e0 la courbure) multimode (62,5\/125-OM1, 50\/125-OM2+, OM3 et OM4) Temp\u00e9rature Colonne montante &#8211; [&hellip;]<\/p>\n","protected":false},"featured_media":27339,"comment_status":"closed","ping_status":"closed","template":"","meta":{"_acf_changed":false},"product_brand":[],"product_cat":[702],"product_tag":[747,772,1201],"application":[1205],"voltage-rating":[],"jacket-material":[],"insulation-material":[],"conductor-material":[],"wire-gauge":[],"conductor":[],"class_list":{"0":"post-27485","1":"product","2":"type-product","3":"status-publish","4":"has-post-thumbnail","6":"product_cat-cables-a-fibres-optiques","7":"product_tag-elevateur","8":"product_tag-plenum-fr","9":"product_tag-tube-lache","10":"application-fibre-optique-fr","12":"first","13":"instock","14":"shipping-taxable","15":"product-type-variable"},"acf":[],"yoast_head":"<!-- This site is optimized with the Yoast SEO plugin v26.2 - https:\/\/yoast.com\/wordpress\/plugins\/seo\/ -->\n<title>C\u00e2bles secs pour colonne montante int\u00e9rieure-ext\u00e9rieure et pl\u00e9num \u00e0 tube libre - National Cable Specialists<\/title>\n<meta name=\"description\" content=\"National Cable Specialists carries a selection of C\u00e2bles secs pour colonne montante int\u00e9rieure-ext\u00e9rieure et pl\u00e9num \u00e0 tube libre for sale. Visit our website to learn more information.\" \/>\n<meta name=\"robots\" content=\"index, follow, max-snippet:-1, max-image-preview:large, max-video-preview:-1\" \/>\n<link rel=\"canonical\" href=\"https:\/\/nationalcablespecialists.ca\/fr\/produit\/cables-secs-pour-colonne-montante-interieure-exterieure-et-plenum-a-tube-libre\/\" \/>\n<meta property=\"og:locale\" content=\"fr_FR\" \/>\n<meta property=\"og:type\" content=\"article\" \/>\n<meta property=\"og:title\" content=\"C\u00e2bles secs pour colonne montante int\u00e9rieure-ext\u00e9rieure et pl\u00e9num \u00e0 tube libre - National Cable Specialists\" \/>\n<meta property=\"og:description\" content=\"National Cable Specialists carries a selection of C\u00e2bles secs pour colonne montante int\u00e9rieure-ext\u00e9rieure et pl\u00e9num \u00e0 tube libre for sale. Visit our website to learn more information.\" \/>\n<meta property=\"og:url\" content=\"https:\/\/nationalcablespecialists.ca\/fr\/produit\/cables-secs-pour-colonne-montante-interieure-exterieure-et-plenum-a-tube-libre\/\" \/>\n<meta property=\"og:site_name\" content=\"National Cable Specialists\" \/>\n<meta property=\"article:modified_time\" content=\"2024-04-29T19:19:45+00:00\" \/>\n<meta property=\"og:image\" content=\"https:\/\/nationalcablespecialists.ca\/wp-content\/uploads\/2024\/04\/Dry-Loose-Tube-Indoor-Outdoor-Plenum-2.jpg\" \/>\n\t<meta property=\"og:image:width\" content=\"382\" \/>\n\t<meta property=\"og:image:height\" content=\"382\" \/>\n\t<meta property=\"og:image:type\" content=\"image\/jpeg\" \/>\n<meta name=\"twitter:card\" content=\"summary_large_image\" \/>\n<meta name=\"twitter:label1\" content=\"Dur\u00e9e de lecture estim\u00e9e\" \/>\n\t<meta name=\"twitter:data1\" content=\"1 minute\" \/>\n<script type=\"application\/ld+json\" class=\"yoast-schema-graph\">{\"@context\":\"https:\/\/schema.org\",\"@graph\":[{\"@type\":\"WebPage\",\"@id\":\"https:\/\/nationalcablespecialists.ca\/fr\/produit\/cables-secs-pour-colonne-montante-interieure-exterieure-et-plenum-a-tube-libre\/\",\"url\":\"https:\/\/nationalcablespecialists.ca\/fr\/produit\/cables-secs-pour-colonne-montante-interieure-exterieure-et-plenum-a-tube-libre\/\",\"name\":\"C\u00e2bles secs pour colonne montante int\u00e9rieure-ext\u00e9rieure et pl\u00e9num \u00e0 tube libre - National Cable Specialists\",\"isPartOf\":{\"@id\":\"https:\/\/nationalcablespecialists.ca\/fr\/#website\"},\"primaryImageOfPage\":{\"@id\":\"https:\/\/nationalcablespecialists.ca\/fr\/produit\/cables-secs-pour-colonne-montante-interieure-exterieure-et-plenum-a-tube-libre\/#primaryimage\"},\"image\":{\"@id\":\"https:\/\/nationalcablespecialists.ca\/fr\/produit\/cables-secs-pour-colonne-montante-interieure-exterieure-et-plenum-a-tube-libre\/#primaryimage\"},\"thumbnailUrl\":\"https:\/\/nationalcablespecialists.ca\/wp-content\/uploads\/2024\/04\/Dry-Loose-Tube-Indoor-Outdoor-Plenum-2.jpg\",\"datePublished\":\"2024-04-24T19:26:41+00:00\",\"dateModified\":\"2024-04-29T19:19:45+00:00\",\"description\":\"National Cable Specialists carries a selection of C\u00e2bles secs pour colonne montante int\u00e9rieure-ext\u00e9rieure et pl\u00e9num \u00e0 tube libre for sale. Visit our website to learn more information.\",\"breadcrumb\":{\"@id\":\"https:\/\/nationalcablespecialists.ca\/fr\/produit\/cables-secs-pour-colonne-montante-interieure-exterieure-et-plenum-a-tube-libre\/#breadcrumb\"},\"inLanguage\":\"fr-FR\",\"potentialAction\":[{\"@type\":\"ReadAction\",\"target\":[\"https:\/\/nationalcablespecialists.ca\/fr\/produit\/cables-secs-pour-colonne-montante-interieure-exterieure-et-plenum-a-tube-libre\/\"]}]},{\"@type\":\"ImageObject\",\"inLanguage\":\"fr-FR\",\"@id\":\"https:\/\/nationalcablespecialists.ca\/fr\/produit\/cables-secs-pour-colonne-montante-interieure-exterieure-et-plenum-a-tube-libre\/#primaryimage\",\"url\":\"https:\/\/nationalcablespecialists.ca\/wp-content\/uploads\/2024\/04\/Dry-Loose-Tube-Indoor-Outdoor-Plenum-2.jpg\",\"contentUrl\":\"https:\/\/nationalcablespecialists.ca\/wp-content\/uploads\/2024\/04\/Dry-Loose-Tube-Indoor-Outdoor-Plenum-2.jpg\",\"width\":382,\"height\":382},{\"@type\":\"BreadcrumbList\",\"@id\":\"https:\/\/nationalcablespecialists.ca\/fr\/produit\/cables-secs-pour-colonne-montante-interieure-exterieure-et-plenum-a-tube-libre\/#breadcrumb\",\"itemListElement\":[{\"@type\":\"ListItem\",\"position\":1,\"name\":\"Produits\",\"item\":\"https:\/\/nationalcablespecialists.ca\/our-products\/\"},{\"@type\":\"ListItem\",\"position\":2,\"name\":\"Produits de t\u00e9l\u00e9communications\",\"item\":\"https:\/\/nationalcablespecialists.ca\/fr\/categorie-produit\/produits-de-telecommunications\/\"},{\"@type\":\"ListItem\",\"position\":3,\"name\":\"C\u00e2bles \u00e0 fibres optiques\",\"item\":\"https:\/\/nationalcablespecialists.ca\/fr\/categorie-produit\/produits-de-telecommunications\/cables-a-fibres-optiques\/\"},{\"@type\":\"ListItem\",\"position\":4,\"name\":\"C\u00e2bles secs pour colonne montante int\u00e9rieure-ext\u00e9rieure et pl\u00e9num \u00e0 tube libre\"}]},{\"@type\":\"WebSite\",\"@id\":\"https:\/\/nationalcablespecialists.ca\/fr\/#website\",\"url\":\"https:\/\/nationalcablespecialists.ca\/fr\/\",\"name\":\"National Cable Specialists\",\"description\":\"\",\"publisher\":{\"@id\":\"https:\/\/nationalcablespecialists.ca\/fr\/#organization\"},\"potentialAction\":[{\"@type\":\"SearchAction\",\"target\":{\"@type\":\"EntryPoint\",\"urlTemplate\":\"https:\/\/nationalcablespecialists.ca\/fr\/?s={search_term_string}\"},\"query-input\":{\"@type\":\"PropertyValueSpecification\",\"valueRequired\":true,\"valueName\":\"search_term_string\"}}],\"inLanguage\":\"fr-FR\"},{\"@type\":\"Organization\",\"@id\":\"https:\/\/nationalcablespecialists.ca\/fr\/#organization\",\"name\":\"National Cable Specialists\",\"url\":\"https:\/\/nationalcablespecialists.ca\/fr\/\",\"logo\":{\"@type\":\"ImageObject\",\"inLanguage\":\"fr-FR\",\"@id\":\"https:\/\/nationalcablespecialists.ca\/fr\/#\/schema\/logo\/image\/\",\"url\":\"https:\/\/nationalcablespecialists.ca\/wp-content\/uploads\/2023\/01\/NCS_Lrg_Logo.png\",\"contentUrl\":\"https:\/\/nationalcablespecialists.ca\/wp-content\/uploads\/2023\/01\/NCS_Lrg_Logo.png\",\"width\":1600,\"height\":840,\"caption\":\"National Cable Specialists\"},\"image\":{\"@id\":\"https:\/\/nationalcablespecialists.ca\/fr\/#\/schema\/logo\/image\/\"}}]}<\/script>\n<!-- \/ Yoast SEO plugin. -->","yoast_head_json":{"title":"C\u00e2bles secs pour colonne montante int\u00e9rieure-ext\u00e9rieure et pl\u00e9num \u00e0 tube libre - National Cable Specialists","description":"National Cable Specialists carries a selection of C\u00e2bles secs pour colonne montante int\u00e9rieure-ext\u00e9rieure et pl\u00e9num \u00e0 tube libre for sale. Visit our website to learn more information.","robots":{"index":"index","follow":"follow","max-snippet":"max-snippet:-1","max-image-preview":"max-image-preview:large","max-video-preview":"max-video-preview:-1"},"canonical":"https:\/\/nationalcablespecialists.ca\/fr\/produit\/cables-secs-pour-colonne-montante-interieure-exterieure-et-plenum-a-tube-libre\/","og_locale":"fr_FR","og_type":"article","og_title":"C\u00e2bles secs pour colonne montante int\u00e9rieure-ext\u00e9rieure et pl\u00e9num \u00e0 tube libre - National Cable Specialists","og_description":"National Cable Specialists carries a selection of C\u00e2bles secs pour colonne montante int\u00e9rieure-ext\u00e9rieure et pl\u00e9num \u00e0 tube libre for sale. Visit our website to learn more information.","og_url":"https:\/\/nationalcablespecialists.ca\/fr\/produit\/cables-secs-pour-colonne-montante-interieure-exterieure-et-plenum-a-tube-libre\/","og_site_name":"National Cable Specialists","article_modified_time":"2024-04-29T19:19:45+00:00","og_image":[{"width":382,"height":382,"url":"https:\/\/nationalcablespecialists.ca\/wp-content\/uploads\/2024\/04\/Dry-Loose-Tube-Indoor-Outdoor-Plenum-2.jpg","type":"image\/jpeg"}],"twitter_card":"summary_large_image","twitter_misc":{"Dur\u00e9e de lecture estim\u00e9e":"1 minute"},"schema":{"@context":"https:\/\/schema.org","@graph":[{"@type":"WebPage","@id":"https:\/\/nationalcablespecialists.ca\/fr\/produit\/cables-secs-pour-colonne-montante-interieure-exterieure-et-plenum-a-tube-libre\/","url":"https:\/\/nationalcablespecialists.ca\/fr\/produit\/cables-secs-pour-colonne-montante-interieure-exterieure-et-plenum-a-tube-libre\/","name":"C\u00e2bles secs pour colonne montante int\u00e9rieure-ext\u00e9rieure et pl\u00e9num \u00e0 tube libre - National Cable Specialists","isPartOf":{"@id":"https:\/\/nationalcablespecialists.ca\/fr\/#website"},"primaryImageOfPage":{"@id":"https:\/\/nationalcablespecialists.ca\/fr\/produit\/cables-secs-pour-colonne-montante-interieure-exterieure-et-plenum-a-tube-libre\/#primaryimage"},"image":{"@id":"https:\/\/nationalcablespecialists.ca\/fr\/produit\/cables-secs-pour-colonne-montante-interieure-exterieure-et-plenum-a-tube-libre\/#primaryimage"},"thumbnailUrl":"https:\/\/nationalcablespecialists.ca\/wp-content\/uploads\/2024\/04\/Dry-Loose-Tube-Indoor-Outdoor-Plenum-2.jpg","datePublished":"2024-04-24T19:26:41+00:00","dateModified":"2024-04-29T19:19:45+00:00","description":"National Cable Specialists carries a selection of C\u00e2bles secs pour colonne montante int\u00e9rieure-ext\u00e9rieure et pl\u00e9num \u00e0 tube libre for sale. Visit our website to learn more information.","breadcrumb":{"@id":"https:\/\/nationalcablespecialists.ca\/fr\/produit\/cables-secs-pour-colonne-montante-interieure-exterieure-et-plenum-a-tube-libre\/#breadcrumb"},"inLanguage":"fr-FR","potentialAction":[{"@type":"ReadAction","target":["https:\/\/nationalcablespecialists.ca\/fr\/produit\/cables-secs-pour-colonne-montante-interieure-exterieure-et-plenum-a-tube-libre\/"]}]},{"@type":"ImageObject","inLanguage":"fr-FR","@id":"https:\/\/nationalcablespecialists.ca\/fr\/produit\/cables-secs-pour-colonne-montante-interieure-exterieure-et-plenum-a-tube-libre\/#primaryimage","url":"https:\/\/nationalcablespecialists.ca\/wp-content\/uploads\/2024\/04\/Dry-Loose-Tube-Indoor-Outdoor-Plenum-2.jpg","contentUrl":"https:\/\/nationalcablespecialists.ca\/wp-content\/uploads\/2024\/04\/Dry-Loose-Tube-Indoor-Outdoor-Plenum-2.jpg","width":382,"height":382},{"@type":"BreadcrumbList","@id":"https:\/\/nationalcablespecialists.ca\/fr\/produit\/cables-secs-pour-colonne-montante-interieure-exterieure-et-plenum-a-tube-libre\/#breadcrumb","itemListElement":[{"@type":"ListItem","position":1,"name":"Produits","item":"https:\/\/nationalcablespecialists.ca\/our-products\/"},{"@type":"ListItem","position":2,"name":"Produits de t\u00e9l\u00e9communications","item":"https:\/\/nationalcablespecialists.ca\/fr\/categorie-produit\/produits-de-telecommunications\/"},{"@type":"ListItem","position":3,"name":"C\u00e2bles \u00e0 fibres optiques","item":"https:\/\/nationalcablespecialists.ca\/fr\/categorie-produit\/produits-de-telecommunications\/cables-a-fibres-optiques\/"},{"@type":"ListItem","position":4,"name":"C\u00e2bles secs pour colonne montante int\u00e9rieure-ext\u00e9rieure et pl\u00e9num \u00e0 tube libre"}]},{"@type":"WebSite","@id":"https:\/\/nationalcablespecialists.ca\/fr\/#website","url":"https:\/\/nationalcablespecialists.ca\/fr\/","name":"National Cable Specialists","description":"","publisher":{"@id":"https:\/\/nationalcablespecialists.ca\/fr\/#organization"},"potentialAction":[{"@type":"SearchAction","target":{"@type":"EntryPoint","urlTemplate":"https:\/\/nationalcablespecialists.ca\/fr\/?s={search_term_string}"},"query-input":{"@type":"PropertyValueSpecification","valueRequired":true,"valueName":"search_term_string"}}],"inLanguage":"fr-FR"},{"@type":"Organization","@id":"https:\/\/nationalcablespecialists.ca\/fr\/#organization","name":"National Cable Specialists","url":"https:\/\/nationalcablespecialists.ca\/fr\/","logo":{"@type":"ImageObject","inLanguage":"fr-FR","@id":"https:\/\/nationalcablespecialists.ca\/fr\/#\/schema\/logo\/image\/","url":"https:\/\/nationalcablespecialists.ca\/wp-content\/uploads\/2023\/01\/NCS_Lrg_Logo.png","contentUrl":"https:\/\/nationalcablespecialists.ca\/wp-content\/uploads\/2023\/01\/NCS_Lrg_Logo.png","width":1600,"height":840,"caption":"National Cable Specialists"},"image":{"@id":"https:\/\/nationalcablespecialists.ca\/fr\/#\/schema\/logo\/image\/"}}]}},"_links":{"self":[{"href":"https:\/\/nationalcablespecialists.ca\/fr\/wp-json\/wp\/v2\/product\/27485","targetHints":{"allow":["GET"]}}],"collection":[{"href":"https:\/\/nationalcablespecialists.ca\/fr\/wp-json\/wp\/v2\/product"}],"about":[{"href":"https:\/\/nationalcablespecialists.ca\/fr\/wp-json\/wp\/v2\/types\/product"}],"replies":[{"embeddable":true,"href":"https:\/\/nationalcablespecialists.ca\/fr\/wp-json\/wp\/v2\/comments?post=27485"}],"wp:featuredmedia":[{"embeddable":true,"href":"https:\/\/nationalcablespecialists.ca\/fr\/wp-json\/wp\/v2\/media\/27339"}],"wp:attachment":[{"href":"https:\/\/nationalcablespecialists.ca\/fr\/wp-json\/wp\/v2\/media?parent=27485"}],"wp:term":[{"taxonomy":"product_brand","embeddable":true,"href":"https:\/\/nationalcablespecialists.ca\/fr\/wp-json\/wp\/v2\/product_brand?post=27485"},{"taxonomy":"product_cat","embeddable":true,"href":"https:\/\/nationalcablespecialists.ca\/fr\/wp-json\/wp\/v2\/product_cat?post=27485"},{"taxonomy":"product_tag","embeddable":true,"href":"https:\/\/nationalcablespecialists.ca\/fr\/wp-json\/wp\/v2\/product_tag?post=27485"},{"taxonomy":"application","embeddable":true,"href":"https:\/\/nationalcablespecialists.ca\/fr\/wp-json\/wp\/v2\/application?post=27485"},{"taxonomy":"voltage-rating","embeddable":true,"href":"https:\/\/nationalcablespecialists.ca\/fr\/wp-json\/wp\/v2\/voltage-rating?post=27485"},{"taxonomy":"jacket-material","embeddable":true,"href":"https:\/\/nationalcablespecialists.ca\/fr\/wp-json\/wp\/v2\/jacket-material?post=27485"},{"taxonomy":"insulation-material","embeddable":true,"href":"https:\/\/nationalcablespecialists.ca\/fr\/wp-json\/wp\/v2\/insulation-material?post=27485"},{"taxonomy":"conductor-material","embeddable":true,"href":"https:\/\/nationalcablespecialists.ca\/fr\/wp-json\/wp\/v2\/conductor-material?post=27485"},{"taxonomy":"wire-gauge","embeddable":true,"href":"https:\/\/nationalcablespecialists.ca\/fr\/wp-json\/wp\/v2\/wire-gauge?post=27485"},{"taxonomy":"conductor","embeddable":true,"href":"https:\/\/nationalcablespecialists.ca\/fr\/wp-json\/wp\/v2\/conductor?post=27485"}],"curies":[{"name":"wp","href":"https:\/\/api.w.org\/{rel}","templated":true}]}}