{"id":27484,"date":"2024-04-29T11:11:48","date_gmt":"2024-04-29T18:11:48","guid":{"rendered":"https:\/\/nationalcablespecialists.ca\/product\/864-et-1728f-masslink-colonne-montante-interieure-exterieure-avec-flexribbon\/"},"modified":"2024-04-29T12:19:35","modified_gmt":"2024-04-29T19:19:35","slug":"864-et-1728f-masslink-colonne-montante-interieure-exterieure-avec-flexribbon","status":"publish","type":"product","link":"https:\/\/nationalcablespecialists.ca\/fr\/produit\/864-et-1728f-masslink-colonne-montante-interieure-exterieure-avec-flexribbon\/","title":{"rendered":"864 et 1728F MassLink\u2122 Colonne montante int\u00e9rieure\/ext\u00e9rieure avec FlexRibbon\u2122"},"content":{"rendered":"<p><strong>Applications<\/strong> Colonne montante int\u00e9rieure ou ext\u00e9rieure<br \/>\n<strong>Constructions<\/strong> Un c\u00e2ble int\u00e9rieur\/ext\u00e9rieur ultracompact qui contient jusqu\u2019\u00e0 1728 fibres insensibles \u00e0 la courbure. En utilisant la technologie FlexRibbon, les rubans sont enroul\u00e9s et emball\u00e9s ensemble dans des tubes de fibres de petit diam\u00e8tre de 144 ou 288 fibres. Bien que FlexRibbon\u2122 offre une densit\u00e9 d\u2019emballage \u00e9lev\u00e9e, ces rubans de fibres de 200 \u03bcm offrent toujours les avantages de l\u2019\u00e9pissage par fusion de masse<br \/>\n<strong>Types de fibres<\/strong> Monomode<br \/>\n<strong>Temp\u00e9rature <\/strong>Fonctionnement -20 \u00b0C \u00e0 +70 \u00b0C (-4 \u00b0F \u00e0 +158 \u00b0F), Installation -10 \u00b0C \u00e0 +60 \u00b0C (-14 \u00b0F \u00e0 +140 \u00b0F), Stockage -40 \u00b0C \u00e0 +70 \u00b0C (-40 \u00b0F \u00e0 +158 \u00b0F)<strong><br \/>\nNormes<\/strong> Test\u00e9es conform\u00e9ment \u00e0 la norme ICEA 696 et aux FOTP de la s\u00e9rie EIA\/TIA-455 pour les c\u00e2bles \u00e0 fibres optiques, les conceptions de colonnes montantes sont conformes \u00e0 la norme UL 1666 et sont class\u00e9es OFNR et OFNG-FT4<\/p>\n","protected":false},"excerpt":{"rendered":"<p>Applications Colonne montante int\u00e9rieure ou ext\u00e9rieure Constructions Un c\u00e2ble int\u00e9rieur\/ext\u00e9rieur ultracompact qui contient jusqu\u2019\u00e0 1728 fibres insensibles \u00e0 la courbure. En utilisant la technologie FlexRibbon, les rubans sont enroul\u00e9s et emball\u00e9s ensemble dans des tubes de fibres de petit diam\u00e8tre de 144 ou 288 fibres. Bien que FlexRibbon\u2122 offre une densit\u00e9 d\u2019emballage \u00e9lev\u00e9e, ces rubans [&hellip;]<\/p>\n","protected":false},"featured_media":27477,"comment_status":"closed","ping_status":"closed","template":"","meta":{"_acf_changed":false},"product_brand":[],"product_cat":[702],"product_tag":[747,748,746],"application":[1198],"voltage-rating":[],"jacket-material":[],"insulation-material":[],"conductor-material":[],"wire-gauge":[],"conductor":[],"class_list":{"0":"post-27484","1":"product","2":"type-product","3":"status-publish","4":"has-post-thumbnail","6":"product_cat-cables-a-fibres-optiques","7":"product_tag-elevateur","8":"product_tag-exterieur","9":"product_tag-interieur","10":"application-fibre-optique","12":"first","13":"instock","14":"shipping-taxable","15":"product-type-variable"},"acf":[],"yoast_head":"<!-- This site is optimized with the Yoast SEO plugin v26.2 - https:\/\/yoast.com\/wordpress\/plugins\/seo\/ -->\n<title>864 et 1728F MassLink\u2122 Colonne montante int\u00e9rieure\/ext\u00e9rieure avec FlexRibbon\u2122 - National Cable Specialists<\/title>\n<meta name=\"description\" content=\"National Cable Specialists carries a selection of 864 et 1728F MassLink\u2122 Colonne montante int\u00e9rieure\/ext\u00e9rieure avec FlexRibbon\u2122 for sale. Visit our website to learn more information.\" \/>\n<meta name=\"robots\" content=\"index, follow, max-snippet:-1, max-image-preview:large, max-video-preview:-1\" \/>\n<link rel=\"canonical\" href=\"https:\/\/nationalcablespecialists.ca\/fr\/produit\/864-et-1728f-masslink-colonne-montante-interieure-exterieure-avec-flexribbon\/\" \/>\n<meta property=\"og:locale\" content=\"fr_FR\" \/>\n<meta property=\"og:type\" content=\"article\" \/>\n<meta property=\"og:title\" content=\"864 et 1728F MassLink\u2122 Colonne montante int\u00e9rieure\/ext\u00e9rieure avec FlexRibbon\u2122 - National Cable Specialists\" \/>\n<meta property=\"og:description\" content=\"National Cable Specialists carries a selection of 864 et 1728F MassLink\u2122 Colonne montante int\u00e9rieure\/ext\u00e9rieure avec FlexRibbon\u2122 for sale. Visit our website to learn more information.\" \/>\n<meta property=\"og:url\" content=\"https:\/\/nationalcablespecialists.ca\/fr\/produit\/864-et-1728f-masslink-colonne-montante-interieure-exterieure-avec-flexribbon\/\" \/>\n<meta property=\"og:site_name\" content=\"National Cable Specialists\" \/>\n<meta property=\"article:modified_time\" content=\"2024-04-29T19:19:35+00:00\" \/>\n<meta property=\"og:image\" content=\"https:\/\/nationalcablespecialists.ca\/wp-content\/uploads\/2024\/04\/864-1728-MassLink-FlexRibbon.jpg\" \/>\n\t<meta property=\"og:image:width\" content=\"382\" \/>\n\t<meta property=\"og:image:height\" content=\"382\" \/>\n\t<meta property=\"og:image:type\" content=\"image\/jpeg\" \/>\n<meta name=\"twitter:card\" content=\"summary_large_image\" \/>\n<meta name=\"twitter:label1\" content=\"Dur\u00e9e de lecture estim\u00e9e\" \/>\n\t<meta name=\"twitter:data1\" content=\"1 minute\" \/>\n<script type=\"application\/ld+json\" class=\"yoast-schema-graph\">{\"@context\":\"https:\/\/schema.org\",\"@graph\":[{\"@type\":\"WebPage\",\"@id\":\"https:\/\/nationalcablespecialists.ca\/fr\/produit\/864-et-1728f-masslink-colonne-montante-interieure-exterieure-avec-flexribbon\/\",\"url\":\"https:\/\/nationalcablespecialists.ca\/fr\/produit\/864-et-1728f-masslink-colonne-montante-interieure-exterieure-avec-flexribbon\/\",\"name\":\"864 et 1728F MassLink\u2122 Colonne montante int\u00e9rieure\/ext\u00e9rieure avec FlexRibbon\u2122 - National Cable Specialists\",\"isPartOf\":{\"@id\":\"https:\/\/nationalcablespecialists.ca\/fr\/#website\"},\"primaryImageOfPage\":{\"@id\":\"https:\/\/nationalcablespecialists.ca\/fr\/produit\/864-et-1728f-masslink-colonne-montante-interieure-exterieure-avec-flexribbon\/#primaryimage\"},\"image\":{\"@id\":\"https:\/\/nationalcablespecialists.ca\/fr\/produit\/864-et-1728f-masslink-colonne-montante-interieure-exterieure-avec-flexribbon\/#primaryimage\"},\"thumbnailUrl\":\"https:\/\/nationalcablespecialists.ca\/wp-content\/uploads\/2024\/04\/864-1728-MassLink-FlexRibbon.jpg\",\"datePublished\":\"2024-04-29T18:11:48+00:00\",\"dateModified\":\"2024-04-29T19:19:35+00:00\",\"description\":\"National Cable Specialists carries a selection of 864 et 1728F MassLink\u2122 Colonne montante int\u00e9rieure\/ext\u00e9rieure avec FlexRibbon\u2122 for sale. Visit our website to learn more information.\",\"breadcrumb\":{\"@id\":\"https:\/\/nationalcablespecialists.ca\/fr\/produit\/864-et-1728f-masslink-colonne-montante-interieure-exterieure-avec-flexribbon\/#breadcrumb\"},\"inLanguage\":\"fr-FR\",\"potentialAction\":[{\"@type\":\"ReadAction\",\"target\":[\"https:\/\/nationalcablespecialists.ca\/fr\/produit\/864-et-1728f-masslink-colonne-montante-interieure-exterieure-avec-flexribbon\/\"]}]},{\"@type\":\"ImageObject\",\"inLanguage\":\"fr-FR\",\"@id\":\"https:\/\/nationalcablespecialists.ca\/fr\/produit\/864-et-1728f-masslink-colonne-montante-interieure-exterieure-avec-flexribbon\/#primaryimage\",\"url\":\"https:\/\/nationalcablespecialists.ca\/wp-content\/uploads\/2024\/04\/864-1728-MassLink-FlexRibbon.jpg\",\"contentUrl\":\"https:\/\/nationalcablespecialists.ca\/wp-content\/uploads\/2024\/04\/864-1728-MassLink-FlexRibbon.jpg\",\"width\":382,\"height\":382},{\"@type\":\"BreadcrumbList\",\"@id\":\"https:\/\/nationalcablespecialists.ca\/fr\/produit\/864-et-1728f-masslink-colonne-montante-interieure-exterieure-avec-flexribbon\/#breadcrumb\",\"itemListElement\":[{\"@type\":\"ListItem\",\"position\":1,\"name\":\"Produits\",\"item\":\"https:\/\/nationalcablespecialists.ca\/our-products\/\"},{\"@type\":\"ListItem\",\"position\":2,\"name\":\"Produits de t\u00e9l\u00e9communications\",\"item\":\"https:\/\/nationalcablespecialists.ca\/fr\/categorie-produit\/produits-de-telecommunications\/\"},{\"@type\":\"ListItem\",\"position\":3,\"name\":\"C\u00e2bles \u00e0 fibres optiques\",\"item\":\"https:\/\/nationalcablespecialists.ca\/fr\/categorie-produit\/produits-de-telecommunications\/cables-a-fibres-optiques\/\"},{\"@type\":\"ListItem\",\"position\":4,\"name\":\"864 et 1728F MassLink\u2122 Colonne montante int\u00e9rieure\/ext\u00e9rieure avec FlexRibbon\u2122\"}]},{\"@type\":\"WebSite\",\"@id\":\"https:\/\/nationalcablespecialists.ca\/fr\/#website\",\"url\":\"https:\/\/nationalcablespecialists.ca\/fr\/\",\"name\":\"National Cable Specialists\",\"description\":\"\",\"publisher\":{\"@id\":\"https:\/\/nationalcablespecialists.ca\/fr\/#organization\"},\"potentialAction\":[{\"@type\":\"SearchAction\",\"target\":{\"@type\":\"EntryPoint\",\"urlTemplate\":\"https:\/\/nationalcablespecialists.ca\/fr\/?s={search_term_string}\"},\"query-input\":{\"@type\":\"PropertyValueSpecification\",\"valueRequired\":true,\"valueName\":\"search_term_string\"}}],\"inLanguage\":\"fr-FR\"},{\"@type\":\"Organization\",\"@id\":\"https:\/\/nationalcablespecialists.ca\/fr\/#organization\",\"name\":\"National Cable Specialists\",\"url\":\"https:\/\/nationalcablespecialists.ca\/fr\/\",\"logo\":{\"@type\":\"ImageObject\",\"inLanguage\":\"fr-FR\",\"@id\":\"https:\/\/nationalcablespecialists.ca\/fr\/#\/schema\/logo\/image\/\",\"url\":\"https:\/\/nationalcablespecialists.ca\/wp-content\/uploads\/2023\/01\/NCS_Lrg_Logo.png\",\"contentUrl\":\"https:\/\/nationalcablespecialists.ca\/wp-content\/uploads\/2023\/01\/NCS_Lrg_Logo.png\",\"width\":1600,\"height\":840,\"caption\":\"National Cable Specialists\"},\"image\":{\"@id\":\"https:\/\/nationalcablespecialists.ca\/fr\/#\/schema\/logo\/image\/\"}}]}<\/script>\n<!-- \/ Yoast SEO plugin. -->","yoast_head_json":{"title":"864 et 1728F MassLink\u2122 Colonne montante int\u00e9rieure\/ext\u00e9rieure avec FlexRibbon\u2122 - National Cable Specialists","description":"National Cable Specialists carries a selection of 864 et 1728F MassLink\u2122 Colonne montante int\u00e9rieure\/ext\u00e9rieure avec FlexRibbon\u2122 for sale. Visit our website to learn more information.","robots":{"index":"index","follow":"follow","max-snippet":"max-snippet:-1","max-image-preview":"max-image-preview:large","max-video-preview":"max-video-preview:-1"},"canonical":"https:\/\/nationalcablespecialists.ca\/fr\/produit\/864-et-1728f-masslink-colonne-montante-interieure-exterieure-avec-flexribbon\/","og_locale":"fr_FR","og_type":"article","og_title":"864 et 1728F MassLink\u2122 Colonne montante int\u00e9rieure\/ext\u00e9rieure avec FlexRibbon\u2122 - National Cable Specialists","og_description":"National Cable Specialists carries a selection of 864 et 1728F MassLink\u2122 Colonne montante int\u00e9rieure\/ext\u00e9rieure avec FlexRibbon\u2122 for sale. Visit our website to learn more information.","og_url":"https:\/\/nationalcablespecialists.ca\/fr\/produit\/864-et-1728f-masslink-colonne-montante-interieure-exterieure-avec-flexribbon\/","og_site_name":"National Cable Specialists","article_modified_time":"2024-04-29T19:19:35+00:00","og_image":[{"width":382,"height":382,"url":"https:\/\/nationalcablespecialists.ca\/wp-content\/uploads\/2024\/04\/864-1728-MassLink-FlexRibbon.jpg","type":"image\/jpeg"}],"twitter_card":"summary_large_image","twitter_misc":{"Dur\u00e9e de lecture estim\u00e9e":"1 minute"},"schema":{"@context":"https:\/\/schema.org","@graph":[{"@type":"WebPage","@id":"https:\/\/nationalcablespecialists.ca\/fr\/produit\/864-et-1728f-masslink-colonne-montante-interieure-exterieure-avec-flexribbon\/","url":"https:\/\/nationalcablespecialists.ca\/fr\/produit\/864-et-1728f-masslink-colonne-montante-interieure-exterieure-avec-flexribbon\/","name":"864 et 1728F MassLink\u2122 Colonne montante int\u00e9rieure\/ext\u00e9rieure avec FlexRibbon\u2122 - National Cable Specialists","isPartOf":{"@id":"https:\/\/nationalcablespecialists.ca\/fr\/#website"},"primaryImageOfPage":{"@id":"https:\/\/nationalcablespecialists.ca\/fr\/produit\/864-et-1728f-masslink-colonne-montante-interieure-exterieure-avec-flexribbon\/#primaryimage"},"image":{"@id":"https:\/\/nationalcablespecialists.ca\/fr\/produit\/864-et-1728f-masslink-colonne-montante-interieure-exterieure-avec-flexribbon\/#primaryimage"},"thumbnailUrl":"https:\/\/nationalcablespecialists.ca\/wp-content\/uploads\/2024\/04\/864-1728-MassLink-FlexRibbon.jpg","datePublished":"2024-04-29T18:11:48+00:00","dateModified":"2024-04-29T19:19:35+00:00","description":"National Cable Specialists carries a selection of 864 et 1728F MassLink\u2122 Colonne montante int\u00e9rieure\/ext\u00e9rieure avec FlexRibbon\u2122 for sale. Visit our website to learn more information.","breadcrumb":{"@id":"https:\/\/nationalcablespecialists.ca\/fr\/produit\/864-et-1728f-masslink-colonne-montante-interieure-exterieure-avec-flexribbon\/#breadcrumb"},"inLanguage":"fr-FR","potentialAction":[{"@type":"ReadAction","target":["https:\/\/nationalcablespecialists.ca\/fr\/produit\/864-et-1728f-masslink-colonne-montante-interieure-exterieure-avec-flexribbon\/"]}]},{"@type":"ImageObject","inLanguage":"fr-FR","@id":"https:\/\/nationalcablespecialists.ca\/fr\/produit\/864-et-1728f-masslink-colonne-montante-interieure-exterieure-avec-flexribbon\/#primaryimage","url":"https:\/\/nationalcablespecialists.ca\/wp-content\/uploads\/2024\/04\/864-1728-MassLink-FlexRibbon.jpg","contentUrl":"https:\/\/nationalcablespecialists.ca\/wp-content\/uploads\/2024\/04\/864-1728-MassLink-FlexRibbon.jpg","width":382,"height":382},{"@type":"BreadcrumbList","@id":"https:\/\/nationalcablespecialists.ca\/fr\/produit\/864-et-1728f-masslink-colonne-montante-interieure-exterieure-avec-flexribbon\/#breadcrumb","itemListElement":[{"@type":"ListItem","position":1,"name":"Produits","item":"https:\/\/nationalcablespecialists.ca\/our-products\/"},{"@type":"ListItem","position":2,"name":"Produits de t\u00e9l\u00e9communications","item":"https:\/\/nationalcablespecialists.ca\/fr\/categorie-produit\/produits-de-telecommunications\/"},{"@type":"ListItem","position":3,"name":"C\u00e2bles \u00e0 fibres optiques","item":"https:\/\/nationalcablespecialists.ca\/fr\/categorie-produit\/produits-de-telecommunications\/cables-a-fibres-optiques\/"},{"@type":"ListItem","position":4,"name":"864 et 1728F MassLink\u2122 Colonne montante int\u00e9rieure\/ext\u00e9rieure avec FlexRibbon\u2122"}]},{"@type":"WebSite","@id":"https:\/\/nationalcablespecialists.ca\/fr\/#website","url":"https:\/\/nationalcablespecialists.ca\/fr\/","name":"National Cable Specialists","description":"","publisher":{"@id":"https:\/\/nationalcablespecialists.ca\/fr\/#organization"},"potentialAction":[{"@type":"SearchAction","target":{"@type":"EntryPoint","urlTemplate":"https:\/\/nationalcablespecialists.ca\/fr\/?s={search_term_string}"},"query-input":{"@type":"PropertyValueSpecification","valueRequired":true,"valueName":"search_term_string"}}],"inLanguage":"fr-FR"},{"@type":"Organization","@id":"https:\/\/nationalcablespecialists.ca\/fr\/#organization","name":"National Cable Specialists","url":"https:\/\/nationalcablespecialists.ca\/fr\/","logo":{"@type":"ImageObject","inLanguage":"fr-FR","@id":"https:\/\/nationalcablespecialists.ca\/fr\/#\/schema\/logo\/image\/","url":"https:\/\/nationalcablespecialists.ca\/wp-content\/uploads\/2023\/01\/NCS_Lrg_Logo.png","contentUrl":"https:\/\/nationalcablespecialists.ca\/wp-content\/uploads\/2023\/01\/NCS_Lrg_Logo.png","width":1600,"height":840,"caption":"National Cable Specialists"},"image":{"@id":"https:\/\/nationalcablespecialists.ca\/fr\/#\/schema\/logo\/image\/"}}]}},"_links":{"self":[{"href":"https:\/\/nationalcablespecialists.ca\/fr\/wp-json\/wp\/v2\/product\/27484","targetHints":{"allow":["GET"]}}],"collection":[{"href":"https:\/\/nationalcablespecialists.ca\/fr\/wp-json\/wp\/v2\/product"}],"about":[{"href":"https:\/\/nationalcablespecialists.ca\/fr\/wp-json\/wp\/v2\/types\/product"}],"replies":[{"embeddable":true,"href":"https:\/\/nationalcablespecialists.ca\/fr\/wp-json\/wp\/v2\/comments?post=27484"}],"wp:featuredmedia":[{"embeddable":true,"href":"https:\/\/nationalcablespecialists.ca\/fr\/wp-json\/wp\/v2\/media\/27477"}],"wp:attachment":[{"href":"https:\/\/nationalcablespecialists.ca\/fr\/wp-json\/wp\/v2\/media?parent=27484"}],"wp:term":[{"taxonomy":"product_brand","embeddable":true,"href":"https:\/\/nationalcablespecialists.ca\/fr\/wp-json\/wp\/v2\/product_brand?post=27484"},{"taxonomy":"product_cat","embeddable":true,"href":"https:\/\/nationalcablespecialists.ca\/fr\/wp-json\/wp\/v2\/product_cat?post=27484"},{"taxonomy":"product_tag","embeddable":true,"href":"https:\/\/nationalcablespecialists.ca\/fr\/wp-json\/wp\/v2\/product_tag?post=27484"},{"taxonomy":"application","embeddable":true,"href":"https:\/\/nationalcablespecialists.ca\/fr\/wp-json\/wp\/v2\/application?post=27484"},{"taxonomy":"voltage-rating","embeddable":true,"href":"https:\/\/nationalcablespecialists.ca\/fr\/wp-json\/wp\/v2\/voltage-rating?post=27484"},{"taxonomy":"jacket-material","embeddable":true,"href":"https:\/\/nationalcablespecialists.ca\/fr\/wp-json\/wp\/v2\/jacket-material?post=27484"},{"taxonomy":"insulation-material","embeddable":true,"href":"https:\/\/nationalcablespecialists.ca\/fr\/wp-json\/wp\/v2\/insulation-material?post=27484"},{"taxonomy":"conductor-material","embeddable":true,"href":"https:\/\/nationalcablespecialists.ca\/fr\/wp-json\/wp\/v2\/conductor-material?post=27484"},{"taxonomy":"wire-gauge","embeddable":true,"href":"https:\/\/nationalcablespecialists.ca\/fr\/wp-json\/wp\/v2\/wire-gauge?post=27484"},{"taxonomy":"conductor","embeddable":true,"href":"https:\/\/nationalcablespecialists.ca\/fr\/wp-json\/wp\/v2\/conductor?post=27484"}],"curies":[{"name":"wp","href":"https:\/\/api.w.org\/{rel}","templated":true}]}}