{"id":27480,"date":"2024-04-26T12:31:38","date_gmt":"2024-04-26T19:31:38","guid":{"rendered":"https:\/\/nationalcablespecialists.ca\/product\/cable-a-fibre-optique-pour-microconduit-exterieur-tv06688\/"},"modified":"2024-04-29T12:19:35","modified_gmt":"2024-04-29T19:19:35","slug":"cable-a-fibre-optique-pour-microconduit-exterieur-tv06688","status":"publish","type":"product","link":"https:\/\/nationalcablespecialists.ca\/fr\/produit\/cable-a-fibre-optique-pour-microconduit-exterieur-tv06688\/","title":{"rendered":"C\u00e2ble \u00e0 fibre optique pour microconduit ext\u00e9rieur &#8211; TV06688"},"content":{"rendered":"<p>Tige en plastique renforc\u00e9e de fibres de verre (<strong>GRP) pour \u00e9l\u00e9ment de force central (CSM<\/strong>)<br \/>\n<strong>Tubes<\/strong> en mat\u00e9riau thermoplastique contenant 12 ou 24 fibres optiques et remplis d\u2019un compos\u00e9 d\u2019\u00e9tanch\u00e9it\u00e9 \u00e0 l\u2019eau appropri\u00e9<br \/>\nBarres thermoplastiques <strong>Filler Elements<\/strong>, en cas de besoin<br \/>\n<strong>Tubes \u00e0 structure libre toronn\u00e9s<\/strong> , SZ toronn\u00e9s autour du CSM<br \/>\n<strong>\u00c9tanch\u00e9it\u00e9 longitudinale \u00e0 l\u2019eau Mat\u00e9riaux<\/strong> gonflants \u00e0 l\u2019eau (noyau sec)<br \/>\n<strong>Gaine ext\u00e9rieure<\/strong> PEHD r\u00e9sistant aux UV, 1 cordon rouge en dessous<br \/>\n<strong>Les<\/strong> c\u00e2bles \u00e0 fibres optiques pour microconduits sont optimis\u00e9s pour l\u2019installation en soufflant dans des microconduits et des microconduits prot\u00e9g\u00e9s<br \/>\n<strong>Type de fibre<\/strong> G.657.A1 200 \u03bcm<br \/>\n<strong>Temp\u00e9rature<\/strong> Fonctionnement -30 \u00b0C \u00e0 +60 \u00b0C (-22 \u00b0F \u00e0 +140 \u00b0F), Installation -10 \u00b0C \u00e0 +50 \u00b0C (+14 \u00b0F \u00e0 +122 \u00b0F), Stockage -40 \u00b0C \u00e0 +70 \u00b0C (-40 \u00b0F \u00e0 +158 \u00b0F)<br \/>\n<strong>Rayon de courbure minimum<\/strong> Sous tension maximale 20 x \u00d8 c\u00e2ble, sans tension : 15 x \u00d8 c\u00e2ble<\/p>\n","protected":false},"excerpt":{"rendered":"<p>Tige en plastique renforc\u00e9e de fibres de verre (GRP) pour \u00e9l\u00e9ment de force central (CSM) Tubes en mat\u00e9riau thermoplastique contenant 12 ou 24 fibres optiques et remplis d\u2019un compos\u00e9 d\u2019\u00e9tanch\u00e9it\u00e9 \u00e0 l\u2019eau appropri\u00e9 Barres thermoplastiques Filler Elements, en cas de besoin Tubes \u00e0 structure libre toronn\u00e9s , SZ toronn\u00e9s autour du CSM \u00c9tanch\u00e9it\u00e9 longitudinale \u00e0 [&hellip;]<\/p>\n","protected":false},"featured_media":27407,"comment_status":"closed","ping_status":"closed","template":"","meta":{"_acf_changed":false},"product_brand":[],"product_cat":[702],"product_tag":[748,1200],"application":[1198],"voltage-rating":[],"jacket-material":[],"insulation-material":[],"conductor-material":[],"wire-gauge":[],"conductor":[],"class_list":{"0":"post-27480","1":"product","2":"type-product","3":"status-publish","4":"has-post-thumbnail","6":"product_cat-cables-a-fibres-optiques","7":"product_tag-exterieur","8":"product_tag-microconduit","9":"application-fibre-optique","11":"first","12":"instock","13":"shipping-taxable","14":"product-type-variable"},"acf":[],"yoast_head":"<!-- This site is optimized with the Yoast SEO plugin v26.2 - https:\/\/yoast.com\/wordpress\/plugins\/seo\/ -->\n<title>C\u00e2ble \u00e0 fibre optique pour microconduit ext\u00e9rieur - TV06688 - National Cable Specialists<\/title>\n<meta name=\"description\" content=\"National Cable Specialists carries a selection of C\u00e2ble \u00e0 fibre optique pour microconduit ext\u00e9rieur - TV06688 for sale. Visit our website to learn more information.\" \/>\n<meta name=\"robots\" content=\"index, follow, max-snippet:-1, max-image-preview:large, max-video-preview:-1\" \/>\n<link rel=\"canonical\" href=\"https:\/\/nationalcablespecialists.ca\/fr\/produit\/cable-a-fibre-optique-pour-microconduit-exterieur-tv06688\/\" \/>\n<meta property=\"og:locale\" content=\"fr_FR\" \/>\n<meta property=\"og:type\" content=\"article\" \/>\n<meta property=\"og:title\" content=\"C\u00e2ble \u00e0 fibre optique pour microconduit ext\u00e9rieur - TV06688 - National Cable Specialists\" \/>\n<meta property=\"og:description\" content=\"National Cable Specialists carries a selection of C\u00e2ble \u00e0 fibre optique pour microconduit ext\u00e9rieur - TV06688 for sale. Visit our website to learn more information.\" \/>\n<meta property=\"og:url\" content=\"https:\/\/nationalcablespecialists.ca\/fr\/produit\/cable-a-fibre-optique-pour-microconduit-exterieur-tv06688\/\" \/>\n<meta property=\"og:site_name\" content=\"National Cable Specialists\" \/>\n<meta property=\"article:modified_time\" content=\"2024-04-29T19:19:35+00:00\" \/>\n<meta property=\"og:image\" content=\"https:\/\/nationalcablespecialists.ca\/wp-content\/uploads\/2024\/04\/TV06688.jpg\" \/>\n\t<meta property=\"og:image:width\" content=\"473\" \/>\n\t<meta property=\"og:image:height\" content=\"473\" \/>\n\t<meta property=\"og:image:type\" content=\"image\/jpeg\" \/>\n<meta name=\"twitter:card\" content=\"summary_large_image\" \/>\n<meta name=\"twitter:label1\" content=\"Dur\u00e9e de lecture estim\u00e9e\" \/>\n\t<meta name=\"twitter:data1\" content=\"1 minute\" \/>\n<script type=\"application\/ld+json\" class=\"yoast-schema-graph\">{\"@context\":\"https:\/\/schema.org\",\"@graph\":[{\"@type\":\"WebPage\",\"@id\":\"https:\/\/nationalcablespecialists.ca\/fr\/produit\/cable-a-fibre-optique-pour-microconduit-exterieur-tv06688\/\",\"url\":\"https:\/\/nationalcablespecialists.ca\/fr\/produit\/cable-a-fibre-optique-pour-microconduit-exterieur-tv06688\/\",\"name\":\"C\u00e2ble \u00e0 fibre optique pour microconduit ext\u00e9rieur - TV06688 - National Cable Specialists\",\"isPartOf\":{\"@id\":\"https:\/\/nationalcablespecialists.ca\/fr\/#website\"},\"primaryImageOfPage\":{\"@id\":\"https:\/\/nationalcablespecialists.ca\/fr\/produit\/cable-a-fibre-optique-pour-microconduit-exterieur-tv06688\/#primaryimage\"},\"image\":{\"@id\":\"https:\/\/nationalcablespecialists.ca\/fr\/produit\/cable-a-fibre-optique-pour-microconduit-exterieur-tv06688\/#primaryimage\"},\"thumbnailUrl\":\"https:\/\/nationalcablespecialists.ca\/wp-content\/uploads\/2024\/04\/TV06688.jpg\",\"datePublished\":\"2024-04-26T19:31:38+00:00\",\"dateModified\":\"2024-04-29T19:19:35+00:00\",\"description\":\"National Cable Specialists carries a selection of C\u00e2ble \u00e0 fibre optique pour microconduit ext\u00e9rieur - TV06688 for sale. Visit our website to learn more information.\",\"breadcrumb\":{\"@id\":\"https:\/\/nationalcablespecialists.ca\/fr\/produit\/cable-a-fibre-optique-pour-microconduit-exterieur-tv06688\/#breadcrumb\"},\"inLanguage\":\"fr-FR\",\"potentialAction\":[{\"@type\":\"ReadAction\",\"target\":[\"https:\/\/nationalcablespecialists.ca\/fr\/produit\/cable-a-fibre-optique-pour-microconduit-exterieur-tv06688\/\"]}]},{\"@type\":\"ImageObject\",\"inLanguage\":\"fr-FR\",\"@id\":\"https:\/\/nationalcablespecialists.ca\/fr\/produit\/cable-a-fibre-optique-pour-microconduit-exterieur-tv06688\/#primaryimage\",\"url\":\"https:\/\/nationalcablespecialists.ca\/wp-content\/uploads\/2024\/04\/TV06688.jpg\",\"contentUrl\":\"https:\/\/nationalcablespecialists.ca\/wp-content\/uploads\/2024\/04\/TV06688.jpg\",\"width\":473,\"height\":473},{\"@type\":\"BreadcrumbList\",\"@id\":\"https:\/\/nationalcablespecialists.ca\/fr\/produit\/cable-a-fibre-optique-pour-microconduit-exterieur-tv06688\/#breadcrumb\",\"itemListElement\":[{\"@type\":\"ListItem\",\"position\":1,\"name\":\"Produits\",\"item\":\"https:\/\/nationalcablespecialists.ca\/our-products\/\"},{\"@type\":\"ListItem\",\"position\":2,\"name\":\"Produits de t\u00e9l\u00e9communications\",\"item\":\"https:\/\/nationalcablespecialists.ca\/fr\/categorie-produit\/produits-de-telecommunications\/\"},{\"@type\":\"ListItem\",\"position\":3,\"name\":\"C\u00e2bles \u00e0 fibres optiques\",\"item\":\"https:\/\/nationalcablespecialists.ca\/fr\/categorie-produit\/produits-de-telecommunications\/cables-a-fibres-optiques\/\"},{\"@type\":\"ListItem\",\"position\":4,\"name\":\"C\u00e2ble \u00e0 fibre optique pour microconduit ext\u00e9rieur &#8211; TV06688\"}]},{\"@type\":\"WebSite\",\"@id\":\"https:\/\/nationalcablespecialists.ca\/fr\/#website\",\"url\":\"https:\/\/nationalcablespecialists.ca\/fr\/\",\"name\":\"National Cable Specialists\",\"description\":\"\",\"publisher\":{\"@id\":\"https:\/\/nationalcablespecialists.ca\/fr\/#organization\"},\"potentialAction\":[{\"@type\":\"SearchAction\",\"target\":{\"@type\":\"EntryPoint\",\"urlTemplate\":\"https:\/\/nationalcablespecialists.ca\/fr\/?s={search_term_string}\"},\"query-input\":{\"@type\":\"PropertyValueSpecification\",\"valueRequired\":true,\"valueName\":\"search_term_string\"}}],\"inLanguage\":\"fr-FR\"},{\"@type\":\"Organization\",\"@id\":\"https:\/\/nationalcablespecialists.ca\/fr\/#organization\",\"name\":\"National Cable Specialists\",\"url\":\"https:\/\/nationalcablespecialists.ca\/fr\/\",\"logo\":{\"@type\":\"ImageObject\",\"inLanguage\":\"fr-FR\",\"@id\":\"https:\/\/nationalcablespecialists.ca\/fr\/#\/schema\/logo\/image\/\",\"url\":\"https:\/\/nationalcablespecialists.ca\/wp-content\/uploads\/2023\/01\/NCS_Lrg_Logo.png\",\"contentUrl\":\"https:\/\/nationalcablespecialists.ca\/wp-content\/uploads\/2023\/01\/NCS_Lrg_Logo.png\",\"width\":1600,\"height\":840,\"caption\":\"National Cable Specialists\"},\"image\":{\"@id\":\"https:\/\/nationalcablespecialists.ca\/fr\/#\/schema\/logo\/image\/\"}}]}<\/script>\n<!-- \/ Yoast SEO plugin. -->","yoast_head_json":{"title":"C\u00e2ble \u00e0 fibre optique pour microconduit ext\u00e9rieur - TV06688 - National Cable Specialists","description":"National Cable Specialists carries a selection of C\u00e2ble \u00e0 fibre optique pour microconduit ext\u00e9rieur - TV06688 for sale. Visit our website to learn more information.","robots":{"index":"index","follow":"follow","max-snippet":"max-snippet:-1","max-image-preview":"max-image-preview:large","max-video-preview":"max-video-preview:-1"},"canonical":"https:\/\/nationalcablespecialists.ca\/fr\/produit\/cable-a-fibre-optique-pour-microconduit-exterieur-tv06688\/","og_locale":"fr_FR","og_type":"article","og_title":"C\u00e2ble \u00e0 fibre optique pour microconduit ext\u00e9rieur - TV06688 - National Cable Specialists","og_description":"National Cable Specialists carries a selection of C\u00e2ble \u00e0 fibre optique pour microconduit ext\u00e9rieur - TV06688 for sale. Visit our website to learn more information.","og_url":"https:\/\/nationalcablespecialists.ca\/fr\/produit\/cable-a-fibre-optique-pour-microconduit-exterieur-tv06688\/","og_site_name":"National Cable Specialists","article_modified_time":"2024-04-29T19:19:35+00:00","og_image":[{"width":473,"height":473,"url":"https:\/\/nationalcablespecialists.ca\/wp-content\/uploads\/2024\/04\/TV06688.jpg","type":"image\/jpeg"}],"twitter_card":"summary_large_image","twitter_misc":{"Dur\u00e9e de lecture estim\u00e9e":"1 minute"},"schema":{"@context":"https:\/\/schema.org","@graph":[{"@type":"WebPage","@id":"https:\/\/nationalcablespecialists.ca\/fr\/produit\/cable-a-fibre-optique-pour-microconduit-exterieur-tv06688\/","url":"https:\/\/nationalcablespecialists.ca\/fr\/produit\/cable-a-fibre-optique-pour-microconduit-exterieur-tv06688\/","name":"C\u00e2ble \u00e0 fibre optique pour microconduit ext\u00e9rieur - TV06688 - National Cable Specialists","isPartOf":{"@id":"https:\/\/nationalcablespecialists.ca\/fr\/#website"},"primaryImageOfPage":{"@id":"https:\/\/nationalcablespecialists.ca\/fr\/produit\/cable-a-fibre-optique-pour-microconduit-exterieur-tv06688\/#primaryimage"},"image":{"@id":"https:\/\/nationalcablespecialists.ca\/fr\/produit\/cable-a-fibre-optique-pour-microconduit-exterieur-tv06688\/#primaryimage"},"thumbnailUrl":"https:\/\/nationalcablespecialists.ca\/wp-content\/uploads\/2024\/04\/TV06688.jpg","datePublished":"2024-04-26T19:31:38+00:00","dateModified":"2024-04-29T19:19:35+00:00","description":"National Cable Specialists carries a selection of C\u00e2ble \u00e0 fibre optique pour microconduit ext\u00e9rieur - TV06688 for sale. Visit our website to learn more information.","breadcrumb":{"@id":"https:\/\/nationalcablespecialists.ca\/fr\/produit\/cable-a-fibre-optique-pour-microconduit-exterieur-tv06688\/#breadcrumb"},"inLanguage":"fr-FR","potentialAction":[{"@type":"ReadAction","target":["https:\/\/nationalcablespecialists.ca\/fr\/produit\/cable-a-fibre-optique-pour-microconduit-exterieur-tv06688\/"]}]},{"@type":"ImageObject","inLanguage":"fr-FR","@id":"https:\/\/nationalcablespecialists.ca\/fr\/produit\/cable-a-fibre-optique-pour-microconduit-exterieur-tv06688\/#primaryimage","url":"https:\/\/nationalcablespecialists.ca\/wp-content\/uploads\/2024\/04\/TV06688.jpg","contentUrl":"https:\/\/nationalcablespecialists.ca\/wp-content\/uploads\/2024\/04\/TV06688.jpg","width":473,"height":473},{"@type":"BreadcrumbList","@id":"https:\/\/nationalcablespecialists.ca\/fr\/produit\/cable-a-fibre-optique-pour-microconduit-exterieur-tv06688\/#breadcrumb","itemListElement":[{"@type":"ListItem","position":1,"name":"Produits","item":"https:\/\/nationalcablespecialists.ca\/our-products\/"},{"@type":"ListItem","position":2,"name":"Produits de t\u00e9l\u00e9communications","item":"https:\/\/nationalcablespecialists.ca\/fr\/categorie-produit\/produits-de-telecommunications\/"},{"@type":"ListItem","position":3,"name":"C\u00e2bles \u00e0 fibres optiques","item":"https:\/\/nationalcablespecialists.ca\/fr\/categorie-produit\/produits-de-telecommunications\/cables-a-fibres-optiques\/"},{"@type":"ListItem","position":4,"name":"C\u00e2ble \u00e0 fibre optique pour microconduit ext\u00e9rieur &#8211; TV06688"}]},{"@type":"WebSite","@id":"https:\/\/nationalcablespecialists.ca\/fr\/#website","url":"https:\/\/nationalcablespecialists.ca\/fr\/","name":"National Cable Specialists","description":"","publisher":{"@id":"https:\/\/nationalcablespecialists.ca\/fr\/#organization"},"potentialAction":[{"@type":"SearchAction","target":{"@type":"EntryPoint","urlTemplate":"https:\/\/nationalcablespecialists.ca\/fr\/?s={search_term_string}"},"query-input":{"@type":"PropertyValueSpecification","valueRequired":true,"valueName":"search_term_string"}}],"inLanguage":"fr-FR"},{"@type":"Organization","@id":"https:\/\/nationalcablespecialists.ca\/fr\/#organization","name":"National Cable Specialists","url":"https:\/\/nationalcablespecialists.ca\/fr\/","logo":{"@type":"ImageObject","inLanguage":"fr-FR","@id":"https:\/\/nationalcablespecialists.ca\/fr\/#\/schema\/logo\/image\/","url":"https:\/\/nationalcablespecialists.ca\/wp-content\/uploads\/2023\/01\/NCS_Lrg_Logo.png","contentUrl":"https:\/\/nationalcablespecialists.ca\/wp-content\/uploads\/2023\/01\/NCS_Lrg_Logo.png","width":1600,"height":840,"caption":"National Cable Specialists"},"image":{"@id":"https:\/\/nationalcablespecialists.ca\/fr\/#\/schema\/logo\/image\/"}}]}},"_links":{"self":[{"href":"https:\/\/nationalcablespecialists.ca\/fr\/wp-json\/wp\/v2\/product\/27480","targetHints":{"allow":["GET"]}}],"collection":[{"href":"https:\/\/nationalcablespecialists.ca\/fr\/wp-json\/wp\/v2\/product"}],"about":[{"href":"https:\/\/nationalcablespecialists.ca\/fr\/wp-json\/wp\/v2\/types\/product"}],"replies":[{"embeddable":true,"href":"https:\/\/nationalcablespecialists.ca\/fr\/wp-json\/wp\/v2\/comments?post=27480"}],"wp:featuredmedia":[{"embeddable":true,"href":"https:\/\/nationalcablespecialists.ca\/fr\/wp-json\/wp\/v2\/media\/27407"}],"wp:attachment":[{"href":"https:\/\/nationalcablespecialists.ca\/fr\/wp-json\/wp\/v2\/media?parent=27480"}],"wp:term":[{"taxonomy":"product_brand","embeddable":true,"href":"https:\/\/nationalcablespecialists.ca\/fr\/wp-json\/wp\/v2\/product_brand?post=27480"},{"taxonomy":"product_cat","embeddable":true,"href":"https:\/\/nationalcablespecialists.ca\/fr\/wp-json\/wp\/v2\/product_cat?post=27480"},{"taxonomy":"product_tag","embeddable":true,"href":"https:\/\/nationalcablespecialists.ca\/fr\/wp-json\/wp\/v2\/product_tag?post=27480"},{"taxonomy":"application","embeddable":true,"href":"https:\/\/nationalcablespecialists.ca\/fr\/wp-json\/wp\/v2\/application?post=27480"},{"taxonomy":"voltage-rating","embeddable":true,"href":"https:\/\/nationalcablespecialists.ca\/fr\/wp-json\/wp\/v2\/voltage-rating?post=27480"},{"taxonomy":"jacket-material","embeddable":true,"href":"https:\/\/nationalcablespecialists.ca\/fr\/wp-json\/wp\/v2\/jacket-material?post=27480"},{"taxonomy":"insulation-material","embeddable":true,"href":"https:\/\/nationalcablespecialists.ca\/fr\/wp-json\/wp\/v2\/insulation-material?post=27480"},{"taxonomy":"conductor-material","embeddable":true,"href":"https:\/\/nationalcablespecialists.ca\/fr\/wp-json\/wp\/v2\/conductor-material?post=27480"},{"taxonomy":"wire-gauge","embeddable":true,"href":"https:\/\/nationalcablespecialists.ca\/fr\/wp-json\/wp\/v2\/wire-gauge?post=27480"},{"taxonomy":"conductor","embeddable":true,"href":"https:\/\/nationalcablespecialists.ca\/fr\/wp-json\/wp\/v2\/conductor?post=27480"}],"curies":[{"name":"wp","href":"https:\/\/api.w.org\/{rel}","templated":true}]}}