{"id":27478,"date":"2024-04-25T10:01:14","date_gmt":"2024-04-25T17:01:14","guid":{"rendered":"https:\/\/nationalcablespecialists.ca\/product\/cable-de-montage-a-tampon-serre-interieur-exterieur\/"},"modified":"2024-04-29T12:19:37","modified_gmt":"2024-04-29T19:19:37","slug":"cable-de-montage-a-tampon-serre-interieur-exterieur","status":"publish","type":"product","link":"https:\/\/nationalcablespecialists.ca\/fr\/produit\/cable-de-montage-a-tampon-serre-interieur-exterieur\/","title":{"rendered":"C\u00e2ble de montage \u00e0 tampon serr\u00e9 int\u00e9rieur-ext\u00e9rieur"},"content":{"rendered":"<p><strong>Applications<\/strong> C\u00e2ble polyvalent int\u00e9rieur-ext\u00e9rieur \u00e0 tampon serr\u00e9 pour une utilisation avec des connecteurs installables sur site.<br \/>\n<strong>Constructions<\/strong> Unit\u00e9 simple (\u2264 24f)&nbsp;; Sous-unit\u00e9s (\u2265 18f)&nbsp;; Armure de verrouillage en option<br \/>\n<strong>Indices de flamme<\/strong> Colonne montante (OFNR \/ OFCR \/ FT4) ; Pl\u00e9num (OFNP \/ OFCP \/ FT6)<br \/>\n<strong>Nombre de fibres<\/strong> 24<br \/>\n<strong>Types de fibres<\/strong> Monomode (ESMF, insensible \u00e0 la courbure) multimode (62,5\/125-OM1, 50\/125- OM2+, OM3 et OM4)<br \/>\n<strong>Rayon de courbure<\/strong> Charge 16,3 cm (6,4 pouces), Sans charge 8,2 cm (3,2 pouces)<br \/>\n<strong>Max. Charge d\u2019installation<\/strong>  (Force de traction) 1335 N (300 lbs)<br \/>\n<strong>Max. Charge d\u2019op\u00e9ration<\/strong>  400 N (90 livres)<br \/>\n<strong>Normes<\/strong> TIA\/EIA-568, ANSI\/ICEA S-83-596, ANSI\/ICEA S-104-696, UL-1666, NFPA 262, CSA 22.2 Telcordia GR-409, Telcordia GR-20, CE RoHS Compliant (Conforme aux normes ISO 9001, ISO 14001, TL 9000 et OHSAS 18001)<\/p>\n","protected":false},"excerpt":{"rendered":"<p>Applications C\u00e2ble polyvalent int\u00e9rieur-ext\u00e9rieur \u00e0 tampon serr\u00e9 pour une utilisation avec des connecteurs installables sur site. Constructions Unit\u00e9 simple (\u2264 24f)&nbsp;; Sous-unit\u00e9s (\u2265 18f)&nbsp;; Armure de verrouillage en option Indices de flamme Colonne montante (OFNR \/ OFCR \/ FT4) ; Pl\u00e9num (OFNP \/ OFCP \/ FT6) Nombre de fibres 24 Types de fibres Monomode (ESMF, [&hellip;]<\/p>\n","protected":false},"featured_media":27355,"comment_status":"closed","ping_status":"closed","template":"","meta":{"_acf_changed":false},"product_brand":[],"product_cat":[702],"product_tag":[747,1199],"application":[1198],"voltage-rating":[],"jacket-material":[],"insulation-material":[],"conductor-material":[],"wire-gauge":[],"conductor":[],"class_list":{"0":"post-27478","1":"product","2":"type-product","3":"status-publish","4":"has-post-thumbnail","6":"product_cat-cables-a-fibres-optiques","7":"product_tag-elevateur","8":"product_tag-tampon-serre","9":"application-fibre-optique","11":"first","12":"instock","13":"shipping-taxable","14":"product-type-variable"},"acf":[],"yoast_head":"<!-- This site is optimized with the Yoast SEO plugin v26.2 - https:\/\/yoast.com\/wordpress\/plugins\/seo\/ -->\n<title>C\u00e2ble de montage \u00e0 tampon serr\u00e9 int\u00e9rieur-ext\u00e9rieur - National Cable Specialists<\/title>\n<meta name=\"description\" content=\"National Cable Specialists carries a selection of C\u00e2ble de montage \u00e0 tampon serr\u00e9 int\u00e9rieur-ext\u00e9rieur for sale. Visit our website to learn more information.\" \/>\n<meta name=\"robots\" content=\"index, follow, max-snippet:-1, max-image-preview:large, max-video-preview:-1\" \/>\n<link rel=\"canonical\" href=\"https:\/\/nationalcablespecialists.ca\/fr\/produit\/cable-de-montage-a-tampon-serre-interieur-exterieur\/\" \/>\n<meta property=\"og:locale\" content=\"fr_FR\" \/>\n<meta property=\"og:type\" content=\"article\" \/>\n<meta property=\"og:title\" content=\"C\u00e2ble de montage \u00e0 tampon serr\u00e9 int\u00e9rieur-ext\u00e9rieur - National Cable Specialists\" \/>\n<meta property=\"og:description\" content=\"National Cable Specialists carries a selection of C\u00e2ble de montage \u00e0 tampon serr\u00e9 int\u00e9rieur-ext\u00e9rieur for sale. Visit our website to learn more information.\" \/>\n<meta property=\"og:url\" content=\"https:\/\/nationalcablespecialists.ca\/fr\/produit\/cable-de-montage-a-tampon-serre-interieur-exterieur\/\" \/>\n<meta property=\"og:site_name\" content=\"National Cable Specialists\" \/>\n<meta property=\"article:modified_time\" content=\"2024-04-29T19:19:37+00:00\" \/>\n<meta property=\"og:image\" content=\"https:\/\/nationalcablespecialists.ca\/wp-content\/uploads\/2024\/04\/ezDistribution-In-Out-Tight-Buffered.jpg\" \/>\n\t<meta property=\"og:image:width\" content=\"382\" \/>\n\t<meta property=\"og:image:height\" content=\"382\" \/>\n\t<meta property=\"og:image:type\" content=\"image\/jpeg\" \/>\n<meta name=\"twitter:card\" content=\"summary_large_image\" \/>\n<meta name=\"twitter:label1\" content=\"Dur\u00e9e de lecture estim\u00e9e\" \/>\n\t<meta name=\"twitter:data1\" content=\"1 minute\" \/>\n<script type=\"application\/ld+json\" class=\"yoast-schema-graph\">{\"@context\":\"https:\/\/schema.org\",\"@graph\":[{\"@type\":\"WebPage\",\"@id\":\"https:\/\/nationalcablespecialists.ca\/fr\/produit\/cable-de-montage-a-tampon-serre-interieur-exterieur\/\",\"url\":\"https:\/\/nationalcablespecialists.ca\/fr\/produit\/cable-de-montage-a-tampon-serre-interieur-exterieur\/\",\"name\":\"C\u00e2ble de montage \u00e0 tampon serr\u00e9 int\u00e9rieur-ext\u00e9rieur - National Cable Specialists\",\"isPartOf\":{\"@id\":\"https:\/\/nationalcablespecialists.ca\/fr\/#website\"},\"primaryImageOfPage\":{\"@id\":\"https:\/\/nationalcablespecialists.ca\/fr\/produit\/cable-de-montage-a-tampon-serre-interieur-exterieur\/#primaryimage\"},\"image\":{\"@id\":\"https:\/\/nationalcablespecialists.ca\/fr\/produit\/cable-de-montage-a-tampon-serre-interieur-exterieur\/#primaryimage\"},\"thumbnailUrl\":\"https:\/\/nationalcablespecialists.ca\/wp-content\/uploads\/2024\/04\/ezDistribution-In-Out-Tight-Buffered.jpg\",\"datePublished\":\"2024-04-25T17:01:14+00:00\",\"dateModified\":\"2024-04-29T19:19:37+00:00\",\"description\":\"National Cable Specialists carries a selection of C\u00e2ble de montage \u00e0 tampon serr\u00e9 int\u00e9rieur-ext\u00e9rieur for sale. Visit our website to learn more information.\",\"breadcrumb\":{\"@id\":\"https:\/\/nationalcablespecialists.ca\/fr\/produit\/cable-de-montage-a-tampon-serre-interieur-exterieur\/#breadcrumb\"},\"inLanguage\":\"fr-FR\",\"potentialAction\":[{\"@type\":\"ReadAction\",\"target\":[\"https:\/\/nationalcablespecialists.ca\/fr\/produit\/cable-de-montage-a-tampon-serre-interieur-exterieur\/\"]}]},{\"@type\":\"ImageObject\",\"inLanguage\":\"fr-FR\",\"@id\":\"https:\/\/nationalcablespecialists.ca\/fr\/produit\/cable-de-montage-a-tampon-serre-interieur-exterieur\/#primaryimage\",\"url\":\"https:\/\/nationalcablespecialists.ca\/wp-content\/uploads\/2024\/04\/ezDistribution-In-Out-Tight-Buffered.jpg\",\"contentUrl\":\"https:\/\/nationalcablespecialists.ca\/wp-content\/uploads\/2024\/04\/ezDistribution-In-Out-Tight-Buffered.jpg\",\"width\":382,\"height\":382},{\"@type\":\"BreadcrumbList\",\"@id\":\"https:\/\/nationalcablespecialists.ca\/fr\/produit\/cable-de-montage-a-tampon-serre-interieur-exterieur\/#breadcrumb\",\"itemListElement\":[{\"@type\":\"ListItem\",\"position\":1,\"name\":\"Produits\",\"item\":\"https:\/\/nationalcablespecialists.ca\/our-products\/\"},{\"@type\":\"ListItem\",\"position\":2,\"name\":\"Produits de t\u00e9l\u00e9communications\",\"item\":\"https:\/\/nationalcablespecialists.ca\/fr\/categorie-produit\/produits-de-telecommunications\/\"},{\"@type\":\"ListItem\",\"position\":3,\"name\":\"C\u00e2bles \u00e0 fibres optiques\",\"item\":\"https:\/\/nationalcablespecialists.ca\/fr\/categorie-produit\/produits-de-telecommunications\/cables-a-fibres-optiques\/\"},{\"@type\":\"ListItem\",\"position\":4,\"name\":\"C\u00e2ble de montage \u00e0 tampon serr\u00e9 int\u00e9rieur-ext\u00e9rieur\"}]},{\"@type\":\"WebSite\",\"@id\":\"https:\/\/nationalcablespecialists.ca\/fr\/#website\",\"url\":\"https:\/\/nationalcablespecialists.ca\/fr\/\",\"name\":\"National Cable Specialists\",\"description\":\"\",\"publisher\":{\"@id\":\"https:\/\/nationalcablespecialists.ca\/fr\/#organization\"},\"potentialAction\":[{\"@type\":\"SearchAction\",\"target\":{\"@type\":\"EntryPoint\",\"urlTemplate\":\"https:\/\/nationalcablespecialists.ca\/fr\/?s={search_term_string}\"},\"query-input\":{\"@type\":\"PropertyValueSpecification\",\"valueRequired\":true,\"valueName\":\"search_term_string\"}}],\"inLanguage\":\"fr-FR\"},{\"@type\":\"Organization\",\"@id\":\"https:\/\/nationalcablespecialists.ca\/fr\/#organization\",\"name\":\"National Cable Specialists\",\"url\":\"https:\/\/nationalcablespecialists.ca\/fr\/\",\"logo\":{\"@type\":\"ImageObject\",\"inLanguage\":\"fr-FR\",\"@id\":\"https:\/\/nationalcablespecialists.ca\/fr\/#\/schema\/logo\/image\/\",\"url\":\"https:\/\/nationalcablespecialists.ca\/wp-content\/uploads\/2023\/01\/NCS_Lrg_Logo.png\",\"contentUrl\":\"https:\/\/nationalcablespecialists.ca\/wp-content\/uploads\/2023\/01\/NCS_Lrg_Logo.png\",\"width\":1600,\"height\":840,\"caption\":\"National Cable Specialists\"},\"image\":{\"@id\":\"https:\/\/nationalcablespecialists.ca\/fr\/#\/schema\/logo\/image\/\"}}]}<\/script>\n<!-- \/ Yoast SEO plugin. -->","yoast_head_json":{"title":"C\u00e2ble de montage \u00e0 tampon serr\u00e9 int\u00e9rieur-ext\u00e9rieur - National Cable Specialists","description":"National Cable Specialists carries a selection of C\u00e2ble de montage \u00e0 tampon serr\u00e9 int\u00e9rieur-ext\u00e9rieur for sale. Visit our website to learn more information.","robots":{"index":"index","follow":"follow","max-snippet":"max-snippet:-1","max-image-preview":"max-image-preview:large","max-video-preview":"max-video-preview:-1"},"canonical":"https:\/\/nationalcablespecialists.ca\/fr\/produit\/cable-de-montage-a-tampon-serre-interieur-exterieur\/","og_locale":"fr_FR","og_type":"article","og_title":"C\u00e2ble de montage \u00e0 tampon serr\u00e9 int\u00e9rieur-ext\u00e9rieur - National Cable Specialists","og_description":"National Cable Specialists carries a selection of C\u00e2ble de montage \u00e0 tampon serr\u00e9 int\u00e9rieur-ext\u00e9rieur for sale. Visit our website to learn more information.","og_url":"https:\/\/nationalcablespecialists.ca\/fr\/produit\/cable-de-montage-a-tampon-serre-interieur-exterieur\/","og_site_name":"National Cable Specialists","article_modified_time":"2024-04-29T19:19:37+00:00","og_image":[{"width":382,"height":382,"url":"https:\/\/nationalcablespecialists.ca\/wp-content\/uploads\/2024\/04\/ezDistribution-In-Out-Tight-Buffered.jpg","type":"image\/jpeg"}],"twitter_card":"summary_large_image","twitter_misc":{"Dur\u00e9e de lecture estim\u00e9e":"1 minute"},"schema":{"@context":"https:\/\/schema.org","@graph":[{"@type":"WebPage","@id":"https:\/\/nationalcablespecialists.ca\/fr\/produit\/cable-de-montage-a-tampon-serre-interieur-exterieur\/","url":"https:\/\/nationalcablespecialists.ca\/fr\/produit\/cable-de-montage-a-tampon-serre-interieur-exterieur\/","name":"C\u00e2ble de montage \u00e0 tampon serr\u00e9 int\u00e9rieur-ext\u00e9rieur - National Cable Specialists","isPartOf":{"@id":"https:\/\/nationalcablespecialists.ca\/fr\/#website"},"primaryImageOfPage":{"@id":"https:\/\/nationalcablespecialists.ca\/fr\/produit\/cable-de-montage-a-tampon-serre-interieur-exterieur\/#primaryimage"},"image":{"@id":"https:\/\/nationalcablespecialists.ca\/fr\/produit\/cable-de-montage-a-tampon-serre-interieur-exterieur\/#primaryimage"},"thumbnailUrl":"https:\/\/nationalcablespecialists.ca\/wp-content\/uploads\/2024\/04\/ezDistribution-In-Out-Tight-Buffered.jpg","datePublished":"2024-04-25T17:01:14+00:00","dateModified":"2024-04-29T19:19:37+00:00","description":"National Cable Specialists carries a selection of C\u00e2ble de montage \u00e0 tampon serr\u00e9 int\u00e9rieur-ext\u00e9rieur for sale. Visit our website to learn more information.","breadcrumb":{"@id":"https:\/\/nationalcablespecialists.ca\/fr\/produit\/cable-de-montage-a-tampon-serre-interieur-exterieur\/#breadcrumb"},"inLanguage":"fr-FR","potentialAction":[{"@type":"ReadAction","target":["https:\/\/nationalcablespecialists.ca\/fr\/produit\/cable-de-montage-a-tampon-serre-interieur-exterieur\/"]}]},{"@type":"ImageObject","inLanguage":"fr-FR","@id":"https:\/\/nationalcablespecialists.ca\/fr\/produit\/cable-de-montage-a-tampon-serre-interieur-exterieur\/#primaryimage","url":"https:\/\/nationalcablespecialists.ca\/wp-content\/uploads\/2024\/04\/ezDistribution-In-Out-Tight-Buffered.jpg","contentUrl":"https:\/\/nationalcablespecialists.ca\/wp-content\/uploads\/2024\/04\/ezDistribution-In-Out-Tight-Buffered.jpg","width":382,"height":382},{"@type":"BreadcrumbList","@id":"https:\/\/nationalcablespecialists.ca\/fr\/produit\/cable-de-montage-a-tampon-serre-interieur-exterieur\/#breadcrumb","itemListElement":[{"@type":"ListItem","position":1,"name":"Produits","item":"https:\/\/nationalcablespecialists.ca\/our-products\/"},{"@type":"ListItem","position":2,"name":"Produits de t\u00e9l\u00e9communications","item":"https:\/\/nationalcablespecialists.ca\/fr\/categorie-produit\/produits-de-telecommunications\/"},{"@type":"ListItem","position":3,"name":"C\u00e2bles \u00e0 fibres optiques","item":"https:\/\/nationalcablespecialists.ca\/fr\/categorie-produit\/produits-de-telecommunications\/cables-a-fibres-optiques\/"},{"@type":"ListItem","position":4,"name":"C\u00e2ble de montage \u00e0 tampon serr\u00e9 int\u00e9rieur-ext\u00e9rieur"}]},{"@type":"WebSite","@id":"https:\/\/nationalcablespecialists.ca\/fr\/#website","url":"https:\/\/nationalcablespecialists.ca\/fr\/","name":"National Cable Specialists","description":"","publisher":{"@id":"https:\/\/nationalcablespecialists.ca\/fr\/#organization"},"potentialAction":[{"@type":"SearchAction","target":{"@type":"EntryPoint","urlTemplate":"https:\/\/nationalcablespecialists.ca\/fr\/?s={search_term_string}"},"query-input":{"@type":"PropertyValueSpecification","valueRequired":true,"valueName":"search_term_string"}}],"inLanguage":"fr-FR"},{"@type":"Organization","@id":"https:\/\/nationalcablespecialists.ca\/fr\/#organization","name":"National Cable Specialists","url":"https:\/\/nationalcablespecialists.ca\/fr\/","logo":{"@type":"ImageObject","inLanguage":"fr-FR","@id":"https:\/\/nationalcablespecialists.ca\/fr\/#\/schema\/logo\/image\/","url":"https:\/\/nationalcablespecialists.ca\/wp-content\/uploads\/2023\/01\/NCS_Lrg_Logo.png","contentUrl":"https:\/\/nationalcablespecialists.ca\/wp-content\/uploads\/2023\/01\/NCS_Lrg_Logo.png","width":1600,"height":840,"caption":"National Cable Specialists"},"image":{"@id":"https:\/\/nationalcablespecialists.ca\/fr\/#\/schema\/logo\/image\/"}}]}},"_links":{"self":[{"href":"https:\/\/nationalcablespecialists.ca\/fr\/wp-json\/wp\/v2\/product\/27478","targetHints":{"allow":["GET"]}}],"collection":[{"href":"https:\/\/nationalcablespecialists.ca\/fr\/wp-json\/wp\/v2\/product"}],"about":[{"href":"https:\/\/nationalcablespecialists.ca\/fr\/wp-json\/wp\/v2\/types\/product"}],"replies":[{"embeddable":true,"href":"https:\/\/nationalcablespecialists.ca\/fr\/wp-json\/wp\/v2\/comments?post=27478"}],"wp:featuredmedia":[{"embeddable":true,"href":"https:\/\/nationalcablespecialists.ca\/fr\/wp-json\/wp\/v2\/media\/27355"}],"wp:attachment":[{"href":"https:\/\/nationalcablespecialists.ca\/fr\/wp-json\/wp\/v2\/media?parent=27478"}],"wp:term":[{"taxonomy":"product_brand","embeddable":true,"href":"https:\/\/nationalcablespecialists.ca\/fr\/wp-json\/wp\/v2\/product_brand?post=27478"},{"taxonomy":"product_cat","embeddable":true,"href":"https:\/\/nationalcablespecialists.ca\/fr\/wp-json\/wp\/v2\/product_cat?post=27478"},{"taxonomy":"product_tag","embeddable":true,"href":"https:\/\/nationalcablespecialists.ca\/fr\/wp-json\/wp\/v2\/product_tag?post=27478"},{"taxonomy":"application","embeddable":true,"href":"https:\/\/nationalcablespecialists.ca\/fr\/wp-json\/wp\/v2\/application?post=27478"},{"taxonomy":"voltage-rating","embeddable":true,"href":"https:\/\/nationalcablespecialists.ca\/fr\/wp-json\/wp\/v2\/voltage-rating?post=27478"},{"taxonomy":"jacket-material","embeddable":true,"href":"https:\/\/nationalcablespecialists.ca\/fr\/wp-json\/wp\/v2\/jacket-material?post=27478"},{"taxonomy":"insulation-material","embeddable":true,"href":"https:\/\/nationalcablespecialists.ca\/fr\/wp-json\/wp\/v2\/insulation-material?post=27478"},{"taxonomy":"conductor-material","embeddable":true,"href":"https:\/\/nationalcablespecialists.ca\/fr\/wp-json\/wp\/v2\/conductor-material?post=27478"},{"taxonomy":"wire-gauge","embeddable":true,"href":"https:\/\/nationalcablespecialists.ca\/fr\/wp-json\/wp\/v2\/wire-gauge?post=27478"},{"taxonomy":"conductor","embeddable":true,"href":"https:\/\/nationalcablespecialists.ca\/fr\/wp-json\/wp\/v2\/conductor?post=27478"}],"curies":[{"name":"wp","href":"https:\/\/api.w.org\/{rel}","templated":true}]}}