{"id":24886,"date":"2023-09-15T14:04:29","date_gmt":"2023-09-15T21:04:29","guid":{"rendered":"https:\/\/nationalcablespecialists.ca\/product\/cordon-de-service-sjoow\/"},"modified":"2025-05-26T14:32:17","modified_gmt":"2025-05-26T21:32:17","slug":"cordon-de-service-sjoow","status":"publish","type":"product","link":"https:\/\/nationalcablespecialists.ca\/fr\/produit\/cordon-de-service-sjoow\/","title":{"rendered":"Cordon de service SJOOW"},"content":{"rendered":"<div><strong>Conducteur<\/strong> Brins flexibles en cuivre recuit nu ASTM B-174<\/div>\n<div>\n<div><strong>Isolation<\/strong> Caoutchouc synth\u00e9tique \u00e0 code couleur<\/div>\n<div>\n<div><strong>Veste<\/strong> CPE r\u00e9sistant \u00e0 l\u2019huile et aux intemp\u00e9ries, noir<\/div>\n<div>\n<div><strong>Temp\u00e9rature<\/strong> -40\u00b0C \u00e0 +90\u00b0C<\/div>\n<div>\n<div><strong>Tension 300V<\/strong><\/div>\n<div>\n<div><strong>Applications<\/strong> Con\u00e7u pour une utilisation \u00e0 l\u2019ext\u00e9rieur\/\u00e0 l\u2019int\u00e9rieur avec des \u00e9quipements industriels, des outils lourds, des moteurs et des cordons de soudage, de l\u2019alimentation<\/div>\n<div>des extensions, de la machinerie portative, de l\u2019\u00e9quipement de sonorisation, des lumi\u00e8res de sc\u00e8ne portatives, de l\u2019alimentation \u00e0 quai et<\/div>\n<div>applications mini\u00e8res. SJOOW est enti\u00e8rement submersible dans l\u2019eau.<\/div>\n<div>\n<div><strong>Approbations<\/strong> CSA C22.2 n\u00b0 49 FT1\/FT2, UL-62, conforme \u00e0 la norme ROHS<\/div>\n<div>\n<div><strong>Bobines<\/strong> de 75 m, 150 m et 300 m, bobines de longue longueur coup\u00e9es \u00e0 longueur<\/div>\n<div>\n<div><strong>Code couleur<\/strong> 2c &#8211; Noir, Blanc 3c &#8211; Noir, Blanc, Vert 4c &#8211; Noir, Blanc, Rouge, Vert*<\/div>\n<div>*Conducteur vert utilis\u00e9 uniquement \u00e0 des fins de mise \u00e0 la terre<\/div>\n<div>*Les amp\u00e8res par conducteur sont bas\u00e9s sur une temp\u00e9rature ambiante de 30 \u00b0C dans l\u2019air et de 90 \u00b0C dans le conducteur.<\/div>\n<\/div>\n<\/div>\n<\/div>\n<\/div>\n<\/div>\n<\/div>\n<\/div>\n<\/div>\n","protected":false},"excerpt":{"rendered":"<p>Conducteur Brins flexibles en cuivre recuit nu ASTM B-174 Isolation Caoutchouc synth\u00e9tique \u00e0 code couleur Veste CPE r\u00e9sistant \u00e0 l\u2019huile et aux intemp\u00e9ries, noir Temp\u00e9rature -40\u00b0C \u00e0 +90\u00b0C Tension 300V Applications Con\u00e7u pour une utilisation \u00e0 l\u2019ext\u00e9rieur\/\u00e0 l\u2019int\u00e9rieur avec des \u00e9quipements industriels, des outils lourds, des moteurs et des cordons de soudage, de l\u2019alimentation des [&hellip;]<\/p>\n","protected":false},"featured_media":18812,"comment_status":"open","ping_status":"closed","template":"","meta":{"_acf_changed":false},"product_brand":[],"product_cat":[655],"product_tag":[1096,1101],"application":[910,757,942,667,1041,965,666],"voltage-rating":[683],"jacket-material":[1039],"insulation-material":[1042],"conductor-material":[685],"wire-gauge":[676,675,674,673],"conductor":[679,678,680],"class_list":{"0":"post-24886","1":"product","2":"type-product","3":"status-publish","4":"has-post-thumbnail","6":"product_cat-cable-portatif","7":"product_tag-cordon-de-service","8":"product_tag-sjoow-fr","9":"application-audio-fr","10":"application-divertissement","11":"application-equipement-industriel","12":"application-marine-fr","13":"application-minier","14":"application-soudure","15":"application-tools-fr","16":"voltage-rating-300v-fr","17":"jacket-material-pe-cellulaire","18":"insulation-material-caoutchouc-synthetique","19":"conductor-material-cuivre-nu-toronne","20":"wire-gauge-12-awg-fr","21":"wire-gauge-14-awg-fr","22":"wire-gauge-16-awg-fr","23":"wire-gauge-18-awg-fr","24":"conductor-2-fr","25":"conductor-3-fr","26":"conductor-4-fr","28":"first","29":"instock","30":"shipping-taxable","31":"purchasable","32":"product-type-variable"},"acf":[],"yoast_head":"<!-- This site is optimized with the Yoast SEO plugin v27.5 - https:\/\/yoast.com\/product\/yoast-seo-wordpress\/ -->\n<title>Cordon de service SJOOW - National Cable Specialists<\/title>\n<meta name=\"description\" content=\"National Cable Specialists carries a selection of Cordon de service SJOOW for sale. Visit our website to learn more information.\" \/>\n<meta name=\"robots\" content=\"index, follow, max-snippet:-1, max-image-preview:large, max-video-preview:-1\" \/>\n<link rel=\"canonical\" href=\"https:\/\/nationalcablespecialists.ca\/fr\/produit\/cordon-de-service-sjoow\/\" \/>\n<meta property=\"og:locale\" content=\"fr_FR\" \/>\n<meta property=\"og:type\" content=\"article\" \/>\n<meta property=\"og:title\" content=\"Cordon de service SJOOW - National Cable Specialists\" \/>\n<meta property=\"og:description\" content=\"National Cable Specialists carries a selection of Cordon de service SJOOW for sale. Visit our website to learn more information.\" \/>\n<meta property=\"og:url\" content=\"https:\/\/nationalcablespecialists.ca\/fr\/produit\/cordon-de-service-sjoow\/\" \/>\n<meta property=\"og:site_name\" content=\"National Cable Specialists\" \/>\n<meta property=\"article:modified_time\" content=\"2025-05-26T21:32:17+00:00\" \/>\n<meta property=\"og:image\" content=\"https:\/\/nationalcablespecialists.ca\/wp-content\/uploads\/2023\/09\/SJOOW_500px-2.jpg\" \/>\n\t<meta property=\"og:image:width\" content=\"500\" \/>\n\t<meta property=\"og:image:height\" content=\"500\" \/>\n\t<meta property=\"og:image:type\" content=\"image\/jpeg\" \/>\n<meta name=\"twitter:card\" content=\"summary_large_image\" \/>\n<meta name=\"twitter:label1\" content=\"Dur\u00e9e de lecture estim\u00e9e\" \/>\n\t<meta name=\"twitter:data1\" content=\"1 minute\" \/>\n<script type=\"application\/ld+json\" class=\"yoast-schema-graph\">{\"@context\":\"https:\\\/\\\/schema.org\",\"@graph\":[{\"@type\":\"WebPage\",\"@id\":\"https:\\\/\\\/nationalcablespecialists.ca\\\/fr\\\/produit\\\/cordon-de-service-sjoow\\\/\",\"url\":\"https:\\\/\\\/nationalcablespecialists.ca\\\/fr\\\/produit\\\/cordon-de-service-sjoow\\\/\",\"name\":\"Cordon de service SJOOW - National Cable Specialists\",\"isPartOf\":{\"@id\":\"https:\\\/\\\/nationalcablespecialists.ca\\\/fr\\\/#website\"},\"primaryImageOfPage\":{\"@id\":\"https:\\\/\\\/nationalcablespecialists.ca\\\/fr\\\/produit\\\/cordon-de-service-sjoow\\\/#primaryimage\"},\"image\":{\"@id\":\"https:\\\/\\\/nationalcablespecialists.ca\\\/fr\\\/produit\\\/cordon-de-service-sjoow\\\/#primaryimage\"},\"thumbnailUrl\":\"https:\\\/\\\/nationalcablespecialists.ca\\\/wp-content\\\/uploads\\\/2023\\\/09\\\/SJOOW_500px-2.jpg\",\"datePublished\":\"2023-09-15T21:04:29+00:00\",\"dateModified\":\"2025-05-26T21:32:17+00:00\",\"description\":\"National Cable Specialists carries a selection of Cordon de service SJOOW for sale. Visit our website to learn more information.\",\"breadcrumb\":{\"@id\":\"https:\\\/\\\/nationalcablespecialists.ca\\\/fr\\\/produit\\\/cordon-de-service-sjoow\\\/#breadcrumb\"},\"inLanguage\":\"fr-FR\",\"potentialAction\":[{\"@type\":\"ReadAction\",\"target\":[\"https:\\\/\\\/nationalcablespecialists.ca\\\/fr\\\/produit\\\/cordon-de-service-sjoow\\\/\"]}]},{\"@type\":\"ImageObject\",\"inLanguage\":\"fr-FR\",\"@id\":\"https:\\\/\\\/nationalcablespecialists.ca\\\/fr\\\/produit\\\/cordon-de-service-sjoow\\\/#primaryimage\",\"url\":\"https:\\\/\\\/nationalcablespecialists.ca\\\/wp-content\\\/uploads\\\/2023\\\/09\\\/SJOOW_500px-2.jpg\",\"contentUrl\":\"https:\\\/\\\/nationalcablespecialists.ca\\\/wp-content\\\/uploads\\\/2023\\\/09\\\/SJOOW_500px-2.jpg\",\"width\":500,\"height\":500,\"caption\":\"SJOOW\"},{\"@type\":\"BreadcrumbList\",\"@id\":\"https:\\\/\\\/nationalcablespecialists.ca\\\/fr\\\/produit\\\/cordon-de-service-sjoow\\\/#breadcrumb\",\"itemListElement\":[{\"@type\":\"ListItem\",\"position\":1,\"name\":\"Produits\",\"item\":\"https:\\\/\\\/nationalcablespecialists.ca\\\/our-products\\\/\"},{\"@type\":\"ListItem\",\"position\":2,\"name\":\"Fils et c\u00e2bles \u00e9lectriques\",\"item\":\"https:\\\/\\\/nationalcablespecialists.ca\\\/fr\\\/categorie-produit\\\/fils-et-cables-electriques\\\/\"},{\"@type\":\"ListItem\",\"position\":3,\"name\":\"C\u00e2ble portatif\",\"item\":\"https:\\\/\\\/nationalcablespecialists.ca\\\/fr\\\/categorie-produit\\\/fils-et-cables-electriques\\\/cable-portatif\\\/\"},{\"@type\":\"ListItem\",\"position\":4,\"name\":\"Cordon de service SJOOW\"}]},{\"@type\":\"WebSite\",\"@id\":\"https:\\\/\\\/nationalcablespecialists.ca\\\/fr\\\/#website\",\"url\":\"https:\\\/\\\/nationalcablespecialists.ca\\\/fr\\\/\",\"name\":\"National Cable Specialists\",\"description\":\"\",\"publisher\":{\"@id\":\"https:\\\/\\\/nationalcablespecialists.ca\\\/fr\\\/#organization\"},\"potentialAction\":[{\"@type\":\"SearchAction\",\"target\":{\"@type\":\"EntryPoint\",\"urlTemplate\":\"https:\\\/\\\/nationalcablespecialists.ca\\\/fr\\\/?s={search_term_string}\"},\"query-input\":{\"@type\":\"PropertyValueSpecification\",\"valueRequired\":true,\"valueName\":\"search_term_string\"}}],\"inLanguage\":\"fr-FR\"},{\"@type\":\"Organization\",\"@id\":\"https:\\\/\\\/nationalcablespecialists.ca\\\/fr\\\/#organization\",\"name\":\"National Cable Specialists\",\"url\":\"https:\\\/\\\/nationalcablespecialists.ca\\\/fr\\\/\",\"logo\":{\"@type\":\"ImageObject\",\"inLanguage\":\"fr-FR\",\"@id\":\"https:\\\/\\\/nationalcablespecialists.ca\\\/fr\\\/#\\\/schema\\\/logo\\\/image\\\/\",\"url\":\"https:\\\/\\\/nationalcablespecialists.ca\\\/wp-content\\\/uploads\\\/2023\\\/01\\\/NCS_Lrg_Logo.png\",\"contentUrl\":\"https:\\\/\\\/nationalcablespecialists.ca\\\/wp-content\\\/uploads\\\/2023\\\/01\\\/NCS_Lrg_Logo.png\",\"width\":1600,\"height\":840,\"caption\":\"National Cable Specialists\"},\"image\":{\"@id\":\"https:\\\/\\\/nationalcablespecialists.ca\\\/fr\\\/#\\\/schema\\\/logo\\\/image\\\/\"}}]}<\/script>\n<!-- \/ Yoast SEO plugin. -->","yoast_head_json":{"title":"Cordon de service SJOOW - National Cable Specialists","description":"National Cable Specialists carries a selection of Cordon de service SJOOW for sale. Visit our website to learn more information.","robots":{"index":"index","follow":"follow","max-snippet":"max-snippet:-1","max-image-preview":"max-image-preview:large","max-video-preview":"max-video-preview:-1"},"canonical":"https:\/\/nationalcablespecialists.ca\/fr\/produit\/cordon-de-service-sjoow\/","og_locale":"fr_FR","og_type":"article","og_title":"Cordon de service SJOOW - National Cable Specialists","og_description":"National Cable Specialists carries a selection of Cordon de service SJOOW for sale. Visit our website to learn more information.","og_url":"https:\/\/nationalcablespecialists.ca\/fr\/produit\/cordon-de-service-sjoow\/","og_site_name":"National Cable Specialists","article_modified_time":"2025-05-26T21:32:17+00:00","og_image":[{"width":500,"height":500,"url":"https:\/\/nationalcablespecialists.ca\/wp-content\/uploads\/2023\/09\/SJOOW_500px-2.jpg","type":"image\/jpeg"}],"twitter_card":"summary_large_image","twitter_misc":{"Dur\u00e9e de lecture estim\u00e9e":"1 minute"},"schema":{"@context":"https:\/\/schema.org","@graph":[{"@type":"WebPage","@id":"https:\/\/nationalcablespecialists.ca\/fr\/produit\/cordon-de-service-sjoow\/","url":"https:\/\/nationalcablespecialists.ca\/fr\/produit\/cordon-de-service-sjoow\/","name":"Cordon de service SJOOW - National Cable Specialists","isPartOf":{"@id":"https:\/\/nationalcablespecialists.ca\/fr\/#website"},"primaryImageOfPage":{"@id":"https:\/\/nationalcablespecialists.ca\/fr\/produit\/cordon-de-service-sjoow\/#primaryimage"},"image":{"@id":"https:\/\/nationalcablespecialists.ca\/fr\/produit\/cordon-de-service-sjoow\/#primaryimage"},"thumbnailUrl":"https:\/\/nationalcablespecialists.ca\/wp-content\/uploads\/2023\/09\/SJOOW_500px-2.jpg","datePublished":"2023-09-15T21:04:29+00:00","dateModified":"2025-05-26T21:32:17+00:00","description":"National Cable Specialists carries a selection of Cordon de service SJOOW for sale. Visit our website to learn more information.","breadcrumb":{"@id":"https:\/\/nationalcablespecialists.ca\/fr\/produit\/cordon-de-service-sjoow\/#breadcrumb"},"inLanguage":"fr-FR","potentialAction":[{"@type":"ReadAction","target":["https:\/\/nationalcablespecialists.ca\/fr\/produit\/cordon-de-service-sjoow\/"]}]},{"@type":"ImageObject","inLanguage":"fr-FR","@id":"https:\/\/nationalcablespecialists.ca\/fr\/produit\/cordon-de-service-sjoow\/#primaryimage","url":"https:\/\/nationalcablespecialists.ca\/wp-content\/uploads\/2023\/09\/SJOOW_500px-2.jpg","contentUrl":"https:\/\/nationalcablespecialists.ca\/wp-content\/uploads\/2023\/09\/SJOOW_500px-2.jpg","width":500,"height":500,"caption":"SJOOW"},{"@type":"BreadcrumbList","@id":"https:\/\/nationalcablespecialists.ca\/fr\/produit\/cordon-de-service-sjoow\/#breadcrumb","itemListElement":[{"@type":"ListItem","position":1,"name":"Produits","item":"https:\/\/nationalcablespecialists.ca\/our-products\/"},{"@type":"ListItem","position":2,"name":"Fils et c\u00e2bles \u00e9lectriques","item":"https:\/\/nationalcablespecialists.ca\/fr\/categorie-produit\/fils-et-cables-electriques\/"},{"@type":"ListItem","position":3,"name":"C\u00e2ble portatif","item":"https:\/\/nationalcablespecialists.ca\/fr\/categorie-produit\/fils-et-cables-electriques\/cable-portatif\/"},{"@type":"ListItem","position":4,"name":"Cordon de service SJOOW"}]},{"@type":"WebSite","@id":"https:\/\/nationalcablespecialists.ca\/fr\/#website","url":"https:\/\/nationalcablespecialists.ca\/fr\/","name":"National Cable Specialists","description":"","publisher":{"@id":"https:\/\/nationalcablespecialists.ca\/fr\/#organization"},"potentialAction":[{"@type":"SearchAction","target":{"@type":"EntryPoint","urlTemplate":"https:\/\/nationalcablespecialists.ca\/fr\/?s={search_term_string}"},"query-input":{"@type":"PropertyValueSpecification","valueRequired":true,"valueName":"search_term_string"}}],"inLanguage":"fr-FR"},{"@type":"Organization","@id":"https:\/\/nationalcablespecialists.ca\/fr\/#organization","name":"National Cable Specialists","url":"https:\/\/nationalcablespecialists.ca\/fr\/","logo":{"@type":"ImageObject","inLanguage":"fr-FR","@id":"https:\/\/nationalcablespecialists.ca\/fr\/#\/schema\/logo\/image\/","url":"https:\/\/nationalcablespecialists.ca\/wp-content\/uploads\/2023\/01\/NCS_Lrg_Logo.png","contentUrl":"https:\/\/nationalcablespecialists.ca\/wp-content\/uploads\/2023\/01\/NCS_Lrg_Logo.png","width":1600,"height":840,"caption":"National Cable Specialists"},"image":{"@id":"https:\/\/nationalcablespecialists.ca\/fr\/#\/schema\/logo\/image\/"}}]}},"_links":{"self":[{"href":"https:\/\/nationalcablespecialists.ca\/fr\/wp-json\/wp\/v2\/product\/24886","targetHints":{"allow":["GET"]}}],"collection":[{"href":"https:\/\/nationalcablespecialists.ca\/fr\/wp-json\/wp\/v2\/product"}],"about":[{"href":"https:\/\/nationalcablespecialists.ca\/fr\/wp-json\/wp\/v2\/types\/product"}],"replies":[{"embeddable":true,"href":"https:\/\/nationalcablespecialists.ca\/fr\/wp-json\/wp\/v2\/comments?post=24886"}],"wp:featuredmedia":[{"embeddable":true,"href":"https:\/\/nationalcablespecialists.ca\/fr\/wp-json\/wp\/v2\/media\/18812"}],"wp:attachment":[{"href":"https:\/\/nationalcablespecialists.ca\/fr\/wp-json\/wp\/v2\/media?parent=24886"}],"wp:term":[{"taxonomy":"product_brand","embeddable":true,"href":"https:\/\/nationalcablespecialists.ca\/fr\/wp-json\/wp\/v2\/product_brand?post=24886"},{"taxonomy":"product_cat","embeddable":true,"href":"https:\/\/nationalcablespecialists.ca\/fr\/wp-json\/wp\/v2\/product_cat?post=24886"},{"taxonomy":"product_tag","embeddable":true,"href":"https:\/\/nationalcablespecialists.ca\/fr\/wp-json\/wp\/v2\/product_tag?post=24886"},{"taxonomy":"application","embeddable":true,"href":"https:\/\/nationalcablespecialists.ca\/fr\/wp-json\/wp\/v2\/application?post=24886"},{"taxonomy":"voltage-rating","embeddable":true,"href":"https:\/\/nationalcablespecialists.ca\/fr\/wp-json\/wp\/v2\/voltage-rating?post=24886"},{"taxonomy":"jacket-material","embeddable":true,"href":"https:\/\/nationalcablespecialists.ca\/fr\/wp-json\/wp\/v2\/jacket-material?post=24886"},{"taxonomy":"insulation-material","embeddable":true,"href":"https:\/\/nationalcablespecialists.ca\/fr\/wp-json\/wp\/v2\/insulation-material?post=24886"},{"taxonomy":"conductor-material","embeddable":true,"href":"https:\/\/nationalcablespecialists.ca\/fr\/wp-json\/wp\/v2\/conductor-material?post=24886"},{"taxonomy":"wire-gauge","embeddable":true,"href":"https:\/\/nationalcablespecialists.ca\/fr\/wp-json\/wp\/v2\/wire-gauge?post=24886"},{"taxonomy":"conductor","embeddable":true,"href":"https:\/\/nationalcablespecialists.ca\/fr\/wp-json\/wp\/v2\/conductor?post=24886"}],"curies":[{"name":"wp","href":"https:\/\/api.w.org\/{rel}","templated":true}]}}