{"id":24840,"date":"2023-09-15T14:05:03","date_gmt":"2023-09-15T21:05:03","guid":{"rendered":"https:\/\/nationalcablespecialists.ca\/product\/svt-60c-cordon-daspirateur\/"},"modified":"2024-01-23T19:35:36","modified_gmt":"2024-01-24T03:35:36","slug":"svt-60c-cordon-daspirateur","status":"publish","type":"product","link":"https:\/\/nationalcablespecialists.ca\/fr\/produit\/svt-60c-cordon-daspirateur\/","title":{"rendered":"SVT 60\u00b0C Cordon d\u2019aspirateur"},"content":{"rendered":"<div><strong>Conducteur<\/strong> Cuivre recuit souple nu ASTM B-174<\/div>\n<div>\n<div><strong>Isolation<\/strong> PVC \u00e0 code couleur<\/div>\n<div>\n<div><strong>Veste<\/strong> PVC blanc ou noir<\/div>\n<div>\n<div><strong>Temp\u00e9rature<\/strong> -20\u00b0C \u00e0 +60\u00b0C<\/div>\n<div>\n<div><strong>Tension 300V<\/strong><\/div>\n<div>\n<div><strong>Applications<\/strong> SVT est con\u00e7u pour \u00eatre utilis\u00e9 avec des appareils tels que des aspirateurs, des outils et des lumi\u00e8res portables, des m\u00e9langeurs d\u2019aliments<\/div>\n<div>\n<div><strong>Approbations<\/strong> CSA C22.2 n\u00b0 49 FT1\/FT2, UL-62, conforme \u00e0 la directive RoHS<\/div>\n<div>\n<div><strong>Emballage<\/strong> bobines de 75m<\/div>\n<div>\n<div><strong>Code couleur<\/strong> 2c &#8211; Noir, Blanc, 3c &#8211; Noir, Blanc, Vert*<\/div>\n<div>*Conducteur vert utilis\u00e9 uniquement \u00e0 des fins de mise \u00e0 la terre<\/div>\n<div>\n<div>*Les amp\u00e8res par conducteur sont bas\u00e9s sur une temp\u00e9rature ambiante de 30 \u00b0C dans l\u2019air et de 90 \u00b0C dans le conducteur.<\/div>\n<\/div>\n<\/div>\n<\/div>\n<\/div>\n<\/div>\n<\/div>\n<\/div>\n<\/div>\n<\/div>\n","protected":false},"excerpt":{"rendered":"<p>Conducteur Cuivre recuit souple nu ASTM B-174 Isolation PVC \u00e0 code couleur Veste PVC blanc ou noir Temp\u00e9rature -20\u00b0C \u00e0 +60\u00b0C Tension 300V Applications SVT est con\u00e7u pour \u00eatre utilis\u00e9 avec des appareils tels que des aspirateurs, des outils et des lumi\u00e8res portables, des m\u00e9langeurs d\u2019aliments Approbations CSA C22.2 n\u00b0 49 FT1\/FT2, UL-62, conforme \u00e0 [&hellip;]<\/p>\n","protected":false},"featured_media":18880,"comment_status":"open","ping_status":"closed","template":"","meta":{"_acf_changed":false},"product_brand":[],"product_cat":[655],"product_tag":[1094],"application":[687,666,1095],"voltage-rating":[683],"jacket-material":[694],"insulation-material":[686],"conductor-material":[685],"wire-gauge":[673],"conductor":[679,678],"class_list":{"0":"post-24840","1":"product","2":"type-product","3":"status-publish","4":"has-post-thumbnail","6":"product_cat-cable-portatif","7":"product_tag-vide","8":"application-appareils-menagers","9":"application-tools-fr","10":"application-vide","11":"voltage-rating-300v-fr","12":"jacket-material-chlorure-de-polyvinyle","13":"insulation-material-chlorure-de-polyvinyle","14":"conductor-material-cuivre-nu-toronne","15":"wire-gauge-18-awg-fr","16":"conductor-2-fr","17":"conductor-3-fr","19":"first","20":"instock","21":"shipping-taxable","22":"purchasable","23":"product-type-variable"},"acf":[],"yoast_head":"<!-- This site is optimized with the Yoast SEO plugin v26.2 - https:\/\/yoast.com\/wordpress\/plugins\/seo\/ -->\n<title>SVT 60\u00b0C Cordon d\u2019aspirateur - National Cable Specialists<\/title>\n<meta name=\"description\" content=\"National Cable Specialists carries a selection of SVT 60\u00b0C Cordon d\u2019aspirateur for sale. Visit our website to learn more information.\" \/>\n<meta name=\"robots\" content=\"index, follow, max-snippet:-1, max-image-preview:large, max-video-preview:-1\" \/>\n<link rel=\"canonical\" href=\"https:\/\/nationalcablespecialists.ca\/fr\/produit\/svt-60c-cordon-daspirateur\/\" \/>\n<meta property=\"og:locale\" content=\"fr_FR\" \/>\n<meta property=\"og:type\" content=\"article\" \/>\n<meta property=\"og:title\" content=\"SVT 60\u00b0C Cordon d\u2019aspirateur - National Cable Specialists\" \/>\n<meta property=\"og:description\" content=\"National Cable Specialists carries a selection of SVT 60\u00b0C Cordon d\u2019aspirateur for sale. Visit our website to learn more information.\" \/>\n<meta property=\"og:url\" content=\"https:\/\/nationalcablespecialists.ca\/fr\/produit\/svt-60c-cordon-daspirateur\/\" \/>\n<meta property=\"og:site_name\" content=\"National Cable Specialists\" \/>\n<meta property=\"article:modified_time\" content=\"2024-01-24T03:35:36+00:00\" \/>\n<meta property=\"og:image\" content=\"https:\/\/nationalcablespecialists.ca\/wp-content\/uploads\/2023\/09\/SVT_500px-3.jpg\" \/>\n\t<meta property=\"og:image:width\" content=\"500\" \/>\n\t<meta property=\"og:image:height\" content=\"500\" \/>\n\t<meta property=\"og:image:type\" content=\"image\/jpeg\" \/>\n<meta name=\"twitter:card\" content=\"summary_large_image\" \/>\n<meta name=\"twitter:label1\" content=\"Dur\u00e9e de lecture estim\u00e9e\" \/>\n\t<meta name=\"twitter:data1\" content=\"1 minute\" \/>\n<script type=\"application\/ld+json\" class=\"yoast-schema-graph\">{\"@context\":\"https:\/\/schema.org\",\"@graph\":[{\"@type\":\"WebPage\",\"@id\":\"https:\/\/nationalcablespecialists.ca\/fr\/produit\/svt-60c-cordon-daspirateur\/\",\"url\":\"https:\/\/nationalcablespecialists.ca\/fr\/produit\/svt-60c-cordon-daspirateur\/\",\"name\":\"SVT 60\u00b0C Cordon d\u2019aspirateur - National Cable Specialists\",\"isPartOf\":{\"@id\":\"https:\/\/nationalcablespecialists.ca\/fr\/#website\"},\"primaryImageOfPage\":{\"@id\":\"https:\/\/nationalcablespecialists.ca\/fr\/produit\/svt-60c-cordon-daspirateur\/#primaryimage\"},\"image\":{\"@id\":\"https:\/\/nationalcablespecialists.ca\/fr\/produit\/svt-60c-cordon-daspirateur\/#primaryimage\"},\"thumbnailUrl\":\"https:\/\/nationalcablespecialists.ca\/wp-content\/uploads\/2023\/09\/SVT_500px-3.jpg\",\"datePublished\":\"2023-09-15T21:05:03+00:00\",\"dateModified\":\"2024-01-24T03:35:36+00:00\",\"description\":\"National Cable Specialists carries a selection of SVT 60\u00b0C Cordon d\u2019aspirateur for sale. Visit our website to learn more information.\",\"breadcrumb\":{\"@id\":\"https:\/\/nationalcablespecialists.ca\/fr\/produit\/svt-60c-cordon-daspirateur\/#breadcrumb\"},\"inLanguage\":\"fr-FR\",\"potentialAction\":[{\"@type\":\"ReadAction\",\"target\":[\"https:\/\/nationalcablespecialists.ca\/fr\/produit\/svt-60c-cordon-daspirateur\/\"]}]},{\"@type\":\"ImageObject\",\"inLanguage\":\"fr-FR\",\"@id\":\"https:\/\/nationalcablespecialists.ca\/fr\/produit\/svt-60c-cordon-daspirateur\/#primaryimage\",\"url\":\"https:\/\/nationalcablespecialists.ca\/wp-content\/uploads\/2023\/09\/SVT_500px-3.jpg\",\"contentUrl\":\"https:\/\/nationalcablespecialists.ca\/wp-content\/uploads\/2023\/09\/SVT_500px-3.jpg\",\"width\":500,\"height\":500,\"caption\":\"SVT\"},{\"@type\":\"BreadcrumbList\",\"@id\":\"https:\/\/nationalcablespecialists.ca\/fr\/produit\/svt-60c-cordon-daspirateur\/#breadcrumb\",\"itemListElement\":[{\"@type\":\"ListItem\",\"position\":1,\"name\":\"Produits\",\"item\":\"https:\/\/nationalcablespecialists.ca\/our-products\/\"},{\"@type\":\"ListItem\",\"position\":2,\"name\":\"SVT 60\u00b0C Cordon d\u2019aspirateur\"}]},{\"@type\":\"WebSite\",\"@id\":\"https:\/\/nationalcablespecialists.ca\/fr\/#website\",\"url\":\"https:\/\/nationalcablespecialists.ca\/fr\/\",\"name\":\"National Cable Specialists\",\"description\":\"\",\"publisher\":{\"@id\":\"https:\/\/nationalcablespecialists.ca\/fr\/#organization\"},\"potentialAction\":[{\"@type\":\"SearchAction\",\"target\":{\"@type\":\"EntryPoint\",\"urlTemplate\":\"https:\/\/nationalcablespecialists.ca\/fr\/?s={search_term_string}\"},\"query-input\":{\"@type\":\"PropertyValueSpecification\",\"valueRequired\":true,\"valueName\":\"search_term_string\"}}],\"inLanguage\":\"fr-FR\"},{\"@type\":\"Organization\",\"@id\":\"https:\/\/nationalcablespecialists.ca\/fr\/#organization\",\"name\":\"National Cable Specialists\",\"url\":\"https:\/\/nationalcablespecialists.ca\/fr\/\",\"logo\":{\"@type\":\"ImageObject\",\"inLanguage\":\"fr-FR\",\"@id\":\"https:\/\/nationalcablespecialists.ca\/fr\/#\/schema\/logo\/image\/\",\"url\":\"https:\/\/nationalcablespecialists.ca\/wp-content\/uploads\/2023\/01\/NCS_Lrg_Logo.png\",\"contentUrl\":\"https:\/\/nationalcablespecialists.ca\/wp-content\/uploads\/2023\/01\/NCS_Lrg_Logo.png\",\"width\":1600,\"height\":840,\"caption\":\"National Cable Specialists\"},\"image\":{\"@id\":\"https:\/\/nationalcablespecialists.ca\/fr\/#\/schema\/logo\/image\/\"}}]}<\/script>\n<!-- \/ Yoast SEO plugin. -->","yoast_head_json":{"title":"SVT 60\u00b0C Cordon d\u2019aspirateur - National Cable Specialists","description":"National Cable Specialists carries a selection of SVT 60\u00b0C Cordon d\u2019aspirateur for sale. Visit our website to learn more information.","robots":{"index":"index","follow":"follow","max-snippet":"max-snippet:-1","max-image-preview":"max-image-preview:large","max-video-preview":"max-video-preview:-1"},"canonical":"https:\/\/nationalcablespecialists.ca\/fr\/produit\/svt-60c-cordon-daspirateur\/","og_locale":"fr_FR","og_type":"article","og_title":"SVT 60\u00b0C Cordon d\u2019aspirateur - National Cable Specialists","og_description":"National Cable Specialists carries a selection of SVT 60\u00b0C Cordon d\u2019aspirateur for sale. Visit our website to learn more information.","og_url":"https:\/\/nationalcablespecialists.ca\/fr\/produit\/svt-60c-cordon-daspirateur\/","og_site_name":"National Cable Specialists","article_modified_time":"2024-01-24T03:35:36+00:00","og_image":[{"width":500,"height":500,"url":"https:\/\/nationalcablespecialists.ca\/wp-content\/uploads\/2023\/09\/SVT_500px-3.jpg","type":"image\/jpeg"}],"twitter_card":"summary_large_image","twitter_misc":{"Dur\u00e9e de lecture estim\u00e9e":"1 minute"},"schema":{"@context":"https:\/\/schema.org","@graph":[{"@type":"WebPage","@id":"https:\/\/nationalcablespecialists.ca\/fr\/produit\/svt-60c-cordon-daspirateur\/","url":"https:\/\/nationalcablespecialists.ca\/fr\/produit\/svt-60c-cordon-daspirateur\/","name":"SVT 60\u00b0C Cordon d\u2019aspirateur - National Cable Specialists","isPartOf":{"@id":"https:\/\/nationalcablespecialists.ca\/fr\/#website"},"primaryImageOfPage":{"@id":"https:\/\/nationalcablespecialists.ca\/fr\/produit\/svt-60c-cordon-daspirateur\/#primaryimage"},"image":{"@id":"https:\/\/nationalcablespecialists.ca\/fr\/produit\/svt-60c-cordon-daspirateur\/#primaryimage"},"thumbnailUrl":"https:\/\/nationalcablespecialists.ca\/wp-content\/uploads\/2023\/09\/SVT_500px-3.jpg","datePublished":"2023-09-15T21:05:03+00:00","dateModified":"2024-01-24T03:35:36+00:00","description":"National Cable Specialists carries a selection of SVT 60\u00b0C Cordon d\u2019aspirateur for sale. Visit our website to learn more information.","breadcrumb":{"@id":"https:\/\/nationalcablespecialists.ca\/fr\/produit\/svt-60c-cordon-daspirateur\/#breadcrumb"},"inLanguage":"fr-FR","potentialAction":[{"@type":"ReadAction","target":["https:\/\/nationalcablespecialists.ca\/fr\/produit\/svt-60c-cordon-daspirateur\/"]}]},{"@type":"ImageObject","inLanguage":"fr-FR","@id":"https:\/\/nationalcablespecialists.ca\/fr\/produit\/svt-60c-cordon-daspirateur\/#primaryimage","url":"https:\/\/nationalcablespecialists.ca\/wp-content\/uploads\/2023\/09\/SVT_500px-3.jpg","contentUrl":"https:\/\/nationalcablespecialists.ca\/wp-content\/uploads\/2023\/09\/SVT_500px-3.jpg","width":500,"height":500,"caption":"SVT"},{"@type":"BreadcrumbList","@id":"https:\/\/nationalcablespecialists.ca\/fr\/produit\/svt-60c-cordon-daspirateur\/#breadcrumb","itemListElement":[{"@type":"ListItem","position":1,"name":"Produits","item":"https:\/\/nationalcablespecialists.ca\/our-products\/"},{"@type":"ListItem","position":2,"name":"SVT 60\u00b0C Cordon d\u2019aspirateur"}]},{"@type":"WebSite","@id":"https:\/\/nationalcablespecialists.ca\/fr\/#website","url":"https:\/\/nationalcablespecialists.ca\/fr\/","name":"National Cable Specialists","description":"","publisher":{"@id":"https:\/\/nationalcablespecialists.ca\/fr\/#organization"},"potentialAction":[{"@type":"SearchAction","target":{"@type":"EntryPoint","urlTemplate":"https:\/\/nationalcablespecialists.ca\/fr\/?s={search_term_string}"},"query-input":{"@type":"PropertyValueSpecification","valueRequired":true,"valueName":"search_term_string"}}],"inLanguage":"fr-FR"},{"@type":"Organization","@id":"https:\/\/nationalcablespecialists.ca\/fr\/#organization","name":"National Cable Specialists","url":"https:\/\/nationalcablespecialists.ca\/fr\/","logo":{"@type":"ImageObject","inLanguage":"fr-FR","@id":"https:\/\/nationalcablespecialists.ca\/fr\/#\/schema\/logo\/image\/","url":"https:\/\/nationalcablespecialists.ca\/wp-content\/uploads\/2023\/01\/NCS_Lrg_Logo.png","contentUrl":"https:\/\/nationalcablespecialists.ca\/wp-content\/uploads\/2023\/01\/NCS_Lrg_Logo.png","width":1600,"height":840,"caption":"National Cable Specialists"},"image":{"@id":"https:\/\/nationalcablespecialists.ca\/fr\/#\/schema\/logo\/image\/"}}]}},"_links":{"self":[{"href":"https:\/\/nationalcablespecialists.ca\/fr\/wp-json\/wp\/v2\/product\/24840","targetHints":{"allow":["GET"]}}],"collection":[{"href":"https:\/\/nationalcablespecialists.ca\/fr\/wp-json\/wp\/v2\/product"}],"about":[{"href":"https:\/\/nationalcablespecialists.ca\/fr\/wp-json\/wp\/v2\/types\/product"}],"replies":[{"embeddable":true,"href":"https:\/\/nationalcablespecialists.ca\/fr\/wp-json\/wp\/v2\/comments?post=24840"}],"wp:featuredmedia":[{"embeddable":true,"href":"https:\/\/nationalcablespecialists.ca\/fr\/wp-json\/wp\/v2\/media\/18880"}],"wp:attachment":[{"href":"https:\/\/nationalcablespecialists.ca\/fr\/wp-json\/wp\/v2\/media?parent=24840"}],"wp:term":[{"taxonomy":"product_brand","embeddable":true,"href":"https:\/\/nationalcablespecialists.ca\/fr\/wp-json\/wp\/v2\/product_brand?post=24840"},{"taxonomy":"product_cat","embeddable":true,"href":"https:\/\/nationalcablespecialists.ca\/fr\/wp-json\/wp\/v2\/product_cat?post=24840"},{"taxonomy":"product_tag","embeddable":true,"href":"https:\/\/nationalcablespecialists.ca\/fr\/wp-json\/wp\/v2\/product_tag?post=24840"},{"taxonomy":"application","embeddable":true,"href":"https:\/\/nationalcablespecialists.ca\/fr\/wp-json\/wp\/v2\/application?post=24840"},{"taxonomy":"voltage-rating","embeddable":true,"href":"https:\/\/nationalcablespecialists.ca\/fr\/wp-json\/wp\/v2\/voltage-rating?post=24840"},{"taxonomy":"jacket-material","embeddable":true,"href":"https:\/\/nationalcablespecialists.ca\/fr\/wp-json\/wp\/v2\/jacket-material?post=24840"},{"taxonomy":"insulation-material","embeddable":true,"href":"https:\/\/nationalcablespecialists.ca\/fr\/wp-json\/wp\/v2\/insulation-material?post=24840"},{"taxonomy":"conductor-material","embeddable":true,"href":"https:\/\/nationalcablespecialists.ca\/fr\/wp-json\/wp\/v2\/conductor-material?post=24840"},{"taxonomy":"wire-gauge","embeddable":true,"href":"https:\/\/nationalcablespecialists.ca\/fr\/wp-json\/wp\/v2\/wire-gauge?post=24840"},{"taxonomy":"conductor","embeddable":true,"href":"https:\/\/nationalcablespecialists.ca\/fr\/wp-json\/wp\/v2\/conductor?post=24840"}],"curies":[{"name":"wp","href":"https:\/\/api.w.org\/{rel}","templated":true}]}}