{"id":24833,"date":"2023-09-15T14:04:31","date_gmt":"2023-09-15T21:04:31","guid":{"rendered":"https:\/\/nationalcablespecialists.ca\/product\/cordon-dentretien-soow\/"},"modified":"2024-01-23T19:35:36","modified_gmt":"2024-01-24T03:35:36","slug":"cordon-dentretien-soow","status":"publish","type":"product","link":"https:\/\/nationalcablespecialists.ca\/fr\/produit\/cordon-dentretien-soow\/","title":{"rendered":"Cordon d\u2019entretien SOOW"},"content":{"rendered":"<div><strong>Conducteur<\/strong> Brins flexibles en cuivre recuit nu ASTM B-174<\/div>\n<div>\n<div><strong>Isolation<\/strong> Caoutchouc synth\u00e9tique \u00e0 code couleur<\/div>\n<div>\n<div><strong>Veste<\/strong> CPE noir, r\u00e9sistant \u00e0 l\u2019huile et aux intemp\u00e9ries<\/div>\n<div>\n<div><strong>Temp\u00e9rature<\/strong> -40\u00b0C \u00e0 +90\u00b0C<\/div>\n<div>\n<div><strong>Tension 600V<\/strong><\/div>\n<div>\n<div><strong>Applications<\/strong> Con\u00e7u pour une utilisation \u00e0 l\u2019ext\u00e9rieur et \u00e0 l\u2019int\u00e9rieur avec des \u00e9quipements industriels, des outils lourds, des c\u00e2bles de moteur et de soudage, des extensions de puissance, des machines portables, des \u00e9quipements sonores, des \u00e9clairages de sc\u00e8ne portables, des applications d\u2019alimentation \u00e0 quai et d\u2019exploitation mini\u00e8re. SOOW est compl\u00e8tement submersible \u00e0 l\u2019eau.<\/div>\n<div>\n<div><strong>Approbations<\/strong> Conforme \u00e0 la norme CSA C22.2 n\u00b0 49 FT1\/FT2, UL-62, MSHA, ROHS<\/div>\n<div>\n<div><strong>Bobines<\/strong> de 75 m, 150 m et 300 m, bobines de grande longueur coup\u00e9es \u00e0 longueur<\/div>\n<div>\n<div><strong>Code couleur <\/strong>2c &#8211; Noir, Blanc 3c &#8211; Noir, Blanc, Vert 4c &#8211; Noir, Blanc, Rouge, Vert. 5c &#8211; Noir, Blanc, Rouge, Orange, Vert<\/div>\n<div>*Conducteur vert utilis\u00e9 uniquement \u00e0 des fins de mise \u00e0 la terre<\/div>\n<div>*Les amp\u00e8res par conducteur sont bas\u00e9s sur une temp\u00e9rature ambiante de 30 \u00b0C dans l\u2019air et de 90 \u00b0C dans le conducteur.<\/div>\n<\/div>\n<\/div>\n<\/div>\n<\/div>\n<\/div>\n<\/div>\n<\/div>\n<\/div>\n","protected":false},"excerpt":{"rendered":"<p>Conducteur Brins flexibles en cuivre recuit nu ASTM B-174 Isolation Caoutchouc synth\u00e9tique \u00e0 code couleur Veste CPE noir, r\u00e9sistant \u00e0 l\u2019huile et aux intemp\u00e9ries Temp\u00e9rature -40\u00b0C \u00e0 +90\u00b0C Tension 600V Applications Con\u00e7u pour une utilisation \u00e0 l\u2019ext\u00e9rieur et \u00e0 l\u2019int\u00e9rieur avec des \u00e9quipements industriels, des outils lourds, des c\u00e2bles de moteur et de soudage, des [&hellip;]<\/p>\n","protected":false},"featured_media":18814,"comment_status":"open","ping_status":"closed","template":"","meta":{"_acf_changed":false},"product_brand":[],"product_cat":[655],"product_tag":[1096,656],"application":[942,667,965,666],"voltage-rating":[670],"jacket-material":[1039],"insulation-material":[1042],"conductor-material":[685],"wire-gauge":[677,676,675,674,673,765,764,763,762],"conductor":[679,678,680,681],"class_list":{"0":"post-24833","1":"product","2":"type-product","3":"status-publish","4":"has-post-thumbnail","6":"product_cat-cable-portatif","7":"product_tag-cordon-de-service","8":"product_tag-miauler","9":"application-equipement-industriel","10":"application-marine-fr","11":"application-soudure","12":"application-tools-fr","13":"voltage-rating-600v-fr","14":"jacket-material-pe-cellulaire","15":"insulation-material-caoutchouc-synthetique","16":"conductor-material-cuivre-nu-toronne","17":"wire-gauge-10-awg-fr","18":"wire-gauge-12-awg-fr","19":"wire-gauge-14-awg-fr","20":"wire-gauge-16-awg-fr","21":"wire-gauge-18-awg-fr","22":"wire-gauge-2-awg-fr","23":"wire-gauge-4-awg-fr","24":"wire-gauge-6-awg-fr","25":"wire-gauge-8-awg-fr","26":"conductor-2-fr","27":"conductor-3-fr","28":"conductor-4-fr","29":"conductor-5-fr","31":"first","32":"instock","33":"shipping-taxable","34":"purchasable","35":"product-type-variable"},"acf":[],"yoast_head":"<!-- This site is optimized with the Yoast SEO plugin v27.5 - https:\/\/yoast.com\/product\/yoast-seo-wordpress\/ -->\n<title>Cordon d\u2019entretien SOOW - National Cable Specialists<\/title>\n<meta name=\"description\" content=\"National Cable Specialists carries a selection of Cordon d\u2019entretien SOOW for sale. Visit our website to learn more information.\" \/>\n<meta name=\"robots\" content=\"index, follow, max-snippet:-1, max-image-preview:large, max-video-preview:-1\" \/>\n<link rel=\"canonical\" href=\"https:\/\/nationalcablespecialists.ca\/fr\/produit\/cordon-dentretien-soow\/\" \/>\n<meta property=\"og:locale\" content=\"fr_FR\" \/>\n<meta property=\"og:type\" content=\"article\" \/>\n<meta property=\"og:title\" content=\"Cordon d\u2019entretien SOOW - National Cable Specialists\" \/>\n<meta property=\"og:description\" content=\"National Cable Specialists carries a selection of Cordon d\u2019entretien SOOW for sale. Visit our website to learn more information.\" \/>\n<meta property=\"og:url\" content=\"https:\/\/nationalcablespecialists.ca\/fr\/produit\/cordon-dentretien-soow\/\" \/>\n<meta property=\"og:site_name\" content=\"National Cable Specialists\" \/>\n<meta property=\"article:modified_time\" content=\"2024-01-24T03:35:36+00:00\" \/>\n<meta property=\"og:image\" content=\"https:\/\/nationalcablespecialists.ca\/wp-content\/uploads\/2023\/09\/SOOW_500px-3.jpg\" \/>\n\t<meta property=\"og:image:width\" content=\"500\" \/>\n\t<meta property=\"og:image:height\" content=\"500\" \/>\n\t<meta property=\"og:image:type\" content=\"image\/jpeg\" \/>\n<meta name=\"twitter:card\" content=\"summary_large_image\" \/>\n<meta name=\"twitter:label1\" content=\"Dur\u00e9e de lecture estim\u00e9e\" \/>\n\t<meta name=\"twitter:data1\" content=\"1 minute\" \/>\n<script type=\"application\/ld+json\" class=\"yoast-schema-graph\">{\"@context\":\"https:\\\/\\\/schema.org\",\"@graph\":[{\"@type\":\"WebPage\",\"@id\":\"https:\\\/\\\/nationalcablespecialists.ca\\\/fr\\\/produit\\\/cordon-dentretien-soow\\\/\",\"url\":\"https:\\\/\\\/nationalcablespecialists.ca\\\/fr\\\/produit\\\/cordon-dentretien-soow\\\/\",\"name\":\"Cordon d\u2019entretien SOOW - National Cable Specialists\",\"isPartOf\":{\"@id\":\"https:\\\/\\\/nationalcablespecialists.ca\\\/fr\\\/#website\"},\"primaryImageOfPage\":{\"@id\":\"https:\\\/\\\/nationalcablespecialists.ca\\\/fr\\\/produit\\\/cordon-dentretien-soow\\\/#primaryimage\"},\"image\":{\"@id\":\"https:\\\/\\\/nationalcablespecialists.ca\\\/fr\\\/produit\\\/cordon-dentretien-soow\\\/#primaryimage\"},\"thumbnailUrl\":\"https:\\\/\\\/nationalcablespecialists.ca\\\/wp-content\\\/uploads\\\/2023\\\/09\\\/SOOW_500px-3.jpg\",\"datePublished\":\"2023-09-15T21:04:31+00:00\",\"dateModified\":\"2024-01-24T03:35:36+00:00\",\"description\":\"National Cable Specialists carries a selection of Cordon d\u2019entretien SOOW for sale. Visit our website to learn more information.\",\"breadcrumb\":{\"@id\":\"https:\\\/\\\/nationalcablespecialists.ca\\\/fr\\\/produit\\\/cordon-dentretien-soow\\\/#breadcrumb\"},\"inLanguage\":\"fr-FR\",\"potentialAction\":[{\"@type\":\"ReadAction\",\"target\":[\"https:\\\/\\\/nationalcablespecialists.ca\\\/fr\\\/produit\\\/cordon-dentretien-soow\\\/\"]}]},{\"@type\":\"ImageObject\",\"inLanguage\":\"fr-FR\",\"@id\":\"https:\\\/\\\/nationalcablespecialists.ca\\\/fr\\\/produit\\\/cordon-dentretien-soow\\\/#primaryimage\",\"url\":\"https:\\\/\\\/nationalcablespecialists.ca\\\/wp-content\\\/uploads\\\/2023\\\/09\\\/SOOW_500px-3.jpg\",\"contentUrl\":\"https:\\\/\\\/nationalcablespecialists.ca\\\/wp-content\\\/uploads\\\/2023\\\/09\\\/SOOW_500px-3.jpg\",\"width\":500,\"height\":500,\"caption\":\"SJOOW\"},{\"@type\":\"BreadcrumbList\",\"@id\":\"https:\\\/\\\/nationalcablespecialists.ca\\\/fr\\\/produit\\\/cordon-dentretien-soow\\\/#breadcrumb\",\"itemListElement\":[{\"@type\":\"ListItem\",\"position\":1,\"name\":\"Produits\",\"item\":\"https:\\\/\\\/nationalcablespecialists.ca\\\/our-products\\\/\"},{\"@type\":\"ListItem\",\"position\":2,\"name\":\"Cordon d\u2019entretien SOOW\"}]},{\"@type\":\"WebSite\",\"@id\":\"https:\\\/\\\/nationalcablespecialists.ca\\\/fr\\\/#website\",\"url\":\"https:\\\/\\\/nationalcablespecialists.ca\\\/fr\\\/\",\"name\":\"National Cable Specialists\",\"description\":\"\",\"publisher\":{\"@id\":\"https:\\\/\\\/nationalcablespecialists.ca\\\/fr\\\/#organization\"},\"potentialAction\":[{\"@type\":\"SearchAction\",\"target\":{\"@type\":\"EntryPoint\",\"urlTemplate\":\"https:\\\/\\\/nationalcablespecialists.ca\\\/fr\\\/?s={search_term_string}\"},\"query-input\":{\"@type\":\"PropertyValueSpecification\",\"valueRequired\":true,\"valueName\":\"search_term_string\"}}],\"inLanguage\":\"fr-FR\"},{\"@type\":\"Organization\",\"@id\":\"https:\\\/\\\/nationalcablespecialists.ca\\\/fr\\\/#organization\",\"name\":\"National Cable Specialists\",\"url\":\"https:\\\/\\\/nationalcablespecialists.ca\\\/fr\\\/\",\"logo\":{\"@type\":\"ImageObject\",\"inLanguage\":\"fr-FR\",\"@id\":\"https:\\\/\\\/nationalcablespecialists.ca\\\/fr\\\/#\\\/schema\\\/logo\\\/image\\\/\",\"url\":\"https:\\\/\\\/nationalcablespecialists.ca\\\/wp-content\\\/uploads\\\/2023\\\/01\\\/NCS_Lrg_Logo.png\",\"contentUrl\":\"https:\\\/\\\/nationalcablespecialists.ca\\\/wp-content\\\/uploads\\\/2023\\\/01\\\/NCS_Lrg_Logo.png\",\"width\":1600,\"height\":840,\"caption\":\"National Cable Specialists\"},\"image\":{\"@id\":\"https:\\\/\\\/nationalcablespecialists.ca\\\/fr\\\/#\\\/schema\\\/logo\\\/image\\\/\"}}]}<\/script>\n<!-- \/ Yoast SEO plugin. -->","yoast_head_json":{"title":"Cordon d\u2019entretien SOOW - National Cable Specialists","description":"National Cable Specialists carries a selection of Cordon d\u2019entretien SOOW for sale. Visit our website to learn more information.","robots":{"index":"index","follow":"follow","max-snippet":"max-snippet:-1","max-image-preview":"max-image-preview:large","max-video-preview":"max-video-preview:-1"},"canonical":"https:\/\/nationalcablespecialists.ca\/fr\/produit\/cordon-dentretien-soow\/","og_locale":"fr_FR","og_type":"article","og_title":"Cordon d\u2019entretien SOOW - National Cable Specialists","og_description":"National Cable Specialists carries a selection of Cordon d\u2019entretien SOOW for sale. Visit our website to learn more information.","og_url":"https:\/\/nationalcablespecialists.ca\/fr\/produit\/cordon-dentretien-soow\/","og_site_name":"National Cable Specialists","article_modified_time":"2024-01-24T03:35:36+00:00","og_image":[{"width":500,"height":500,"url":"https:\/\/nationalcablespecialists.ca\/wp-content\/uploads\/2023\/09\/SOOW_500px-3.jpg","type":"image\/jpeg"}],"twitter_card":"summary_large_image","twitter_misc":{"Dur\u00e9e de lecture estim\u00e9e":"1 minute"},"schema":{"@context":"https:\/\/schema.org","@graph":[{"@type":"WebPage","@id":"https:\/\/nationalcablespecialists.ca\/fr\/produit\/cordon-dentretien-soow\/","url":"https:\/\/nationalcablespecialists.ca\/fr\/produit\/cordon-dentretien-soow\/","name":"Cordon d\u2019entretien SOOW - National Cable Specialists","isPartOf":{"@id":"https:\/\/nationalcablespecialists.ca\/fr\/#website"},"primaryImageOfPage":{"@id":"https:\/\/nationalcablespecialists.ca\/fr\/produit\/cordon-dentretien-soow\/#primaryimage"},"image":{"@id":"https:\/\/nationalcablespecialists.ca\/fr\/produit\/cordon-dentretien-soow\/#primaryimage"},"thumbnailUrl":"https:\/\/nationalcablespecialists.ca\/wp-content\/uploads\/2023\/09\/SOOW_500px-3.jpg","datePublished":"2023-09-15T21:04:31+00:00","dateModified":"2024-01-24T03:35:36+00:00","description":"National Cable Specialists carries a selection of Cordon d\u2019entretien SOOW for sale. Visit our website to learn more information.","breadcrumb":{"@id":"https:\/\/nationalcablespecialists.ca\/fr\/produit\/cordon-dentretien-soow\/#breadcrumb"},"inLanguage":"fr-FR","potentialAction":[{"@type":"ReadAction","target":["https:\/\/nationalcablespecialists.ca\/fr\/produit\/cordon-dentretien-soow\/"]}]},{"@type":"ImageObject","inLanguage":"fr-FR","@id":"https:\/\/nationalcablespecialists.ca\/fr\/produit\/cordon-dentretien-soow\/#primaryimage","url":"https:\/\/nationalcablespecialists.ca\/wp-content\/uploads\/2023\/09\/SOOW_500px-3.jpg","contentUrl":"https:\/\/nationalcablespecialists.ca\/wp-content\/uploads\/2023\/09\/SOOW_500px-3.jpg","width":500,"height":500,"caption":"SJOOW"},{"@type":"BreadcrumbList","@id":"https:\/\/nationalcablespecialists.ca\/fr\/produit\/cordon-dentretien-soow\/#breadcrumb","itemListElement":[{"@type":"ListItem","position":1,"name":"Produits","item":"https:\/\/nationalcablespecialists.ca\/our-products\/"},{"@type":"ListItem","position":2,"name":"Cordon d\u2019entretien SOOW"}]},{"@type":"WebSite","@id":"https:\/\/nationalcablespecialists.ca\/fr\/#website","url":"https:\/\/nationalcablespecialists.ca\/fr\/","name":"National Cable Specialists","description":"","publisher":{"@id":"https:\/\/nationalcablespecialists.ca\/fr\/#organization"},"potentialAction":[{"@type":"SearchAction","target":{"@type":"EntryPoint","urlTemplate":"https:\/\/nationalcablespecialists.ca\/fr\/?s={search_term_string}"},"query-input":{"@type":"PropertyValueSpecification","valueRequired":true,"valueName":"search_term_string"}}],"inLanguage":"fr-FR"},{"@type":"Organization","@id":"https:\/\/nationalcablespecialists.ca\/fr\/#organization","name":"National Cable Specialists","url":"https:\/\/nationalcablespecialists.ca\/fr\/","logo":{"@type":"ImageObject","inLanguage":"fr-FR","@id":"https:\/\/nationalcablespecialists.ca\/fr\/#\/schema\/logo\/image\/","url":"https:\/\/nationalcablespecialists.ca\/wp-content\/uploads\/2023\/01\/NCS_Lrg_Logo.png","contentUrl":"https:\/\/nationalcablespecialists.ca\/wp-content\/uploads\/2023\/01\/NCS_Lrg_Logo.png","width":1600,"height":840,"caption":"National Cable Specialists"},"image":{"@id":"https:\/\/nationalcablespecialists.ca\/fr\/#\/schema\/logo\/image\/"}}]}},"_links":{"self":[{"href":"https:\/\/nationalcablespecialists.ca\/fr\/wp-json\/wp\/v2\/product\/24833","targetHints":{"allow":["GET"]}}],"collection":[{"href":"https:\/\/nationalcablespecialists.ca\/fr\/wp-json\/wp\/v2\/product"}],"about":[{"href":"https:\/\/nationalcablespecialists.ca\/fr\/wp-json\/wp\/v2\/types\/product"}],"replies":[{"embeddable":true,"href":"https:\/\/nationalcablespecialists.ca\/fr\/wp-json\/wp\/v2\/comments?post=24833"}],"wp:featuredmedia":[{"embeddable":true,"href":"https:\/\/nationalcablespecialists.ca\/fr\/wp-json\/wp\/v2\/media\/18814"}],"wp:attachment":[{"href":"https:\/\/nationalcablespecialists.ca\/fr\/wp-json\/wp\/v2\/media?parent=24833"}],"wp:term":[{"taxonomy":"product_brand","embeddable":true,"href":"https:\/\/nationalcablespecialists.ca\/fr\/wp-json\/wp\/v2\/product_brand?post=24833"},{"taxonomy":"product_cat","embeddable":true,"href":"https:\/\/nationalcablespecialists.ca\/fr\/wp-json\/wp\/v2\/product_cat?post=24833"},{"taxonomy":"product_tag","embeddable":true,"href":"https:\/\/nationalcablespecialists.ca\/fr\/wp-json\/wp\/v2\/product_tag?post=24833"},{"taxonomy":"application","embeddable":true,"href":"https:\/\/nationalcablespecialists.ca\/fr\/wp-json\/wp\/v2\/application?post=24833"},{"taxonomy":"voltage-rating","embeddable":true,"href":"https:\/\/nationalcablespecialists.ca\/fr\/wp-json\/wp\/v2\/voltage-rating?post=24833"},{"taxonomy":"jacket-material","embeddable":true,"href":"https:\/\/nationalcablespecialists.ca\/fr\/wp-json\/wp\/v2\/jacket-material?post=24833"},{"taxonomy":"insulation-material","embeddable":true,"href":"https:\/\/nationalcablespecialists.ca\/fr\/wp-json\/wp\/v2\/insulation-material?post=24833"},{"taxonomy":"conductor-material","embeddable":true,"href":"https:\/\/nationalcablespecialists.ca\/fr\/wp-json\/wp\/v2\/conductor-material?post=24833"},{"taxonomy":"wire-gauge","embeddable":true,"href":"https:\/\/nationalcablespecialists.ca\/fr\/wp-json\/wp\/v2\/wire-gauge?post=24833"},{"taxonomy":"conductor","embeddable":true,"href":"https:\/\/nationalcablespecialists.ca\/fr\/wp-json\/wp\/v2\/conductor?post=24833"}],"curies":[{"name":"wp","href":"https:\/\/api.w.org\/{rel}","templated":true}]}}