{"id":24777,"date":"2023-09-15T14:05:04","date_gmt":"2023-09-15T21:05:04","guid":{"rendered":"https:\/\/nationalcablespecialists.ca\/product\/soow-cable-de-commande-portable-multiconducteur\/"},"modified":"2024-01-23T19:31:33","modified_gmt":"2024-01-24T03:31:33","slug":"soow-cable-de-commande-portable-multiconducteur","status":"publish","type":"product","link":"https:\/\/nationalcablespecialists.ca\/fr\/produit\/soow-cable-de-commande-portable-multiconducteur\/","title":{"rendered":"SOOW C\u00e2ble de commande portable multiconducteur"},"content":{"rendered":"<div><strong>Conducteur<\/strong> Cuivre recuit doux extra flexible de classe K selon ASTM B-174<\/div>\n<div>\n<div><strong>Isolation<\/strong> Caoutchouc synth\u00e9tique \u00e0 code couleur<\/div>\n<div>\n<div><strong>Veste<\/strong> CPE noir r\u00e9sistant \u00e0 l\u2019huile et aux intemp\u00e9ries<\/div>\n<div>\n<div><strong>Temp\u00e9rature<\/strong> -40\u00b0C \u00e0 +90\u00b0C<\/div>\n<div>\n<div><strong>Tension 600V<\/strong><\/div>\n<div>\n<div><strong>Applications<\/strong> Con\u00e7u pour une utilisation \u00e0 l\u2019ext\u00e9rieur\/\u00e0 l\u2019int\u00e9rieur dans les circuits de signalisation et les utilisations de contr\u00f4le dans les installations industrielles, les brasseries, les th\u00e9\u00e2tres, les aci\u00e9ries, les installations de traitement et les chantiers de construction. \u00c9galement utilis\u00e9 dans les commandes \u00e0 bouton-poussoir de la ligne de production, les syst\u00e8mes et les alarmes<\/div>\n<div>\n<div><strong>Approbations<\/strong> CSA C22.2 n\u00b0 49 FT1\/FT2, UL-62, conforme \u00e0 la directive RoHS, approuv\u00e9 par la MSHA<\/div>\n<div>\n<div><strong>Bobines<\/strong> de 300 m, bobines de longue longueur coup\u00e9es \u00e0 longueur<\/div>\n<div>\n<div><strong>Code couleur<\/strong> Selon le tableau K-1 de l\u2019ICEA (graphique 16)<\/div>\n<div>*Les amp\u00e8res par conducteur sont bas\u00e9s sur une temp\u00e9rature ambiante de 30 \u00b0C dans l\u2019air et de 90 \u00b0C dans le conducteur.<\/div>\n<\/div>\n<\/div>\n<\/div>\n<\/div>\n<\/div>\n<\/div>\n<\/div>\n<\/div>\n","protected":false},"excerpt":{"rendered":"<p>Conducteur Cuivre recuit doux extra flexible de classe K selon ASTM B-174 Isolation Caoutchouc synth\u00e9tique \u00e0 code couleur Veste CPE noir r\u00e9sistant \u00e0 l\u2019huile et aux intemp\u00e9ries Temp\u00e9rature -40\u00b0C \u00e0 +90\u00b0C Tension 600V Applications Con\u00e7u pour une utilisation \u00e0 l\u2019ext\u00e9rieur\/\u00e0 l\u2019int\u00e9rieur dans les circuits de signalisation et les utilisations de contr\u00f4le dans les installations industrielles, [&hellip;]<\/p>\n","protected":false},"featured_media":18882,"comment_status":"open","ping_status":"closed","template":"","meta":{"_acf_changed":false},"product_brand":[],"product_cat":[655],"product_tag":[751,1090,743,748,746],"application":[1091,1092,798],"voltage-rating":[670],"jacket-material":[1039],"insulation-material":[909],"conductor-material":[685],"wire-gauge":[675,674,673],"conductor":[717,882,1089,1083,721,1093,725,940,714,730,713],"class_list":{"0":"post-24777","1":"product","2":"type-product","3":"status-publish","4":"has-post-thumbnail","6":"product_cat-cable-portatif","7":"product_tag-600v-fr","8":"product_tag-cables-de-commande","9":"product_tag-cuivre","10":"product_tag-exterieur","11":"product_tag-interieur","12":"application-alarme","13":"application-construction-fr","14":"application-signal-fr","15":"voltage-rating-600v-fr","16":"jacket-material-pe-cellulaire","17":"insulation-material-caoutchouc","18":"conductor-material-cuivre-nu-toronne","19":"wire-gauge-14-awg-fr","20":"wire-gauge-16-awg-fr","21":"wire-gauge-18-awg-fr","22":"conductor-10-fr","23":"conductor-12-fr","24":"conductor-14-fr","25":"conductor-16-fr","26":"conductor-20-fr","27":"conductor-24-fr","28":"conductor-30-fr","29":"conductor-50-fr","30":"conductor-6-fr","31":"conductor-7-fr","32":"conductor-8-fr","34":"first","35":"instock","36":"shipping-taxable","37":"purchasable","38":"product-type-variable"},"acf":[],"yoast_head":"<!-- This site is optimized with the Yoast SEO plugin v26.2 - https:\/\/yoast.com\/wordpress\/plugins\/seo\/ -->\n<title>SOOW C\u00e2ble de commande portable multiconducteur - National Cable Specialists<\/title>\n<meta name=\"description\" content=\"National Cable Specialists carries a selection of SOOW C\u00e2ble de commande portable multiconducteur for sale. Visit our website to learn more information.\" \/>\n<meta name=\"robots\" content=\"index, follow, max-snippet:-1, max-image-preview:large, max-video-preview:-1\" \/>\n<link rel=\"canonical\" href=\"https:\/\/nationalcablespecialists.ca\/fr\/produit\/soow-cable-de-commande-portable-multiconducteur\/\" \/>\n<meta property=\"og:locale\" content=\"fr_FR\" \/>\n<meta property=\"og:type\" content=\"article\" \/>\n<meta property=\"og:title\" content=\"SOOW C\u00e2ble de commande portable multiconducteur - National Cable Specialists\" \/>\n<meta property=\"og:description\" content=\"National Cable Specialists carries a selection of SOOW C\u00e2ble de commande portable multiconducteur for sale. Visit our website to learn more information.\" \/>\n<meta property=\"og:url\" content=\"https:\/\/nationalcablespecialists.ca\/fr\/produit\/soow-cable-de-commande-portable-multiconducteur\/\" \/>\n<meta property=\"og:site_name\" content=\"National Cable Specialists\" \/>\n<meta property=\"article:modified_time\" content=\"2024-01-24T03:31:33+00:00\" \/>\n<meta property=\"og:image\" content=\"https:\/\/nationalcablespecialists.ca\/wp-content\/uploads\/2023\/09\/SOOW-Multi_500px-2.jpg\" \/>\n\t<meta property=\"og:image:width\" content=\"500\" \/>\n\t<meta property=\"og:image:height\" content=\"500\" \/>\n\t<meta property=\"og:image:type\" content=\"image\/jpeg\" \/>\n<meta name=\"twitter:card\" content=\"summary_large_image\" \/>\n<meta name=\"twitter:label1\" content=\"Dur\u00e9e de lecture estim\u00e9e\" \/>\n\t<meta name=\"twitter:data1\" content=\"1 minute\" \/>\n<script type=\"application\/ld+json\" class=\"yoast-schema-graph\">{\"@context\":\"https:\/\/schema.org\",\"@graph\":[{\"@type\":\"WebPage\",\"@id\":\"https:\/\/nationalcablespecialists.ca\/fr\/produit\/soow-cable-de-commande-portable-multiconducteur\/\",\"url\":\"https:\/\/nationalcablespecialists.ca\/fr\/produit\/soow-cable-de-commande-portable-multiconducteur\/\",\"name\":\"SOOW C\u00e2ble de commande portable multiconducteur - National Cable Specialists\",\"isPartOf\":{\"@id\":\"https:\/\/nationalcablespecialists.ca\/fr\/#website\"},\"primaryImageOfPage\":{\"@id\":\"https:\/\/nationalcablespecialists.ca\/fr\/produit\/soow-cable-de-commande-portable-multiconducteur\/#primaryimage\"},\"image\":{\"@id\":\"https:\/\/nationalcablespecialists.ca\/fr\/produit\/soow-cable-de-commande-portable-multiconducteur\/#primaryimage\"},\"thumbnailUrl\":\"https:\/\/nationalcablespecialists.ca\/wp-content\/uploads\/2023\/09\/SOOW-Multi_500px-2.jpg\",\"datePublished\":\"2023-09-15T21:05:04+00:00\",\"dateModified\":\"2024-01-24T03:31:33+00:00\",\"description\":\"National Cable Specialists carries a selection of SOOW C\u00e2ble de commande portable multiconducteur for sale. Visit our website to learn more information.\",\"breadcrumb\":{\"@id\":\"https:\/\/nationalcablespecialists.ca\/fr\/produit\/soow-cable-de-commande-portable-multiconducteur\/#breadcrumb\"},\"inLanguage\":\"fr-FR\",\"potentialAction\":[{\"@type\":\"ReadAction\",\"target\":[\"https:\/\/nationalcablespecialists.ca\/fr\/produit\/soow-cable-de-commande-portable-multiconducteur\/\"]}]},{\"@type\":\"ImageObject\",\"inLanguage\":\"fr-FR\",\"@id\":\"https:\/\/nationalcablespecialists.ca\/fr\/produit\/soow-cable-de-commande-portable-multiconducteur\/#primaryimage\",\"url\":\"https:\/\/nationalcablespecialists.ca\/wp-content\/uploads\/2023\/09\/SOOW-Multi_500px-2.jpg\",\"contentUrl\":\"https:\/\/nationalcablespecialists.ca\/wp-content\/uploads\/2023\/09\/SOOW-Multi_500px-2.jpg\",\"width\":500,\"height\":500,\"caption\":\"SOOW Multi\"},{\"@type\":\"BreadcrumbList\",\"@id\":\"https:\/\/nationalcablespecialists.ca\/fr\/produit\/soow-cable-de-commande-portable-multiconducteur\/#breadcrumb\",\"itemListElement\":[{\"@type\":\"ListItem\",\"position\":1,\"name\":\"Produits\",\"item\":\"https:\/\/nationalcablespecialists.ca\/our-products\/\"},{\"@type\":\"ListItem\",\"position\":2,\"name\":\"SOOW C\u00e2ble de commande portable multiconducteur\"}]},{\"@type\":\"WebSite\",\"@id\":\"https:\/\/nationalcablespecialists.ca\/fr\/#website\",\"url\":\"https:\/\/nationalcablespecialists.ca\/fr\/\",\"name\":\"National Cable Specialists\",\"description\":\"\",\"publisher\":{\"@id\":\"https:\/\/nationalcablespecialists.ca\/fr\/#organization\"},\"potentialAction\":[{\"@type\":\"SearchAction\",\"target\":{\"@type\":\"EntryPoint\",\"urlTemplate\":\"https:\/\/nationalcablespecialists.ca\/fr\/?s={search_term_string}\"},\"query-input\":{\"@type\":\"PropertyValueSpecification\",\"valueRequired\":true,\"valueName\":\"search_term_string\"}}],\"inLanguage\":\"fr-FR\"},{\"@type\":\"Organization\",\"@id\":\"https:\/\/nationalcablespecialists.ca\/fr\/#organization\",\"name\":\"National Cable Specialists\",\"url\":\"https:\/\/nationalcablespecialists.ca\/fr\/\",\"logo\":{\"@type\":\"ImageObject\",\"inLanguage\":\"fr-FR\",\"@id\":\"https:\/\/nationalcablespecialists.ca\/fr\/#\/schema\/logo\/image\/\",\"url\":\"https:\/\/nationalcablespecialists.ca\/wp-content\/uploads\/2023\/01\/NCS_Lrg_Logo.png\",\"contentUrl\":\"https:\/\/nationalcablespecialists.ca\/wp-content\/uploads\/2023\/01\/NCS_Lrg_Logo.png\",\"width\":1600,\"height\":840,\"caption\":\"National Cable Specialists\"},\"image\":{\"@id\":\"https:\/\/nationalcablespecialists.ca\/fr\/#\/schema\/logo\/image\/\"}}]}<\/script>\n<!-- \/ Yoast SEO plugin. -->","yoast_head_json":{"title":"SOOW C\u00e2ble de commande portable multiconducteur - National Cable Specialists","description":"National Cable Specialists carries a selection of SOOW C\u00e2ble de commande portable multiconducteur for sale. Visit our website to learn more information.","robots":{"index":"index","follow":"follow","max-snippet":"max-snippet:-1","max-image-preview":"max-image-preview:large","max-video-preview":"max-video-preview:-1"},"canonical":"https:\/\/nationalcablespecialists.ca\/fr\/produit\/soow-cable-de-commande-portable-multiconducteur\/","og_locale":"fr_FR","og_type":"article","og_title":"SOOW C\u00e2ble de commande portable multiconducteur - National Cable Specialists","og_description":"National Cable Specialists carries a selection of SOOW C\u00e2ble de commande portable multiconducteur for sale. Visit our website to learn more information.","og_url":"https:\/\/nationalcablespecialists.ca\/fr\/produit\/soow-cable-de-commande-portable-multiconducteur\/","og_site_name":"National Cable Specialists","article_modified_time":"2024-01-24T03:31:33+00:00","og_image":[{"width":500,"height":500,"url":"https:\/\/nationalcablespecialists.ca\/wp-content\/uploads\/2023\/09\/SOOW-Multi_500px-2.jpg","type":"image\/jpeg"}],"twitter_card":"summary_large_image","twitter_misc":{"Dur\u00e9e de lecture estim\u00e9e":"1 minute"},"schema":{"@context":"https:\/\/schema.org","@graph":[{"@type":"WebPage","@id":"https:\/\/nationalcablespecialists.ca\/fr\/produit\/soow-cable-de-commande-portable-multiconducteur\/","url":"https:\/\/nationalcablespecialists.ca\/fr\/produit\/soow-cable-de-commande-portable-multiconducteur\/","name":"SOOW C\u00e2ble de commande portable multiconducteur - National Cable Specialists","isPartOf":{"@id":"https:\/\/nationalcablespecialists.ca\/fr\/#website"},"primaryImageOfPage":{"@id":"https:\/\/nationalcablespecialists.ca\/fr\/produit\/soow-cable-de-commande-portable-multiconducteur\/#primaryimage"},"image":{"@id":"https:\/\/nationalcablespecialists.ca\/fr\/produit\/soow-cable-de-commande-portable-multiconducteur\/#primaryimage"},"thumbnailUrl":"https:\/\/nationalcablespecialists.ca\/wp-content\/uploads\/2023\/09\/SOOW-Multi_500px-2.jpg","datePublished":"2023-09-15T21:05:04+00:00","dateModified":"2024-01-24T03:31:33+00:00","description":"National Cable Specialists carries a selection of SOOW C\u00e2ble de commande portable multiconducteur for sale. Visit our website to learn more information.","breadcrumb":{"@id":"https:\/\/nationalcablespecialists.ca\/fr\/produit\/soow-cable-de-commande-portable-multiconducteur\/#breadcrumb"},"inLanguage":"fr-FR","potentialAction":[{"@type":"ReadAction","target":["https:\/\/nationalcablespecialists.ca\/fr\/produit\/soow-cable-de-commande-portable-multiconducteur\/"]}]},{"@type":"ImageObject","inLanguage":"fr-FR","@id":"https:\/\/nationalcablespecialists.ca\/fr\/produit\/soow-cable-de-commande-portable-multiconducteur\/#primaryimage","url":"https:\/\/nationalcablespecialists.ca\/wp-content\/uploads\/2023\/09\/SOOW-Multi_500px-2.jpg","contentUrl":"https:\/\/nationalcablespecialists.ca\/wp-content\/uploads\/2023\/09\/SOOW-Multi_500px-2.jpg","width":500,"height":500,"caption":"SOOW Multi"},{"@type":"BreadcrumbList","@id":"https:\/\/nationalcablespecialists.ca\/fr\/produit\/soow-cable-de-commande-portable-multiconducteur\/#breadcrumb","itemListElement":[{"@type":"ListItem","position":1,"name":"Produits","item":"https:\/\/nationalcablespecialists.ca\/our-products\/"},{"@type":"ListItem","position":2,"name":"SOOW C\u00e2ble de commande portable multiconducteur"}]},{"@type":"WebSite","@id":"https:\/\/nationalcablespecialists.ca\/fr\/#website","url":"https:\/\/nationalcablespecialists.ca\/fr\/","name":"National Cable Specialists","description":"","publisher":{"@id":"https:\/\/nationalcablespecialists.ca\/fr\/#organization"},"potentialAction":[{"@type":"SearchAction","target":{"@type":"EntryPoint","urlTemplate":"https:\/\/nationalcablespecialists.ca\/fr\/?s={search_term_string}"},"query-input":{"@type":"PropertyValueSpecification","valueRequired":true,"valueName":"search_term_string"}}],"inLanguage":"fr-FR"},{"@type":"Organization","@id":"https:\/\/nationalcablespecialists.ca\/fr\/#organization","name":"National Cable Specialists","url":"https:\/\/nationalcablespecialists.ca\/fr\/","logo":{"@type":"ImageObject","inLanguage":"fr-FR","@id":"https:\/\/nationalcablespecialists.ca\/fr\/#\/schema\/logo\/image\/","url":"https:\/\/nationalcablespecialists.ca\/wp-content\/uploads\/2023\/01\/NCS_Lrg_Logo.png","contentUrl":"https:\/\/nationalcablespecialists.ca\/wp-content\/uploads\/2023\/01\/NCS_Lrg_Logo.png","width":1600,"height":840,"caption":"National Cable Specialists"},"image":{"@id":"https:\/\/nationalcablespecialists.ca\/fr\/#\/schema\/logo\/image\/"}}]}},"_links":{"self":[{"href":"https:\/\/nationalcablespecialists.ca\/fr\/wp-json\/wp\/v2\/product\/24777","targetHints":{"allow":["GET"]}}],"collection":[{"href":"https:\/\/nationalcablespecialists.ca\/fr\/wp-json\/wp\/v2\/product"}],"about":[{"href":"https:\/\/nationalcablespecialists.ca\/fr\/wp-json\/wp\/v2\/types\/product"}],"replies":[{"embeddable":true,"href":"https:\/\/nationalcablespecialists.ca\/fr\/wp-json\/wp\/v2\/comments?post=24777"}],"wp:featuredmedia":[{"embeddable":true,"href":"https:\/\/nationalcablespecialists.ca\/fr\/wp-json\/wp\/v2\/media\/18882"}],"wp:attachment":[{"href":"https:\/\/nationalcablespecialists.ca\/fr\/wp-json\/wp\/v2\/media?parent=24777"}],"wp:term":[{"taxonomy":"product_brand","embeddable":true,"href":"https:\/\/nationalcablespecialists.ca\/fr\/wp-json\/wp\/v2\/product_brand?post=24777"},{"taxonomy":"product_cat","embeddable":true,"href":"https:\/\/nationalcablespecialists.ca\/fr\/wp-json\/wp\/v2\/product_cat?post=24777"},{"taxonomy":"product_tag","embeddable":true,"href":"https:\/\/nationalcablespecialists.ca\/fr\/wp-json\/wp\/v2\/product_tag?post=24777"},{"taxonomy":"application","embeddable":true,"href":"https:\/\/nationalcablespecialists.ca\/fr\/wp-json\/wp\/v2\/application?post=24777"},{"taxonomy":"voltage-rating","embeddable":true,"href":"https:\/\/nationalcablespecialists.ca\/fr\/wp-json\/wp\/v2\/voltage-rating?post=24777"},{"taxonomy":"jacket-material","embeddable":true,"href":"https:\/\/nationalcablespecialists.ca\/fr\/wp-json\/wp\/v2\/jacket-material?post=24777"},{"taxonomy":"insulation-material","embeddable":true,"href":"https:\/\/nationalcablespecialists.ca\/fr\/wp-json\/wp\/v2\/insulation-material?post=24777"},{"taxonomy":"conductor-material","embeddable":true,"href":"https:\/\/nationalcablespecialists.ca\/fr\/wp-json\/wp\/v2\/conductor-material?post=24777"},{"taxonomy":"wire-gauge","embeddable":true,"href":"https:\/\/nationalcablespecialists.ca\/fr\/wp-json\/wp\/v2\/wire-gauge?post=24777"},{"taxonomy":"conductor","embeddable":true,"href":"https:\/\/nationalcablespecialists.ca\/fr\/wp-json\/wp\/v2\/conductor?post=24777"}],"curies":[{"name":"wp","href":"https:\/\/api.w.org\/{rel}","templated":true}]}}