{"id":24742,"date":"2023-09-15T14:06:29","date_gmt":"2023-09-15T21:06:29","guid":{"rendered":"https:\/\/nationalcablespecialists.ca\/product\/cable-de-commande-flexible-continu\/"},"modified":"2023-09-15T14:06:29","modified_gmt":"2023-09-15T21:06:29","slug":"cable-de-commande-flexible-continu","status":"publish","type":"product","link":"https:\/\/nationalcablespecialists.ca\/fr\/produit\/cable-de-commande-flexible-continu\/","title":{"rendered":"C\u00e2ble de commande flexible continu"},"content":{"rendered":"<div><strong>Conducteur<\/strong> Cuivre nu toronn\u00e9 super fin<\/div>\n<div>\n<div><strong>Isolation<\/strong> PVC sp\u00e9cialement m\u00e9lang\u00e9<\/div>\n<div>\n<div><strong>Veste<\/strong> PVC noir r\u00e9sistant \u00e0 l\u2019huile<\/div>\n<div>\n<div><strong>Fonctionnalit\u00e9s<\/strong> Envelopp\u00e9 de talc et de textile non absorbant sur la couche ext\u00e9rieure<\/div>\n<div>\n<div><strong>Temp\u00e9rature<\/strong> -40\u00b0C \u00e0 +90\u00b0C stationnaire. -5\u00b0C \u00e0 +90\u00b0C utilisation flexible<\/div>\n<div>\n<div><strong>Tension 600V<\/strong><\/div>\n<div>\n<div><strong>Applications<\/strong> Con\u00e7u pour les applications flexibles continues sur les grues \u00e0 portique, les machines de manutention automatis\u00e9es, le pick and place<\/div>\n<div>unit\u00e9s, machines-outils, syst\u00e8mes de convoyage et toute autre application o\u00f9 la flexion continue existe<\/div>\n<div>\n<div><strong>Flexibilit\u00e9<\/strong> Le rayon de courbure minimum pour une flexion continue est de 8X le diam\u00e8tre du c\u00e2ble<\/div>\n<div>\n<div><strong>Approbations<\/strong> CSA AWM II A\/B FT1, CSA C22.2C210.2, UL style 2587<\/div>\n<div>\n<div><strong>Emballage<\/strong> Bobines de 300 m, bobines de longue longueur coup\u00e9es \u00e0 longueur<\/div>\n<div>\n<div><strong>Code couleur<\/strong> Rouge avec des chiffres noirs, plus vert\/jaune. \u00c9galement disponible en bleu<\/div>\n<div><\/div>\n<\/div>\n<\/div>\n<\/div>\n<\/div>\n<\/div>\n<\/div>\n<\/div>\n<\/div>\n<\/div>\n<\/div>\n","protected":false},"excerpt":{"rendered":"<p>Conducteur Cuivre nu toronn\u00e9 super fin Isolation PVC sp\u00e9cialement m\u00e9lang\u00e9 Veste PVC noir r\u00e9sistant \u00e0 l\u2019huile Fonctionnalit\u00e9s Envelopp\u00e9 de talc et de textile non absorbant sur la couche ext\u00e9rieure Temp\u00e9rature -40\u00b0C \u00e0 +90\u00b0C stationnaire. -5\u00b0C \u00e0 +90\u00b0C utilisation flexible Tension 600V Applications Con\u00e7u pour les applications flexibles continues sur les grues \u00e0 portique, les machines [&hellip;]<\/p>\n","protected":false},"featured_media":19042,"comment_status":"open","ping_status":"closed","template":"","meta":{"_acf_changed":false},"product_brand":[],"product_cat":[1038],"product_tag":[1032,1088,1026,1030],"application":[1043,668,1074,666],"voltage-rating":[670],"jacket-material":[694],"insulation-material":[686],"conductor-material":[685],"wire-gauge":[676,675,674,673,727,763,762],"conductor":[],"class_list":{"0":"post-24742","1":"product","2":"type-product","3":"status-publish","4":"has-post-thumbnail","6":"product_cat-automatisation-dusine","7":"product_tag-cable-de-commande","8":"product_tag-flechir","9":"product_tag-lapon","10":"product_tag-olflex-fr","11":"application-convoyeurs","12":"application-cranes-fr","13":"application-flechir","14":"application-tools-fr","15":"voltage-rating-600v-fr","16":"jacket-material-chlorure-de-polyvinyle","17":"insulation-material-chlorure-de-polyvinyle","18":"conductor-material-cuivre-nu-toronne","19":"wire-gauge-12-awg-fr","20":"wire-gauge-14-awg-fr","21":"wire-gauge-16-awg-fr","22":"wire-gauge-18-awg-fr","23":"wire-gauge-20-awg-fr","24":"wire-gauge-6-awg-fr","25":"wire-gauge-8-awg-fr","27":"first","28":"instock","29":"shipping-taxable","30":"purchasable","31":"product-type-variable"},"acf":[],"yoast_head":"<!-- This site is optimized with the Yoast SEO plugin v26.2 - https:\/\/yoast.com\/wordpress\/plugins\/seo\/ -->\n<title>C\u00e2ble de commande flexible continu - National Cable Specialists<\/title>\n<meta name=\"description\" content=\"National Cable Specialists carries a selection of C\u00e2ble de commande flexible continu for sale. Visit our website to learn more information.\" \/>\n<meta name=\"robots\" content=\"index, follow, max-snippet:-1, max-image-preview:large, max-video-preview:-1\" \/>\n<link rel=\"canonical\" href=\"https:\/\/nationalcablespecialists.ca\/fr\/produit\/cable-de-commande-flexible-continu\/\" \/>\n<meta property=\"og:locale\" content=\"fr_FR\" \/>\n<meta property=\"og:type\" content=\"article\" \/>\n<meta property=\"og:title\" content=\"C\u00e2ble de commande flexible continu - National Cable Specialists\" \/>\n<meta property=\"og:description\" content=\"National Cable Specialists carries a selection of C\u00e2ble de commande flexible continu for sale. Visit our website to learn more information.\" \/>\n<meta property=\"og:url\" content=\"https:\/\/nationalcablespecialists.ca\/fr\/produit\/cable-de-commande-flexible-continu\/\" \/>\n<meta property=\"og:site_name\" content=\"National Cable Specialists\" \/>\n<meta name=\"twitter:card\" content=\"summary_large_image\" \/>\n<meta name=\"twitter:label1\" content=\"Dur\u00e9e de lecture estim\u00e9e\" \/>\n\t<meta name=\"twitter:data1\" content=\"1 minute\" \/>\n<script type=\"application\/ld+json\" class=\"yoast-schema-graph\">{\"@context\":\"https:\/\/schema.org\",\"@graph\":[{\"@type\":\"WebPage\",\"@id\":\"https:\/\/nationalcablespecialists.ca\/fr\/produit\/cable-de-commande-flexible-continu\/\",\"url\":\"https:\/\/nationalcablespecialists.ca\/fr\/produit\/cable-de-commande-flexible-continu\/\",\"name\":\"C\u00e2ble de commande flexible continu - National Cable Specialists\",\"isPartOf\":{\"@id\":\"https:\/\/nationalcablespecialists.ca\/fr\/#website\"},\"primaryImageOfPage\":{\"@id\":\"https:\/\/nationalcablespecialists.ca\/fr\/produit\/cable-de-commande-flexible-continu\/#primaryimage\"},\"image\":{\"@id\":\"https:\/\/nationalcablespecialists.ca\/fr\/produit\/cable-de-commande-flexible-continu\/#primaryimage\"},\"thumbnailUrl\":\"https:\/\/nationalcablespecialists.ca\/wp-content\/uploads\/2023\/09\/Olflex_500px-2.jpg\",\"datePublished\":\"2023-09-15T21:06:29+00:00\",\"description\":\"National Cable Specialists carries a selection of C\u00e2ble de commande flexible continu for sale. Visit our website to learn more information.\",\"breadcrumb\":{\"@id\":\"https:\/\/nationalcablespecialists.ca\/fr\/produit\/cable-de-commande-flexible-continu\/#breadcrumb\"},\"inLanguage\":\"fr-FR\",\"potentialAction\":[{\"@type\":\"ReadAction\",\"target\":[\"https:\/\/nationalcablespecialists.ca\/fr\/produit\/cable-de-commande-flexible-continu\/\"]}]},{\"@type\":\"ImageObject\",\"inLanguage\":\"fr-FR\",\"@id\":\"https:\/\/nationalcablespecialists.ca\/fr\/produit\/cable-de-commande-flexible-continu\/#primaryimage\",\"url\":\"https:\/\/nationalcablespecialists.ca\/wp-content\/uploads\/2023\/09\/Olflex_500px-2.jpg\",\"contentUrl\":\"https:\/\/nationalcablespecialists.ca\/wp-content\/uploads\/2023\/09\/Olflex_500px-2.jpg\",\"width\":500,\"height\":500,\"caption\":\"Olflex\"},{\"@type\":\"BreadcrumbList\",\"@id\":\"https:\/\/nationalcablespecialists.ca\/fr\/produit\/cable-de-commande-flexible-continu\/#breadcrumb\",\"itemListElement\":[{\"@type\":\"ListItem\",\"position\":1,\"name\":\"Produits\",\"item\":\"https:\/\/nationalcablespecialists.ca\/our-products\/\"},{\"@type\":\"ListItem\",\"position\":2,\"name\":\"C\u00e2ble de commande flexible continu\"}]},{\"@type\":\"WebSite\",\"@id\":\"https:\/\/nationalcablespecialists.ca\/fr\/#website\",\"url\":\"https:\/\/nationalcablespecialists.ca\/fr\/\",\"name\":\"National Cable Specialists\",\"description\":\"\",\"publisher\":{\"@id\":\"https:\/\/nationalcablespecialists.ca\/fr\/#organization\"},\"potentialAction\":[{\"@type\":\"SearchAction\",\"target\":{\"@type\":\"EntryPoint\",\"urlTemplate\":\"https:\/\/nationalcablespecialists.ca\/fr\/?s={search_term_string}\"},\"query-input\":{\"@type\":\"PropertyValueSpecification\",\"valueRequired\":true,\"valueName\":\"search_term_string\"}}],\"inLanguage\":\"fr-FR\"},{\"@type\":\"Organization\",\"@id\":\"https:\/\/nationalcablespecialists.ca\/fr\/#organization\",\"name\":\"National Cable Specialists\",\"url\":\"https:\/\/nationalcablespecialists.ca\/fr\/\",\"logo\":{\"@type\":\"ImageObject\",\"inLanguage\":\"fr-FR\",\"@id\":\"https:\/\/nationalcablespecialists.ca\/fr\/#\/schema\/logo\/image\/\",\"url\":\"https:\/\/nationalcablespecialists.ca\/wp-content\/uploads\/2023\/01\/NCS_Lrg_Logo.png\",\"contentUrl\":\"https:\/\/nationalcablespecialists.ca\/wp-content\/uploads\/2023\/01\/NCS_Lrg_Logo.png\",\"width\":1600,\"height\":840,\"caption\":\"National Cable Specialists\"},\"image\":{\"@id\":\"https:\/\/nationalcablespecialists.ca\/fr\/#\/schema\/logo\/image\/\"}}]}<\/script>\n<!-- \/ Yoast SEO plugin. -->","yoast_head_json":{"title":"C\u00e2ble de commande flexible continu - National Cable Specialists","description":"National Cable Specialists carries a selection of C\u00e2ble de commande flexible continu for sale. Visit our website to learn more information.","robots":{"index":"index","follow":"follow","max-snippet":"max-snippet:-1","max-image-preview":"max-image-preview:large","max-video-preview":"max-video-preview:-1"},"canonical":"https:\/\/nationalcablespecialists.ca\/fr\/produit\/cable-de-commande-flexible-continu\/","og_locale":"fr_FR","og_type":"article","og_title":"C\u00e2ble de commande flexible continu - National Cable Specialists","og_description":"National Cable Specialists carries a selection of C\u00e2ble de commande flexible continu for sale. Visit our website to learn more information.","og_url":"https:\/\/nationalcablespecialists.ca\/fr\/produit\/cable-de-commande-flexible-continu\/","og_site_name":"National Cable Specialists","twitter_card":"summary_large_image","twitter_misc":{"Dur\u00e9e de lecture estim\u00e9e":"1 minute"},"schema":{"@context":"https:\/\/schema.org","@graph":[{"@type":"WebPage","@id":"https:\/\/nationalcablespecialists.ca\/fr\/produit\/cable-de-commande-flexible-continu\/","url":"https:\/\/nationalcablespecialists.ca\/fr\/produit\/cable-de-commande-flexible-continu\/","name":"C\u00e2ble de commande flexible continu - National Cable Specialists","isPartOf":{"@id":"https:\/\/nationalcablespecialists.ca\/fr\/#website"},"primaryImageOfPage":{"@id":"https:\/\/nationalcablespecialists.ca\/fr\/produit\/cable-de-commande-flexible-continu\/#primaryimage"},"image":{"@id":"https:\/\/nationalcablespecialists.ca\/fr\/produit\/cable-de-commande-flexible-continu\/#primaryimage"},"thumbnailUrl":"https:\/\/nationalcablespecialists.ca\/wp-content\/uploads\/2023\/09\/Olflex_500px-2.jpg","datePublished":"2023-09-15T21:06:29+00:00","description":"National Cable Specialists carries a selection of C\u00e2ble de commande flexible continu for sale. Visit our website to learn more information.","breadcrumb":{"@id":"https:\/\/nationalcablespecialists.ca\/fr\/produit\/cable-de-commande-flexible-continu\/#breadcrumb"},"inLanguage":"fr-FR","potentialAction":[{"@type":"ReadAction","target":["https:\/\/nationalcablespecialists.ca\/fr\/produit\/cable-de-commande-flexible-continu\/"]}]},{"@type":"ImageObject","inLanguage":"fr-FR","@id":"https:\/\/nationalcablespecialists.ca\/fr\/produit\/cable-de-commande-flexible-continu\/#primaryimage","url":"https:\/\/nationalcablespecialists.ca\/wp-content\/uploads\/2023\/09\/Olflex_500px-2.jpg","contentUrl":"https:\/\/nationalcablespecialists.ca\/wp-content\/uploads\/2023\/09\/Olflex_500px-2.jpg","width":500,"height":500,"caption":"Olflex"},{"@type":"BreadcrumbList","@id":"https:\/\/nationalcablespecialists.ca\/fr\/produit\/cable-de-commande-flexible-continu\/#breadcrumb","itemListElement":[{"@type":"ListItem","position":1,"name":"Produits","item":"https:\/\/nationalcablespecialists.ca\/our-products\/"},{"@type":"ListItem","position":2,"name":"C\u00e2ble de commande flexible continu"}]},{"@type":"WebSite","@id":"https:\/\/nationalcablespecialists.ca\/fr\/#website","url":"https:\/\/nationalcablespecialists.ca\/fr\/","name":"National Cable Specialists","description":"","publisher":{"@id":"https:\/\/nationalcablespecialists.ca\/fr\/#organization"},"potentialAction":[{"@type":"SearchAction","target":{"@type":"EntryPoint","urlTemplate":"https:\/\/nationalcablespecialists.ca\/fr\/?s={search_term_string}"},"query-input":{"@type":"PropertyValueSpecification","valueRequired":true,"valueName":"search_term_string"}}],"inLanguage":"fr-FR"},{"@type":"Organization","@id":"https:\/\/nationalcablespecialists.ca\/fr\/#organization","name":"National Cable Specialists","url":"https:\/\/nationalcablespecialists.ca\/fr\/","logo":{"@type":"ImageObject","inLanguage":"fr-FR","@id":"https:\/\/nationalcablespecialists.ca\/fr\/#\/schema\/logo\/image\/","url":"https:\/\/nationalcablespecialists.ca\/wp-content\/uploads\/2023\/01\/NCS_Lrg_Logo.png","contentUrl":"https:\/\/nationalcablespecialists.ca\/wp-content\/uploads\/2023\/01\/NCS_Lrg_Logo.png","width":1600,"height":840,"caption":"National Cable Specialists"},"image":{"@id":"https:\/\/nationalcablespecialists.ca\/fr\/#\/schema\/logo\/image\/"}}]}},"_links":{"self":[{"href":"https:\/\/nationalcablespecialists.ca\/fr\/wp-json\/wp\/v2\/product\/24742","targetHints":{"allow":["GET"]}}],"collection":[{"href":"https:\/\/nationalcablespecialists.ca\/fr\/wp-json\/wp\/v2\/product"}],"about":[{"href":"https:\/\/nationalcablespecialists.ca\/fr\/wp-json\/wp\/v2\/types\/product"}],"replies":[{"embeddable":true,"href":"https:\/\/nationalcablespecialists.ca\/fr\/wp-json\/wp\/v2\/comments?post=24742"}],"wp:featuredmedia":[{"embeddable":true,"href":"https:\/\/nationalcablespecialists.ca\/fr\/wp-json\/wp\/v2\/media\/19042"}],"wp:attachment":[{"href":"https:\/\/nationalcablespecialists.ca\/fr\/wp-json\/wp\/v2\/media?parent=24742"}],"wp:term":[{"taxonomy":"product_brand","embeddable":true,"href":"https:\/\/nationalcablespecialists.ca\/fr\/wp-json\/wp\/v2\/product_brand?post=24742"},{"taxonomy":"product_cat","embeddable":true,"href":"https:\/\/nationalcablespecialists.ca\/fr\/wp-json\/wp\/v2\/product_cat?post=24742"},{"taxonomy":"product_tag","embeddable":true,"href":"https:\/\/nationalcablespecialists.ca\/fr\/wp-json\/wp\/v2\/product_tag?post=24742"},{"taxonomy":"application","embeddable":true,"href":"https:\/\/nationalcablespecialists.ca\/fr\/wp-json\/wp\/v2\/application?post=24742"},{"taxonomy":"voltage-rating","embeddable":true,"href":"https:\/\/nationalcablespecialists.ca\/fr\/wp-json\/wp\/v2\/voltage-rating?post=24742"},{"taxonomy":"jacket-material","embeddable":true,"href":"https:\/\/nationalcablespecialists.ca\/fr\/wp-json\/wp\/v2\/jacket-material?post=24742"},{"taxonomy":"insulation-material","embeddable":true,"href":"https:\/\/nationalcablespecialists.ca\/fr\/wp-json\/wp\/v2\/insulation-material?post=24742"},{"taxonomy":"conductor-material","embeddable":true,"href":"https:\/\/nationalcablespecialists.ca\/fr\/wp-json\/wp\/v2\/conductor-material?post=24742"},{"taxonomy":"wire-gauge","embeddable":true,"href":"https:\/\/nationalcablespecialists.ca\/fr\/wp-json\/wp\/v2\/wire-gauge?post=24742"},{"taxonomy":"conductor","embeddable":true,"href":"https:\/\/nationalcablespecialists.ca\/fr\/wp-json\/wp\/v2\/conductor?post=24742"}],"curies":[{"name":"wp","href":"https:\/\/api.w.org\/{rel}","templated":true}]}}