{"id":24562,"date":"2023-09-15T14:05:54","date_gmt":"2023-09-15T21:05:54","guid":{"rendered":"https:\/\/nationalcablespecialists.ca\/product\/sjt-cordon-retractable\/"},"modified":"2024-01-23T19:31:25","modified_gmt":"2024-01-24T03:31:25","slug":"sjt-cordon-retractable","status":"publish","type":"product","link":"https:\/\/nationalcablespecialists.ca\/fr\/produit\/sjt-cordon-retractable\/","title":{"rendered":"SJT Cordon r\u00e9tractable"},"content":{"rendered":"<div><strong>Conducteur<\/strong> Cuivre nu toronn\u00e9<\/div>\n<div>\n<div><strong>Isolation<\/strong> Chlorure de polyvinyle<\/div>\n<div>\n<div><strong>Veste<\/strong> PVC blanc ou noir<\/div>\n<div>\n<div><strong>Temp\u00e9rature<\/strong> +105\u00b0C<\/div>\n<div>\n<div><strong>Tension 300V<\/strong><\/div>\n<div>\n<div><strong>Applications<\/strong> Le cordon r\u00e9tractable SJT est con\u00e7u comme cordon d\u2019alimentation sur les machines-outils, les \u00e9quipements de communication, les \u00e9quipements de test, les \u00e9quipements d\u2019alimentation et les<\/div>\n<div>les \u00e9quipements de distribution, les appareils \u00e9lectrom\u00e9nagers, l\u2019\u00e9clairage, les commandes mobiles, etc.<\/div>\n<div>\n<div><strong>Approbations<\/strong> CSA, UL<\/div>\n<div>\n<div><strong>Code couleur<\/strong><br \/>\n2C Noir, blanc<br \/>\n3C Noir, blanc, vert<br \/>\n4C Noir, blanc, vert, rouge<\/div>\n<div>*Les amp\u00e8res par conducteur sont bas\u00e9s sur une temp\u00e9rature ambiante de 30 \u00b0C dans l\u2019air et de 90 \u00b0C dans le conducteur.<\/div>\n<div>\u00c9galement disponible en longueurs r\u00e9tract\u00e9es de 36&nbsp;\u00bb, 24&nbsp;\u00bb et 12&nbsp;\u00bb avec des longueurs \u00e9tendues au rapport 1&nbsp;:5 &#8211; veuillez vous renseigner pour plus de d\u00e9tails<\/div>\n<\/div>\n<\/div>\n<\/div>\n<\/div>\n<\/div>\n<\/div>\n<\/div>\n","protected":false},"excerpt":{"rendered":"<p>Conducteur Cuivre nu toronn\u00e9 Isolation Chlorure de polyvinyle Veste PVC blanc ou noir Temp\u00e9rature +105\u00b0C Tension 300V Applications Le cordon r\u00e9tractable SJT est con\u00e7u comme cordon d\u2019alimentation sur les machines-outils, les \u00e9quipements de communication, les \u00e9quipements de test, les \u00e9quipements d\u2019alimentation et les les \u00e9quipements de distribution, les appareils \u00e9lectrom\u00e9nagers, l\u2019\u00e9clairage, les commandes mobiles, etc. [&hellip;]<\/p>\n","protected":false},"featured_media":18978,"comment_status":"open","ping_status":"closed","template":"","meta":{"_acf_changed":false},"product_brand":[],"product_cat":[655],"product_tag":[682,1077],"application":[687,689,1076],"voltage-rating":[683],"jacket-material":[694],"insulation-material":[686],"conductor-material":[685],"wire-gauge":[674,673],"conductor":[679,678,680],"class_list":{"0":"post-24562","1":"product","2":"type-product","3":"status-publish","4":"has-post-thumbnail","6":"product_cat-cable-portatif","7":"product_tag-retractile-fr","8":"product_tag-sjt-en-anglais-seulement","9":"application-appareils-menagers","10":"application-equipement","11":"application-machine-fr","12":"voltage-rating-300v-fr","13":"jacket-material-chlorure-de-polyvinyle","14":"insulation-material-chlorure-de-polyvinyle","15":"conductor-material-cuivre-nu-toronne","16":"wire-gauge-16-awg-fr","17":"wire-gauge-18-awg-fr","18":"conductor-2-fr","19":"conductor-3-fr","20":"conductor-4-fr","22":"first","23":"instock","24":"shipping-taxable","25":"purchasable","26":"product-type-variable"},"acf":[],"yoast_head":"<!-- This site is optimized with the Yoast SEO plugin v26.2 - https:\/\/yoast.com\/wordpress\/plugins\/seo\/ -->\n<title>SJT Cordon r\u00e9tractable - National Cable Specialists<\/title>\n<meta name=\"description\" content=\"National Cable Specialists carries a selection of SJT Cordon r\u00e9tractable for sale. Visit our website to learn more information.\" \/>\n<meta name=\"robots\" content=\"index, follow, max-snippet:-1, max-image-preview:large, max-video-preview:-1\" \/>\n<link rel=\"canonical\" href=\"https:\/\/nationalcablespecialists.ca\/fr\/produit\/sjt-cordon-retractable\/\" \/>\n<meta property=\"og:locale\" content=\"fr_FR\" \/>\n<meta property=\"og:type\" content=\"article\" \/>\n<meta property=\"og:title\" content=\"SJT Cordon r\u00e9tractable - National Cable Specialists\" \/>\n<meta property=\"og:description\" content=\"National Cable Specialists carries a selection of SJT Cordon r\u00e9tractable for sale. Visit our website to learn more information.\" \/>\n<meta property=\"og:url\" content=\"https:\/\/nationalcablespecialists.ca\/fr\/produit\/sjt-cordon-retractable\/\" \/>\n<meta property=\"og:site_name\" content=\"National Cable Specialists\" \/>\n<meta property=\"article:modified_time\" content=\"2024-01-24T03:31:25+00:00\" \/>\n<meta property=\"og:image\" content=\"https:\/\/nationalcablespecialists.ca\/wp-content\/uploads\/2023\/09\/Retractible-SJT_500px-2.jpg\" \/>\n\t<meta property=\"og:image:width\" content=\"500\" \/>\n\t<meta property=\"og:image:height\" content=\"500\" \/>\n\t<meta property=\"og:image:type\" content=\"image\/jpeg\" \/>\n<meta name=\"twitter:card\" content=\"summary_large_image\" \/>\n<meta name=\"twitter:label1\" content=\"Dur\u00e9e de lecture estim\u00e9e\" \/>\n\t<meta name=\"twitter:data1\" content=\"1 minute\" \/>\n<script type=\"application\/ld+json\" class=\"yoast-schema-graph\">{\"@context\":\"https:\/\/schema.org\",\"@graph\":[{\"@type\":\"WebPage\",\"@id\":\"https:\/\/nationalcablespecialists.ca\/fr\/produit\/sjt-cordon-retractable\/\",\"url\":\"https:\/\/nationalcablespecialists.ca\/fr\/produit\/sjt-cordon-retractable\/\",\"name\":\"SJT Cordon r\u00e9tractable - National Cable Specialists\",\"isPartOf\":{\"@id\":\"https:\/\/nationalcablespecialists.ca\/fr\/#website\"},\"primaryImageOfPage\":{\"@id\":\"https:\/\/nationalcablespecialists.ca\/fr\/produit\/sjt-cordon-retractable\/#primaryimage\"},\"image\":{\"@id\":\"https:\/\/nationalcablespecialists.ca\/fr\/produit\/sjt-cordon-retractable\/#primaryimage\"},\"thumbnailUrl\":\"https:\/\/nationalcablespecialists.ca\/wp-content\/uploads\/2023\/09\/Retractible-SJT_500px-2.jpg\",\"datePublished\":\"2023-09-15T21:05:54+00:00\",\"dateModified\":\"2024-01-24T03:31:25+00:00\",\"description\":\"National Cable Specialists carries a selection of SJT Cordon r\u00e9tractable for sale. Visit our website to learn more information.\",\"breadcrumb\":{\"@id\":\"https:\/\/nationalcablespecialists.ca\/fr\/produit\/sjt-cordon-retractable\/#breadcrumb\"},\"inLanguage\":\"fr-FR\",\"potentialAction\":[{\"@type\":\"ReadAction\",\"target\":[\"https:\/\/nationalcablespecialists.ca\/fr\/produit\/sjt-cordon-retractable\/\"]}]},{\"@type\":\"ImageObject\",\"inLanguage\":\"fr-FR\",\"@id\":\"https:\/\/nationalcablespecialists.ca\/fr\/produit\/sjt-cordon-retractable\/#primaryimage\",\"url\":\"https:\/\/nationalcablespecialists.ca\/wp-content\/uploads\/2023\/09\/Retractible-SJT_500px-2.jpg\",\"contentUrl\":\"https:\/\/nationalcablespecialists.ca\/wp-content\/uploads\/2023\/09\/Retractible-SJT_500px-2.jpg\",\"width\":500,\"height\":500,\"caption\":\"Retractible SJT\"},{\"@type\":\"BreadcrumbList\",\"@id\":\"https:\/\/nationalcablespecialists.ca\/fr\/produit\/sjt-cordon-retractable\/#breadcrumb\",\"itemListElement\":[{\"@type\":\"ListItem\",\"position\":1,\"name\":\"Produits\",\"item\":\"https:\/\/nationalcablespecialists.ca\/our-products\/\"},{\"@type\":\"ListItem\",\"position\":2,\"name\":\"SJT Cordon r\u00e9tractable\"}]},{\"@type\":\"WebSite\",\"@id\":\"https:\/\/nationalcablespecialists.ca\/fr\/#website\",\"url\":\"https:\/\/nationalcablespecialists.ca\/fr\/\",\"name\":\"National Cable Specialists\",\"description\":\"\",\"publisher\":{\"@id\":\"https:\/\/nationalcablespecialists.ca\/fr\/#organization\"},\"potentialAction\":[{\"@type\":\"SearchAction\",\"target\":{\"@type\":\"EntryPoint\",\"urlTemplate\":\"https:\/\/nationalcablespecialists.ca\/fr\/?s={search_term_string}\"},\"query-input\":{\"@type\":\"PropertyValueSpecification\",\"valueRequired\":true,\"valueName\":\"search_term_string\"}}],\"inLanguage\":\"fr-FR\"},{\"@type\":\"Organization\",\"@id\":\"https:\/\/nationalcablespecialists.ca\/fr\/#organization\",\"name\":\"National Cable Specialists\",\"url\":\"https:\/\/nationalcablespecialists.ca\/fr\/\",\"logo\":{\"@type\":\"ImageObject\",\"inLanguage\":\"fr-FR\",\"@id\":\"https:\/\/nationalcablespecialists.ca\/fr\/#\/schema\/logo\/image\/\",\"url\":\"https:\/\/nationalcablespecialists.ca\/wp-content\/uploads\/2023\/01\/NCS_Lrg_Logo.png\",\"contentUrl\":\"https:\/\/nationalcablespecialists.ca\/wp-content\/uploads\/2023\/01\/NCS_Lrg_Logo.png\",\"width\":1600,\"height\":840,\"caption\":\"National Cable Specialists\"},\"image\":{\"@id\":\"https:\/\/nationalcablespecialists.ca\/fr\/#\/schema\/logo\/image\/\"}}]}<\/script>\n<!-- \/ Yoast SEO plugin. -->","yoast_head_json":{"title":"SJT Cordon r\u00e9tractable - National Cable Specialists","description":"National Cable Specialists carries a selection of SJT Cordon r\u00e9tractable for sale. Visit our website to learn more information.","robots":{"index":"index","follow":"follow","max-snippet":"max-snippet:-1","max-image-preview":"max-image-preview:large","max-video-preview":"max-video-preview:-1"},"canonical":"https:\/\/nationalcablespecialists.ca\/fr\/produit\/sjt-cordon-retractable\/","og_locale":"fr_FR","og_type":"article","og_title":"SJT Cordon r\u00e9tractable - National Cable Specialists","og_description":"National Cable Specialists carries a selection of SJT Cordon r\u00e9tractable for sale. Visit our website to learn more information.","og_url":"https:\/\/nationalcablespecialists.ca\/fr\/produit\/sjt-cordon-retractable\/","og_site_name":"National Cable Specialists","article_modified_time":"2024-01-24T03:31:25+00:00","og_image":[{"width":500,"height":500,"url":"https:\/\/nationalcablespecialists.ca\/wp-content\/uploads\/2023\/09\/Retractible-SJT_500px-2.jpg","type":"image\/jpeg"}],"twitter_card":"summary_large_image","twitter_misc":{"Dur\u00e9e de lecture estim\u00e9e":"1 minute"},"schema":{"@context":"https:\/\/schema.org","@graph":[{"@type":"WebPage","@id":"https:\/\/nationalcablespecialists.ca\/fr\/produit\/sjt-cordon-retractable\/","url":"https:\/\/nationalcablespecialists.ca\/fr\/produit\/sjt-cordon-retractable\/","name":"SJT Cordon r\u00e9tractable - National Cable Specialists","isPartOf":{"@id":"https:\/\/nationalcablespecialists.ca\/fr\/#website"},"primaryImageOfPage":{"@id":"https:\/\/nationalcablespecialists.ca\/fr\/produit\/sjt-cordon-retractable\/#primaryimage"},"image":{"@id":"https:\/\/nationalcablespecialists.ca\/fr\/produit\/sjt-cordon-retractable\/#primaryimage"},"thumbnailUrl":"https:\/\/nationalcablespecialists.ca\/wp-content\/uploads\/2023\/09\/Retractible-SJT_500px-2.jpg","datePublished":"2023-09-15T21:05:54+00:00","dateModified":"2024-01-24T03:31:25+00:00","description":"National Cable Specialists carries a selection of SJT Cordon r\u00e9tractable for sale. Visit our website to learn more information.","breadcrumb":{"@id":"https:\/\/nationalcablespecialists.ca\/fr\/produit\/sjt-cordon-retractable\/#breadcrumb"},"inLanguage":"fr-FR","potentialAction":[{"@type":"ReadAction","target":["https:\/\/nationalcablespecialists.ca\/fr\/produit\/sjt-cordon-retractable\/"]}]},{"@type":"ImageObject","inLanguage":"fr-FR","@id":"https:\/\/nationalcablespecialists.ca\/fr\/produit\/sjt-cordon-retractable\/#primaryimage","url":"https:\/\/nationalcablespecialists.ca\/wp-content\/uploads\/2023\/09\/Retractible-SJT_500px-2.jpg","contentUrl":"https:\/\/nationalcablespecialists.ca\/wp-content\/uploads\/2023\/09\/Retractible-SJT_500px-2.jpg","width":500,"height":500,"caption":"Retractible SJT"},{"@type":"BreadcrumbList","@id":"https:\/\/nationalcablespecialists.ca\/fr\/produit\/sjt-cordon-retractable\/#breadcrumb","itemListElement":[{"@type":"ListItem","position":1,"name":"Produits","item":"https:\/\/nationalcablespecialists.ca\/our-products\/"},{"@type":"ListItem","position":2,"name":"SJT Cordon r\u00e9tractable"}]},{"@type":"WebSite","@id":"https:\/\/nationalcablespecialists.ca\/fr\/#website","url":"https:\/\/nationalcablespecialists.ca\/fr\/","name":"National Cable Specialists","description":"","publisher":{"@id":"https:\/\/nationalcablespecialists.ca\/fr\/#organization"},"potentialAction":[{"@type":"SearchAction","target":{"@type":"EntryPoint","urlTemplate":"https:\/\/nationalcablespecialists.ca\/fr\/?s={search_term_string}"},"query-input":{"@type":"PropertyValueSpecification","valueRequired":true,"valueName":"search_term_string"}}],"inLanguage":"fr-FR"},{"@type":"Organization","@id":"https:\/\/nationalcablespecialists.ca\/fr\/#organization","name":"National Cable Specialists","url":"https:\/\/nationalcablespecialists.ca\/fr\/","logo":{"@type":"ImageObject","inLanguage":"fr-FR","@id":"https:\/\/nationalcablespecialists.ca\/fr\/#\/schema\/logo\/image\/","url":"https:\/\/nationalcablespecialists.ca\/wp-content\/uploads\/2023\/01\/NCS_Lrg_Logo.png","contentUrl":"https:\/\/nationalcablespecialists.ca\/wp-content\/uploads\/2023\/01\/NCS_Lrg_Logo.png","width":1600,"height":840,"caption":"National Cable Specialists"},"image":{"@id":"https:\/\/nationalcablespecialists.ca\/fr\/#\/schema\/logo\/image\/"}}]}},"_links":{"self":[{"href":"https:\/\/nationalcablespecialists.ca\/fr\/wp-json\/wp\/v2\/product\/24562","targetHints":{"allow":["GET"]}}],"collection":[{"href":"https:\/\/nationalcablespecialists.ca\/fr\/wp-json\/wp\/v2\/product"}],"about":[{"href":"https:\/\/nationalcablespecialists.ca\/fr\/wp-json\/wp\/v2\/types\/product"}],"replies":[{"embeddable":true,"href":"https:\/\/nationalcablespecialists.ca\/fr\/wp-json\/wp\/v2\/comments?post=24562"}],"wp:featuredmedia":[{"embeddable":true,"href":"https:\/\/nationalcablespecialists.ca\/fr\/wp-json\/wp\/v2\/media\/18978"}],"wp:attachment":[{"href":"https:\/\/nationalcablespecialists.ca\/fr\/wp-json\/wp\/v2\/media?parent=24562"}],"wp:term":[{"taxonomy":"product_brand","embeddable":true,"href":"https:\/\/nationalcablespecialists.ca\/fr\/wp-json\/wp\/v2\/product_brand?post=24562"},{"taxonomy":"product_cat","embeddable":true,"href":"https:\/\/nationalcablespecialists.ca\/fr\/wp-json\/wp\/v2\/product_cat?post=24562"},{"taxonomy":"product_tag","embeddable":true,"href":"https:\/\/nationalcablespecialists.ca\/fr\/wp-json\/wp\/v2\/product_tag?post=24562"},{"taxonomy":"application","embeddable":true,"href":"https:\/\/nationalcablespecialists.ca\/fr\/wp-json\/wp\/v2\/application?post=24562"},{"taxonomy":"voltage-rating","embeddable":true,"href":"https:\/\/nationalcablespecialists.ca\/fr\/wp-json\/wp\/v2\/voltage-rating?post=24562"},{"taxonomy":"jacket-material","embeddable":true,"href":"https:\/\/nationalcablespecialists.ca\/fr\/wp-json\/wp\/v2\/jacket-material?post=24562"},{"taxonomy":"insulation-material","embeddable":true,"href":"https:\/\/nationalcablespecialists.ca\/fr\/wp-json\/wp\/v2\/insulation-material?post=24562"},{"taxonomy":"conductor-material","embeddable":true,"href":"https:\/\/nationalcablespecialists.ca\/fr\/wp-json\/wp\/v2\/conductor-material?post=24562"},{"taxonomy":"wire-gauge","embeddable":true,"href":"https:\/\/nationalcablespecialists.ca\/fr\/wp-json\/wp\/v2\/wire-gauge?post=24562"},{"taxonomy":"conductor","embeddable":true,"href":"https:\/\/nationalcablespecialists.ca\/fr\/wp-json\/wp\/v2\/conductor?post=24562"}],"curies":[{"name":"wp","href":"https:\/\/api.w.org\/{rel}","templated":true}]}}