{"id":24544,"date":"2023-09-15T14:07:19","date_gmt":"2023-09-15T21:07:19","guid":{"rendered":"https:\/\/nationalcablespecialists.ca\/product\/cable-de-chemin-de-cables-blinde\/"},"modified":"2025-07-31T10:25:26","modified_gmt":"2025-07-31T17:25:26","slug":"cable-de-chemin-de-cables-blinde","status":"publish","type":"product","link":"https:\/\/nationalcablespecialists.ca\/fr\/produit\/cable-de-chemin-de-cables-blinde\/","title":{"rendered":"C\u00e2ble de chemin de c\u00e2bles (blind\u00e9)"},"content":{"rendered":"<div><strong>Description<\/strong> Le c\u00e2ble de chemin blind\u00e9 est dot\u00e9 d\u2019une gaine extrud\u00e9e sous pression et d\u2019un fin toronnage en cuivre pour une excellente flexibilit\u00e9, ce qui facilite grandement le passage \u00e0 travers le plateau. Avec l\u2019homologation UL TC-ER, aucun conduit n\u2019est n\u00e9cessaire, ce qui vous permet de r\u00e9duire les co\u00fbts des mat\u00e9riaux tout en \u00e9conomisant sur la main-d\u2019\u0153uvre<\/div>\n<div>\n<div><strong>Applications<\/strong> Agrandissement d\u2019installations industrielles&nbsp;; les usines automobiles&nbsp;; c\u00e2blage du plateau&nbsp;; partout o\u00f9 des c\u00e2bles VNTC\u00ae sont utilis\u00e9s<\/div>\n<div>\n<div><strong>Construction<\/strong> Cuivre nu finement toronn\u00e9<\/div>\n<div>\n<div><strong>Approbations<\/strong> NEC : Classe 1 Division 2 selon l\u2019article 501 du NEC Canada : c(UL) CIC\/TC FT4, CSA AWM I\/II A\/B FT4<\/div>\n<div>\n<div><strong>Temp\u00e9rature nominale<\/strong> UL\/CSA TC : -25\u00b0C \u00e0 +90\u00b0C. Pour une utilisation stationnaire : -40\u00b0C \u00e0 +105\u00b0C. Pour une utilisation flexible : -25\u00b0C \u00e0 +105\u00b0C<\/div>\n<div>\n<div><strong>Tension nominale<\/strong> UL\/CSA TC : 600V UL WTTC\/CSA AWM : 1000V<\/div>\n<div>\n<div><strong>Construction<\/strong> Cuivre nu finement toronn\u00e9<\/div>\n<div>\n<div><strong>Isolation<\/strong> PVC\/nylon sp\u00e9cialement m\u00e9lang\u00e9<\/div>\n<div>\n<div><strong>Veste<\/strong> PVC noir r\u00e9sistant \u00e0 l\u2019huile sp\u00e9cialement formul\u00e9<\/div>\n<div>\n<div><strong>Code couleur<\/strong> Noir avec des chiffres blancs, plus un fond vert\/jaune<\/div>\n<\/div>\n<\/div>\n<\/div>\n<\/div>\n<\/div>\n<\/div>\n<\/div>\n<\/div>\n<\/div>\n","protected":false},"excerpt":{"rendered":"<p>Description Le c\u00e2ble de chemin blind\u00e9 est dot\u00e9 d\u2019une gaine extrud\u00e9e sous pression et d\u2019un fin toronnage en cuivre pour une excellente flexibilit\u00e9, ce qui facilite grandement le passage \u00e0 travers le plateau. Avec l\u2019homologation UL TC-ER, aucun conduit n\u2019est n\u00e9cessaire, ce qui vous permet de r\u00e9duire les co\u00fbts des mat\u00e9riaux tout en \u00e9conomisant sur [&hellip;]<\/p>\n","protected":false},"featured_media":19136,"comment_status":"open","ping_status":"closed","template":"","meta":{"_acf_changed":false},"product_brand":[],"product_cat":[1038],"product_tag":[1072,1026],"application":[1074,1073],"voltage-rating":[961,670],"jacket-material":[694],"insulation-material":[686,1075],"conductor-material":[685],"wire-gauge":[677,676,675,674,673,765,764,763,762],"conductor":[],"class_list":{"0":"post-24544","1":"product","2":"type-product","3":"status-publish","4":"has-post-thumbnail","6":"product_cat-automatisation-dusine","7":"product_tag-bac-ii-cy","8":"product_tag-lapon","9":"application-flechir","10":"application-industriel","11":"voltage-rating-1000v-fr","12":"voltage-rating-600v-fr","13":"jacket-material-chlorure-de-polyvinyle","14":"insulation-material-chlorure-de-polyvinyle","15":"insulation-material-nylon-fr","16":"conductor-material-cuivre-nu-toronne","17":"wire-gauge-10-awg-fr","18":"wire-gauge-12-awg-fr","19":"wire-gauge-14-awg-fr","20":"wire-gauge-16-awg-fr","21":"wire-gauge-18-awg-fr","22":"wire-gauge-2-awg-fr","23":"wire-gauge-4-awg-fr","24":"wire-gauge-6-awg-fr","25":"wire-gauge-8-awg-fr","27":"first","28":"instock","29":"shipping-taxable","30":"purchasable","31":"product-type-variable"},"acf":[],"yoast_head":"<!-- This site is optimized with the Yoast SEO plugin v26.2 - https:\/\/yoast.com\/wordpress\/plugins\/seo\/ -->\n<title>C\u00e2ble de chemin de c\u00e2bles (blind\u00e9) - National Cable Specialists<\/title>\n<meta name=\"description\" content=\"National Cable Specialists carries a selection of C\u00e2ble de chemin de c\u00e2bles (blind\u00e9) for sale. Visit our website to learn more information.\" \/>\n<meta name=\"robots\" content=\"index, follow, max-snippet:-1, max-image-preview:large, max-video-preview:-1\" \/>\n<link rel=\"canonical\" href=\"https:\/\/nationalcablespecialists.ca\/fr\/produit\/cable-de-chemin-de-cables-blinde\/\" \/>\n<meta property=\"og:locale\" content=\"fr_FR\" \/>\n<meta property=\"og:type\" content=\"article\" \/>\n<meta property=\"og:title\" content=\"C\u00e2ble de chemin de c\u00e2bles (blind\u00e9) - National Cable Specialists\" \/>\n<meta property=\"og:description\" content=\"National Cable Specialists carries a selection of C\u00e2ble de chemin de c\u00e2bles (blind\u00e9) for sale. Visit our website to learn more information.\" \/>\n<meta property=\"og:url\" content=\"https:\/\/nationalcablespecialists.ca\/fr\/produit\/cable-de-chemin-de-cables-blinde\/\" \/>\n<meta property=\"og:site_name\" content=\"National Cable Specialists\" \/>\n<meta property=\"article:modified_time\" content=\"2025-07-31T17:25:26+00:00\" \/>\n<meta property=\"og:image\" content=\"https:\/\/nationalcablespecialists.ca\/wp-content\/uploads\/2023\/09\/LAPP-OLFLEX-Tray-II-CY-Industrial-Cable_500px-2.jpg\" \/>\n\t<meta property=\"og:image:width\" content=\"500\" \/>\n\t<meta property=\"og:image:height\" content=\"500\" \/>\n\t<meta property=\"og:image:type\" content=\"image\/jpeg\" \/>\n<meta name=\"twitter:card\" content=\"summary_large_image\" \/>\n<meta name=\"twitter:label1\" content=\"Dur\u00e9e de lecture estim\u00e9e\" \/>\n\t<meta name=\"twitter:data1\" content=\"1 minute\" \/>\n<script type=\"application\/ld+json\" class=\"yoast-schema-graph\">{\"@context\":\"https:\/\/schema.org\",\"@graph\":[{\"@type\":\"WebPage\",\"@id\":\"https:\/\/nationalcablespecialists.ca\/fr\/produit\/cable-de-chemin-de-cables-blinde\/\",\"url\":\"https:\/\/nationalcablespecialists.ca\/fr\/produit\/cable-de-chemin-de-cables-blinde\/\",\"name\":\"C\u00e2ble de chemin de c\u00e2bles (blind\u00e9) - National Cable Specialists\",\"isPartOf\":{\"@id\":\"https:\/\/nationalcablespecialists.ca\/fr\/#website\"},\"primaryImageOfPage\":{\"@id\":\"https:\/\/nationalcablespecialists.ca\/fr\/produit\/cable-de-chemin-de-cables-blinde\/#primaryimage\"},\"image\":{\"@id\":\"https:\/\/nationalcablespecialists.ca\/fr\/produit\/cable-de-chemin-de-cables-blinde\/#primaryimage\"},\"thumbnailUrl\":\"https:\/\/nationalcablespecialists.ca\/wp-content\/uploads\/2023\/09\/LAPP-OLFLEX-Tray-II-CY-Industrial-Cable_500px-2.jpg\",\"datePublished\":\"2023-09-15T21:07:19+00:00\",\"dateModified\":\"2025-07-31T17:25:26+00:00\",\"description\":\"National Cable Specialists carries a selection of C\u00e2ble de chemin de c\u00e2bles (blind\u00e9) for sale. Visit our website to learn more information.\",\"breadcrumb\":{\"@id\":\"https:\/\/nationalcablespecialists.ca\/fr\/produit\/cable-de-chemin-de-cables-blinde\/#breadcrumb\"},\"inLanguage\":\"fr-FR\",\"potentialAction\":[{\"@type\":\"ReadAction\",\"target\":[\"https:\/\/nationalcablespecialists.ca\/fr\/produit\/cable-de-chemin-de-cables-blinde\/\"]}]},{\"@type\":\"ImageObject\",\"inLanguage\":\"fr-FR\",\"@id\":\"https:\/\/nationalcablespecialists.ca\/fr\/produit\/cable-de-chemin-de-cables-blinde\/#primaryimage\",\"url\":\"https:\/\/nationalcablespecialists.ca\/wp-content\/uploads\/2023\/09\/LAPP-OLFLEX-Tray-II-CY-Industrial-Cable_500px-2.jpg\",\"contentUrl\":\"https:\/\/nationalcablespecialists.ca\/wp-content\/uploads\/2023\/09\/LAPP-OLFLEX-Tray-II-CY-Industrial-Cable_500px-2.jpg\",\"width\":500,\"height\":500,\"caption\":\"Lapon\"},{\"@type\":\"BreadcrumbList\",\"@id\":\"https:\/\/nationalcablespecialists.ca\/fr\/produit\/cable-de-chemin-de-cables-blinde\/#breadcrumb\",\"itemListElement\":[{\"@type\":\"ListItem\",\"position\":1,\"name\":\"Produits\",\"item\":\"https:\/\/nationalcablespecialists.ca\/our-products\/\"},{\"@type\":\"ListItem\",\"position\":2,\"name\":\"Fils et c\u00e2bles \u00e9lectriques\",\"item\":\"https:\/\/nationalcablespecialists.ca\/fr\/categorie-produit\/fils-et-cables-electriques\/\"},{\"@type\":\"ListItem\",\"position\":3,\"name\":\"Automatisation d\u2019usine\",\"item\":\"https:\/\/nationalcablespecialists.ca\/fr\/categorie-produit\/fils-et-cables-electriques\/automatisation-dusine\/\"},{\"@type\":\"ListItem\",\"position\":4,\"name\":\"C\u00e2ble de chemin de c\u00e2bles (blind\u00e9)\"}]},{\"@type\":\"WebSite\",\"@id\":\"https:\/\/nationalcablespecialists.ca\/fr\/#website\",\"url\":\"https:\/\/nationalcablespecialists.ca\/fr\/\",\"name\":\"National Cable Specialists\",\"description\":\"\",\"publisher\":{\"@id\":\"https:\/\/nationalcablespecialists.ca\/fr\/#organization\"},\"potentialAction\":[{\"@type\":\"SearchAction\",\"target\":{\"@type\":\"EntryPoint\",\"urlTemplate\":\"https:\/\/nationalcablespecialists.ca\/fr\/?s={search_term_string}\"},\"query-input\":{\"@type\":\"PropertyValueSpecification\",\"valueRequired\":true,\"valueName\":\"search_term_string\"}}],\"inLanguage\":\"fr-FR\"},{\"@type\":\"Organization\",\"@id\":\"https:\/\/nationalcablespecialists.ca\/fr\/#organization\",\"name\":\"National Cable Specialists\",\"url\":\"https:\/\/nationalcablespecialists.ca\/fr\/\",\"logo\":{\"@type\":\"ImageObject\",\"inLanguage\":\"fr-FR\",\"@id\":\"https:\/\/nationalcablespecialists.ca\/fr\/#\/schema\/logo\/image\/\",\"url\":\"https:\/\/nationalcablespecialists.ca\/wp-content\/uploads\/2023\/01\/NCS_Lrg_Logo.png\",\"contentUrl\":\"https:\/\/nationalcablespecialists.ca\/wp-content\/uploads\/2023\/01\/NCS_Lrg_Logo.png\",\"width\":1600,\"height\":840,\"caption\":\"National Cable Specialists\"},\"image\":{\"@id\":\"https:\/\/nationalcablespecialists.ca\/fr\/#\/schema\/logo\/image\/\"}}]}<\/script>\n<!-- \/ Yoast SEO plugin. -->","yoast_head_json":{"title":"C\u00e2ble de chemin de c\u00e2bles (blind\u00e9) - National Cable Specialists","description":"National Cable Specialists carries a selection of C\u00e2ble de chemin de c\u00e2bles (blind\u00e9) for sale. Visit our website to learn more information.","robots":{"index":"index","follow":"follow","max-snippet":"max-snippet:-1","max-image-preview":"max-image-preview:large","max-video-preview":"max-video-preview:-1"},"canonical":"https:\/\/nationalcablespecialists.ca\/fr\/produit\/cable-de-chemin-de-cables-blinde\/","og_locale":"fr_FR","og_type":"article","og_title":"C\u00e2ble de chemin de c\u00e2bles (blind\u00e9) - National Cable Specialists","og_description":"National Cable Specialists carries a selection of C\u00e2ble de chemin de c\u00e2bles (blind\u00e9) for sale. Visit our website to learn more information.","og_url":"https:\/\/nationalcablespecialists.ca\/fr\/produit\/cable-de-chemin-de-cables-blinde\/","og_site_name":"National Cable Specialists","article_modified_time":"2025-07-31T17:25:26+00:00","og_image":[{"width":500,"height":500,"url":"https:\/\/nationalcablespecialists.ca\/wp-content\/uploads\/2023\/09\/LAPP-OLFLEX-Tray-II-CY-Industrial-Cable_500px-2.jpg","type":"image\/jpeg"}],"twitter_card":"summary_large_image","twitter_misc":{"Dur\u00e9e de lecture estim\u00e9e":"1 minute"},"schema":{"@context":"https:\/\/schema.org","@graph":[{"@type":"WebPage","@id":"https:\/\/nationalcablespecialists.ca\/fr\/produit\/cable-de-chemin-de-cables-blinde\/","url":"https:\/\/nationalcablespecialists.ca\/fr\/produit\/cable-de-chemin-de-cables-blinde\/","name":"C\u00e2ble de chemin de c\u00e2bles (blind\u00e9) - National Cable Specialists","isPartOf":{"@id":"https:\/\/nationalcablespecialists.ca\/fr\/#website"},"primaryImageOfPage":{"@id":"https:\/\/nationalcablespecialists.ca\/fr\/produit\/cable-de-chemin-de-cables-blinde\/#primaryimage"},"image":{"@id":"https:\/\/nationalcablespecialists.ca\/fr\/produit\/cable-de-chemin-de-cables-blinde\/#primaryimage"},"thumbnailUrl":"https:\/\/nationalcablespecialists.ca\/wp-content\/uploads\/2023\/09\/LAPP-OLFLEX-Tray-II-CY-Industrial-Cable_500px-2.jpg","datePublished":"2023-09-15T21:07:19+00:00","dateModified":"2025-07-31T17:25:26+00:00","description":"National Cable Specialists carries a selection of C\u00e2ble de chemin de c\u00e2bles (blind\u00e9) for sale. Visit our website to learn more information.","breadcrumb":{"@id":"https:\/\/nationalcablespecialists.ca\/fr\/produit\/cable-de-chemin-de-cables-blinde\/#breadcrumb"},"inLanguage":"fr-FR","potentialAction":[{"@type":"ReadAction","target":["https:\/\/nationalcablespecialists.ca\/fr\/produit\/cable-de-chemin-de-cables-blinde\/"]}]},{"@type":"ImageObject","inLanguage":"fr-FR","@id":"https:\/\/nationalcablespecialists.ca\/fr\/produit\/cable-de-chemin-de-cables-blinde\/#primaryimage","url":"https:\/\/nationalcablespecialists.ca\/wp-content\/uploads\/2023\/09\/LAPP-OLFLEX-Tray-II-CY-Industrial-Cable_500px-2.jpg","contentUrl":"https:\/\/nationalcablespecialists.ca\/wp-content\/uploads\/2023\/09\/LAPP-OLFLEX-Tray-II-CY-Industrial-Cable_500px-2.jpg","width":500,"height":500,"caption":"Lapon"},{"@type":"BreadcrumbList","@id":"https:\/\/nationalcablespecialists.ca\/fr\/produit\/cable-de-chemin-de-cables-blinde\/#breadcrumb","itemListElement":[{"@type":"ListItem","position":1,"name":"Produits","item":"https:\/\/nationalcablespecialists.ca\/our-products\/"},{"@type":"ListItem","position":2,"name":"Fils et c\u00e2bles \u00e9lectriques","item":"https:\/\/nationalcablespecialists.ca\/fr\/categorie-produit\/fils-et-cables-electriques\/"},{"@type":"ListItem","position":3,"name":"Automatisation d\u2019usine","item":"https:\/\/nationalcablespecialists.ca\/fr\/categorie-produit\/fils-et-cables-electriques\/automatisation-dusine\/"},{"@type":"ListItem","position":4,"name":"C\u00e2ble de chemin de c\u00e2bles (blind\u00e9)"}]},{"@type":"WebSite","@id":"https:\/\/nationalcablespecialists.ca\/fr\/#website","url":"https:\/\/nationalcablespecialists.ca\/fr\/","name":"National Cable Specialists","description":"","publisher":{"@id":"https:\/\/nationalcablespecialists.ca\/fr\/#organization"},"potentialAction":[{"@type":"SearchAction","target":{"@type":"EntryPoint","urlTemplate":"https:\/\/nationalcablespecialists.ca\/fr\/?s={search_term_string}"},"query-input":{"@type":"PropertyValueSpecification","valueRequired":true,"valueName":"search_term_string"}}],"inLanguage":"fr-FR"},{"@type":"Organization","@id":"https:\/\/nationalcablespecialists.ca\/fr\/#organization","name":"National Cable Specialists","url":"https:\/\/nationalcablespecialists.ca\/fr\/","logo":{"@type":"ImageObject","inLanguage":"fr-FR","@id":"https:\/\/nationalcablespecialists.ca\/fr\/#\/schema\/logo\/image\/","url":"https:\/\/nationalcablespecialists.ca\/wp-content\/uploads\/2023\/01\/NCS_Lrg_Logo.png","contentUrl":"https:\/\/nationalcablespecialists.ca\/wp-content\/uploads\/2023\/01\/NCS_Lrg_Logo.png","width":1600,"height":840,"caption":"National Cable Specialists"},"image":{"@id":"https:\/\/nationalcablespecialists.ca\/fr\/#\/schema\/logo\/image\/"}}]}},"_links":{"self":[{"href":"https:\/\/nationalcablespecialists.ca\/fr\/wp-json\/wp\/v2\/product\/24544","targetHints":{"allow":["GET"]}}],"collection":[{"href":"https:\/\/nationalcablespecialists.ca\/fr\/wp-json\/wp\/v2\/product"}],"about":[{"href":"https:\/\/nationalcablespecialists.ca\/fr\/wp-json\/wp\/v2\/types\/product"}],"replies":[{"embeddable":true,"href":"https:\/\/nationalcablespecialists.ca\/fr\/wp-json\/wp\/v2\/comments?post=24544"}],"wp:featuredmedia":[{"embeddable":true,"href":"https:\/\/nationalcablespecialists.ca\/fr\/wp-json\/wp\/v2\/media\/19136"}],"wp:attachment":[{"href":"https:\/\/nationalcablespecialists.ca\/fr\/wp-json\/wp\/v2\/media?parent=24544"}],"wp:term":[{"taxonomy":"product_brand","embeddable":true,"href":"https:\/\/nationalcablespecialists.ca\/fr\/wp-json\/wp\/v2\/product_brand?post=24544"},{"taxonomy":"product_cat","embeddable":true,"href":"https:\/\/nationalcablespecialists.ca\/fr\/wp-json\/wp\/v2\/product_cat?post=24544"},{"taxonomy":"product_tag","embeddable":true,"href":"https:\/\/nationalcablespecialists.ca\/fr\/wp-json\/wp\/v2\/product_tag?post=24544"},{"taxonomy":"application","embeddable":true,"href":"https:\/\/nationalcablespecialists.ca\/fr\/wp-json\/wp\/v2\/application?post=24544"},{"taxonomy":"voltage-rating","embeddable":true,"href":"https:\/\/nationalcablespecialists.ca\/fr\/wp-json\/wp\/v2\/voltage-rating?post=24544"},{"taxonomy":"jacket-material","embeddable":true,"href":"https:\/\/nationalcablespecialists.ca\/fr\/wp-json\/wp\/v2\/jacket-material?post=24544"},{"taxonomy":"insulation-material","embeddable":true,"href":"https:\/\/nationalcablespecialists.ca\/fr\/wp-json\/wp\/v2\/insulation-material?post=24544"},{"taxonomy":"conductor-material","embeddable":true,"href":"https:\/\/nationalcablespecialists.ca\/fr\/wp-json\/wp\/v2\/conductor-material?post=24544"},{"taxonomy":"wire-gauge","embeddable":true,"href":"https:\/\/nationalcablespecialists.ca\/fr\/wp-json\/wp\/v2\/wire-gauge?post=24544"},{"taxonomy":"conductor","embeddable":true,"href":"https:\/\/nationalcablespecialists.ca\/fr\/wp-json\/wp\/v2\/conductor?post=24544"}],"curies":[{"name":"wp","href":"https:\/\/api.w.org\/{rel}","templated":true}]}}