{"id":24502,"date":"2023-09-15T14:09:13","date_gmt":"2023-09-15T21:09:13","guid":{"rendered":"https:\/\/nationalcablespecialists.ca\/product\/10-awg-multi-conducteur-teck-90-600v-xlpe-aia\/"},"modified":"2024-01-23T19:31:17","modified_gmt":"2024-01-24T03:31:17","slug":"10-awg-multi-conducteur-teck-90-600v-xlpe-aia","status":"publish","type":"product","link":"https:\/\/nationalcablespecialists.ca\/fr\/produit\/10-awg-multi-conducteur-teck-90-600v-xlpe-aia\/","title":{"rendered":"10 AWG Multi-Conducteur Teck 90 600V XLPE AIA"},"content":{"rendered":"<p><strong>Conducteur<\/strong> 10 AWG. rond concentrique classe \u00ab&nbsp;B&nbsp;\u00bb cuivre toronn\u00e9<br \/>\n<strong>Armure<\/strong> Armure imbriqu\u00e9e en aluminium<br \/>\nIsolation Poly\u00e9thyl\u00e8ne r\u00e9ticul\u00e9 (XLPE) Type RW90<br \/>\n<strong>Temp\u00e9rature<\/strong> -40\u00b0C \u00e0 +90\u00b0C<br \/>\n<strong>Tension 600V<\/strong><br \/>\n<strong>Veste int\u00e9rieure<\/strong> Polychlorure de vinyle (PVC), noir<br \/>\n<strong>Veste ext\u00e9rieure<\/strong> Polychlorure de vinyle (PVC) \u00e0 faible teneur en gaz acide, ignifuge, r\u00e9sistant \u00e0 l\u2019humidit\u00e9 et \u00e0 la lumi\u00e8re du soleil, noir<br \/>\n<strong>Applications<\/strong> Peut \u00eatre directement enterr\u00e9, install\u00e9 dans les chemins de c\u00e2bles, y compris les chemins de c\u00e2bles dans des environnements humides ou secs. Le c\u00e2ble convient<br \/>\npour une utilisation dans des applications expos\u00e9es \u00e0 l\u2019ext\u00e9rieur et est con\u00e7u pour les endroits humides ou secs dans des environnements \u00e0 -40 \u00b0C (-40 \u00b0F).<br \/>\n<strong>Approbations<\/strong> Norme CSA C22.2 n\u00b0 131, n\u00b0 38 et n\u00b0 2256<br \/>\nConformit\u00e9 aux tests de flamme RoHS : CSA FT4 Hazardous Location<br \/>\nSUN RES (gaine ext\u00e9rieure) SUN RES sur gaine int\u00e9rieure et conducteur isol\u00e9 disponible sur demande<br \/>\nGaz acide \u00e0 enfouissement direct : CSA AG14<br \/>\n<strong>Code couleur<\/strong><br \/>\n2 Conducteur : noir, blanc<br \/>\n3 conducteur : noir, rouge, bleu<br \/>\n4 conducteur : noir, rouge, bleu, blanc<br \/>\n5 &#8211; 50 Conducteur : noir avec code num\u00e9rique imprim\u00e9<\/p>\n","protected":false},"excerpt":{"rendered":"<p>Conducteur 10 AWG. rond concentrique classe \u00ab&nbsp;B&nbsp;\u00bb cuivre toronn\u00e9 Armure Armure imbriqu\u00e9e en aluminium Isolation Poly\u00e9thyl\u00e8ne r\u00e9ticul\u00e9 (XLPE) Type RW90 Temp\u00e9rature -40\u00b0C \u00e0 +90\u00b0C Tension 600V Veste int\u00e9rieure Polychlorure de vinyle (PVC), noir Veste ext\u00e9rieure Polychlorure de vinyle (PVC) \u00e0 faible teneur en gaz acide, ignifuge, r\u00e9sistant \u00e0 l\u2019humidit\u00e9 et \u00e0 la lumi\u00e8re du soleil, [&hellip;]<\/p>\n","protected":false},"featured_media":19334,"comment_status":"open","ping_status":"closed","template":"","meta":{"_acf_changed":false},"product_brand":[],"product_cat":[1011],"product_tag":[1012],"application":[736],"voltage-rating":[670],"jacket-material":[694],"insulation-material":[840],"conductor-material":[685],"wire-gauge":[677,764],"conductor":[717,882,938,679,721,877,678,725,680,939,714,713],"class_list":{"0":"post-24502","1":"product","2":"type-product","3":"status-publish","4":"has-post-thumbnail","6":"product_cat-cable-teck","7":"product_tag-par-teck90","8":"application-enterrement-direct","9":"voltage-rating-600v-fr","10":"jacket-material-chlorure-de-polyvinyle","11":"insulation-material-xlpe-fr","12":"conductor-material-cuivre-nu-toronne","13":"wire-gauge-10-awg-fr","14":"wire-gauge-4-awg-fr","15":"conductor-10-fr","16":"conductor-12-fr","17":"conductor-15-fr","18":"conductor-2-fr","19":"conductor-20-fr","20":"conductor-25-fr","21":"conductor-3-fr","22":"conductor-30-fr","23":"conductor-4-fr","24":"conductor-40-fr","25":"conductor-6-fr","26":"conductor-8-fr","28":"first","29":"instock","30":"shipping-taxable","31":"purchasable","32":"product-type-variable"},"acf":[],"yoast_head":"<!-- This site is optimized with the Yoast SEO plugin v26.2 - https:\/\/yoast.com\/wordpress\/plugins\/seo\/ -->\n<title>10 AWG Multi-Conducteur Teck 90 600V XLPE AIA - National Cable Specialists<\/title>\n<meta name=\"description\" content=\"National Cable Specialists carries a selection of 10 AWG Multi-Conducteur Teck 90 600V XLPE AIA for sale. Visit our website to learn more information.\" \/>\n<meta name=\"robots\" content=\"index, follow, max-snippet:-1, max-image-preview:large, max-video-preview:-1\" \/>\n<link rel=\"canonical\" href=\"https:\/\/nationalcablespecialists.ca\/fr\/produit\/10-awg-multi-conducteur-teck-90-600v-xlpe-aia\/\" \/>\n<meta property=\"og:locale\" content=\"fr_FR\" \/>\n<meta property=\"og:type\" content=\"article\" \/>\n<meta property=\"og:title\" content=\"10 AWG Multi-Conducteur Teck 90 600V XLPE AIA - National Cable Specialists\" \/>\n<meta property=\"og:description\" content=\"National Cable Specialists carries a selection of 10 AWG Multi-Conducteur Teck 90 600V XLPE AIA for sale. Visit our website to learn more information.\" \/>\n<meta property=\"og:url\" content=\"https:\/\/nationalcablespecialists.ca\/fr\/produit\/10-awg-multi-conducteur-teck-90-600v-xlpe-aia\/\" \/>\n<meta property=\"og:site_name\" content=\"National Cable Specialists\" \/>\n<meta property=\"article:modified_time\" content=\"2024-01-24T03:31:17+00:00\" \/>\n<meta property=\"og:image\" content=\"https:\/\/nationalcablespecialists.ca\/wp-content\/uploads\/2023\/09\/Multi-10c-Teck-90_500px-3.jpg\" \/>\n\t<meta property=\"og:image:width\" content=\"500\" \/>\n\t<meta property=\"og:image:height\" content=\"500\" \/>\n\t<meta property=\"og:image:type\" content=\"image\/jpeg\" \/>\n<meta name=\"twitter:card\" content=\"summary_large_image\" \/>\n<meta name=\"twitter:label1\" content=\"Dur\u00e9e de lecture estim\u00e9e\" \/>\n\t<meta name=\"twitter:data1\" content=\"1 minute\" \/>\n<script type=\"application\/ld+json\" class=\"yoast-schema-graph\">{\"@context\":\"https:\/\/schema.org\",\"@graph\":[{\"@type\":\"WebPage\",\"@id\":\"https:\/\/nationalcablespecialists.ca\/fr\/produit\/10-awg-multi-conducteur-teck-90-600v-xlpe-aia\/\",\"url\":\"https:\/\/nationalcablespecialists.ca\/fr\/produit\/10-awg-multi-conducteur-teck-90-600v-xlpe-aia\/\",\"name\":\"10 AWG Multi-Conducteur Teck 90 600V XLPE AIA - National Cable Specialists\",\"isPartOf\":{\"@id\":\"https:\/\/nationalcablespecialists.ca\/fr\/#website\"},\"primaryImageOfPage\":{\"@id\":\"https:\/\/nationalcablespecialists.ca\/fr\/produit\/10-awg-multi-conducteur-teck-90-600v-xlpe-aia\/#primaryimage\"},\"image\":{\"@id\":\"https:\/\/nationalcablespecialists.ca\/fr\/produit\/10-awg-multi-conducteur-teck-90-600v-xlpe-aia\/#primaryimage\"},\"thumbnailUrl\":\"https:\/\/nationalcablespecialists.ca\/wp-content\/uploads\/2023\/09\/Multi-10c-Teck-90_500px-3.jpg\",\"datePublished\":\"2023-09-15T21:09:13+00:00\",\"dateModified\":\"2024-01-24T03:31:17+00:00\",\"description\":\"National Cable Specialists carries a selection of 10 AWG Multi-Conducteur Teck 90 600V XLPE AIA for sale. Visit our website to learn more information.\",\"breadcrumb\":{\"@id\":\"https:\/\/nationalcablespecialists.ca\/fr\/produit\/10-awg-multi-conducteur-teck-90-600v-xlpe-aia\/#breadcrumb\"},\"inLanguage\":\"fr-FR\",\"potentialAction\":[{\"@type\":\"ReadAction\",\"target\":[\"https:\/\/nationalcablespecialists.ca\/fr\/produit\/10-awg-multi-conducteur-teck-90-600v-xlpe-aia\/\"]}]},{\"@type\":\"ImageObject\",\"inLanguage\":\"fr-FR\",\"@id\":\"https:\/\/nationalcablespecialists.ca\/fr\/produit\/10-awg-multi-conducteur-teck-90-600v-xlpe-aia\/#primaryimage\",\"url\":\"https:\/\/nationalcablespecialists.ca\/wp-content\/uploads\/2023\/09\/Multi-10c-Teck-90_500px-3.jpg\",\"contentUrl\":\"https:\/\/nationalcablespecialists.ca\/wp-content\/uploads\/2023\/09\/Multi-10c-Teck-90_500px-3.jpg\",\"width\":500,\"height\":500,\"caption\":\"Multi 10c Teck 90\"},{\"@type\":\"BreadcrumbList\",\"@id\":\"https:\/\/nationalcablespecialists.ca\/fr\/produit\/10-awg-multi-conducteur-teck-90-600v-xlpe-aia\/#breadcrumb\",\"itemListElement\":[{\"@type\":\"ListItem\",\"position\":1,\"name\":\"Produits\",\"item\":\"https:\/\/nationalcablespecialists.ca\/our-products\/\"},{\"@type\":\"ListItem\",\"position\":2,\"name\":\"10 AWG Multi-Conducteur Teck 90 600V XLPE AIA\"}]},{\"@type\":\"WebSite\",\"@id\":\"https:\/\/nationalcablespecialists.ca\/fr\/#website\",\"url\":\"https:\/\/nationalcablespecialists.ca\/fr\/\",\"name\":\"National Cable Specialists\",\"description\":\"\",\"publisher\":{\"@id\":\"https:\/\/nationalcablespecialists.ca\/fr\/#organization\"},\"potentialAction\":[{\"@type\":\"SearchAction\",\"target\":{\"@type\":\"EntryPoint\",\"urlTemplate\":\"https:\/\/nationalcablespecialists.ca\/fr\/?s={search_term_string}\"},\"query-input\":{\"@type\":\"PropertyValueSpecification\",\"valueRequired\":true,\"valueName\":\"search_term_string\"}}],\"inLanguage\":\"fr-FR\"},{\"@type\":\"Organization\",\"@id\":\"https:\/\/nationalcablespecialists.ca\/fr\/#organization\",\"name\":\"National Cable Specialists\",\"url\":\"https:\/\/nationalcablespecialists.ca\/fr\/\",\"logo\":{\"@type\":\"ImageObject\",\"inLanguage\":\"fr-FR\",\"@id\":\"https:\/\/nationalcablespecialists.ca\/fr\/#\/schema\/logo\/image\/\",\"url\":\"https:\/\/nationalcablespecialists.ca\/wp-content\/uploads\/2023\/01\/NCS_Lrg_Logo.png\",\"contentUrl\":\"https:\/\/nationalcablespecialists.ca\/wp-content\/uploads\/2023\/01\/NCS_Lrg_Logo.png\",\"width\":1600,\"height\":840,\"caption\":\"National Cable Specialists\"},\"image\":{\"@id\":\"https:\/\/nationalcablespecialists.ca\/fr\/#\/schema\/logo\/image\/\"}}]}<\/script>\n<!-- \/ Yoast SEO plugin. -->","yoast_head_json":{"title":"10 AWG Multi-Conducteur Teck 90 600V XLPE AIA - National Cable Specialists","description":"National Cable Specialists carries a selection of 10 AWG Multi-Conducteur Teck 90 600V XLPE AIA for sale. Visit our website to learn more information.","robots":{"index":"index","follow":"follow","max-snippet":"max-snippet:-1","max-image-preview":"max-image-preview:large","max-video-preview":"max-video-preview:-1"},"canonical":"https:\/\/nationalcablespecialists.ca\/fr\/produit\/10-awg-multi-conducteur-teck-90-600v-xlpe-aia\/","og_locale":"fr_FR","og_type":"article","og_title":"10 AWG Multi-Conducteur Teck 90 600V XLPE AIA - National Cable Specialists","og_description":"National Cable Specialists carries a selection of 10 AWG Multi-Conducteur Teck 90 600V XLPE AIA for sale. Visit our website to learn more information.","og_url":"https:\/\/nationalcablespecialists.ca\/fr\/produit\/10-awg-multi-conducteur-teck-90-600v-xlpe-aia\/","og_site_name":"National Cable Specialists","article_modified_time":"2024-01-24T03:31:17+00:00","og_image":[{"width":500,"height":500,"url":"https:\/\/nationalcablespecialists.ca\/wp-content\/uploads\/2023\/09\/Multi-10c-Teck-90_500px-3.jpg","type":"image\/jpeg"}],"twitter_card":"summary_large_image","twitter_misc":{"Dur\u00e9e de lecture estim\u00e9e":"1 minute"},"schema":{"@context":"https:\/\/schema.org","@graph":[{"@type":"WebPage","@id":"https:\/\/nationalcablespecialists.ca\/fr\/produit\/10-awg-multi-conducteur-teck-90-600v-xlpe-aia\/","url":"https:\/\/nationalcablespecialists.ca\/fr\/produit\/10-awg-multi-conducteur-teck-90-600v-xlpe-aia\/","name":"10 AWG Multi-Conducteur Teck 90 600V XLPE AIA - National Cable Specialists","isPartOf":{"@id":"https:\/\/nationalcablespecialists.ca\/fr\/#website"},"primaryImageOfPage":{"@id":"https:\/\/nationalcablespecialists.ca\/fr\/produit\/10-awg-multi-conducteur-teck-90-600v-xlpe-aia\/#primaryimage"},"image":{"@id":"https:\/\/nationalcablespecialists.ca\/fr\/produit\/10-awg-multi-conducteur-teck-90-600v-xlpe-aia\/#primaryimage"},"thumbnailUrl":"https:\/\/nationalcablespecialists.ca\/wp-content\/uploads\/2023\/09\/Multi-10c-Teck-90_500px-3.jpg","datePublished":"2023-09-15T21:09:13+00:00","dateModified":"2024-01-24T03:31:17+00:00","description":"National Cable Specialists carries a selection of 10 AWG Multi-Conducteur Teck 90 600V XLPE AIA for sale. Visit our website to learn more information.","breadcrumb":{"@id":"https:\/\/nationalcablespecialists.ca\/fr\/produit\/10-awg-multi-conducteur-teck-90-600v-xlpe-aia\/#breadcrumb"},"inLanguage":"fr-FR","potentialAction":[{"@type":"ReadAction","target":["https:\/\/nationalcablespecialists.ca\/fr\/produit\/10-awg-multi-conducteur-teck-90-600v-xlpe-aia\/"]}]},{"@type":"ImageObject","inLanguage":"fr-FR","@id":"https:\/\/nationalcablespecialists.ca\/fr\/produit\/10-awg-multi-conducteur-teck-90-600v-xlpe-aia\/#primaryimage","url":"https:\/\/nationalcablespecialists.ca\/wp-content\/uploads\/2023\/09\/Multi-10c-Teck-90_500px-3.jpg","contentUrl":"https:\/\/nationalcablespecialists.ca\/wp-content\/uploads\/2023\/09\/Multi-10c-Teck-90_500px-3.jpg","width":500,"height":500,"caption":"Multi 10c Teck 90"},{"@type":"BreadcrumbList","@id":"https:\/\/nationalcablespecialists.ca\/fr\/produit\/10-awg-multi-conducteur-teck-90-600v-xlpe-aia\/#breadcrumb","itemListElement":[{"@type":"ListItem","position":1,"name":"Produits","item":"https:\/\/nationalcablespecialists.ca\/our-products\/"},{"@type":"ListItem","position":2,"name":"10 AWG Multi-Conducteur Teck 90 600V XLPE AIA"}]},{"@type":"WebSite","@id":"https:\/\/nationalcablespecialists.ca\/fr\/#website","url":"https:\/\/nationalcablespecialists.ca\/fr\/","name":"National Cable Specialists","description":"","publisher":{"@id":"https:\/\/nationalcablespecialists.ca\/fr\/#organization"},"potentialAction":[{"@type":"SearchAction","target":{"@type":"EntryPoint","urlTemplate":"https:\/\/nationalcablespecialists.ca\/fr\/?s={search_term_string}"},"query-input":{"@type":"PropertyValueSpecification","valueRequired":true,"valueName":"search_term_string"}}],"inLanguage":"fr-FR"},{"@type":"Organization","@id":"https:\/\/nationalcablespecialists.ca\/fr\/#organization","name":"National Cable Specialists","url":"https:\/\/nationalcablespecialists.ca\/fr\/","logo":{"@type":"ImageObject","inLanguage":"fr-FR","@id":"https:\/\/nationalcablespecialists.ca\/fr\/#\/schema\/logo\/image\/","url":"https:\/\/nationalcablespecialists.ca\/wp-content\/uploads\/2023\/01\/NCS_Lrg_Logo.png","contentUrl":"https:\/\/nationalcablespecialists.ca\/wp-content\/uploads\/2023\/01\/NCS_Lrg_Logo.png","width":1600,"height":840,"caption":"National Cable Specialists"},"image":{"@id":"https:\/\/nationalcablespecialists.ca\/fr\/#\/schema\/logo\/image\/"}}]}},"_links":{"self":[{"href":"https:\/\/nationalcablespecialists.ca\/fr\/wp-json\/wp\/v2\/product\/24502","targetHints":{"allow":["GET"]}}],"collection":[{"href":"https:\/\/nationalcablespecialists.ca\/fr\/wp-json\/wp\/v2\/product"}],"about":[{"href":"https:\/\/nationalcablespecialists.ca\/fr\/wp-json\/wp\/v2\/types\/product"}],"replies":[{"embeddable":true,"href":"https:\/\/nationalcablespecialists.ca\/fr\/wp-json\/wp\/v2\/comments?post=24502"}],"wp:featuredmedia":[{"embeddable":true,"href":"https:\/\/nationalcablespecialists.ca\/fr\/wp-json\/wp\/v2\/media\/19334"}],"wp:attachment":[{"href":"https:\/\/nationalcablespecialists.ca\/fr\/wp-json\/wp\/v2\/media?parent=24502"}],"wp:term":[{"taxonomy":"product_brand","embeddable":true,"href":"https:\/\/nationalcablespecialists.ca\/fr\/wp-json\/wp\/v2\/product_brand?post=24502"},{"taxonomy":"product_cat","embeddable":true,"href":"https:\/\/nationalcablespecialists.ca\/fr\/wp-json\/wp\/v2\/product_cat?post=24502"},{"taxonomy":"product_tag","embeddable":true,"href":"https:\/\/nationalcablespecialists.ca\/fr\/wp-json\/wp\/v2\/product_tag?post=24502"},{"taxonomy":"application","embeddable":true,"href":"https:\/\/nationalcablespecialists.ca\/fr\/wp-json\/wp\/v2\/application?post=24502"},{"taxonomy":"voltage-rating","embeddable":true,"href":"https:\/\/nationalcablespecialists.ca\/fr\/wp-json\/wp\/v2\/voltage-rating?post=24502"},{"taxonomy":"jacket-material","embeddable":true,"href":"https:\/\/nationalcablespecialists.ca\/fr\/wp-json\/wp\/v2\/jacket-material?post=24502"},{"taxonomy":"insulation-material","embeddable":true,"href":"https:\/\/nationalcablespecialists.ca\/fr\/wp-json\/wp\/v2\/insulation-material?post=24502"},{"taxonomy":"conductor-material","embeddable":true,"href":"https:\/\/nationalcablespecialists.ca\/fr\/wp-json\/wp\/v2\/conductor-material?post=24502"},{"taxonomy":"wire-gauge","embeddable":true,"href":"https:\/\/nationalcablespecialists.ca\/fr\/wp-json\/wp\/v2\/wire-gauge?post=24502"},{"taxonomy":"conductor","embeddable":true,"href":"https:\/\/nationalcablespecialists.ca\/fr\/wp-json\/wp\/v2\/conductor?post=24502"}],"curies":[{"name":"wp","href":"https:\/\/api.w.org\/{rel}","templated":true}]}}