{"id":24406,"date":"2023-09-15T14:09:29","date_gmt":"2023-09-15T21:09:29","guid":{"rendered":"https:\/\/nationalcablespecialists.ca\/product\/composite-power-control-teck-90-600v-xlpe-aia\/"},"modified":"2024-01-23T19:31:07","modified_gmt":"2024-01-24T03:31:07","slug":"composite-power-control-teck-90-600v-xlpe-aia","status":"publish","type":"product","link":"https:\/\/nationalcablespecialists.ca\/fr\/produit\/composite-power-control-teck-90-600v-xlpe-aia\/","title":{"rendered":"Composite Power &amp; Control Teck 90 600V XLPE AIA"},"content":{"rendered":"<p><strong>Conducteur<\/strong> 14 AWG. \u00e0 10 AWG concentrique de classe \u00ab&nbsp;B&nbsp;\u00bb toronn\u00e9 8 \u00e0 4\/0 AWG. Cuivre toronn\u00e9 concentrique compact de classe \u00ab&nbsp;B&nbsp;\u00bb<br \/>\n<strong>Armure<\/strong> Armure imbriqu\u00e9e en aluminium<br \/>\n<strong>Isolation<\/strong> Poly\u00e9thyl\u00e8ne r\u00e9ticul\u00e9 (XLPE) Type RW90<br \/>\n<strong>Temp\u00e9rature<\/strong> -40\u00b0C \u00e0 +90\u00b0C<br \/>\n<strong>Tension 600V<\/strong><br \/>\n<strong>Veste int\u00e9rieure<\/strong> Polychlorure de vinyle (PVC), noir<br \/>\n<strong>Veste ext\u00e9rieure<\/strong> Polychlorure de vinyle (PVC) \u00e0 faible teneur en gaz acide, ignifuge, r\u00e9sistant \u00e0 l\u2019humidit\u00e9 et \u00e0 la lumi\u00e8re du soleil, noir<br \/>\n<strong>Applications<\/strong> Peut \u00eatre directement enterr\u00e9, install\u00e9 dans les chemins de c\u00e2bles, y compris les chemins de c\u00e2bles dans des environnements humides ou secs. Le c\u00e2ble convient<br \/>\npour une utilisation dans des applications expos\u00e9es \u00e0 l\u2019ext\u00e9rieur et est con\u00e7u pour les endroits humides ou secs dans des environnements \u00e0 -40 \u00b0C (-40 \u00b0F).<br \/>\n<strong>Approbations<\/strong> Norme CSA C22.2 n\u00b0 131, n\u00b0 38 et n\u00b0 2256<br \/>\nConformit\u00e9 aux tests de flamme RoHS : CSA FT4 Hazardous Location<br \/>\nSUN RES (gaine ext\u00e9rieure) SUN RES sur gaine int\u00e9rieure et conducteur isol\u00e9 disponible sur demande<br \/>\nGaz acide \u00e0 enfouissement direct : CSA AG14<br \/>\n<strong>Code couleur<\/strong><br \/>\n2 Conducteur : noir, blanc<br \/>\n3 conducteur : noir, rouge, bleu<br \/>\n4 conducteur : noir, rouge, bleu, blanc<br \/>\n5 &#8211; 50 Conducteur : noir avec code num\u00e9rique imprim\u00e9<\/p>\n","protected":false},"excerpt":{"rendered":"<p>Conducteur 14 AWG. \u00e0 10 AWG concentrique de classe \u00ab&nbsp;B&nbsp;\u00bb toronn\u00e9 8 \u00e0 4\/0 AWG. Cuivre toronn\u00e9 concentrique compact de classe \u00ab&nbsp;B&nbsp;\u00bb Armure Armure imbriqu\u00e9e en aluminium Isolation Poly\u00e9thyl\u00e8ne r\u00e9ticul\u00e9 (XLPE) Type RW90 Temp\u00e9rature -40\u00b0C \u00e0 +90\u00b0C Tension 600V Veste int\u00e9rieure Polychlorure de vinyle (PVC), noir Veste ext\u00e9rieure Polychlorure de vinyle (PVC) \u00e0 faible teneur [&hellip;]<\/p>\n","protected":false},"featured_media":19368,"comment_status":"open","ping_status":"closed","template":"","meta":{"_acf_changed":false},"product_brand":[],"product_cat":[1011],"product_tag":[1048,1050,1012,1049],"application":[736],"voltage-rating":[670],"jacket-material":[694],"insulation-material":[840],"conductor-material":[685],"wire-gauge":[770,766,677,676,675,765,767,1006,768,764,769,763,762],"conductor":[678],"class_list":{"0":"post-24406","1":"product","2":"type-product","3":"status-publish","4":"has-post-thumbnail","6":"product_cat-cable-teck","7":"product_tag-composite-fr","8":"product_tag-controle","9":"product_tag-par-teck90","10":"product_tag-pouvoir","11":"application-enterrement-direct","12":"voltage-rating-600v-fr","13":"jacket-material-chlorure-de-polyvinyle","14":"insulation-material-xlpe-fr","15":"conductor-material-cuivre-nu-toronne","16":"wire-gauge-1-awg-fr","17":"wire-gauge-1-0-awg-fr","18":"wire-gauge-10-awg-fr","19":"wire-gauge-12-awg-fr","20":"wire-gauge-14-awg-fr","21":"wire-gauge-2-awg-fr","22":"wire-gauge-2-0-awg-fr","23":"wire-gauge-3-awg-fr","24":"wire-gauge-3-0-awg-fr","25":"wire-gauge-4-awg-fr","26":"wire-gauge-4-0-awg-fr","27":"wire-gauge-6-awg-fr","28":"wire-gauge-8-awg-fr","29":"conductor-3-fr","31":"first","32":"instock","33":"shipping-taxable","34":"purchasable","35":"product-type-variable"},"acf":[],"yoast_head":"<!-- This site is optimized with the Yoast SEO plugin v26.2 - https:\/\/yoast.com\/wordpress\/plugins\/seo\/ -->\n<title>Composite Power &amp; Control Teck 90 600V XLPE AIA - National Cable Specialists<\/title>\n<meta name=\"description\" content=\"National Cable Specialists carries a selection of Composite Power &amp; Control Teck 90 600V XLPE AIA for sale. Visit our website to learn more information.\" \/>\n<meta name=\"robots\" content=\"index, follow, max-snippet:-1, max-image-preview:large, max-video-preview:-1\" \/>\n<link rel=\"canonical\" href=\"https:\/\/nationalcablespecialists.ca\/fr\/produit\/composite-power-control-teck-90-600v-xlpe-aia\/\" \/>\n<meta property=\"og:locale\" content=\"fr_FR\" \/>\n<meta property=\"og:type\" content=\"article\" \/>\n<meta property=\"og:title\" content=\"Composite Power &amp; Control Teck 90 600V XLPE AIA - National Cable Specialists\" \/>\n<meta property=\"og:description\" content=\"National Cable Specialists carries a selection of Composite Power &amp; Control Teck 90 600V XLPE AIA for sale. Visit our website to learn more information.\" \/>\n<meta property=\"og:url\" content=\"https:\/\/nationalcablespecialists.ca\/fr\/produit\/composite-power-control-teck-90-600v-xlpe-aia\/\" \/>\n<meta property=\"og:site_name\" content=\"National Cable Specialists\" \/>\n<meta property=\"article:modified_time\" content=\"2024-01-24T03:31:07+00:00\" \/>\n<meta property=\"og:image\" content=\"https:\/\/nationalcablespecialists.ca\/wp-content\/uploads\/2023\/09\/Teck-Composite-3c_500px-2.jpg\" \/>\n\t<meta property=\"og:image:width\" content=\"500\" \/>\n\t<meta property=\"og:image:height\" content=\"500\" \/>\n\t<meta property=\"og:image:type\" content=\"image\/jpeg\" \/>\n<meta name=\"twitter:card\" content=\"summary_large_image\" \/>\n<meta name=\"twitter:label1\" content=\"Dur\u00e9e de lecture estim\u00e9e\" \/>\n\t<meta name=\"twitter:data1\" content=\"1 minute\" \/>\n<script type=\"application\/ld+json\" class=\"yoast-schema-graph\">{\"@context\":\"https:\/\/schema.org\",\"@graph\":[{\"@type\":\"WebPage\",\"@id\":\"https:\/\/nationalcablespecialists.ca\/fr\/produit\/composite-power-control-teck-90-600v-xlpe-aia\/\",\"url\":\"https:\/\/nationalcablespecialists.ca\/fr\/produit\/composite-power-control-teck-90-600v-xlpe-aia\/\",\"name\":\"Composite Power &amp; Control Teck 90 600V XLPE AIA - National Cable Specialists\",\"isPartOf\":{\"@id\":\"https:\/\/nationalcablespecialists.ca\/fr\/#website\"},\"primaryImageOfPage\":{\"@id\":\"https:\/\/nationalcablespecialists.ca\/fr\/produit\/composite-power-control-teck-90-600v-xlpe-aia\/#primaryimage\"},\"image\":{\"@id\":\"https:\/\/nationalcablespecialists.ca\/fr\/produit\/composite-power-control-teck-90-600v-xlpe-aia\/#primaryimage\"},\"thumbnailUrl\":\"https:\/\/nationalcablespecialists.ca\/wp-content\/uploads\/2023\/09\/Teck-Composite-3c_500px-2.jpg\",\"datePublished\":\"2023-09-15T21:09:29+00:00\",\"dateModified\":\"2024-01-24T03:31:07+00:00\",\"description\":\"National Cable Specialists carries a selection of Composite Power &amp; Control Teck 90 600V XLPE AIA for sale. Visit our website to learn more information.\",\"breadcrumb\":{\"@id\":\"https:\/\/nationalcablespecialists.ca\/fr\/produit\/composite-power-control-teck-90-600v-xlpe-aia\/#breadcrumb\"},\"inLanguage\":\"fr-FR\",\"potentialAction\":[{\"@type\":\"ReadAction\",\"target\":[\"https:\/\/nationalcablespecialists.ca\/fr\/produit\/composite-power-control-teck-90-600v-xlpe-aia\/\"]}]},{\"@type\":\"ImageObject\",\"inLanguage\":\"fr-FR\",\"@id\":\"https:\/\/nationalcablespecialists.ca\/fr\/produit\/composite-power-control-teck-90-600v-xlpe-aia\/#primaryimage\",\"url\":\"https:\/\/nationalcablespecialists.ca\/wp-content\/uploads\/2023\/09\/Teck-Composite-3c_500px-2.jpg\",\"contentUrl\":\"https:\/\/nationalcablespecialists.ca\/wp-content\/uploads\/2023\/09\/Teck-Composite-3c_500px-2.jpg\",\"width\":500,\"height\":500,\"caption\":\"Teck Composite 3c\"},{\"@type\":\"BreadcrumbList\",\"@id\":\"https:\/\/nationalcablespecialists.ca\/fr\/produit\/composite-power-control-teck-90-600v-xlpe-aia\/#breadcrumb\",\"itemListElement\":[{\"@type\":\"ListItem\",\"position\":1,\"name\":\"Produits\",\"item\":\"https:\/\/nationalcablespecialists.ca\/our-products\/\"},{\"@type\":\"ListItem\",\"position\":2,\"name\":\"Composite Power &amp; Control Teck 90 600V XLPE AIA\"}]},{\"@type\":\"WebSite\",\"@id\":\"https:\/\/nationalcablespecialists.ca\/fr\/#website\",\"url\":\"https:\/\/nationalcablespecialists.ca\/fr\/\",\"name\":\"National Cable Specialists\",\"description\":\"\",\"publisher\":{\"@id\":\"https:\/\/nationalcablespecialists.ca\/fr\/#organization\"},\"potentialAction\":[{\"@type\":\"SearchAction\",\"target\":{\"@type\":\"EntryPoint\",\"urlTemplate\":\"https:\/\/nationalcablespecialists.ca\/fr\/?s={search_term_string}\"},\"query-input\":{\"@type\":\"PropertyValueSpecification\",\"valueRequired\":true,\"valueName\":\"search_term_string\"}}],\"inLanguage\":\"fr-FR\"},{\"@type\":\"Organization\",\"@id\":\"https:\/\/nationalcablespecialists.ca\/fr\/#organization\",\"name\":\"National Cable Specialists\",\"url\":\"https:\/\/nationalcablespecialists.ca\/fr\/\",\"logo\":{\"@type\":\"ImageObject\",\"inLanguage\":\"fr-FR\",\"@id\":\"https:\/\/nationalcablespecialists.ca\/fr\/#\/schema\/logo\/image\/\",\"url\":\"https:\/\/nationalcablespecialists.ca\/wp-content\/uploads\/2023\/01\/NCS_Lrg_Logo.png\",\"contentUrl\":\"https:\/\/nationalcablespecialists.ca\/wp-content\/uploads\/2023\/01\/NCS_Lrg_Logo.png\",\"width\":1600,\"height\":840,\"caption\":\"National Cable Specialists\"},\"image\":{\"@id\":\"https:\/\/nationalcablespecialists.ca\/fr\/#\/schema\/logo\/image\/\"}}]}<\/script>\n<!-- \/ Yoast SEO plugin. -->","yoast_head_json":{"title":"Composite Power &amp; Control Teck 90 600V XLPE AIA - National Cable Specialists","description":"National Cable Specialists carries a selection of Composite Power &amp; Control Teck 90 600V XLPE AIA for sale. Visit our website to learn more information.","robots":{"index":"index","follow":"follow","max-snippet":"max-snippet:-1","max-image-preview":"max-image-preview:large","max-video-preview":"max-video-preview:-1"},"canonical":"https:\/\/nationalcablespecialists.ca\/fr\/produit\/composite-power-control-teck-90-600v-xlpe-aia\/","og_locale":"fr_FR","og_type":"article","og_title":"Composite Power &amp; Control Teck 90 600V XLPE AIA - National Cable Specialists","og_description":"National Cable Specialists carries a selection of Composite Power &amp; Control Teck 90 600V XLPE AIA for sale. Visit our website to learn more information.","og_url":"https:\/\/nationalcablespecialists.ca\/fr\/produit\/composite-power-control-teck-90-600v-xlpe-aia\/","og_site_name":"National Cable Specialists","article_modified_time":"2024-01-24T03:31:07+00:00","og_image":[{"width":500,"height":500,"url":"https:\/\/nationalcablespecialists.ca\/wp-content\/uploads\/2023\/09\/Teck-Composite-3c_500px-2.jpg","type":"image\/jpeg"}],"twitter_card":"summary_large_image","twitter_misc":{"Dur\u00e9e de lecture estim\u00e9e":"1 minute"},"schema":{"@context":"https:\/\/schema.org","@graph":[{"@type":"WebPage","@id":"https:\/\/nationalcablespecialists.ca\/fr\/produit\/composite-power-control-teck-90-600v-xlpe-aia\/","url":"https:\/\/nationalcablespecialists.ca\/fr\/produit\/composite-power-control-teck-90-600v-xlpe-aia\/","name":"Composite Power &amp; Control Teck 90 600V XLPE AIA - National Cable Specialists","isPartOf":{"@id":"https:\/\/nationalcablespecialists.ca\/fr\/#website"},"primaryImageOfPage":{"@id":"https:\/\/nationalcablespecialists.ca\/fr\/produit\/composite-power-control-teck-90-600v-xlpe-aia\/#primaryimage"},"image":{"@id":"https:\/\/nationalcablespecialists.ca\/fr\/produit\/composite-power-control-teck-90-600v-xlpe-aia\/#primaryimage"},"thumbnailUrl":"https:\/\/nationalcablespecialists.ca\/wp-content\/uploads\/2023\/09\/Teck-Composite-3c_500px-2.jpg","datePublished":"2023-09-15T21:09:29+00:00","dateModified":"2024-01-24T03:31:07+00:00","description":"National Cable Specialists carries a selection of Composite Power &amp; Control Teck 90 600V XLPE AIA for sale. Visit our website to learn more information.","breadcrumb":{"@id":"https:\/\/nationalcablespecialists.ca\/fr\/produit\/composite-power-control-teck-90-600v-xlpe-aia\/#breadcrumb"},"inLanguage":"fr-FR","potentialAction":[{"@type":"ReadAction","target":["https:\/\/nationalcablespecialists.ca\/fr\/produit\/composite-power-control-teck-90-600v-xlpe-aia\/"]}]},{"@type":"ImageObject","inLanguage":"fr-FR","@id":"https:\/\/nationalcablespecialists.ca\/fr\/produit\/composite-power-control-teck-90-600v-xlpe-aia\/#primaryimage","url":"https:\/\/nationalcablespecialists.ca\/wp-content\/uploads\/2023\/09\/Teck-Composite-3c_500px-2.jpg","contentUrl":"https:\/\/nationalcablespecialists.ca\/wp-content\/uploads\/2023\/09\/Teck-Composite-3c_500px-2.jpg","width":500,"height":500,"caption":"Teck Composite 3c"},{"@type":"BreadcrumbList","@id":"https:\/\/nationalcablespecialists.ca\/fr\/produit\/composite-power-control-teck-90-600v-xlpe-aia\/#breadcrumb","itemListElement":[{"@type":"ListItem","position":1,"name":"Produits","item":"https:\/\/nationalcablespecialists.ca\/our-products\/"},{"@type":"ListItem","position":2,"name":"Composite Power &amp; Control Teck 90 600V XLPE AIA"}]},{"@type":"WebSite","@id":"https:\/\/nationalcablespecialists.ca\/fr\/#website","url":"https:\/\/nationalcablespecialists.ca\/fr\/","name":"National Cable Specialists","description":"","publisher":{"@id":"https:\/\/nationalcablespecialists.ca\/fr\/#organization"},"potentialAction":[{"@type":"SearchAction","target":{"@type":"EntryPoint","urlTemplate":"https:\/\/nationalcablespecialists.ca\/fr\/?s={search_term_string}"},"query-input":{"@type":"PropertyValueSpecification","valueRequired":true,"valueName":"search_term_string"}}],"inLanguage":"fr-FR"},{"@type":"Organization","@id":"https:\/\/nationalcablespecialists.ca\/fr\/#organization","name":"National Cable Specialists","url":"https:\/\/nationalcablespecialists.ca\/fr\/","logo":{"@type":"ImageObject","inLanguage":"fr-FR","@id":"https:\/\/nationalcablespecialists.ca\/fr\/#\/schema\/logo\/image\/","url":"https:\/\/nationalcablespecialists.ca\/wp-content\/uploads\/2023\/01\/NCS_Lrg_Logo.png","contentUrl":"https:\/\/nationalcablespecialists.ca\/wp-content\/uploads\/2023\/01\/NCS_Lrg_Logo.png","width":1600,"height":840,"caption":"National Cable Specialists"},"image":{"@id":"https:\/\/nationalcablespecialists.ca\/fr\/#\/schema\/logo\/image\/"}}]}},"_links":{"self":[{"href":"https:\/\/nationalcablespecialists.ca\/fr\/wp-json\/wp\/v2\/product\/24406","targetHints":{"allow":["GET"]}}],"collection":[{"href":"https:\/\/nationalcablespecialists.ca\/fr\/wp-json\/wp\/v2\/product"}],"about":[{"href":"https:\/\/nationalcablespecialists.ca\/fr\/wp-json\/wp\/v2\/types\/product"}],"replies":[{"embeddable":true,"href":"https:\/\/nationalcablespecialists.ca\/fr\/wp-json\/wp\/v2\/comments?post=24406"}],"wp:featuredmedia":[{"embeddable":true,"href":"https:\/\/nationalcablespecialists.ca\/fr\/wp-json\/wp\/v2\/media\/19368"}],"wp:attachment":[{"href":"https:\/\/nationalcablespecialists.ca\/fr\/wp-json\/wp\/v2\/media?parent=24406"}],"wp:term":[{"taxonomy":"product_brand","embeddable":true,"href":"https:\/\/nationalcablespecialists.ca\/fr\/wp-json\/wp\/v2\/product_brand?post=24406"},{"taxonomy":"product_cat","embeddable":true,"href":"https:\/\/nationalcablespecialists.ca\/fr\/wp-json\/wp\/v2\/product_cat?post=24406"},{"taxonomy":"product_tag","embeddable":true,"href":"https:\/\/nationalcablespecialists.ca\/fr\/wp-json\/wp\/v2\/product_tag?post=24406"},{"taxonomy":"application","embeddable":true,"href":"https:\/\/nationalcablespecialists.ca\/fr\/wp-json\/wp\/v2\/application?post=24406"},{"taxonomy":"voltage-rating","embeddable":true,"href":"https:\/\/nationalcablespecialists.ca\/fr\/wp-json\/wp\/v2\/voltage-rating?post=24406"},{"taxonomy":"jacket-material","embeddable":true,"href":"https:\/\/nationalcablespecialists.ca\/fr\/wp-json\/wp\/v2\/jacket-material?post=24406"},{"taxonomy":"insulation-material","embeddable":true,"href":"https:\/\/nationalcablespecialists.ca\/fr\/wp-json\/wp\/v2\/insulation-material?post=24406"},{"taxonomy":"conductor-material","embeddable":true,"href":"https:\/\/nationalcablespecialists.ca\/fr\/wp-json\/wp\/v2\/conductor-material?post=24406"},{"taxonomy":"wire-gauge","embeddable":true,"href":"https:\/\/nationalcablespecialists.ca\/fr\/wp-json\/wp\/v2\/wire-gauge?post=24406"},{"taxonomy":"conductor","embeddable":true,"href":"https:\/\/nationalcablespecialists.ca\/fr\/wp-json\/wp\/v2\/conductor?post=24406"}],"curies":[{"name":"wp","href":"https:\/\/api.w.org\/{rel}","templated":true}]}}