{"id":24354,"date":"2023-09-15T14:07:38","date_gmt":"2023-09-15T21:07:38","guid":{"rendered":"https:\/\/nationalcablespecialists.ca\/product\/cable-dalimentation-portable-rond-multiconducteur-de-type-w\/"},"modified":"2025-10-01T16:11:34","modified_gmt":"2025-10-01T23:11:34","slug":"cable-dalimentation-portable-rond-multiconducteur-de-type-w","status":"publish","type":"product","link":"https:\/\/nationalcablespecialists.ca\/fr\/produit\/cable-dalimentation-portable-rond-multiconducteur-de-type-w\/","title":{"rendered":"C\u00e2ble d\u2019alimentation portable rond multiconducteur de type W"},"content":{"rendered":"<p><strong>Conducteur<\/strong> Corde flexible en cuivre nu recuit &#8211; pose toronn\u00e9e<br \/>\n<strong>Isolation<\/strong> Caoutchouc synth\u00e9tique \u00e0 code couleur<br \/>\n<strong>Veste<\/strong> CPE noir \u00e0 usage tr\u00e8s dur, r\u00e9sistant \u00e0 l\u2019huile et aux intemp\u00e9ries<br \/>\n<strong>Temp\u00e9rature<\/strong> -40\u00b0C \u00e0 +90\u00b0C<br \/>\n<strong>Tension<\/strong> 600\/2000V<br \/>\n<strong>Applications<\/strong> Con\u00e7u pour \u00eatre utilis\u00e9 dans les \u00e9quipements miniers mobiles, les convoyeurs de levage, les foreuses et les pompes, comme alimentation portable et alimentation \u00e9lectrique temporaire o\u00f9 les circuits mis \u00e0 la terre ne sont pas n\u00e9cessaires<br \/>\n<strong>Emballage<\/strong> Longueur coup\u00e9e sur commande<br \/>\n<strong>Code couleur<\/strong> 2c &#8211; Noir, Blanc\u00a0; 3c &#8211; Noir, Blanc, Vert\u00a0; 4c \u2013 Noir, Blanc, Rouge, Vert\u00a0; 5c &#8211; Noir, Blanc, Rouge, Vert, Orange<br \/>\n<strong>Renforcement<\/strong> Un renfort ouvert est appliqu\u00e9 sur l\u2019ensemble pour une r\u00e9sistance m\u00e9canique<\/p>\n<p>*Homologations UL, MSHA, CSA, RoHS Compliant, CSA disponibles<br \/>\n*Les amp\u00e8res par conducteur sont bas\u00e9s sur une temp\u00e9rature ambiante de 30 \u00b0C dans l\u2019air et de 90 \u00b0C dans le conducteur.<\/p>\n","protected":false},"excerpt":{"rendered":"<p>Conducteur Corde flexible en cuivre nu recuit &#8211; pose toronn\u00e9e Isolation Caoutchouc synth\u00e9tique \u00e0 code couleur Veste CPE noir \u00e0 usage tr\u00e8s dur, r\u00e9sistant \u00e0 l\u2019huile et aux intemp\u00e9ries Temp\u00e9rature -40\u00b0C \u00e0 +90\u00b0C Tension 600\/2000V Applications Con\u00e7u pour \u00eatre utilis\u00e9 dans les \u00e9quipements miniers mobiles, les convoyeurs de levage, les foreuses et les pompes, comme [&hellip;]<\/p>\n","protected":false},"featured_media":19170,"comment_status":"open","ping_status":"closed","template":"","meta":{"_acf_changed":false},"product_brand":[],"product_cat":[1110],"product_tag":[1047,1046],"application":[1045,1043,1044,1041,669],"voltage-rating":[1040,670],"jacket-material":[1039],"insulation-material":[1042],"conductor-material":[685],"wire-gauge":[770,766,765,767,980,768,987,764,769,981,763,762],"conductor":[679,678,680,681],"class_list":{"0":"post-24354","1":"product","2":"type-product","3":"status-publish","4":"has-post-thumbnail","6":"product_cat-fils-et-cables-electriques","7":"product_tag-cable-dalimentation-portable","8":"product_tag-type-w-fr","9":"application-alimentation-temporaire","10":"application-convoyeurs","11":"application-exercices","12":"application-minier","13":"application-pumps-fr","14":"voltage-rating-2000v-fr","15":"voltage-rating-600v-fr","16":"jacket-material-pe-cellulaire","17":"insulation-material-caoutchouc-synthetique","18":"conductor-material-cuivre-nu-toronne","19":"wire-gauge-1-awg-fr","20":"wire-gauge-1-0-awg-fr","21":"wire-gauge-2-awg-fr","22":"wire-gauge-2-0-awg-fr","23":"wire-gauge-250-fr","24":"wire-gauge-3-0-awg-fr","25":"wire-gauge-350-fr","26":"wire-gauge-4-awg-fr","27":"wire-gauge-4-0-awg-fr","28":"wire-gauge-500-fr","29":"wire-gauge-6-awg-fr","30":"wire-gauge-8-awg-fr","31":"conductor-2-fr","32":"conductor-3-fr","33":"conductor-4-fr","34":"conductor-5-fr","36":"first","37":"instock","38":"shipping-taxable","39":"purchasable","40":"product-type-variable"},"acf":[],"yoast_head":"<!-- This site is optimized with the Yoast SEO plugin v26.2 - https:\/\/yoast.com\/wordpress\/plugins\/seo\/ -->\n<title>C\u00e2ble d\u2019alimentation portable rond multiconducteur de type W - National Cable Specialists<\/title>\n<meta name=\"description\" content=\"National Cable Specialists carries a selection of C\u00e2ble d\u2019alimentation portable rond multiconducteur de type W for sale. Visit our website to learn more information.\" \/>\n<meta name=\"robots\" content=\"index, follow, max-snippet:-1, max-image-preview:large, max-video-preview:-1\" \/>\n<link rel=\"canonical\" href=\"https:\/\/nationalcablespecialists.ca\/fr\/produit\/cable-dalimentation-portable-rond-multiconducteur-de-type-w\/\" \/>\n<meta property=\"og:locale\" content=\"fr_FR\" \/>\n<meta property=\"og:type\" content=\"article\" \/>\n<meta property=\"og:title\" content=\"C\u00e2ble d\u2019alimentation portable rond multiconducteur de type W - National Cable Specialists\" \/>\n<meta property=\"og:description\" content=\"National Cable Specialists carries a selection of C\u00e2ble d\u2019alimentation portable rond multiconducteur de type W for sale. Visit our website to learn more information.\" \/>\n<meta property=\"og:url\" content=\"https:\/\/nationalcablespecialists.ca\/fr\/produit\/cable-dalimentation-portable-rond-multiconducteur-de-type-w\/\" \/>\n<meta property=\"og:site_name\" content=\"National Cable Specialists\" \/>\n<meta property=\"article:modified_time\" content=\"2025-10-01T23:11:34+00:00\" \/>\n<meta property=\"og:image\" content=\"https:\/\/nationalcablespecialists.ca\/wp-content\/uploads\/2023\/09\/TypeW-2_500px-2.jpg\" \/>\n\t<meta property=\"og:image:width\" content=\"500\" \/>\n\t<meta property=\"og:image:height\" content=\"500\" \/>\n\t<meta property=\"og:image:type\" content=\"image\/jpeg\" \/>\n<meta name=\"twitter:card\" content=\"summary_large_image\" \/>\n<meta name=\"twitter:label1\" content=\"Dur\u00e9e de lecture estim\u00e9e\" \/>\n\t<meta name=\"twitter:data1\" content=\"1 minute\" \/>\n<script type=\"application\/ld+json\" class=\"yoast-schema-graph\">{\"@context\":\"https:\/\/schema.org\",\"@graph\":[{\"@type\":\"WebPage\",\"@id\":\"https:\/\/nationalcablespecialists.ca\/fr\/produit\/cable-dalimentation-portable-rond-multiconducteur-de-type-w\/\",\"url\":\"https:\/\/nationalcablespecialists.ca\/fr\/produit\/cable-dalimentation-portable-rond-multiconducteur-de-type-w\/\",\"name\":\"C\u00e2ble d\u2019alimentation portable rond multiconducteur de type W - National Cable Specialists\",\"isPartOf\":{\"@id\":\"https:\/\/nationalcablespecialists.ca\/fr\/#website\"},\"primaryImageOfPage\":{\"@id\":\"https:\/\/nationalcablespecialists.ca\/fr\/produit\/cable-dalimentation-portable-rond-multiconducteur-de-type-w\/#primaryimage\"},\"image\":{\"@id\":\"https:\/\/nationalcablespecialists.ca\/fr\/produit\/cable-dalimentation-portable-rond-multiconducteur-de-type-w\/#primaryimage\"},\"thumbnailUrl\":\"https:\/\/nationalcablespecialists.ca\/wp-content\/uploads\/2023\/09\/TypeW-2_500px-2.jpg\",\"datePublished\":\"2023-09-15T21:07:38+00:00\",\"dateModified\":\"2025-10-01T23:11:34+00:00\",\"description\":\"National Cable Specialists carries a selection of C\u00e2ble d\u2019alimentation portable rond multiconducteur de type W for sale. Visit our website to learn more information.\",\"breadcrumb\":{\"@id\":\"https:\/\/nationalcablespecialists.ca\/fr\/produit\/cable-dalimentation-portable-rond-multiconducteur-de-type-w\/#breadcrumb\"},\"inLanguage\":\"fr-FR\",\"potentialAction\":[{\"@type\":\"ReadAction\",\"target\":[\"https:\/\/nationalcablespecialists.ca\/fr\/produit\/cable-dalimentation-portable-rond-multiconducteur-de-type-w\/\"]}]},{\"@type\":\"ImageObject\",\"inLanguage\":\"fr-FR\",\"@id\":\"https:\/\/nationalcablespecialists.ca\/fr\/produit\/cable-dalimentation-portable-rond-multiconducteur-de-type-w\/#primaryimage\",\"url\":\"https:\/\/nationalcablespecialists.ca\/wp-content\/uploads\/2023\/09\/TypeW-2_500px-2.jpg\",\"contentUrl\":\"https:\/\/nationalcablespecialists.ca\/wp-content\/uploads\/2023\/09\/TypeW-2_500px-2.jpg\",\"width\":500,\"height\":500,\"caption\":\"TypeW 2\"},{\"@type\":\"BreadcrumbList\",\"@id\":\"https:\/\/nationalcablespecialists.ca\/fr\/produit\/cable-dalimentation-portable-rond-multiconducteur-de-type-w\/#breadcrumb\",\"itemListElement\":[{\"@type\":\"ListItem\",\"position\":1,\"name\":\"Produits\",\"item\":\"https:\/\/nationalcablespecialists.ca\/our-products\/\"},{\"@type\":\"ListItem\",\"position\":2,\"name\":\"Fils et c\u00e2bles \u00e9lectriques\",\"item\":\"https:\/\/nationalcablespecialists.ca\/fr\/categorie-produit\/fils-et-cables-electriques\/\"},{\"@type\":\"ListItem\",\"position\":3,\"name\":\"C\u00e2ble Minier\",\"item\":\"https:\/\/nationalcablespecialists.ca\/fr\/categorie-produit\/fils-et-cables-electriques\/cable-minier\/\"},{\"@type\":\"ListItem\",\"position\":4,\"name\":\"C\u00e2ble d\u2019alimentation portable rond multiconducteur de type W\"}]},{\"@type\":\"WebSite\",\"@id\":\"https:\/\/nationalcablespecialists.ca\/fr\/#website\",\"url\":\"https:\/\/nationalcablespecialists.ca\/fr\/\",\"name\":\"National Cable Specialists\",\"description\":\"\",\"publisher\":{\"@id\":\"https:\/\/nationalcablespecialists.ca\/fr\/#organization\"},\"potentialAction\":[{\"@type\":\"SearchAction\",\"target\":{\"@type\":\"EntryPoint\",\"urlTemplate\":\"https:\/\/nationalcablespecialists.ca\/fr\/?s={search_term_string}\"},\"query-input\":{\"@type\":\"PropertyValueSpecification\",\"valueRequired\":true,\"valueName\":\"search_term_string\"}}],\"inLanguage\":\"fr-FR\"},{\"@type\":\"Organization\",\"@id\":\"https:\/\/nationalcablespecialists.ca\/fr\/#organization\",\"name\":\"National Cable Specialists\",\"url\":\"https:\/\/nationalcablespecialists.ca\/fr\/\",\"logo\":{\"@type\":\"ImageObject\",\"inLanguage\":\"fr-FR\",\"@id\":\"https:\/\/nationalcablespecialists.ca\/fr\/#\/schema\/logo\/image\/\",\"url\":\"https:\/\/nationalcablespecialists.ca\/wp-content\/uploads\/2023\/01\/NCS_Lrg_Logo.png\",\"contentUrl\":\"https:\/\/nationalcablespecialists.ca\/wp-content\/uploads\/2023\/01\/NCS_Lrg_Logo.png\",\"width\":1600,\"height\":840,\"caption\":\"National Cable Specialists\"},\"image\":{\"@id\":\"https:\/\/nationalcablespecialists.ca\/fr\/#\/schema\/logo\/image\/\"}}]}<\/script>\n<!-- \/ Yoast SEO plugin. -->","yoast_head_json":{"title":"C\u00e2ble d\u2019alimentation portable rond multiconducteur de type W - National Cable Specialists","description":"National Cable Specialists carries a selection of C\u00e2ble d\u2019alimentation portable rond multiconducteur de type W for sale. Visit our website to learn more information.","robots":{"index":"index","follow":"follow","max-snippet":"max-snippet:-1","max-image-preview":"max-image-preview:large","max-video-preview":"max-video-preview:-1"},"canonical":"https:\/\/nationalcablespecialists.ca\/fr\/produit\/cable-dalimentation-portable-rond-multiconducteur-de-type-w\/","og_locale":"fr_FR","og_type":"article","og_title":"C\u00e2ble d\u2019alimentation portable rond multiconducteur de type W - National Cable Specialists","og_description":"National Cable Specialists carries a selection of C\u00e2ble d\u2019alimentation portable rond multiconducteur de type W for sale. Visit our website to learn more information.","og_url":"https:\/\/nationalcablespecialists.ca\/fr\/produit\/cable-dalimentation-portable-rond-multiconducteur-de-type-w\/","og_site_name":"National Cable Specialists","article_modified_time":"2025-10-01T23:11:34+00:00","og_image":[{"width":500,"height":500,"url":"https:\/\/nationalcablespecialists.ca\/wp-content\/uploads\/2023\/09\/TypeW-2_500px-2.jpg","type":"image\/jpeg"}],"twitter_card":"summary_large_image","twitter_misc":{"Dur\u00e9e de lecture estim\u00e9e":"1 minute"},"schema":{"@context":"https:\/\/schema.org","@graph":[{"@type":"WebPage","@id":"https:\/\/nationalcablespecialists.ca\/fr\/produit\/cable-dalimentation-portable-rond-multiconducteur-de-type-w\/","url":"https:\/\/nationalcablespecialists.ca\/fr\/produit\/cable-dalimentation-portable-rond-multiconducteur-de-type-w\/","name":"C\u00e2ble d\u2019alimentation portable rond multiconducteur de type W - National Cable Specialists","isPartOf":{"@id":"https:\/\/nationalcablespecialists.ca\/fr\/#website"},"primaryImageOfPage":{"@id":"https:\/\/nationalcablespecialists.ca\/fr\/produit\/cable-dalimentation-portable-rond-multiconducteur-de-type-w\/#primaryimage"},"image":{"@id":"https:\/\/nationalcablespecialists.ca\/fr\/produit\/cable-dalimentation-portable-rond-multiconducteur-de-type-w\/#primaryimage"},"thumbnailUrl":"https:\/\/nationalcablespecialists.ca\/wp-content\/uploads\/2023\/09\/TypeW-2_500px-2.jpg","datePublished":"2023-09-15T21:07:38+00:00","dateModified":"2025-10-01T23:11:34+00:00","description":"National Cable Specialists carries a selection of C\u00e2ble d\u2019alimentation portable rond multiconducteur de type W for sale. Visit our website to learn more information.","breadcrumb":{"@id":"https:\/\/nationalcablespecialists.ca\/fr\/produit\/cable-dalimentation-portable-rond-multiconducteur-de-type-w\/#breadcrumb"},"inLanguage":"fr-FR","potentialAction":[{"@type":"ReadAction","target":["https:\/\/nationalcablespecialists.ca\/fr\/produit\/cable-dalimentation-portable-rond-multiconducteur-de-type-w\/"]}]},{"@type":"ImageObject","inLanguage":"fr-FR","@id":"https:\/\/nationalcablespecialists.ca\/fr\/produit\/cable-dalimentation-portable-rond-multiconducteur-de-type-w\/#primaryimage","url":"https:\/\/nationalcablespecialists.ca\/wp-content\/uploads\/2023\/09\/TypeW-2_500px-2.jpg","contentUrl":"https:\/\/nationalcablespecialists.ca\/wp-content\/uploads\/2023\/09\/TypeW-2_500px-2.jpg","width":500,"height":500,"caption":"TypeW 2"},{"@type":"BreadcrumbList","@id":"https:\/\/nationalcablespecialists.ca\/fr\/produit\/cable-dalimentation-portable-rond-multiconducteur-de-type-w\/#breadcrumb","itemListElement":[{"@type":"ListItem","position":1,"name":"Produits","item":"https:\/\/nationalcablespecialists.ca\/our-products\/"},{"@type":"ListItem","position":2,"name":"Fils et c\u00e2bles \u00e9lectriques","item":"https:\/\/nationalcablespecialists.ca\/fr\/categorie-produit\/fils-et-cables-electriques\/"},{"@type":"ListItem","position":3,"name":"C\u00e2ble Minier","item":"https:\/\/nationalcablespecialists.ca\/fr\/categorie-produit\/fils-et-cables-electriques\/cable-minier\/"},{"@type":"ListItem","position":4,"name":"C\u00e2ble d\u2019alimentation portable rond multiconducteur de type W"}]},{"@type":"WebSite","@id":"https:\/\/nationalcablespecialists.ca\/fr\/#website","url":"https:\/\/nationalcablespecialists.ca\/fr\/","name":"National Cable Specialists","description":"","publisher":{"@id":"https:\/\/nationalcablespecialists.ca\/fr\/#organization"},"potentialAction":[{"@type":"SearchAction","target":{"@type":"EntryPoint","urlTemplate":"https:\/\/nationalcablespecialists.ca\/fr\/?s={search_term_string}"},"query-input":{"@type":"PropertyValueSpecification","valueRequired":true,"valueName":"search_term_string"}}],"inLanguage":"fr-FR"},{"@type":"Organization","@id":"https:\/\/nationalcablespecialists.ca\/fr\/#organization","name":"National Cable Specialists","url":"https:\/\/nationalcablespecialists.ca\/fr\/","logo":{"@type":"ImageObject","inLanguage":"fr-FR","@id":"https:\/\/nationalcablespecialists.ca\/fr\/#\/schema\/logo\/image\/","url":"https:\/\/nationalcablespecialists.ca\/wp-content\/uploads\/2023\/01\/NCS_Lrg_Logo.png","contentUrl":"https:\/\/nationalcablespecialists.ca\/wp-content\/uploads\/2023\/01\/NCS_Lrg_Logo.png","width":1600,"height":840,"caption":"National Cable Specialists"},"image":{"@id":"https:\/\/nationalcablespecialists.ca\/fr\/#\/schema\/logo\/image\/"}}]}},"_links":{"self":[{"href":"https:\/\/nationalcablespecialists.ca\/fr\/wp-json\/wp\/v2\/product\/24354","targetHints":{"allow":["GET"]}}],"collection":[{"href":"https:\/\/nationalcablespecialists.ca\/fr\/wp-json\/wp\/v2\/product"}],"about":[{"href":"https:\/\/nationalcablespecialists.ca\/fr\/wp-json\/wp\/v2\/types\/product"}],"replies":[{"embeddable":true,"href":"https:\/\/nationalcablespecialists.ca\/fr\/wp-json\/wp\/v2\/comments?post=24354"}],"wp:featuredmedia":[{"embeddable":true,"href":"https:\/\/nationalcablespecialists.ca\/fr\/wp-json\/wp\/v2\/media\/19170"}],"wp:attachment":[{"href":"https:\/\/nationalcablespecialists.ca\/fr\/wp-json\/wp\/v2\/media?parent=24354"}],"wp:term":[{"taxonomy":"product_brand","embeddable":true,"href":"https:\/\/nationalcablespecialists.ca\/fr\/wp-json\/wp\/v2\/product_brand?post=24354"},{"taxonomy":"product_cat","embeddable":true,"href":"https:\/\/nationalcablespecialists.ca\/fr\/wp-json\/wp\/v2\/product_cat?post=24354"},{"taxonomy":"product_tag","embeddable":true,"href":"https:\/\/nationalcablespecialists.ca\/fr\/wp-json\/wp\/v2\/product_tag?post=24354"},{"taxonomy":"application","embeddable":true,"href":"https:\/\/nationalcablespecialists.ca\/fr\/wp-json\/wp\/v2\/application?post=24354"},{"taxonomy":"voltage-rating","embeddable":true,"href":"https:\/\/nationalcablespecialists.ca\/fr\/wp-json\/wp\/v2\/voltage-rating?post=24354"},{"taxonomy":"jacket-material","embeddable":true,"href":"https:\/\/nationalcablespecialists.ca\/fr\/wp-json\/wp\/v2\/jacket-material?post=24354"},{"taxonomy":"insulation-material","embeddable":true,"href":"https:\/\/nationalcablespecialists.ca\/fr\/wp-json\/wp\/v2\/insulation-material?post=24354"},{"taxonomy":"conductor-material","embeddable":true,"href":"https:\/\/nationalcablespecialists.ca\/fr\/wp-json\/wp\/v2\/conductor-material?post=24354"},{"taxonomy":"wire-gauge","embeddable":true,"href":"https:\/\/nationalcablespecialists.ca\/fr\/wp-json\/wp\/v2\/wire-gauge?post=24354"},{"taxonomy":"conductor","embeddable":true,"href":"https:\/\/nationalcablespecialists.ca\/fr\/wp-json\/wp\/v2\/conductor?post=24354"}],"curies":[{"name":"wp","href":"https:\/\/api.w.org\/{rel}","templated":true}]}}