{"id":24347,"date":"2023-09-15T14:05:55","date_gmt":"2023-09-15T21:05:55","guid":{"rendered":"https:\/\/nationalcablespecialists.ca\/product\/cable-de-commande-flexible\/"},"modified":"2023-09-15T14:05:55","modified_gmt":"2023-09-15T21:05:55","slug":"cable-de-commande-flexible","status":"publish","type":"product","link":"https:\/\/nationalcablespecialists.ca\/fr\/produit\/cable-de-commande-flexible\/","title":{"rendered":"C\u00e2ble de commande flexible"},"content":{"rendered":"<div><strong>Conducteur<\/strong> Cuivre nu finement toronn\u00e9 selon VDE 0295<\/div>\n<div>\n<div><strong>Isolation<\/strong> PVC sp\u00e9cialement m\u00e9lang\u00e9<\/div>\n<div>\n<div><strong>Veste<\/strong> PVC gris r\u00e9sistant \u00e0 l\u2019huile<\/div>\n<div>\n<div><strong>Fonctionnalit\u00e9s<\/strong> Charges non absorbantes avec talc<\/div>\n<div>\n<div><strong>Temp\u00e9rature<\/strong> de -40\u00b0C \u00e0 +90\u00b0C stationnaire, -5\u00b0C \u00e0 +90\u00b0C d\u2019utilisation flexible<\/div>\n<div>\n<div><strong>Tension 600V<\/strong><\/div>\n<div>\n<div><strong>Applications<\/strong> Con\u00e7u pour permettre une manipulation et une installation plus faciles dans les zones d\u2019exploitation confin\u00e9es. Pour une utilisation dans tous les \u00e9quipements \u00e9lectriques dans des conditions s\u00e8ches, humides et mouill\u00e9es. Les applications recommand\u00e9es comprennent les machines-outils, les lignes d\u2019assemblage, les syst\u00e8mes de contr\u00f4le, les \u00e9quipements de traitement de donn\u00e9es, les connexions entre les panneaux de commande et les machines, les rectifieuses, les centres d\u2019usinage CNC et les \u00e9quipements d\u2019embouteillage<\/div>\n<div>\n<div><strong>Flexibilit\u00e9<\/strong> Le rayon de courbure minimum pour l\u2019installation est de 5X le diam\u00e8tre du c\u00e2ble<\/div>\n<div>\n<div><strong>Approbations<\/strong> CSA AWM II A\/B FT1, CSA C22.2C210.2, UL AWM<\/div>\n<div>\n<div><strong>Emballage<\/strong> Bobines de 300 m, bobines de longue longueur coup\u00e9es \u00e0 longueur<\/div>\n<div>\n<div><strong>Code couleur<\/strong> Noir avec num\u00e9ros blancs, plus masse verte\/jaune, 2 conducteurs n\u2019incluent pas la terre<\/div>\n<div><\/div>\n<\/div>\n<\/div>\n<\/div>\n<\/div>\n<\/div>\n<\/div>\n<\/div>\n<\/div>\n<\/div>\n<\/div>\n","protected":false},"excerpt":{"rendered":"<p>Conducteur Cuivre nu finement toronn\u00e9 selon VDE 0295 Isolation PVC sp\u00e9cialement m\u00e9lang\u00e9 Veste PVC gris r\u00e9sistant \u00e0 l\u2019huile Fonctionnalit\u00e9s Charges non absorbantes avec talc Temp\u00e9rature de -40\u00b0C \u00e0 +90\u00b0C stationnaire, -5\u00b0C \u00e0 +90\u00b0C d\u2019utilisation flexible Tension 600V Applications Con\u00e7u pour permettre une manipulation et une installation plus faciles dans les zones d\u2019exploitation confin\u00e9es. Pour une [&hellip;]<\/p>\n","protected":false},"featured_media":18980,"comment_status":"open","ping_status":"closed","template":"","meta":{"_acf_changed":false},"product_brand":[],"product_cat":[1038],"product_tag":[1032,1026,1030],"application":[689,1037,666],"voltage-rating":[670],"jacket-material":[694],"insulation-material":[686],"conductor-material":[685],"wire-gauge":[677,676,675,674,673,765,727,764,763,762],"conductor":[882,1025,679,877,678,1027,680,1028,681,940,1029,730,716],"class_list":{"0":"post-24347","1":"product","2":"type-product","3":"status-publish","4":"has-post-thumbnail","6":"product_cat-automatisation-dusine","7":"product_tag-cable-de-commande","8":"product_tag-lapon","9":"product_tag-olflex-fr","10":"application-equipement","11":"application-panneaux-de-controle","12":"application-tools-fr","13":"voltage-rating-600v-fr","14":"jacket-material-chlorure-de-polyvinyle","15":"insulation-material-chlorure-de-polyvinyle","16":"conductor-material-cuivre-nu-toronne","17":"wire-gauge-10-awg-fr","18":"wire-gauge-12-awg-fr","19":"wire-gauge-14-awg-fr","20":"wire-gauge-16-awg-fr","21":"wire-gauge-18-awg-fr","22":"wire-gauge-2-awg-fr","23":"wire-gauge-20-awg-fr","24":"wire-gauge-4-awg-fr","25":"wire-gauge-6-awg-fr","26":"wire-gauge-8-awg-fr","27":"conductor-12-fr","28":"conductor-18-fr","29":"conductor-2-fr","30":"conductor-25-fr","31":"conductor-3-fr","32":"conductor-34-fr","33":"conductor-4-fr","34":"conductor-41-fr","35":"conductor-5-fr","36":"conductor-50-fr","37":"conductor-61-fr","38":"conductor-7-fr","39":"conductor-9-fr","41":"first","42":"instock","43":"shipping-taxable","44":"purchasable","45":"product-type-variable"},"acf":[],"yoast_head":"<!-- This site is optimized with the Yoast SEO plugin v26.2 - https:\/\/yoast.com\/wordpress\/plugins\/seo\/ -->\n<title>C\u00e2ble de commande flexible - National Cable Specialists<\/title>\n<meta name=\"description\" content=\"National Cable Specialists carries a selection of C\u00e2ble de commande flexible for sale. Visit our website to learn more information.\" \/>\n<meta name=\"robots\" content=\"index, follow, max-snippet:-1, max-image-preview:large, max-video-preview:-1\" \/>\n<link rel=\"canonical\" href=\"https:\/\/nationalcablespecialists.ca\/fr\/produit\/cable-de-commande-flexible\/\" \/>\n<meta property=\"og:locale\" content=\"fr_FR\" \/>\n<meta property=\"og:type\" content=\"article\" \/>\n<meta property=\"og:title\" content=\"C\u00e2ble de commande flexible - National Cable Specialists\" \/>\n<meta property=\"og:description\" content=\"National Cable Specialists carries a selection of C\u00e2ble de commande flexible for sale. Visit our website to learn more information.\" \/>\n<meta property=\"og:url\" content=\"https:\/\/nationalcablespecialists.ca\/fr\/produit\/cable-de-commande-flexible\/\" \/>\n<meta property=\"og:site_name\" content=\"National Cable Specialists\" \/>\n<meta property=\"og:image\" content=\"https:\/\/nationalcablespecialists.ca\/wp-content\/uploads\/2023\/09\/Olflex_grey_500px-2.jpg\" \/>\n\t<meta property=\"og:image:width\" content=\"500\" \/>\n\t<meta property=\"og:image:height\" content=\"500\" \/>\n\t<meta property=\"og:image:type\" content=\"image\/jpeg\" \/>\n<meta name=\"twitter:card\" content=\"summary_large_image\" \/>\n<meta name=\"twitter:label1\" content=\"Dur\u00e9e de lecture estim\u00e9e\" \/>\n\t<meta name=\"twitter:data1\" content=\"1 minute\" \/>\n<script type=\"application\/ld+json\" class=\"yoast-schema-graph\">{\"@context\":\"https:\/\/schema.org\",\"@graph\":[{\"@type\":\"WebPage\",\"@id\":\"https:\/\/nationalcablespecialists.ca\/fr\/produit\/cable-de-commande-flexible\/\",\"url\":\"https:\/\/nationalcablespecialists.ca\/fr\/produit\/cable-de-commande-flexible\/\",\"name\":\"C\u00e2ble de commande flexible - National Cable Specialists\",\"isPartOf\":{\"@id\":\"https:\/\/nationalcablespecialists.ca\/fr\/#website\"},\"primaryImageOfPage\":{\"@id\":\"https:\/\/nationalcablespecialists.ca\/fr\/produit\/cable-de-commande-flexible\/#primaryimage\"},\"image\":{\"@id\":\"https:\/\/nationalcablespecialists.ca\/fr\/produit\/cable-de-commande-flexible\/#primaryimage\"},\"thumbnailUrl\":\"https:\/\/nationalcablespecialists.ca\/wp-content\/uploads\/2023\/09\/Olflex_grey_500px-2.jpg\",\"datePublished\":\"2023-09-15T21:05:55+00:00\",\"description\":\"National Cable Specialists carries a selection of C\u00e2ble de commande flexible for sale. Visit our website to learn more information.\",\"breadcrumb\":{\"@id\":\"https:\/\/nationalcablespecialists.ca\/fr\/produit\/cable-de-commande-flexible\/#breadcrumb\"},\"inLanguage\":\"fr-FR\",\"potentialAction\":[{\"@type\":\"ReadAction\",\"target\":[\"https:\/\/nationalcablespecialists.ca\/fr\/produit\/cable-de-commande-flexible\/\"]}]},{\"@type\":\"ImageObject\",\"inLanguage\":\"fr-FR\",\"@id\":\"https:\/\/nationalcablespecialists.ca\/fr\/produit\/cable-de-commande-flexible\/#primaryimage\",\"url\":\"https:\/\/nationalcablespecialists.ca\/wp-content\/uploads\/2023\/09\/Olflex_grey_500px-2.jpg\",\"contentUrl\":\"https:\/\/nationalcablespecialists.ca\/wp-content\/uploads\/2023\/09\/Olflex_grey_500px-2.jpg\",\"width\":500,\"height\":500,\"caption\":\"Olflex grey\"},{\"@type\":\"BreadcrumbList\",\"@id\":\"https:\/\/nationalcablespecialists.ca\/fr\/produit\/cable-de-commande-flexible\/#breadcrumb\",\"itemListElement\":[{\"@type\":\"ListItem\",\"position\":1,\"name\":\"Produits\",\"item\":\"https:\/\/nationalcablespecialists.ca\/our-products\/\"},{\"@type\":\"ListItem\",\"position\":2,\"name\":\"C\u00e2ble de commande flexible\"}]},{\"@type\":\"WebSite\",\"@id\":\"https:\/\/nationalcablespecialists.ca\/fr\/#website\",\"url\":\"https:\/\/nationalcablespecialists.ca\/fr\/\",\"name\":\"National Cable Specialists\",\"description\":\"\",\"publisher\":{\"@id\":\"https:\/\/nationalcablespecialists.ca\/fr\/#organization\"},\"potentialAction\":[{\"@type\":\"SearchAction\",\"target\":{\"@type\":\"EntryPoint\",\"urlTemplate\":\"https:\/\/nationalcablespecialists.ca\/fr\/?s={search_term_string}\"},\"query-input\":{\"@type\":\"PropertyValueSpecification\",\"valueRequired\":true,\"valueName\":\"search_term_string\"}}],\"inLanguage\":\"fr-FR\"},{\"@type\":\"Organization\",\"@id\":\"https:\/\/nationalcablespecialists.ca\/fr\/#organization\",\"name\":\"National Cable Specialists\",\"url\":\"https:\/\/nationalcablespecialists.ca\/fr\/\",\"logo\":{\"@type\":\"ImageObject\",\"inLanguage\":\"fr-FR\",\"@id\":\"https:\/\/nationalcablespecialists.ca\/fr\/#\/schema\/logo\/image\/\",\"url\":\"https:\/\/nationalcablespecialists.ca\/wp-content\/uploads\/2023\/01\/NCS_Lrg_Logo.png\",\"contentUrl\":\"https:\/\/nationalcablespecialists.ca\/wp-content\/uploads\/2023\/01\/NCS_Lrg_Logo.png\",\"width\":1600,\"height\":840,\"caption\":\"National Cable Specialists\"},\"image\":{\"@id\":\"https:\/\/nationalcablespecialists.ca\/fr\/#\/schema\/logo\/image\/\"}}]}<\/script>\n<!-- \/ Yoast SEO plugin. -->","yoast_head_json":{"title":"C\u00e2ble de commande flexible - National Cable Specialists","description":"National Cable Specialists carries a selection of C\u00e2ble de commande flexible for sale. Visit our website to learn more information.","robots":{"index":"index","follow":"follow","max-snippet":"max-snippet:-1","max-image-preview":"max-image-preview:large","max-video-preview":"max-video-preview:-1"},"canonical":"https:\/\/nationalcablespecialists.ca\/fr\/produit\/cable-de-commande-flexible\/","og_locale":"fr_FR","og_type":"article","og_title":"C\u00e2ble de commande flexible - National Cable Specialists","og_description":"National Cable Specialists carries a selection of C\u00e2ble de commande flexible for sale. Visit our website to learn more information.","og_url":"https:\/\/nationalcablespecialists.ca\/fr\/produit\/cable-de-commande-flexible\/","og_site_name":"National Cable Specialists","og_image":[{"width":500,"height":500,"url":"https:\/\/nationalcablespecialists.ca\/wp-content\/uploads\/2023\/09\/Olflex_grey_500px-2.jpg","type":"image\/jpeg"}],"twitter_card":"summary_large_image","twitter_misc":{"Dur\u00e9e de lecture estim\u00e9e":"1 minute"},"schema":{"@context":"https:\/\/schema.org","@graph":[{"@type":"WebPage","@id":"https:\/\/nationalcablespecialists.ca\/fr\/produit\/cable-de-commande-flexible\/","url":"https:\/\/nationalcablespecialists.ca\/fr\/produit\/cable-de-commande-flexible\/","name":"C\u00e2ble de commande flexible - National Cable Specialists","isPartOf":{"@id":"https:\/\/nationalcablespecialists.ca\/fr\/#website"},"primaryImageOfPage":{"@id":"https:\/\/nationalcablespecialists.ca\/fr\/produit\/cable-de-commande-flexible\/#primaryimage"},"image":{"@id":"https:\/\/nationalcablespecialists.ca\/fr\/produit\/cable-de-commande-flexible\/#primaryimage"},"thumbnailUrl":"https:\/\/nationalcablespecialists.ca\/wp-content\/uploads\/2023\/09\/Olflex_grey_500px-2.jpg","datePublished":"2023-09-15T21:05:55+00:00","description":"National Cable Specialists carries a selection of C\u00e2ble de commande flexible for sale. Visit our website to learn more information.","breadcrumb":{"@id":"https:\/\/nationalcablespecialists.ca\/fr\/produit\/cable-de-commande-flexible\/#breadcrumb"},"inLanguage":"fr-FR","potentialAction":[{"@type":"ReadAction","target":["https:\/\/nationalcablespecialists.ca\/fr\/produit\/cable-de-commande-flexible\/"]}]},{"@type":"ImageObject","inLanguage":"fr-FR","@id":"https:\/\/nationalcablespecialists.ca\/fr\/produit\/cable-de-commande-flexible\/#primaryimage","url":"https:\/\/nationalcablespecialists.ca\/wp-content\/uploads\/2023\/09\/Olflex_grey_500px-2.jpg","contentUrl":"https:\/\/nationalcablespecialists.ca\/wp-content\/uploads\/2023\/09\/Olflex_grey_500px-2.jpg","width":500,"height":500,"caption":"Olflex grey"},{"@type":"BreadcrumbList","@id":"https:\/\/nationalcablespecialists.ca\/fr\/produit\/cable-de-commande-flexible\/#breadcrumb","itemListElement":[{"@type":"ListItem","position":1,"name":"Produits","item":"https:\/\/nationalcablespecialists.ca\/our-products\/"},{"@type":"ListItem","position":2,"name":"C\u00e2ble de commande flexible"}]},{"@type":"WebSite","@id":"https:\/\/nationalcablespecialists.ca\/fr\/#website","url":"https:\/\/nationalcablespecialists.ca\/fr\/","name":"National Cable Specialists","description":"","publisher":{"@id":"https:\/\/nationalcablespecialists.ca\/fr\/#organization"},"potentialAction":[{"@type":"SearchAction","target":{"@type":"EntryPoint","urlTemplate":"https:\/\/nationalcablespecialists.ca\/fr\/?s={search_term_string}"},"query-input":{"@type":"PropertyValueSpecification","valueRequired":true,"valueName":"search_term_string"}}],"inLanguage":"fr-FR"},{"@type":"Organization","@id":"https:\/\/nationalcablespecialists.ca\/fr\/#organization","name":"National Cable Specialists","url":"https:\/\/nationalcablespecialists.ca\/fr\/","logo":{"@type":"ImageObject","inLanguage":"fr-FR","@id":"https:\/\/nationalcablespecialists.ca\/fr\/#\/schema\/logo\/image\/","url":"https:\/\/nationalcablespecialists.ca\/wp-content\/uploads\/2023\/01\/NCS_Lrg_Logo.png","contentUrl":"https:\/\/nationalcablespecialists.ca\/wp-content\/uploads\/2023\/01\/NCS_Lrg_Logo.png","width":1600,"height":840,"caption":"National Cable Specialists"},"image":{"@id":"https:\/\/nationalcablespecialists.ca\/fr\/#\/schema\/logo\/image\/"}}]}},"_links":{"self":[{"href":"https:\/\/nationalcablespecialists.ca\/fr\/wp-json\/wp\/v2\/product\/24347","targetHints":{"allow":["GET"]}}],"collection":[{"href":"https:\/\/nationalcablespecialists.ca\/fr\/wp-json\/wp\/v2\/product"}],"about":[{"href":"https:\/\/nationalcablespecialists.ca\/fr\/wp-json\/wp\/v2\/types\/product"}],"replies":[{"embeddable":true,"href":"https:\/\/nationalcablespecialists.ca\/fr\/wp-json\/wp\/v2\/comments?post=24347"}],"wp:featuredmedia":[{"embeddable":true,"href":"https:\/\/nationalcablespecialists.ca\/fr\/wp-json\/wp\/v2\/media\/18980"}],"wp:attachment":[{"href":"https:\/\/nationalcablespecialists.ca\/fr\/wp-json\/wp\/v2\/media?parent=24347"}],"wp:term":[{"taxonomy":"product_brand","embeddable":true,"href":"https:\/\/nationalcablespecialists.ca\/fr\/wp-json\/wp\/v2\/product_brand?post=24347"},{"taxonomy":"product_cat","embeddable":true,"href":"https:\/\/nationalcablespecialists.ca\/fr\/wp-json\/wp\/v2\/product_cat?post=24347"},{"taxonomy":"product_tag","embeddable":true,"href":"https:\/\/nationalcablespecialists.ca\/fr\/wp-json\/wp\/v2\/product_tag?post=24347"},{"taxonomy":"application","embeddable":true,"href":"https:\/\/nationalcablespecialists.ca\/fr\/wp-json\/wp\/v2\/application?post=24347"},{"taxonomy":"voltage-rating","embeddable":true,"href":"https:\/\/nationalcablespecialists.ca\/fr\/wp-json\/wp\/v2\/voltage-rating?post=24347"},{"taxonomy":"jacket-material","embeddable":true,"href":"https:\/\/nationalcablespecialists.ca\/fr\/wp-json\/wp\/v2\/jacket-material?post=24347"},{"taxonomy":"insulation-material","embeddable":true,"href":"https:\/\/nationalcablespecialists.ca\/fr\/wp-json\/wp\/v2\/insulation-material?post=24347"},{"taxonomy":"conductor-material","embeddable":true,"href":"https:\/\/nationalcablespecialists.ca\/fr\/wp-json\/wp\/v2\/conductor-material?post=24347"},{"taxonomy":"wire-gauge","embeddable":true,"href":"https:\/\/nationalcablespecialists.ca\/fr\/wp-json\/wp\/v2\/wire-gauge?post=24347"},{"taxonomy":"conductor","embeddable":true,"href":"https:\/\/nationalcablespecialists.ca\/fr\/wp-json\/wp\/v2\/conductor?post=24347"}],"curies":[{"name":"wp","href":"https:\/\/api.w.org\/{rel}","templated":true}]}}