{"id":24133,"date":"2023-09-15T14:11:02","date_gmt":"2023-09-15T21:11:02","guid":{"rendered":"https:\/\/nationalcablespecialists.ca\/product\/quatre-conducteurs-teck-90-1kv-xlpe-aia\/"},"modified":"2024-01-23T17:15:55","modified_gmt":"2024-01-24T01:15:55","slug":"quatre-conducteurs-teck-90-1kv-xlpe-aia","status":"publish","type":"product","link":"https:\/\/nationalcablespecialists.ca\/fr\/produit\/quatre-conducteurs-teck-90-1kv-xlpe-aia\/","title":{"rendered":"Quatre conducteurs Teck 90 1KV XLPE AIA"},"content":{"rendered":"<p><strong>Conducteur<\/strong> 14 AWG. Jusqu\u2019\u00e0 10 AWG. rond concentrique classe \u00ab&nbsp;B&nbsp;\u00bb cuivre toronn\u00e9 \/ 8 AWG. jusqu\u2019\u00e0 600 kcmil. Cuivre toronn\u00e9 compact rond concentrique classe \u00ab&nbsp;B&nbsp;\u00bb<br \/>\n<strong>Armure<\/strong> Armure imbriqu\u00e9e en aluminium<br \/>\n<strong>Isolation<\/strong> Poly\u00e9thyl\u00e8ne r\u00e9ticul\u00e9 (XLPE) Type RW90<br \/>\n<strong>Temp\u00e9rature<\/strong> -40\u00b0C \u00e0 +90\u00b0C<br \/>\nTension 1000V<br \/>\nVeste int\u00e9rieure Polychlorure de vinyle (PVC), noir<br \/>\nVeste ext\u00e9rieure Polychlorure de vinyle (PVC) \u00e0 faible teneur en gaz acide, ignifuge, r\u00e9sistant \u00e0 l\u2019humidit\u00e9 et \u00e0 la lumi\u00e8re du soleil, noir<br \/>\n<strong>Applications<\/strong> Peut \u00eatre directement enterr\u00e9, install\u00e9 dans les chemins de c\u00e2bles, y compris les chemins de c\u00e2bles dans des environnements humides ou secs. Le c\u00e2ble convient \u00e0 une utilisation dans des applications expos\u00e9es \u00e0 l\u2019ext\u00e9rieur et est con\u00e7u pour les endroits humides ou secs dans des environnements \u00e0 -40 \u00b0C (-40 \u00b0F).<br \/>\n<strong>Approbations<\/strong> Conformit\u00e9 de l\u2019industrie : Normes CSA C22.2 n\u00b0 131, n\u00b0 38 et n\u00b0 2256<br \/>\nConformit\u00e9 aux tests de flamme RoHS : CSA FT4 Hazardous Location<br \/>\nSUN RES (gaine ext\u00e9rieure) SUN RES sur gaine int\u00e9rieure et conducteur isol\u00e9 disponible sur demande<br \/>\nGaz acide \u00e0 enfouissement direct : CSA AG14<br \/>\n<strong>Code couleur<\/strong> Noir, rouge, bleu, blanc<\/p>\n","protected":false},"excerpt":{"rendered":"<p>Conducteur 14 AWG. Jusqu\u2019\u00e0 10 AWG. rond concentrique classe \u00ab&nbsp;B&nbsp;\u00bb cuivre toronn\u00e9 \/ 8 AWG. jusqu\u2019\u00e0 600 kcmil. Cuivre toronn\u00e9 compact rond concentrique classe \u00ab&nbsp;B&nbsp;\u00bb Armure Armure imbriqu\u00e9e en aluminium Isolation Poly\u00e9thyl\u00e8ne r\u00e9ticul\u00e9 (XLPE) Type RW90 Temp\u00e9rature -40\u00b0C \u00e0 +90\u00b0C Tension 1000V Veste int\u00e9rieure Polychlorure de vinyle (PVC), noir Veste ext\u00e9rieure Polychlorure de vinyle (PVC) [&hellip;]<\/p>\n","protected":false},"featured_media":19530,"comment_status":"open","ping_status":"closed","template":"","meta":{"_acf_changed":false},"product_brand":[],"product_cat":[1011],"product_tag":[1012],"application":[736],"voltage-rating":[961],"jacket-material":[694],"insulation-material":[840],"conductor-material":[685],"wire-gauge":[770,766,677,676,675,765,767,980,1006,768,979,987,764,769,986,981,763,977,762],"conductor":[680],"class_list":{"0":"post-24133","1":"product","2":"type-product","3":"status-publish","4":"has-post-thumbnail","6":"product_cat-cable-teck","7":"product_tag-par-teck90","8":"application-enterrement-direct","9":"voltage-rating-1000v-fr","10":"jacket-material-chlorure-de-polyvinyle","11":"insulation-material-xlpe-fr","12":"conductor-material-cuivre-nu-toronne","13":"wire-gauge-1-awg-fr","14":"wire-gauge-1-0-awg-fr","15":"wire-gauge-10-awg-fr","16":"wire-gauge-12-awg-fr","17":"wire-gauge-14-awg-fr","18":"wire-gauge-2-awg-fr","19":"wire-gauge-2-0-awg-fr","20":"wire-gauge-250-fr","21":"wire-gauge-3-awg-fr","22":"wire-gauge-3-0-awg-fr","23":"wire-gauge-300-fr","24":"wire-gauge-350-fr","25":"wire-gauge-4-awg-fr","26":"wire-gauge-4-0-awg-fr","27":"wire-gauge-400-fr","28":"wire-gauge-500-fr","29":"wire-gauge-6-awg-fr","30":"wire-gauge-750-fr","31":"wire-gauge-8-awg-fr","32":"conductor-4-fr","34":"first","35":"instock","36":"shipping-taxable","37":"purchasable","38":"product-type-variable"},"acf":[],"yoast_head":"<!-- This site is optimized with the Yoast SEO plugin v26.2 - https:\/\/yoast.com\/wordpress\/plugins\/seo\/ -->\n<title>Quatre conducteurs Teck 90 1KV XLPE AIA - National Cable Specialists<\/title>\n<meta name=\"description\" content=\"National Cable Specialists carries a selection of Quatre conducteurs Teck 90 1KV XLPE AIA for sale. Visit our website to learn more information.\" \/>\n<meta name=\"robots\" content=\"index, follow, max-snippet:-1, max-image-preview:large, max-video-preview:-1\" \/>\n<link rel=\"canonical\" href=\"https:\/\/nationalcablespecialists.ca\/fr\/produit\/quatre-conducteurs-teck-90-1kv-xlpe-aia\/\" \/>\n<meta property=\"og:locale\" content=\"fr_FR\" \/>\n<meta property=\"og:type\" content=\"article\" \/>\n<meta property=\"og:title\" content=\"Quatre conducteurs Teck 90 1KV XLPE AIA - National Cable Specialists\" \/>\n<meta property=\"og:description\" content=\"National Cable Specialists carries a selection of Quatre conducteurs Teck 90 1KV XLPE AIA for sale. Visit our website to learn more information.\" \/>\n<meta property=\"og:url\" content=\"https:\/\/nationalcablespecialists.ca\/fr\/produit\/quatre-conducteurs-teck-90-1kv-xlpe-aia\/\" \/>\n<meta property=\"og:site_name\" content=\"National Cable Specialists\" \/>\n<meta property=\"article:modified_time\" content=\"2024-01-24T01:15:55+00:00\" \/>\n<meta property=\"og:image\" content=\"https:\/\/nationalcablespecialists.ca\/wp-content\/uploads\/2023\/09\/Teck-600-4c_500px-2.jpg\" \/>\n\t<meta property=\"og:image:width\" content=\"500\" \/>\n\t<meta property=\"og:image:height\" content=\"500\" \/>\n\t<meta property=\"og:image:type\" content=\"image\/jpeg\" \/>\n<meta name=\"twitter:card\" content=\"summary_large_image\" \/>\n<meta name=\"twitter:label1\" content=\"Dur\u00e9e de lecture estim\u00e9e\" \/>\n\t<meta name=\"twitter:data1\" content=\"1 minute\" \/>\n<script type=\"application\/ld+json\" class=\"yoast-schema-graph\">{\"@context\":\"https:\/\/schema.org\",\"@graph\":[{\"@type\":\"WebPage\",\"@id\":\"https:\/\/nationalcablespecialists.ca\/fr\/produit\/quatre-conducteurs-teck-90-1kv-xlpe-aia\/\",\"url\":\"https:\/\/nationalcablespecialists.ca\/fr\/produit\/quatre-conducteurs-teck-90-1kv-xlpe-aia\/\",\"name\":\"Quatre conducteurs Teck 90 1KV XLPE AIA - National Cable Specialists\",\"isPartOf\":{\"@id\":\"https:\/\/nationalcablespecialists.ca\/fr\/#website\"},\"primaryImageOfPage\":{\"@id\":\"https:\/\/nationalcablespecialists.ca\/fr\/produit\/quatre-conducteurs-teck-90-1kv-xlpe-aia\/#primaryimage\"},\"image\":{\"@id\":\"https:\/\/nationalcablespecialists.ca\/fr\/produit\/quatre-conducteurs-teck-90-1kv-xlpe-aia\/#primaryimage\"},\"thumbnailUrl\":\"https:\/\/nationalcablespecialists.ca\/wp-content\/uploads\/2023\/09\/Teck-600-4c_500px-2.jpg\",\"datePublished\":\"2023-09-15T21:11:02+00:00\",\"dateModified\":\"2024-01-24T01:15:55+00:00\",\"description\":\"National Cable Specialists carries a selection of Quatre conducteurs Teck 90 1KV XLPE AIA for sale. Visit our website to learn more information.\",\"breadcrumb\":{\"@id\":\"https:\/\/nationalcablespecialists.ca\/fr\/produit\/quatre-conducteurs-teck-90-1kv-xlpe-aia\/#breadcrumb\"},\"inLanguage\":\"fr-FR\",\"potentialAction\":[{\"@type\":\"ReadAction\",\"target\":[\"https:\/\/nationalcablespecialists.ca\/fr\/produit\/quatre-conducteurs-teck-90-1kv-xlpe-aia\/\"]}]},{\"@type\":\"ImageObject\",\"inLanguage\":\"fr-FR\",\"@id\":\"https:\/\/nationalcablespecialists.ca\/fr\/produit\/quatre-conducteurs-teck-90-1kv-xlpe-aia\/#primaryimage\",\"url\":\"https:\/\/nationalcablespecialists.ca\/wp-content\/uploads\/2023\/09\/Teck-600-4c_500px-2.jpg\",\"contentUrl\":\"https:\/\/nationalcablespecialists.ca\/wp-content\/uploads\/2023\/09\/Teck-600-4c_500px-2.jpg\",\"width\":500,\"height\":500,\"caption\":\"Teck 600 4c\"},{\"@type\":\"BreadcrumbList\",\"@id\":\"https:\/\/nationalcablespecialists.ca\/fr\/produit\/quatre-conducteurs-teck-90-1kv-xlpe-aia\/#breadcrumb\",\"itemListElement\":[{\"@type\":\"ListItem\",\"position\":1,\"name\":\"Produits\",\"item\":\"https:\/\/nationalcablespecialists.ca\/our-products\/\"},{\"@type\":\"ListItem\",\"position\":2,\"name\":\"Quatre conducteurs Teck 90 1KV XLPE AIA\"}]},{\"@type\":\"WebSite\",\"@id\":\"https:\/\/nationalcablespecialists.ca\/fr\/#website\",\"url\":\"https:\/\/nationalcablespecialists.ca\/fr\/\",\"name\":\"National Cable Specialists\",\"description\":\"\",\"publisher\":{\"@id\":\"https:\/\/nationalcablespecialists.ca\/fr\/#organization\"},\"potentialAction\":[{\"@type\":\"SearchAction\",\"target\":{\"@type\":\"EntryPoint\",\"urlTemplate\":\"https:\/\/nationalcablespecialists.ca\/fr\/?s={search_term_string}\"},\"query-input\":{\"@type\":\"PropertyValueSpecification\",\"valueRequired\":true,\"valueName\":\"search_term_string\"}}],\"inLanguage\":\"fr-FR\"},{\"@type\":\"Organization\",\"@id\":\"https:\/\/nationalcablespecialists.ca\/fr\/#organization\",\"name\":\"National Cable Specialists\",\"url\":\"https:\/\/nationalcablespecialists.ca\/fr\/\",\"logo\":{\"@type\":\"ImageObject\",\"inLanguage\":\"fr-FR\",\"@id\":\"https:\/\/nationalcablespecialists.ca\/fr\/#\/schema\/logo\/image\/\",\"url\":\"https:\/\/nationalcablespecialists.ca\/wp-content\/uploads\/2023\/01\/NCS_Lrg_Logo.png\",\"contentUrl\":\"https:\/\/nationalcablespecialists.ca\/wp-content\/uploads\/2023\/01\/NCS_Lrg_Logo.png\",\"width\":1600,\"height\":840,\"caption\":\"National Cable Specialists\"},\"image\":{\"@id\":\"https:\/\/nationalcablespecialists.ca\/fr\/#\/schema\/logo\/image\/\"}}]}<\/script>\n<!-- \/ Yoast SEO plugin. -->","yoast_head_json":{"title":"Quatre conducteurs Teck 90 1KV XLPE AIA - National Cable Specialists","description":"National Cable Specialists carries a selection of Quatre conducteurs Teck 90 1KV XLPE AIA for sale. Visit our website to learn more information.","robots":{"index":"index","follow":"follow","max-snippet":"max-snippet:-1","max-image-preview":"max-image-preview:large","max-video-preview":"max-video-preview:-1"},"canonical":"https:\/\/nationalcablespecialists.ca\/fr\/produit\/quatre-conducteurs-teck-90-1kv-xlpe-aia\/","og_locale":"fr_FR","og_type":"article","og_title":"Quatre conducteurs Teck 90 1KV XLPE AIA - National Cable Specialists","og_description":"National Cable Specialists carries a selection of Quatre conducteurs Teck 90 1KV XLPE AIA for sale. Visit our website to learn more information.","og_url":"https:\/\/nationalcablespecialists.ca\/fr\/produit\/quatre-conducteurs-teck-90-1kv-xlpe-aia\/","og_site_name":"National Cable Specialists","article_modified_time":"2024-01-24T01:15:55+00:00","og_image":[{"width":500,"height":500,"url":"https:\/\/nationalcablespecialists.ca\/wp-content\/uploads\/2023\/09\/Teck-600-4c_500px-2.jpg","type":"image\/jpeg"}],"twitter_card":"summary_large_image","twitter_misc":{"Dur\u00e9e de lecture estim\u00e9e":"1 minute"},"schema":{"@context":"https:\/\/schema.org","@graph":[{"@type":"WebPage","@id":"https:\/\/nationalcablespecialists.ca\/fr\/produit\/quatre-conducteurs-teck-90-1kv-xlpe-aia\/","url":"https:\/\/nationalcablespecialists.ca\/fr\/produit\/quatre-conducteurs-teck-90-1kv-xlpe-aia\/","name":"Quatre conducteurs Teck 90 1KV XLPE AIA - National Cable Specialists","isPartOf":{"@id":"https:\/\/nationalcablespecialists.ca\/fr\/#website"},"primaryImageOfPage":{"@id":"https:\/\/nationalcablespecialists.ca\/fr\/produit\/quatre-conducteurs-teck-90-1kv-xlpe-aia\/#primaryimage"},"image":{"@id":"https:\/\/nationalcablespecialists.ca\/fr\/produit\/quatre-conducteurs-teck-90-1kv-xlpe-aia\/#primaryimage"},"thumbnailUrl":"https:\/\/nationalcablespecialists.ca\/wp-content\/uploads\/2023\/09\/Teck-600-4c_500px-2.jpg","datePublished":"2023-09-15T21:11:02+00:00","dateModified":"2024-01-24T01:15:55+00:00","description":"National Cable Specialists carries a selection of Quatre conducteurs Teck 90 1KV XLPE AIA for sale. Visit our website to learn more information.","breadcrumb":{"@id":"https:\/\/nationalcablespecialists.ca\/fr\/produit\/quatre-conducteurs-teck-90-1kv-xlpe-aia\/#breadcrumb"},"inLanguage":"fr-FR","potentialAction":[{"@type":"ReadAction","target":["https:\/\/nationalcablespecialists.ca\/fr\/produit\/quatre-conducteurs-teck-90-1kv-xlpe-aia\/"]}]},{"@type":"ImageObject","inLanguage":"fr-FR","@id":"https:\/\/nationalcablespecialists.ca\/fr\/produit\/quatre-conducteurs-teck-90-1kv-xlpe-aia\/#primaryimage","url":"https:\/\/nationalcablespecialists.ca\/wp-content\/uploads\/2023\/09\/Teck-600-4c_500px-2.jpg","contentUrl":"https:\/\/nationalcablespecialists.ca\/wp-content\/uploads\/2023\/09\/Teck-600-4c_500px-2.jpg","width":500,"height":500,"caption":"Teck 600 4c"},{"@type":"BreadcrumbList","@id":"https:\/\/nationalcablespecialists.ca\/fr\/produit\/quatre-conducteurs-teck-90-1kv-xlpe-aia\/#breadcrumb","itemListElement":[{"@type":"ListItem","position":1,"name":"Produits","item":"https:\/\/nationalcablespecialists.ca\/our-products\/"},{"@type":"ListItem","position":2,"name":"Quatre conducteurs Teck 90 1KV XLPE AIA"}]},{"@type":"WebSite","@id":"https:\/\/nationalcablespecialists.ca\/fr\/#website","url":"https:\/\/nationalcablespecialists.ca\/fr\/","name":"National Cable Specialists","description":"","publisher":{"@id":"https:\/\/nationalcablespecialists.ca\/fr\/#organization"},"potentialAction":[{"@type":"SearchAction","target":{"@type":"EntryPoint","urlTemplate":"https:\/\/nationalcablespecialists.ca\/fr\/?s={search_term_string}"},"query-input":{"@type":"PropertyValueSpecification","valueRequired":true,"valueName":"search_term_string"}}],"inLanguage":"fr-FR"},{"@type":"Organization","@id":"https:\/\/nationalcablespecialists.ca\/fr\/#organization","name":"National Cable Specialists","url":"https:\/\/nationalcablespecialists.ca\/fr\/","logo":{"@type":"ImageObject","inLanguage":"fr-FR","@id":"https:\/\/nationalcablespecialists.ca\/fr\/#\/schema\/logo\/image\/","url":"https:\/\/nationalcablespecialists.ca\/wp-content\/uploads\/2023\/01\/NCS_Lrg_Logo.png","contentUrl":"https:\/\/nationalcablespecialists.ca\/wp-content\/uploads\/2023\/01\/NCS_Lrg_Logo.png","width":1600,"height":840,"caption":"National Cable Specialists"},"image":{"@id":"https:\/\/nationalcablespecialists.ca\/fr\/#\/schema\/logo\/image\/"}}]}},"_links":{"self":[{"href":"https:\/\/nationalcablespecialists.ca\/fr\/wp-json\/wp\/v2\/product\/24133","targetHints":{"allow":["GET"]}}],"collection":[{"href":"https:\/\/nationalcablespecialists.ca\/fr\/wp-json\/wp\/v2\/product"}],"about":[{"href":"https:\/\/nationalcablespecialists.ca\/fr\/wp-json\/wp\/v2\/types\/product"}],"replies":[{"embeddable":true,"href":"https:\/\/nationalcablespecialists.ca\/fr\/wp-json\/wp\/v2\/comments?post=24133"}],"wp:featuredmedia":[{"embeddable":true,"href":"https:\/\/nationalcablespecialists.ca\/fr\/wp-json\/wp\/v2\/media\/19530"}],"wp:attachment":[{"href":"https:\/\/nationalcablespecialists.ca\/fr\/wp-json\/wp\/v2\/media?parent=24133"}],"wp:term":[{"taxonomy":"product_brand","embeddable":true,"href":"https:\/\/nationalcablespecialists.ca\/fr\/wp-json\/wp\/v2\/product_brand?post=24133"},{"taxonomy":"product_cat","embeddable":true,"href":"https:\/\/nationalcablespecialists.ca\/fr\/wp-json\/wp\/v2\/product_cat?post=24133"},{"taxonomy":"product_tag","embeddable":true,"href":"https:\/\/nationalcablespecialists.ca\/fr\/wp-json\/wp\/v2\/product_tag?post=24133"},{"taxonomy":"application","embeddable":true,"href":"https:\/\/nationalcablespecialists.ca\/fr\/wp-json\/wp\/v2\/application?post=24133"},{"taxonomy":"voltage-rating","embeddable":true,"href":"https:\/\/nationalcablespecialists.ca\/fr\/wp-json\/wp\/v2\/voltage-rating?post=24133"},{"taxonomy":"jacket-material","embeddable":true,"href":"https:\/\/nationalcablespecialists.ca\/fr\/wp-json\/wp\/v2\/jacket-material?post=24133"},{"taxonomy":"insulation-material","embeddable":true,"href":"https:\/\/nationalcablespecialists.ca\/fr\/wp-json\/wp\/v2\/insulation-material?post=24133"},{"taxonomy":"conductor-material","embeddable":true,"href":"https:\/\/nationalcablespecialists.ca\/fr\/wp-json\/wp\/v2\/conductor-material?post=24133"},{"taxonomy":"wire-gauge","embeddable":true,"href":"https:\/\/nationalcablespecialists.ca\/fr\/wp-json\/wp\/v2\/wire-gauge?post=24133"},{"taxonomy":"conductor","embeddable":true,"href":"https:\/\/nationalcablespecialists.ca\/fr\/wp-json\/wp\/v2\/conductor?post=24133"}],"curies":[{"name":"wp","href":"https:\/\/api.w.org\/{rel}","templated":true}]}}