{"id":24118,"date":"2023-09-15T14:14:40","date_gmt":"2023-09-15T21:14:40","guid":{"rendered":"https:\/\/nationalcablespecialists.ca\/product\/trois-conducteurs-teck-90-xlpe-15kv-133\/"},"modified":"2024-01-23T17:15:46","modified_gmt":"2024-01-24T01:15:46","slug":"trois-conducteurs-teck-90-xlpe-15kv-133","status":"publish","type":"product","link":"https:\/\/nationalcablespecialists.ca\/fr\/produit\/trois-conducteurs-teck-90-xlpe-15kv-133\/","title":{"rendered":"Trois conducteurs Teck 90 (XLPE) 15KV 133%"},"content":{"rendered":"<p><strong>Conducteur<\/strong> Brin compact de classe B en cuivre nu<br \/>\n<strong>Armure<\/strong> Armure imbriqu\u00e9e en aluminium<br \/>\n<strong>Isolation<\/strong> Poly\u00e9thyl\u00e8ne r\u00e9ticul\u00e9 (XLPE)<br \/>\n<strong>Temp\u00e9rature<\/strong> -40\u00b0C \u00e0 +90\u00b0C humide<br \/>\n<strong>Tension<\/strong> 15KV<br \/>\n<strong>Veste int\u00e9rieure<\/strong> Polychlorure de vinyle (PVC), noir<br \/>\n<strong>Veste ext\u00e9rieure<\/strong> Polychlorure de vinyle (PVC), rouge<br \/>\n<strong>Bouclier<\/strong> Couche thermodurcissable semi-conductrice, appliqu\u00e9e dans un processus de triple extrusion, plus un ruban de cuivre \u00e9cart\u00e9 appliqu\u00e9 en h\u00e9lice.<br \/>\n<strong>Terre<\/strong> Un conducteur en cuivre nu toronn\u00e9 non isol\u00e9<br \/>\n<strong>Applications<\/strong> Le c\u00e2ble peut \u00eatre directement enterr\u00e9, install\u00e9 dans les chemins de c\u00e2bles, y compris le chemin de c\u00e2bles dans des environnements humides ou secs. Le c\u00e2ble convient \u00e0 une utilisation dans des applications expos\u00e9es \u00e0 l\u2019ext\u00e9rieur et est con\u00e7u pour les endroits humides ou secs dans des environnements \u00e0 -40 \u00b0C (-40 \u00b0F).<br \/>\n<strong>Approbations<\/strong> Conformit\u00e9 de l\u2019industrie : Norme CSA C68.10<br \/>\nConformit\u00e9 aux essais de flamme : CSA FT1 et FT4 IEEE 383 et 1202 (70 000 BTU\/h), UL 1581 (70 000 BTU\/h), ICEA<br \/>\nT-30-520 (70 000 BTU\/h) et T-29-520 (210 000 BTU\/h)<br \/>\nAutres conformit\u00e9s : Hazardous Location Rating HL, EA 40 CFR, Part 261 pour la teneur en plomb lixiviable selon TCLP<br \/>\nm\u00e9thode, OSHA Acceptable, Conforme RoHS<br \/>\n<strong>Code couleur<\/strong> Ruban de couleur noire, rouge ou bleue plac\u00e9 longitudinalement sous le blindage du ruban de cuivre<\/p>\n","protected":false},"excerpt":{"rendered":"<p>Conducteur Brin compact de classe B en cuivre nu Armure Armure imbriqu\u00e9e en aluminium Isolation Poly\u00e9thyl\u00e8ne r\u00e9ticul\u00e9 (XLPE) Temp\u00e9rature -40\u00b0C \u00e0 +90\u00b0C humide Tension 15KV Veste int\u00e9rieure Polychlorure de vinyle (PVC), noir Veste ext\u00e9rieure Polychlorure de vinyle (PVC), rouge Bouclier Couche thermodurcissable semi-conductrice, appliqu\u00e9e dans un processus de triple extrusion, plus un ruban de cuivre [&hellip;]<\/p>\n","protected":false},"featured_media":19904,"comment_status":"open","ping_status":"closed","template":"","meta":{"_acf_changed":false},"product_brand":[],"product_cat":[1011],"product_tag":[1019,1012],"application":[736],"voltage-rating":[1020],"jacket-material":[694],"insulation-material":[840],"conductor-material":[685],"wire-gauge":[770,766,767,980,768,979,987,769,986,981],"conductor":[678],"class_list":{"0":"post-24118","1":"product","2":"type-product","3":"status-publish","4":"has-post-thumbnail","6":"product_cat-cable-teck","7":"product_tag-15kv-fr","8":"product_tag-par-teck90","9":"application-enterrement-direct","10":"voltage-rating-15kv-fr","11":"jacket-material-chlorure-de-polyvinyle","12":"insulation-material-xlpe-fr","13":"conductor-material-cuivre-nu-toronne","14":"wire-gauge-1-awg-fr","15":"wire-gauge-1-0-awg-fr","16":"wire-gauge-2-0-awg-fr","17":"wire-gauge-250-fr","18":"wire-gauge-3-0-awg-fr","19":"wire-gauge-300-fr","20":"wire-gauge-350-fr","21":"wire-gauge-4-0-awg-fr","22":"wire-gauge-400-fr","23":"wire-gauge-500-fr","24":"conductor-3-fr","26":"first","27":"instock","28":"shipping-taxable","29":"purchasable","30":"product-type-variable"},"acf":[],"yoast_head":"<!-- This site is optimized with the Yoast SEO plugin v27.5 - https:\/\/yoast.com\/product\/yoast-seo-wordpress\/ -->\n<title>Trois conducteurs Teck 90 (XLPE) 15KV 133% - National Cable Specialists<\/title>\n<meta name=\"description\" content=\"National Cable Specialists carries a selection of Trois conducteurs Teck 90 (XLPE) 15KV 133% for sale. Visit our website to learn more information.\" \/>\n<meta name=\"robots\" content=\"index, follow, max-snippet:-1, max-image-preview:large, max-video-preview:-1\" \/>\n<link rel=\"canonical\" href=\"https:\/\/nationalcablespecialists.ca\/fr\/produit\/trois-conducteurs-teck-90-xlpe-15kv-133\/\" \/>\n<meta property=\"og:locale\" content=\"fr_FR\" \/>\n<meta property=\"og:type\" content=\"article\" \/>\n<meta property=\"og:title\" content=\"Trois conducteurs Teck 90 (XLPE) 15KV 133% - National Cable Specialists\" \/>\n<meta property=\"og:description\" content=\"National Cable Specialists carries a selection of Trois conducteurs Teck 90 (XLPE) 15KV 133% for sale. Visit our website to learn more information.\" \/>\n<meta property=\"og:url\" content=\"https:\/\/nationalcablespecialists.ca\/fr\/produit\/trois-conducteurs-teck-90-xlpe-15kv-133\/\" \/>\n<meta property=\"og:site_name\" content=\"National Cable Specialists\" \/>\n<meta property=\"article:modified_time\" content=\"2024-01-24T01:15:46+00:00\" \/>\n<meta property=\"og:image\" content=\"https:\/\/nationalcablespecialists.ca\/wp-content\/uploads\/2023\/09\/Teck-15KV-3c-Sh_500px-3.jpg\" \/>\n\t<meta property=\"og:image:width\" content=\"500\" \/>\n\t<meta property=\"og:image:height\" content=\"500\" \/>\n\t<meta property=\"og:image:type\" content=\"image\/jpeg\" \/>\n<meta name=\"twitter:card\" content=\"summary_large_image\" \/>\n<meta name=\"twitter:label1\" content=\"Dur\u00e9e de lecture estim\u00e9e\" \/>\n\t<meta name=\"twitter:data1\" content=\"1 minute\" \/>\n<script type=\"application\/ld+json\" class=\"yoast-schema-graph\">{\"@context\":\"https:\\\/\\\/schema.org\",\"@graph\":[{\"@type\":\"WebPage\",\"@id\":\"https:\\\/\\\/nationalcablespecialists.ca\\\/fr\\\/produit\\\/trois-conducteurs-teck-90-xlpe-15kv-133\\\/\",\"url\":\"https:\\\/\\\/nationalcablespecialists.ca\\\/fr\\\/produit\\\/trois-conducteurs-teck-90-xlpe-15kv-133\\\/\",\"name\":\"Trois conducteurs Teck 90 (XLPE) 15KV 133% - National Cable Specialists\",\"isPartOf\":{\"@id\":\"https:\\\/\\\/nationalcablespecialists.ca\\\/fr\\\/#website\"},\"primaryImageOfPage\":{\"@id\":\"https:\\\/\\\/nationalcablespecialists.ca\\\/fr\\\/produit\\\/trois-conducteurs-teck-90-xlpe-15kv-133\\\/#primaryimage\"},\"image\":{\"@id\":\"https:\\\/\\\/nationalcablespecialists.ca\\\/fr\\\/produit\\\/trois-conducteurs-teck-90-xlpe-15kv-133\\\/#primaryimage\"},\"thumbnailUrl\":\"https:\\\/\\\/nationalcablespecialists.ca\\\/wp-content\\\/uploads\\\/2023\\\/09\\\/Teck-15KV-3c-Sh_500px-3.jpg\",\"datePublished\":\"2023-09-15T21:14:40+00:00\",\"dateModified\":\"2024-01-24T01:15:46+00:00\",\"description\":\"National Cable Specialists carries a selection of Trois conducteurs Teck 90 (XLPE) 15KV 133% for sale. Visit our website to learn more information.\",\"breadcrumb\":{\"@id\":\"https:\\\/\\\/nationalcablespecialists.ca\\\/fr\\\/produit\\\/trois-conducteurs-teck-90-xlpe-15kv-133\\\/#breadcrumb\"},\"inLanguage\":\"fr-FR\",\"potentialAction\":[{\"@type\":\"ReadAction\",\"target\":[\"https:\\\/\\\/nationalcablespecialists.ca\\\/fr\\\/produit\\\/trois-conducteurs-teck-90-xlpe-15kv-133\\\/\"]}]},{\"@type\":\"ImageObject\",\"inLanguage\":\"fr-FR\",\"@id\":\"https:\\\/\\\/nationalcablespecialists.ca\\\/fr\\\/produit\\\/trois-conducteurs-teck-90-xlpe-15kv-133\\\/#primaryimage\",\"url\":\"https:\\\/\\\/nationalcablespecialists.ca\\\/wp-content\\\/uploads\\\/2023\\\/09\\\/Teck-15KV-3c-Sh_500px-3.jpg\",\"contentUrl\":\"https:\\\/\\\/nationalcablespecialists.ca\\\/wp-content\\\/uploads\\\/2023\\\/09\\\/Teck-15KV-3c-Sh_500px-3.jpg\",\"width\":500,\"height\":500,\"caption\":\"Teck 15KV 3c Sh\"},{\"@type\":\"BreadcrumbList\",\"@id\":\"https:\\\/\\\/nationalcablespecialists.ca\\\/fr\\\/produit\\\/trois-conducteurs-teck-90-xlpe-15kv-133\\\/#breadcrumb\",\"itemListElement\":[{\"@type\":\"ListItem\",\"position\":1,\"name\":\"Produits\",\"item\":\"https:\\\/\\\/nationalcablespecialists.ca\\\/our-products\\\/\"},{\"@type\":\"ListItem\",\"position\":2,\"name\":\"Trois conducteurs Teck 90 (XLPE) 15KV 133%\"}]},{\"@type\":\"WebSite\",\"@id\":\"https:\\\/\\\/nationalcablespecialists.ca\\\/fr\\\/#website\",\"url\":\"https:\\\/\\\/nationalcablespecialists.ca\\\/fr\\\/\",\"name\":\"National Cable Specialists\",\"description\":\"\",\"publisher\":{\"@id\":\"https:\\\/\\\/nationalcablespecialists.ca\\\/fr\\\/#organization\"},\"potentialAction\":[{\"@type\":\"SearchAction\",\"target\":{\"@type\":\"EntryPoint\",\"urlTemplate\":\"https:\\\/\\\/nationalcablespecialists.ca\\\/fr\\\/?s={search_term_string}\"},\"query-input\":{\"@type\":\"PropertyValueSpecification\",\"valueRequired\":true,\"valueName\":\"search_term_string\"}}],\"inLanguage\":\"fr-FR\"},{\"@type\":\"Organization\",\"@id\":\"https:\\\/\\\/nationalcablespecialists.ca\\\/fr\\\/#organization\",\"name\":\"National Cable Specialists\",\"url\":\"https:\\\/\\\/nationalcablespecialists.ca\\\/fr\\\/\",\"logo\":{\"@type\":\"ImageObject\",\"inLanguage\":\"fr-FR\",\"@id\":\"https:\\\/\\\/nationalcablespecialists.ca\\\/fr\\\/#\\\/schema\\\/logo\\\/image\\\/\",\"url\":\"https:\\\/\\\/nationalcablespecialists.ca\\\/wp-content\\\/uploads\\\/2023\\\/01\\\/NCS_Lrg_Logo.png\",\"contentUrl\":\"https:\\\/\\\/nationalcablespecialists.ca\\\/wp-content\\\/uploads\\\/2023\\\/01\\\/NCS_Lrg_Logo.png\",\"width\":1600,\"height\":840,\"caption\":\"National Cable Specialists\"},\"image\":{\"@id\":\"https:\\\/\\\/nationalcablespecialists.ca\\\/fr\\\/#\\\/schema\\\/logo\\\/image\\\/\"}}]}<\/script>\n<!-- \/ Yoast SEO plugin. -->","yoast_head_json":{"title":"Trois conducteurs Teck 90 (XLPE) 15KV 133% - National Cable Specialists","description":"National Cable Specialists carries a selection of Trois conducteurs Teck 90 (XLPE) 15KV 133% for sale. Visit our website to learn more information.","robots":{"index":"index","follow":"follow","max-snippet":"max-snippet:-1","max-image-preview":"max-image-preview:large","max-video-preview":"max-video-preview:-1"},"canonical":"https:\/\/nationalcablespecialists.ca\/fr\/produit\/trois-conducteurs-teck-90-xlpe-15kv-133\/","og_locale":"fr_FR","og_type":"article","og_title":"Trois conducteurs Teck 90 (XLPE) 15KV 133% - National Cable Specialists","og_description":"National Cable Specialists carries a selection of Trois conducteurs Teck 90 (XLPE) 15KV 133% for sale. Visit our website to learn more information.","og_url":"https:\/\/nationalcablespecialists.ca\/fr\/produit\/trois-conducteurs-teck-90-xlpe-15kv-133\/","og_site_name":"National Cable Specialists","article_modified_time":"2024-01-24T01:15:46+00:00","og_image":[{"width":500,"height":500,"url":"https:\/\/nationalcablespecialists.ca\/wp-content\/uploads\/2023\/09\/Teck-15KV-3c-Sh_500px-3.jpg","type":"image\/jpeg"}],"twitter_card":"summary_large_image","twitter_misc":{"Dur\u00e9e de lecture estim\u00e9e":"1 minute"},"schema":{"@context":"https:\/\/schema.org","@graph":[{"@type":"WebPage","@id":"https:\/\/nationalcablespecialists.ca\/fr\/produit\/trois-conducteurs-teck-90-xlpe-15kv-133\/","url":"https:\/\/nationalcablespecialists.ca\/fr\/produit\/trois-conducteurs-teck-90-xlpe-15kv-133\/","name":"Trois conducteurs Teck 90 (XLPE) 15KV 133% - National Cable Specialists","isPartOf":{"@id":"https:\/\/nationalcablespecialists.ca\/fr\/#website"},"primaryImageOfPage":{"@id":"https:\/\/nationalcablespecialists.ca\/fr\/produit\/trois-conducteurs-teck-90-xlpe-15kv-133\/#primaryimage"},"image":{"@id":"https:\/\/nationalcablespecialists.ca\/fr\/produit\/trois-conducteurs-teck-90-xlpe-15kv-133\/#primaryimage"},"thumbnailUrl":"https:\/\/nationalcablespecialists.ca\/wp-content\/uploads\/2023\/09\/Teck-15KV-3c-Sh_500px-3.jpg","datePublished":"2023-09-15T21:14:40+00:00","dateModified":"2024-01-24T01:15:46+00:00","description":"National Cable Specialists carries a selection of Trois conducteurs Teck 90 (XLPE) 15KV 133% for sale. Visit our website to learn more information.","breadcrumb":{"@id":"https:\/\/nationalcablespecialists.ca\/fr\/produit\/trois-conducteurs-teck-90-xlpe-15kv-133\/#breadcrumb"},"inLanguage":"fr-FR","potentialAction":[{"@type":"ReadAction","target":["https:\/\/nationalcablespecialists.ca\/fr\/produit\/trois-conducteurs-teck-90-xlpe-15kv-133\/"]}]},{"@type":"ImageObject","inLanguage":"fr-FR","@id":"https:\/\/nationalcablespecialists.ca\/fr\/produit\/trois-conducteurs-teck-90-xlpe-15kv-133\/#primaryimage","url":"https:\/\/nationalcablespecialists.ca\/wp-content\/uploads\/2023\/09\/Teck-15KV-3c-Sh_500px-3.jpg","contentUrl":"https:\/\/nationalcablespecialists.ca\/wp-content\/uploads\/2023\/09\/Teck-15KV-3c-Sh_500px-3.jpg","width":500,"height":500,"caption":"Teck 15KV 3c Sh"},{"@type":"BreadcrumbList","@id":"https:\/\/nationalcablespecialists.ca\/fr\/produit\/trois-conducteurs-teck-90-xlpe-15kv-133\/#breadcrumb","itemListElement":[{"@type":"ListItem","position":1,"name":"Produits","item":"https:\/\/nationalcablespecialists.ca\/our-products\/"},{"@type":"ListItem","position":2,"name":"Trois conducteurs Teck 90 (XLPE) 15KV 133%"}]},{"@type":"WebSite","@id":"https:\/\/nationalcablespecialists.ca\/fr\/#website","url":"https:\/\/nationalcablespecialists.ca\/fr\/","name":"National Cable Specialists","description":"","publisher":{"@id":"https:\/\/nationalcablespecialists.ca\/fr\/#organization"},"potentialAction":[{"@type":"SearchAction","target":{"@type":"EntryPoint","urlTemplate":"https:\/\/nationalcablespecialists.ca\/fr\/?s={search_term_string}"},"query-input":{"@type":"PropertyValueSpecification","valueRequired":true,"valueName":"search_term_string"}}],"inLanguage":"fr-FR"},{"@type":"Organization","@id":"https:\/\/nationalcablespecialists.ca\/fr\/#organization","name":"National Cable Specialists","url":"https:\/\/nationalcablespecialists.ca\/fr\/","logo":{"@type":"ImageObject","inLanguage":"fr-FR","@id":"https:\/\/nationalcablespecialists.ca\/fr\/#\/schema\/logo\/image\/","url":"https:\/\/nationalcablespecialists.ca\/wp-content\/uploads\/2023\/01\/NCS_Lrg_Logo.png","contentUrl":"https:\/\/nationalcablespecialists.ca\/wp-content\/uploads\/2023\/01\/NCS_Lrg_Logo.png","width":1600,"height":840,"caption":"National Cable Specialists"},"image":{"@id":"https:\/\/nationalcablespecialists.ca\/fr\/#\/schema\/logo\/image\/"}}]}},"_links":{"self":[{"href":"https:\/\/nationalcablespecialists.ca\/fr\/wp-json\/wp\/v2\/product\/24118","targetHints":{"allow":["GET"]}}],"collection":[{"href":"https:\/\/nationalcablespecialists.ca\/fr\/wp-json\/wp\/v2\/product"}],"about":[{"href":"https:\/\/nationalcablespecialists.ca\/fr\/wp-json\/wp\/v2\/types\/product"}],"replies":[{"embeddable":true,"href":"https:\/\/nationalcablespecialists.ca\/fr\/wp-json\/wp\/v2\/comments?post=24118"}],"wp:featuredmedia":[{"embeddable":true,"href":"https:\/\/nationalcablespecialists.ca\/fr\/wp-json\/wp\/v2\/media\/19904"}],"wp:attachment":[{"href":"https:\/\/nationalcablespecialists.ca\/fr\/wp-json\/wp\/v2\/media?parent=24118"}],"wp:term":[{"taxonomy":"product_brand","embeddable":true,"href":"https:\/\/nationalcablespecialists.ca\/fr\/wp-json\/wp\/v2\/product_brand?post=24118"},{"taxonomy":"product_cat","embeddable":true,"href":"https:\/\/nationalcablespecialists.ca\/fr\/wp-json\/wp\/v2\/product_cat?post=24118"},{"taxonomy":"product_tag","embeddable":true,"href":"https:\/\/nationalcablespecialists.ca\/fr\/wp-json\/wp\/v2\/product_tag?post=24118"},{"taxonomy":"application","embeddable":true,"href":"https:\/\/nationalcablespecialists.ca\/fr\/wp-json\/wp\/v2\/application?post=24118"},{"taxonomy":"voltage-rating","embeddable":true,"href":"https:\/\/nationalcablespecialists.ca\/fr\/wp-json\/wp\/v2\/voltage-rating?post=24118"},{"taxonomy":"jacket-material","embeddable":true,"href":"https:\/\/nationalcablespecialists.ca\/fr\/wp-json\/wp\/v2\/jacket-material?post=24118"},{"taxonomy":"insulation-material","embeddable":true,"href":"https:\/\/nationalcablespecialists.ca\/fr\/wp-json\/wp\/v2\/insulation-material?post=24118"},{"taxonomy":"conductor-material","embeddable":true,"href":"https:\/\/nationalcablespecialists.ca\/fr\/wp-json\/wp\/v2\/conductor-material?post=24118"},{"taxonomy":"wire-gauge","embeddable":true,"href":"https:\/\/nationalcablespecialists.ca\/fr\/wp-json\/wp\/v2\/wire-gauge?post=24118"},{"taxonomy":"conductor","embeddable":true,"href":"https:\/\/nationalcablespecialists.ca\/fr\/wp-json\/wp\/v2\/conductor?post=24118"}],"curies":[{"name":"wp","href":"https:\/\/api.w.org\/{rel}","templated":true}]}}