{"id":24045,"date":"2023-09-15T14:15:01","date_gmt":"2023-09-15T21:15:01","guid":{"rendered":"https:\/\/nationalcablespecialists.ca\/product\/cable-vfd-driverx-a-trois-conducteurs-1000v\/"},"modified":"2025-06-27T14:44:14","modified_gmt":"2025-06-27T21:44:14","slug":"cable-vfd-driverx-a-trois-conducteurs-1000v","status":"publish","type":"product","link":"https:\/\/nationalcablespecialists.ca\/fr\/produit\/cable-vfd-driverx-a-trois-conducteurs-1000v\/","title":{"rendered":"C\u00e2ble VFD DriveRx\u00ae \u00e0 trois conducteurs + 1000V"},"content":{"rendered":"<p><strong>Conducteur<\/strong> Cuivre nu toronn\u00e9<br \/>\n<strong>Isolation<\/strong> XLPE<br \/>\n<strong>Couleur de la veste<\/strong> Noir<br \/>\n<strong>Armure<\/strong> Gaine continue en aluminium<br \/>\n<strong>Temp\u00e9rature<\/strong> 90\u00baC \u00e0 -40\u00baC.<br \/>\n<strong>Application<\/strong> Le c\u00e2ble Nexans DriveRx\u00ae est recommand\u00e9 pour les installations industrielles, commerciales et de services publics, y compris les zones humides ext\u00e9rieures. DriveRx\u00ae peut \u00eatre install\u00e9 dans un plateau, un conduit ou enterr\u00e9 directement, attach\u00e9 aux murs ou mont\u00e9 en surface. Bien que DriveRx puisse \u00eatre install\u00e9 dans un plateau ou un conduit, une protection m\u00e9canique n\u2019est PAS n\u00e9cessaire, car DriveRx\u00ae\u00ae est r\u00e9sistant aux chocs et \u00e0 l\u2019\u00e9crasement.<br \/>\n<strong>Approbations<\/strong> CSA C22.2 N\u00b0 123 ; CSA C22.2 N\u00b0 174<br \/>\nR\u00e9sistant aux flammes, \u00e0 l\u2019huile et aux UV.<br \/>\nAutoris\u00e9 pour une utilisation dans des zones dangereuses<\/p>\n","protected":false},"excerpt":{"rendered":"<p>Conducteur Cuivre nu toronn\u00e9 Isolation XLPE Couleur de la veste Noir Armure Gaine continue en aluminium Temp\u00e9rature 90\u00baC \u00e0 -40\u00baC. Application Le c\u00e2ble Nexans DriveRx\u00ae est recommand\u00e9 pour les installations industrielles, commerciales et de services publics, y compris les zones humides ext\u00e9rieures. DriveRx\u00ae peut \u00eatre install\u00e9 dans un plateau, un conduit ou enterr\u00e9 directement, attach\u00e9 [&hellip;]<\/p>\n","protected":false},"featured_media":19936,"comment_status":"open","ping_status":"closed","template":"","meta":{"_acf_changed":false},"product_brand":[],"product_cat":[1011],"product_tag":[1013,1016],"application":[1017],"voltage-rating":[961],"jacket-material":[],"insulation-material":[840],"conductor-material":[685],"wire-gauge":[770,766,677,676,765,767,980,1006,768,987,764,769,981,763,762],"conductor":[678],"class_list":{"0":"post-24045","1":"product","2":"type-product","3":"status-publish","4":"has-post-thumbnail","6":"product_cat-cable-teck","7":"product_tag-driverx-en-anglais-seulement","8":"product_tag-vfd-vfd","9":"application-variateurs-de-frequence","10":"voltage-rating-1000v-fr","11":"insulation-material-xlpe-fr","12":"conductor-material-cuivre-nu-toronne","13":"wire-gauge-1-awg-fr","14":"wire-gauge-1-0-awg-fr","15":"wire-gauge-10-awg-fr","16":"wire-gauge-12-awg-fr","17":"wire-gauge-2-awg-fr","18":"wire-gauge-2-0-awg-fr","19":"wire-gauge-250-fr","20":"wire-gauge-3-awg-fr","21":"wire-gauge-3-0-awg-fr","22":"wire-gauge-350-fr","23":"wire-gauge-4-awg-fr","24":"wire-gauge-4-0-awg-fr","25":"wire-gauge-500-fr","26":"wire-gauge-6-awg-fr","27":"wire-gauge-8-awg-fr","28":"conductor-3-fr","30":"first","31":"instock","32":"shipping-taxable","33":"purchasable","34":"product-type-variable"},"acf":[],"yoast_head":"<!-- This site is optimized with the Yoast SEO plugin v26.2 - https:\/\/yoast.com\/wordpress\/plugins\/seo\/ -->\n<title>C\u00e2ble VFD DriveRx\u00ae \u00e0 trois conducteurs + 1000V - National Cable Specialists<\/title>\n<meta name=\"description\" content=\"National Cable Specialists carries a selection of C\u00e2ble VFD DriveRx\u00ae \u00e0 trois conducteurs + 1000V for sale. Visit our website to learn more information.\" \/>\n<meta name=\"robots\" content=\"index, follow, max-snippet:-1, max-image-preview:large, max-video-preview:-1\" \/>\n<link rel=\"canonical\" href=\"https:\/\/nationalcablespecialists.ca\/fr\/produit\/cable-vfd-driverx-a-trois-conducteurs-1000v\/\" \/>\n<meta property=\"og:locale\" content=\"fr_FR\" \/>\n<meta property=\"og:type\" content=\"article\" \/>\n<meta property=\"og:title\" content=\"C\u00e2ble VFD DriveRx\u00ae \u00e0 trois conducteurs + 1000V - National Cable Specialists\" \/>\n<meta property=\"og:description\" content=\"National Cable Specialists carries a selection of C\u00e2ble VFD DriveRx\u00ae \u00e0 trois conducteurs + 1000V for sale. Visit our website to learn more information.\" \/>\n<meta property=\"og:url\" content=\"https:\/\/nationalcablespecialists.ca\/fr\/produit\/cable-vfd-driverx-a-trois-conducteurs-1000v\/\" \/>\n<meta property=\"og:site_name\" content=\"National Cable Specialists\" \/>\n<meta property=\"article:modified_time\" content=\"2025-06-27T21:44:14+00:00\" \/>\n<meta property=\"og:image\" content=\"https:\/\/nationalcablespecialists.ca\/wp-content\/uploads\/2023\/09\/DriveRX_500px-2.jpg\" \/>\n\t<meta property=\"og:image:width\" content=\"500\" \/>\n\t<meta property=\"og:image:height\" content=\"500\" \/>\n\t<meta property=\"og:image:type\" content=\"image\/jpeg\" \/>\n<meta name=\"twitter:card\" content=\"summary_large_image\" \/>\n<meta name=\"twitter:label1\" content=\"Dur\u00e9e de lecture estim\u00e9e\" \/>\n\t<meta name=\"twitter:data1\" content=\"1 minute\" \/>\n<script type=\"application\/ld+json\" class=\"yoast-schema-graph\">{\"@context\":\"https:\/\/schema.org\",\"@graph\":[{\"@type\":\"WebPage\",\"@id\":\"https:\/\/nationalcablespecialists.ca\/fr\/produit\/cable-vfd-driverx-a-trois-conducteurs-1000v\/\",\"url\":\"https:\/\/nationalcablespecialists.ca\/fr\/produit\/cable-vfd-driverx-a-trois-conducteurs-1000v\/\",\"name\":\"C\u00e2ble VFD DriveRx\u00ae \u00e0 trois conducteurs + 1000V - National Cable Specialists\",\"isPartOf\":{\"@id\":\"https:\/\/nationalcablespecialists.ca\/fr\/#website\"},\"primaryImageOfPage\":{\"@id\":\"https:\/\/nationalcablespecialists.ca\/fr\/produit\/cable-vfd-driverx-a-trois-conducteurs-1000v\/#primaryimage\"},\"image\":{\"@id\":\"https:\/\/nationalcablespecialists.ca\/fr\/produit\/cable-vfd-driverx-a-trois-conducteurs-1000v\/#primaryimage\"},\"thumbnailUrl\":\"https:\/\/nationalcablespecialists.ca\/wp-content\/uploads\/2023\/09\/DriveRX_500px-2.jpg\",\"datePublished\":\"2023-09-15T21:15:01+00:00\",\"dateModified\":\"2025-06-27T21:44:14+00:00\",\"description\":\"National Cable Specialists carries a selection of C\u00e2ble VFD DriveRx\u00ae \u00e0 trois conducteurs + 1000V for sale. Visit our website to learn more information.\",\"breadcrumb\":{\"@id\":\"https:\/\/nationalcablespecialists.ca\/fr\/produit\/cable-vfd-driverx-a-trois-conducteurs-1000v\/#breadcrumb\"},\"inLanguage\":\"fr-FR\",\"potentialAction\":[{\"@type\":\"ReadAction\",\"target\":[\"https:\/\/nationalcablespecialists.ca\/fr\/produit\/cable-vfd-driverx-a-trois-conducteurs-1000v\/\"]}]},{\"@type\":\"ImageObject\",\"inLanguage\":\"fr-FR\",\"@id\":\"https:\/\/nationalcablespecialists.ca\/fr\/produit\/cable-vfd-driverx-a-trois-conducteurs-1000v\/#primaryimage\",\"url\":\"https:\/\/nationalcablespecialists.ca\/wp-content\/uploads\/2023\/09\/DriveRX_500px-2.jpg\",\"contentUrl\":\"https:\/\/nationalcablespecialists.ca\/wp-content\/uploads\/2023\/09\/DriveRX_500px-2.jpg\",\"width\":500,\"height\":500,\"caption\":\"DriverX (en anglais seulement)\"},{\"@type\":\"BreadcrumbList\",\"@id\":\"https:\/\/nationalcablespecialists.ca\/fr\/produit\/cable-vfd-driverx-a-trois-conducteurs-1000v\/#breadcrumb\",\"itemListElement\":[{\"@type\":\"ListItem\",\"position\":1,\"name\":\"Produits\",\"item\":\"https:\/\/nationalcablespecialists.ca\/our-products\/\"},{\"@type\":\"ListItem\",\"position\":2,\"name\":\"Fils et c\u00e2bles \u00e9lectriques\",\"item\":\"https:\/\/nationalcablespecialists.ca\/fr\/categorie-produit\/fils-et-cables-electriques\/\"},{\"@type\":\"ListItem\",\"position\":3,\"name\":\"C\u00e2ble Teck\",\"item\":\"https:\/\/nationalcablespecialists.ca\/fr\/categorie-produit\/fils-et-cables-electriques\/cable-teck\/\"},{\"@type\":\"ListItem\",\"position\":4,\"name\":\"C\u00e2ble VFD DriveRx\u00ae \u00e0 trois conducteurs + 1000V\"}]},{\"@type\":\"WebSite\",\"@id\":\"https:\/\/nationalcablespecialists.ca\/fr\/#website\",\"url\":\"https:\/\/nationalcablespecialists.ca\/fr\/\",\"name\":\"National Cable Specialists\",\"description\":\"\",\"publisher\":{\"@id\":\"https:\/\/nationalcablespecialists.ca\/fr\/#organization\"},\"potentialAction\":[{\"@type\":\"SearchAction\",\"target\":{\"@type\":\"EntryPoint\",\"urlTemplate\":\"https:\/\/nationalcablespecialists.ca\/fr\/?s={search_term_string}\"},\"query-input\":{\"@type\":\"PropertyValueSpecification\",\"valueRequired\":true,\"valueName\":\"search_term_string\"}}],\"inLanguage\":\"fr-FR\"},{\"@type\":\"Organization\",\"@id\":\"https:\/\/nationalcablespecialists.ca\/fr\/#organization\",\"name\":\"National Cable Specialists\",\"url\":\"https:\/\/nationalcablespecialists.ca\/fr\/\",\"logo\":{\"@type\":\"ImageObject\",\"inLanguage\":\"fr-FR\",\"@id\":\"https:\/\/nationalcablespecialists.ca\/fr\/#\/schema\/logo\/image\/\",\"url\":\"https:\/\/nationalcablespecialists.ca\/wp-content\/uploads\/2023\/01\/NCS_Lrg_Logo.png\",\"contentUrl\":\"https:\/\/nationalcablespecialists.ca\/wp-content\/uploads\/2023\/01\/NCS_Lrg_Logo.png\",\"width\":1600,\"height\":840,\"caption\":\"National Cable Specialists\"},\"image\":{\"@id\":\"https:\/\/nationalcablespecialists.ca\/fr\/#\/schema\/logo\/image\/\"}}]}<\/script>\n<!-- \/ Yoast SEO plugin. -->","yoast_head_json":{"title":"C\u00e2ble VFD DriveRx\u00ae \u00e0 trois conducteurs + 1000V - National Cable Specialists","description":"National Cable Specialists carries a selection of C\u00e2ble VFD DriveRx\u00ae \u00e0 trois conducteurs + 1000V for sale. Visit our website to learn more information.","robots":{"index":"index","follow":"follow","max-snippet":"max-snippet:-1","max-image-preview":"max-image-preview:large","max-video-preview":"max-video-preview:-1"},"canonical":"https:\/\/nationalcablespecialists.ca\/fr\/produit\/cable-vfd-driverx-a-trois-conducteurs-1000v\/","og_locale":"fr_FR","og_type":"article","og_title":"C\u00e2ble VFD DriveRx\u00ae \u00e0 trois conducteurs + 1000V - National Cable Specialists","og_description":"National Cable Specialists carries a selection of C\u00e2ble VFD DriveRx\u00ae \u00e0 trois conducteurs + 1000V for sale. Visit our website to learn more information.","og_url":"https:\/\/nationalcablespecialists.ca\/fr\/produit\/cable-vfd-driverx-a-trois-conducteurs-1000v\/","og_site_name":"National Cable Specialists","article_modified_time":"2025-06-27T21:44:14+00:00","og_image":[{"width":500,"height":500,"url":"https:\/\/nationalcablespecialists.ca\/wp-content\/uploads\/2023\/09\/DriveRX_500px-2.jpg","type":"image\/jpeg"}],"twitter_card":"summary_large_image","twitter_misc":{"Dur\u00e9e de lecture estim\u00e9e":"1 minute"},"schema":{"@context":"https:\/\/schema.org","@graph":[{"@type":"WebPage","@id":"https:\/\/nationalcablespecialists.ca\/fr\/produit\/cable-vfd-driverx-a-trois-conducteurs-1000v\/","url":"https:\/\/nationalcablespecialists.ca\/fr\/produit\/cable-vfd-driverx-a-trois-conducteurs-1000v\/","name":"C\u00e2ble VFD DriveRx\u00ae \u00e0 trois conducteurs + 1000V - National Cable Specialists","isPartOf":{"@id":"https:\/\/nationalcablespecialists.ca\/fr\/#website"},"primaryImageOfPage":{"@id":"https:\/\/nationalcablespecialists.ca\/fr\/produit\/cable-vfd-driverx-a-trois-conducteurs-1000v\/#primaryimage"},"image":{"@id":"https:\/\/nationalcablespecialists.ca\/fr\/produit\/cable-vfd-driverx-a-trois-conducteurs-1000v\/#primaryimage"},"thumbnailUrl":"https:\/\/nationalcablespecialists.ca\/wp-content\/uploads\/2023\/09\/DriveRX_500px-2.jpg","datePublished":"2023-09-15T21:15:01+00:00","dateModified":"2025-06-27T21:44:14+00:00","description":"National Cable Specialists carries a selection of C\u00e2ble VFD DriveRx\u00ae \u00e0 trois conducteurs + 1000V for sale. Visit our website to learn more information.","breadcrumb":{"@id":"https:\/\/nationalcablespecialists.ca\/fr\/produit\/cable-vfd-driverx-a-trois-conducteurs-1000v\/#breadcrumb"},"inLanguage":"fr-FR","potentialAction":[{"@type":"ReadAction","target":["https:\/\/nationalcablespecialists.ca\/fr\/produit\/cable-vfd-driverx-a-trois-conducteurs-1000v\/"]}]},{"@type":"ImageObject","inLanguage":"fr-FR","@id":"https:\/\/nationalcablespecialists.ca\/fr\/produit\/cable-vfd-driverx-a-trois-conducteurs-1000v\/#primaryimage","url":"https:\/\/nationalcablespecialists.ca\/wp-content\/uploads\/2023\/09\/DriveRX_500px-2.jpg","contentUrl":"https:\/\/nationalcablespecialists.ca\/wp-content\/uploads\/2023\/09\/DriveRX_500px-2.jpg","width":500,"height":500,"caption":"DriverX (en anglais seulement)"},{"@type":"BreadcrumbList","@id":"https:\/\/nationalcablespecialists.ca\/fr\/produit\/cable-vfd-driverx-a-trois-conducteurs-1000v\/#breadcrumb","itemListElement":[{"@type":"ListItem","position":1,"name":"Produits","item":"https:\/\/nationalcablespecialists.ca\/our-products\/"},{"@type":"ListItem","position":2,"name":"Fils et c\u00e2bles \u00e9lectriques","item":"https:\/\/nationalcablespecialists.ca\/fr\/categorie-produit\/fils-et-cables-electriques\/"},{"@type":"ListItem","position":3,"name":"C\u00e2ble Teck","item":"https:\/\/nationalcablespecialists.ca\/fr\/categorie-produit\/fils-et-cables-electriques\/cable-teck\/"},{"@type":"ListItem","position":4,"name":"C\u00e2ble VFD DriveRx\u00ae \u00e0 trois conducteurs + 1000V"}]},{"@type":"WebSite","@id":"https:\/\/nationalcablespecialists.ca\/fr\/#website","url":"https:\/\/nationalcablespecialists.ca\/fr\/","name":"National Cable Specialists","description":"","publisher":{"@id":"https:\/\/nationalcablespecialists.ca\/fr\/#organization"},"potentialAction":[{"@type":"SearchAction","target":{"@type":"EntryPoint","urlTemplate":"https:\/\/nationalcablespecialists.ca\/fr\/?s={search_term_string}"},"query-input":{"@type":"PropertyValueSpecification","valueRequired":true,"valueName":"search_term_string"}}],"inLanguage":"fr-FR"},{"@type":"Organization","@id":"https:\/\/nationalcablespecialists.ca\/fr\/#organization","name":"National Cable Specialists","url":"https:\/\/nationalcablespecialists.ca\/fr\/","logo":{"@type":"ImageObject","inLanguage":"fr-FR","@id":"https:\/\/nationalcablespecialists.ca\/fr\/#\/schema\/logo\/image\/","url":"https:\/\/nationalcablespecialists.ca\/wp-content\/uploads\/2023\/01\/NCS_Lrg_Logo.png","contentUrl":"https:\/\/nationalcablespecialists.ca\/wp-content\/uploads\/2023\/01\/NCS_Lrg_Logo.png","width":1600,"height":840,"caption":"National Cable Specialists"},"image":{"@id":"https:\/\/nationalcablespecialists.ca\/fr\/#\/schema\/logo\/image\/"}}]}},"_links":{"self":[{"href":"https:\/\/nationalcablespecialists.ca\/fr\/wp-json\/wp\/v2\/product\/24045","targetHints":{"allow":["GET"]}}],"collection":[{"href":"https:\/\/nationalcablespecialists.ca\/fr\/wp-json\/wp\/v2\/product"}],"about":[{"href":"https:\/\/nationalcablespecialists.ca\/fr\/wp-json\/wp\/v2\/types\/product"}],"replies":[{"embeddable":true,"href":"https:\/\/nationalcablespecialists.ca\/fr\/wp-json\/wp\/v2\/comments?post=24045"}],"wp:featuredmedia":[{"embeddable":true,"href":"https:\/\/nationalcablespecialists.ca\/fr\/wp-json\/wp\/v2\/media\/19936"}],"wp:attachment":[{"href":"https:\/\/nationalcablespecialists.ca\/fr\/wp-json\/wp\/v2\/media?parent=24045"}],"wp:term":[{"taxonomy":"product_brand","embeddable":true,"href":"https:\/\/nationalcablespecialists.ca\/fr\/wp-json\/wp\/v2\/product_brand?post=24045"},{"taxonomy":"product_cat","embeddable":true,"href":"https:\/\/nationalcablespecialists.ca\/fr\/wp-json\/wp\/v2\/product_cat?post=24045"},{"taxonomy":"product_tag","embeddable":true,"href":"https:\/\/nationalcablespecialists.ca\/fr\/wp-json\/wp\/v2\/product_tag?post=24045"},{"taxonomy":"application","embeddable":true,"href":"https:\/\/nationalcablespecialists.ca\/fr\/wp-json\/wp\/v2\/application?post=24045"},{"taxonomy":"voltage-rating","embeddable":true,"href":"https:\/\/nationalcablespecialists.ca\/fr\/wp-json\/wp\/v2\/voltage-rating?post=24045"},{"taxonomy":"jacket-material","embeddable":true,"href":"https:\/\/nationalcablespecialists.ca\/fr\/wp-json\/wp\/v2\/jacket-material?post=24045"},{"taxonomy":"insulation-material","embeddable":true,"href":"https:\/\/nationalcablespecialists.ca\/fr\/wp-json\/wp\/v2\/insulation-material?post=24045"},{"taxonomy":"conductor-material","embeddable":true,"href":"https:\/\/nationalcablespecialists.ca\/fr\/wp-json\/wp\/v2\/conductor-material?post=24045"},{"taxonomy":"wire-gauge","embeddable":true,"href":"https:\/\/nationalcablespecialists.ca\/fr\/wp-json\/wp\/v2\/wire-gauge?post=24045"},{"taxonomy":"conductor","embeddable":true,"href":"https:\/\/nationalcablespecialists.ca\/fr\/wp-json\/wp\/v2\/conductor?post=24045"}],"curies":[{"name":"wp","href":"https:\/\/api.w.org\/{rel}","templated":true}]}}