{"id":24043,"date":"2023-09-15T14:16:01","date_gmt":"2023-09-15T21:16:01","guid":{"rendered":"https:\/\/nationalcablespecialists.ca\/product\/nmwu-300v-60c\/"},"modified":"2023-09-15T14:16:01","modified_gmt":"2023-09-15T21:16:01","slug":"nmwu-300v-60c","status":"publish","type":"product","link":"https:\/\/nationalcablespecialists.ca\/fr\/produit\/nmwu-300v-60c\/","title":{"rendered":"NMWU 300V 60\u00b0C"},"content":{"rendered":"<p><strong>Conducteur<\/strong> Conducteurs en cuivre \u00e0 deux ou trois torons avec fil de liaison nu<br \/>\n<strong>Isolation<\/strong> Polychlorure de vinyle thermoplastique (PVC)<br \/>\n<strong>Veste<\/strong> Veste int\u00e9rieure en nylon avec veste en PVC r\u00e9sistant \u00e0 la lumi\u00e8re du soleil, \u00e0 l\u2019humidit\u00e9 et aux champignons<br \/>\n<strong>Temp\u00e9rature<\/strong> -40\u00b0C pour 2C AWG 14 \u00e0 6, et -25\u00b0C pour toutes les autres tailles \u00e0 +60\u00b0C, -10\u00b0C pour 3C \u00e0 +60\u00b0C<br \/>\n<strong>Couleur de la veste<\/strong> Noir<br \/>\n<strong>Application<\/strong> Pour l\u2019enfouissement direct en terre (avec protection requise par l\u2019autorit\u00e9 de contr\u00f4le). Pour les c\u00e2blages expos\u00e9s aux intemp\u00e9ries. Pour les emplacements de cat\u00e9gorie 1 et 2 (R\u00e9f. Code CE Partie 1 Section 2), y compris les granges, les \u00e9curies, etc. Pour les c\u00e2bles ouverts et dissimul\u00e9s, les endroits humides ou secs o\u00f9 ils ne sont pas expos\u00e9s \u00e0 des blessures m\u00e9caniques. Sp\u00e9cialement con\u00e7u pour les circuits de chauffage.<br \/>\n<strong>Approbations<\/strong> Sp\u00e9cification CSA C22.2 n\u00b0 48-M90<br \/>\n<strong>Code couleur<\/strong><br \/>\n2 conducteurs &#8211; Noir, Blanc<br \/>\n3 conducteurs &#8211; Noir, Rouge, Blanc<\/p>\n","protected":false},"excerpt":{"rendered":"<p>Conducteur Conducteurs en cuivre \u00e0 deux ou trois torons avec fil de liaison nu Isolation Polychlorure de vinyle thermoplastique (PVC) Veste Veste int\u00e9rieure en nylon avec veste en PVC r\u00e9sistant \u00e0 la lumi\u00e8re du soleil, \u00e0 l\u2019humidit\u00e9 et aux champignons Temp\u00e9rature -40\u00b0C pour 2C AWG 14 \u00e0 6, et -25\u00b0C pour toutes les autres tailles [&hellip;]<\/p>\n","protected":false},"featured_media":20036,"comment_status":"open","ping_status":"closed","template":"","meta":{"_acf_changed":false},"product_brand":[],"product_cat":[688],"product_tag":[1009],"application":[983],"voltage-rating":[683],"jacket-material":[694],"insulation-material":[686],"conductor-material":[685],"wire-gauge":[677,676,675,765,764,763,762],"conductor":[679,678],"class_list":{"0":"post-24043","1":"product","2":"type-product","3":"status-publish","4":"has-post-thumbnail","6":"product_cat-fils-et-cables-de-construction","7":"product_tag-le-nmwu-en-anglais-seulement","8":"application-fil-de-construction","9":"voltage-rating-300v-fr","10":"jacket-material-chlorure-de-polyvinyle","11":"insulation-material-chlorure-de-polyvinyle","12":"conductor-material-cuivre-nu-toronne","13":"wire-gauge-10-awg-fr","14":"wire-gauge-12-awg-fr","15":"wire-gauge-14-awg-fr","16":"wire-gauge-2-awg-fr","17":"wire-gauge-4-awg-fr","18":"wire-gauge-6-awg-fr","19":"wire-gauge-8-awg-fr","20":"conductor-2-fr","21":"conductor-3-fr","23":"first","24":"instock","25":"shipping-taxable","26":"purchasable","27":"product-type-variable"},"acf":[],"yoast_head":"<!-- This site is optimized with the Yoast SEO plugin v26.2 - https:\/\/yoast.com\/wordpress\/plugins\/seo\/ -->\n<title>NMWU 300V 60\u00b0C - National Cable Specialists<\/title>\n<meta name=\"description\" content=\"National Cable Specialists carries a selection of NMWU 300V 60\u00b0C for sale. Visit our website to learn more information.\" \/>\n<meta name=\"robots\" content=\"index, follow, max-snippet:-1, max-image-preview:large, max-video-preview:-1\" \/>\n<link rel=\"canonical\" href=\"https:\/\/nationalcablespecialists.ca\/fr\/produit\/nmwu-300v-60c\/\" \/>\n<meta property=\"og:locale\" content=\"fr_FR\" \/>\n<meta property=\"og:type\" content=\"article\" \/>\n<meta property=\"og:title\" content=\"NMWU 300V 60\u00b0C - National Cable Specialists\" \/>\n<meta property=\"og:description\" content=\"National Cable Specialists carries a selection of NMWU 300V 60\u00b0C for sale. Visit our website to learn more information.\" \/>\n<meta property=\"og:url\" content=\"https:\/\/nationalcablespecialists.ca\/fr\/produit\/nmwu-300v-60c\/\" \/>\n<meta property=\"og:site_name\" content=\"National Cable Specialists\" \/>\n<meta property=\"og:image\" content=\"https:\/\/nationalcablespecialists.ca\/wp-content\/uploads\/2023\/09\/NMWUc_500px-2.jpg\" \/>\n\t<meta property=\"og:image:width\" content=\"500\" \/>\n\t<meta property=\"og:image:height\" content=\"500\" \/>\n\t<meta property=\"og:image:type\" content=\"image\/jpeg\" \/>\n<meta name=\"twitter:card\" content=\"summary_large_image\" \/>\n<meta name=\"twitter:label1\" content=\"Dur\u00e9e de lecture estim\u00e9e\" \/>\n\t<meta name=\"twitter:data1\" content=\"1 minute\" \/>\n<script type=\"application\/ld+json\" class=\"yoast-schema-graph\">{\"@context\":\"https:\/\/schema.org\",\"@graph\":[{\"@type\":\"WebPage\",\"@id\":\"https:\/\/nationalcablespecialists.ca\/fr\/produit\/nmwu-300v-60c\/\",\"url\":\"https:\/\/nationalcablespecialists.ca\/fr\/produit\/nmwu-300v-60c\/\",\"name\":\"NMWU 300V 60\u00b0C - National Cable Specialists\",\"isPartOf\":{\"@id\":\"https:\/\/nationalcablespecialists.ca\/fr\/#website\"},\"primaryImageOfPage\":{\"@id\":\"https:\/\/nationalcablespecialists.ca\/fr\/produit\/nmwu-300v-60c\/#primaryimage\"},\"image\":{\"@id\":\"https:\/\/nationalcablespecialists.ca\/fr\/produit\/nmwu-300v-60c\/#primaryimage\"},\"thumbnailUrl\":\"https:\/\/nationalcablespecialists.ca\/wp-content\/uploads\/2023\/09\/NMWUc_500px-2.jpg\",\"datePublished\":\"2023-09-15T21:16:01+00:00\",\"description\":\"National Cable Specialists carries a selection of NMWU 300V 60\u00b0C for sale. Visit our website to learn more information.\",\"breadcrumb\":{\"@id\":\"https:\/\/nationalcablespecialists.ca\/fr\/produit\/nmwu-300v-60c\/#breadcrumb\"},\"inLanguage\":\"fr-FR\",\"potentialAction\":[{\"@type\":\"ReadAction\",\"target\":[\"https:\/\/nationalcablespecialists.ca\/fr\/produit\/nmwu-300v-60c\/\"]}]},{\"@type\":\"ImageObject\",\"inLanguage\":\"fr-FR\",\"@id\":\"https:\/\/nationalcablespecialists.ca\/fr\/produit\/nmwu-300v-60c\/#primaryimage\",\"url\":\"https:\/\/nationalcablespecialists.ca\/wp-content\/uploads\/2023\/09\/NMWUc_500px-2.jpg\",\"contentUrl\":\"https:\/\/nationalcablespecialists.ca\/wp-content\/uploads\/2023\/09\/NMWUc_500px-2.jpg\",\"width\":500,\"height\":500,\"caption\":\"NMWUc\"},{\"@type\":\"BreadcrumbList\",\"@id\":\"https:\/\/nationalcablespecialists.ca\/fr\/produit\/nmwu-300v-60c\/#breadcrumb\",\"itemListElement\":[{\"@type\":\"ListItem\",\"position\":1,\"name\":\"Produits\",\"item\":\"https:\/\/nationalcablespecialists.ca\/our-products\/\"},{\"@type\":\"ListItem\",\"position\":2,\"name\":\"NMWU 300V 60\u00b0C\"}]},{\"@type\":\"WebSite\",\"@id\":\"https:\/\/nationalcablespecialists.ca\/fr\/#website\",\"url\":\"https:\/\/nationalcablespecialists.ca\/fr\/\",\"name\":\"National Cable Specialists\",\"description\":\"\",\"publisher\":{\"@id\":\"https:\/\/nationalcablespecialists.ca\/fr\/#organization\"},\"potentialAction\":[{\"@type\":\"SearchAction\",\"target\":{\"@type\":\"EntryPoint\",\"urlTemplate\":\"https:\/\/nationalcablespecialists.ca\/fr\/?s={search_term_string}\"},\"query-input\":{\"@type\":\"PropertyValueSpecification\",\"valueRequired\":true,\"valueName\":\"search_term_string\"}}],\"inLanguage\":\"fr-FR\"},{\"@type\":\"Organization\",\"@id\":\"https:\/\/nationalcablespecialists.ca\/fr\/#organization\",\"name\":\"National Cable Specialists\",\"url\":\"https:\/\/nationalcablespecialists.ca\/fr\/\",\"logo\":{\"@type\":\"ImageObject\",\"inLanguage\":\"fr-FR\",\"@id\":\"https:\/\/nationalcablespecialists.ca\/fr\/#\/schema\/logo\/image\/\",\"url\":\"https:\/\/nationalcablespecialists.ca\/wp-content\/uploads\/2023\/01\/NCS_Lrg_Logo.png\",\"contentUrl\":\"https:\/\/nationalcablespecialists.ca\/wp-content\/uploads\/2023\/01\/NCS_Lrg_Logo.png\",\"width\":1600,\"height\":840,\"caption\":\"National Cable Specialists\"},\"image\":{\"@id\":\"https:\/\/nationalcablespecialists.ca\/fr\/#\/schema\/logo\/image\/\"}}]}<\/script>\n<!-- \/ Yoast SEO plugin. -->","yoast_head_json":{"title":"NMWU 300V 60\u00b0C - National Cable Specialists","description":"National Cable Specialists carries a selection of NMWU 300V 60\u00b0C for sale. Visit our website to learn more information.","robots":{"index":"index","follow":"follow","max-snippet":"max-snippet:-1","max-image-preview":"max-image-preview:large","max-video-preview":"max-video-preview:-1"},"canonical":"https:\/\/nationalcablespecialists.ca\/fr\/produit\/nmwu-300v-60c\/","og_locale":"fr_FR","og_type":"article","og_title":"NMWU 300V 60\u00b0C - National Cable Specialists","og_description":"National Cable Specialists carries a selection of NMWU 300V 60\u00b0C for sale. Visit our website to learn more information.","og_url":"https:\/\/nationalcablespecialists.ca\/fr\/produit\/nmwu-300v-60c\/","og_site_name":"National Cable Specialists","og_image":[{"width":500,"height":500,"url":"https:\/\/nationalcablespecialists.ca\/wp-content\/uploads\/2023\/09\/NMWUc_500px-2.jpg","type":"image\/jpeg"}],"twitter_card":"summary_large_image","twitter_misc":{"Dur\u00e9e de lecture estim\u00e9e":"1 minute"},"schema":{"@context":"https:\/\/schema.org","@graph":[{"@type":"WebPage","@id":"https:\/\/nationalcablespecialists.ca\/fr\/produit\/nmwu-300v-60c\/","url":"https:\/\/nationalcablespecialists.ca\/fr\/produit\/nmwu-300v-60c\/","name":"NMWU 300V 60\u00b0C - National Cable Specialists","isPartOf":{"@id":"https:\/\/nationalcablespecialists.ca\/fr\/#website"},"primaryImageOfPage":{"@id":"https:\/\/nationalcablespecialists.ca\/fr\/produit\/nmwu-300v-60c\/#primaryimage"},"image":{"@id":"https:\/\/nationalcablespecialists.ca\/fr\/produit\/nmwu-300v-60c\/#primaryimage"},"thumbnailUrl":"https:\/\/nationalcablespecialists.ca\/wp-content\/uploads\/2023\/09\/NMWUc_500px-2.jpg","datePublished":"2023-09-15T21:16:01+00:00","description":"National Cable Specialists carries a selection of NMWU 300V 60\u00b0C for sale. Visit our website to learn more information.","breadcrumb":{"@id":"https:\/\/nationalcablespecialists.ca\/fr\/produit\/nmwu-300v-60c\/#breadcrumb"},"inLanguage":"fr-FR","potentialAction":[{"@type":"ReadAction","target":["https:\/\/nationalcablespecialists.ca\/fr\/produit\/nmwu-300v-60c\/"]}]},{"@type":"ImageObject","inLanguage":"fr-FR","@id":"https:\/\/nationalcablespecialists.ca\/fr\/produit\/nmwu-300v-60c\/#primaryimage","url":"https:\/\/nationalcablespecialists.ca\/wp-content\/uploads\/2023\/09\/NMWUc_500px-2.jpg","contentUrl":"https:\/\/nationalcablespecialists.ca\/wp-content\/uploads\/2023\/09\/NMWUc_500px-2.jpg","width":500,"height":500,"caption":"NMWUc"},{"@type":"BreadcrumbList","@id":"https:\/\/nationalcablespecialists.ca\/fr\/produit\/nmwu-300v-60c\/#breadcrumb","itemListElement":[{"@type":"ListItem","position":1,"name":"Produits","item":"https:\/\/nationalcablespecialists.ca\/our-products\/"},{"@type":"ListItem","position":2,"name":"NMWU 300V 60\u00b0C"}]},{"@type":"WebSite","@id":"https:\/\/nationalcablespecialists.ca\/fr\/#website","url":"https:\/\/nationalcablespecialists.ca\/fr\/","name":"National Cable Specialists","description":"","publisher":{"@id":"https:\/\/nationalcablespecialists.ca\/fr\/#organization"},"potentialAction":[{"@type":"SearchAction","target":{"@type":"EntryPoint","urlTemplate":"https:\/\/nationalcablespecialists.ca\/fr\/?s={search_term_string}"},"query-input":{"@type":"PropertyValueSpecification","valueRequired":true,"valueName":"search_term_string"}}],"inLanguage":"fr-FR"},{"@type":"Organization","@id":"https:\/\/nationalcablespecialists.ca\/fr\/#organization","name":"National Cable Specialists","url":"https:\/\/nationalcablespecialists.ca\/fr\/","logo":{"@type":"ImageObject","inLanguage":"fr-FR","@id":"https:\/\/nationalcablespecialists.ca\/fr\/#\/schema\/logo\/image\/","url":"https:\/\/nationalcablespecialists.ca\/wp-content\/uploads\/2023\/01\/NCS_Lrg_Logo.png","contentUrl":"https:\/\/nationalcablespecialists.ca\/wp-content\/uploads\/2023\/01\/NCS_Lrg_Logo.png","width":1600,"height":840,"caption":"National Cable Specialists"},"image":{"@id":"https:\/\/nationalcablespecialists.ca\/fr\/#\/schema\/logo\/image\/"}}]}},"_links":{"self":[{"href":"https:\/\/nationalcablespecialists.ca\/fr\/wp-json\/wp\/v2\/product\/24043","targetHints":{"allow":["GET"]}}],"collection":[{"href":"https:\/\/nationalcablespecialists.ca\/fr\/wp-json\/wp\/v2\/product"}],"about":[{"href":"https:\/\/nationalcablespecialists.ca\/fr\/wp-json\/wp\/v2\/types\/product"}],"replies":[{"embeddable":true,"href":"https:\/\/nationalcablespecialists.ca\/fr\/wp-json\/wp\/v2\/comments?post=24043"}],"wp:featuredmedia":[{"embeddable":true,"href":"https:\/\/nationalcablespecialists.ca\/fr\/wp-json\/wp\/v2\/media\/20036"}],"wp:attachment":[{"href":"https:\/\/nationalcablespecialists.ca\/fr\/wp-json\/wp\/v2\/media?parent=24043"}],"wp:term":[{"taxonomy":"product_brand","embeddable":true,"href":"https:\/\/nationalcablespecialists.ca\/fr\/wp-json\/wp\/v2\/product_brand?post=24043"},{"taxonomy":"product_cat","embeddable":true,"href":"https:\/\/nationalcablespecialists.ca\/fr\/wp-json\/wp\/v2\/product_cat?post=24043"},{"taxonomy":"product_tag","embeddable":true,"href":"https:\/\/nationalcablespecialists.ca\/fr\/wp-json\/wp\/v2\/product_tag?post=24043"},{"taxonomy":"application","embeddable":true,"href":"https:\/\/nationalcablespecialists.ca\/fr\/wp-json\/wp\/v2\/application?post=24043"},{"taxonomy":"voltage-rating","embeddable":true,"href":"https:\/\/nationalcablespecialists.ca\/fr\/wp-json\/wp\/v2\/voltage-rating?post=24043"},{"taxonomy":"jacket-material","embeddable":true,"href":"https:\/\/nationalcablespecialists.ca\/fr\/wp-json\/wp\/v2\/jacket-material?post=24043"},{"taxonomy":"insulation-material","embeddable":true,"href":"https:\/\/nationalcablespecialists.ca\/fr\/wp-json\/wp\/v2\/insulation-material?post=24043"},{"taxonomy":"conductor-material","embeddable":true,"href":"https:\/\/nationalcablespecialists.ca\/fr\/wp-json\/wp\/v2\/conductor-material?post=24043"},{"taxonomy":"wire-gauge","embeddable":true,"href":"https:\/\/nationalcablespecialists.ca\/fr\/wp-json\/wp\/v2\/wire-gauge?post=24043"},{"taxonomy":"conductor","embeddable":true,"href":"https:\/\/nationalcablespecialists.ca\/fr\/wp-json\/wp\/v2\/conductor?post=24043"}],"curies":[{"name":"wp","href":"https:\/\/api.w.org\/{rel}","templated":true}]}}