{"id":24042,"date":"2023-09-15T14:17:07","date_gmt":"2023-09-15T21:17:07","guid":{"rendered":"https:\/\/nationalcablespecialists.ca\/product\/fil-de-cuivre-nu-solide-et-toronne\/"},"modified":"2024-01-24T08:28:33","modified_gmt":"2024-01-24T16:28:33","slug":"fil-de-cuivre-nu-solide-et-toronne","status":"publish","type":"product","link":"https:\/\/nationalcablespecialists.ca\/fr\/produit\/fil-de-cuivre-nu-solide-et-toronne\/","title":{"rendered":"Fil de cuivre nu &#8211; solide et toronn\u00e9"},"content":{"rendered":"<p><strong>Description<\/strong> Conducteurs en cuivre nu pleins et toronn\u00e9s<br \/>\n<strong>Application<\/strong><br \/>\n<em>Solide<\/em> : Convient pour une utilisation dans la mise \u00e0 la terre \u00e9lectrique<br \/>\net sur les isolateurs pour les plafonds<br \/>\napplications de transport et de distribution.<br \/>\n<em>Toronn\u00e9<\/em> : Convient pour une utilisation dans l\u2019\u00e9lectricit\u00e9<br \/>\nsyst\u00e8mes de mise \u00e0 la terre (y compris la mise \u00e0 la terre \u00e0 contrepoids) et sur les isolateurs pour le transport a\u00e9rien et<br \/>\napplications de distribution.<br \/>\n<strong>Sp\u00e9cification<\/strong><br \/>\n<em>Solide<\/em> : ASTM B-1 \u00e9tir\u00e9 durement, B-2 \u00e9tir\u00e9 moyennement dur, B-3 mou ou recuit, B-33 \u00e9tam\u00e9<br \/>\n<em>Toronn\u00e9<\/em> : ASTM B-1 \u00e9tir\u00e9 durement, B-2 \u00e9tir\u00e9 moyennement dur, B-3 mou ou recuit, B-8 Pose concentrique<br \/>\nToronn\u00e9, B-33 \u00e9tam\u00e9, B-787 brin combin\u00e9<br \/>\nApprouv\u00e9 REA\/RUS<br \/>\nNorme f\u00e9d\u00e9rale QQ-W-343<br \/>\nConforme \u00e0 la directive RoHS<\/p>\n","protected":false},"excerpt":{"rendered":"<p>Description Conducteurs en cuivre nu pleins et toronn\u00e9s Application Solide : Convient pour une utilisation dans la mise \u00e0 la terre \u00e9lectrique et sur les isolateurs pour les plafonds applications de transport et de distribution. Toronn\u00e9 : Convient pour une utilisation dans l\u2019\u00e9lectricit\u00e9 syst\u00e8mes de mise \u00e0 la terre (y compris la mise \u00e0 la [&hellip;]<\/p>\n","protected":false},"featured_media":20136,"comment_status":"open","ping_status":"closed","template":"","meta":{"_acf_changed":false},"product_brand":[],"product_cat":[688],"product_tag":[1010],"application":[983],"voltage-rating":[],"jacket-material":[],"insulation-material":[],"conductor-material":[697,685],"wire-gauge":[766,677,985,676,675,674,673,765,767,980,768,979,987,764,769,986,981,763,977,762],"conductor":[],"class_list":{"0":"post-24042","1":"product","2":"type-product","3":"status-publish","4":"has-post-thumbnail","6":"product_cat-fils-et-cables-de-construction","7":"product_tag-cuivre-nu","8":"application-fil-de-construction","9":"conductor-material-cuivre-nu-massif","10":"conductor-material-cuivre-nu-toronne","11":"wire-gauge-1-0-awg-fr","12":"wire-gauge-10-awg-fr","13":"wire-gauge-1000-fr","14":"wire-gauge-12-awg-fr","15":"wire-gauge-14-awg-fr","16":"wire-gauge-16-awg-fr","17":"wire-gauge-18-awg-fr","18":"wire-gauge-2-awg-fr","19":"wire-gauge-2-0-awg-fr","20":"wire-gauge-250-fr","21":"wire-gauge-3-0-awg-fr","22":"wire-gauge-300-fr","23":"wire-gauge-350-fr","24":"wire-gauge-4-awg-fr","25":"wire-gauge-4-0-awg-fr","26":"wire-gauge-400-fr","27":"wire-gauge-500-fr","28":"wire-gauge-6-awg-fr","29":"wire-gauge-750-fr","30":"wire-gauge-8-awg-fr","32":"first","33":"instock","34":"shipping-taxable","35":"purchasable","36":"product-type-variable"},"acf":[],"yoast_head":"<!-- This site is optimized with the Yoast SEO plugin v27.5 - https:\/\/yoast.com\/product\/yoast-seo-wordpress\/ -->\n<title>Fil de cuivre nu - solide et toronn\u00e9 - National Cable Specialists<\/title>\n<meta name=\"description\" content=\"National Cable Specialists carries a selection of Fil de cuivre nu - solide et toronn\u00e9 for sale. Visit our website to learn more information.\" \/>\n<meta name=\"robots\" content=\"index, follow, max-snippet:-1, max-image-preview:large, max-video-preview:-1\" \/>\n<link rel=\"canonical\" href=\"https:\/\/nationalcablespecialists.ca\/fr\/produit\/fil-de-cuivre-nu-solide-et-toronne\/\" \/>\n<meta property=\"og:locale\" content=\"fr_FR\" \/>\n<meta property=\"og:type\" content=\"article\" \/>\n<meta property=\"og:title\" content=\"Fil de cuivre nu - solide et toronn\u00e9 - National Cable Specialists\" \/>\n<meta property=\"og:description\" content=\"National Cable Specialists carries a selection of Fil de cuivre nu - solide et toronn\u00e9 for sale. Visit our website to learn more information.\" \/>\n<meta property=\"og:url\" content=\"https:\/\/nationalcablespecialists.ca\/fr\/produit\/fil-de-cuivre-nu-solide-et-toronne\/\" \/>\n<meta property=\"og:site_name\" content=\"National Cable Specialists\" \/>\n<meta property=\"article:modified_time\" content=\"2024-01-24T16:28:33+00:00\" \/>\n<meta property=\"og:image\" content=\"https:\/\/nationalcablespecialists.ca\/wp-content\/uploads\/2023\/09\/Copper-Stranded-and-Solid_500px-3.jpg\" \/>\n\t<meta property=\"og:image:width\" content=\"500\" \/>\n\t<meta property=\"og:image:height\" content=\"500\" \/>\n\t<meta property=\"og:image:type\" content=\"image\/jpeg\" \/>\n<meta name=\"twitter:card\" content=\"summary_large_image\" \/>\n<meta name=\"twitter:label1\" content=\"Dur\u00e9e de lecture estim\u00e9e\" \/>\n\t<meta name=\"twitter:data1\" content=\"1 minute\" \/>\n<script type=\"application\/ld+json\" class=\"yoast-schema-graph\">{\"@context\":\"https:\\\/\\\/schema.org\",\"@graph\":[{\"@type\":\"WebPage\",\"@id\":\"https:\\\/\\\/nationalcablespecialists.ca\\\/fr\\\/produit\\\/fil-de-cuivre-nu-solide-et-toronne\\\/\",\"url\":\"https:\\\/\\\/nationalcablespecialists.ca\\\/fr\\\/produit\\\/fil-de-cuivre-nu-solide-et-toronne\\\/\",\"name\":\"Fil de cuivre nu - solide et toronn\u00e9 - National Cable Specialists\",\"isPartOf\":{\"@id\":\"https:\\\/\\\/nationalcablespecialists.ca\\\/fr\\\/#website\"},\"primaryImageOfPage\":{\"@id\":\"https:\\\/\\\/nationalcablespecialists.ca\\\/fr\\\/produit\\\/fil-de-cuivre-nu-solide-et-toronne\\\/#primaryimage\"},\"image\":{\"@id\":\"https:\\\/\\\/nationalcablespecialists.ca\\\/fr\\\/produit\\\/fil-de-cuivre-nu-solide-et-toronne\\\/#primaryimage\"},\"thumbnailUrl\":\"https:\\\/\\\/nationalcablespecialists.ca\\\/wp-content\\\/uploads\\\/2023\\\/09\\\/Copper-Stranded-and-Solid_500px-3.jpg\",\"datePublished\":\"2023-09-15T21:17:07+00:00\",\"dateModified\":\"2024-01-24T16:28:33+00:00\",\"description\":\"National Cable Specialists carries a selection of Fil de cuivre nu - solide et toronn\u00e9 for sale. Visit our website to learn more information.\",\"breadcrumb\":{\"@id\":\"https:\\\/\\\/nationalcablespecialists.ca\\\/fr\\\/produit\\\/fil-de-cuivre-nu-solide-et-toronne\\\/#breadcrumb\"},\"inLanguage\":\"fr-FR\",\"potentialAction\":[{\"@type\":\"ReadAction\",\"target\":[\"https:\\\/\\\/nationalcablespecialists.ca\\\/fr\\\/produit\\\/fil-de-cuivre-nu-solide-et-toronne\\\/\"]}]},{\"@type\":\"ImageObject\",\"inLanguage\":\"fr-FR\",\"@id\":\"https:\\\/\\\/nationalcablespecialists.ca\\\/fr\\\/produit\\\/fil-de-cuivre-nu-solide-et-toronne\\\/#primaryimage\",\"url\":\"https:\\\/\\\/nationalcablespecialists.ca\\\/wp-content\\\/uploads\\\/2023\\\/09\\\/Copper-Stranded-and-Solid_500px-3.jpg\",\"contentUrl\":\"https:\\\/\\\/nationalcablespecialists.ca\\\/wp-content\\\/uploads\\\/2023\\\/09\\\/Copper-Stranded-and-Solid_500px-3.jpg\",\"width\":500,\"height\":500,\"caption\":\"Copper Stranded and Solid\"},{\"@type\":\"BreadcrumbList\",\"@id\":\"https:\\\/\\\/nationalcablespecialists.ca\\\/fr\\\/produit\\\/fil-de-cuivre-nu-solide-et-toronne\\\/#breadcrumb\",\"itemListElement\":[{\"@type\":\"ListItem\",\"position\":1,\"name\":\"Produits\",\"item\":\"https:\\\/\\\/nationalcablespecialists.ca\\\/our-products\\\/\"},{\"@type\":\"ListItem\",\"position\":2,\"name\":\"Fil de cuivre nu &#8211; solide et toronn\u00e9\"}]},{\"@type\":\"WebSite\",\"@id\":\"https:\\\/\\\/nationalcablespecialists.ca\\\/fr\\\/#website\",\"url\":\"https:\\\/\\\/nationalcablespecialists.ca\\\/fr\\\/\",\"name\":\"National Cable Specialists\",\"description\":\"\",\"publisher\":{\"@id\":\"https:\\\/\\\/nationalcablespecialists.ca\\\/fr\\\/#organization\"},\"potentialAction\":[{\"@type\":\"SearchAction\",\"target\":{\"@type\":\"EntryPoint\",\"urlTemplate\":\"https:\\\/\\\/nationalcablespecialists.ca\\\/fr\\\/?s={search_term_string}\"},\"query-input\":{\"@type\":\"PropertyValueSpecification\",\"valueRequired\":true,\"valueName\":\"search_term_string\"}}],\"inLanguage\":\"fr-FR\"},{\"@type\":\"Organization\",\"@id\":\"https:\\\/\\\/nationalcablespecialists.ca\\\/fr\\\/#organization\",\"name\":\"National Cable Specialists\",\"url\":\"https:\\\/\\\/nationalcablespecialists.ca\\\/fr\\\/\",\"logo\":{\"@type\":\"ImageObject\",\"inLanguage\":\"fr-FR\",\"@id\":\"https:\\\/\\\/nationalcablespecialists.ca\\\/fr\\\/#\\\/schema\\\/logo\\\/image\\\/\",\"url\":\"https:\\\/\\\/nationalcablespecialists.ca\\\/wp-content\\\/uploads\\\/2023\\\/01\\\/NCS_Lrg_Logo.png\",\"contentUrl\":\"https:\\\/\\\/nationalcablespecialists.ca\\\/wp-content\\\/uploads\\\/2023\\\/01\\\/NCS_Lrg_Logo.png\",\"width\":1600,\"height\":840,\"caption\":\"National Cable Specialists\"},\"image\":{\"@id\":\"https:\\\/\\\/nationalcablespecialists.ca\\\/fr\\\/#\\\/schema\\\/logo\\\/image\\\/\"}}]}<\/script>\n<!-- \/ Yoast SEO plugin. -->","yoast_head_json":{"title":"Fil de cuivre nu - solide et toronn\u00e9 - National Cable Specialists","description":"National Cable Specialists carries a selection of Fil de cuivre nu - solide et toronn\u00e9 for sale. Visit our website to learn more information.","robots":{"index":"index","follow":"follow","max-snippet":"max-snippet:-1","max-image-preview":"max-image-preview:large","max-video-preview":"max-video-preview:-1"},"canonical":"https:\/\/nationalcablespecialists.ca\/fr\/produit\/fil-de-cuivre-nu-solide-et-toronne\/","og_locale":"fr_FR","og_type":"article","og_title":"Fil de cuivre nu - solide et toronn\u00e9 - National Cable Specialists","og_description":"National Cable Specialists carries a selection of Fil de cuivre nu - solide et toronn\u00e9 for sale. Visit our website to learn more information.","og_url":"https:\/\/nationalcablespecialists.ca\/fr\/produit\/fil-de-cuivre-nu-solide-et-toronne\/","og_site_name":"National Cable Specialists","article_modified_time":"2024-01-24T16:28:33+00:00","og_image":[{"width":500,"height":500,"url":"https:\/\/nationalcablespecialists.ca\/wp-content\/uploads\/2023\/09\/Copper-Stranded-and-Solid_500px-3.jpg","type":"image\/jpeg"}],"twitter_card":"summary_large_image","twitter_misc":{"Dur\u00e9e de lecture estim\u00e9e":"1 minute"},"schema":{"@context":"https:\/\/schema.org","@graph":[{"@type":"WebPage","@id":"https:\/\/nationalcablespecialists.ca\/fr\/produit\/fil-de-cuivre-nu-solide-et-toronne\/","url":"https:\/\/nationalcablespecialists.ca\/fr\/produit\/fil-de-cuivre-nu-solide-et-toronne\/","name":"Fil de cuivre nu - solide et toronn\u00e9 - National Cable Specialists","isPartOf":{"@id":"https:\/\/nationalcablespecialists.ca\/fr\/#website"},"primaryImageOfPage":{"@id":"https:\/\/nationalcablespecialists.ca\/fr\/produit\/fil-de-cuivre-nu-solide-et-toronne\/#primaryimage"},"image":{"@id":"https:\/\/nationalcablespecialists.ca\/fr\/produit\/fil-de-cuivre-nu-solide-et-toronne\/#primaryimage"},"thumbnailUrl":"https:\/\/nationalcablespecialists.ca\/wp-content\/uploads\/2023\/09\/Copper-Stranded-and-Solid_500px-3.jpg","datePublished":"2023-09-15T21:17:07+00:00","dateModified":"2024-01-24T16:28:33+00:00","description":"National Cable Specialists carries a selection of Fil de cuivre nu - solide et toronn\u00e9 for sale. Visit our website to learn more information.","breadcrumb":{"@id":"https:\/\/nationalcablespecialists.ca\/fr\/produit\/fil-de-cuivre-nu-solide-et-toronne\/#breadcrumb"},"inLanguage":"fr-FR","potentialAction":[{"@type":"ReadAction","target":["https:\/\/nationalcablespecialists.ca\/fr\/produit\/fil-de-cuivre-nu-solide-et-toronne\/"]}]},{"@type":"ImageObject","inLanguage":"fr-FR","@id":"https:\/\/nationalcablespecialists.ca\/fr\/produit\/fil-de-cuivre-nu-solide-et-toronne\/#primaryimage","url":"https:\/\/nationalcablespecialists.ca\/wp-content\/uploads\/2023\/09\/Copper-Stranded-and-Solid_500px-3.jpg","contentUrl":"https:\/\/nationalcablespecialists.ca\/wp-content\/uploads\/2023\/09\/Copper-Stranded-and-Solid_500px-3.jpg","width":500,"height":500,"caption":"Copper Stranded and Solid"},{"@type":"BreadcrumbList","@id":"https:\/\/nationalcablespecialists.ca\/fr\/produit\/fil-de-cuivre-nu-solide-et-toronne\/#breadcrumb","itemListElement":[{"@type":"ListItem","position":1,"name":"Produits","item":"https:\/\/nationalcablespecialists.ca\/our-products\/"},{"@type":"ListItem","position":2,"name":"Fil de cuivre nu &#8211; solide et toronn\u00e9"}]},{"@type":"WebSite","@id":"https:\/\/nationalcablespecialists.ca\/fr\/#website","url":"https:\/\/nationalcablespecialists.ca\/fr\/","name":"National Cable Specialists","description":"","publisher":{"@id":"https:\/\/nationalcablespecialists.ca\/fr\/#organization"},"potentialAction":[{"@type":"SearchAction","target":{"@type":"EntryPoint","urlTemplate":"https:\/\/nationalcablespecialists.ca\/fr\/?s={search_term_string}"},"query-input":{"@type":"PropertyValueSpecification","valueRequired":true,"valueName":"search_term_string"}}],"inLanguage":"fr-FR"},{"@type":"Organization","@id":"https:\/\/nationalcablespecialists.ca\/fr\/#organization","name":"National Cable Specialists","url":"https:\/\/nationalcablespecialists.ca\/fr\/","logo":{"@type":"ImageObject","inLanguage":"fr-FR","@id":"https:\/\/nationalcablespecialists.ca\/fr\/#\/schema\/logo\/image\/","url":"https:\/\/nationalcablespecialists.ca\/wp-content\/uploads\/2023\/01\/NCS_Lrg_Logo.png","contentUrl":"https:\/\/nationalcablespecialists.ca\/wp-content\/uploads\/2023\/01\/NCS_Lrg_Logo.png","width":1600,"height":840,"caption":"National Cable Specialists"},"image":{"@id":"https:\/\/nationalcablespecialists.ca\/fr\/#\/schema\/logo\/image\/"}}]}},"_links":{"self":[{"href":"https:\/\/nationalcablespecialists.ca\/fr\/wp-json\/wp\/v2\/product\/24042","targetHints":{"allow":["GET"]}}],"collection":[{"href":"https:\/\/nationalcablespecialists.ca\/fr\/wp-json\/wp\/v2\/product"}],"about":[{"href":"https:\/\/nationalcablespecialists.ca\/fr\/wp-json\/wp\/v2\/types\/product"}],"replies":[{"embeddable":true,"href":"https:\/\/nationalcablespecialists.ca\/fr\/wp-json\/wp\/v2\/comments?post=24042"}],"wp:featuredmedia":[{"embeddable":true,"href":"https:\/\/nationalcablespecialists.ca\/fr\/wp-json\/wp\/v2\/media\/20136"}],"wp:attachment":[{"href":"https:\/\/nationalcablespecialists.ca\/fr\/wp-json\/wp\/v2\/media?parent=24042"}],"wp:term":[{"taxonomy":"product_brand","embeddable":true,"href":"https:\/\/nationalcablespecialists.ca\/fr\/wp-json\/wp\/v2\/product_brand?post=24042"},{"taxonomy":"product_cat","embeddable":true,"href":"https:\/\/nationalcablespecialists.ca\/fr\/wp-json\/wp\/v2\/product_cat?post=24042"},{"taxonomy":"product_tag","embeddable":true,"href":"https:\/\/nationalcablespecialists.ca\/fr\/wp-json\/wp\/v2\/product_tag?post=24042"},{"taxonomy":"application","embeddable":true,"href":"https:\/\/nationalcablespecialists.ca\/fr\/wp-json\/wp\/v2\/application?post=24042"},{"taxonomy":"voltage-rating","embeddable":true,"href":"https:\/\/nationalcablespecialists.ca\/fr\/wp-json\/wp\/v2\/voltage-rating?post=24042"},{"taxonomy":"jacket-material","embeddable":true,"href":"https:\/\/nationalcablespecialists.ca\/fr\/wp-json\/wp\/v2\/jacket-material?post=24042"},{"taxonomy":"insulation-material","embeddable":true,"href":"https:\/\/nationalcablespecialists.ca\/fr\/wp-json\/wp\/v2\/insulation-material?post=24042"},{"taxonomy":"conductor-material","embeddable":true,"href":"https:\/\/nationalcablespecialists.ca\/fr\/wp-json\/wp\/v2\/conductor-material?post=24042"},{"taxonomy":"wire-gauge","embeddable":true,"href":"https:\/\/nationalcablespecialists.ca\/fr\/wp-json\/wp\/v2\/wire-gauge?post=24042"},{"taxonomy":"conductor","embeddable":true,"href":"https:\/\/nationalcablespecialists.ca\/fr\/wp-json\/wp\/v2\/conductor?post=24042"}],"curies":[{"name":"wp","href":"https:\/\/api.w.org\/{rel}","templated":true}]}}