{"id":24001,"date":"2023-09-15T14:17:25","date_gmt":"2023-09-15T21:17:25","guid":{"rendered":"https:\/\/nationalcablespecialists.ca\/product\/fil-de-cuivre-etame-toronne\/"},"modified":"2024-01-24T08:28:33","modified_gmt":"2024-01-24T16:28:33","slug":"fil-de-cuivre-etame-toronne","status":"publish","type":"product","link":"https:\/\/nationalcablespecialists.ca\/fr\/produit\/fil-de-cuivre-etame-toronne\/","title":{"rendered":"Fil de cuivre \u00e9tam\u00e9 &#8211; toronn\u00e9"},"content":{"rendered":"<p><strong>Description<\/strong> Conducteurs toronn\u00e9s en cuivre \u00e9tam\u00e9<br \/>\n<strong>Application<\/strong> Convient pour une utilisation dans les syst\u00e8mes de mise \u00e0 la terre \u00e9lectrique (y compris la mise \u00e0 la terre \u00e0 contrepoids) et sur les isolateurs pour les applications de transmission et de distribution a\u00e9riennes.<br \/>\n<strong>Approbations<\/strong> ASTM B-1 \u00c9tir\u00e9 dur, B-2 Moyennement \u00e9tir\u00e9 dur, B-3 Doux ou recuit, B-8 Couche concentrique toronn\u00e9, B-33 \u00e9tam\u00e9, B-787 Brin combin\u00e9<br \/>\nApprouv\u00e9 REA\/RUS<br \/>\nNorme f\u00e9d\u00e9rale QQ-W-343<br \/>\nConforme \u00e0 la directive RoHS<\/p>\n","protected":false},"excerpt":{"rendered":"<p>Description Conducteurs toronn\u00e9s en cuivre \u00e9tam\u00e9 Application Convient pour une utilisation dans les syst\u00e8mes de mise \u00e0 la terre \u00e9lectrique (y compris la mise \u00e0 la terre \u00e0 contrepoids) et sur les isolateurs pour les applications de transmission et de distribution a\u00e9riennes. Approbations ASTM B-1 \u00c9tir\u00e9 dur, B-2 Moyennement \u00e9tir\u00e9 dur, B-3 Doux ou recuit, [&hellip;]<\/p>\n","protected":false},"featured_media":20168,"comment_status":"open","ping_status":"closed","template":"","meta":{"_acf_changed":false},"product_brand":[],"product_cat":[688],"product_tag":[1007],"application":[983],"voltage-rating":[],"jacket-material":[],"insulation-material":[],"conductor-material":[],"wire-gauge":[767,980,769,981,763],"conductor":[712],"class_list":{"0":"post-24001","1":"product","2":"type-product","3":"status-publish","4":"has-post-thumbnail","6":"product_cat-fils-et-cables-de-construction","7":"product_tag-fil-de-cuivre","8":"application-fil-de-construction","9":"wire-gauge-2-0-awg-fr","10":"wire-gauge-250-fr","11":"wire-gauge-4-0-awg-fr","12":"wire-gauge-500-fr","13":"wire-gauge-6-awg-fr","14":"conductor-1-fr","16":"first","17":"instock","18":"shipping-taxable","19":"purchasable","20":"product-type-variable"},"acf":[],"yoast_head":"<!-- This site is optimized with the Yoast SEO plugin v26.2 - https:\/\/yoast.com\/wordpress\/plugins\/seo\/ -->\n<title>Fil de cuivre \u00e9tam\u00e9 - toronn\u00e9 - National Cable Specialists<\/title>\n<meta name=\"description\" content=\"National Cable Specialists carries a selection of Fil de cuivre \u00e9tam\u00e9 - toronn\u00e9 for sale. Visit our website to learn more information.\" \/>\n<meta name=\"robots\" content=\"index, follow, max-snippet:-1, max-image-preview:large, max-video-preview:-1\" \/>\n<link rel=\"canonical\" href=\"https:\/\/nationalcablespecialists.ca\/fr\/produit\/fil-de-cuivre-etame-toronne\/\" \/>\n<meta property=\"og:locale\" content=\"fr_FR\" \/>\n<meta property=\"og:type\" content=\"article\" \/>\n<meta property=\"og:title\" content=\"Fil de cuivre \u00e9tam\u00e9 - toronn\u00e9 - National Cable Specialists\" \/>\n<meta property=\"og:description\" content=\"National Cable Specialists carries a selection of Fil de cuivre \u00e9tam\u00e9 - toronn\u00e9 for sale. Visit our website to learn more information.\" \/>\n<meta property=\"og:url\" content=\"https:\/\/nationalcablespecialists.ca\/fr\/produit\/fil-de-cuivre-etame-toronne\/\" \/>\n<meta property=\"og:site_name\" content=\"National Cable Specialists\" \/>\n<meta property=\"article:modified_time\" content=\"2024-01-24T16:28:33+00:00\" \/>\n<meta property=\"og:image\" content=\"https:\/\/nationalcablespecialists.ca\/wp-content\/uploads\/2023\/09\/Tinned-Copper-Stranded_500px1-2.jpg\" \/>\n\t<meta property=\"og:image:width\" content=\"500\" \/>\n\t<meta property=\"og:image:height\" content=\"500\" \/>\n\t<meta property=\"og:image:type\" content=\"image\/jpeg\" \/>\n<meta name=\"twitter:card\" content=\"summary_large_image\" \/>\n<script type=\"application\/ld+json\" class=\"yoast-schema-graph\">{\"@context\":\"https:\/\/schema.org\",\"@graph\":[{\"@type\":\"WebPage\",\"@id\":\"https:\/\/nationalcablespecialists.ca\/fr\/produit\/fil-de-cuivre-etame-toronne\/\",\"url\":\"https:\/\/nationalcablespecialists.ca\/fr\/produit\/fil-de-cuivre-etame-toronne\/\",\"name\":\"Fil de cuivre \u00e9tam\u00e9 - toronn\u00e9 - National Cable Specialists\",\"isPartOf\":{\"@id\":\"https:\/\/nationalcablespecialists.ca\/fr\/#website\"},\"primaryImageOfPage\":{\"@id\":\"https:\/\/nationalcablespecialists.ca\/fr\/produit\/fil-de-cuivre-etame-toronne\/#primaryimage\"},\"image\":{\"@id\":\"https:\/\/nationalcablespecialists.ca\/fr\/produit\/fil-de-cuivre-etame-toronne\/#primaryimage\"},\"thumbnailUrl\":\"https:\/\/nationalcablespecialists.ca\/wp-content\/uploads\/2023\/09\/Tinned-Copper-Stranded_500px1-2.jpg\",\"datePublished\":\"2023-09-15T21:17:25+00:00\",\"dateModified\":\"2024-01-24T16:28:33+00:00\",\"description\":\"National Cable Specialists carries a selection of Fil de cuivre \u00e9tam\u00e9 - toronn\u00e9 for sale. Visit our website to learn more information.\",\"breadcrumb\":{\"@id\":\"https:\/\/nationalcablespecialists.ca\/fr\/produit\/fil-de-cuivre-etame-toronne\/#breadcrumb\"},\"inLanguage\":\"fr-FR\",\"potentialAction\":[{\"@type\":\"ReadAction\",\"target\":[\"https:\/\/nationalcablespecialists.ca\/fr\/produit\/fil-de-cuivre-etame-toronne\/\"]}]},{\"@type\":\"ImageObject\",\"inLanguage\":\"fr-FR\",\"@id\":\"https:\/\/nationalcablespecialists.ca\/fr\/produit\/fil-de-cuivre-etame-toronne\/#primaryimage\",\"url\":\"https:\/\/nationalcablespecialists.ca\/wp-content\/uploads\/2023\/09\/Tinned-Copper-Stranded_500px1-2.jpg\",\"contentUrl\":\"https:\/\/nationalcablespecialists.ca\/wp-content\/uploads\/2023\/09\/Tinned-Copper-Stranded_500px1-2.jpg\",\"width\":500,\"height\":500,\"caption\":\"Tinned Copper Stranded\"},{\"@type\":\"BreadcrumbList\",\"@id\":\"https:\/\/nationalcablespecialists.ca\/fr\/produit\/fil-de-cuivre-etame-toronne\/#breadcrumb\",\"itemListElement\":[{\"@type\":\"ListItem\",\"position\":1,\"name\":\"Produits\",\"item\":\"https:\/\/nationalcablespecialists.ca\/our-products\/\"},{\"@type\":\"ListItem\",\"position\":2,\"name\":\"Fil de cuivre \u00e9tam\u00e9 &#8211; toronn\u00e9\"}]},{\"@type\":\"WebSite\",\"@id\":\"https:\/\/nationalcablespecialists.ca\/fr\/#website\",\"url\":\"https:\/\/nationalcablespecialists.ca\/fr\/\",\"name\":\"National Cable Specialists\",\"description\":\"\",\"publisher\":{\"@id\":\"https:\/\/nationalcablespecialists.ca\/fr\/#organization\"},\"potentialAction\":[{\"@type\":\"SearchAction\",\"target\":{\"@type\":\"EntryPoint\",\"urlTemplate\":\"https:\/\/nationalcablespecialists.ca\/fr\/?s={search_term_string}\"},\"query-input\":{\"@type\":\"PropertyValueSpecification\",\"valueRequired\":true,\"valueName\":\"search_term_string\"}}],\"inLanguage\":\"fr-FR\"},{\"@type\":\"Organization\",\"@id\":\"https:\/\/nationalcablespecialists.ca\/fr\/#organization\",\"name\":\"National Cable Specialists\",\"url\":\"https:\/\/nationalcablespecialists.ca\/fr\/\",\"logo\":{\"@type\":\"ImageObject\",\"inLanguage\":\"fr-FR\",\"@id\":\"https:\/\/nationalcablespecialists.ca\/fr\/#\/schema\/logo\/image\/\",\"url\":\"https:\/\/nationalcablespecialists.ca\/wp-content\/uploads\/2023\/01\/NCS_Lrg_Logo.png\",\"contentUrl\":\"https:\/\/nationalcablespecialists.ca\/wp-content\/uploads\/2023\/01\/NCS_Lrg_Logo.png\",\"width\":1600,\"height\":840,\"caption\":\"National Cable Specialists\"},\"image\":{\"@id\":\"https:\/\/nationalcablespecialists.ca\/fr\/#\/schema\/logo\/image\/\"}}]}<\/script>\n<!-- \/ Yoast SEO plugin. -->","yoast_head_json":{"title":"Fil de cuivre \u00e9tam\u00e9 - toronn\u00e9 - National Cable Specialists","description":"National Cable Specialists carries a selection of Fil de cuivre \u00e9tam\u00e9 - toronn\u00e9 for sale. Visit our website to learn more information.","robots":{"index":"index","follow":"follow","max-snippet":"max-snippet:-1","max-image-preview":"max-image-preview:large","max-video-preview":"max-video-preview:-1"},"canonical":"https:\/\/nationalcablespecialists.ca\/fr\/produit\/fil-de-cuivre-etame-toronne\/","og_locale":"fr_FR","og_type":"article","og_title":"Fil de cuivre \u00e9tam\u00e9 - toronn\u00e9 - National Cable Specialists","og_description":"National Cable Specialists carries a selection of Fil de cuivre \u00e9tam\u00e9 - toronn\u00e9 for sale. Visit our website to learn more information.","og_url":"https:\/\/nationalcablespecialists.ca\/fr\/produit\/fil-de-cuivre-etame-toronne\/","og_site_name":"National Cable Specialists","article_modified_time":"2024-01-24T16:28:33+00:00","og_image":[{"width":500,"height":500,"url":"https:\/\/nationalcablespecialists.ca\/wp-content\/uploads\/2023\/09\/Tinned-Copper-Stranded_500px1-2.jpg","type":"image\/jpeg"}],"twitter_card":"summary_large_image","schema":{"@context":"https:\/\/schema.org","@graph":[{"@type":"WebPage","@id":"https:\/\/nationalcablespecialists.ca\/fr\/produit\/fil-de-cuivre-etame-toronne\/","url":"https:\/\/nationalcablespecialists.ca\/fr\/produit\/fil-de-cuivre-etame-toronne\/","name":"Fil de cuivre \u00e9tam\u00e9 - toronn\u00e9 - National Cable Specialists","isPartOf":{"@id":"https:\/\/nationalcablespecialists.ca\/fr\/#website"},"primaryImageOfPage":{"@id":"https:\/\/nationalcablespecialists.ca\/fr\/produit\/fil-de-cuivre-etame-toronne\/#primaryimage"},"image":{"@id":"https:\/\/nationalcablespecialists.ca\/fr\/produit\/fil-de-cuivre-etame-toronne\/#primaryimage"},"thumbnailUrl":"https:\/\/nationalcablespecialists.ca\/wp-content\/uploads\/2023\/09\/Tinned-Copper-Stranded_500px1-2.jpg","datePublished":"2023-09-15T21:17:25+00:00","dateModified":"2024-01-24T16:28:33+00:00","description":"National Cable Specialists carries a selection of Fil de cuivre \u00e9tam\u00e9 - toronn\u00e9 for sale. Visit our website to learn more information.","breadcrumb":{"@id":"https:\/\/nationalcablespecialists.ca\/fr\/produit\/fil-de-cuivre-etame-toronne\/#breadcrumb"},"inLanguage":"fr-FR","potentialAction":[{"@type":"ReadAction","target":["https:\/\/nationalcablespecialists.ca\/fr\/produit\/fil-de-cuivre-etame-toronne\/"]}]},{"@type":"ImageObject","inLanguage":"fr-FR","@id":"https:\/\/nationalcablespecialists.ca\/fr\/produit\/fil-de-cuivre-etame-toronne\/#primaryimage","url":"https:\/\/nationalcablespecialists.ca\/wp-content\/uploads\/2023\/09\/Tinned-Copper-Stranded_500px1-2.jpg","contentUrl":"https:\/\/nationalcablespecialists.ca\/wp-content\/uploads\/2023\/09\/Tinned-Copper-Stranded_500px1-2.jpg","width":500,"height":500,"caption":"Tinned Copper Stranded"},{"@type":"BreadcrumbList","@id":"https:\/\/nationalcablespecialists.ca\/fr\/produit\/fil-de-cuivre-etame-toronne\/#breadcrumb","itemListElement":[{"@type":"ListItem","position":1,"name":"Produits","item":"https:\/\/nationalcablespecialists.ca\/our-products\/"},{"@type":"ListItem","position":2,"name":"Fil de cuivre \u00e9tam\u00e9 &#8211; toronn\u00e9"}]},{"@type":"WebSite","@id":"https:\/\/nationalcablespecialists.ca\/fr\/#website","url":"https:\/\/nationalcablespecialists.ca\/fr\/","name":"National Cable Specialists","description":"","publisher":{"@id":"https:\/\/nationalcablespecialists.ca\/fr\/#organization"},"potentialAction":[{"@type":"SearchAction","target":{"@type":"EntryPoint","urlTemplate":"https:\/\/nationalcablespecialists.ca\/fr\/?s={search_term_string}"},"query-input":{"@type":"PropertyValueSpecification","valueRequired":true,"valueName":"search_term_string"}}],"inLanguage":"fr-FR"},{"@type":"Organization","@id":"https:\/\/nationalcablespecialists.ca\/fr\/#organization","name":"National Cable Specialists","url":"https:\/\/nationalcablespecialists.ca\/fr\/","logo":{"@type":"ImageObject","inLanguage":"fr-FR","@id":"https:\/\/nationalcablespecialists.ca\/fr\/#\/schema\/logo\/image\/","url":"https:\/\/nationalcablespecialists.ca\/wp-content\/uploads\/2023\/01\/NCS_Lrg_Logo.png","contentUrl":"https:\/\/nationalcablespecialists.ca\/wp-content\/uploads\/2023\/01\/NCS_Lrg_Logo.png","width":1600,"height":840,"caption":"National Cable Specialists"},"image":{"@id":"https:\/\/nationalcablespecialists.ca\/fr\/#\/schema\/logo\/image\/"}}]}},"_links":{"self":[{"href":"https:\/\/nationalcablespecialists.ca\/fr\/wp-json\/wp\/v2\/product\/24001","targetHints":{"allow":["GET"]}}],"collection":[{"href":"https:\/\/nationalcablespecialists.ca\/fr\/wp-json\/wp\/v2\/product"}],"about":[{"href":"https:\/\/nationalcablespecialists.ca\/fr\/wp-json\/wp\/v2\/types\/product"}],"replies":[{"embeddable":true,"href":"https:\/\/nationalcablespecialists.ca\/fr\/wp-json\/wp\/v2\/comments?post=24001"}],"wp:featuredmedia":[{"embeddable":true,"href":"https:\/\/nationalcablespecialists.ca\/fr\/wp-json\/wp\/v2\/media\/20168"}],"wp:attachment":[{"href":"https:\/\/nationalcablespecialists.ca\/fr\/wp-json\/wp\/v2\/media?parent=24001"}],"wp:term":[{"taxonomy":"product_brand","embeddable":true,"href":"https:\/\/nationalcablespecialists.ca\/fr\/wp-json\/wp\/v2\/product_brand?post=24001"},{"taxonomy":"product_cat","embeddable":true,"href":"https:\/\/nationalcablespecialists.ca\/fr\/wp-json\/wp\/v2\/product_cat?post=24001"},{"taxonomy":"product_tag","embeddable":true,"href":"https:\/\/nationalcablespecialists.ca\/fr\/wp-json\/wp\/v2\/product_tag?post=24001"},{"taxonomy":"application","embeddable":true,"href":"https:\/\/nationalcablespecialists.ca\/fr\/wp-json\/wp\/v2\/application?post=24001"},{"taxonomy":"voltage-rating","embeddable":true,"href":"https:\/\/nationalcablespecialists.ca\/fr\/wp-json\/wp\/v2\/voltage-rating?post=24001"},{"taxonomy":"jacket-material","embeddable":true,"href":"https:\/\/nationalcablespecialists.ca\/fr\/wp-json\/wp\/v2\/jacket-material?post=24001"},{"taxonomy":"insulation-material","embeddable":true,"href":"https:\/\/nationalcablespecialists.ca\/fr\/wp-json\/wp\/v2\/insulation-material?post=24001"},{"taxonomy":"conductor-material","embeddable":true,"href":"https:\/\/nationalcablespecialists.ca\/fr\/wp-json\/wp\/v2\/conductor-material?post=24001"},{"taxonomy":"wire-gauge","embeddable":true,"href":"https:\/\/nationalcablespecialists.ca\/fr\/wp-json\/wp\/v2\/wire-gauge?post=24001"},{"taxonomy":"conductor","embeddable":true,"href":"https:\/\/nationalcablespecialists.ca\/fr\/wp-json\/wp\/v2\/conductor?post=24001"}],"curies":[{"name":"wp","href":"https:\/\/api.w.org\/{rel}","templated":true}]}}