{"id":23964,"date":"2023-09-15T14:19:51","date_gmt":"2023-09-15T21:19:51","guid":{"rendered":"https:\/\/nationalcablespecialists.ca\/product\/cable-dinstrumentation-16-awg-300v\/"},"modified":"2023-09-15T14:19:51","modified_gmt":"2023-09-15T21:19:51","slug":"cable-dinstrumentation-16-awg-300v","status":"publish","type":"product","link":"https:\/\/nationalcablespecialists.ca\/fr\/produit\/cable-dinstrumentation-16-awg-300v\/","title":{"rendered":"C\u00e2ble d\u2019instrumentation 16 AWG 300V"},"content":{"rendered":"<p><strong>Conducteur<\/strong> 18 AWG toronn\u00e9 \u00e9tam\u00e9 cuivre tendre,<br \/>\nASTM B8, B33<br \/>\n<strong>Armure<\/strong> Armure imbriqu\u00e9e en aluminium ou en acier galvanis\u00e9<br \/>\n<strong>Isolation<\/strong> Poly\u00e9thyl\u00e8ne r\u00e9ticul\u00e9 (XLPE) CSA Type XL<br \/>\n<strong>Temp\u00e9rature<\/strong> -40\u00b0C \u00e0 +90\u00b0C<br \/>\n<strong>Tension 300V<\/strong><br \/>\n<strong>Veste<\/strong> Gaines int\u00e9rieures et ext\u00e9rieures en polychlorure de vinyle \u00e0 faible teneur en acide (PVC)<br \/>\n<strong>Applications<\/strong> Utilis\u00e9 pour transmettre des signaux analogiques ou num\u00e9riques. Pour les endroits humides et secs. \u00c0 utiliser pour les c\u00e2blages expos\u00e9s et dissimul\u00e9s ou en cas de conditions m\u00e9t\u00e9orologiques. Pour<br \/>\nUtilisation dans des chemins de c\u00e2bles ventil\u00e9s, non ventil\u00e9s et de type \u00e9chelle ou directement enterr\u00e9s.<br \/>\n<strong>Approbations<\/strong> Conformit\u00e9 de l\u2019industrie : Normes CSA C22.2 n\u00b0 239, n\u00b0 174 et n\u00b0 2256<br \/>\nConformit\u00e9 aux tests de flamme RoHS : CSA FT4<br \/>\nZones dangereuses selon le code CE Partie I 2021 Section 18, lorsqu\u2019il est install\u00e9 avec des connecteurs approuv\u00e9s<br \/>\nR\u00e9sistant \u00e0 la lumi\u00e8re du soleil, SUN RES et gaz faiblement acide, AG14)<br \/>\nGaz acide&nbsp;: CSA AG14 selon le c\u00e2ble Teck90 Norme CSA n \u00b0 131<br \/>\n<strong>Couleur<\/strong> Codage Noir, blanc, rouge, bleu et vert<br \/>\nNoir et blanc avec num\u00e9ro imprim\u00e9<\/p>\n<p>*OS = Bouclier global, SPOS = Paire blind\u00e9e, Bouclier global, STOS = Triade blind\u00e9e, Bouclier global<\/p>\n","protected":false},"excerpt":{"rendered":"<p>Conducteur 18 AWG toronn\u00e9 \u00e9tam\u00e9 cuivre tendre, ASTM B8, B33 Armure Armure imbriqu\u00e9e en aluminium ou en acier galvanis\u00e9 Isolation Poly\u00e9thyl\u00e8ne r\u00e9ticul\u00e9 (XLPE) CSA Type XL Temp\u00e9rature -40\u00b0C \u00e0 +90\u00b0C Tension 300V Veste Gaines int\u00e9rieures et ext\u00e9rieures en polychlorure de vinyle \u00e0 faible teneur en acide (PVC) Applications Utilis\u00e9 pour transmettre des signaux analogiques ou [&hellip;]<\/p>\n","protected":false},"featured_media":20372,"comment_status":"open","ping_status":"closed","template":"","meta":{"_acf_changed":false},"product_brand":[],"product_cat":[971],"product_tag":[992],"application":[974,975],"voltage-rating":[683],"jacket-material":[694],"insulation-material":[840],"conductor-material":[672],"wire-gauge":[674],"conductor":[834,990,880,996,944,997,800,991,993,998,973,752,994,824,995,825,972],"class_list":{"0":"post-23964","1":"product","2":"type-product","3":"status-publish","4":"has-post-thumbnail","6":"product_cat-instrumentation-et-controle","7":"product_tag-cable-dinstrumentation","8":"application-signal-analogique","9":"application-signal-numerique","10":"voltage-rating-300v-fr","11":"jacket-material-chlorure-de-polyvinyle","12":"insulation-material-xlpe-fr","13":"conductor-material-stranded-tinned-copper-fr","14":"wire-gauge-16-awg-fr","15":"conductor-1-paire","16":"conductor-1-triade","17":"conductor-12-paires","18":"conductor-12-triades","19":"conductor-16-paires","20":"conductor-16-triades","21":"conductor-2-paires","22":"conductor-2-triades","23":"conductor-24-paires","24":"conductor-24-triades","25":"conductor-36-paires","26":"conductor-4-paires","27":"conductor-4-triades","28":"conductor-6-paires","29":"conductor-6-triades","30":"conductor-8-paires","31":"conductor-8-triades","33":"first","34":"instock","35":"shipping-taxable","36":"purchasable","37":"product-type-variable"},"acf":[],"yoast_head":"<!-- This site is optimized with the Yoast SEO plugin v27.5 - https:\/\/yoast.com\/product\/yoast-seo-wordpress\/ -->\n<title>C\u00e2ble d\u2019instrumentation 16 AWG 300V - National Cable Specialists<\/title>\n<meta name=\"description\" content=\"National Cable Specialists carries a selection of C\u00e2ble d\u2019instrumentation 16 AWG 300V for sale. Visit our website to learn more information.\" \/>\n<meta name=\"robots\" content=\"index, follow, max-snippet:-1, max-image-preview:large, max-video-preview:-1\" \/>\n<link rel=\"canonical\" href=\"https:\/\/nationalcablespecialists.ca\/fr\/produit\/cable-dinstrumentation-16-awg-300v\/\" \/>\n<meta property=\"og:locale\" content=\"fr_FR\" \/>\n<meta property=\"og:type\" content=\"article\" \/>\n<meta property=\"og:title\" content=\"C\u00e2ble d\u2019instrumentation 16 AWG 300V - National Cable Specialists\" \/>\n<meta property=\"og:description\" content=\"National Cable Specialists carries a selection of C\u00e2ble d\u2019instrumentation 16 AWG 300V for sale. Visit our website to learn more information.\" \/>\n<meta property=\"og:url\" content=\"https:\/\/nationalcablespecialists.ca\/fr\/produit\/cable-dinstrumentation-16-awg-300v\/\" \/>\n<meta property=\"og:site_name\" content=\"National Cable Specialists\" \/>\n<meta property=\"og:image\" content=\"https:\/\/nationalcablespecialists.ca\/wp-content\/uploads\/2023\/09\/Instrument-3pr-grey_500px-5.jpg\" \/>\n\t<meta property=\"og:image:width\" content=\"500\" \/>\n\t<meta property=\"og:image:height\" content=\"500\" \/>\n\t<meta property=\"og:image:type\" content=\"image\/jpeg\" \/>\n<meta name=\"twitter:card\" content=\"summary_large_image\" \/>\n<meta name=\"twitter:label1\" content=\"Dur\u00e9e de lecture estim\u00e9e\" \/>\n\t<meta name=\"twitter:data1\" content=\"1 minute\" \/>\n<script type=\"application\/ld+json\" class=\"yoast-schema-graph\">{\"@context\":\"https:\\\/\\\/schema.org\",\"@graph\":[{\"@type\":\"WebPage\",\"@id\":\"https:\\\/\\\/nationalcablespecialists.ca\\\/fr\\\/produit\\\/cable-dinstrumentation-16-awg-300v\\\/\",\"url\":\"https:\\\/\\\/nationalcablespecialists.ca\\\/fr\\\/produit\\\/cable-dinstrumentation-16-awg-300v\\\/\",\"name\":\"C\u00e2ble d\u2019instrumentation 16 AWG 300V - National Cable Specialists\",\"isPartOf\":{\"@id\":\"https:\\\/\\\/nationalcablespecialists.ca\\\/fr\\\/#website\"},\"primaryImageOfPage\":{\"@id\":\"https:\\\/\\\/nationalcablespecialists.ca\\\/fr\\\/produit\\\/cable-dinstrumentation-16-awg-300v\\\/#primaryimage\"},\"image\":{\"@id\":\"https:\\\/\\\/nationalcablespecialists.ca\\\/fr\\\/produit\\\/cable-dinstrumentation-16-awg-300v\\\/#primaryimage\"},\"thumbnailUrl\":\"https:\\\/\\\/nationalcablespecialists.ca\\\/wp-content\\\/uploads\\\/2023\\\/09\\\/Instrument-3pr-grey_500px-5.jpg\",\"datePublished\":\"2023-09-15T21:19:51+00:00\",\"description\":\"National Cable Specialists carries a selection of C\u00e2ble d\u2019instrumentation 16 AWG 300V for sale. Visit our website to learn more information.\",\"breadcrumb\":{\"@id\":\"https:\\\/\\\/nationalcablespecialists.ca\\\/fr\\\/produit\\\/cable-dinstrumentation-16-awg-300v\\\/#breadcrumb\"},\"inLanguage\":\"fr-FR\",\"potentialAction\":[{\"@type\":\"ReadAction\",\"target\":[\"https:\\\/\\\/nationalcablespecialists.ca\\\/fr\\\/produit\\\/cable-dinstrumentation-16-awg-300v\\\/\"]}]},{\"@type\":\"ImageObject\",\"inLanguage\":\"fr-FR\",\"@id\":\"https:\\\/\\\/nationalcablespecialists.ca\\\/fr\\\/produit\\\/cable-dinstrumentation-16-awg-300v\\\/#primaryimage\",\"url\":\"https:\\\/\\\/nationalcablespecialists.ca\\\/wp-content\\\/uploads\\\/2023\\\/09\\\/Instrument-3pr-grey_500px-5.jpg\",\"contentUrl\":\"https:\\\/\\\/nationalcablespecialists.ca\\\/wp-content\\\/uploads\\\/2023\\\/09\\\/Instrument-3pr-grey_500px-5.jpg\",\"width\":500,\"height\":500,\"caption\":\"Instrument 3pr grey\"},{\"@type\":\"BreadcrumbList\",\"@id\":\"https:\\\/\\\/nationalcablespecialists.ca\\\/fr\\\/produit\\\/cable-dinstrumentation-16-awg-300v\\\/#breadcrumb\",\"itemListElement\":[{\"@type\":\"ListItem\",\"position\":1,\"name\":\"Produits\",\"item\":\"https:\\\/\\\/nationalcablespecialists.ca\\\/our-products\\\/\"},{\"@type\":\"ListItem\",\"position\":2,\"name\":\"C\u00e2ble d\u2019instrumentation 16 AWG 300V\"}]},{\"@type\":\"WebSite\",\"@id\":\"https:\\\/\\\/nationalcablespecialists.ca\\\/fr\\\/#website\",\"url\":\"https:\\\/\\\/nationalcablespecialists.ca\\\/fr\\\/\",\"name\":\"National Cable Specialists\",\"description\":\"\",\"publisher\":{\"@id\":\"https:\\\/\\\/nationalcablespecialists.ca\\\/fr\\\/#organization\"},\"potentialAction\":[{\"@type\":\"SearchAction\",\"target\":{\"@type\":\"EntryPoint\",\"urlTemplate\":\"https:\\\/\\\/nationalcablespecialists.ca\\\/fr\\\/?s={search_term_string}\"},\"query-input\":{\"@type\":\"PropertyValueSpecification\",\"valueRequired\":true,\"valueName\":\"search_term_string\"}}],\"inLanguage\":\"fr-FR\"},{\"@type\":\"Organization\",\"@id\":\"https:\\\/\\\/nationalcablespecialists.ca\\\/fr\\\/#organization\",\"name\":\"National Cable Specialists\",\"url\":\"https:\\\/\\\/nationalcablespecialists.ca\\\/fr\\\/\",\"logo\":{\"@type\":\"ImageObject\",\"inLanguage\":\"fr-FR\",\"@id\":\"https:\\\/\\\/nationalcablespecialists.ca\\\/fr\\\/#\\\/schema\\\/logo\\\/image\\\/\",\"url\":\"https:\\\/\\\/nationalcablespecialists.ca\\\/wp-content\\\/uploads\\\/2023\\\/01\\\/NCS_Lrg_Logo.png\",\"contentUrl\":\"https:\\\/\\\/nationalcablespecialists.ca\\\/wp-content\\\/uploads\\\/2023\\\/01\\\/NCS_Lrg_Logo.png\",\"width\":1600,\"height\":840,\"caption\":\"National Cable Specialists\"},\"image\":{\"@id\":\"https:\\\/\\\/nationalcablespecialists.ca\\\/fr\\\/#\\\/schema\\\/logo\\\/image\\\/\"}}]}<\/script>\n<!-- \/ Yoast SEO plugin. -->","yoast_head_json":{"title":"C\u00e2ble d\u2019instrumentation 16 AWG 300V - National Cable Specialists","description":"National Cable Specialists carries a selection of C\u00e2ble d\u2019instrumentation 16 AWG 300V for sale. Visit our website to learn more information.","robots":{"index":"index","follow":"follow","max-snippet":"max-snippet:-1","max-image-preview":"max-image-preview:large","max-video-preview":"max-video-preview:-1"},"canonical":"https:\/\/nationalcablespecialists.ca\/fr\/produit\/cable-dinstrumentation-16-awg-300v\/","og_locale":"fr_FR","og_type":"article","og_title":"C\u00e2ble d\u2019instrumentation 16 AWG 300V - National Cable Specialists","og_description":"National Cable Specialists carries a selection of C\u00e2ble d\u2019instrumentation 16 AWG 300V for sale. Visit our website to learn more information.","og_url":"https:\/\/nationalcablespecialists.ca\/fr\/produit\/cable-dinstrumentation-16-awg-300v\/","og_site_name":"National Cable Specialists","og_image":[{"width":500,"height":500,"url":"https:\/\/nationalcablespecialists.ca\/wp-content\/uploads\/2023\/09\/Instrument-3pr-grey_500px-5.jpg","type":"image\/jpeg"}],"twitter_card":"summary_large_image","twitter_misc":{"Dur\u00e9e de lecture estim\u00e9e":"1 minute"},"schema":{"@context":"https:\/\/schema.org","@graph":[{"@type":"WebPage","@id":"https:\/\/nationalcablespecialists.ca\/fr\/produit\/cable-dinstrumentation-16-awg-300v\/","url":"https:\/\/nationalcablespecialists.ca\/fr\/produit\/cable-dinstrumentation-16-awg-300v\/","name":"C\u00e2ble d\u2019instrumentation 16 AWG 300V - National Cable Specialists","isPartOf":{"@id":"https:\/\/nationalcablespecialists.ca\/fr\/#website"},"primaryImageOfPage":{"@id":"https:\/\/nationalcablespecialists.ca\/fr\/produit\/cable-dinstrumentation-16-awg-300v\/#primaryimage"},"image":{"@id":"https:\/\/nationalcablespecialists.ca\/fr\/produit\/cable-dinstrumentation-16-awg-300v\/#primaryimage"},"thumbnailUrl":"https:\/\/nationalcablespecialists.ca\/wp-content\/uploads\/2023\/09\/Instrument-3pr-grey_500px-5.jpg","datePublished":"2023-09-15T21:19:51+00:00","description":"National Cable Specialists carries a selection of C\u00e2ble d\u2019instrumentation 16 AWG 300V for sale. Visit our website to learn more information.","breadcrumb":{"@id":"https:\/\/nationalcablespecialists.ca\/fr\/produit\/cable-dinstrumentation-16-awg-300v\/#breadcrumb"},"inLanguage":"fr-FR","potentialAction":[{"@type":"ReadAction","target":["https:\/\/nationalcablespecialists.ca\/fr\/produit\/cable-dinstrumentation-16-awg-300v\/"]}]},{"@type":"ImageObject","inLanguage":"fr-FR","@id":"https:\/\/nationalcablespecialists.ca\/fr\/produit\/cable-dinstrumentation-16-awg-300v\/#primaryimage","url":"https:\/\/nationalcablespecialists.ca\/wp-content\/uploads\/2023\/09\/Instrument-3pr-grey_500px-5.jpg","contentUrl":"https:\/\/nationalcablespecialists.ca\/wp-content\/uploads\/2023\/09\/Instrument-3pr-grey_500px-5.jpg","width":500,"height":500,"caption":"Instrument 3pr grey"},{"@type":"BreadcrumbList","@id":"https:\/\/nationalcablespecialists.ca\/fr\/produit\/cable-dinstrumentation-16-awg-300v\/#breadcrumb","itemListElement":[{"@type":"ListItem","position":1,"name":"Produits","item":"https:\/\/nationalcablespecialists.ca\/our-products\/"},{"@type":"ListItem","position":2,"name":"C\u00e2ble d\u2019instrumentation 16 AWG 300V"}]},{"@type":"WebSite","@id":"https:\/\/nationalcablespecialists.ca\/fr\/#website","url":"https:\/\/nationalcablespecialists.ca\/fr\/","name":"National Cable Specialists","description":"","publisher":{"@id":"https:\/\/nationalcablespecialists.ca\/fr\/#organization"},"potentialAction":[{"@type":"SearchAction","target":{"@type":"EntryPoint","urlTemplate":"https:\/\/nationalcablespecialists.ca\/fr\/?s={search_term_string}"},"query-input":{"@type":"PropertyValueSpecification","valueRequired":true,"valueName":"search_term_string"}}],"inLanguage":"fr-FR"},{"@type":"Organization","@id":"https:\/\/nationalcablespecialists.ca\/fr\/#organization","name":"National Cable Specialists","url":"https:\/\/nationalcablespecialists.ca\/fr\/","logo":{"@type":"ImageObject","inLanguage":"fr-FR","@id":"https:\/\/nationalcablespecialists.ca\/fr\/#\/schema\/logo\/image\/","url":"https:\/\/nationalcablespecialists.ca\/wp-content\/uploads\/2023\/01\/NCS_Lrg_Logo.png","contentUrl":"https:\/\/nationalcablespecialists.ca\/wp-content\/uploads\/2023\/01\/NCS_Lrg_Logo.png","width":1600,"height":840,"caption":"National Cable Specialists"},"image":{"@id":"https:\/\/nationalcablespecialists.ca\/fr\/#\/schema\/logo\/image\/"}}]}},"_links":{"self":[{"href":"https:\/\/nationalcablespecialists.ca\/fr\/wp-json\/wp\/v2\/product\/23964","targetHints":{"allow":["GET"]}}],"collection":[{"href":"https:\/\/nationalcablespecialists.ca\/fr\/wp-json\/wp\/v2\/product"}],"about":[{"href":"https:\/\/nationalcablespecialists.ca\/fr\/wp-json\/wp\/v2\/types\/product"}],"replies":[{"embeddable":true,"href":"https:\/\/nationalcablespecialists.ca\/fr\/wp-json\/wp\/v2\/comments?post=23964"}],"wp:featuredmedia":[{"embeddable":true,"href":"https:\/\/nationalcablespecialists.ca\/fr\/wp-json\/wp\/v2\/media\/20372"}],"wp:attachment":[{"href":"https:\/\/nationalcablespecialists.ca\/fr\/wp-json\/wp\/v2\/media?parent=23964"}],"wp:term":[{"taxonomy":"product_brand","embeddable":true,"href":"https:\/\/nationalcablespecialists.ca\/fr\/wp-json\/wp\/v2\/product_brand?post=23964"},{"taxonomy":"product_cat","embeddable":true,"href":"https:\/\/nationalcablespecialists.ca\/fr\/wp-json\/wp\/v2\/product_cat?post=23964"},{"taxonomy":"product_tag","embeddable":true,"href":"https:\/\/nationalcablespecialists.ca\/fr\/wp-json\/wp\/v2\/product_tag?post=23964"},{"taxonomy":"application","embeddable":true,"href":"https:\/\/nationalcablespecialists.ca\/fr\/wp-json\/wp\/v2\/application?post=23964"},{"taxonomy":"voltage-rating","embeddable":true,"href":"https:\/\/nationalcablespecialists.ca\/fr\/wp-json\/wp\/v2\/voltage-rating?post=23964"},{"taxonomy":"jacket-material","embeddable":true,"href":"https:\/\/nationalcablespecialists.ca\/fr\/wp-json\/wp\/v2\/jacket-material?post=23964"},{"taxonomy":"insulation-material","embeddable":true,"href":"https:\/\/nationalcablespecialists.ca\/fr\/wp-json\/wp\/v2\/insulation-material?post=23964"},{"taxonomy":"conductor-material","embeddable":true,"href":"https:\/\/nationalcablespecialists.ca\/fr\/wp-json\/wp\/v2\/conductor-material?post=23964"},{"taxonomy":"wire-gauge","embeddable":true,"href":"https:\/\/nationalcablespecialists.ca\/fr\/wp-json\/wp\/v2\/wire-gauge?post=23964"},{"taxonomy":"conductor","embeddable":true,"href":"https:\/\/nationalcablespecialists.ca\/fr\/wp-json\/wp\/v2\/conductor?post=23964"}],"curies":[{"name":"wp","href":"https:\/\/api.w.org\/{rel}","templated":true}]}}