{"id":23944,"date":"2023-09-15T14:19:10","date_gmt":"2023-09-15T21:19:10","guid":{"rendered":"https:\/\/nationalcablespecialists.ca\/product\/quatre-conducteurs-acwu90-600v-aluminium\/"},"modified":"2023-09-15T14:19:10","modified_gmt":"2023-09-15T21:19:10","slug":"quatre-conducteurs-acwu90-600v-aluminium","status":"publish","type":"product","link":"https:\/\/nationalcablespecialists.ca\/fr\/produit\/quatre-conducteurs-acwu90-600v-aluminium\/","title":{"rendered":"Quatre conducteurs ACWU90 600V Aluminium"},"content":{"rendered":"<p><strong>Conducteur<\/strong> 6 AWG \u00e0 750 kcmil aluminium (aluminium s\u00e9rie 8000) brin compact de classe \u00ab&nbsp;B&nbsp;\u00bb<br \/>\n<strong>Armure<\/strong> Armure imbriqu\u00e9e en aluminium<br \/>\n<strong>Isolation<\/strong> Poly\u00e9thyl\u00e8ne r\u00e9ticul\u00e9 (XLPE) Type RW90<br \/>\n<strong>Temp\u00e9rature<\/strong> -40\u00b0C \u00e0 +90\u00b0C<br \/>\n<strong>Terre<\/strong> Conducteur en aluminium toronn\u00e9 nu envelopp\u00e9 concentriquement<br \/>\n<strong>Tension 600V<\/strong><br \/>\n<strong>Veste<\/strong> Polychlorure de vinyle (PVC) \u00e0 faible teneur en gaz acide, ignifuge, r\u00e9sistant \u00e0 l\u2019humidit\u00e9 et \u00e0 la lumi\u00e8re du soleil, noir<br \/>\n<strong>Applications<\/strong> Pour c\u00e2blage expos\u00e9 et dissimul\u00e9 dans des endroits secs, humides ou mouill\u00e9s Pour une utilisation dans des environnements ventil\u00e9s, non ventil\u00e9s et<br \/>\nchemins de c\u00e2bles de type \u00e9chelle dans un endroit sec, humide ou mouill\u00e9 Pour l\u2019enfouissement direct sous terre (avec protection si n\u00e9cessaire<br \/>\npar l\u2019autorit\u00e9 d\u2019inspection) Pour le c\u00e2blage de toutes les zones dangereuses lorsqu\u2019il est utilis\u00e9 avec des presse-\u00e9toupes HL certifi\u00e9s Pour<br \/>\nInstallations d\u2019entr\u00e9es de service.<br \/>\n<strong>Approbations<\/strong> Conformit\u00e9 de l\u2019industrie : Normes CSA C22.2 n\u00b0 51 et n\u00b0 174<br \/>\nConformit\u00e9 aux tests de flamme RoHS : CSA FT4, Low Acid Gas<br \/>\nAutres conformit\u00e9s : Classement pour zones dangereuses : HL<br \/>\n<strong>Code couleur<\/strong><br \/>\n#8 AWG \u00e0 #2 : noir, rouge, blanc<br \/>\n#1 AWG \u00e0 750 kcmil : noir avec couleurs imprim\u00e9es.<\/p>\n","protected":false},"excerpt":{"rendered":"<p>Conducteur 6 AWG \u00e0 750 kcmil aluminium (aluminium s\u00e9rie 8000) brin compact de classe \u00ab&nbsp;B&nbsp;\u00bb Armure Armure imbriqu\u00e9e en aluminium Isolation Poly\u00e9thyl\u00e8ne r\u00e9ticul\u00e9 (XLPE) Type RW90 Temp\u00e9rature -40\u00b0C \u00e0 +90\u00b0C Terre Conducteur en aluminium toronn\u00e9 nu envelopp\u00e9 concentriquement Tension 600V Veste Polychlorure de vinyle (PVC) \u00e0 faible teneur en gaz acide, ignifuge, r\u00e9sistant \u00e0 l\u2019humidit\u00e9 [&hellip;]<\/p>\n","protected":false},"featured_media":20340,"comment_status":"open","ping_status":"closed","template":"","meta":{"_acf_changed":false},"product_brand":[],"product_cat":[688],"product_tag":[982],"application":[983],"voltage-rating":[670],"jacket-material":[694],"insulation-material":[840],"conductor-material":[984],"wire-gauge":[770,766,765,767,980,768,987,764,769,981,763,977],"conductor":[680],"class_list":{"0":"post-23944","1":"product","2":"type-product","3":"status-publish","4":"has-post-thumbnail","6":"product_cat-fils-et-cables-de-construction","7":"product_tag-acwu90-fr","8":"application-fil-de-construction","9":"voltage-rating-600v-fr","10":"jacket-material-chlorure-de-polyvinyle","11":"insulation-material-xlpe-fr","12":"conductor-material-aluminium-toronne","13":"wire-gauge-1-awg-fr","14":"wire-gauge-1-0-awg-fr","15":"wire-gauge-2-awg-fr","16":"wire-gauge-2-0-awg-fr","17":"wire-gauge-250-fr","18":"wire-gauge-3-0-awg-fr","19":"wire-gauge-350-fr","20":"wire-gauge-4-awg-fr","21":"wire-gauge-4-0-awg-fr","22":"wire-gauge-500-fr","23":"wire-gauge-6-awg-fr","24":"wire-gauge-750-fr","25":"conductor-4-fr","27":"first","28":"instock","29":"shipping-taxable","30":"purchasable","31":"product-type-variable"},"acf":[],"yoast_head":"<!-- This site is optimized with the Yoast SEO plugin v27.5 - https:\/\/yoast.com\/product\/yoast-seo-wordpress\/ -->\n<title>Quatre conducteurs ACWU90 600V Aluminium - National Cable Specialists<\/title>\n<meta name=\"description\" content=\"National Cable Specialists carries a selection of Quatre conducteurs ACWU90 600V Aluminium for sale. Visit our website to learn more information.\" \/>\n<meta name=\"robots\" content=\"index, follow, max-snippet:-1, max-image-preview:large, max-video-preview:-1\" \/>\n<link rel=\"canonical\" href=\"https:\/\/nationalcablespecialists.ca\/fr\/produit\/quatre-conducteurs-acwu90-600v-aluminium\/\" \/>\n<meta property=\"og:locale\" content=\"fr_FR\" \/>\n<meta property=\"og:type\" content=\"article\" \/>\n<meta property=\"og:title\" content=\"Quatre conducteurs ACWU90 600V Aluminium - National Cable Specialists\" \/>\n<meta property=\"og:description\" content=\"National Cable Specialists carries a selection of Quatre conducteurs ACWU90 600V Aluminium for sale. Visit our website to learn more information.\" \/>\n<meta property=\"og:url\" content=\"https:\/\/nationalcablespecialists.ca\/fr\/produit\/quatre-conducteurs-acwu90-600v-aluminium\/\" \/>\n<meta property=\"og:site_name\" content=\"National Cable Specialists\" \/>\n<meta property=\"og:image\" content=\"https:\/\/nationalcablespecialists.ca\/wp-content\/uploads\/2023\/09\/ACWU90_4c_500px-2.jpg\" \/>\n\t<meta property=\"og:image:width\" content=\"500\" \/>\n\t<meta property=\"og:image:height\" content=\"500\" \/>\n\t<meta property=\"og:image:type\" content=\"image\/jpeg\" \/>\n<meta name=\"twitter:card\" content=\"summary_large_image\" \/>\n<meta name=\"twitter:label1\" content=\"Dur\u00e9e de lecture estim\u00e9e\" \/>\n\t<meta name=\"twitter:data1\" content=\"1 minute\" \/>\n<script type=\"application\/ld+json\" class=\"yoast-schema-graph\">{\"@context\":\"https:\\\/\\\/schema.org\",\"@graph\":[{\"@type\":\"WebPage\",\"@id\":\"https:\\\/\\\/nationalcablespecialists.ca\\\/fr\\\/produit\\\/quatre-conducteurs-acwu90-600v-aluminium\\\/\",\"url\":\"https:\\\/\\\/nationalcablespecialists.ca\\\/fr\\\/produit\\\/quatre-conducteurs-acwu90-600v-aluminium\\\/\",\"name\":\"Quatre conducteurs ACWU90 600V Aluminium - National Cable Specialists\",\"isPartOf\":{\"@id\":\"https:\\\/\\\/nationalcablespecialists.ca\\\/fr\\\/#website\"},\"primaryImageOfPage\":{\"@id\":\"https:\\\/\\\/nationalcablespecialists.ca\\\/fr\\\/produit\\\/quatre-conducteurs-acwu90-600v-aluminium\\\/#primaryimage\"},\"image\":{\"@id\":\"https:\\\/\\\/nationalcablespecialists.ca\\\/fr\\\/produit\\\/quatre-conducteurs-acwu90-600v-aluminium\\\/#primaryimage\"},\"thumbnailUrl\":\"https:\\\/\\\/nationalcablespecialists.ca\\\/wp-content\\\/uploads\\\/2023\\\/09\\\/ACWU90_4c_500px-2.jpg\",\"datePublished\":\"2023-09-15T21:19:10+00:00\",\"description\":\"National Cable Specialists carries a selection of Quatre conducteurs ACWU90 600V Aluminium for sale. Visit our website to learn more information.\",\"breadcrumb\":{\"@id\":\"https:\\\/\\\/nationalcablespecialists.ca\\\/fr\\\/produit\\\/quatre-conducteurs-acwu90-600v-aluminium\\\/#breadcrumb\"},\"inLanguage\":\"fr-FR\",\"potentialAction\":[{\"@type\":\"ReadAction\",\"target\":[\"https:\\\/\\\/nationalcablespecialists.ca\\\/fr\\\/produit\\\/quatre-conducteurs-acwu90-600v-aluminium\\\/\"]}]},{\"@type\":\"ImageObject\",\"inLanguage\":\"fr-FR\",\"@id\":\"https:\\\/\\\/nationalcablespecialists.ca\\\/fr\\\/produit\\\/quatre-conducteurs-acwu90-600v-aluminium\\\/#primaryimage\",\"url\":\"https:\\\/\\\/nationalcablespecialists.ca\\\/wp-content\\\/uploads\\\/2023\\\/09\\\/ACWU90_4c_500px-2.jpg\",\"contentUrl\":\"https:\\\/\\\/nationalcablespecialists.ca\\\/wp-content\\\/uploads\\\/2023\\\/09\\\/ACWU90_4c_500px-2.jpg\",\"width\":500,\"height\":500,\"caption\":\"ACWU90_4c\"},{\"@type\":\"BreadcrumbList\",\"@id\":\"https:\\\/\\\/nationalcablespecialists.ca\\\/fr\\\/produit\\\/quatre-conducteurs-acwu90-600v-aluminium\\\/#breadcrumb\",\"itemListElement\":[{\"@type\":\"ListItem\",\"position\":1,\"name\":\"Produits\",\"item\":\"https:\\\/\\\/nationalcablespecialists.ca\\\/our-products\\\/\"},{\"@type\":\"ListItem\",\"position\":2,\"name\":\"Quatre conducteurs ACWU90 600V Aluminium\"}]},{\"@type\":\"WebSite\",\"@id\":\"https:\\\/\\\/nationalcablespecialists.ca\\\/fr\\\/#website\",\"url\":\"https:\\\/\\\/nationalcablespecialists.ca\\\/fr\\\/\",\"name\":\"National Cable Specialists\",\"description\":\"\",\"publisher\":{\"@id\":\"https:\\\/\\\/nationalcablespecialists.ca\\\/fr\\\/#organization\"},\"potentialAction\":[{\"@type\":\"SearchAction\",\"target\":{\"@type\":\"EntryPoint\",\"urlTemplate\":\"https:\\\/\\\/nationalcablespecialists.ca\\\/fr\\\/?s={search_term_string}\"},\"query-input\":{\"@type\":\"PropertyValueSpecification\",\"valueRequired\":true,\"valueName\":\"search_term_string\"}}],\"inLanguage\":\"fr-FR\"},{\"@type\":\"Organization\",\"@id\":\"https:\\\/\\\/nationalcablespecialists.ca\\\/fr\\\/#organization\",\"name\":\"National Cable Specialists\",\"url\":\"https:\\\/\\\/nationalcablespecialists.ca\\\/fr\\\/\",\"logo\":{\"@type\":\"ImageObject\",\"inLanguage\":\"fr-FR\",\"@id\":\"https:\\\/\\\/nationalcablespecialists.ca\\\/fr\\\/#\\\/schema\\\/logo\\\/image\\\/\",\"url\":\"https:\\\/\\\/nationalcablespecialists.ca\\\/wp-content\\\/uploads\\\/2023\\\/01\\\/NCS_Lrg_Logo.png\",\"contentUrl\":\"https:\\\/\\\/nationalcablespecialists.ca\\\/wp-content\\\/uploads\\\/2023\\\/01\\\/NCS_Lrg_Logo.png\",\"width\":1600,\"height\":840,\"caption\":\"National Cable Specialists\"},\"image\":{\"@id\":\"https:\\\/\\\/nationalcablespecialists.ca\\\/fr\\\/#\\\/schema\\\/logo\\\/image\\\/\"}}]}<\/script>\n<!-- \/ Yoast SEO plugin. -->","yoast_head_json":{"title":"Quatre conducteurs ACWU90 600V Aluminium - National Cable Specialists","description":"National Cable Specialists carries a selection of Quatre conducteurs ACWU90 600V Aluminium for sale. Visit our website to learn more information.","robots":{"index":"index","follow":"follow","max-snippet":"max-snippet:-1","max-image-preview":"max-image-preview:large","max-video-preview":"max-video-preview:-1"},"canonical":"https:\/\/nationalcablespecialists.ca\/fr\/produit\/quatre-conducteurs-acwu90-600v-aluminium\/","og_locale":"fr_FR","og_type":"article","og_title":"Quatre conducteurs ACWU90 600V Aluminium - National Cable Specialists","og_description":"National Cable Specialists carries a selection of Quatre conducteurs ACWU90 600V Aluminium for sale. Visit our website to learn more information.","og_url":"https:\/\/nationalcablespecialists.ca\/fr\/produit\/quatre-conducteurs-acwu90-600v-aluminium\/","og_site_name":"National Cable Specialists","og_image":[{"width":500,"height":500,"url":"https:\/\/nationalcablespecialists.ca\/wp-content\/uploads\/2023\/09\/ACWU90_4c_500px-2.jpg","type":"image\/jpeg"}],"twitter_card":"summary_large_image","twitter_misc":{"Dur\u00e9e de lecture estim\u00e9e":"1 minute"},"schema":{"@context":"https:\/\/schema.org","@graph":[{"@type":"WebPage","@id":"https:\/\/nationalcablespecialists.ca\/fr\/produit\/quatre-conducteurs-acwu90-600v-aluminium\/","url":"https:\/\/nationalcablespecialists.ca\/fr\/produit\/quatre-conducteurs-acwu90-600v-aluminium\/","name":"Quatre conducteurs ACWU90 600V Aluminium - National Cable Specialists","isPartOf":{"@id":"https:\/\/nationalcablespecialists.ca\/fr\/#website"},"primaryImageOfPage":{"@id":"https:\/\/nationalcablespecialists.ca\/fr\/produit\/quatre-conducteurs-acwu90-600v-aluminium\/#primaryimage"},"image":{"@id":"https:\/\/nationalcablespecialists.ca\/fr\/produit\/quatre-conducteurs-acwu90-600v-aluminium\/#primaryimage"},"thumbnailUrl":"https:\/\/nationalcablespecialists.ca\/wp-content\/uploads\/2023\/09\/ACWU90_4c_500px-2.jpg","datePublished":"2023-09-15T21:19:10+00:00","description":"National Cable Specialists carries a selection of Quatre conducteurs ACWU90 600V Aluminium for sale. Visit our website to learn more information.","breadcrumb":{"@id":"https:\/\/nationalcablespecialists.ca\/fr\/produit\/quatre-conducteurs-acwu90-600v-aluminium\/#breadcrumb"},"inLanguage":"fr-FR","potentialAction":[{"@type":"ReadAction","target":["https:\/\/nationalcablespecialists.ca\/fr\/produit\/quatre-conducteurs-acwu90-600v-aluminium\/"]}]},{"@type":"ImageObject","inLanguage":"fr-FR","@id":"https:\/\/nationalcablespecialists.ca\/fr\/produit\/quatre-conducteurs-acwu90-600v-aluminium\/#primaryimage","url":"https:\/\/nationalcablespecialists.ca\/wp-content\/uploads\/2023\/09\/ACWU90_4c_500px-2.jpg","contentUrl":"https:\/\/nationalcablespecialists.ca\/wp-content\/uploads\/2023\/09\/ACWU90_4c_500px-2.jpg","width":500,"height":500,"caption":"ACWU90_4c"},{"@type":"BreadcrumbList","@id":"https:\/\/nationalcablespecialists.ca\/fr\/produit\/quatre-conducteurs-acwu90-600v-aluminium\/#breadcrumb","itemListElement":[{"@type":"ListItem","position":1,"name":"Produits","item":"https:\/\/nationalcablespecialists.ca\/our-products\/"},{"@type":"ListItem","position":2,"name":"Quatre conducteurs ACWU90 600V Aluminium"}]},{"@type":"WebSite","@id":"https:\/\/nationalcablespecialists.ca\/fr\/#website","url":"https:\/\/nationalcablespecialists.ca\/fr\/","name":"National Cable Specialists","description":"","publisher":{"@id":"https:\/\/nationalcablespecialists.ca\/fr\/#organization"},"potentialAction":[{"@type":"SearchAction","target":{"@type":"EntryPoint","urlTemplate":"https:\/\/nationalcablespecialists.ca\/fr\/?s={search_term_string}"},"query-input":{"@type":"PropertyValueSpecification","valueRequired":true,"valueName":"search_term_string"}}],"inLanguage":"fr-FR"},{"@type":"Organization","@id":"https:\/\/nationalcablespecialists.ca\/fr\/#organization","name":"National Cable Specialists","url":"https:\/\/nationalcablespecialists.ca\/fr\/","logo":{"@type":"ImageObject","inLanguage":"fr-FR","@id":"https:\/\/nationalcablespecialists.ca\/fr\/#\/schema\/logo\/image\/","url":"https:\/\/nationalcablespecialists.ca\/wp-content\/uploads\/2023\/01\/NCS_Lrg_Logo.png","contentUrl":"https:\/\/nationalcablespecialists.ca\/wp-content\/uploads\/2023\/01\/NCS_Lrg_Logo.png","width":1600,"height":840,"caption":"National Cable Specialists"},"image":{"@id":"https:\/\/nationalcablespecialists.ca\/fr\/#\/schema\/logo\/image\/"}}]}},"_links":{"self":[{"href":"https:\/\/nationalcablespecialists.ca\/fr\/wp-json\/wp\/v2\/product\/23944","targetHints":{"allow":["GET"]}}],"collection":[{"href":"https:\/\/nationalcablespecialists.ca\/fr\/wp-json\/wp\/v2\/product"}],"about":[{"href":"https:\/\/nationalcablespecialists.ca\/fr\/wp-json\/wp\/v2\/types\/product"}],"replies":[{"embeddable":true,"href":"https:\/\/nationalcablespecialists.ca\/fr\/wp-json\/wp\/v2\/comments?post=23944"}],"wp:featuredmedia":[{"embeddable":true,"href":"https:\/\/nationalcablespecialists.ca\/fr\/wp-json\/wp\/v2\/media\/20340"}],"wp:attachment":[{"href":"https:\/\/nationalcablespecialists.ca\/fr\/wp-json\/wp\/v2\/media?parent=23944"}],"wp:term":[{"taxonomy":"product_brand","embeddable":true,"href":"https:\/\/nationalcablespecialists.ca\/fr\/wp-json\/wp\/v2\/product_brand?post=23944"},{"taxonomy":"product_cat","embeddable":true,"href":"https:\/\/nationalcablespecialists.ca\/fr\/wp-json\/wp\/v2\/product_cat?post=23944"},{"taxonomy":"product_tag","embeddable":true,"href":"https:\/\/nationalcablespecialists.ca\/fr\/wp-json\/wp\/v2\/product_tag?post=23944"},{"taxonomy":"application","embeddable":true,"href":"https:\/\/nationalcablespecialists.ca\/fr\/wp-json\/wp\/v2\/application?post=23944"},{"taxonomy":"voltage-rating","embeddable":true,"href":"https:\/\/nationalcablespecialists.ca\/fr\/wp-json\/wp\/v2\/voltage-rating?post=23944"},{"taxonomy":"jacket-material","embeddable":true,"href":"https:\/\/nationalcablespecialists.ca\/fr\/wp-json\/wp\/v2\/jacket-material?post=23944"},{"taxonomy":"insulation-material","embeddable":true,"href":"https:\/\/nationalcablespecialists.ca\/fr\/wp-json\/wp\/v2\/insulation-material?post=23944"},{"taxonomy":"conductor-material","embeddable":true,"href":"https:\/\/nationalcablespecialists.ca\/fr\/wp-json\/wp\/v2\/conductor-material?post=23944"},{"taxonomy":"wire-gauge","embeddable":true,"href":"https:\/\/nationalcablespecialists.ca\/fr\/wp-json\/wp\/v2\/wire-gauge?post=23944"},{"taxonomy":"conductor","embeddable":true,"href":"https:\/\/nationalcablespecialists.ca\/fr\/wp-json\/wp\/v2\/conductor?post=23944"}],"curies":[{"name":"wp","href":"https:\/\/api.w.org\/{rel}","templated":true}]}}