{"id":23934,"date":"2023-09-15T14:17:26","date_gmt":"2023-09-15T21:17:26","guid":{"rendered":"https:\/\/nationalcablespecialists.ca\/product\/ac90-600v\/"},"modified":"2023-09-15T14:17:26","modified_gmt":"2023-09-15T21:17:26","slug":"ac90-600v","status":"publish","type":"product","link":"https:\/\/nationalcablespecialists.ca\/fr\/produit\/ac90-600v\/","title":{"rendered":"AC90 600V"},"content":{"rendered":"<p><strong>Conducteur<\/strong> #14 AWG, #12 AWG, #10 AWG deux, trois ou quatre conducteurs en cuivre cuivre massif #8 AWG \u00e0 #2 AWG Compact rond concentrique classe \u00ab&nbsp;B&nbsp;\u00bb cuivre toronn\u00e9<br \/>\n<strong>Armure<\/strong> Armure imbriqu\u00e9e en aluminium<br \/>\n<strong>Isolation<\/strong> Poly\u00e9thyl\u00e8ne r\u00e9ticul\u00e9 (XLPE) Type RW90<br \/>\n<strong>Temp\u00e9rature<\/strong> -40\u00b0C \u00e0 +90\u00b0C<br \/>\n<strong>Masse<\/strong> #14 AWG, #12 AWG, #10 AWG Deux, trois ou quatre conducteurs en cuivre cuivre massif #8 AWG \u00e0 #2 AWG Compact rond concentrique classe \u00ab&nbsp;B&nbsp;\u00bb cuivre toronn\u00e9<br \/>\n<strong>Approbations<\/strong> Conformit\u00e9 de l\u2019industrie : Normes CSA C22.2 n\u00b0 51, n\u00b0 38 et n\u00b0 2256<br \/>\nConformit\u00e9 aux tests de flamme RoHS : CSA ST1 et FT4<br \/>\n<strong>Application<\/strong> Pour les c\u00e2blages expos\u00e9s et dissimul\u00e9s dans des endroits secs uniquement.<br \/>\nPour une utilisation dans des plateaux ventil\u00e9s et non ventil\u00e9s et de type \u00e9chelle dans des endroits secs<br \/>\n<strong>Code couleur<\/strong> 2C &#8211; Noir, Blanc 3C &#8211; Noir, Blanc, Rouge (photo) 4C &#8211; Noir, Rouge, Bleu, Blanc<\/p>\n<div><\/div>\n<div>\n<div>**Fil de liaison en cuivre fourni avec des conducteurs en cuivre. Fil de liaison en aluminium fourni avec des conducteurs en aluminium.<\/div>\n<div>Code couleur : 2C &#8211; Noir, Blanc 3C &#8211; Noir, Blanc, Rouge 4C &#8211; Noir, Rouge, Bleu, Blanc. #For les services r\u00e9sidentiels \u00e0 3 fils de 120\/240 et 120\/208 V ou les sous-services, le courant admissible pour l\u2019aluminium AWG de tailles #6, #2 et #4\/0 doit \u00eatre de 60, 100 et 200 amp\u00e8res respectivement. #2\/0 AWG cuivre doit \u00eatre de 200 amp\u00e8res. Dans ces cas, l\u2019ajustement de 5 % conform\u00e9ment \u00e0 la r\u00e8gle 8-106(1) du Code de la C.E. ne peut pas \u00eatre appliqu\u00e9. En supposant que le 4\u00e8me conducteur est le neutre d\u2019un syst\u00e8me \u00e9quilibr\u00e9 triphas\u00e9 \u00e0 4 fils.<\/div>\n<\/div>\n","protected":false},"excerpt":{"rendered":"<p>Conducteur #14 AWG, #12 AWG, #10 AWG deux, trois ou quatre conducteurs en cuivre cuivre massif #8 AWG \u00e0 #2 AWG Compact rond concentrique classe \u00ab&nbsp;B&nbsp;\u00bb cuivre toronn\u00e9 Armure Armure imbriqu\u00e9e en aluminium Isolation Poly\u00e9thyl\u00e8ne r\u00e9ticul\u00e9 (XLPE) Type RW90 Temp\u00e9rature -40\u00b0C \u00e0 +90\u00b0C Masse #14 AWG, #12 AWG, #10 AWG Deux, trois ou quatre conducteurs [&hellip;]<\/p>\n","protected":false},"featured_media":20170,"comment_status":"open","ping_status":"closed","template":"","meta":{"_acf_changed":false},"product_brand":[],"product_cat":[688],"product_tag":[1004,743],"application":[983],"voltage-rating":[670],"jacket-material":[],"insulation-material":[840],"conductor-material":[685],"wire-gauge":[677,676,675,765,1006,764,763,762],"conductor":[679,678,680],"class_list":{"0":"post-23934","1":"product","2":"type-product","3":"status-publish","4":"has-post-thumbnail","6":"product_cat-fils-et-cables-de-construction","7":"product_tag-ac90-fr","8":"product_tag-cuivre","9":"application-fil-de-construction","10":"voltage-rating-600v-fr","11":"insulation-material-xlpe-fr","12":"conductor-material-cuivre-nu-toronne","13":"wire-gauge-10-awg-fr","14":"wire-gauge-12-awg-fr","15":"wire-gauge-14-awg-fr","16":"wire-gauge-2-awg-fr","17":"wire-gauge-3-awg-fr","18":"wire-gauge-4-awg-fr","19":"wire-gauge-6-awg-fr","20":"wire-gauge-8-awg-fr","21":"conductor-2-fr","22":"conductor-3-fr","23":"conductor-4-fr","25":"first","26":"instock","27":"shipping-taxable","28":"purchasable","29":"product-type-variable"},"acf":[],"yoast_head":"<!-- This site is optimized with the Yoast SEO plugin v27.5 - https:\/\/yoast.com\/product\/yoast-seo-wordpress\/ -->\n<title>AC90 600V - National Cable Specialists<\/title>\n<meta name=\"description\" content=\"National Cable Specialists carries a selection of AC90 600V for sale. Visit our website to learn more information.\" \/>\n<meta name=\"robots\" content=\"index, follow, max-snippet:-1, max-image-preview:large, max-video-preview:-1\" \/>\n<link rel=\"canonical\" href=\"https:\/\/nationalcablespecialists.ca\/fr\/produit\/ac90-600v\/\" \/>\n<meta property=\"og:locale\" content=\"fr_FR\" \/>\n<meta property=\"og:type\" content=\"article\" \/>\n<meta property=\"og:title\" content=\"AC90 600V - National Cable Specialists\" \/>\n<meta property=\"og:description\" content=\"National Cable Specialists carries a selection of AC90 600V for sale. Visit our website to learn more information.\" \/>\n<meta property=\"og:url\" content=\"https:\/\/nationalcablespecialists.ca\/fr\/produit\/ac90-600v\/\" \/>\n<meta property=\"og:site_name\" content=\"National Cable Specialists\" \/>\n<meta property=\"og:image\" content=\"https:\/\/nationalcablespecialists.ca\/wp-content\/uploads\/2023\/09\/AC90_4c_500px-2.jpg\" \/>\n\t<meta property=\"og:image:width\" content=\"500\" \/>\n\t<meta property=\"og:image:height\" content=\"500\" \/>\n\t<meta property=\"og:image:type\" content=\"image\/jpeg\" \/>\n<meta name=\"twitter:card\" content=\"summary_large_image\" \/>\n<meta name=\"twitter:label1\" content=\"Dur\u00e9e de lecture estim\u00e9e\" \/>\n\t<meta name=\"twitter:data1\" content=\"1 minute\" \/>\n<script type=\"application\/ld+json\" class=\"yoast-schema-graph\">{\"@context\":\"https:\\\/\\\/schema.org\",\"@graph\":[{\"@type\":\"WebPage\",\"@id\":\"https:\\\/\\\/nationalcablespecialists.ca\\\/fr\\\/produit\\\/ac90-600v\\\/\",\"url\":\"https:\\\/\\\/nationalcablespecialists.ca\\\/fr\\\/produit\\\/ac90-600v\\\/\",\"name\":\"AC90 600V - National Cable Specialists\",\"isPartOf\":{\"@id\":\"https:\\\/\\\/nationalcablespecialists.ca\\\/fr\\\/#website\"},\"primaryImageOfPage\":{\"@id\":\"https:\\\/\\\/nationalcablespecialists.ca\\\/fr\\\/produit\\\/ac90-600v\\\/#primaryimage\"},\"image\":{\"@id\":\"https:\\\/\\\/nationalcablespecialists.ca\\\/fr\\\/produit\\\/ac90-600v\\\/#primaryimage\"},\"thumbnailUrl\":\"https:\\\/\\\/nationalcablespecialists.ca\\\/wp-content\\\/uploads\\\/2023\\\/09\\\/AC90_4c_500px-2.jpg\",\"datePublished\":\"2023-09-15T21:17:26+00:00\",\"description\":\"National Cable Specialists carries a selection of AC90 600V for sale. Visit our website to learn more information.\",\"breadcrumb\":{\"@id\":\"https:\\\/\\\/nationalcablespecialists.ca\\\/fr\\\/produit\\\/ac90-600v\\\/#breadcrumb\"},\"inLanguage\":\"fr-FR\",\"potentialAction\":[{\"@type\":\"ReadAction\",\"target\":[\"https:\\\/\\\/nationalcablespecialists.ca\\\/fr\\\/produit\\\/ac90-600v\\\/\"]}]},{\"@type\":\"ImageObject\",\"inLanguage\":\"fr-FR\",\"@id\":\"https:\\\/\\\/nationalcablespecialists.ca\\\/fr\\\/produit\\\/ac90-600v\\\/#primaryimage\",\"url\":\"https:\\\/\\\/nationalcablespecialists.ca\\\/wp-content\\\/uploads\\\/2023\\\/09\\\/AC90_4c_500px-2.jpg\",\"contentUrl\":\"https:\\\/\\\/nationalcablespecialists.ca\\\/wp-content\\\/uploads\\\/2023\\\/09\\\/AC90_4c_500px-2.jpg\",\"width\":500,\"height\":500,\"caption\":\"AC90_4c\"},{\"@type\":\"BreadcrumbList\",\"@id\":\"https:\\\/\\\/nationalcablespecialists.ca\\\/fr\\\/produit\\\/ac90-600v\\\/#breadcrumb\",\"itemListElement\":[{\"@type\":\"ListItem\",\"position\":1,\"name\":\"Produits\",\"item\":\"https:\\\/\\\/nationalcablespecialists.ca\\\/our-products\\\/\"},{\"@type\":\"ListItem\",\"position\":2,\"name\":\"AC90 600V\"}]},{\"@type\":\"WebSite\",\"@id\":\"https:\\\/\\\/nationalcablespecialists.ca\\\/fr\\\/#website\",\"url\":\"https:\\\/\\\/nationalcablespecialists.ca\\\/fr\\\/\",\"name\":\"National Cable Specialists\",\"description\":\"\",\"publisher\":{\"@id\":\"https:\\\/\\\/nationalcablespecialists.ca\\\/fr\\\/#organization\"},\"potentialAction\":[{\"@type\":\"SearchAction\",\"target\":{\"@type\":\"EntryPoint\",\"urlTemplate\":\"https:\\\/\\\/nationalcablespecialists.ca\\\/fr\\\/?s={search_term_string}\"},\"query-input\":{\"@type\":\"PropertyValueSpecification\",\"valueRequired\":true,\"valueName\":\"search_term_string\"}}],\"inLanguage\":\"fr-FR\"},{\"@type\":\"Organization\",\"@id\":\"https:\\\/\\\/nationalcablespecialists.ca\\\/fr\\\/#organization\",\"name\":\"National Cable Specialists\",\"url\":\"https:\\\/\\\/nationalcablespecialists.ca\\\/fr\\\/\",\"logo\":{\"@type\":\"ImageObject\",\"inLanguage\":\"fr-FR\",\"@id\":\"https:\\\/\\\/nationalcablespecialists.ca\\\/fr\\\/#\\\/schema\\\/logo\\\/image\\\/\",\"url\":\"https:\\\/\\\/nationalcablespecialists.ca\\\/wp-content\\\/uploads\\\/2023\\\/01\\\/NCS_Lrg_Logo.png\",\"contentUrl\":\"https:\\\/\\\/nationalcablespecialists.ca\\\/wp-content\\\/uploads\\\/2023\\\/01\\\/NCS_Lrg_Logo.png\",\"width\":1600,\"height\":840,\"caption\":\"National Cable Specialists\"},\"image\":{\"@id\":\"https:\\\/\\\/nationalcablespecialists.ca\\\/fr\\\/#\\\/schema\\\/logo\\\/image\\\/\"}}]}<\/script>\n<!-- \/ Yoast SEO plugin. -->","yoast_head_json":{"title":"AC90 600V - National Cable Specialists","description":"National Cable Specialists carries a selection of AC90 600V for sale. Visit our website to learn more information.","robots":{"index":"index","follow":"follow","max-snippet":"max-snippet:-1","max-image-preview":"max-image-preview:large","max-video-preview":"max-video-preview:-1"},"canonical":"https:\/\/nationalcablespecialists.ca\/fr\/produit\/ac90-600v\/","og_locale":"fr_FR","og_type":"article","og_title":"AC90 600V - National Cable Specialists","og_description":"National Cable Specialists carries a selection of AC90 600V for sale. Visit our website to learn more information.","og_url":"https:\/\/nationalcablespecialists.ca\/fr\/produit\/ac90-600v\/","og_site_name":"National Cable Specialists","og_image":[{"width":500,"height":500,"url":"https:\/\/nationalcablespecialists.ca\/wp-content\/uploads\/2023\/09\/AC90_4c_500px-2.jpg","type":"image\/jpeg"}],"twitter_card":"summary_large_image","twitter_misc":{"Dur\u00e9e de lecture estim\u00e9e":"1 minute"},"schema":{"@context":"https:\/\/schema.org","@graph":[{"@type":"WebPage","@id":"https:\/\/nationalcablespecialists.ca\/fr\/produit\/ac90-600v\/","url":"https:\/\/nationalcablespecialists.ca\/fr\/produit\/ac90-600v\/","name":"AC90 600V - National Cable Specialists","isPartOf":{"@id":"https:\/\/nationalcablespecialists.ca\/fr\/#website"},"primaryImageOfPage":{"@id":"https:\/\/nationalcablespecialists.ca\/fr\/produit\/ac90-600v\/#primaryimage"},"image":{"@id":"https:\/\/nationalcablespecialists.ca\/fr\/produit\/ac90-600v\/#primaryimage"},"thumbnailUrl":"https:\/\/nationalcablespecialists.ca\/wp-content\/uploads\/2023\/09\/AC90_4c_500px-2.jpg","datePublished":"2023-09-15T21:17:26+00:00","description":"National Cable Specialists carries a selection of AC90 600V for sale. Visit our website to learn more information.","breadcrumb":{"@id":"https:\/\/nationalcablespecialists.ca\/fr\/produit\/ac90-600v\/#breadcrumb"},"inLanguage":"fr-FR","potentialAction":[{"@type":"ReadAction","target":["https:\/\/nationalcablespecialists.ca\/fr\/produit\/ac90-600v\/"]}]},{"@type":"ImageObject","inLanguage":"fr-FR","@id":"https:\/\/nationalcablespecialists.ca\/fr\/produit\/ac90-600v\/#primaryimage","url":"https:\/\/nationalcablespecialists.ca\/wp-content\/uploads\/2023\/09\/AC90_4c_500px-2.jpg","contentUrl":"https:\/\/nationalcablespecialists.ca\/wp-content\/uploads\/2023\/09\/AC90_4c_500px-2.jpg","width":500,"height":500,"caption":"AC90_4c"},{"@type":"BreadcrumbList","@id":"https:\/\/nationalcablespecialists.ca\/fr\/produit\/ac90-600v\/#breadcrumb","itemListElement":[{"@type":"ListItem","position":1,"name":"Produits","item":"https:\/\/nationalcablespecialists.ca\/our-products\/"},{"@type":"ListItem","position":2,"name":"AC90 600V"}]},{"@type":"WebSite","@id":"https:\/\/nationalcablespecialists.ca\/fr\/#website","url":"https:\/\/nationalcablespecialists.ca\/fr\/","name":"National Cable Specialists","description":"","publisher":{"@id":"https:\/\/nationalcablespecialists.ca\/fr\/#organization"},"potentialAction":[{"@type":"SearchAction","target":{"@type":"EntryPoint","urlTemplate":"https:\/\/nationalcablespecialists.ca\/fr\/?s={search_term_string}"},"query-input":{"@type":"PropertyValueSpecification","valueRequired":true,"valueName":"search_term_string"}}],"inLanguage":"fr-FR"},{"@type":"Organization","@id":"https:\/\/nationalcablespecialists.ca\/fr\/#organization","name":"National Cable Specialists","url":"https:\/\/nationalcablespecialists.ca\/fr\/","logo":{"@type":"ImageObject","inLanguage":"fr-FR","@id":"https:\/\/nationalcablespecialists.ca\/fr\/#\/schema\/logo\/image\/","url":"https:\/\/nationalcablespecialists.ca\/wp-content\/uploads\/2023\/01\/NCS_Lrg_Logo.png","contentUrl":"https:\/\/nationalcablespecialists.ca\/wp-content\/uploads\/2023\/01\/NCS_Lrg_Logo.png","width":1600,"height":840,"caption":"National Cable Specialists"},"image":{"@id":"https:\/\/nationalcablespecialists.ca\/fr\/#\/schema\/logo\/image\/"}}]}},"_links":{"self":[{"href":"https:\/\/nationalcablespecialists.ca\/fr\/wp-json\/wp\/v2\/product\/23934","targetHints":{"allow":["GET"]}}],"collection":[{"href":"https:\/\/nationalcablespecialists.ca\/fr\/wp-json\/wp\/v2\/product"}],"about":[{"href":"https:\/\/nationalcablespecialists.ca\/fr\/wp-json\/wp\/v2\/types\/product"}],"replies":[{"embeddable":true,"href":"https:\/\/nationalcablespecialists.ca\/fr\/wp-json\/wp\/v2\/comments?post=23934"}],"wp:featuredmedia":[{"embeddable":true,"href":"https:\/\/nationalcablespecialists.ca\/fr\/wp-json\/wp\/v2\/media\/20170"}],"wp:attachment":[{"href":"https:\/\/nationalcablespecialists.ca\/fr\/wp-json\/wp\/v2\/media?parent=23934"}],"wp:term":[{"taxonomy":"product_brand","embeddable":true,"href":"https:\/\/nationalcablespecialists.ca\/fr\/wp-json\/wp\/v2\/product_brand?post=23934"},{"taxonomy":"product_cat","embeddable":true,"href":"https:\/\/nationalcablespecialists.ca\/fr\/wp-json\/wp\/v2\/product_cat?post=23934"},{"taxonomy":"product_tag","embeddable":true,"href":"https:\/\/nationalcablespecialists.ca\/fr\/wp-json\/wp\/v2\/product_tag?post=23934"},{"taxonomy":"application","embeddable":true,"href":"https:\/\/nationalcablespecialists.ca\/fr\/wp-json\/wp\/v2\/application?post=23934"},{"taxonomy":"voltage-rating","embeddable":true,"href":"https:\/\/nationalcablespecialists.ca\/fr\/wp-json\/wp\/v2\/voltage-rating?post=23934"},{"taxonomy":"jacket-material","embeddable":true,"href":"https:\/\/nationalcablespecialists.ca\/fr\/wp-json\/wp\/v2\/jacket-material?post=23934"},{"taxonomy":"insulation-material","embeddable":true,"href":"https:\/\/nationalcablespecialists.ca\/fr\/wp-json\/wp\/v2\/insulation-material?post=23934"},{"taxonomy":"conductor-material","embeddable":true,"href":"https:\/\/nationalcablespecialists.ca\/fr\/wp-json\/wp\/v2\/conductor-material?post=23934"},{"taxonomy":"wire-gauge","embeddable":true,"href":"https:\/\/nationalcablespecialists.ca\/fr\/wp-json\/wp\/v2\/wire-gauge?post=23934"},{"taxonomy":"conductor","embeddable":true,"href":"https:\/\/nationalcablespecialists.ca\/fr\/wp-json\/wp\/v2\/conductor?post=23934"}],"curies":[{"name":"wp","href":"https:\/\/api.w.org\/{rel}","templated":true}]}}