{"id":23906,"date":"2023-09-15T14:18:26","date_gmt":"2023-09-15T21:18:26","guid":{"rendered":"https:\/\/nationalcablespecialists.ca\/product\/aluminium-ac90-600v-a-quatre-conducteurs\/"},"modified":"2023-09-15T14:18:26","modified_gmt":"2023-09-15T21:18:26","slug":"aluminium-ac90-600v-a-quatre-conducteurs","status":"publish","type":"product","link":"https:\/\/nationalcablespecialists.ca\/fr\/produit\/aluminium-ac90-600v-a-quatre-conducteurs\/","title":{"rendered":"Aluminium AC90 600V \u00e0 quatre conducteurs"},"content":{"rendered":"<p><strong>Conducteur<\/strong> de 6 AWG \u00e0 750 kcmil compact classe \u00ab&nbsp;B&nbsp;\u00bb en aluminium toronn\u00e9 (aluminium s\u00e9rie 8000)<br \/>\n<strong>Armure<\/strong> Armure imbriqu\u00e9e en aluminium<br \/>\n<strong>Isolation<\/strong> Poly\u00e9thyl\u00e8ne r\u00e9ticul\u00e9 (XLPE) Type RW90<br \/>\n<strong>Temp\u00e9rature<\/strong> -40\u00b0C \u00e0 +90\u00b0C<br \/>\n<strong>Terre<\/strong> Un (1) conducteur en aluminium toronn\u00e9 nu de classe \u00ab B \u00bb<br \/>\n<strong>Tension 600V<\/strong><br \/>\n<strong>Veste<\/strong> Polychlorure de vinyle (PVC) \u00e0 faible teneur en gaz acide, ignifuge, r\u00e9sistant \u00e0 l\u2019humidit\u00e9 et \u00e0 la lumi\u00e8re du soleil, noir<br \/>\n<strong>Applications<\/strong> Pour les c\u00e2bles expos\u00e9s et dissimul\u00e9s dans des endroits secs, humides ou mouill\u00e9s Pour une utilisation dans des chemins de c\u00e2bles ventil\u00e9s, non ventil\u00e9s et de type \u00e9chelle dans des endroits secs.<br \/>\n<strong>Approbations<\/strong> Conformit\u00e9 de l\u2019industrie : Normes CSA C22.2 n\u00b0 51, n\u00b0 38 et n\u00b0 2256<br \/>\nConformit\u00e9 aux tests de flamme RoHS : CSA ST1 et FT4<br \/>\nCode couleur #6 AWG \u00e0 #2 : noir, rouge, blanc<br \/>\n#1 AWG \u00e0 750 kcmil : noir avec code couleur<\/p>\n<div>** Fil de liaison en aluminium fourni avec des conducteurs en aluminium.<\/div>\n<div>\n<div># Pour les services ou sous-services r\u00e9sidentiels \u00e0 3 fils 120\/240 et 120\/208V, le courant admissible pour les tailles #6, #2 et #4\/0 AWG en aluminium<\/div>\n<div>doivent \u00eatre respectivement de 60, 100 et 200 amp\u00e8res. Dans ces cas, l\u2019ajustement de 5 % en vertu de la r\u00e8gle 8-106(1) du Code de la C.E. ne peut pas \u00eatre appliqu\u00e9. En supposant<\/div>\n<div>Le 4\u00e8me conducteur est neutre d\u2019un syst\u00e8me \u00e9quilibr\u00e9 triphas\u00e9 \u00e0 4 fils<\/div>\n<\/div>\n","protected":false},"excerpt":{"rendered":"<p>Conducteur de 6 AWG \u00e0 750 kcmil compact classe \u00ab&nbsp;B&nbsp;\u00bb en aluminium toronn\u00e9 (aluminium s\u00e9rie 8000) Armure Armure imbriqu\u00e9e en aluminium Isolation Poly\u00e9thyl\u00e8ne r\u00e9ticul\u00e9 (XLPE) Type RW90 Temp\u00e9rature -40\u00b0C \u00e0 +90\u00b0C Terre Un (1) conducteur en aluminium toronn\u00e9 nu de classe \u00ab B \u00bb Tension 600V Veste Polychlorure de vinyle (PVC) \u00e0 faible teneur en [&hellip;]<\/p>\n","protected":false},"featured_media":20272,"comment_status":"open","ping_status":"closed","template":"","meta":{"_acf_changed":false},"product_brand":[],"product_cat":[688],"product_tag":[1004,978],"application":[983],"voltage-rating":[670],"jacket-material":[694],"insulation-material":[840],"conductor-material":[984],"wire-gauge":[770,766,765,767,980,768,987,764,769,981],"conductor":[680],"class_list":{"0":"post-23906","1":"product","2":"type-product","3":"status-publish","4":"has-post-thumbnail","6":"product_cat-fils-et-cables-de-construction","7":"product_tag-ac90-fr","8":"product_tag-alunimum-fr","9":"application-fil-de-construction","10":"voltage-rating-600v-fr","11":"jacket-material-chlorure-de-polyvinyle","12":"insulation-material-xlpe-fr","13":"conductor-material-aluminium-toronne","14":"wire-gauge-1-awg-fr","15":"wire-gauge-1-0-awg-fr","16":"wire-gauge-2-awg-fr","17":"wire-gauge-2-0-awg-fr","18":"wire-gauge-250-fr","19":"wire-gauge-3-0-awg-fr","20":"wire-gauge-350-fr","21":"wire-gauge-4-awg-fr","22":"wire-gauge-4-0-awg-fr","23":"wire-gauge-500-fr","24":"conductor-4-fr","26":"first","27":"instock","28":"shipping-taxable","29":"purchasable","30":"product-type-variable"},"acf":[],"yoast_head":"<!-- This site is optimized with the Yoast SEO plugin v26.2 - https:\/\/yoast.com\/wordpress\/plugins\/seo\/ -->\n<title>Aluminium AC90 600V \u00e0 quatre conducteurs - National Cable Specialists<\/title>\n<meta name=\"description\" content=\"National Cable Specialists carries a selection of Aluminium AC90 600V \u00e0 quatre conducteurs for sale. Visit our website to learn more information.\" \/>\n<meta name=\"robots\" content=\"index, follow, max-snippet:-1, max-image-preview:large, max-video-preview:-1\" \/>\n<link rel=\"canonical\" href=\"https:\/\/nationalcablespecialists.ca\/fr\/produit\/aluminium-ac90-600v-a-quatre-conducteurs\/\" \/>\n<meta property=\"og:locale\" content=\"fr_FR\" \/>\n<meta property=\"og:type\" content=\"article\" \/>\n<meta property=\"og:title\" content=\"Aluminium AC90 600V \u00e0 quatre conducteurs - National Cable Specialists\" \/>\n<meta property=\"og:description\" content=\"National Cable Specialists carries a selection of Aluminium AC90 600V \u00e0 quatre conducteurs for sale. Visit our website to learn more information.\" \/>\n<meta property=\"og:url\" content=\"https:\/\/nationalcablespecialists.ca\/fr\/produit\/aluminium-ac90-600v-a-quatre-conducteurs\/\" \/>\n<meta property=\"og:site_name\" content=\"National Cable Specialists\" \/>\n<meta property=\"og:image\" content=\"https:\/\/nationalcablespecialists.ca\/wp-content\/uploads\/2023\/09\/AC90_4c_Alu_500px-2.jpg\" \/>\n\t<meta property=\"og:image:width\" content=\"500\" \/>\n\t<meta property=\"og:image:height\" content=\"500\" \/>\n\t<meta property=\"og:image:type\" content=\"image\/jpeg\" \/>\n<meta name=\"twitter:card\" content=\"summary_large_image\" \/>\n<meta name=\"twitter:label1\" content=\"Dur\u00e9e de lecture estim\u00e9e\" \/>\n\t<meta name=\"twitter:data1\" content=\"1 minute\" \/>\n<script type=\"application\/ld+json\" class=\"yoast-schema-graph\">{\"@context\":\"https:\/\/schema.org\",\"@graph\":[{\"@type\":\"WebPage\",\"@id\":\"https:\/\/nationalcablespecialists.ca\/fr\/produit\/aluminium-ac90-600v-a-quatre-conducteurs\/\",\"url\":\"https:\/\/nationalcablespecialists.ca\/fr\/produit\/aluminium-ac90-600v-a-quatre-conducteurs\/\",\"name\":\"Aluminium AC90 600V \u00e0 quatre conducteurs - National Cable Specialists\",\"isPartOf\":{\"@id\":\"https:\/\/nationalcablespecialists.ca\/fr\/#website\"},\"primaryImageOfPage\":{\"@id\":\"https:\/\/nationalcablespecialists.ca\/fr\/produit\/aluminium-ac90-600v-a-quatre-conducteurs\/#primaryimage\"},\"image\":{\"@id\":\"https:\/\/nationalcablespecialists.ca\/fr\/produit\/aluminium-ac90-600v-a-quatre-conducteurs\/#primaryimage\"},\"thumbnailUrl\":\"https:\/\/nationalcablespecialists.ca\/wp-content\/uploads\/2023\/09\/AC90_4c_Alu_500px-2.jpg\",\"datePublished\":\"2023-09-15T21:18:26+00:00\",\"description\":\"National Cable Specialists carries a selection of Aluminium AC90 600V \u00e0 quatre conducteurs for sale. Visit our website to learn more information.\",\"breadcrumb\":{\"@id\":\"https:\/\/nationalcablespecialists.ca\/fr\/produit\/aluminium-ac90-600v-a-quatre-conducteurs\/#breadcrumb\"},\"inLanguage\":\"fr-FR\",\"potentialAction\":[{\"@type\":\"ReadAction\",\"target\":[\"https:\/\/nationalcablespecialists.ca\/fr\/produit\/aluminium-ac90-600v-a-quatre-conducteurs\/\"]}]},{\"@type\":\"ImageObject\",\"inLanguage\":\"fr-FR\",\"@id\":\"https:\/\/nationalcablespecialists.ca\/fr\/produit\/aluminium-ac90-600v-a-quatre-conducteurs\/#primaryimage\",\"url\":\"https:\/\/nationalcablespecialists.ca\/wp-content\/uploads\/2023\/09\/AC90_4c_Alu_500px-2.jpg\",\"contentUrl\":\"https:\/\/nationalcablespecialists.ca\/wp-content\/uploads\/2023\/09\/AC90_4c_Alu_500px-2.jpg\",\"width\":500,\"height\":500,\"caption\":\"AC90_4c_Alu\"},{\"@type\":\"BreadcrumbList\",\"@id\":\"https:\/\/nationalcablespecialists.ca\/fr\/produit\/aluminium-ac90-600v-a-quatre-conducteurs\/#breadcrumb\",\"itemListElement\":[{\"@type\":\"ListItem\",\"position\":1,\"name\":\"Produits\",\"item\":\"https:\/\/nationalcablespecialists.ca\/our-products\/\"},{\"@type\":\"ListItem\",\"position\":2,\"name\":\"Aluminium AC90 600V \u00e0 quatre conducteurs\"}]},{\"@type\":\"WebSite\",\"@id\":\"https:\/\/nationalcablespecialists.ca\/fr\/#website\",\"url\":\"https:\/\/nationalcablespecialists.ca\/fr\/\",\"name\":\"National Cable Specialists\",\"description\":\"\",\"publisher\":{\"@id\":\"https:\/\/nationalcablespecialists.ca\/fr\/#organization\"},\"potentialAction\":[{\"@type\":\"SearchAction\",\"target\":{\"@type\":\"EntryPoint\",\"urlTemplate\":\"https:\/\/nationalcablespecialists.ca\/fr\/?s={search_term_string}\"},\"query-input\":{\"@type\":\"PropertyValueSpecification\",\"valueRequired\":true,\"valueName\":\"search_term_string\"}}],\"inLanguage\":\"fr-FR\"},{\"@type\":\"Organization\",\"@id\":\"https:\/\/nationalcablespecialists.ca\/fr\/#organization\",\"name\":\"National Cable Specialists\",\"url\":\"https:\/\/nationalcablespecialists.ca\/fr\/\",\"logo\":{\"@type\":\"ImageObject\",\"inLanguage\":\"fr-FR\",\"@id\":\"https:\/\/nationalcablespecialists.ca\/fr\/#\/schema\/logo\/image\/\",\"url\":\"https:\/\/nationalcablespecialists.ca\/wp-content\/uploads\/2023\/01\/NCS_Lrg_Logo.png\",\"contentUrl\":\"https:\/\/nationalcablespecialists.ca\/wp-content\/uploads\/2023\/01\/NCS_Lrg_Logo.png\",\"width\":1600,\"height\":840,\"caption\":\"National Cable Specialists\"},\"image\":{\"@id\":\"https:\/\/nationalcablespecialists.ca\/fr\/#\/schema\/logo\/image\/\"}}]}<\/script>\n<!-- \/ Yoast SEO plugin. -->","yoast_head_json":{"title":"Aluminium AC90 600V \u00e0 quatre conducteurs - National Cable Specialists","description":"National Cable Specialists carries a selection of Aluminium AC90 600V \u00e0 quatre conducteurs for sale. Visit our website to learn more information.","robots":{"index":"index","follow":"follow","max-snippet":"max-snippet:-1","max-image-preview":"max-image-preview:large","max-video-preview":"max-video-preview:-1"},"canonical":"https:\/\/nationalcablespecialists.ca\/fr\/produit\/aluminium-ac90-600v-a-quatre-conducteurs\/","og_locale":"fr_FR","og_type":"article","og_title":"Aluminium AC90 600V \u00e0 quatre conducteurs - National Cable Specialists","og_description":"National Cable Specialists carries a selection of Aluminium AC90 600V \u00e0 quatre conducteurs for sale. Visit our website to learn more information.","og_url":"https:\/\/nationalcablespecialists.ca\/fr\/produit\/aluminium-ac90-600v-a-quatre-conducteurs\/","og_site_name":"National Cable Specialists","og_image":[{"width":500,"height":500,"url":"https:\/\/nationalcablespecialists.ca\/wp-content\/uploads\/2023\/09\/AC90_4c_Alu_500px-2.jpg","type":"image\/jpeg"}],"twitter_card":"summary_large_image","twitter_misc":{"Dur\u00e9e de lecture estim\u00e9e":"1 minute"},"schema":{"@context":"https:\/\/schema.org","@graph":[{"@type":"WebPage","@id":"https:\/\/nationalcablespecialists.ca\/fr\/produit\/aluminium-ac90-600v-a-quatre-conducteurs\/","url":"https:\/\/nationalcablespecialists.ca\/fr\/produit\/aluminium-ac90-600v-a-quatre-conducteurs\/","name":"Aluminium AC90 600V \u00e0 quatre conducteurs - National Cable Specialists","isPartOf":{"@id":"https:\/\/nationalcablespecialists.ca\/fr\/#website"},"primaryImageOfPage":{"@id":"https:\/\/nationalcablespecialists.ca\/fr\/produit\/aluminium-ac90-600v-a-quatre-conducteurs\/#primaryimage"},"image":{"@id":"https:\/\/nationalcablespecialists.ca\/fr\/produit\/aluminium-ac90-600v-a-quatre-conducteurs\/#primaryimage"},"thumbnailUrl":"https:\/\/nationalcablespecialists.ca\/wp-content\/uploads\/2023\/09\/AC90_4c_Alu_500px-2.jpg","datePublished":"2023-09-15T21:18:26+00:00","description":"National Cable Specialists carries a selection of Aluminium AC90 600V \u00e0 quatre conducteurs for sale. Visit our website to learn more information.","breadcrumb":{"@id":"https:\/\/nationalcablespecialists.ca\/fr\/produit\/aluminium-ac90-600v-a-quatre-conducteurs\/#breadcrumb"},"inLanguage":"fr-FR","potentialAction":[{"@type":"ReadAction","target":["https:\/\/nationalcablespecialists.ca\/fr\/produit\/aluminium-ac90-600v-a-quatre-conducteurs\/"]}]},{"@type":"ImageObject","inLanguage":"fr-FR","@id":"https:\/\/nationalcablespecialists.ca\/fr\/produit\/aluminium-ac90-600v-a-quatre-conducteurs\/#primaryimage","url":"https:\/\/nationalcablespecialists.ca\/wp-content\/uploads\/2023\/09\/AC90_4c_Alu_500px-2.jpg","contentUrl":"https:\/\/nationalcablespecialists.ca\/wp-content\/uploads\/2023\/09\/AC90_4c_Alu_500px-2.jpg","width":500,"height":500,"caption":"AC90_4c_Alu"},{"@type":"BreadcrumbList","@id":"https:\/\/nationalcablespecialists.ca\/fr\/produit\/aluminium-ac90-600v-a-quatre-conducteurs\/#breadcrumb","itemListElement":[{"@type":"ListItem","position":1,"name":"Produits","item":"https:\/\/nationalcablespecialists.ca\/our-products\/"},{"@type":"ListItem","position":2,"name":"Aluminium AC90 600V \u00e0 quatre conducteurs"}]},{"@type":"WebSite","@id":"https:\/\/nationalcablespecialists.ca\/fr\/#website","url":"https:\/\/nationalcablespecialists.ca\/fr\/","name":"National Cable Specialists","description":"","publisher":{"@id":"https:\/\/nationalcablespecialists.ca\/fr\/#organization"},"potentialAction":[{"@type":"SearchAction","target":{"@type":"EntryPoint","urlTemplate":"https:\/\/nationalcablespecialists.ca\/fr\/?s={search_term_string}"},"query-input":{"@type":"PropertyValueSpecification","valueRequired":true,"valueName":"search_term_string"}}],"inLanguage":"fr-FR"},{"@type":"Organization","@id":"https:\/\/nationalcablespecialists.ca\/fr\/#organization","name":"National Cable Specialists","url":"https:\/\/nationalcablespecialists.ca\/fr\/","logo":{"@type":"ImageObject","inLanguage":"fr-FR","@id":"https:\/\/nationalcablespecialists.ca\/fr\/#\/schema\/logo\/image\/","url":"https:\/\/nationalcablespecialists.ca\/wp-content\/uploads\/2023\/01\/NCS_Lrg_Logo.png","contentUrl":"https:\/\/nationalcablespecialists.ca\/wp-content\/uploads\/2023\/01\/NCS_Lrg_Logo.png","width":1600,"height":840,"caption":"National Cable Specialists"},"image":{"@id":"https:\/\/nationalcablespecialists.ca\/fr\/#\/schema\/logo\/image\/"}}]}},"_links":{"self":[{"href":"https:\/\/nationalcablespecialists.ca\/fr\/wp-json\/wp\/v2\/product\/23906","targetHints":{"allow":["GET"]}}],"collection":[{"href":"https:\/\/nationalcablespecialists.ca\/fr\/wp-json\/wp\/v2\/product"}],"about":[{"href":"https:\/\/nationalcablespecialists.ca\/fr\/wp-json\/wp\/v2\/types\/product"}],"replies":[{"embeddable":true,"href":"https:\/\/nationalcablespecialists.ca\/fr\/wp-json\/wp\/v2\/comments?post=23906"}],"wp:featuredmedia":[{"embeddable":true,"href":"https:\/\/nationalcablespecialists.ca\/fr\/wp-json\/wp\/v2\/media\/20272"}],"wp:attachment":[{"href":"https:\/\/nationalcablespecialists.ca\/fr\/wp-json\/wp\/v2\/media?parent=23906"}],"wp:term":[{"taxonomy":"product_brand","embeddable":true,"href":"https:\/\/nationalcablespecialists.ca\/fr\/wp-json\/wp\/v2\/product_brand?post=23906"},{"taxonomy":"product_cat","embeddable":true,"href":"https:\/\/nationalcablespecialists.ca\/fr\/wp-json\/wp\/v2\/product_cat?post=23906"},{"taxonomy":"product_tag","embeddable":true,"href":"https:\/\/nationalcablespecialists.ca\/fr\/wp-json\/wp\/v2\/product_tag?post=23906"},{"taxonomy":"application","embeddable":true,"href":"https:\/\/nationalcablespecialists.ca\/fr\/wp-json\/wp\/v2\/application?post=23906"},{"taxonomy":"voltage-rating","embeddable":true,"href":"https:\/\/nationalcablespecialists.ca\/fr\/wp-json\/wp\/v2\/voltage-rating?post=23906"},{"taxonomy":"jacket-material","embeddable":true,"href":"https:\/\/nationalcablespecialists.ca\/fr\/wp-json\/wp\/v2\/jacket-material?post=23906"},{"taxonomy":"insulation-material","embeddable":true,"href":"https:\/\/nationalcablespecialists.ca\/fr\/wp-json\/wp\/v2\/insulation-material?post=23906"},{"taxonomy":"conductor-material","embeddable":true,"href":"https:\/\/nationalcablespecialists.ca\/fr\/wp-json\/wp\/v2\/conductor-material?post=23906"},{"taxonomy":"wire-gauge","embeddable":true,"href":"https:\/\/nationalcablespecialists.ca\/fr\/wp-json\/wp\/v2\/wire-gauge?post=23906"},{"taxonomy":"conductor","embeddable":true,"href":"https:\/\/nationalcablespecialists.ca\/fr\/wp-json\/wp\/v2\/conductor?post=23906"}],"curies":[{"name":"wp","href":"https:\/\/api.w.org\/{rel}","templated":true}]}}