{"id":23827,"date":"2023-09-15T14:20:33","date_gmt":"2023-09-15T21:20:33","guid":{"rendered":"https:\/\/nationalcablespecialists.ca\/product\/useb-90-600v\/"},"modified":"2023-09-15T14:20:33","modified_gmt":"2023-09-15T21:20:33","slug":"useb-90-600v","status":"publish","type":"product","link":"https:\/\/nationalcablespecialists.ca\/fr\/produit\/useb-90-600v\/","title":{"rendered":"USEB-90 600V"},"content":{"rendered":"<p>[fusion_builder_container hundred_percent=\u00a0\u00bbno\u00a0\u00bb equal_height_columns=\u00a0\u00bbno\u00a0\u00bb hide_on_mobile=\u00a0\u00bbsmall-visibility,medium-visibility,large-visibility\u00a0\u00bb background_position=\u00a0\u00bbcenter center\u00a0\u00bb background_repeat=\u00a0\u00bbno-repeat\u00a0\u00bb fade=\u00a0\u00bbno\u00a0\u00bb background_parallax=\u00a0\u00bbnone\u00a0\u00bb parallax_speed=\u00a0\u00bb0.3&Prime; video_aspect_ratio=\u00a0\u00bb16:9&Prime; video_loop=\u00a0\u00bbyes\u00a0\u00bb video_mute=\u00a0\u00bbyes\u00a0\u00bb overlay_opacity=\u00a0\u00bb0.5&Prime; border_style=\u00a0\u00bbsolid\u00a0\u00bb][fusion_builder_row][fusion_builder_column type=\u00a0\u00bb1_1&Prime; layout=\u00a0\u00bb1_1&Prime; background_position=\u00a0\u00bbleft top\u00a0\u00bb background_color=\u00a0\u00bb\u00a0\u00bb border_size=\u00a0\u00bb\u00a0\u00bb border_color=\u00a0\u00bb\u00a0\u00bb border_style=\u00a0\u00bbsolid\u00a0\u00bb border_position=\u00a0\u00bball\u00a0\u00bb spacing=\u00a0\u00bbyes\u00a0\u00bb background_image=\u00a0\u00bb\u00a0\u00bb background_repeat=\u00a0\u00bbno-repeat\u00a0\u00bb padding=\u00a0\u00bb\u00a0\u00bb margin_top=\u00a0\u00bb0px\u00a0\u00bb margin_bottom=\u00a0\u00bb0px\u00a0\u00bb class=\u00a0\u00bb\u00a0\u00bb id=\u00a0\u00bb\u00a0\u00bb animation_type=\u00a0\u00bb\u00a0\u00bb animation_speed=\u00a0\u00bb0.3&Prime; animation_direction=\u00a0\u00bbleft\u00a0\u00bb hide_on_mobile=\u00a0\u00bbsmall-visibility,medium-visibility,large-visibility\u00a0\u00bb center_content=\u00a0\u00bbno\u00a0\u00bb last=\u00a0\u00bbno\u00a0\u00bb min_height=\u00a0\u00bb\u00a0\u00bb hover_type=\u00a0\u00bbnone\u00a0\u00bb link=\u00a0\u00bb\u00a0\u00bb][fusion_text]<\/p>\n<p><strong>Conducteur<\/strong> Conducteurs compacts en aluminium toronn\u00e9s<br \/>\n<strong>Isolation<\/strong> Isolation en poly\u00e9thyl\u00e8ne r\u00e9ticul\u00e9 noir<br \/>\n<strong>Veste<\/strong> PVC \u00e0 code couleur<br \/>\n<strong>Tension 600V<\/strong><br \/>\n<strong>Approbations<\/strong> CSA C22.2 n\u00b0 129<\/p>\n<p>[fusion_button link=\u00a0\u00bbhttps:\/\/noramco.ca\/pdf\/ewc04_under_02.pdf\u00a0\u00bb title=\u00a0\u00bb\u00a0\u00bb target=\u00a0\u00bb_blank\u00a0\u00bb alignment=\u00a0\u00bb\u00a0\u00bb modal=\u00a0\u00bb\u00a0\u00bb hide_on_mobile=\u00a0\u00bbsmall-visibility,medium-visibility,large-visibility\u00a0\u00bb class=\u00a0\u00bb\u00a0\u00bb id=\u00a0\u00bb\u00a0\u00bb color=\u00a0\u00bbdefault\u00a0\u00bb button_gradient_top_color=\u00a0\u00bb\u00a0\u00bb button_gradient_bottom_color=\u00a0\u00bb\u00a0\u00bb button_gradient_top_color_hover=\u00a0\u00bb\u00a0\u00bb button_gradient_bottom_color_hover=\u00a0\u00bb\u00a0\u00bb accent_color=\u00a0\u00bb\u00a0\u00bb accent_hover_color=\u00a0\u00bb\u00a0\u00bb type=\u00a0\u00bb\u00a0\u00bb bevel_color=\u00a0\u00bb\u00a0\u00bb border_width=\u00a0\u00bb\u00a0\u00bb size=\u00a0\u00bb\u00a0\u00bb stretch=\u00a0\u00bbdefault\u00a0\u00bb shape=\u00a0\u00bb\u00a0\u00bb icon=\u00a0\u00bbfa-file-pdf-o\u00a0\u00bb icon_position=\u00a0\u00bbleft\u00a0\u00bb icon_divider=\u00a0\u00bbno\u00a0\u00bb animation_type=\u00a0\u00bb\u00a0\u00bb animation_direction=\u00a0\u00bbleft\u00a0\u00bb animation_speed=\u00a0\u00bb0.3&Prime; animation_offset=\u00a0\u00bb\u00a0\u00bb]T\u00e9l\u00e9charger le PDF des sp\u00e9cifications du produit[\/fusion_button]<\/p>\n<p>[\/fusion_text][\/fusion_builder_column][\/fusion_builder_row][\/fusion_builder_container]<\/p>\n","protected":false},"excerpt":{"rendered":"<p>[fusion_builder_container hundred_percent=\u00a0\u00bbno\u00a0\u00bb equal_height_columns=\u00a0\u00bbno\u00a0\u00bb hide_on_mobile=\u00a0\u00bbsmall-visibility,medium-visibility,large-visibility\u00a0\u00bb background_position=\u00a0\u00bbcenter center\u00a0\u00bb background_repeat=\u00a0\u00bbno-repeat\u00a0\u00bb fade=\u00a0\u00bbno\u00a0\u00bb background_parallax=\u00a0\u00bbnone\u00a0\u00bb parallax_speed=\u00a0\u00bb0.3&Prime; video_aspect_ratio=\u00a0\u00bb16:9&Prime; video_loop=\u00a0\u00bbyes\u00a0\u00bb video_mute=\u00a0\u00bbyes\u00a0\u00bb overlay_opacity=\u00a0\u00bb0.5&Prime; border_style=\u00a0\u00bbsolid\u00a0\u00bb][fusion_builder_row][fusion_builder_column type=\u00a0\u00bb1_1&Prime; layout=\u00a0\u00bb1_1&Prime; background_position=\u00a0\u00bbleft top\u00a0\u00bb background_color=\u00a0\u00bb\u00a0\u00bb border_size=\u00a0\u00bb\u00a0\u00bb border_color=\u00a0\u00bb\u00a0\u00bb border_style=\u00a0\u00bbsolid\u00a0\u00bb border_position=\u00a0\u00bball\u00a0\u00bb spacing=\u00a0\u00bbyes\u00a0\u00bb background_image=\u00a0\u00bb\u00a0\u00bb background_repeat=\u00a0\u00bbno-repeat\u00a0\u00bb padding=\u00a0\u00bb\u00a0\u00bb margin_top=\u00a0\u00bb0px\u00a0\u00bb margin_bottom=\u00a0\u00bb0px\u00a0\u00bb class=\u00a0\u00bb\u00a0\u00bb id=\u00a0\u00bb\u00a0\u00bb animation_type=\u00a0\u00bb\u00a0\u00bb animation_speed=\u00a0\u00bb0.3&Prime; animation_direction=\u00a0\u00bbleft\u00a0\u00bb hide_on_mobile=\u00a0\u00bbsmall-visibility,medium-visibility,large-visibility\u00a0\u00bb center_content=\u00a0\u00bbno\u00a0\u00bb last=\u00a0\u00bbno\u00a0\u00bb min_height=\u00a0\u00bb\u00a0\u00bb hover_type=\u00a0\u00bbnone\u00a0\u00bb link=\u00a0\u00bb\u00a0\u00bb][fusion_text] Conducteur Conducteurs compacts en aluminium toronn\u00e9s Isolation Isolation en poly\u00e9thyl\u00e8ne r\u00e9ticul\u00e9 noir Veste PVC [&hellip;]<\/p>\n","protected":false},"featured_media":20466,"comment_status":"closed","ping_status":"closed","template":"","meta":{"_acf_changed":false},"product_brand":[],"product_cat":[],"product_tag":[],"application":[],"voltage-rating":[670],"jacket-material":[694],"insulation-material":[],"conductor-material":[984],"wire-gauge":[770,766,765,767,980,768,979,987,764,769,981],"conductor":[679],"class_list":{"0":"post-23827","1":"product","2":"type-product","3":"status-publish","4":"has-post-thumbnail","6":"voltage-rating-600v-fr","7":"jacket-material-chlorure-de-polyvinyle","8":"conductor-material-aluminium-toronne","9":"wire-gauge-1-awg-fr","10":"wire-gauge-1-0-awg-fr","11":"wire-gauge-2-awg-fr","12":"wire-gauge-2-0-awg-fr","13":"wire-gauge-250-fr","14":"wire-gauge-3-0-awg-fr","15":"wire-gauge-300-fr","16":"wire-gauge-350-fr","17":"wire-gauge-4-awg-fr","18":"wire-gauge-4-0-awg-fr","19":"wire-gauge-500-fr","20":"conductor-2-fr","22":"first","23":"instock","24":"shipping-taxable","25":"purchasable","26":"product-type-variable"},"acf":[],"yoast_head":"<!-- This site is optimized with the Yoast SEO plugin v26.2 - https:\/\/yoast.com\/wordpress\/plugins\/seo\/ -->\n<title>USEB-90 600V - National Cable Specialists<\/title>\n<meta name=\"description\" content=\"National Cable Specialists carries a selection of USEB-90 600V for sale. Visit our website to learn more information.\" \/>\n<meta name=\"robots\" content=\"index, follow, max-snippet:-1, max-image-preview:large, max-video-preview:-1\" \/>\n<link rel=\"canonical\" href=\"https:\/\/nationalcablespecialists.ca\/fr\/produit\/useb-90-600v\/\" \/>\n<meta property=\"og:locale\" content=\"fr_FR\" \/>\n<meta property=\"og:type\" content=\"article\" \/>\n<meta property=\"og:title\" content=\"USEB-90 600V - National Cable Specialists\" \/>\n<meta property=\"og:description\" content=\"National Cable Specialists carries a selection of USEB-90 600V for sale. Visit our website to learn more information.\" \/>\n<meta property=\"og:url\" content=\"https:\/\/nationalcablespecialists.ca\/fr\/produit\/useb-90-600v\/\" \/>\n<meta property=\"og:site_name\" content=\"National Cable Specialists\" \/>\n<meta property=\"og:image\" content=\"https:\/\/nationalcablespecialists.ca\/wp-content\/uploads\/2023\/09\/USEB90_500px-2.jpg\" \/>\n\t<meta property=\"og:image:width\" content=\"500\" \/>\n\t<meta property=\"og:image:height\" content=\"500\" \/>\n\t<meta property=\"og:image:type\" content=\"image\/jpeg\" \/>\n<meta name=\"twitter:card\" content=\"summary_large_image\" \/>\n<meta name=\"twitter:label1\" content=\"Dur\u00e9e de lecture estim\u00e9e\" \/>\n\t<meta name=\"twitter:data1\" content=\"1 minute\" \/>\n<script type=\"application\/ld+json\" class=\"yoast-schema-graph\">{\"@context\":\"https:\/\/schema.org\",\"@graph\":[{\"@type\":\"WebPage\",\"@id\":\"https:\/\/nationalcablespecialists.ca\/fr\/produit\/useb-90-600v\/\",\"url\":\"https:\/\/nationalcablespecialists.ca\/fr\/produit\/useb-90-600v\/\",\"name\":\"USEB-90 600V - National Cable Specialists\",\"isPartOf\":{\"@id\":\"https:\/\/nationalcablespecialists.ca\/fr\/#website\"},\"primaryImageOfPage\":{\"@id\":\"https:\/\/nationalcablespecialists.ca\/fr\/produit\/useb-90-600v\/#primaryimage\"},\"image\":{\"@id\":\"https:\/\/nationalcablespecialists.ca\/fr\/produit\/useb-90-600v\/#primaryimage\"},\"thumbnailUrl\":\"https:\/\/nationalcablespecialists.ca\/wp-content\/uploads\/2023\/09\/USEB90_500px-2.jpg\",\"datePublished\":\"2023-09-15T21:20:33+00:00\",\"description\":\"National Cable Specialists carries a selection of USEB-90 600V for sale. Visit our website to learn more information.\",\"breadcrumb\":{\"@id\":\"https:\/\/nationalcablespecialists.ca\/fr\/produit\/useb-90-600v\/#breadcrumb\"},\"inLanguage\":\"fr-FR\",\"potentialAction\":[{\"@type\":\"ReadAction\",\"target\":[\"https:\/\/nationalcablespecialists.ca\/fr\/produit\/useb-90-600v\/\"]}]},{\"@type\":\"ImageObject\",\"inLanguage\":\"fr-FR\",\"@id\":\"https:\/\/nationalcablespecialists.ca\/fr\/produit\/useb-90-600v\/#primaryimage\",\"url\":\"https:\/\/nationalcablespecialists.ca\/wp-content\/uploads\/2023\/09\/USEB90_500px-2.jpg\",\"contentUrl\":\"https:\/\/nationalcablespecialists.ca\/wp-content\/uploads\/2023\/09\/USEB90_500px-2.jpg\",\"width\":500,\"height\":500,\"caption\":\"USEB90\"},{\"@type\":\"BreadcrumbList\",\"@id\":\"https:\/\/nationalcablespecialists.ca\/fr\/produit\/useb-90-600v\/#breadcrumb\",\"itemListElement\":[{\"@type\":\"ListItem\",\"position\":1,\"name\":\"Produits\",\"item\":\"https:\/\/nationalcablespecialists.ca\/our-products\/\"},{\"@type\":\"ListItem\",\"position\":2,\"name\":\"Fils et c\u00e2bles \u00e9lectriques\",\"item\":\"https:\/\/nationalcablespecialists.ca\/fr\/categorie-produit\/fils-et-cables-electriques\/\"},{\"@type\":\"ListItem\",\"position\":3,\"name\":\"C\u00e2ble utilitaire\",\"item\":\"https:\/\/nationalcablespecialists.ca\/fr\/categorie-produit\/fils-et-cables-electriques\/cable-utilitaire\/\"},{\"@type\":\"ListItem\",\"position\":4,\"name\":\"USEB-90 600V\"}]},{\"@type\":\"WebSite\",\"@id\":\"https:\/\/nationalcablespecialists.ca\/fr\/#website\",\"url\":\"https:\/\/nationalcablespecialists.ca\/fr\/\",\"name\":\"National Cable Specialists\",\"description\":\"\",\"publisher\":{\"@id\":\"https:\/\/nationalcablespecialists.ca\/fr\/#organization\"},\"potentialAction\":[{\"@type\":\"SearchAction\",\"target\":{\"@type\":\"EntryPoint\",\"urlTemplate\":\"https:\/\/nationalcablespecialists.ca\/fr\/?s={search_term_string}\"},\"query-input\":{\"@type\":\"PropertyValueSpecification\",\"valueRequired\":true,\"valueName\":\"search_term_string\"}}],\"inLanguage\":\"fr-FR\"},{\"@type\":\"Organization\",\"@id\":\"https:\/\/nationalcablespecialists.ca\/fr\/#organization\",\"name\":\"National Cable Specialists\",\"url\":\"https:\/\/nationalcablespecialists.ca\/fr\/\",\"logo\":{\"@type\":\"ImageObject\",\"inLanguage\":\"fr-FR\",\"@id\":\"https:\/\/nationalcablespecialists.ca\/fr\/#\/schema\/logo\/image\/\",\"url\":\"https:\/\/nationalcablespecialists.ca\/wp-content\/uploads\/2023\/01\/NCS_Lrg_Logo.png\",\"contentUrl\":\"https:\/\/nationalcablespecialists.ca\/wp-content\/uploads\/2023\/01\/NCS_Lrg_Logo.png\",\"width\":1600,\"height\":840,\"caption\":\"National Cable Specialists\"},\"image\":{\"@id\":\"https:\/\/nationalcablespecialists.ca\/fr\/#\/schema\/logo\/image\/\"}}]}<\/script>\n<!-- \/ Yoast SEO plugin. -->","yoast_head_json":{"title":"USEB-90 600V - National Cable Specialists","description":"National Cable Specialists carries a selection of USEB-90 600V for sale. Visit our website to learn more information.","robots":{"index":"index","follow":"follow","max-snippet":"max-snippet:-1","max-image-preview":"max-image-preview:large","max-video-preview":"max-video-preview:-1"},"canonical":"https:\/\/nationalcablespecialists.ca\/fr\/produit\/useb-90-600v\/","og_locale":"fr_FR","og_type":"article","og_title":"USEB-90 600V - National Cable Specialists","og_description":"National Cable Specialists carries a selection of USEB-90 600V for sale. Visit our website to learn more information.","og_url":"https:\/\/nationalcablespecialists.ca\/fr\/produit\/useb-90-600v\/","og_site_name":"National Cable Specialists","og_image":[{"width":500,"height":500,"url":"https:\/\/nationalcablespecialists.ca\/wp-content\/uploads\/2023\/09\/USEB90_500px-2.jpg","type":"image\/jpeg"}],"twitter_card":"summary_large_image","twitter_misc":{"Dur\u00e9e de lecture estim\u00e9e":"1 minute"},"schema":{"@context":"https:\/\/schema.org","@graph":[{"@type":"WebPage","@id":"https:\/\/nationalcablespecialists.ca\/fr\/produit\/useb-90-600v\/","url":"https:\/\/nationalcablespecialists.ca\/fr\/produit\/useb-90-600v\/","name":"USEB-90 600V - National Cable Specialists","isPartOf":{"@id":"https:\/\/nationalcablespecialists.ca\/fr\/#website"},"primaryImageOfPage":{"@id":"https:\/\/nationalcablespecialists.ca\/fr\/produit\/useb-90-600v\/#primaryimage"},"image":{"@id":"https:\/\/nationalcablespecialists.ca\/fr\/produit\/useb-90-600v\/#primaryimage"},"thumbnailUrl":"https:\/\/nationalcablespecialists.ca\/wp-content\/uploads\/2023\/09\/USEB90_500px-2.jpg","datePublished":"2023-09-15T21:20:33+00:00","description":"National Cable Specialists carries a selection of USEB-90 600V for sale. Visit our website to learn more information.","breadcrumb":{"@id":"https:\/\/nationalcablespecialists.ca\/fr\/produit\/useb-90-600v\/#breadcrumb"},"inLanguage":"fr-FR","potentialAction":[{"@type":"ReadAction","target":["https:\/\/nationalcablespecialists.ca\/fr\/produit\/useb-90-600v\/"]}]},{"@type":"ImageObject","inLanguage":"fr-FR","@id":"https:\/\/nationalcablespecialists.ca\/fr\/produit\/useb-90-600v\/#primaryimage","url":"https:\/\/nationalcablespecialists.ca\/wp-content\/uploads\/2023\/09\/USEB90_500px-2.jpg","contentUrl":"https:\/\/nationalcablespecialists.ca\/wp-content\/uploads\/2023\/09\/USEB90_500px-2.jpg","width":500,"height":500,"caption":"USEB90"},{"@type":"BreadcrumbList","@id":"https:\/\/nationalcablespecialists.ca\/fr\/produit\/useb-90-600v\/#breadcrumb","itemListElement":[{"@type":"ListItem","position":1,"name":"Produits","item":"https:\/\/nationalcablespecialists.ca\/our-products\/"},{"@type":"ListItem","position":2,"name":"Fils et c\u00e2bles \u00e9lectriques","item":"https:\/\/nationalcablespecialists.ca\/fr\/categorie-produit\/fils-et-cables-electriques\/"},{"@type":"ListItem","position":3,"name":"C\u00e2ble utilitaire","item":"https:\/\/nationalcablespecialists.ca\/fr\/categorie-produit\/fils-et-cables-electriques\/cable-utilitaire\/"},{"@type":"ListItem","position":4,"name":"USEB-90 600V"}]},{"@type":"WebSite","@id":"https:\/\/nationalcablespecialists.ca\/fr\/#website","url":"https:\/\/nationalcablespecialists.ca\/fr\/","name":"National Cable Specialists","description":"","publisher":{"@id":"https:\/\/nationalcablespecialists.ca\/fr\/#organization"},"potentialAction":[{"@type":"SearchAction","target":{"@type":"EntryPoint","urlTemplate":"https:\/\/nationalcablespecialists.ca\/fr\/?s={search_term_string}"},"query-input":{"@type":"PropertyValueSpecification","valueRequired":true,"valueName":"search_term_string"}}],"inLanguage":"fr-FR"},{"@type":"Organization","@id":"https:\/\/nationalcablespecialists.ca\/fr\/#organization","name":"National Cable Specialists","url":"https:\/\/nationalcablespecialists.ca\/fr\/","logo":{"@type":"ImageObject","inLanguage":"fr-FR","@id":"https:\/\/nationalcablespecialists.ca\/fr\/#\/schema\/logo\/image\/","url":"https:\/\/nationalcablespecialists.ca\/wp-content\/uploads\/2023\/01\/NCS_Lrg_Logo.png","contentUrl":"https:\/\/nationalcablespecialists.ca\/wp-content\/uploads\/2023\/01\/NCS_Lrg_Logo.png","width":1600,"height":840,"caption":"National Cable Specialists"},"image":{"@id":"https:\/\/nationalcablespecialists.ca\/fr\/#\/schema\/logo\/image\/"}}]}},"_links":{"self":[{"href":"https:\/\/nationalcablespecialists.ca\/fr\/wp-json\/wp\/v2\/product\/23827","targetHints":{"allow":["GET"]}}],"collection":[{"href":"https:\/\/nationalcablespecialists.ca\/fr\/wp-json\/wp\/v2\/product"}],"about":[{"href":"https:\/\/nationalcablespecialists.ca\/fr\/wp-json\/wp\/v2\/types\/product"}],"replies":[{"embeddable":true,"href":"https:\/\/nationalcablespecialists.ca\/fr\/wp-json\/wp\/v2\/comments?post=23827"}],"wp:featuredmedia":[{"embeddable":true,"href":"https:\/\/nationalcablespecialists.ca\/fr\/wp-json\/wp\/v2\/media\/20466"}],"wp:attachment":[{"href":"https:\/\/nationalcablespecialists.ca\/fr\/wp-json\/wp\/v2\/media?parent=23827"}],"wp:term":[{"taxonomy":"product_brand","embeddable":true,"href":"https:\/\/nationalcablespecialists.ca\/fr\/wp-json\/wp\/v2\/product_brand?post=23827"},{"taxonomy":"product_cat","embeddable":true,"href":"https:\/\/nationalcablespecialists.ca\/fr\/wp-json\/wp\/v2\/product_cat?post=23827"},{"taxonomy":"product_tag","embeddable":true,"href":"https:\/\/nationalcablespecialists.ca\/fr\/wp-json\/wp\/v2\/product_tag?post=23827"},{"taxonomy":"application","embeddable":true,"href":"https:\/\/nationalcablespecialists.ca\/fr\/wp-json\/wp\/v2\/application?post=23827"},{"taxonomy":"voltage-rating","embeddable":true,"href":"https:\/\/nationalcablespecialists.ca\/fr\/wp-json\/wp\/v2\/voltage-rating?post=23827"},{"taxonomy":"jacket-material","embeddable":true,"href":"https:\/\/nationalcablespecialists.ca\/fr\/wp-json\/wp\/v2\/jacket-material?post=23827"},{"taxonomy":"insulation-material","embeddable":true,"href":"https:\/\/nationalcablespecialists.ca\/fr\/wp-json\/wp\/v2\/insulation-material?post=23827"},{"taxonomy":"conductor-material","embeddable":true,"href":"https:\/\/nationalcablespecialists.ca\/fr\/wp-json\/wp\/v2\/conductor-material?post=23827"},{"taxonomy":"wire-gauge","embeddable":true,"href":"https:\/\/nationalcablespecialists.ca\/fr\/wp-json\/wp\/v2\/wire-gauge?post=23827"},{"taxonomy":"conductor","embeddable":true,"href":"https:\/\/nationalcablespecialists.ca\/fr\/wp-json\/wp\/v2\/conductor?post=23827"}],"curies":[{"name":"wp","href":"https:\/\/api.w.org\/{rel}","templated":true}]}}