{"id":23804,"date":"2023-09-15T14:20:33","date_gmt":"2023-09-15T21:20:33","guid":{"rendered":"https:\/\/nationalcablespecialists.ca\/product\/cable-de-soudage-de-qualite-commerciale\/"},"modified":"2023-09-15T14:20:33","modified_gmt":"2023-09-15T21:20:33","slug":"cable-de-soudage-de-qualite-commerciale","status":"publish","type":"product","link":"https:\/\/nationalcablespecialists.ca\/fr\/produit\/cable-de-soudage-de-qualite-commerciale\/","title":{"rendered":"C\u00e2ble de soudage de qualit\u00e9 commerciale"},"content":{"rendered":"<div><strong>Description<\/strong> Cuivre nu toronn\u00e9 recuit selon la norme ASTM B-172. Pied marqu\u00e9 pour une identification facile de la longueur. R\u00e9sistant \u00e0 l\u2019ozone, au soleil, aux intemp\u00e9ries et aux produits chimiques<\/div>\n<div><strong>Applications<\/strong> Con\u00e7u pour \u00eatre utilis\u00e9 comme fils de soudage du c\u00f4t\u00e9 secondaire de la source d\u2019alimentation &#8211; typique des soudeuses \u00e0 l\u2019arc et des g\u00e9n\u00e9rateurs de soudage. D\u2019autres utilisations peuvent inclure un c\u00e2ble de plomb flexible&nbsp;; \u00c9lectrode \u00e0 unit\u00e9 de soudage, c\u00e2bles de batterie et c\u00e2bles de plomb temporaires et permanents<\/div>\n<div><strong>Veste<\/strong> Caoutchouc \u00e9thyl\u00e8ne-propyl\u00e8ne (EPR)<\/div>\n<div><strong>Temp\u00e9rature<\/strong> -50\u00b0C \u00e0 105\u00b0C<\/div>\n<div><strong>Approbations<\/strong> Conforme \u00e0 la norme ROHS<\/div>\n","protected":false},"excerpt":{"rendered":"<p>Description Cuivre nu toronn\u00e9 recuit selon la norme ASTM B-172. Pied marqu\u00e9 pour une identification facile de la longueur. R\u00e9sistant \u00e0 l\u2019ozone, au soleil, aux intemp\u00e9ries et aux produits chimiques Applications Con\u00e7u pour \u00eatre utilis\u00e9 comme fils de soudage du c\u00f4t\u00e9 secondaire de la source d\u2019alimentation &#8211; typique des soudeuses \u00e0 l\u2019arc et des g\u00e9n\u00e9rateurs [&hellip;]<\/p>\n","protected":false},"featured_media":20468,"comment_status":"open","ping_status":"closed","template":"","meta":{"_acf_changed":false},"product_brand":[],"product_cat":[958],"product_tag":[963,967],"application":[968,969,965],"voltage-rating":[],"jacket-material":[970],"insulation-material":[],"conductor-material":[685],"wire-gauge":[770,766,765,767,768,764,769,763],"conductor":[712],"class_list":{"0":"post-23804","1":"product","2":"type-product","3":"status-publish","4":"has-post-thumbnail","6":"product_cat-fils-et-cables-specialises","7":"product_tag-cable-de-soudage","8":"product_tag-commercial-fr","9":"application-pile","10":"application-plomb","11":"application-soudure","12":"jacket-material-caoutchouc-ethylene-propylene","13":"conductor-material-cuivre-nu-toronne","14":"wire-gauge-1-awg-fr","15":"wire-gauge-1-0-awg-fr","16":"wire-gauge-2-awg-fr","17":"wire-gauge-2-0-awg-fr","18":"wire-gauge-3-0-awg-fr","19":"wire-gauge-4-awg-fr","20":"wire-gauge-4-0-awg-fr","21":"wire-gauge-6-awg-fr","22":"conductor-1-fr","24":"first","25":"instock","26":"shipping-taxable","27":"purchasable","28":"product-type-variable"},"acf":[],"yoast_head":"<!-- This site is optimized with the Yoast SEO plugin v26.2 - https:\/\/yoast.com\/wordpress\/plugins\/seo\/ -->\n<title>C\u00e2ble de soudage de qualit\u00e9 commerciale - National Cable Specialists<\/title>\n<meta name=\"description\" content=\"National Cable Specialists carries a selection of C\u00e2ble de soudage de qualit\u00e9 commerciale for sale. Visit our website to learn more information.\" \/>\n<meta name=\"robots\" content=\"index, follow, max-snippet:-1, max-image-preview:large, max-video-preview:-1\" \/>\n<link rel=\"canonical\" href=\"https:\/\/nationalcablespecialists.ca\/fr\/produit\/cable-de-soudage-de-qualite-commerciale\/\" \/>\n<meta property=\"og:locale\" content=\"fr_FR\" \/>\n<meta property=\"og:type\" content=\"article\" \/>\n<meta property=\"og:title\" content=\"C\u00e2ble de soudage de qualit\u00e9 commerciale - National Cable Specialists\" \/>\n<meta property=\"og:description\" content=\"National Cable Specialists carries a selection of C\u00e2ble de soudage de qualit\u00e9 commerciale for sale. Visit our website to learn more information.\" \/>\n<meta property=\"og:url\" content=\"https:\/\/nationalcablespecialists.ca\/fr\/produit\/cable-de-soudage-de-qualite-commerciale\/\" \/>\n<meta property=\"og:site_name\" content=\"National Cable Specialists\" \/>\n<meta property=\"og:image\" content=\"https:\/\/nationalcablespecialists.ca\/wp-content\/uploads\/2023\/09\/Welding01_500px-3.jpg\" \/>\n\t<meta property=\"og:image:width\" content=\"500\" \/>\n\t<meta property=\"og:image:height\" content=\"500\" \/>\n\t<meta property=\"og:image:type\" content=\"image\/jpeg\" \/>\n<meta name=\"twitter:card\" content=\"summary_large_image\" \/>\n<meta name=\"twitter:label1\" content=\"Dur\u00e9e de lecture estim\u00e9e\" \/>\n\t<meta name=\"twitter:data1\" content=\"1 minute\" \/>\n<script type=\"application\/ld+json\" class=\"yoast-schema-graph\">{\"@context\":\"https:\/\/schema.org\",\"@graph\":[{\"@type\":\"WebPage\",\"@id\":\"https:\/\/nationalcablespecialists.ca\/fr\/produit\/cable-de-soudage-de-qualite-commerciale\/\",\"url\":\"https:\/\/nationalcablespecialists.ca\/fr\/produit\/cable-de-soudage-de-qualite-commerciale\/\",\"name\":\"C\u00e2ble de soudage de qualit\u00e9 commerciale - National Cable Specialists\",\"isPartOf\":{\"@id\":\"https:\/\/nationalcablespecialists.ca\/fr\/#website\"},\"primaryImageOfPage\":{\"@id\":\"https:\/\/nationalcablespecialists.ca\/fr\/produit\/cable-de-soudage-de-qualite-commerciale\/#primaryimage\"},\"image\":{\"@id\":\"https:\/\/nationalcablespecialists.ca\/fr\/produit\/cable-de-soudage-de-qualite-commerciale\/#primaryimage\"},\"thumbnailUrl\":\"https:\/\/nationalcablespecialists.ca\/wp-content\/uploads\/2023\/09\/Welding01_500px-3.jpg\",\"datePublished\":\"2023-09-15T21:20:33+00:00\",\"description\":\"National Cable Specialists carries a selection of C\u00e2ble de soudage de qualit\u00e9 commerciale for sale. Visit our website to learn more information.\",\"breadcrumb\":{\"@id\":\"https:\/\/nationalcablespecialists.ca\/fr\/produit\/cable-de-soudage-de-qualite-commerciale\/#breadcrumb\"},\"inLanguage\":\"fr-FR\",\"potentialAction\":[{\"@type\":\"ReadAction\",\"target\":[\"https:\/\/nationalcablespecialists.ca\/fr\/produit\/cable-de-soudage-de-qualite-commerciale\/\"]}]},{\"@type\":\"ImageObject\",\"inLanguage\":\"fr-FR\",\"@id\":\"https:\/\/nationalcablespecialists.ca\/fr\/produit\/cable-de-soudage-de-qualite-commerciale\/#primaryimage\",\"url\":\"https:\/\/nationalcablespecialists.ca\/wp-content\/uploads\/2023\/09\/Welding01_500px-3.jpg\",\"contentUrl\":\"https:\/\/nationalcablespecialists.ca\/wp-content\/uploads\/2023\/09\/Welding01_500px-3.jpg\",\"width\":500,\"height\":500,\"caption\":\"Welding\"},{\"@type\":\"BreadcrumbList\",\"@id\":\"https:\/\/nationalcablespecialists.ca\/fr\/produit\/cable-de-soudage-de-qualite-commerciale\/#breadcrumb\",\"itemListElement\":[{\"@type\":\"ListItem\",\"position\":1,\"name\":\"Produits\",\"item\":\"https:\/\/nationalcablespecialists.ca\/our-products\/\"},{\"@type\":\"ListItem\",\"position\":2,\"name\":\"C\u00e2ble de soudage de qualit\u00e9 commerciale\"}]},{\"@type\":\"WebSite\",\"@id\":\"https:\/\/nationalcablespecialists.ca\/fr\/#website\",\"url\":\"https:\/\/nationalcablespecialists.ca\/fr\/\",\"name\":\"National Cable Specialists\",\"description\":\"\",\"publisher\":{\"@id\":\"https:\/\/nationalcablespecialists.ca\/fr\/#organization\"},\"potentialAction\":[{\"@type\":\"SearchAction\",\"target\":{\"@type\":\"EntryPoint\",\"urlTemplate\":\"https:\/\/nationalcablespecialists.ca\/fr\/?s={search_term_string}\"},\"query-input\":{\"@type\":\"PropertyValueSpecification\",\"valueRequired\":true,\"valueName\":\"search_term_string\"}}],\"inLanguage\":\"fr-FR\"},{\"@type\":\"Organization\",\"@id\":\"https:\/\/nationalcablespecialists.ca\/fr\/#organization\",\"name\":\"National Cable Specialists\",\"url\":\"https:\/\/nationalcablespecialists.ca\/fr\/\",\"logo\":{\"@type\":\"ImageObject\",\"inLanguage\":\"fr-FR\",\"@id\":\"https:\/\/nationalcablespecialists.ca\/fr\/#\/schema\/logo\/image\/\",\"url\":\"https:\/\/nationalcablespecialists.ca\/wp-content\/uploads\/2023\/01\/NCS_Lrg_Logo.png\",\"contentUrl\":\"https:\/\/nationalcablespecialists.ca\/wp-content\/uploads\/2023\/01\/NCS_Lrg_Logo.png\",\"width\":1600,\"height\":840,\"caption\":\"National Cable Specialists\"},\"image\":{\"@id\":\"https:\/\/nationalcablespecialists.ca\/fr\/#\/schema\/logo\/image\/\"}}]}<\/script>\n<!-- \/ Yoast SEO plugin. -->","yoast_head_json":{"title":"C\u00e2ble de soudage de qualit\u00e9 commerciale - National Cable Specialists","description":"National Cable Specialists carries a selection of C\u00e2ble de soudage de qualit\u00e9 commerciale for sale. Visit our website to learn more information.","robots":{"index":"index","follow":"follow","max-snippet":"max-snippet:-1","max-image-preview":"max-image-preview:large","max-video-preview":"max-video-preview:-1"},"canonical":"https:\/\/nationalcablespecialists.ca\/fr\/produit\/cable-de-soudage-de-qualite-commerciale\/","og_locale":"fr_FR","og_type":"article","og_title":"C\u00e2ble de soudage de qualit\u00e9 commerciale - National Cable Specialists","og_description":"National Cable Specialists carries a selection of C\u00e2ble de soudage de qualit\u00e9 commerciale for sale. Visit our website to learn more information.","og_url":"https:\/\/nationalcablespecialists.ca\/fr\/produit\/cable-de-soudage-de-qualite-commerciale\/","og_site_name":"National Cable Specialists","og_image":[{"width":500,"height":500,"url":"https:\/\/nationalcablespecialists.ca\/wp-content\/uploads\/2023\/09\/Welding01_500px-3.jpg","type":"image\/jpeg"}],"twitter_card":"summary_large_image","twitter_misc":{"Dur\u00e9e de lecture estim\u00e9e":"1 minute"},"schema":{"@context":"https:\/\/schema.org","@graph":[{"@type":"WebPage","@id":"https:\/\/nationalcablespecialists.ca\/fr\/produit\/cable-de-soudage-de-qualite-commerciale\/","url":"https:\/\/nationalcablespecialists.ca\/fr\/produit\/cable-de-soudage-de-qualite-commerciale\/","name":"C\u00e2ble de soudage de qualit\u00e9 commerciale - National Cable Specialists","isPartOf":{"@id":"https:\/\/nationalcablespecialists.ca\/fr\/#website"},"primaryImageOfPage":{"@id":"https:\/\/nationalcablespecialists.ca\/fr\/produit\/cable-de-soudage-de-qualite-commerciale\/#primaryimage"},"image":{"@id":"https:\/\/nationalcablespecialists.ca\/fr\/produit\/cable-de-soudage-de-qualite-commerciale\/#primaryimage"},"thumbnailUrl":"https:\/\/nationalcablespecialists.ca\/wp-content\/uploads\/2023\/09\/Welding01_500px-3.jpg","datePublished":"2023-09-15T21:20:33+00:00","description":"National Cable Specialists carries a selection of C\u00e2ble de soudage de qualit\u00e9 commerciale for sale. Visit our website to learn more information.","breadcrumb":{"@id":"https:\/\/nationalcablespecialists.ca\/fr\/produit\/cable-de-soudage-de-qualite-commerciale\/#breadcrumb"},"inLanguage":"fr-FR","potentialAction":[{"@type":"ReadAction","target":["https:\/\/nationalcablespecialists.ca\/fr\/produit\/cable-de-soudage-de-qualite-commerciale\/"]}]},{"@type":"ImageObject","inLanguage":"fr-FR","@id":"https:\/\/nationalcablespecialists.ca\/fr\/produit\/cable-de-soudage-de-qualite-commerciale\/#primaryimage","url":"https:\/\/nationalcablespecialists.ca\/wp-content\/uploads\/2023\/09\/Welding01_500px-3.jpg","contentUrl":"https:\/\/nationalcablespecialists.ca\/wp-content\/uploads\/2023\/09\/Welding01_500px-3.jpg","width":500,"height":500,"caption":"Welding"},{"@type":"BreadcrumbList","@id":"https:\/\/nationalcablespecialists.ca\/fr\/produit\/cable-de-soudage-de-qualite-commerciale\/#breadcrumb","itemListElement":[{"@type":"ListItem","position":1,"name":"Produits","item":"https:\/\/nationalcablespecialists.ca\/our-products\/"},{"@type":"ListItem","position":2,"name":"C\u00e2ble de soudage de qualit\u00e9 commerciale"}]},{"@type":"WebSite","@id":"https:\/\/nationalcablespecialists.ca\/fr\/#website","url":"https:\/\/nationalcablespecialists.ca\/fr\/","name":"National Cable Specialists","description":"","publisher":{"@id":"https:\/\/nationalcablespecialists.ca\/fr\/#organization"},"potentialAction":[{"@type":"SearchAction","target":{"@type":"EntryPoint","urlTemplate":"https:\/\/nationalcablespecialists.ca\/fr\/?s={search_term_string}"},"query-input":{"@type":"PropertyValueSpecification","valueRequired":true,"valueName":"search_term_string"}}],"inLanguage":"fr-FR"},{"@type":"Organization","@id":"https:\/\/nationalcablespecialists.ca\/fr\/#organization","name":"National Cable Specialists","url":"https:\/\/nationalcablespecialists.ca\/fr\/","logo":{"@type":"ImageObject","inLanguage":"fr-FR","@id":"https:\/\/nationalcablespecialists.ca\/fr\/#\/schema\/logo\/image\/","url":"https:\/\/nationalcablespecialists.ca\/wp-content\/uploads\/2023\/01\/NCS_Lrg_Logo.png","contentUrl":"https:\/\/nationalcablespecialists.ca\/wp-content\/uploads\/2023\/01\/NCS_Lrg_Logo.png","width":1600,"height":840,"caption":"National Cable Specialists"},"image":{"@id":"https:\/\/nationalcablespecialists.ca\/fr\/#\/schema\/logo\/image\/"}}]}},"_links":{"self":[{"href":"https:\/\/nationalcablespecialists.ca\/fr\/wp-json\/wp\/v2\/product\/23804","targetHints":{"allow":["GET"]}}],"collection":[{"href":"https:\/\/nationalcablespecialists.ca\/fr\/wp-json\/wp\/v2\/product"}],"about":[{"href":"https:\/\/nationalcablespecialists.ca\/fr\/wp-json\/wp\/v2\/types\/product"}],"replies":[{"embeddable":true,"href":"https:\/\/nationalcablespecialists.ca\/fr\/wp-json\/wp\/v2\/comments?post=23804"}],"wp:featuredmedia":[{"embeddable":true,"href":"https:\/\/nationalcablespecialists.ca\/fr\/wp-json\/wp\/v2\/media\/20468"}],"wp:attachment":[{"href":"https:\/\/nationalcablespecialists.ca\/fr\/wp-json\/wp\/v2\/media?parent=23804"}],"wp:term":[{"taxonomy":"product_brand","embeddable":true,"href":"https:\/\/nationalcablespecialists.ca\/fr\/wp-json\/wp\/v2\/product_brand?post=23804"},{"taxonomy":"product_cat","embeddable":true,"href":"https:\/\/nationalcablespecialists.ca\/fr\/wp-json\/wp\/v2\/product_cat?post=23804"},{"taxonomy":"product_tag","embeddable":true,"href":"https:\/\/nationalcablespecialists.ca\/fr\/wp-json\/wp\/v2\/product_tag?post=23804"},{"taxonomy":"application","embeddable":true,"href":"https:\/\/nationalcablespecialists.ca\/fr\/wp-json\/wp\/v2\/application?post=23804"},{"taxonomy":"voltage-rating","embeddable":true,"href":"https:\/\/nationalcablespecialists.ca\/fr\/wp-json\/wp\/v2\/voltage-rating?post=23804"},{"taxonomy":"jacket-material","embeddable":true,"href":"https:\/\/nationalcablespecialists.ca\/fr\/wp-json\/wp\/v2\/jacket-material?post=23804"},{"taxonomy":"insulation-material","embeddable":true,"href":"https:\/\/nationalcablespecialists.ca\/fr\/wp-json\/wp\/v2\/insulation-material?post=23804"},{"taxonomy":"conductor-material","embeddable":true,"href":"https:\/\/nationalcablespecialists.ca\/fr\/wp-json\/wp\/v2\/conductor-material?post=23804"},{"taxonomy":"wire-gauge","embeddable":true,"href":"https:\/\/nationalcablespecialists.ca\/fr\/wp-json\/wp\/v2\/wire-gauge?post=23804"},{"taxonomy":"conductor","embeddable":true,"href":"https:\/\/nationalcablespecialists.ca\/fr\/wp-json\/wp\/v2\/conductor?post=23804"}],"curies":[{"name":"wp","href":"https:\/\/api.w.org\/{rel}","templated":true}]}}