{"id":23797,"date":"2023-09-15T14:20:52","date_gmt":"2023-09-15T21:20:52","guid":{"rendered":"https:\/\/nationalcablespecialists.ca\/product\/cable-de-soudage-polarflex-40\/"},"modified":"2023-09-15T14:20:52","modified_gmt":"2023-09-15T21:20:52","slug":"cable-de-soudage-polarflex-40","status":"publish","type":"product","link":"https:\/\/nationalcablespecialists.ca\/fr\/produit\/cable-de-soudage-polarflex-40\/","title":{"rendered":"C\u00e2ble de soudage Polarflex 40"},"content":{"rendered":"<div><strong>Conducteur<\/strong> Cuivre nu toronn\u00e9<\/div>\n<div>\n<div><strong>Isolation<\/strong> Compos\u00e9 thermoplastique r\u00e9sistant \u00e0 l\u2019huile et \u00e0 l\u2019eau<\/div>\n<div><strong>Veste<\/strong> Cordon gain\u00e9 en \u00e9lastom\u00e8re thermoplastique CSA SJT, SJTO, ST \u00e9valu\u00e9 \u00e0 60 \u00b0C. Ext\u00e9rieur SJTW, STW, \u00e9valu\u00e9 \u00e0 60\u00b0C. FT2 (en anglais seulement)<\/div>\n<p><strong>Tension 600V<\/strong><\/p>\n<\/div>\n<div><strong>Cote thermique<\/strong> Temps froid cassant temp\u00e9rature de rupture -59\u00b0C Temp\u00e9rature maximale d\u2019utilisation continue +105\u00b0C<\/div>\n<div><b><br \/>\n  <strong>Approbations <\/strong><br \/>\n<\/b>UL 62 pour SJE, SJEO, SE, SEO \u00e9valu\u00e9 \u00e0 60\u00b0C ou 90\u00b0C. Classe 36 60\u00b0C ou 105\u00b0C. 720 heures pour une utilisation en ext\u00e9rieur. -50\u00b0C. En option SJE, SE, r\u00e9sistant \u00e0 l\u2019eau W-A VW1 ou FT1.<\/div>\n<div><b>Application <\/b>Pour les connexions pour porte-\u00e9lectrode et pince \u00e0 soudeuse \u00e0 l\u2019arc, bus, bo\u00eete de soudage ou transformateur. Les utilisations comprennent le soudage \u00e0 600 volts pour une utilisation intermittente (jusqu\u2019\u00e0 trois heures d\u2019utilisation continue), les pi\u00e8ces de moteur automobile, les fils de batterie, les c\u00e2bles de d\u00e9marrage et les connecteurs o\u00f9 des performances sup\u00e9rieures dans un large \u00e9ventail de conditions de fonctionnement et d\u2019environnements s\u2019appliquent.<\/div>\n","protected":false},"excerpt":{"rendered":"<p>Conducteur Cuivre nu toronn\u00e9 Isolation Compos\u00e9 thermoplastique r\u00e9sistant \u00e0 l\u2019huile et \u00e0 l\u2019eau Veste Cordon gain\u00e9 en \u00e9lastom\u00e8re thermoplastique CSA SJT, SJTO, ST \u00e9valu\u00e9 \u00e0 60 \u00b0C. Ext\u00e9rieur SJTW, STW, \u00e9valu\u00e9 \u00e0 60\u00b0C. FT2 (en anglais seulement) Tension 600V Cote thermique Temps froid cassant temp\u00e9rature de rupture -59\u00b0C Temp\u00e9rature maximale d\u2019utilisation continue +105\u00b0C Approbations UL [&hellip;]<\/p>\n","protected":false},"featured_media":20468,"comment_status":"open","ping_status":"closed","template":"","meta":{"_acf_changed":false},"product_brand":[],"product_cat":[958],"product_tag":[963,962],"application":[965,964],"voltage-rating":[670],"jacket-material":[966],"insulation-material":[776],"conductor-material":[685],"wire-gauge":[770,766,765,767,768,769],"conductor":[712],"class_list":{"0":"post-23797","1":"product","2":"type-product","3":"status-publish","4":"has-post-thumbnail","6":"product_cat-fils-et-cables-specialises","7":"product_tag-cable-de-soudage","8":"product_tag-polarflex-en-anglais-seulement","9":"application-soudure","10":"application-temperature-froide","11":"voltage-rating-600v-fr","12":"jacket-material-elastomere-thermoplastique","13":"insulation-material-thermoplastique","14":"conductor-material-cuivre-nu-toronne","15":"wire-gauge-1-awg-fr","16":"wire-gauge-1-0-awg-fr","17":"wire-gauge-2-awg-fr","18":"wire-gauge-2-0-awg-fr","19":"wire-gauge-3-0-awg-fr","20":"wire-gauge-4-0-awg-fr","21":"conductor-1-fr","23":"first","24":"instock","25":"shipping-taxable","26":"purchasable","27":"product-type-variable"},"acf":[],"yoast_head":"<!-- This site is optimized with the Yoast SEO plugin v26.2 - https:\/\/yoast.com\/wordpress\/plugins\/seo\/ -->\n<title>C\u00e2ble de soudage Polarflex 40 - National Cable Specialists<\/title>\n<meta name=\"description\" content=\"National Cable Specialists carries a selection of C\u00e2ble de soudage Polarflex 40 for sale. Visit our website to learn more information.\" \/>\n<meta name=\"robots\" content=\"index, follow, max-snippet:-1, max-image-preview:large, max-video-preview:-1\" \/>\n<link rel=\"canonical\" href=\"https:\/\/nationalcablespecialists.ca\/fr\/produit\/cable-de-soudage-polarflex-40\/\" \/>\n<meta property=\"og:locale\" content=\"fr_FR\" \/>\n<meta property=\"og:type\" content=\"article\" \/>\n<meta property=\"og:title\" content=\"C\u00e2ble de soudage Polarflex 40 - National Cable Specialists\" \/>\n<meta property=\"og:description\" content=\"National Cable Specialists carries a selection of C\u00e2ble de soudage Polarflex 40 for sale. Visit our website to learn more information.\" \/>\n<meta property=\"og:url\" content=\"https:\/\/nationalcablespecialists.ca\/fr\/produit\/cable-de-soudage-polarflex-40\/\" \/>\n<meta property=\"og:site_name\" content=\"National Cable Specialists\" \/>\n<meta property=\"og:image\" content=\"https:\/\/nationalcablespecialists.ca\/wp-content\/uploads\/2023\/09\/Welding01_500px-3.jpg\" \/>\n\t<meta property=\"og:image:width\" content=\"500\" \/>\n\t<meta property=\"og:image:height\" content=\"500\" \/>\n\t<meta property=\"og:image:type\" content=\"image\/jpeg\" \/>\n<meta name=\"twitter:card\" content=\"summary_large_image\" \/>\n<meta name=\"twitter:label1\" content=\"Dur\u00e9e de lecture estim\u00e9e\" \/>\n\t<meta name=\"twitter:data1\" content=\"1 minute\" \/>\n<script type=\"application\/ld+json\" class=\"yoast-schema-graph\">{\"@context\":\"https:\/\/schema.org\",\"@graph\":[{\"@type\":\"WebPage\",\"@id\":\"https:\/\/nationalcablespecialists.ca\/fr\/produit\/cable-de-soudage-polarflex-40\/\",\"url\":\"https:\/\/nationalcablespecialists.ca\/fr\/produit\/cable-de-soudage-polarflex-40\/\",\"name\":\"C\u00e2ble de soudage Polarflex 40 - National Cable Specialists\",\"isPartOf\":{\"@id\":\"https:\/\/nationalcablespecialists.ca\/fr\/#website\"},\"primaryImageOfPage\":{\"@id\":\"https:\/\/nationalcablespecialists.ca\/fr\/produit\/cable-de-soudage-polarflex-40\/#primaryimage\"},\"image\":{\"@id\":\"https:\/\/nationalcablespecialists.ca\/fr\/produit\/cable-de-soudage-polarflex-40\/#primaryimage\"},\"thumbnailUrl\":\"https:\/\/nationalcablespecialists.ca\/wp-content\/uploads\/2023\/09\/Welding01_500px-3.jpg\",\"datePublished\":\"2023-09-15T21:20:52+00:00\",\"description\":\"National Cable Specialists carries a selection of C\u00e2ble de soudage Polarflex 40 for sale. Visit our website to learn more information.\",\"breadcrumb\":{\"@id\":\"https:\/\/nationalcablespecialists.ca\/fr\/produit\/cable-de-soudage-polarflex-40\/#breadcrumb\"},\"inLanguage\":\"fr-FR\",\"potentialAction\":[{\"@type\":\"ReadAction\",\"target\":[\"https:\/\/nationalcablespecialists.ca\/fr\/produit\/cable-de-soudage-polarflex-40\/\"]}]},{\"@type\":\"ImageObject\",\"inLanguage\":\"fr-FR\",\"@id\":\"https:\/\/nationalcablespecialists.ca\/fr\/produit\/cable-de-soudage-polarflex-40\/#primaryimage\",\"url\":\"https:\/\/nationalcablespecialists.ca\/wp-content\/uploads\/2023\/09\/Welding01_500px-3.jpg\",\"contentUrl\":\"https:\/\/nationalcablespecialists.ca\/wp-content\/uploads\/2023\/09\/Welding01_500px-3.jpg\",\"width\":500,\"height\":500,\"caption\":\"Welding\"},{\"@type\":\"BreadcrumbList\",\"@id\":\"https:\/\/nationalcablespecialists.ca\/fr\/produit\/cable-de-soudage-polarflex-40\/#breadcrumb\",\"itemListElement\":[{\"@type\":\"ListItem\",\"position\":1,\"name\":\"Produits\",\"item\":\"https:\/\/nationalcablespecialists.ca\/our-products\/\"},{\"@type\":\"ListItem\",\"position\":2,\"name\":\"C\u00e2ble de soudage Polarflex 40\"}]},{\"@type\":\"WebSite\",\"@id\":\"https:\/\/nationalcablespecialists.ca\/fr\/#website\",\"url\":\"https:\/\/nationalcablespecialists.ca\/fr\/\",\"name\":\"National Cable Specialists\",\"description\":\"\",\"publisher\":{\"@id\":\"https:\/\/nationalcablespecialists.ca\/fr\/#organization\"},\"potentialAction\":[{\"@type\":\"SearchAction\",\"target\":{\"@type\":\"EntryPoint\",\"urlTemplate\":\"https:\/\/nationalcablespecialists.ca\/fr\/?s={search_term_string}\"},\"query-input\":{\"@type\":\"PropertyValueSpecification\",\"valueRequired\":true,\"valueName\":\"search_term_string\"}}],\"inLanguage\":\"fr-FR\"},{\"@type\":\"Organization\",\"@id\":\"https:\/\/nationalcablespecialists.ca\/fr\/#organization\",\"name\":\"National Cable Specialists\",\"url\":\"https:\/\/nationalcablespecialists.ca\/fr\/\",\"logo\":{\"@type\":\"ImageObject\",\"inLanguage\":\"fr-FR\",\"@id\":\"https:\/\/nationalcablespecialists.ca\/fr\/#\/schema\/logo\/image\/\",\"url\":\"https:\/\/nationalcablespecialists.ca\/wp-content\/uploads\/2023\/01\/NCS_Lrg_Logo.png\",\"contentUrl\":\"https:\/\/nationalcablespecialists.ca\/wp-content\/uploads\/2023\/01\/NCS_Lrg_Logo.png\",\"width\":1600,\"height\":840,\"caption\":\"National Cable Specialists\"},\"image\":{\"@id\":\"https:\/\/nationalcablespecialists.ca\/fr\/#\/schema\/logo\/image\/\"}}]}<\/script>\n<!-- \/ Yoast SEO plugin. -->","yoast_head_json":{"title":"C\u00e2ble de soudage Polarflex 40 - National Cable Specialists","description":"National Cable Specialists carries a selection of C\u00e2ble de soudage Polarflex 40 for sale. Visit our website to learn more information.","robots":{"index":"index","follow":"follow","max-snippet":"max-snippet:-1","max-image-preview":"max-image-preview:large","max-video-preview":"max-video-preview:-1"},"canonical":"https:\/\/nationalcablespecialists.ca\/fr\/produit\/cable-de-soudage-polarflex-40\/","og_locale":"fr_FR","og_type":"article","og_title":"C\u00e2ble de soudage Polarflex 40 - National Cable Specialists","og_description":"National Cable Specialists carries a selection of C\u00e2ble de soudage Polarflex 40 for sale. Visit our website to learn more information.","og_url":"https:\/\/nationalcablespecialists.ca\/fr\/produit\/cable-de-soudage-polarflex-40\/","og_site_name":"National Cable Specialists","og_image":[{"width":500,"height":500,"url":"https:\/\/nationalcablespecialists.ca\/wp-content\/uploads\/2023\/09\/Welding01_500px-3.jpg","type":"image\/jpeg"}],"twitter_card":"summary_large_image","twitter_misc":{"Dur\u00e9e de lecture estim\u00e9e":"1 minute"},"schema":{"@context":"https:\/\/schema.org","@graph":[{"@type":"WebPage","@id":"https:\/\/nationalcablespecialists.ca\/fr\/produit\/cable-de-soudage-polarflex-40\/","url":"https:\/\/nationalcablespecialists.ca\/fr\/produit\/cable-de-soudage-polarflex-40\/","name":"C\u00e2ble de soudage Polarflex 40 - National Cable Specialists","isPartOf":{"@id":"https:\/\/nationalcablespecialists.ca\/fr\/#website"},"primaryImageOfPage":{"@id":"https:\/\/nationalcablespecialists.ca\/fr\/produit\/cable-de-soudage-polarflex-40\/#primaryimage"},"image":{"@id":"https:\/\/nationalcablespecialists.ca\/fr\/produit\/cable-de-soudage-polarflex-40\/#primaryimage"},"thumbnailUrl":"https:\/\/nationalcablespecialists.ca\/wp-content\/uploads\/2023\/09\/Welding01_500px-3.jpg","datePublished":"2023-09-15T21:20:52+00:00","description":"National Cable Specialists carries a selection of C\u00e2ble de soudage Polarflex 40 for sale. Visit our website to learn more information.","breadcrumb":{"@id":"https:\/\/nationalcablespecialists.ca\/fr\/produit\/cable-de-soudage-polarflex-40\/#breadcrumb"},"inLanguage":"fr-FR","potentialAction":[{"@type":"ReadAction","target":["https:\/\/nationalcablespecialists.ca\/fr\/produit\/cable-de-soudage-polarflex-40\/"]}]},{"@type":"ImageObject","inLanguage":"fr-FR","@id":"https:\/\/nationalcablespecialists.ca\/fr\/produit\/cable-de-soudage-polarflex-40\/#primaryimage","url":"https:\/\/nationalcablespecialists.ca\/wp-content\/uploads\/2023\/09\/Welding01_500px-3.jpg","contentUrl":"https:\/\/nationalcablespecialists.ca\/wp-content\/uploads\/2023\/09\/Welding01_500px-3.jpg","width":500,"height":500,"caption":"Welding"},{"@type":"BreadcrumbList","@id":"https:\/\/nationalcablespecialists.ca\/fr\/produit\/cable-de-soudage-polarflex-40\/#breadcrumb","itemListElement":[{"@type":"ListItem","position":1,"name":"Produits","item":"https:\/\/nationalcablespecialists.ca\/our-products\/"},{"@type":"ListItem","position":2,"name":"C\u00e2ble de soudage Polarflex 40"}]},{"@type":"WebSite","@id":"https:\/\/nationalcablespecialists.ca\/fr\/#website","url":"https:\/\/nationalcablespecialists.ca\/fr\/","name":"National Cable Specialists","description":"","publisher":{"@id":"https:\/\/nationalcablespecialists.ca\/fr\/#organization"},"potentialAction":[{"@type":"SearchAction","target":{"@type":"EntryPoint","urlTemplate":"https:\/\/nationalcablespecialists.ca\/fr\/?s={search_term_string}"},"query-input":{"@type":"PropertyValueSpecification","valueRequired":true,"valueName":"search_term_string"}}],"inLanguage":"fr-FR"},{"@type":"Organization","@id":"https:\/\/nationalcablespecialists.ca\/fr\/#organization","name":"National Cable Specialists","url":"https:\/\/nationalcablespecialists.ca\/fr\/","logo":{"@type":"ImageObject","inLanguage":"fr-FR","@id":"https:\/\/nationalcablespecialists.ca\/fr\/#\/schema\/logo\/image\/","url":"https:\/\/nationalcablespecialists.ca\/wp-content\/uploads\/2023\/01\/NCS_Lrg_Logo.png","contentUrl":"https:\/\/nationalcablespecialists.ca\/wp-content\/uploads\/2023\/01\/NCS_Lrg_Logo.png","width":1600,"height":840,"caption":"National Cable Specialists"},"image":{"@id":"https:\/\/nationalcablespecialists.ca\/fr\/#\/schema\/logo\/image\/"}}]}},"_links":{"self":[{"href":"https:\/\/nationalcablespecialists.ca\/fr\/wp-json\/wp\/v2\/product\/23797","targetHints":{"allow":["GET"]}}],"collection":[{"href":"https:\/\/nationalcablespecialists.ca\/fr\/wp-json\/wp\/v2\/product"}],"about":[{"href":"https:\/\/nationalcablespecialists.ca\/fr\/wp-json\/wp\/v2\/types\/product"}],"replies":[{"embeddable":true,"href":"https:\/\/nationalcablespecialists.ca\/fr\/wp-json\/wp\/v2\/comments?post=23797"}],"wp:featuredmedia":[{"embeddable":true,"href":"https:\/\/nationalcablespecialists.ca\/fr\/wp-json\/wp\/v2\/media\/20468"}],"wp:attachment":[{"href":"https:\/\/nationalcablespecialists.ca\/fr\/wp-json\/wp\/v2\/media?parent=23797"}],"wp:term":[{"taxonomy":"product_brand","embeddable":true,"href":"https:\/\/nationalcablespecialists.ca\/fr\/wp-json\/wp\/v2\/product_brand?post=23797"},{"taxonomy":"product_cat","embeddable":true,"href":"https:\/\/nationalcablespecialists.ca\/fr\/wp-json\/wp\/v2\/product_cat?post=23797"},{"taxonomy":"product_tag","embeddable":true,"href":"https:\/\/nationalcablespecialists.ca\/fr\/wp-json\/wp\/v2\/product_tag?post=23797"},{"taxonomy":"application","embeddable":true,"href":"https:\/\/nationalcablespecialists.ca\/fr\/wp-json\/wp\/v2\/application?post=23797"},{"taxonomy":"voltage-rating","embeddable":true,"href":"https:\/\/nationalcablespecialists.ca\/fr\/wp-json\/wp\/v2\/voltage-rating?post=23797"},{"taxonomy":"jacket-material","embeddable":true,"href":"https:\/\/nationalcablespecialists.ca\/fr\/wp-json\/wp\/v2\/jacket-material?post=23797"},{"taxonomy":"insulation-material","embeddable":true,"href":"https:\/\/nationalcablespecialists.ca\/fr\/wp-json\/wp\/v2\/insulation-material?post=23797"},{"taxonomy":"conductor-material","embeddable":true,"href":"https:\/\/nationalcablespecialists.ca\/fr\/wp-json\/wp\/v2\/conductor-material?post=23797"},{"taxonomy":"wire-gauge","embeddable":true,"href":"https:\/\/nationalcablespecialists.ca\/fr\/wp-json\/wp\/v2\/wire-gauge?post=23797"},{"taxonomy":"conductor","embeddable":true,"href":"https:\/\/nationalcablespecialists.ca\/fr\/wp-json\/wp\/v2\/conductor?post=23797"}],"curies":[{"name":"wp","href":"https:\/\/api.w.org\/{rel}","templated":true}]}}