{"id":23585,"date":"2023-09-15T14:24:06","date_gmt":"2023-09-15T21:24:06","guid":{"rendered":"https:\/\/nationalcablespecialists.ca\/product\/multi-paires-toronne-chaque-paire-foil-shield\/"},"modified":"2024-01-23T17:06:23","modified_gmt":"2024-01-24T01:06:23","slug":"multi-paires-toronne-chaque-paire-foil-shield","status":"publish","type":"product","link":"https:\/\/nationalcablespecialists.ca\/fr\/produit\/multi-paires-toronne-chaque-paire-foil-shield\/","title":{"rendered":"Multi-paires toronn\u00e9 chaque paire Foil Shield"},"content":{"rendered":"<div><strong>Conducteur<\/strong> Cuivre \u00e9tam\u00e9 toronn\u00e9<\/div>\n<div><strong>Isolation<\/strong> 600V Poly\u00e9thyl\u00e8ne \u00e0 code couleur<\/div>\n<div><strong>Veste<\/strong> PVC gris<\/div>\n<div><strong>Temp\u00e9rature<\/strong> -20\u00b0C \u00e0 80\u00b0C<\/div>\n<div><strong>Bouclier<\/strong> Individuel 100% aluminium\/polyester avec fil de drainage en cuivre \u00e9tam\u00e9 toronn\u00e9 pour chaque paire.<\/div>\n<div><strong>Approbations<\/strong> Certifi\u00e9 CMG CSA ou conforme \u00e0 la norme harmonis\u00e9e CM C22.2 No.214 et UL 444. Certifi\u00e9 conforme \u00e0 la norme CSA C22.2 n\u00b0 210.2 \u2013 Type AWM. FT4. Homologu\u00e9 UL CL2 selon la norme UL13<\/div>\n<div><strong>Applications<\/strong> Pour l\u2019audio, la RF et les impulsions et les applications n\u00e9cessitant une isolation de circuit sup\u00e9rieure. Excellentes propri\u00e9t\u00e9s \u00e0 haute fr\u00e9quence et durabilit\u00e9 m\u00e9canique.<\/div>\n<div><\/div>\n<div>\n<div>A \u2013 Conducteur \u00e0 conducteur. B \u2013 1 Conducteur et autres conducteurs connect\u00e9s au blindage.<\/div>\n<\/div>\n","protected":false},"excerpt":{"rendered":"<p>Conducteur Cuivre \u00e9tam\u00e9 toronn\u00e9 Isolation 600V Poly\u00e9thyl\u00e8ne \u00e0 code couleur Veste PVC gris Temp\u00e9rature -20\u00b0C \u00e0 80\u00b0C Bouclier Individuel 100% aluminium\/polyester avec fil de drainage en cuivre \u00e9tam\u00e9 toronn\u00e9 pour chaque paire. Approbations Certifi\u00e9 CMG CSA ou conforme \u00e0 la norme harmonis\u00e9e CM C22.2 No.214 et UL 444. Certifi\u00e9 conforme \u00e0 la norme CSA C22.2 [&hellip;]<\/p>\n","protected":false},"featured_media":20770,"comment_status":"open","ping_status":"closed","template":"","meta":{"_acf_changed":false},"product_brand":[],"product_cat":[815],"product_tag":[785],"application":[910,948,947],"voltage-rating":[670],"jacket-material":[694],"insulation-material":[796],"conductor-material":[672],"wire-gauge":[674,673,727,781,774],"conductor":[882,938,679,954,678,680,714,716],"class_list":{"0":"post-23585","1":"product","2":"type-product","3":"status-publish","4":"has-post-thumbnail","6":"product_cat-fil-electronique","7":"product_tag-multi-paire","8":"application-audio-fr","9":"application-haute-frequence","10":"application-pouls","11":"voltage-rating-600v-fr","12":"jacket-material-chlorure-de-polyvinyle","13":"insulation-material-pe-fr","14":"conductor-material-stranded-tinned-copper-fr","15":"wire-gauge-16-awg-fr","16":"wire-gauge-18-awg-fr","17":"wire-gauge-20-awg-fr","18":"wire-gauge-22-awg-fr","19":"wire-gauge-24-awg-fr","20":"conductor-12-fr","21":"conductor-15-fr","22":"conductor-2-fr","23":"conductor-27-fr","24":"conductor-3-fr","25":"conductor-4-fr","26":"conductor-6-fr","27":"conductor-9-fr","29":"first","30":"instock","31":"shipping-taxable","32":"purchasable","33":"product-type-variable"},"acf":[],"yoast_head":"<!-- This site is optimized with the Yoast SEO plugin v26.2 - https:\/\/yoast.com\/wordpress\/plugins\/seo\/ -->\n<title>Multi-paires toronn\u00e9 chaque paire Foil Shield - National Cable Specialists<\/title>\n<meta name=\"description\" content=\"National Cable Specialists carries a selection of Multi-paires toronn\u00e9 chaque paire Foil Shield for sale. Visit our website to learn more information.\" \/>\n<meta name=\"robots\" content=\"index, follow, max-snippet:-1, max-image-preview:large, max-video-preview:-1\" \/>\n<link rel=\"canonical\" href=\"https:\/\/nationalcablespecialists.ca\/fr\/produit\/multi-paires-toronne-chaque-paire-foil-shield\/\" \/>\n<meta property=\"og:locale\" content=\"fr_FR\" \/>\n<meta property=\"og:type\" content=\"article\" \/>\n<meta property=\"og:title\" content=\"Multi-paires toronn\u00e9 chaque paire Foil Shield - National Cable Specialists\" \/>\n<meta property=\"og:description\" content=\"National Cable Specialists carries a selection of Multi-paires toronn\u00e9 chaque paire Foil Shield for sale. Visit our website to learn more information.\" \/>\n<meta property=\"og:url\" content=\"https:\/\/nationalcablespecialists.ca\/fr\/produit\/multi-paires-toronne-chaque-paire-foil-shield\/\" \/>\n<meta property=\"og:site_name\" content=\"National Cable Specialists\" \/>\n<meta property=\"article:modified_time\" content=\"2024-01-24T01:06:23+00:00\" \/>\n<meta property=\"og:image\" content=\"https:\/\/nationalcablespecialists.ca\/wp-content\/uploads\/2023\/09\/Multi-Pair-Stranded-Each-Pair-Foil-Shield_500px-3.jpg\" \/>\n\t<meta property=\"og:image:width\" content=\"500\" \/>\n\t<meta property=\"og:image:height\" content=\"500\" \/>\n\t<meta property=\"og:image:type\" content=\"image\/jpeg\" \/>\n<meta name=\"twitter:card\" content=\"summary_large_image\" \/>\n<meta name=\"twitter:label1\" content=\"Dur\u00e9e de lecture estim\u00e9e\" \/>\n\t<meta name=\"twitter:data1\" content=\"1 minute\" \/>\n<script type=\"application\/ld+json\" class=\"yoast-schema-graph\">{\"@context\":\"https:\/\/schema.org\",\"@graph\":[{\"@type\":\"WebPage\",\"@id\":\"https:\/\/nationalcablespecialists.ca\/fr\/produit\/multi-paires-toronne-chaque-paire-foil-shield\/\",\"url\":\"https:\/\/nationalcablespecialists.ca\/fr\/produit\/multi-paires-toronne-chaque-paire-foil-shield\/\",\"name\":\"Multi-paires toronn\u00e9 chaque paire Foil Shield - National Cable Specialists\",\"isPartOf\":{\"@id\":\"https:\/\/nationalcablespecialists.ca\/fr\/#website\"},\"primaryImageOfPage\":{\"@id\":\"https:\/\/nationalcablespecialists.ca\/fr\/produit\/multi-paires-toronne-chaque-paire-foil-shield\/#primaryimage\"},\"image\":{\"@id\":\"https:\/\/nationalcablespecialists.ca\/fr\/produit\/multi-paires-toronne-chaque-paire-foil-shield\/#primaryimage\"},\"thumbnailUrl\":\"https:\/\/nationalcablespecialists.ca\/wp-content\/uploads\/2023\/09\/Multi-Pair-Stranded-Each-Pair-Foil-Shield_500px-3.jpg\",\"datePublished\":\"2023-09-15T21:24:06+00:00\",\"dateModified\":\"2024-01-24T01:06:23+00:00\",\"description\":\"National Cable Specialists carries a selection of Multi-paires toronn\u00e9 chaque paire Foil Shield for sale. Visit our website to learn more information.\",\"breadcrumb\":{\"@id\":\"https:\/\/nationalcablespecialists.ca\/fr\/produit\/multi-paires-toronne-chaque-paire-foil-shield\/#breadcrumb\"},\"inLanguage\":\"fr-FR\",\"potentialAction\":[{\"@type\":\"ReadAction\",\"target\":[\"https:\/\/nationalcablespecialists.ca\/fr\/produit\/multi-paires-toronne-chaque-paire-foil-shield\/\"]}]},{\"@type\":\"ImageObject\",\"inLanguage\":\"fr-FR\",\"@id\":\"https:\/\/nationalcablespecialists.ca\/fr\/produit\/multi-paires-toronne-chaque-paire-foil-shield\/#primaryimage\",\"url\":\"https:\/\/nationalcablespecialists.ca\/wp-content\/uploads\/2023\/09\/Multi-Pair-Stranded-Each-Pair-Foil-Shield_500px-3.jpg\",\"contentUrl\":\"https:\/\/nationalcablespecialists.ca\/wp-content\/uploads\/2023\/09\/Multi-Pair-Stranded-Each-Pair-Foil-Shield_500px-3.jpg\",\"width\":500,\"height\":500,\"caption\":\"Drawing 5\"},{\"@type\":\"BreadcrumbList\",\"@id\":\"https:\/\/nationalcablespecialists.ca\/fr\/produit\/multi-paires-toronne-chaque-paire-foil-shield\/#breadcrumb\",\"itemListElement\":[{\"@type\":\"ListItem\",\"position\":1,\"name\":\"Produits\",\"item\":\"https:\/\/nationalcablespecialists.ca\/our-products\/\"},{\"@type\":\"ListItem\",\"position\":2,\"name\":\"Multi-paires toronn\u00e9 chaque paire Foil Shield\"}]},{\"@type\":\"WebSite\",\"@id\":\"https:\/\/nationalcablespecialists.ca\/fr\/#website\",\"url\":\"https:\/\/nationalcablespecialists.ca\/fr\/\",\"name\":\"National Cable Specialists\",\"description\":\"\",\"publisher\":{\"@id\":\"https:\/\/nationalcablespecialists.ca\/fr\/#organization\"},\"potentialAction\":[{\"@type\":\"SearchAction\",\"target\":{\"@type\":\"EntryPoint\",\"urlTemplate\":\"https:\/\/nationalcablespecialists.ca\/fr\/?s={search_term_string}\"},\"query-input\":{\"@type\":\"PropertyValueSpecification\",\"valueRequired\":true,\"valueName\":\"search_term_string\"}}],\"inLanguage\":\"fr-FR\"},{\"@type\":\"Organization\",\"@id\":\"https:\/\/nationalcablespecialists.ca\/fr\/#organization\",\"name\":\"National Cable Specialists\",\"url\":\"https:\/\/nationalcablespecialists.ca\/fr\/\",\"logo\":{\"@type\":\"ImageObject\",\"inLanguage\":\"fr-FR\",\"@id\":\"https:\/\/nationalcablespecialists.ca\/fr\/#\/schema\/logo\/image\/\",\"url\":\"https:\/\/nationalcablespecialists.ca\/wp-content\/uploads\/2023\/01\/NCS_Lrg_Logo.png\",\"contentUrl\":\"https:\/\/nationalcablespecialists.ca\/wp-content\/uploads\/2023\/01\/NCS_Lrg_Logo.png\",\"width\":1600,\"height\":840,\"caption\":\"National Cable Specialists\"},\"image\":{\"@id\":\"https:\/\/nationalcablespecialists.ca\/fr\/#\/schema\/logo\/image\/\"}}]}<\/script>\n<!-- \/ Yoast SEO plugin. -->","yoast_head_json":{"title":"Multi-paires toronn\u00e9 chaque paire Foil Shield - National Cable Specialists","description":"National Cable Specialists carries a selection of Multi-paires toronn\u00e9 chaque paire Foil Shield for sale. Visit our website to learn more information.","robots":{"index":"index","follow":"follow","max-snippet":"max-snippet:-1","max-image-preview":"max-image-preview:large","max-video-preview":"max-video-preview:-1"},"canonical":"https:\/\/nationalcablespecialists.ca\/fr\/produit\/multi-paires-toronne-chaque-paire-foil-shield\/","og_locale":"fr_FR","og_type":"article","og_title":"Multi-paires toronn\u00e9 chaque paire Foil Shield - National Cable Specialists","og_description":"National Cable Specialists carries a selection of Multi-paires toronn\u00e9 chaque paire Foil Shield for sale. Visit our website to learn more information.","og_url":"https:\/\/nationalcablespecialists.ca\/fr\/produit\/multi-paires-toronne-chaque-paire-foil-shield\/","og_site_name":"National Cable Specialists","article_modified_time":"2024-01-24T01:06:23+00:00","og_image":[{"width":500,"height":500,"url":"https:\/\/nationalcablespecialists.ca\/wp-content\/uploads\/2023\/09\/Multi-Pair-Stranded-Each-Pair-Foil-Shield_500px-3.jpg","type":"image\/jpeg"}],"twitter_card":"summary_large_image","twitter_misc":{"Dur\u00e9e de lecture estim\u00e9e":"1 minute"},"schema":{"@context":"https:\/\/schema.org","@graph":[{"@type":"WebPage","@id":"https:\/\/nationalcablespecialists.ca\/fr\/produit\/multi-paires-toronne-chaque-paire-foil-shield\/","url":"https:\/\/nationalcablespecialists.ca\/fr\/produit\/multi-paires-toronne-chaque-paire-foil-shield\/","name":"Multi-paires toronn\u00e9 chaque paire Foil Shield - National Cable Specialists","isPartOf":{"@id":"https:\/\/nationalcablespecialists.ca\/fr\/#website"},"primaryImageOfPage":{"@id":"https:\/\/nationalcablespecialists.ca\/fr\/produit\/multi-paires-toronne-chaque-paire-foil-shield\/#primaryimage"},"image":{"@id":"https:\/\/nationalcablespecialists.ca\/fr\/produit\/multi-paires-toronne-chaque-paire-foil-shield\/#primaryimage"},"thumbnailUrl":"https:\/\/nationalcablespecialists.ca\/wp-content\/uploads\/2023\/09\/Multi-Pair-Stranded-Each-Pair-Foil-Shield_500px-3.jpg","datePublished":"2023-09-15T21:24:06+00:00","dateModified":"2024-01-24T01:06:23+00:00","description":"National Cable Specialists carries a selection of Multi-paires toronn\u00e9 chaque paire Foil Shield for sale. Visit our website to learn more information.","breadcrumb":{"@id":"https:\/\/nationalcablespecialists.ca\/fr\/produit\/multi-paires-toronne-chaque-paire-foil-shield\/#breadcrumb"},"inLanguage":"fr-FR","potentialAction":[{"@type":"ReadAction","target":["https:\/\/nationalcablespecialists.ca\/fr\/produit\/multi-paires-toronne-chaque-paire-foil-shield\/"]}]},{"@type":"ImageObject","inLanguage":"fr-FR","@id":"https:\/\/nationalcablespecialists.ca\/fr\/produit\/multi-paires-toronne-chaque-paire-foil-shield\/#primaryimage","url":"https:\/\/nationalcablespecialists.ca\/wp-content\/uploads\/2023\/09\/Multi-Pair-Stranded-Each-Pair-Foil-Shield_500px-3.jpg","contentUrl":"https:\/\/nationalcablespecialists.ca\/wp-content\/uploads\/2023\/09\/Multi-Pair-Stranded-Each-Pair-Foil-Shield_500px-3.jpg","width":500,"height":500,"caption":"Drawing 5"},{"@type":"BreadcrumbList","@id":"https:\/\/nationalcablespecialists.ca\/fr\/produit\/multi-paires-toronne-chaque-paire-foil-shield\/#breadcrumb","itemListElement":[{"@type":"ListItem","position":1,"name":"Produits","item":"https:\/\/nationalcablespecialists.ca\/our-products\/"},{"@type":"ListItem","position":2,"name":"Multi-paires toronn\u00e9 chaque paire Foil Shield"}]},{"@type":"WebSite","@id":"https:\/\/nationalcablespecialists.ca\/fr\/#website","url":"https:\/\/nationalcablespecialists.ca\/fr\/","name":"National Cable Specialists","description":"","publisher":{"@id":"https:\/\/nationalcablespecialists.ca\/fr\/#organization"},"potentialAction":[{"@type":"SearchAction","target":{"@type":"EntryPoint","urlTemplate":"https:\/\/nationalcablespecialists.ca\/fr\/?s={search_term_string}"},"query-input":{"@type":"PropertyValueSpecification","valueRequired":true,"valueName":"search_term_string"}}],"inLanguage":"fr-FR"},{"@type":"Organization","@id":"https:\/\/nationalcablespecialists.ca\/fr\/#organization","name":"National Cable Specialists","url":"https:\/\/nationalcablespecialists.ca\/fr\/","logo":{"@type":"ImageObject","inLanguage":"fr-FR","@id":"https:\/\/nationalcablespecialists.ca\/fr\/#\/schema\/logo\/image\/","url":"https:\/\/nationalcablespecialists.ca\/wp-content\/uploads\/2023\/01\/NCS_Lrg_Logo.png","contentUrl":"https:\/\/nationalcablespecialists.ca\/wp-content\/uploads\/2023\/01\/NCS_Lrg_Logo.png","width":1600,"height":840,"caption":"National Cable Specialists"},"image":{"@id":"https:\/\/nationalcablespecialists.ca\/fr\/#\/schema\/logo\/image\/"}}]}},"_links":{"self":[{"href":"https:\/\/nationalcablespecialists.ca\/fr\/wp-json\/wp\/v2\/product\/23585","targetHints":{"allow":["GET"]}}],"collection":[{"href":"https:\/\/nationalcablespecialists.ca\/fr\/wp-json\/wp\/v2\/product"}],"about":[{"href":"https:\/\/nationalcablespecialists.ca\/fr\/wp-json\/wp\/v2\/types\/product"}],"replies":[{"embeddable":true,"href":"https:\/\/nationalcablespecialists.ca\/fr\/wp-json\/wp\/v2\/comments?post=23585"}],"wp:featuredmedia":[{"embeddable":true,"href":"https:\/\/nationalcablespecialists.ca\/fr\/wp-json\/wp\/v2\/media\/20770"}],"wp:attachment":[{"href":"https:\/\/nationalcablespecialists.ca\/fr\/wp-json\/wp\/v2\/media?parent=23585"}],"wp:term":[{"taxonomy":"product_brand","embeddable":true,"href":"https:\/\/nationalcablespecialists.ca\/fr\/wp-json\/wp\/v2\/product_brand?post=23585"},{"taxonomy":"product_cat","embeddable":true,"href":"https:\/\/nationalcablespecialists.ca\/fr\/wp-json\/wp\/v2\/product_cat?post=23585"},{"taxonomy":"product_tag","embeddable":true,"href":"https:\/\/nationalcablespecialists.ca\/fr\/wp-json\/wp\/v2\/product_tag?post=23585"},{"taxonomy":"application","embeddable":true,"href":"https:\/\/nationalcablespecialists.ca\/fr\/wp-json\/wp\/v2\/application?post=23585"},{"taxonomy":"voltage-rating","embeddable":true,"href":"https:\/\/nationalcablespecialists.ca\/fr\/wp-json\/wp\/v2\/voltage-rating?post=23585"},{"taxonomy":"jacket-material","embeddable":true,"href":"https:\/\/nationalcablespecialists.ca\/fr\/wp-json\/wp\/v2\/jacket-material?post=23585"},{"taxonomy":"insulation-material","embeddable":true,"href":"https:\/\/nationalcablespecialists.ca\/fr\/wp-json\/wp\/v2\/insulation-material?post=23585"},{"taxonomy":"conductor-material","embeddable":true,"href":"https:\/\/nationalcablespecialists.ca\/fr\/wp-json\/wp\/v2\/conductor-material?post=23585"},{"taxonomy":"wire-gauge","embeddable":true,"href":"https:\/\/nationalcablespecialists.ca\/fr\/wp-json\/wp\/v2\/wire-gauge?post=23585"},{"taxonomy":"conductor","embeddable":true,"href":"https:\/\/nationalcablespecialists.ca\/fr\/wp-json\/wp\/v2\/conductor?post=23585"}],"curies":[{"name":"wp","href":"https:\/\/api.w.org\/{rel}","templated":true}]}}