{"id":23436,"date":"2023-09-15T14:25:22","date_gmt":"2023-09-15T21:25:22","guid":{"rendered":"https:\/\/nationalcablespecialists.ca\/product\/24-2-paire-low-cap-aluminium-blinde\/"},"modified":"2023-09-15T14:25:22","modified_gmt":"2023-09-15T21:25:22","slug":"24-2-paire-low-cap-aluminium-blinde","status":"publish","type":"product","link":"https:\/\/nationalcablespecialists.ca\/fr\/produit\/24-2-paire-low-cap-aluminium-blinde\/","title":{"rendered":"24-2 Paire Low Cap Aluminium Blind\u00e9"},"content":{"rendered":"<div>Veste PVC int\u00e9rieur et ext\u00e9rieur<\/div>\n<div><strong>Tension 300V<\/strong><\/div>\n<div><strong>Fil de drainage <\/strong>24 AWG cuivre \u00e9tam\u00e9<strong><br \/>\n<\/strong><\/div>\n<div><strong>Nom. Imp\u00e9dance<\/strong>  150 Ohms<\/div>\n<div><strong>Temp\u00e9rature<\/strong> -40\u00b0C \u00e0 60\u00b0C<\/div>\n<div><strong>Approbations <\/strong>CSA\/CMG FT4, HL<\/div>\n<div><strong>Code couleur<\/strong> Blanc\/Bleu et Bleu\/Blanc. Blanc\/Orange &amp; Orange\/Blanc<\/div>\n<div>\n<div><em>A \u2013 Entre les conducteurs B \u2013 Conducteur \u00e0 blindage<\/em><\/div>\n<\/div>\n","protected":false},"excerpt":{"rendered":"<p>Veste PVC int\u00e9rieur et ext\u00e9rieur Tension 300V Fil de drainage 24 AWG cuivre \u00e9tam\u00e9 Nom. Imp\u00e9dance 150 Ohms Temp\u00e9rature -40\u00b0C \u00e0 60\u00b0C Approbations CSA\/CMG FT4, HL Code couleur Blanc\/Bleu et Bleu\/Blanc. Blanc\/Orange &amp; Orange\/Blanc A \u2013 Entre les conducteurs B \u2013 Conducteur \u00e0 blindage<\/p>\n","protected":false},"featured_media":20890,"comment_status":"open","ping_status":"closed","template":"","meta":{"_acf_changed":false},"product_brand":[],"product_cat":[888],"product_tag":[889,829],"application":[],"voltage-rating":[683],"jacket-material":[694],"insulation-material":[796],"conductor-material":[672],"wire-gauge":[774],"conductor":[800],"class_list":{"0":"post-23436","1":"product","2":"type-product","3":"status-publish","4":"has-post-thumbnail","6":"product_cat-donnees-industrielles","7":"product_tag-24-2-pr-fr","8":"product_tag-faible-capitalisation","9":"voltage-rating-300v-fr","10":"jacket-material-chlorure-de-polyvinyle","11":"insulation-material-pe-fr","12":"conductor-material-stranded-tinned-copper-fr","13":"wire-gauge-24-awg-fr","14":"conductor-2-paires","16":"first","17":"instock","18":"shipping-taxable","19":"purchasable","20":"product-type-variable"},"acf":[],"yoast_head":"<!-- This site is optimized with the Yoast SEO plugin v26.2 - https:\/\/yoast.com\/wordpress\/plugins\/seo\/ -->\n<title>24-2 Paire Low Cap Aluminium Blind\u00e9 - National Cable Specialists<\/title>\n<meta name=\"description\" content=\"National Cable Specialists carries a selection of 24-2 Paire Low Cap Aluminium Blind\u00e9 for sale. Visit our website to learn more information.\" \/>\n<meta name=\"robots\" content=\"index, follow, max-snippet:-1, max-image-preview:large, max-video-preview:-1\" \/>\n<link rel=\"canonical\" href=\"https:\/\/nationalcablespecialists.ca\/fr\/produit\/24-2-paire-low-cap-aluminium-blinde\/\" \/>\n<meta property=\"og:locale\" content=\"fr_FR\" \/>\n<meta property=\"og:type\" content=\"article\" \/>\n<meta property=\"og:title\" content=\"24-2 Paire Low Cap Aluminium Blind\u00e9 - National Cable Specialists\" \/>\n<meta property=\"og:description\" content=\"National Cable Specialists carries a selection of 24-2 Paire Low Cap Aluminium Blind\u00e9 for sale. Visit our website to learn more information.\" \/>\n<meta property=\"og:url\" content=\"https:\/\/nationalcablespecialists.ca\/fr\/produit\/24-2-paire-low-cap-aluminium-blinde\/\" \/>\n<meta property=\"og:site_name\" content=\"National Cable Specialists\" \/>\n<meta property=\"og:image\" content=\"https:\/\/nationalcablespecialists.ca\/wp-content\/uploads\/2023\/09\/24-2-PR-LoCap-Aluminum-Armoured_500px-2.jpg\" \/>\n\t<meta property=\"og:image:width\" content=\"500\" \/>\n\t<meta property=\"og:image:height\" content=\"500\" \/>\n\t<meta property=\"og:image:type\" content=\"image\/jpeg\" \/>\n<meta name=\"twitter:card\" content=\"summary_large_image\" \/>\n<script type=\"application\/ld+json\" class=\"yoast-schema-graph\">{\"@context\":\"https:\/\/schema.org\",\"@graph\":[{\"@type\":\"WebPage\",\"@id\":\"https:\/\/nationalcablespecialists.ca\/fr\/produit\/24-2-paire-low-cap-aluminium-blinde\/\",\"url\":\"https:\/\/nationalcablespecialists.ca\/fr\/produit\/24-2-paire-low-cap-aluminium-blinde\/\",\"name\":\"24-2 Paire Low Cap Aluminium Blind\u00e9 - National Cable Specialists\",\"isPartOf\":{\"@id\":\"https:\/\/nationalcablespecialists.ca\/fr\/#website\"},\"primaryImageOfPage\":{\"@id\":\"https:\/\/nationalcablespecialists.ca\/fr\/produit\/24-2-paire-low-cap-aluminium-blinde\/#primaryimage\"},\"image\":{\"@id\":\"https:\/\/nationalcablespecialists.ca\/fr\/produit\/24-2-paire-low-cap-aluminium-blinde\/#primaryimage\"},\"thumbnailUrl\":\"https:\/\/nationalcablespecialists.ca\/wp-content\/uploads\/2023\/09\/24-2-PR-LoCap-Aluminum-Armoured_500px-2.jpg\",\"datePublished\":\"2023-09-15T21:25:22+00:00\",\"description\":\"National Cable Specialists carries a selection of 24-2 Paire Low Cap Aluminium Blind\u00e9 for sale. Visit our website to learn more information.\",\"breadcrumb\":{\"@id\":\"https:\/\/nationalcablespecialists.ca\/fr\/produit\/24-2-paire-low-cap-aluminium-blinde\/#breadcrumb\"},\"inLanguage\":\"fr-FR\",\"potentialAction\":[{\"@type\":\"ReadAction\",\"target\":[\"https:\/\/nationalcablespecialists.ca\/fr\/produit\/24-2-paire-low-cap-aluminium-blinde\/\"]}]},{\"@type\":\"ImageObject\",\"inLanguage\":\"fr-FR\",\"@id\":\"https:\/\/nationalcablespecialists.ca\/fr\/produit\/24-2-paire-low-cap-aluminium-blinde\/#primaryimage\",\"url\":\"https:\/\/nationalcablespecialists.ca\/wp-content\/uploads\/2023\/09\/24-2-PR-LoCap-Aluminum-Armoured_500px-2.jpg\",\"contentUrl\":\"https:\/\/nationalcablespecialists.ca\/wp-content\/uploads\/2023\/09\/24-2-PR-LoCap-Aluminum-Armoured_500px-2.jpg\",\"width\":500,\"height\":500,\"caption\":\"Drawing 17\"},{\"@type\":\"BreadcrumbList\",\"@id\":\"https:\/\/nationalcablespecialists.ca\/fr\/produit\/24-2-paire-low-cap-aluminium-blinde\/#breadcrumb\",\"itemListElement\":[{\"@type\":\"ListItem\",\"position\":1,\"name\":\"Produits\",\"item\":\"https:\/\/nationalcablespecialists.ca\/our-products\/\"},{\"@type\":\"ListItem\",\"position\":2,\"name\":\"24-2 Paire Low Cap Aluminium Blind\u00e9\"}]},{\"@type\":\"WebSite\",\"@id\":\"https:\/\/nationalcablespecialists.ca\/fr\/#website\",\"url\":\"https:\/\/nationalcablespecialists.ca\/fr\/\",\"name\":\"National Cable Specialists\",\"description\":\"\",\"publisher\":{\"@id\":\"https:\/\/nationalcablespecialists.ca\/fr\/#organization\"},\"potentialAction\":[{\"@type\":\"SearchAction\",\"target\":{\"@type\":\"EntryPoint\",\"urlTemplate\":\"https:\/\/nationalcablespecialists.ca\/fr\/?s={search_term_string}\"},\"query-input\":{\"@type\":\"PropertyValueSpecification\",\"valueRequired\":true,\"valueName\":\"search_term_string\"}}],\"inLanguage\":\"fr-FR\"},{\"@type\":\"Organization\",\"@id\":\"https:\/\/nationalcablespecialists.ca\/fr\/#organization\",\"name\":\"National Cable Specialists\",\"url\":\"https:\/\/nationalcablespecialists.ca\/fr\/\",\"logo\":{\"@type\":\"ImageObject\",\"inLanguage\":\"fr-FR\",\"@id\":\"https:\/\/nationalcablespecialists.ca\/fr\/#\/schema\/logo\/image\/\",\"url\":\"https:\/\/nationalcablespecialists.ca\/wp-content\/uploads\/2023\/01\/NCS_Lrg_Logo.png\",\"contentUrl\":\"https:\/\/nationalcablespecialists.ca\/wp-content\/uploads\/2023\/01\/NCS_Lrg_Logo.png\",\"width\":1600,\"height\":840,\"caption\":\"National Cable Specialists\"},\"image\":{\"@id\":\"https:\/\/nationalcablespecialists.ca\/fr\/#\/schema\/logo\/image\/\"}}]}<\/script>\n<!-- \/ Yoast SEO plugin. -->","yoast_head_json":{"title":"24-2 Paire Low Cap Aluminium Blind\u00e9 - National Cable Specialists","description":"National Cable Specialists carries a selection of 24-2 Paire Low Cap Aluminium Blind\u00e9 for sale. Visit our website to learn more information.","robots":{"index":"index","follow":"follow","max-snippet":"max-snippet:-1","max-image-preview":"max-image-preview:large","max-video-preview":"max-video-preview:-1"},"canonical":"https:\/\/nationalcablespecialists.ca\/fr\/produit\/24-2-paire-low-cap-aluminium-blinde\/","og_locale":"fr_FR","og_type":"article","og_title":"24-2 Paire Low Cap Aluminium Blind\u00e9 - National Cable Specialists","og_description":"National Cable Specialists carries a selection of 24-2 Paire Low Cap Aluminium Blind\u00e9 for sale. Visit our website to learn more information.","og_url":"https:\/\/nationalcablespecialists.ca\/fr\/produit\/24-2-paire-low-cap-aluminium-blinde\/","og_site_name":"National Cable Specialists","og_image":[{"width":500,"height":500,"url":"https:\/\/nationalcablespecialists.ca\/wp-content\/uploads\/2023\/09\/24-2-PR-LoCap-Aluminum-Armoured_500px-2.jpg","type":"image\/jpeg"}],"twitter_card":"summary_large_image","schema":{"@context":"https:\/\/schema.org","@graph":[{"@type":"WebPage","@id":"https:\/\/nationalcablespecialists.ca\/fr\/produit\/24-2-paire-low-cap-aluminium-blinde\/","url":"https:\/\/nationalcablespecialists.ca\/fr\/produit\/24-2-paire-low-cap-aluminium-blinde\/","name":"24-2 Paire Low Cap Aluminium Blind\u00e9 - National Cable Specialists","isPartOf":{"@id":"https:\/\/nationalcablespecialists.ca\/fr\/#website"},"primaryImageOfPage":{"@id":"https:\/\/nationalcablespecialists.ca\/fr\/produit\/24-2-paire-low-cap-aluminium-blinde\/#primaryimage"},"image":{"@id":"https:\/\/nationalcablespecialists.ca\/fr\/produit\/24-2-paire-low-cap-aluminium-blinde\/#primaryimage"},"thumbnailUrl":"https:\/\/nationalcablespecialists.ca\/wp-content\/uploads\/2023\/09\/24-2-PR-LoCap-Aluminum-Armoured_500px-2.jpg","datePublished":"2023-09-15T21:25:22+00:00","description":"National Cable Specialists carries a selection of 24-2 Paire Low Cap Aluminium Blind\u00e9 for sale. Visit our website to learn more information.","breadcrumb":{"@id":"https:\/\/nationalcablespecialists.ca\/fr\/produit\/24-2-paire-low-cap-aluminium-blinde\/#breadcrumb"},"inLanguage":"fr-FR","potentialAction":[{"@type":"ReadAction","target":["https:\/\/nationalcablespecialists.ca\/fr\/produit\/24-2-paire-low-cap-aluminium-blinde\/"]}]},{"@type":"ImageObject","inLanguage":"fr-FR","@id":"https:\/\/nationalcablespecialists.ca\/fr\/produit\/24-2-paire-low-cap-aluminium-blinde\/#primaryimage","url":"https:\/\/nationalcablespecialists.ca\/wp-content\/uploads\/2023\/09\/24-2-PR-LoCap-Aluminum-Armoured_500px-2.jpg","contentUrl":"https:\/\/nationalcablespecialists.ca\/wp-content\/uploads\/2023\/09\/24-2-PR-LoCap-Aluminum-Armoured_500px-2.jpg","width":500,"height":500,"caption":"Drawing 17"},{"@type":"BreadcrumbList","@id":"https:\/\/nationalcablespecialists.ca\/fr\/produit\/24-2-paire-low-cap-aluminium-blinde\/#breadcrumb","itemListElement":[{"@type":"ListItem","position":1,"name":"Produits","item":"https:\/\/nationalcablespecialists.ca\/our-products\/"},{"@type":"ListItem","position":2,"name":"24-2 Paire Low Cap Aluminium Blind\u00e9"}]},{"@type":"WebSite","@id":"https:\/\/nationalcablespecialists.ca\/fr\/#website","url":"https:\/\/nationalcablespecialists.ca\/fr\/","name":"National Cable Specialists","description":"","publisher":{"@id":"https:\/\/nationalcablespecialists.ca\/fr\/#organization"},"potentialAction":[{"@type":"SearchAction","target":{"@type":"EntryPoint","urlTemplate":"https:\/\/nationalcablespecialists.ca\/fr\/?s={search_term_string}"},"query-input":{"@type":"PropertyValueSpecification","valueRequired":true,"valueName":"search_term_string"}}],"inLanguage":"fr-FR"},{"@type":"Organization","@id":"https:\/\/nationalcablespecialists.ca\/fr\/#organization","name":"National Cable Specialists","url":"https:\/\/nationalcablespecialists.ca\/fr\/","logo":{"@type":"ImageObject","inLanguage":"fr-FR","@id":"https:\/\/nationalcablespecialists.ca\/fr\/#\/schema\/logo\/image\/","url":"https:\/\/nationalcablespecialists.ca\/wp-content\/uploads\/2023\/01\/NCS_Lrg_Logo.png","contentUrl":"https:\/\/nationalcablespecialists.ca\/wp-content\/uploads\/2023\/01\/NCS_Lrg_Logo.png","width":1600,"height":840,"caption":"National Cable Specialists"},"image":{"@id":"https:\/\/nationalcablespecialists.ca\/fr\/#\/schema\/logo\/image\/"}}]}},"_links":{"self":[{"href":"https:\/\/nationalcablespecialists.ca\/fr\/wp-json\/wp\/v2\/product\/23436","targetHints":{"allow":["GET"]}}],"collection":[{"href":"https:\/\/nationalcablespecialists.ca\/fr\/wp-json\/wp\/v2\/product"}],"about":[{"href":"https:\/\/nationalcablespecialists.ca\/fr\/wp-json\/wp\/v2\/types\/product"}],"replies":[{"embeddable":true,"href":"https:\/\/nationalcablespecialists.ca\/fr\/wp-json\/wp\/v2\/comments?post=23436"}],"wp:featuredmedia":[{"embeddable":true,"href":"https:\/\/nationalcablespecialists.ca\/fr\/wp-json\/wp\/v2\/media\/20890"}],"wp:attachment":[{"href":"https:\/\/nationalcablespecialists.ca\/fr\/wp-json\/wp\/v2\/media?parent=23436"}],"wp:term":[{"taxonomy":"product_brand","embeddable":true,"href":"https:\/\/nationalcablespecialists.ca\/fr\/wp-json\/wp\/v2\/product_brand?post=23436"},{"taxonomy":"product_cat","embeddable":true,"href":"https:\/\/nationalcablespecialists.ca\/fr\/wp-json\/wp\/v2\/product_cat?post=23436"},{"taxonomy":"product_tag","embeddable":true,"href":"https:\/\/nationalcablespecialists.ca\/fr\/wp-json\/wp\/v2\/product_tag?post=23436"},{"taxonomy":"application","embeddable":true,"href":"https:\/\/nationalcablespecialists.ca\/fr\/wp-json\/wp\/v2\/application?post=23436"},{"taxonomy":"voltage-rating","embeddable":true,"href":"https:\/\/nationalcablespecialists.ca\/fr\/wp-json\/wp\/v2\/voltage-rating?post=23436"},{"taxonomy":"jacket-material","embeddable":true,"href":"https:\/\/nationalcablespecialists.ca\/fr\/wp-json\/wp\/v2\/jacket-material?post=23436"},{"taxonomy":"insulation-material","embeddable":true,"href":"https:\/\/nationalcablespecialists.ca\/fr\/wp-json\/wp\/v2\/insulation-material?post=23436"},{"taxonomy":"conductor-material","embeddable":true,"href":"https:\/\/nationalcablespecialists.ca\/fr\/wp-json\/wp\/v2\/conductor-material?post=23436"},{"taxonomy":"wire-gauge","embeddable":true,"href":"https:\/\/nationalcablespecialists.ca\/fr\/wp-json\/wp\/v2\/wire-gauge?post=23436"},{"taxonomy":"conductor","embeddable":true,"href":"https:\/\/nationalcablespecialists.ca\/fr\/wp-json\/wp\/v2\/conductor?post=23436"}],"curies":[{"name":"wp","href":"https:\/\/api.w.org\/{rel}","templated":true}]}}