{"id":23406,"date":"2023-09-15T14:25:44","date_gmt":"2023-09-15T21:25:44","guid":{"rendered":"https:\/\/nationalcablespecialists.ca\/product\/fil-de-distribution-et-de-service-enterre-bdwa\/"},"modified":"2024-01-23T10:54:44","modified_gmt":"2024-01-23T18:54:44","slug":"fil-de-distribution-et-de-service-enterre-bdwa","status":"publish","type":"product","link":"https:\/\/nationalcablespecialists.ca\/fr\/produit\/fil-de-distribution-et-de-service-enterre-bdwa\/","title":{"rendered":"Fil de distribution et de service enterr\u00e9 BDWA"},"content":{"rendered":"<div><strong>Description du produit<\/strong> Le BDWA est un fil enterr\u00e9 \u00e0 double gaine rempli destin\u00e9 aux applications d\u2019enfouissement direct. Il est con\u00e7u pour r\u00e9sister aux contraintes d\u2019installation. BDW A est rempli d\u2019un compos\u00e9 ETPR, qui recouvre compl\u00e8tement chaque conducteur isol\u00e9 et remplit l\u2019espace d\u2019air entre les conducteurs. Il est recommand\u00e9 pour les zones non goph\u00e8res.<\/div>\n<div>Conducteur Cuivre recuit massif<\/div>\n<div><strong>Isolation<\/strong> Polyol\u00e9fine<\/div>\n<div><strong>Veste int\u00e9rieure et ext\u00e9rieure<\/strong> Noir, poly\u00e9thyl\u00e8ne<\/div>\n<div><strong>Bouclier<\/strong> Ruban d\u2019aluminium lisse, enduit de copolym\u00e8re, de 8 mil, appliqu\u00e9 longitudinalement sur la gaine int\u00e9rieure et coll\u00e9 \u00e0 la gaine ext\u00e9rieure, l\u2019espace sous le ruban est inond\u00e9 pour \u00e9liminer tout espace d\u2019air.<\/div>\n<div><strong>Assemblage du noyau<\/strong> Les dimensions individuelles des conducteurs sont \u00e9troitement contr\u00f4l\u00e9es pour limiter le d\u00e9s\u00e9quilibre de r\u00e9sistance des paires torsad\u00e9es ; Les poses de torsion par paires sont vari\u00e9es pour minimiser la diaphonie et respecter les limites de capacit\u00e9 et de d\u00e9s\u00e9quilibre.<\/div>\n<div><strong>Approbations<\/strong> ANSI\/ICEA S-86-634-2004. Conforme \u00e0 la directive RoHS<\/div>\n<div><strong>Applications<\/strong> Circuits de distribution et fils d\u2019entr\u00e9e de service<\/div>\n","protected":false},"excerpt":{"rendered":"<p>Description du produit Le BDWA est un fil enterr\u00e9 \u00e0 double gaine rempli destin\u00e9 aux applications d\u2019enfouissement direct. Il est con\u00e7u pour r\u00e9sister aux contraintes d\u2019installation. BDW A est rempli d\u2019un compos\u00e9 ETPR, qui recouvre compl\u00e8tement chaque conducteur isol\u00e9 et remplit l\u2019espace d\u2019air entre les conducteurs. Il est recommand\u00e9 pour les zones non goph\u00e8res. Conducteur [&hellip;]<\/p>\n","protected":false},"featured_media":20932,"comment_status":"open","ping_status":"closed","template":"","meta":{"_acf_changed":false},"product_brand":[],"product_cat":[741],"product_tag":[883,734,884],"application":[842,886],"voltage-rating":[],"jacket-material":[737],"insulation-material":[738],"conductor-material":[697],"wire-gauge":[781],"conductor":[800,802],"class_list":{"0":"post-23406","1":"product","2":"type-product","3":"status-publish","4":"has-post-thumbnail","6":"product_cat-usine-exterieure","7":"product_tag-distribution-fr","8":"product_tag-enterrement-direct","9":"product_tag-fil-de-service","10":"application-distribution-fr","11":"application-entree-de-service","12":"jacket-material-pe","13":"insulation-material-polyolefine","14":"conductor-material-cuivre-nu-massif","15":"wire-gauge-22-awg-fr","16":"conductor-2-paires","17":"conductor-3-paires","19":"first","20":"instock","21":"shipping-taxable","22":"purchasable","23":"product-type-variable"},"acf":[],"yoast_head":"<!-- This site is optimized with the Yoast SEO plugin v27.5 - https:\/\/yoast.com\/product\/yoast-seo-wordpress\/ -->\n<title>Fil de distribution et de service enterr\u00e9 BDWA - National Cable Specialists<\/title>\n<meta name=\"description\" content=\"National Cable Specialists carries a selection of Fil de distribution et de service enterr\u00e9 BDWA for sale. Visit our website to learn more information.\" \/>\n<meta name=\"robots\" content=\"index, follow, max-snippet:-1, max-image-preview:large, max-video-preview:-1\" \/>\n<link rel=\"canonical\" href=\"https:\/\/nationalcablespecialists.ca\/fr\/produit\/fil-de-distribution-et-de-service-enterre-bdwa\/\" \/>\n<meta property=\"og:locale\" content=\"fr_FR\" \/>\n<meta property=\"og:type\" content=\"article\" \/>\n<meta property=\"og:title\" content=\"Fil de distribution et de service enterr\u00e9 BDWA - National Cable Specialists\" \/>\n<meta property=\"og:description\" content=\"National Cable Specialists carries a selection of Fil de distribution et de service enterr\u00e9 BDWA for sale. Visit our website to learn more information.\" \/>\n<meta property=\"og:url\" content=\"https:\/\/nationalcablespecialists.ca\/fr\/produit\/fil-de-distribution-et-de-service-enterre-bdwa\/\" \/>\n<meta property=\"og:site_name\" content=\"National Cable Specialists\" \/>\n<meta property=\"article:modified_time\" content=\"2024-01-23T18:54:44+00:00\" \/>\n<meta property=\"og:image\" content=\"https:\/\/nationalcablespecialists.ca\/wp-content\/uploads\/2023\/09\/Buried-Distribution-and-Service-Wire_500px-2.jpg\" \/>\n\t<meta property=\"og:image:width\" content=\"500\" \/>\n\t<meta property=\"og:image:height\" content=\"500\" \/>\n\t<meta property=\"og:image:type\" content=\"image\/jpeg\" \/>\n<meta name=\"twitter:card\" content=\"summary_large_image\" \/>\n<meta name=\"twitter:label1\" content=\"Dur\u00e9e de lecture estim\u00e9e\" \/>\n\t<meta name=\"twitter:data1\" content=\"1 minute\" \/>\n<script type=\"application\/ld+json\" class=\"yoast-schema-graph\">{\"@context\":\"https:\\\/\\\/schema.org\",\"@graph\":[{\"@type\":\"WebPage\",\"@id\":\"https:\\\/\\\/nationalcablespecialists.ca\\\/fr\\\/produit\\\/fil-de-distribution-et-de-service-enterre-bdwa\\\/\",\"url\":\"https:\\\/\\\/nationalcablespecialists.ca\\\/fr\\\/produit\\\/fil-de-distribution-et-de-service-enterre-bdwa\\\/\",\"name\":\"Fil de distribution et de service enterr\u00e9 BDWA - National Cable Specialists\",\"isPartOf\":{\"@id\":\"https:\\\/\\\/nationalcablespecialists.ca\\\/fr\\\/#website\"},\"primaryImageOfPage\":{\"@id\":\"https:\\\/\\\/nationalcablespecialists.ca\\\/fr\\\/produit\\\/fil-de-distribution-et-de-service-enterre-bdwa\\\/#primaryimage\"},\"image\":{\"@id\":\"https:\\\/\\\/nationalcablespecialists.ca\\\/fr\\\/produit\\\/fil-de-distribution-et-de-service-enterre-bdwa\\\/#primaryimage\"},\"thumbnailUrl\":\"https:\\\/\\\/nationalcablespecialists.ca\\\/wp-content\\\/uploads\\\/2023\\\/09\\\/Buried-Distribution-and-Service-Wire_500px-2.jpg\",\"datePublished\":\"2023-09-15T21:25:44+00:00\",\"dateModified\":\"2024-01-23T18:54:44+00:00\",\"description\":\"National Cable Specialists carries a selection of Fil de distribution et de service enterr\u00e9 BDWA for sale. Visit our website to learn more information.\",\"breadcrumb\":{\"@id\":\"https:\\\/\\\/nationalcablespecialists.ca\\\/fr\\\/produit\\\/fil-de-distribution-et-de-service-enterre-bdwa\\\/#breadcrumb\"},\"inLanguage\":\"fr-FR\",\"potentialAction\":[{\"@type\":\"ReadAction\",\"target\":[\"https:\\\/\\\/nationalcablespecialists.ca\\\/fr\\\/produit\\\/fil-de-distribution-et-de-service-enterre-bdwa\\\/\"]}]},{\"@type\":\"ImageObject\",\"inLanguage\":\"fr-FR\",\"@id\":\"https:\\\/\\\/nationalcablespecialists.ca\\\/fr\\\/produit\\\/fil-de-distribution-et-de-service-enterre-bdwa\\\/#primaryimage\",\"url\":\"https:\\\/\\\/nationalcablespecialists.ca\\\/wp-content\\\/uploads\\\/2023\\\/09\\\/Buried-Distribution-and-Service-Wire_500px-2.jpg\",\"contentUrl\":\"https:\\\/\\\/nationalcablespecialists.ca\\\/wp-content\\\/uploads\\\/2023\\\/09\\\/Buried-Distribution-and-Service-Wire_500px-2.jpg\",\"width\":500,\"height\":500,\"caption\":\"Drawing 33\"},{\"@type\":\"BreadcrumbList\",\"@id\":\"https:\\\/\\\/nationalcablespecialists.ca\\\/fr\\\/produit\\\/fil-de-distribution-et-de-service-enterre-bdwa\\\/#breadcrumb\",\"itemListElement\":[{\"@type\":\"ListItem\",\"position\":1,\"name\":\"Produits\",\"item\":\"https:\\\/\\\/nationalcablespecialists.ca\\\/our-products\\\/\"},{\"@type\":\"ListItem\",\"position\":2,\"name\":\"Produits de t\u00e9l\u00e9communications\",\"item\":\"https:\\\/\\\/nationalcablespecialists.ca\\\/fr\\\/categorie-produit\\\/produits-de-telecommunications\\\/\"},{\"@type\":\"ListItem\",\"position\":3,\"name\":\"Usine ext\u00e9rieure\",\"item\":\"https:\\\/\\\/nationalcablespecialists.ca\\\/fr\\\/categorie-produit\\\/produits-de-telecommunications\\\/usine-exterieure\\\/\"},{\"@type\":\"ListItem\",\"position\":4,\"name\":\"Fil de distribution et de service enterr\u00e9 BDWA\"}]},{\"@type\":\"WebSite\",\"@id\":\"https:\\\/\\\/nationalcablespecialists.ca\\\/fr\\\/#website\",\"url\":\"https:\\\/\\\/nationalcablespecialists.ca\\\/fr\\\/\",\"name\":\"National Cable Specialists\",\"description\":\"\",\"publisher\":{\"@id\":\"https:\\\/\\\/nationalcablespecialists.ca\\\/fr\\\/#organization\"},\"potentialAction\":[{\"@type\":\"SearchAction\",\"target\":{\"@type\":\"EntryPoint\",\"urlTemplate\":\"https:\\\/\\\/nationalcablespecialists.ca\\\/fr\\\/?s={search_term_string}\"},\"query-input\":{\"@type\":\"PropertyValueSpecification\",\"valueRequired\":true,\"valueName\":\"search_term_string\"}}],\"inLanguage\":\"fr-FR\"},{\"@type\":\"Organization\",\"@id\":\"https:\\\/\\\/nationalcablespecialists.ca\\\/fr\\\/#organization\",\"name\":\"National Cable Specialists\",\"url\":\"https:\\\/\\\/nationalcablespecialists.ca\\\/fr\\\/\",\"logo\":{\"@type\":\"ImageObject\",\"inLanguage\":\"fr-FR\",\"@id\":\"https:\\\/\\\/nationalcablespecialists.ca\\\/fr\\\/#\\\/schema\\\/logo\\\/image\\\/\",\"url\":\"https:\\\/\\\/nationalcablespecialists.ca\\\/wp-content\\\/uploads\\\/2023\\\/01\\\/NCS_Lrg_Logo.png\",\"contentUrl\":\"https:\\\/\\\/nationalcablespecialists.ca\\\/wp-content\\\/uploads\\\/2023\\\/01\\\/NCS_Lrg_Logo.png\",\"width\":1600,\"height\":840,\"caption\":\"National Cable Specialists\"},\"image\":{\"@id\":\"https:\\\/\\\/nationalcablespecialists.ca\\\/fr\\\/#\\\/schema\\\/logo\\\/image\\\/\"}}]}<\/script>\n<!-- \/ Yoast SEO plugin. -->","yoast_head_json":{"title":"Fil de distribution et de service enterr\u00e9 BDWA - National Cable Specialists","description":"National Cable Specialists carries a selection of Fil de distribution et de service enterr\u00e9 BDWA for sale. Visit our website to learn more information.","robots":{"index":"index","follow":"follow","max-snippet":"max-snippet:-1","max-image-preview":"max-image-preview:large","max-video-preview":"max-video-preview:-1"},"canonical":"https:\/\/nationalcablespecialists.ca\/fr\/produit\/fil-de-distribution-et-de-service-enterre-bdwa\/","og_locale":"fr_FR","og_type":"article","og_title":"Fil de distribution et de service enterr\u00e9 BDWA - National Cable Specialists","og_description":"National Cable Specialists carries a selection of Fil de distribution et de service enterr\u00e9 BDWA for sale. Visit our website to learn more information.","og_url":"https:\/\/nationalcablespecialists.ca\/fr\/produit\/fil-de-distribution-et-de-service-enterre-bdwa\/","og_site_name":"National Cable Specialists","article_modified_time":"2024-01-23T18:54:44+00:00","og_image":[{"width":500,"height":500,"url":"https:\/\/nationalcablespecialists.ca\/wp-content\/uploads\/2023\/09\/Buried-Distribution-and-Service-Wire_500px-2.jpg","type":"image\/jpeg"}],"twitter_card":"summary_large_image","twitter_misc":{"Dur\u00e9e de lecture estim\u00e9e":"1 minute"},"schema":{"@context":"https:\/\/schema.org","@graph":[{"@type":"WebPage","@id":"https:\/\/nationalcablespecialists.ca\/fr\/produit\/fil-de-distribution-et-de-service-enterre-bdwa\/","url":"https:\/\/nationalcablespecialists.ca\/fr\/produit\/fil-de-distribution-et-de-service-enterre-bdwa\/","name":"Fil de distribution et de service enterr\u00e9 BDWA - National Cable Specialists","isPartOf":{"@id":"https:\/\/nationalcablespecialists.ca\/fr\/#website"},"primaryImageOfPage":{"@id":"https:\/\/nationalcablespecialists.ca\/fr\/produit\/fil-de-distribution-et-de-service-enterre-bdwa\/#primaryimage"},"image":{"@id":"https:\/\/nationalcablespecialists.ca\/fr\/produit\/fil-de-distribution-et-de-service-enterre-bdwa\/#primaryimage"},"thumbnailUrl":"https:\/\/nationalcablespecialists.ca\/wp-content\/uploads\/2023\/09\/Buried-Distribution-and-Service-Wire_500px-2.jpg","datePublished":"2023-09-15T21:25:44+00:00","dateModified":"2024-01-23T18:54:44+00:00","description":"National Cable Specialists carries a selection of Fil de distribution et de service enterr\u00e9 BDWA for sale. Visit our website to learn more information.","breadcrumb":{"@id":"https:\/\/nationalcablespecialists.ca\/fr\/produit\/fil-de-distribution-et-de-service-enterre-bdwa\/#breadcrumb"},"inLanguage":"fr-FR","potentialAction":[{"@type":"ReadAction","target":["https:\/\/nationalcablespecialists.ca\/fr\/produit\/fil-de-distribution-et-de-service-enterre-bdwa\/"]}]},{"@type":"ImageObject","inLanguage":"fr-FR","@id":"https:\/\/nationalcablespecialists.ca\/fr\/produit\/fil-de-distribution-et-de-service-enterre-bdwa\/#primaryimage","url":"https:\/\/nationalcablespecialists.ca\/wp-content\/uploads\/2023\/09\/Buried-Distribution-and-Service-Wire_500px-2.jpg","contentUrl":"https:\/\/nationalcablespecialists.ca\/wp-content\/uploads\/2023\/09\/Buried-Distribution-and-Service-Wire_500px-2.jpg","width":500,"height":500,"caption":"Drawing 33"},{"@type":"BreadcrumbList","@id":"https:\/\/nationalcablespecialists.ca\/fr\/produit\/fil-de-distribution-et-de-service-enterre-bdwa\/#breadcrumb","itemListElement":[{"@type":"ListItem","position":1,"name":"Produits","item":"https:\/\/nationalcablespecialists.ca\/our-products\/"},{"@type":"ListItem","position":2,"name":"Produits de t\u00e9l\u00e9communications","item":"https:\/\/nationalcablespecialists.ca\/fr\/categorie-produit\/produits-de-telecommunications\/"},{"@type":"ListItem","position":3,"name":"Usine ext\u00e9rieure","item":"https:\/\/nationalcablespecialists.ca\/fr\/categorie-produit\/produits-de-telecommunications\/usine-exterieure\/"},{"@type":"ListItem","position":4,"name":"Fil de distribution et de service enterr\u00e9 BDWA"}]},{"@type":"WebSite","@id":"https:\/\/nationalcablespecialists.ca\/fr\/#website","url":"https:\/\/nationalcablespecialists.ca\/fr\/","name":"National Cable Specialists","description":"","publisher":{"@id":"https:\/\/nationalcablespecialists.ca\/fr\/#organization"},"potentialAction":[{"@type":"SearchAction","target":{"@type":"EntryPoint","urlTemplate":"https:\/\/nationalcablespecialists.ca\/fr\/?s={search_term_string}"},"query-input":{"@type":"PropertyValueSpecification","valueRequired":true,"valueName":"search_term_string"}}],"inLanguage":"fr-FR"},{"@type":"Organization","@id":"https:\/\/nationalcablespecialists.ca\/fr\/#organization","name":"National Cable Specialists","url":"https:\/\/nationalcablespecialists.ca\/fr\/","logo":{"@type":"ImageObject","inLanguage":"fr-FR","@id":"https:\/\/nationalcablespecialists.ca\/fr\/#\/schema\/logo\/image\/","url":"https:\/\/nationalcablespecialists.ca\/wp-content\/uploads\/2023\/01\/NCS_Lrg_Logo.png","contentUrl":"https:\/\/nationalcablespecialists.ca\/wp-content\/uploads\/2023\/01\/NCS_Lrg_Logo.png","width":1600,"height":840,"caption":"National Cable Specialists"},"image":{"@id":"https:\/\/nationalcablespecialists.ca\/fr\/#\/schema\/logo\/image\/"}}]}},"_links":{"self":[{"href":"https:\/\/nationalcablespecialists.ca\/fr\/wp-json\/wp\/v2\/product\/23406","targetHints":{"allow":["GET"]}}],"collection":[{"href":"https:\/\/nationalcablespecialists.ca\/fr\/wp-json\/wp\/v2\/product"}],"about":[{"href":"https:\/\/nationalcablespecialists.ca\/fr\/wp-json\/wp\/v2\/types\/product"}],"replies":[{"embeddable":true,"href":"https:\/\/nationalcablespecialists.ca\/fr\/wp-json\/wp\/v2\/comments?post=23406"}],"wp:featuredmedia":[{"embeddable":true,"href":"https:\/\/nationalcablespecialists.ca\/fr\/wp-json\/wp\/v2\/media\/20932"}],"wp:attachment":[{"href":"https:\/\/nationalcablespecialists.ca\/fr\/wp-json\/wp\/v2\/media?parent=23406"}],"wp:term":[{"taxonomy":"product_brand","embeddable":true,"href":"https:\/\/nationalcablespecialists.ca\/fr\/wp-json\/wp\/v2\/product_brand?post=23406"},{"taxonomy":"product_cat","embeddable":true,"href":"https:\/\/nationalcablespecialists.ca\/fr\/wp-json\/wp\/v2\/product_cat?post=23406"},{"taxonomy":"product_tag","embeddable":true,"href":"https:\/\/nationalcablespecialists.ca\/fr\/wp-json\/wp\/v2\/product_tag?post=23406"},{"taxonomy":"application","embeddable":true,"href":"https:\/\/nationalcablespecialists.ca\/fr\/wp-json\/wp\/v2\/application?post=23406"},{"taxonomy":"voltage-rating","embeddable":true,"href":"https:\/\/nationalcablespecialists.ca\/fr\/wp-json\/wp\/v2\/voltage-rating?post=23406"},{"taxonomy":"jacket-material","embeddable":true,"href":"https:\/\/nationalcablespecialists.ca\/fr\/wp-json\/wp\/v2\/jacket-material?post=23406"},{"taxonomy":"insulation-material","embeddable":true,"href":"https:\/\/nationalcablespecialists.ca\/fr\/wp-json\/wp\/v2\/insulation-material?post=23406"},{"taxonomy":"conductor-material","embeddable":true,"href":"https:\/\/nationalcablespecialists.ca\/fr\/wp-json\/wp\/v2\/conductor-material?post=23406"},{"taxonomy":"wire-gauge","embeddable":true,"href":"https:\/\/nationalcablespecialists.ca\/fr\/wp-json\/wp\/v2\/wire-gauge?post=23406"},{"taxonomy":"conductor","embeddable":true,"href":"https:\/\/nationalcablespecialists.ca\/fr\/wp-json\/wp\/v2\/conductor?post=23406"}],"curies":[{"name":"wp","href":"https:\/\/api.w.org\/{rel}","templated":true}]}}