{"id":23388,"date":"2023-09-15T14:26:05","date_gmt":"2023-09-15T21:26:05","guid":{"rendered":"https:\/\/nationalcablespecialists.ca\/product\/cable-de-categorie-cat3-de-colonne-montante-serie-armm\/"},"modified":"2024-01-23T10:54:06","modified_gmt":"2024-01-23T18:54:06","slug":"cable-de-categorie-cat3-de-colonne-montante-serie-armm","status":"publish","type":"product","link":"https:\/\/nationalcablespecialists.ca\/fr\/produit\/cable-de-categorie-cat3-de-colonne-montante-serie-armm\/","title":{"rendered":"C\u00e2ble de cat\u00e9gorie Cat3 de colonne montante s\u00e9rie ARMM"},"content":{"rendered":"<div><strong>Description du produit<\/strong> Les c\u00e2bles \u00e9l\u00e9vateurs de la s\u00e9rie AR sont destin\u00e9s \u00e0 une distribution verticale et horizontale dans les b\u00e2timents commerciaux et r\u00e9pondent aux sp\u00e9cifications \u00e9lectriques de cat\u00e9gorie 3. Cela inclut toutes les demandes, \u00e0 l\u2019exception de celles pr\u00e9sent\u00e9es en pl\u00e9num.<\/div>\n<div>Conducteur Cuivre recuit massif<\/div>\n<div><strong>Isolation<\/strong> Mousse de poly\u00e9thyl\u00e8ne avec rev\u00eatement en PVC, code couleur 5<\/div>\n<div><strong>Veste<\/strong> PVC gris, ignifuge, r\u00e9sistant aux intemp\u00e9ries et \u00e0 l\u2019abrasion<\/div>\n<div><strong>Bouclier<\/strong> Ruban d\u2019aluminium ondul\u00e9 de 8 mil<\/div>\n<div><strong>Approbations<\/strong> Norme UL444. Homologu\u00e9 UL CMR (UL 1666). ANSI\/TIA\/EIA-568-B.2 CAT 3. RoHS- complian<\/div>\n","protected":false},"excerpt":{"rendered":"<p>Description du produit Les c\u00e2bles \u00e9l\u00e9vateurs de la s\u00e9rie AR sont destin\u00e9s \u00e0 une distribution verticale et horizontale dans les b\u00e2timents commerciaux et r\u00e9pondent aux sp\u00e9cifications \u00e9lectriques de cat\u00e9gorie 3. Cela inclut toutes les demandes, \u00e0 l\u2019exception de celles pr\u00e9sent\u00e9es en pl\u00e9num. Conducteur Cuivre recuit massif Isolation Mousse de poly\u00e9thyl\u00e8ne avec rev\u00eatement en PVC, code [&hellip;]<\/p>\n","protected":false},"featured_media":20974,"comment_status":"open","ping_status":"closed","template":"","meta":{"_acf_changed":false},"product_brand":[],"product_cat":[754,742],"product_tag":[876,782,875],"application":[],"voltage-rating":[],"jacket-material":[694],"insulation-material":[796],"conductor-material":[697],"wire-gauge":[774],"conductor":[801,877,878,799],"class_list":{"0":"post-23388","1":"product","2":"type-product","3":"status-publish","4":"has-post-thumbnail","6":"product_cat-cables-datacom","7":"product_cat-cables-de-donnees","8":"product_tag-armm-en-anglais-seulement","9":"product_tag-categorie-3","10":"product_tag-gestion-de-la-relation-client-crm","11":"jacket-material-chlorure-de-polyvinyle","12":"insulation-material-pe-fr","13":"conductor-material-cuivre-nu-massif","14":"wire-gauge-24-awg-fr","15":"conductor-100-paires","16":"conductor-25-fr","17":"conductor-400-paires","18":"conductor-50-paires","20":"first","21":"instock","22":"shipping-taxable","23":"purchasable","24":"product-type-variable"},"acf":[],"yoast_head":"<!-- This site is optimized with the Yoast SEO plugin v27.5 - https:\/\/yoast.com\/product\/yoast-seo-wordpress\/ -->\n<title>C\u00e2ble de cat\u00e9gorie Cat3 de colonne montante s\u00e9rie ARMM - National Cable Specialists<\/title>\n<meta name=\"description\" content=\"National Cable Specialists carries a selection of C\u00e2ble de cat\u00e9gorie Cat3 de colonne montante s\u00e9rie ARMM for sale. Visit our website to learn more information.\" \/>\n<meta name=\"robots\" content=\"index, follow, max-snippet:-1, max-image-preview:large, max-video-preview:-1\" \/>\n<link rel=\"canonical\" href=\"https:\/\/nationalcablespecialists.ca\/fr\/produit\/cable-de-categorie-cat3-de-colonne-montante-serie-armm\/\" \/>\n<meta property=\"og:locale\" content=\"fr_FR\" \/>\n<meta property=\"og:type\" content=\"article\" \/>\n<meta property=\"og:title\" content=\"C\u00e2ble de cat\u00e9gorie Cat3 de colonne montante s\u00e9rie ARMM - National Cable Specialists\" \/>\n<meta property=\"og:description\" content=\"National Cable Specialists carries a selection of C\u00e2ble de cat\u00e9gorie Cat3 de colonne montante s\u00e9rie ARMM for sale. Visit our website to learn more information.\" \/>\n<meta property=\"og:url\" content=\"https:\/\/nationalcablespecialists.ca\/fr\/produit\/cable-de-categorie-cat3-de-colonne-montante-serie-armm\/\" \/>\n<meta property=\"og:site_name\" content=\"National Cable Specialists\" \/>\n<meta property=\"article:modified_time\" content=\"2024-01-23T18:54:06+00:00\" \/>\n<meta property=\"og:image\" content=\"https:\/\/nationalcablespecialists.ca\/wp-content\/uploads\/2023\/09\/ARMM-Series-Riser-Category-3_500px-2.jpg\" \/>\n\t<meta property=\"og:image:width\" content=\"500\" \/>\n\t<meta property=\"og:image:height\" content=\"500\" \/>\n\t<meta property=\"og:image:type\" content=\"image\/jpeg\" \/>\n<meta name=\"twitter:card\" content=\"summary_large_image\" \/>\n<meta name=\"twitter:label1\" content=\"Dur\u00e9e de lecture estim\u00e9e\" \/>\n\t<meta name=\"twitter:data1\" content=\"1 minute\" \/>\n<script type=\"application\/ld+json\" class=\"yoast-schema-graph\">{\"@context\":\"https:\\\/\\\/schema.org\",\"@graph\":[{\"@type\":\"WebPage\",\"@id\":\"https:\\\/\\\/nationalcablespecialists.ca\\\/fr\\\/produit\\\/cable-de-categorie-cat3-de-colonne-montante-serie-armm\\\/\",\"url\":\"https:\\\/\\\/nationalcablespecialists.ca\\\/fr\\\/produit\\\/cable-de-categorie-cat3-de-colonne-montante-serie-armm\\\/\",\"name\":\"C\u00e2ble de cat\u00e9gorie Cat3 de colonne montante s\u00e9rie ARMM - National Cable Specialists\",\"isPartOf\":{\"@id\":\"https:\\\/\\\/nationalcablespecialists.ca\\\/fr\\\/#website\"},\"primaryImageOfPage\":{\"@id\":\"https:\\\/\\\/nationalcablespecialists.ca\\\/fr\\\/produit\\\/cable-de-categorie-cat3-de-colonne-montante-serie-armm\\\/#primaryimage\"},\"image\":{\"@id\":\"https:\\\/\\\/nationalcablespecialists.ca\\\/fr\\\/produit\\\/cable-de-categorie-cat3-de-colonne-montante-serie-armm\\\/#primaryimage\"},\"thumbnailUrl\":\"https:\\\/\\\/nationalcablespecialists.ca\\\/wp-content\\\/uploads\\\/2023\\\/09\\\/ARMM-Series-Riser-Category-3_500px-2.jpg\",\"datePublished\":\"2023-09-15T21:26:05+00:00\",\"dateModified\":\"2024-01-23T18:54:06+00:00\",\"description\":\"National Cable Specialists carries a selection of C\u00e2ble de cat\u00e9gorie Cat3 de colonne montante s\u00e9rie ARMM for sale. Visit our website to learn more information.\",\"breadcrumb\":{\"@id\":\"https:\\\/\\\/nationalcablespecialists.ca\\\/fr\\\/produit\\\/cable-de-categorie-cat3-de-colonne-montante-serie-armm\\\/#breadcrumb\"},\"inLanguage\":\"fr-FR\",\"potentialAction\":[{\"@type\":\"ReadAction\",\"target\":[\"https:\\\/\\\/nationalcablespecialists.ca\\\/fr\\\/produit\\\/cable-de-categorie-cat3-de-colonne-montante-serie-armm\\\/\"]}]},{\"@type\":\"ImageObject\",\"inLanguage\":\"fr-FR\",\"@id\":\"https:\\\/\\\/nationalcablespecialists.ca\\\/fr\\\/produit\\\/cable-de-categorie-cat3-de-colonne-montante-serie-armm\\\/#primaryimage\",\"url\":\"https:\\\/\\\/nationalcablespecialists.ca\\\/wp-content\\\/uploads\\\/2023\\\/09\\\/ARMM-Series-Riser-Category-3_500px-2.jpg\",\"contentUrl\":\"https:\\\/\\\/nationalcablespecialists.ca\\\/wp-content\\\/uploads\\\/2023\\\/09\\\/ARMM-Series-Riser-Category-3_500px-2.jpg\",\"width\":500,\"height\":500,\"caption\":\"Drawing 37\"},{\"@type\":\"BreadcrumbList\",\"@id\":\"https:\\\/\\\/nationalcablespecialists.ca\\\/fr\\\/produit\\\/cable-de-categorie-cat3-de-colonne-montante-serie-armm\\\/#breadcrumb\",\"itemListElement\":[{\"@type\":\"ListItem\",\"position\":1,\"name\":\"Produits\",\"item\":\"https:\\\/\\\/nationalcablespecialists.ca\\\/our-products\\\/\"},{\"@type\":\"ListItem\",\"position\":2,\"name\":\"C\u00e2ble de cat\u00e9gorie Cat3 de colonne montante s\u00e9rie ARMM\"}]},{\"@type\":\"WebSite\",\"@id\":\"https:\\\/\\\/nationalcablespecialists.ca\\\/fr\\\/#website\",\"url\":\"https:\\\/\\\/nationalcablespecialists.ca\\\/fr\\\/\",\"name\":\"National Cable Specialists\",\"description\":\"\",\"publisher\":{\"@id\":\"https:\\\/\\\/nationalcablespecialists.ca\\\/fr\\\/#organization\"},\"potentialAction\":[{\"@type\":\"SearchAction\",\"target\":{\"@type\":\"EntryPoint\",\"urlTemplate\":\"https:\\\/\\\/nationalcablespecialists.ca\\\/fr\\\/?s={search_term_string}\"},\"query-input\":{\"@type\":\"PropertyValueSpecification\",\"valueRequired\":true,\"valueName\":\"search_term_string\"}}],\"inLanguage\":\"fr-FR\"},{\"@type\":\"Organization\",\"@id\":\"https:\\\/\\\/nationalcablespecialists.ca\\\/fr\\\/#organization\",\"name\":\"National Cable Specialists\",\"url\":\"https:\\\/\\\/nationalcablespecialists.ca\\\/fr\\\/\",\"logo\":{\"@type\":\"ImageObject\",\"inLanguage\":\"fr-FR\",\"@id\":\"https:\\\/\\\/nationalcablespecialists.ca\\\/fr\\\/#\\\/schema\\\/logo\\\/image\\\/\",\"url\":\"https:\\\/\\\/nationalcablespecialists.ca\\\/wp-content\\\/uploads\\\/2023\\\/01\\\/NCS_Lrg_Logo.png\",\"contentUrl\":\"https:\\\/\\\/nationalcablespecialists.ca\\\/wp-content\\\/uploads\\\/2023\\\/01\\\/NCS_Lrg_Logo.png\",\"width\":1600,\"height\":840,\"caption\":\"National Cable Specialists\"},\"image\":{\"@id\":\"https:\\\/\\\/nationalcablespecialists.ca\\\/fr\\\/#\\\/schema\\\/logo\\\/image\\\/\"}}]}<\/script>\n<!-- \/ Yoast SEO plugin. -->","yoast_head_json":{"title":"C\u00e2ble de cat\u00e9gorie Cat3 de colonne montante s\u00e9rie ARMM - National Cable Specialists","description":"National Cable Specialists carries a selection of C\u00e2ble de cat\u00e9gorie Cat3 de colonne montante s\u00e9rie ARMM for sale. Visit our website to learn more information.","robots":{"index":"index","follow":"follow","max-snippet":"max-snippet:-1","max-image-preview":"max-image-preview:large","max-video-preview":"max-video-preview:-1"},"canonical":"https:\/\/nationalcablespecialists.ca\/fr\/produit\/cable-de-categorie-cat3-de-colonne-montante-serie-armm\/","og_locale":"fr_FR","og_type":"article","og_title":"C\u00e2ble de cat\u00e9gorie Cat3 de colonne montante s\u00e9rie ARMM - National Cable Specialists","og_description":"National Cable Specialists carries a selection of C\u00e2ble de cat\u00e9gorie Cat3 de colonne montante s\u00e9rie ARMM for sale. Visit our website to learn more information.","og_url":"https:\/\/nationalcablespecialists.ca\/fr\/produit\/cable-de-categorie-cat3-de-colonne-montante-serie-armm\/","og_site_name":"National Cable Specialists","article_modified_time":"2024-01-23T18:54:06+00:00","og_image":[{"width":500,"height":500,"url":"https:\/\/nationalcablespecialists.ca\/wp-content\/uploads\/2023\/09\/ARMM-Series-Riser-Category-3_500px-2.jpg","type":"image\/jpeg"}],"twitter_card":"summary_large_image","twitter_misc":{"Dur\u00e9e de lecture estim\u00e9e":"1 minute"},"schema":{"@context":"https:\/\/schema.org","@graph":[{"@type":"WebPage","@id":"https:\/\/nationalcablespecialists.ca\/fr\/produit\/cable-de-categorie-cat3-de-colonne-montante-serie-armm\/","url":"https:\/\/nationalcablespecialists.ca\/fr\/produit\/cable-de-categorie-cat3-de-colonne-montante-serie-armm\/","name":"C\u00e2ble de cat\u00e9gorie Cat3 de colonne montante s\u00e9rie ARMM - National Cable Specialists","isPartOf":{"@id":"https:\/\/nationalcablespecialists.ca\/fr\/#website"},"primaryImageOfPage":{"@id":"https:\/\/nationalcablespecialists.ca\/fr\/produit\/cable-de-categorie-cat3-de-colonne-montante-serie-armm\/#primaryimage"},"image":{"@id":"https:\/\/nationalcablespecialists.ca\/fr\/produit\/cable-de-categorie-cat3-de-colonne-montante-serie-armm\/#primaryimage"},"thumbnailUrl":"https:\/\/nationalcablespecialists.ca\/wp-content\/uploads\/2023\/09\/ARMM-Series-Riser-Category-3_500px-2.jpg","datePublished":"2023-09-15T21:26:05+00:00","dateModified":"2024-01-23T18:54:06+00:00","description":"National Cable Specialists carries a selection of C\u00e2ble de cat\u00e9gorie Cat3 de colonne montante s\u00e9rie ARMM for sale. Visit our website to learn more information.","breadcrumb":{"@id":"https:\/\/nationalcablespecialists.ca\/fr\/produit\/cable-de-categorie-cat3-de-colonne-montante-serie-armm\/#breadcrumb"},"inLanguage":"fr-FR","potentialAction":[{"@type":"ReadAction","target":["https:\/\/nationalcablespecialists.ca\/fr\/produit\/cable-de-categorie-cat3-de-colonne-montante-serie-armm\/"]}]},{"@type":"ImageObject","inLanguage":"fr-FR","@id":"https:\/\/nationalcablespecialists.ca\/fr\/produit\/cable-de-categorie-cat3-de-colonne-montante-serie-armm\/#primaryimage","url":"https:\/\/nationalcablespecialists.ca\/wp-content\/uploads\/2023\/09\/ARMM-Series-Riser-Category-3_500px-2.jpg","contentUrl":"https:\/\/nationalcablespecialists.ca\/wp-content\/uploads\/2023\/09\/ARMM-Series-Riser-Category-3_500px-2.jpg","width":500,"height":500,"caption":"Drawing 37"},{"@type":"BreadcrumbList","@id":"https:\/\/nationalcablespecialists.ca\/fr\/produit\/cable-de-categorie-cat3-de-colonne-montante-serie-armm\/#breadcrumb","itemListElement":[{"@type":"ListItem","position":1,"name":"Produits","item":"https:\/\/nationalcablespecialists.ca\/our-products\/"},{"@type":"ListItem","position":2,"name":"C\u00e2ble de cat\u00e9gorie Cat3 de colonne montante s\u00e9rie ARMM"}]},{"@type":"WebSite","@id":"https:\/\/nationalcablespecialists.ca\/fr\/#website","url":"https:\/\/nationalcablespecialists.ca\/fr\/","name":"National Cable Specialists","description":"","publisher":{"@id":"https:\/\/nationalcablespecialists.ca\/fr\/#organization"},"potentialAction":[{"@type":"SearchAction","target":{"@type":"EntryPoint","urlTemplate":"https:\/\/nationalcablespecialists.ca\/fr\/?s={search_term_string}"},"query-input":{"@type":"PropertyValueSpecification","valueRequired":true,"valueName":"search_term_string"}}],"inLanguage":"fr-FR"},{"@type":"Organization","@id":"https:\/\/nationalcablespecialists.ca\/fr\/#organization","name":"National Cable Specialists","url":"https:\/\/nationalcablespecialists.ca\/fr\/","logo":{"@type":"ImageObject","inLanguage":"fr-FR","@id":"https:\/\/nationalcablespecialists.ca\/fr\/#\/schema\/logo\/image\/","url":"https:\/\/nationalcablespecialists.ca\/wp-content\/uploads\/2023\/01\/NCS_Lrg_Logo.png","contentUrl":"https:\/\/nationalcablespecialists.ca\/wp-content\/uploads\/2023\/01\/NCS_Lrg_Logo.png","width":1600,"height":840,"caption":"National Cable Specialists"},"image":{"@id":"https:\/\/nationalcablespecialists.ca\/fr\/#\/schema\/logo\/image\/"}}]}},"_links":{"self":[{"href":"https:\/\/nationalcablespecialists.ca\/fr\/wp-json\/wp\/v2\/product\/23388","targetHints":{"allow":["GET"]}}],"collection":[{"href":"https:\/\/nationalcablespecialists.ca\/fr\/wp-json\/wp\/v2\/product"}],"about":[{"href":"https:\/\/nationalcablespecialists.ca\/fr\/wp-json\/wp\/v2\/types\/product"}],"replies":[{"embeddable":true,"href":"https:\/\/nationalcablespecialists.ca\/fr\/wp-json\/wp\/v2\/comments?post=23388"}],"wp:featuredmedia":[{"embeddable":true,"href":"https:\/\/nationalcablespecialists.ca\/fr\/wp-json\/wp\/v2\/media\/20974"}],"wp:attachment":[{"href":"https:\/\/nationalcablespecialists.ca\/fr\/wp-json\/wp\/v2\/media?parent=23388"}],"wp:term":[{"taxonomy":"product_brand","embeddable":true,"href":"https:\/\/nationalcablespecialists.ca\/fr\/wp-json\/wp\/v2\/product_brand?post=23388"},{"taxonomy":"product_cat","embeddable":true,"href":"https:\/\/nationalcablespecialists.ca\/fr\/wp-json\/wp\/v2\/product_cat?post=23388"},{"taxonomy":"product_tag","embeddable":true,"href":"https:\/\/nationalcablespecialists.ca\/fr\/wp-json\/wp\/v2\/product_tag?post=23388"},{"taxonomy":"application","embeddable":true,"href":"https:\/\/nationalcablespecialists.ca\/fr\/wp-json\/wp\/v2\/application?post=23388"},{"taxonomy":"voltage-rating","embeddable":true,"href":"https:\/\/nationalcablespecialists.ca\/fr\/wp-json\/wp\/v2\/voltage-rating?post=23388"},{"taxonomy":"jacket-material","embeddable":true,"href":"https:\/\/nationalcablespecialists.ca\/fr\/wp-json\/wp\/v2\/jacket-material?post=23388"},{"taxonomy":"insulation-material","embeddable":true,"href":"https:\/\/nationalcablespecialists.ca\/fr\/wp-json\/wp\/v2\/insulation-material?post=23388"},{"taxonomy":"conductor-material","embeddable":true,"href":"https:\/\/nationalcablespecialists.ca\/fr\/wp-json\/wp\/v2\/conductor-material?post=23388"},{"taxonomy":"wire-gauge","embeddable":true,"href":"https:\/\/nationalcablespecialists.ca\/fr\/wp-json\/wp\/v2\/wire-gauge?post=23388"},{"taxonomy":"conductor","embeddable":true,"href":"https:\/\/nationalcablespecialists.ca\/fr\/wp-json\/wp\/v2\/conductor?post=23388"}],"curies":[{"name":"wp","href":"https:\/\/api.w.org\/{rel}","templated":true}]}}