{"id":23367,"date":"2023-09-15T14:26:51","date_gmt":"2023-09-15T21:26:51","guid":{"rendered":"https:\/\/nationalcablespecialists.ca\/product\/cordon-de-lampe-parallele-spt-1-et-spt-2\/"},"modified":"2024-01-23T10:53:29","modified_gmt":"2024-01-23T18:53:29","slug":"cordon-de-lampe-parallele-spt-1-et-spt-2","status":"publish","type":"product","link":"https:\/\/nationalcablespecialists.ca\/fr\/produit\/cordon-de-lampe-parallele-spt-1-et-spt-2\/","title":{"rendered":"Cordon de lampe parall\u00e8le SPT-1 et SPT-2"},"content":{"rendered":"<div><strong>Conducteur<\/strong> Cuivre toronn\u00e9 recuit<\/div>\n<div><strong>Isolation<\/strong> Type de refente PVC noir, blanc, brun, transparent ou dor\u00e9<\/div>\n<div><strong>Temp\u00e9rature<\/strong> -20C \u00e0 +60C ou +105C<\/div>\n<div><strong>Tension de fonctionnement sugg\u00e9r\u00e9e<\/strong> 300V<\/div>\n<div><strong>Emballage<\/strong> bobines de 75 m, 150 m et 300 m, bobines de grande longueur.<\/div>\n<div><strong>Approbations<\/strong> CSA FT1, UL 62<\/div>\n<div><strong>Applications<\/strong> Pour une utilisation sur l\u2019horloge, les radios, les t\u00e9l\u00e9viseurs, les cha\u00eenes st\u00e9r\u00e9o, les lampes, les ventilateurs domestiques et les appareils \u00e9lectrom\u00e9nagers non soumis \u00e0 une utilisation intensive.<\/div>\n","protected":false},"excerpt":{"rendered":"<p>Conducteur Cuivre toronn\u00e9 recuit Isolation Type de refente PVC noir, blanc, brun, transparent ou dor\u00e9 Temp\u00e9rature -20C \u00e0 +60C ou +105C Tension de fonctionnement sugg\u00e9r\u00e9e 300V Emballage bobines de 75 m, 150 m et 300 m, bobines de grande longueur. Approbations CSA FT1, UL 62 Applications Pour une utilisation sur l\u2019horloge, les radios, les t\u00e9l\u00e9viseurs, [&hellip;]<\/p>\n","protected":false},"featured_media":21058,"comment_status":"open","ping_status":"closed","template":"","meta":{"_acf_changed":false},"product_brand":[],"product_cat":[655],"product_tag":[856],"application":[687,857,862,858,861,859,864],"voltage-rating":[683],"jacket-material":[],"insulation-material":[686],"conductor-material":[685],"wire-gauge":[674,673],"conductor":[679],"class_list":{"0":"post-23367","1":"product","2":"type-product","3":"status-publish","4":"has-post-thumbnail","6":"product_cat-cable-portatif","7":"product_tag-cordon-de-lampe","8":"application-appareils-menagers","9":"application-horloges","10":"application-lampes","11":"application-radio-fr","12":"application-stereo-fr","13":"application-television","14":"application-ventilateurs-domestiques","15":"voltage-rating-300v-fr","16":"insulation-material-chlorure-de-polyvinyle","17":"conductor-material-cuivre-nu-toronne","18":"wire-gauge-16-awg-fr","19":"wire-gauge-18-awg-fr","20":"conductor-2-fr","22":"first","23":"instock","24":"shipping-taxable","25":"purchasable","26":"product-type-variable"},"acf":[],"yoast_head":"<!-- This site is optimized with the Yoast SEO plugin v26.2 - https:\/\/yoast.com\/wordpress\/plugins\/seo\/ -->\n<title>Cordon de lampe parall\u00e8le SPT-1 et SPT-2 - National Cable Specialists<\/title>\n<meta name=\"description\" content=\"National Cable Specialists carries a selection of Cordon de lampe parall\u00e8le SPT-1 et SPT-2 for sale. Visit our website to learn more information.\" \/>\n<meta name=\"robots\" content=\"index, follow, max-snippet:-1, max-image-preview:large, max-video-preview:-1\" \/>\n<link rel=\"canonical\" href=\"https:\/\/nationalcablespecialists.ca\/fr\/produit\/cordon-de-lampe-parallele-spt-1-et-spt-2\/\" \/>\n<meta property=\"og:locale\" content=\"fr_FR\" \/>\n<meta property=\"og:type\" content=\"article\" \/>\n<meta property=\"og:title\" content=\"Cordon de lampe parall\u00e8le SPT-1 et SPT-2 - National Cable Specialists\" \/>\n<meta property=\"og:description\" content=\"National Cable Specialists carries a selection of Cordon de lampe parall\u00e8le SPT-1 et SPT-2 for sale. Visit our website to learn more information.\" \/>\n<meta property=\"og:url\" content=\"https:\/\/nationalcablespecialists.ca\/fr\/produit\/cordon-de-lampe-parallele-spt-1-et-spt-2\/\" \/>\n<meta property=\"og:site_name\" content=\"National Cable Specialists\" \/>\n<meta property=\"article:modified_time\" content=\"2024-01-23T18:53:29+00:00\" \/>\n<meta property=\"og:image\" content=\"https:\/\/nationalcablespecialists.ca\/wp-content\/uploads\/2023\/09\/lamp-cord_500px-2.jpg\" \/>\n\t<meta property=\"og:image:width\" content=\"500\" \/>\n\t<meta property=\"og:image:height\" content=\"500\" \/>\n\t<meta property=\"og:image:type\" content=\"image\/jpeg\" \/>\n<meta name=\"twitter:card\" content=\"summary_large_image\" \/>\n<script type=\"application\/ld+json\" class=\"yoast-schema-graph\">{\"@context\":\"https:\/\/schema.org\",\"@graph\":[{\"@type\":\"WebPage\",\"@id\":\"https:\/\/nationalcablespecialists.ca\/fr\/produit\/cordon-de-lampe-parallele-spt-1-et-spt-2\/\",\"url\":\"https:\/\/nationalcablespecialists.ca\/fr\/produit\/cordon-de-lampe-parallele-spt-1-et-spt-2\/\",\"name\":\"Cordon de lampe parall\u00e8le SPT-1 et SPT-2 - National Cable Specialists\",\"isPartOf\":{\"@id\":\"https:\/\/nationalcablespecialists.ca\/fr\/#website\"},\"primaryImageOfPage\":{\"@id\":\"https:\/\/nationalcablespecialists.ca\/fr\/produit\/cordon-de-lampe-parallele-spt-1-et-spt-2\/#primaryimage\"},\"image\":{\"@id\":\"https:\/\/nationalcablespecialists.ca\/fr\/produit\/cordon-de-lampe-parallele-spt-1-et-spt-2\/#primaryimage\"},\"thumbnailUrl\":\"https:\/\/nationalcablespecialists.ca\/wp-content\/uploads\/2023\/09\/lamp-cord_500px-2.jpg\",\"datePublished\":\"2023-09-15T21:26:51+00:00\",\"dateModified\":\"2024-01-23T18:53:29+00:00\",\"description\":\"National Cable Specialists carries a selection of Cordon de lampe parall\u00e8le SPT-1 et SPT-2 for sale. Visit our website to learn more information.\",\"breadcrumb\":{\"@id\":\"https:\/\/nationalcablespecialists.ca\/fr\/produit\/cordon-de-lampe-parallele-spt-1-et-spt-2\/#breadcrumb\"},\"inLanguage\":\"fr-FR\",\"potentialAction\":[{\"@type\":\"ReadAction\",\"target\":[\"https:\/\/nationalcablespecialists.ca\/fr\/produit\/cordon-de-lampe-parallele-spt-1-et-spt-2\/\"]}]},{\"@type\":\"ImageObject\",\"inLanguage\":\"fr-FR\",\"@id\":\"https:\/\/nationalcablespecialists.ca\/fr\/produit\/cordon-de-lampe-parallele-spt-1-et-spt-2\/#primaryimage\",\"url\":\"https:\/\/nationalcablespecialists.ca\/wp-content\/uploads\/2023\/09\/lamp-cord_500px-2.jpg\",\"contentUrl\":\"https:\/\/nationalcablespecialists.ca\/wp-content\/uploads\/2023\/09\/lamp-cord_500px-2.jpg\",\"width\":500,\"height\":500,\"caption\":\"lamp cord\"},{\"@type\":\"BreadcrumbList\",\"@id\":\"https:\/\/nationalcablespecialists.ca\/fr\/produit\/cordon-de-lampe-parallele-spt-1-et-spt-2\/#breadcrumb\",\"itemListElement\":[{\"@type\":\"ListItem\",\"position\":1,\"name\":\"Produits\",\"item\":\"https:\/\/nationalcablespecialists.ca\/our-products\/\"},{\"@type\":\"ListItem\",\"position\":2,\"name\":\"Fils et c\u00e2bles \u00e9lectriques\",\"item\":\"https:\/\/nationalcablespecialists.ca\/fr\/categorie-produit\/fils-et-cables-electriques\/\"},{\"@type\":\"ListItem\",\"position\":3,\"name\":\"C\u00e2ble portatif\",\"item\":\"https:\/\/nationalcablespecialists.ca\/fr\/categorie-produit\/fils-et-cables-electriques\/cable-portatif\/\"},{\"@type\":\"ListItem\",\"position\":4,\"name\":\"Cordon de lampe parall\u00e8le SPT-1 et SPT-2\"}]},{\"@type\":\"WebSite\",\"@id\":\"https:\/\/nationalcablespecialists.ca\/fr\/#website\",\"url\":\"https:\/\/nationalcablespecialists.ca\/fr\/\",\"name\":\"National Cable Specialists\",\"description\":\"\",\"publisher\":{\"@id\":\"https:\/\/nationalcablespecialists.ca\/fr\/#organization\"},\"potentialAction\":[{\"@type\":\"SearchAction\",\"target\":{\"@type\":\"EntryPoint\",\"urlTemplate\":\"https:\/\/nationalcablespecialists.ca\/fr\/?s={search_term_string}\"},\"query-input\":{\"@type\":\"PropertyValueSpecification\",\"valueRequired\":true,\"valueName\":\"search_term_string\"}}],\"inLanguage\":\"fr-FR\"},{\"@type\":\"Organization\",\"@id\":\"https:\/\/nationalcablespecialists.ca\/fr\/#organization\",\"name\":\"National Cable Specialists\",\"url\":\"https:\/\/nationalcablespecialists.ca\/fr\/\",\"logo\":{\"@type\":\"ImageObject\",\"inLanguage\":\"fr-FR\",\"@id\":\"https:\/\/nationalcablespecialists.ca\/fr\/#\/schema\/logo\/image\/\",\"url\":\"https:\/\/nationalcablespecialists.ca\/wp-content\/uploads\/2023\/01\/NCS_Lrg_Logo.png\",\"contentUrl\":\"https:\/\/nationalcablespecialists.ca\/wp-content\/uploads\/2023\/01\/NCS_Lrg_Logo.png\",\"width\":1600,\"height\":840,\"caption\":\"National Cable Specialists\"},\"image\":{\"@id\":\"https:\/\/nationalcablespecialists.ca\/fr\/#\/schema\/logo\/image\/\"}}]}<\/script>\n<!-- \/ Yoast SEO plugin. -->","yoast_head_json":{"title":"Cordon de lampe parall\u00e8le SPT-1 et SPT-2 - National Cable Specialists","description":"National Cable Specialists carries a selection of Cordon de lampe parall\u00e8le SPT-1 et SPT-2 for sale. Visit our website to learn more information.","robots":{"index":"index","follow":"follow","max-snippet":"max-snippet:-1","max-image-preview":"max-image-preview:large","max-video-preview":"max-video-preview:-1"},"canonical":"https:\/\/nationalcablespecialists.ca\/fr\/produit\/cordon-de-lampe-parallele-spt-1-et-spt-2\/","og_locale":"fr_FR","og_type":"article","og_title":"Cordon de lampe parall\u00e8le SPT-1 et SPT-2 - National Cable Specialists","og_description":"National Cable Specialists carries a selection of Cordon de lampe parall\u00e8le SPT-1 et SPT-2 for sale. Visit our website to learn more information.","og_url":"https:\/\/nationalcablespecialists.ca\/fr\/produit\/cordon-de-lampe-parallele-spt-1-et-spt-2\/","og_site_name":"National Cable Specialists","article_modified_time":"2024-01-23T18:53:29+00:00","og_image":[{"width":500,"height":500,"url":"https:\/\/nationalcablespecialists.ca\/wp-content\/uploads\/2023\/09\/lamp-cord_500px-2.jpg","type":"image\/jpeg"}],"twitter_card":"summary_large_image","schema":{"@context":"https:\/\/schema.org","@graph":[{"@type":"WebPage","@id":"https:\/\/nationalcablespecialists.ca\/fr\/produit\/cordon-de-lampe-parallele-spt-1-et-spt-2\/","url":"https:\/\/nationalcablespecialists.ca\/fr\/produit\/cordon-de-lampe-parallele-spt-1-et-spt-2\/","name":"Cordon de lampe parall\u00e8le SPT-1 et SPT-2 - National Cable Specialists","isPartOf":{"@id":"https:\/\/nationalcablespecialists.ca\/fr\/#website"},"primaryImageOfPage":{"@id":"https:\/\/nationalcablespecialists.ca\/fr\/produit\/cordon-de-lampe-parallele-spt-1-et-spt-2\/#primaryimage"},"image":{"@id":"https:\/\/nationalcablespecialists.ca\/fr\/produit\/cordon-de-lampe-parallele-spt-1-et-spt-2\/#primaryimage"},"thumbnailUrl":"https:\/\/nationalcablespecialists.ca\/wp-content\/uploads\/2023\/09\/lamp-cord_500px-2.jpg","datePublished":"2023-09-15T21:26:51+00:00","dateModified":"2024-01-23T18:53:29+00:00","description":"National Cable Specialists carries a selection of Cordon de lampe parall\u00e8le SPT-1 et SPT-2 for sale. Visit our website to learn more information.","breadcrumb":{"@id":"https:\/\/nationalcablespecialists.ca\/fr\/produit\/cordon-de-lampe-parallele-spt-1-et-spt-2\/#breadcrumb"},"inLanguage":"fr-FR","potentialAction":[{"@type":"ReadAction","target":["https:\/\/nationalcablespecialists.ca\/fr\/produit\/cordon-de-lampe-parallele-spt-1-et-spt-2\/"]}]},{"@type":"ImageObject","inLanguage":"fr-FR","@id":"https:\/\/nationalcablespecialists.ca\/fr\/produit\/cordon-de-lampe-parallele-spt-1-et-spt-2\/#primaryimage","url":"https:\/\/nationalcablespecialists.ca\/wp-content\/uploads\/2023\/09\/lamp-cord_500px-2.jpg","contentUrl":"https:\/\/nationalcablespecialists.ca\/wp-content\/uploads\/2023\/09\/lamp-cord_500px-2.jpg","width":500,"height":500,"caption":"lamp cord"},{"@type":"BreadcrumbList","@id":"https:\/\/nationalcablespecialists.ca\/fr\/produit\/cordon-de-lampe-parallele-spt-1-et-spt-2\/#breadcrumb","itemListElement":[{"@type":"ListItem","position":1,"name":"Produits","item":"https:\/\/nationalcablespecialists.ca\/our-products\/"},{"@type":"ListItem","position":2,"name":"Fils et c\u00e2bles \u00e9lectriques","item":"https:\/\/nationalcablespecialists.ca\/fr\/categorie-produit\/fils-et-cables-electriques\/"},{"@type":"ListItem","position":3,"name":"C\u00e2ble portatif","item":"https:\/\/nationalcablespecialists.ca\/fr\/categorie-produit\/fils-et-cables-electriques\/cable-portatif\/"},{"@type":"ListItem","position":4,"name":"Cordon de lampe parall\u00e8le SPT-1 et SPT-2"}]},{"@type":"WebSite","@id":"https:\/\/nationalcablespecialists.ca\/fr\/#website","url":"https:\/\/nationalcablespecialists.ca\/fr\/","name":"National Cable Specialists","description":"","publisher":{"@id":"https:\/\/nationalcablespecialists.ca\/fr\/#organization"},"potentialAction":[{"@type":"SearchAction","target":{"@type":"EntryPoint","urlTemplate":"https:\/\/nationalcablespecialists.ca\/fr\/?s={search_term_string}"},"query-input":{"@type":"PropertyValueSpecification","valueRequired":true,"valueName":"search_term_string"}}],"inLanguage":"fr-FR"},{"@type":"Organization","@id":"https:\/\/nationalcablespecialists.ca\/fr\/#organization","name":"National Cable Specialists","url":"https:\/\/nationalcablespecialists.ca\/fr\/","logo":{"@type":"ImageObject","inLanguage":"fr-FR","@id":"https:\/\/nationalcablespecialists.ca\/fr\/#\/schema\/logo\/image\/","url":"https:\/\/nationalcablespecialists.ca\/wp-content\/uploads\/2023\/01\/NCS_Lrg_Logo.png","contentUrl":"https:\/\/nationalcablespecialists.ca\/wp-content\/uploads\/2023\/01\/NCS_Lrg_Logo.png","width":1600,"height":840,"caption":"National Cable Specialists"},"image":{"@id":"https:\/\/nationalcablespecialists.ca\/fr\/#\/schema\/logo\/image\/"}}]}},"_links":{"self":[{"href":"https:\/\/nationalcablespecialists.ca\/fr\/wp-json\/wp\/v2\/product\/23367","targetHints":{"allow":["GET"]}}],"collection":[{"href":"https:\/\/nationalcablespecialists.ca\/fr\/wp-json\/wp\/v2\/product"}],"about":[{"href":"https:\/\/nationalcablespecialists.ca\/fr\/wp-json\/wp\/v2\/types\/product"}],"replies":[{"embeddable":true,"href":"https:\/\/nationalcablespecialists.ca\/fr\/wp-json\/wp\/v2\/comments?post=23367"}],"wp:featuredmedia":[{"embeddable":true,"href":"https:\/\/nationalcablespecialists.ca\/fr\/wp-json\/wp\/v2\/media\/21058"}],"wp:attachment":[{"href":"https:\/\/nationalcablespecialists.ca\/fr\/wp-json\/wp\/v2\/media?parent=23367"}],"wp:term":[{"taxonomy":"product_brand","embeddable":true,"href":"https:\/\/nationalcablespecialists.ca\/fr\/wp-json\/wp\/v2\/product_brand?post=23367"},{"taxonomy":"product_cat","embeddable":true,"href":"https:\/\/nationalcablespecialists.ca\/fr\/wp-json\/wp\/v2\/product_cat?post=23367"},{"taxonomy":"product_tag","embeddable":true,"href":"https:\/\/nationalcablespecialists.ca\/fr\/wp-json\/wp\/v2\/product_tag?post=23367"},{"taxonomy":"application","embeddable":true,"href":"https:\/\/nationalcablespecialists.ca\/fr\/wp-json\/wp\/v2\/application?post=23367"},{"taxonomy":"voltage-rating","embeddable":true,"href":"https:\/\/nationalcablespecialists.ca\/fr\/wp-json\/wp\/v2\/voltage-rating?post=23367"},{"taxonomy":"jacket-material","embeddable":true,"href":"https:\/\/nationalcablespecialists.ca\/fr\/wp-json\/wp\/v2\/jacket-material?post=23367"},{"taxonomy":"insulation-material","embeddable":true,"href":"https:\/\/nationalcablespecialists.ca\/fr\/wp-json\/wp\/v2\/insulation-material?post=23367"},{"taxonomy":"conductor-material","embeddable":true,"href":"https:\/\/nationalcablespecialists.ca\/fr\/wp-json\/wp\/v2\/conductor-material?post=23367"},{"taxonomy":"wire-gauge","embeddable":true,"href":"https:\/\/nationalcablespecialists.ca\/fr\/wp-json\/wp\/v2\/wire-gauge?post=23367"},{"taxonomy":"conductor","embeddable":true,"href":"https:\/\/nationalcablespecialists.ca\/fr\/wp-json\/wp\/v2\/conductor?post=23367"}],"curies":[{"name":"wp","href":"https:\/\/api.w.org\/{rel}","templated":true}]}}