{"id":23309,"date":"2023-09-15T14:28:25","date_gmt":"2023-09-15T21:28:25","guid":{"rendered":"https:\/\/nationalcablespecialists.ca\/product\/fil-de-tableau-sis-vw-1\/"},"modified":"2024-01-23T10:51:22","modified_gmt":"2024-01-23T18:51:22","slug":"fil-de-tableau-sis-vw-1","status":"publish","type":"product","link":"https:\/\/nationalcablespecialists.ca\/fr\/produit\/fil-de-tableau-sis-vw-1\/","title":{"rendered":"Fil de tableau SIS VW-1"},"content":{"rendered":"<div><strong>Conducteur<\/strong> Cuivre \u00e9tam\u00e9 toronn\u00e9<\/div>\n<div><strong>Isolation<\/strong> XLPE ignifuge \u00e0 code couleur<\/div>\n<div><strong>Couleur de la veste<\/strong> Gris<\/div>\n<div><strong>Temp\u00e9rature<\/strong> 90\u00b0C<\/div>\n<div><strong>Tension 600V<\/strong><\/div>\n<div><strong>Approbations<\/strong><\/div>\n<div>Norme UL 44 \u2013 XHHW-2<\/div>\n<div>UL C 22.2 n\u00b0 38<\/div>\n<div>CSA RW90<\/div>\n<div><strong>Application<\/strong> Pour une utilisation dans les tableaux de distribution et les tableaux de distribution, les circuits d\u2019alimentation et de commande dans les syst\u00e8mes de distribution, convient aux applications \u00e0 faible toxicit\u00e9 et \u00e0 d\u2019autres \u00e9quipements \u00e9lectriques et chemins de roulement ne d\u00e9passant pas 600 volts.<\/div>\n<div><strong>Emballage<\/strong> X 300 m<\/div>\n","protected":false},"excerpt":{"rendered":"<p>Conducteur Cuivre \u00e9tam\u00e9 toronn\u00e9 Isolation XLPE ignifuge \u00e0 code couleur Couleur de la veste Gris Temp\u00e9rature 90\u00b0C Tension 600V Approbations Norme UL 44 \u2013 XHHW-2 UL C 22.2 n\u00b0 38 CSA RW90 Application Pour une utilisation dans les tableaux de distribution et les tableaux de distribution, les circuits d\u2019alimentation et de commande dans les syst\u00e8mes [&hellip;]<\/p>\n","protected":false},"featured_media":21214,"comment_status":"open","ping_status":"closed","template":"","meta":{"_acf_changed":false},"product_brand":[],"product_cat":[780],"product_tag":[839,838],"application":[842,810,808,841],"voltage-rating":[670],"jacket-material":[],"insulation-material":[840],"conductor-material":[672],"wire-gauge":[676,675],"conductor":[712],"class_list":{"0":"post-23309","1":"product","2":"type-product","3":"status-publish","4":"has-post-thumbnail","6":"product_cat-fil-dequipement","7":"product_tag-panneaux-de-panneaux","8":"product_tag-tableaux","9":"application-distribution-fr","10":"application-equipement-electrique","11":"application-panneau","12":"application-standard","13":"voltage-rating-600v-fr","14":"insulation-material-xlpe-fr","15":"conductor-material-stranded-tinned-copper-fr","16":"wire-gauge-12-awg-fr","17":"wire-gauge-14-awg-fr","18":"conductor-1-fr","20":"first","21":"instock","22":"shipping-taxable","23":"purchasable","24":"product-type-variable"},"acf":[],"yoast_head":"<!-- This site is optimized with the Yoast SEO plugin v26.2 - https:\/\/yoast.com\/wordpress\/plugins\/seo\/ -->\n<title>Fil de tableau SIS VW-1 - National Cable Specialists<\/title>\n<meta name=\"description\" content=\"National Cable Specialists carries a selection of Fil de tableau SIS VW-1 for sale. Visit our website to learn more information.\" \/>\n<meta name=\"robots\" content=\"index, follow, max-snippet:-1, max-image-preview:large, max-video-preview:-1\" \/>\n<link rel=\"canonical\" href=\"https:\/\/nationalcablespecialists.ca\/fr\/produit\/fil-de-tableau-sis-vw-1\/\" \/>\n<meta property=\"og:locale\" content=\"fr_FR\" \/>\n<meta property=\"og:type\" content=\"article\" \/>\n<meta property=\"og:title\" content=\"Fil de tableau SIS VW-1 - National Cable Specialists\" \/>\n<meta property=\"og:description\" content=\"National Cable Specialists carries a selection of Fil de tableau SIS VW-1 for sale. Visit our website to learn more information.\" \/>\n<meta property=\"og:url\" content=\"https:\/\/nationalcablespecialists.ca\/fr\/produit\/fil-de-tableau-sis-vw-1\/\" \/>\n<meta property=\"og:site_name\" content=\"National Cable Specialists\" \/>\n<meta property=\"article:modified_time\" content=\"2024-01-23T18:51:22+00:00\" \/>\n<meta property=\"og:image\" content=\"https:\/\/nationalcablespecialists.ca\/wp-content\/uploads\/2023\/09\/SIS-Wire-VW-1_500px-2.jpg\" \/>\n\t<meta property=\"og:image:width\" content=\"500\" \/>\n\t<meta property=\"og:image:height\" content=\"500\" \/>\n\t<meta property=\"og:image:type\" content=\"image\/jpeg\" \/>\n<meta name=\"twitter:card\" content=\"summary_large_image\" \/>\n<script type=\"application\/ld+json\" class=\"yoast-schema-graph\">{\"@context\":\"https:\/\/schema.org\",\"@graph\":[{\"@type\":\"WebPage\",\"@id\":\"https:\/\/nationalcablespecialists.ca\/fr\/produit\/fil-de-tableau-sis-vw-1\/\",\"url\":\"https:\/\/nationalcablespecialists.ca\/fr\/produit\/fil-de-tableau-sis-vw-1\/\",\"name\":\"Fil de tableau SIS VW-1 - National Cable Specialists\",\"isPartOf\":{\"@id\":\"https:\/\/nationalcablespecialists.ca\/fr\/#website\"},\"primaryImageOfPage\":{\"@id\":\"https:\/\/nationalcablespecialists.ca\/fr\/produit\/fil-de-tableau-sis-vw-1\/#primaryimage\"},\"image\":{\"@id\":\"https:\/\/nationalcablespecialists.ca\/fr\/produit\/fil-de-tableau-sis-vw-1\/#primaryimage\"},\"thumbnailUrl\":\"https:\/\/nationalcablespecialists.ca\/wp-content\/uploads\/2023\/09\/SIS-Wire-VW-1_500px-2.jpg\",\"datePublished\":\"2023-09-15T21:28:25+00:00\",\"dateModified\":\"2024-01-23T18:51:22+00:00\",\"description\":\"National Cable Specialists carries a selection of Fil de tableau SIS VW-1 for sale. Visit our website to learn more information.\",\"breadcrumb\":{\"@id\":\"https:\/\/nationalcablespecialists.ca\/fr\/produit\/fil-de-tableau-sis-vw-1\/#breadcrumb\"},\"inLanguage\":\"fr-FR\",\"potentialAction\":[{\"@type\":\"ReadAction\",\"target\":[\"https:\/\/nationalcablespecialists.ca\/fr\/produit\/fil-de-tableau-sis-vw-1\/\"]}]},{\"@type\":\"ImageObject\",\"inLanguage\":\"fr-FR\",\"@id\":\"https:\/\/nationalcablespecialists.ca\/fr\/produit\/fil-de-tableau-sis-vw-1\/#primaryimage\",\"url\":\"https:\/\/nationalcablespecialists.ca\/wp-content\/uploads\/2023\/09\/SIS-Wire-VW-1_500px-2.jpg\",\"contentUrl\":\"https:\/\/nationalcablespecialists.ca\/wp-content\/uploads\/2023\/09\/SIS-Wire-VW-1_500px-2.jpg\",\"width\":500,\"height\":500,\"caption\":\"Drawing 56\"},{\"@type\":\"BreadcrumbList\",\"@id\":\"https:\/\/nationalcablespecialists.ca\/fr\/produit\/fil-de-tableau-sis-vw-1\/#breadcrumb\",\"itemListElement\":[{\"@type\":\"ListItem\",\"position\":1,\"name\":\"Produits\",\"item\":\"https:\/\/nationalcablespecialists.ca\/our-products\/\"},{\"@type\":\"ListItem\",\"position\":2,\"name\":\"Fil de tableau SIS VW-1\"}]},{\"@type\":\"WebSite\",\"@id\":\"https:\/\/nationalcablespecialists.ca\/fr\/#website\",\"url\":\"https:\/\/nationalcablespecialists.ca\/fr\/\",\"name\":\"National Cable Specialists\",\"description\":\"\",\"publisher\":{\"@id\":\"https:\/\/nationalcablespecialists.ca\/fr\/#organization\"},\"potentialAction\":[{\"@type\":\"SearchAction\",\"target\":{\"@type\":\"EntryPoint\",\"urlTemplate\":\"https:\/\/nationalcablespecialists.ca\/fr\/?s={search_term_string}\"},\"query-input\":{\"@type\":\"PropertyValueSpecification\",\"valueRequired\":true,\"valueName\":\"search_term_string\"}}],\"inLanguage\":\"fr-FR\"},{\"@type\":\"Organization\",\"@id\":\"https:\/\/nationalcablespecialists.ca\/fr\/#organization\",\"name\":\"National Cable Specialists\",\"url\":\"https:\/\/nationalcablespecialists.ca\/fr\/\",\"logo\":{\"@type\":\"ImageObject\",\"inLanguage\":\"fr-FR\",\"@id\":\"https:\/\/nationalcablespecialists.ca\/fr\/#\/schema\/logo\/image\/\",\"url\":\"https:\/\/nationalcablespecialists.ca\/wp-content\/uploads\/2023\/01\/NCS_Lrg_Logo.png\",\"contentUrl\":\"https:\/\/nationalcablespecialists.ca\/wp-content\/uploads\/2023\/01\/NCS_Lrg_Logo.png\",\"width\":1600,\"height\":840,\"caption\":\"National Cable Specialists\"},\"image\":{\"@id\":\"https:\/\/nationalcablespecialists.ca\/fr\/#\/schema\/logo\/image\/\"}}]}<\/script>\n<!-- \/ Yoast SEO plugin. -->","yoast_head_json":{"title":"Fil de tableau SIS VW-1 - National Cable Specialists","description":"National Cable Specialists carries a selection of Fil de tableau SIS VW-1 for sale. Visit our website to learn more information.","robots":{"index":"index","follow":"follow","max-snippet":"max-snippet:-1","max-image-preview":"max-image-preview:large","max-video-preview":"max-video-preview:-1"},"canonical":"https:\/\/nationalcablespecialists.ca\/fr\/produit\/fil-de-tableau-sis-vw-1\/","og_locale":"fr_FR","og_type":"article","og_title":"Fil de tableau SIS VW-1 - National Cable Specialists","og_description":"National Cable Specialists carries a selection of Fil de tableau SIS VW-1 for sale. Visit our website to learn more information.","og_url":"https:\/\/nationalcablespecialists.ca\/fr\/produit\/fil-de-tableau-sis-vw-1\/","og_site_name":"National Cable Specialists","article_modified_time":"2024-01-23T18:51:22+00:00","og_image":[{"width":500,"height":500,"url":"https:\/\/nationalcablespecialists.ca\/wp-content\/uploads\/2023\/09\/SIS-Wire-VW-1_500px-2.jpg","type":"image\/jpeg"}],"twitter_card":"summary_large_image","schema":{"@context":"https:\/\/schema.org","@graph":[{"@type":"WebPage","@id":"https:\/\/nationalcablespecialists.ca\/fr\/produit\/fil-de-tableau-sis-vw-1\/","url":"https:\/\/nationalcablespecialists.ca\/fr\/produit\/fil-de-tableau-sis-vw-1\/","name":"Fil de tableau SIS VW-1 - National Cable Specialists","isPartOf":{"@id":"https:\/\/nationalcablespecialists.ca\/fr\/#website"},"primaryImageOfPage":{"@id":"https:\/\/nationalcablespecialists.ca\/fr\/produit\/fil-de-tableau-sis-vw-1\/#primaryimage"},"image":{"@id":"https:\/\/nationalcablespecialists.ca\/fr\/produit\/fil-de-tableau-sis-vw-1\/#primaryimage"},"thumbnailUrl":"https:\/\/nationalcablespecialists.ca\/wp-content\/uploads\/2023\/09\/SIS-Wire-VW-1_500px-2.jpg","datePublished":"2023-09-15T21:28:25+00:00","dateModified":"2024-01-23T18:51:22+00:00","description":"National Cable Specialists carries a selection of Fil de tableau SIS VW-1 for sale. Visit our website to learn more information.","breadcrumb":{"@id":"https:\/\/nationalcablespecialists.ca\/fr\/produit\/fil-de-tableau-sis-vw-1\/#breadcrumb"},"inLanguage":"fr-FR","potentialAction":[{"@type":"ReadAction","target":["https:\/\/nationalcablespecialists.ca\/fr\/produit\/fil-de-tableau-sis-vw-1\/"]}]},{"@type":"ImageObject","inLanguage":"fr-FR","@id":"https:\/\/nationalcablespecialists.ca\/fr\/produit\/fil-de-tableau-sis-vw-1\/#primaryimage","url":"https:\/\/nationalcablespecialists.ca\/wp-content\/uploads\/2023\/09\/SIS-Wire-VW-1_500px-2.jpg","contentUrl":"https:\/\/nationalcablespecialists.ca\/wp-content\/uploads\/2023\/09\/SIS-Wire-VW-1_500px-2.jpg","width":500,"height":500,"caption":"Drawing 56"},{"@type":"BreadcrumbList","@id":"https:\/\/nationalcablespecialists.ca\/fr\/produit\/fil-de-tableau-sis-vw-1\/#breadcrumb","itemListElement":[{"@type":"ListItem","position":1,"name":"Produits","item":"https:\/\/nationalcablespecialists.ca\/our-products\/"},{"@type":"ListItem","position":2,"name":"Fil de tableau SIS VW-1"}]},{"@type":"WebSite","@id":"https:\/\/nationalcablespecialists.ca\/fr\/#website","url":"https:\/\/nationalcablespecialists.ca\/fr\/","name":"National Cable Specialists","description":"","publisher":{"@id":"https:\/\/nationalcablespecialists.ca\/fr\/#organization"},"potentialAction":[{"@type":"SearchAction","target":{"@type":"EntryPoint","urlTemplate":"https:\/\/nationalcablespecialists.ca\/fr\/?s={search_term_string}"},"query-input":{"@type":"PropertyValueSpecification","valueRequired":true,"valueName":"search_term_string"}}],"inLanguage":"fr-FR"},{"@type":"Organization","@id":"https:\/\/nationalcablespecialists.ca\/fr\/#organization","name":"National Cable Specialists","url":"https:\/\/nationalcablespecialists.ca\/fr\/","logo":{"@type":"ImageObject","inLanguage":"fr-FR","@id":"https:\/\/nationalcablespecialists.ca\/fr\/#\/schema\/logo\/image\/","url":"https:\/\/nationalcablespecialists.ca\/wp-content\/uploads\/2023\/01\/NCS_Lrg_Logo.png","contentUrl":"https:\/\/nationalcablespecialists.ca\/wp-content\/uploads\/2023\/01\/NCS_Lrg_Logo.png","width":1600,"height":840,"caption":"National Cable Specialists"},"image":{"@id":"https:\/\/nationalcablespecialists.ca\/fr\/#\/schema\/logo\/image\/"}}]}},"_links":{"self":[{"href":"https:\/\/nationalcablespecialists.ca\/fr\/wp-json\/wp\/v2\/product\/23309","targetHints":{"allow":["GET"]}}],"collection":[{"href":"https:\/\/nationalcablespecialists.ca\/fr\/wp-json\/wp\/v2\/product"}],"about":[{"href":"https:\/\/nationalcablespecialists.ca\/fr\/wp-json\/wp\/v2\/types\/product"}],"replies":[{"embeddable":true,"href":"https:\/\/nationalcablespecialists.ca\/fr\/wp-json\/wp\/v2\/comments?post=23309"}],"wp:featuredmedia":[{"embeddable":true,"href":"https:\/\/nationalcablespecialists.ca\/fr\/wp-json\/wp\/v2\/media\/21214"}],"wp:attachment":[{"href":"https:\/\/nationalcablespecialists.ca\/fr\/wp-json\/wp\/v2\/media?parent=23309"}],"wp:term":[{"taxonomy":"product_brand","embeddable":true,"href":"https:\/\/nationalcablespecialists.ca\/fr\/wp-json\/wp\/v2\/product_brand?post=23309"},{"taxonomy":"product_cat","embeddable":true,"href":"https:\/\/nationalcablespecialists.ca\/fr\/wp-json\/wp\/v2\/product_cat?post=23309"},{"taxonomy":"product_tag","embeddable":true,"href":"https:\/\/nationalcablespecialists.ca\/fr\/wp-json\/wp\/v2\/product_tag?post=23309"},{"taxonomy":"application","embeddable":true,"href":"https:\/\/nationalcablespecialists.ca\/fr\/wp-json\/wp\/v2\/application?post=23309"},{"taxonomy":"voltage-rating","embeddable":true,"href":"https:\/\/nationalcablespecialists.ca\/fr\/wp-json\/wp\/v2\/voltage-rating?post=23309"},{"taxonomy":"jacket-material","embeddable":true,"href":"https:\/\/nationalcablespecialists.ca\/fr\/wp-json\/wp\/v2\/jacket-material?post=23309"},{"taxonomy":"insulation-material","embeddable":true,"href":"https:\/\/nationalcablespecialists.ca\/fr\/wp-json\/wp\/v2\/insulation-material?post=23309"},{"taxonomy":"conductor-material","embeddable":true,"href":"https:\/\/nationalcablespecialists.ca\/fr\/wp-json\/wp\/v2\/conductor-material?post=23309"},{"taxonomy":"wire-gauge","embeddable":true,"href":"https:\/\/nationalcablespecialists.ca\/fr\/wp-json\/wp\/v2\/wire-gauge?post=23309"},{"taxonomy":"conductor","embeddable":true,"href":"https:\/\/nationalcablespecialists.ca\/fr\/wp-json\/wp\/v2\/conductor?post=23309"}],"curies":[{"name":"wp","href":"https:\/\/api.w.org\/{rel}","templated":true}]}}