{"id":23215,"date":"2023-09-15T14:27:39","date_gmt":"2023-09-15T21:27:39","guid":{"rendered":"https:\/\/nationalcablespecialists.ca\/product\/plenum-de-cable-cat3-utp-cmp-categorie\/"},"modified":"2024-01-23T10:48:59","modified_gmt":"2024-01-23T18:48:59","slug":"plenum-de-cable-cat3-utp-cmp-categorie","status":"publish","type":"product","link":"https:\/\/nationalcablespecialists.ca\/fr\/produit\/plenum-de-cable-cat3-utp-cmp-categorie\/","title":{"rendered":"Pl\u00e9num de c\u00e2ble Cat3 UTP CMP Cat\u00e9gorie"},"content":{"rendered":"<div><strong>Description du produit<\/strong> Utilis\u00e9 pour les communications vocales et de donn\u00e9es pour des bandes passantes allant jusqu\u2019\u00e0 16 MHz. D\u2019autres utilisations de ces c\u00e2bles incluent l\u2019utilisation \u00e0 l\u2019int\u00e9rieur chez le client pour l\u2019interconnexion des syst\u00e8mes de cl\u00e9s t\u00e9l\u00e9phoniques, des PBX et des syst\u00e8mes d\u2019interphonie.<\/div>\n<div>Conducteur Cuivre recuit massif<\/div>\n<div><strong>Isolation<\/strong> Thermoplastique<\/div>\n<div><strong>Veste<\/strong> Ignifuge, faible d\u00e9gagement de fum\u00e9e PVC Gris ou Blanc<\/div>\n<div><strong>Code couleur<\/strong> 5<\/div>\n<div><strong>Approbations<\/strong><\/div>\n<div>R\u00e9f. UL444<\/div>\n<div>Homologu\u00e9 UL CMP (NFPA 262)<\/div>\n<div>ANSI\/TIA\/EIA-568-B.2 CAT 3<\/div>\n<div>ANSI\/TIA-568-C.2<\/div>\n<div>Conforme \u00e0 la directive RoHS<\/div>\n<div><strong>Applications<\/strong> L\u2019utilisation pour les communications vocales et de donn\u00e9es comprend \u00e9galement l\u2019utilisation \u00e0 l\u2019int\u00e9rieur dans les locaux du client pour l\u2019interconnexion des syst\u00e8mes de cl\u00e9s t\u00e9l\u00e9phoniques, des PBX et des syst\u00e8mes d\u2019interphonie.<\/div>\n","protected":false},"excerpt":{"rendered":"<p>Description du produit Utilis\u00e9 pour les communications vocales et de donn\u00e9es pour des bandes passantes allant jusqu\u2019\u00e0 16 MHz. D\u2019autres utilisations de ces c\u00e2bles incluent l\u2019utilisation \u00e0 l\u2019int\u00e9rieur chez le client pour l\u2019interconnexion des syst\u00e8mes de cl\u00e9s t\u00e9l\u00e9phoniques, des PBX et des syst\u00e8mes d\u2019interphonie. Conducteur Cuivre recuit massif Isolation Thermoplastique Veste Ignifuge, faible d\u00e9gagement de [&hellip;]<\/p>\n","protected":false},"featured_media":21140,"comment_status":"open","ping_status":"closed","template":"","meta":{"_acf_changed":false},"product_brand":[],"product_cat":[771],"product_tag":[782],"application":[794,788,786,791],"voltage-rating":[],"jacket-material":[694],"insulation-material":[776],"conductor-material":[697],"wire-gauge":[774],"conductor":[801,803,797,802,752,799],"class_list":{"0":"post-23215","1":"product","2":"type-product","3":"status-publish","4":"has-post-thumbnail","6":"product_cat-cable-de-plenum","7":"product_tag-categorie-3","8":"application-donnees","9":"application-interphone","10":"application-telephone-fr","11":"application-voix","12":"jacket-material-chlorure-de-polyvinyle","13":"insulation-material-thermoplastique","14":"conductor-material-cuivre-nu-massif","15":"wire-gauge-24-awg-fr","16":"conductor-100-paires","17":"conductor-200-paires","18":"conductor-25-paires","19":"conductor-3-paires","20":"conductor-4-paires","21":"conductor-50-paires","23":"first","24":"instock","25":"shipping-taxable","26":"purchasable","27":"product-type-variable"},"acf":[],"yoast_head":"<!-- This site is optimized with the Yoast SEO plugin v27.5 - https:\/\/yoast.com\/product\/yoast-seo-wordpress\/ -->\n<title>Pl\u00e9num de c\u00e2ble Cat3 UTP CMP Cat\u00e9gorie - National Cable Specialists<\/title>\n<meta name=\"description\" content=\"National Cable Specialists carries a selection of Pl\u00e9num de c\u00e2ble Cat3 UTP CMP Cat\u00e9gorie for sale. Visit our website to learn more information.\" \/>\n<meta name=\"robots\" content=\"index, follow, max-snippet:-1, max-image-preview:large, max-video-preview:-1\" \/>\n<link rel=\"canonical\" href=\"https:\/\/nationalcablespecialists.ca\/fr\/produit\/plenum-de-cable-cat3-utp-cmp-categorie\/\" \/>\n<meta property=\"og:locale\" content=\"fr_FR\" \/>\n<meta property=\"og:type\" content=\"article\" \/>\n<meta property=\"og:title\" content=\"Pl\u00e9num de c\u00e2ble Cat3 UTP CMP Cat\u00e9gorie - National Cable Specialists\" \/>\n<meta property=\"og:description\" content=\"National Cable Specialists carries a selection of Pl\u00e9num de c\u00e2ble Cat3 UTP CMP Cat\u00e9gorie for sale. Visit our website to learn more information.\" \/>\n<meta property=\"og:url\" content=\"https:\/\/nationalcablespecialists.ca\/fr\/produit\/plenum-de-cable-cat3-utp-cmp-categorie\/\" \/>\n<meta property=\"og:site_name\" content=\"National Cable Specialists\" \/>\n<meta property=\"article:modified_time\" content=\"2024-01-23T18:48:59+00:00\" \/>\n<meta property=\"og:image\" content=\"https:\/\/nationalcablespecialists.ca\/wp-content\/uploads\/2023\/09\/Category-3-UTP-CMP-PLENUM_500px-3.jpg\" \/>\n\t<meta property=\"og:image:width\" content=\"500\" \/>\n\t<meta property=\"og:image:height\" content=\"500\" \/>\n\t<meta property=\"og:image:type\" content=\"image\/jpeg\" \/>\n<meta name=\"twitter:card\" content=\"summary_large_image\" \/>\n<meta name=\"twitter:label1\" content=\"Dur\u00e9e de lecture estim\u00e9e\" \/>\n\t<meta name=\"twitter:data1\" content=\"1 minute\" \/>\n<script type=\"application\/ld+json\" class=\"yoast-schema-graph\">{\"@context\":\"https:\\\/\\\/schema.org\",\"@graph\":[{\"@type\":\"WebPage\",\"@id\":\"https:\\\/\\\/nationalcablespecialists.ca\\\/fr\\\/produit\\\/plenum-de-cable-cat3-utp-cmp-categorie\\\/\",\"url\":\"https:\\\/\\\/nationalcablespecialists.ca\\\/fr\\\/produit\\\/plenum-de-cable-cat3-utp-cmp-categorie\\\/\",\"name\":\"Pl\u00e9num de c\u00e2ble Cat3 UTP CMP Cat\u00e9gorie - National Cable Specialists\",\"isPartOf\":{\"@id\":\"https:\\\/\\\/nationalcablespecialists.ca\\\/fr\\\/#website\"},\"primaryImageOfPage\":{\"@id\":\"https:\\\/\\\/nationalcablespecialists.ca\\\/fr\\\/produit\\\/plenum-de-cable-cat3-utp-cmp-categorie\\\/#primaryimage\"},\"image\":{\"@id\":\"https:\\\/\\\/nationalcablespecialists.ca\\\/fr\\\/produit\\\/plenum-de-cable-cat3-utp-cmp-categorie\\\/#primaryimage\"},\"thumbnailUrl\":\"https:\\\/\\\/nationalcablespecialists.ca\\\/wp-content\\\/uploads\\\/2023\\\/09\\\/Category-3-UTP-CMP-PLENUM_500px-3.jpg\",\"datePublished\":\"2023-09-15T21:27:39+00:00\",\"dateModified\":\"2024-01-23T18:48:59+00:00\",\"description\":\"National Cable Specialists carries a selection of Pl\u00e9num de c\u00e2ble Cat3 UTP CMP Cat\u00e9gorie for sale. Visit our website to learn more information.\",\"breadcrumb\":{\"@id\":\"https:\\\/\\\/nationalcablespecialists.ca\\\/fr\\\/produit\\\/plenum-de-cable-cat3-utp-cmp-categorie\\\/#breadcrumb\"},\"inLanguage\":\"fr-FR\",\"potentialAction\":[{\"@type\":\"ReadAction\",\"target\":[\"https:\\\/\\\/nationalcablespecialists.ca\\\/fr\\\/produit\\\/plenum-de-cable-cat3-utp-cmp-categorie\\\/\"]}]},{\"@type\":\"ImageObject\",\"inLanguage\":\"fr-FR\",\"@id\":\"https:\\\/\\\/nationalcablespecialists.ca\\\/fr\\\/produit\\\/plenum-de-cable-cat3-utp-cmp-categorie\\\/#primaryimage\",\"url\":\"https:\\\/\\\/nationalcablespecialists.ca\\\/wp-content\\\/uploads\\\/2023\\\/09\\\/Category-3-UTP-CMP-PLENUM_500px-3.jpg\",\"contentUrl\":\"https:\\\/\\\/nationalcablespecialists.ca\\\/wp-content\\\/uploads\\\/2023\\\/09\\\/Category-3-UTP-CMP-PLENUM_500px-3.jpg\",\"width\":500,\"height\":500,\"caption\":\"Drawing 54\"},{\"@type\":\"BreadcrumbList\",\"@id\":\"https:\\\/\\\/nationalcablespecialists.ca\\\/fr\\\/produit\\\/plenum-de-cable-cat3-utp-cmp-categorie\\\/#breadcrumb\",\"itemListElement\":[{\"@type\":\"ListItem\",\"position\":1,\"name\":\"Produits\",\"item\":\"https:\\\/\\\/nationalcablespecialists.ca\\\/our-products\\\/\"},{\"@type\":\"ListItem\",\"position\":2,\"name\":\"Pl\u00e9num de c\u00e2ble Cat3 UTP CMP Cat\u00e9gorie\"}]},{\"@type\":\"WebSite\",\"@id\":\"https:\\\/\\\/nationalcablespecialists.ca\\\/fr\\\/#website\",\"url\":\"https:\\\/\\\/nationalcablespecialists.ca\\\/fr\\\/\",\"name\":\"National Cable Specialists\",\"description\":\"\",\"publisher\":{\"@id\":\"https:\\\/\\\/nationalcablespecialists.ca\\\/fr\\\/#organization\"},\"potentialAction\":[{\"@type\":\"SearchAction\",\"target\":{\"@type\":\"EntryPoint\",\"urlTemplate\":\"https:\\\/\\\/nationalcablespecialists.ca\\\/fr\\\/?s={search_term_string}\"},\"query-input\":{\"@type\":\"PropertyValueSpecification\",\"valueRequired\":true,\"valueName\":\"search_term_string\"}}],\"inLanguage\":\"fr-FR\"},{\"@type\":\"Organization\",\"@id\":\"https:\\\/\\\/nationalcablespecialists.ca\\\/fr\\\/#organization\",\"name\":\"National Cable Specialists\",\"url\":\"https:\\\/\\\/nationalcablespecialists.ca\\\/fr\\\/\",\"logo\":{\"@type\":\"ImageObject\",\"inLanguage\":\"fr-FR\",\"@id\":\"https:\\\/\\\/nationalcablespecialists.ca\\\/fr\\\/#\\\/schema\\\/logo\\\/image\\\/\",\"url\":\"https:\\\/\\\/nationalcablespecialists.ca\\\/wp-content\\\/uploads\\\/2023\\\/01\\\/NCS_Lrg_Logo.png\",\"contentUrl\":\"https:\\\/\\\/nationalcablespecialists.ca\\\/wp-content\\\/uploads\\\/2023\\\/01\\\/NCS_Lrg_Logo.png\",\"width\":1600,\"height\":840,\"caption\":\"National Cable Specialists\"},\"image\":{\"@id\":\"https:\\\/\\\/nationalcablespecialists.ca\\\/fr\\\/#\\\/schema\\\/logo\\\/image\\\/\"}}]}<\/script>\n<!-- \/ Yoast SEO plugin. -->","yoast_head_json":{"title":"Pl\u00e9num de c\u00e2ble Cat3 UTP CMP Cat\u00e9gorie - National Cable Specialists","description":"National Cable Specialists carries a selection of Pl\u00e9num de c\u00e2ble Cat3 UTP CMP Cat\u00e9gorie for sale. Visit our website to learn more information.","robots":{"index":"index","follow":"follow","max-snippet":"max-snippet:-1","max-image-preview":"max-image-preview:large","max-video-preview":"max-video-preview:-1"},"canonical":"https:\/\/nationalcablespecialists.ca\/fr\/produit\/plenum-de-cable-cat3-utp-cmp-categorie\/","og_locale":"fr_FR","og_type":"article","og_title":"Pl\u00e9num de c\u00e2ble Cat3 UTP CMP Cat\u00e9gorie - National Cable Specialists","og_description":"National Cable Specialists carries a selection of Pl\u00e9num de c\u00e2ble Cat3 UTP CMP Cat\u00e9gorie for sale. Visit our website to learn more information.","og_url":"https:\/\/nationalcablespecialists.ca\/fr\/produit\/plenum-de-cable-cat3-utp-cmp-categorie\/","og_site_name":"National Cable Specialists","article_modified_time":"2024-01-23T18:48:59+00:00","og_image":[{"width":500,"height":500,"url":"https:\/\/nationalcablespecialists.ca\/wp-content\/uploads\/2023\/09\/Category-3-UTP-CMP-PLENUM_500px-3.jpg","type":"image\/jpeg"}],"twitter_card":"summary_large_image","twitter_misc":{"Dur\u00e9e de lecture estim\u00e9e":"1 minute"},"schema":{"@context":"https:\/\/schema.org","@graph":[{"@type":"WebPage","@id":"https:\/\/nationalcablespecialists.ca\/fr\/produit\/plenum-de-cable-cat3-utp-cmp-categorie\/","url":"https:\/\/nationalcablespecialists.ca\/fr\/produit\/plenum-de-cable-cat3-utp-cmp-categorie\/","name":"Pl\u00e9num de c\u00e2ble Cat3 UTP CMP Cat\u00e9gorie - National Cable Specialists","isPartOf":{"@id":"https:\/\/nationalcablespecialists.ca\/fr\/#website"},"primaryImageOfPage":{"@id":"https:\/\/nationalcablespecialists.ca\/fr\/produit\/plenum-de-cable-cat3-utp-cmp-categorie\/#primaryimage"},"image":{"@id":"https:\/\/nationalcablespecialists.ca\/fr\/produit\/plenum-de-cable-cat3-utp-cmp-categorie\/#primaryimage"},"thumbnailUrl":"https:\/\/nationalcablespecialists.ca\/wp-content\/uploads\/2023\/09\/Category-3-UTP-CMP-PLENUM_500px-3.jpg","datePublished":"2023-09-15T21:27:39+00:00","dateModified":"2024-01-23T18:48:59+00:00","description":"National Cable Specialists carries a selection of Pl\u00e9num de c\u00e2ble Cat3 UTP CMP Cat\u00e9gorie for sale. Visit our website to learn more information.","breadcrumb":{"@id":"https:\/\/nationalcablespecialists.ca\/fr\/produit\/plenum-de-cable-cat3-utp-cmp-categorie\/#breadcrumb"},"inLanguage":"fr-FR","potentialAction":[{"@type":"ReadAction","target":["https:\/\/nationalcablespecialists.ca\/fr\/produit\/plenum-de-cable-cat3-utp-cmp-categorie\/"]}]},{"@type":"ImageObject","inLanguage":"fr-FR","@id":"https:\/\/nationalcablespecialists.ca\/fr\/produit\/plenum-de-cable-cat3-utp-cmp-categorie\/#primaryimage","url":"https:\/\/nationalcablespecialists.ca\/wp-content\/uploads\/2023\/09\/Category-3-UTP-CMP-PLENUM_500px-3.jpg","contentUrl":"https:\/\/nationalcablespecialists.ca\/wp-content\/uploads\/2023\/09\/Category-3-UTP-CMP-PLENUM_500px-3.jpg","width":500,"height":500,"caption":"Drawing 54"},{"@type":"BreadcrumbList","@id":"https:\/\/nationalcablespecialists.ca\/fr\/produit\/plenum-de-cable-cat3-utp-cmp-categorie\/#breadcrumb","itemListElement":[{"@type":"ListItem","position":1,"name":"Produits","item":"https:\/\/nationalcablespecialists.ca\/our-products\/"},{"@type":"ListItem","position":2,"name":"Pl\u00e9num de c\u00e2ble Cat3 UTP CMP Cat\u00e9gorie"}]},{"@type":"WebSite","@id":"https:\/\/nationalcablespecialists.ca\/fr\/#website","url":"https:\/\/nationalcablespecialists.ca\/fr\/","name":"National Cable Specialists","description":"","publisher":{"@id":"https:\/\/nationalcablespecialists.ca\/fr\/#organization"},"potentialAction":[{"@type":"SearchAction","target":{"@type":"EntryPoint","urlTemplate":"https:\/\/nationalcablespecialists.ca\/fr\/?s={search_term_string}"},"query-input":{"@type":"PropertyValueSpecification","valueRequired":true,"valueName":"search_term_string"}}],"inLanguage":"fr-FR"},{"@type":"Organization","@id":"https:\/\/nationalcablespecialists.ca\/fr\/#organization","name":"National Cable Specialists","url":"https:\/\/nationalcablespecialists.ca\/fr\/","logo":{"@type":"ImageObject","inLanguage":"fr-FR","@id":"https:\/\/nationalcablespecialists.ca\/fr\/#\/schema\/logo\/image\/","url":"https:\/\/nationalcablespecialists.ca\/wp-content\/uploads\/2023\/01\/NCS_Lrg_Logo.png","contentUrl":"https:\/\/nationalcablespecialists.ca\/wp-content\/uploads\/2023\/01\/NCS_Lrg_Logo.png","width":1600,"height":840,"caption":"National Cable Specialists"},"image":{"@id":"https:\/\/nationalcablespecialists.ca\/fr\/#\/schema\/logo\/image\/"}}]}},"_links":{"self":[{"href":"https:\/\/nationalcablespecialists.ca\/fr\/wp-json\/wp\/v2\/product\/23215","targetHints":{"allow":["GET"]}}],"collection":[{"href":"https:\/\/nationalcablespecialists.ca\/fr\/wp-json\/wp\/v2\/product"}],"about":[{"href":"https:\/\/nationalcablespecialists.ca\/fr\/wp-json\/wp\/v2\/types\/product"}],"replies":[{"embeddable":true,"href":"https:\/\/nationalcablespecialists.ca\/fr\/wp-json\/wp\/v2\/comments?post=23215"}],"wp:featuredmedia":[{"embeddable":true,"href":"https:\/\/nationalcablespecialists.ca\/fr\/wp-json\/wp\/v2\/media\/21140"}],"wp:attachment":[{"href":"https:\/\/nationalcablespecialists.ca\/fr\/wp-json\/wp\/v2\/media?parent=23215"}],"wp:term":[{"taxonomy":"product_brand","embeddable":true,"href":"https:\/\/nationalcablespecialists.ca\/fr\/wp-json\/wp\/v2\/product_brand?post=23215"},{"taxonomy":"product_cat","embeddable":true,"href":"https:\/\/nationalcablespecialists.ca\/fr\/wp-json\/wp\/v2\/product_cat?post=23215"},{"taxonomy":"product_tag","embeddable":true,"href":"https:\/\/nationalcablespecialists.ca\/fr\/wp-json\/wp\/v2\/product_tag?post=23215"},{"taxonomy":"application","embeddable":true,"href":"https:\/\/nationalcablespecialists.ca\/fr\/wp-json\/wp\/v2\/application?post=23215"},{"taxonomy":"voltage-rating","embeddable":true,"href":"https:\/\/nationalcablespecialists.ca\/fr\/wp-json\/wp\/v2\/voltage-rating?post=23215"},{"taxonomy":"jacket-material","embeddable":true,"href":"https:\/\/nationalcablespecialists.ca\/fr\/wp-json\/wp\/v2\/jacket-material?post=23215"},{"taxonomy":"insulation-material","embeddable":true,"href":"https:\/\/nationalcablespecialists.ca\/fr\/wp-json\/wp\/v2\/insulation-material?post=23215"},{"taxonomy":"conductor-material","embeddable":true,"href":"https:\/\/nationalcablespecialists.ca\/fr\/wp-json\/wp\/v2\/conductor-material?post=23215"},{"taxonomy":"wire-gauge","embeddable":true,"href":"https:\/\/nationalcablespecialists.ca\/fr\/wp-json\/wp\/v2\/wire-gauge?post=23215"},{"taxonomy":"conductor","embeddable":true,"href":"https:\/\/nationalcablespecialists.ca\/fr\/wp-json\/wp\/v2\/conductor?post=23215"}],"curies":[{"name":"wp","href":"https:\/\/api.w.org\/{rel}","templated":true}]}}