{"id":23206,"date":"2023-09-15T14:28:51","date_gmt":"2023-09-15T21:28:51","guid":{"rendered":"https:\/\/nationalcablespecialists.ca\/product\/nspec-cat5e-cmr-100-mhz\/"},"modified":"2024-01-23T14:51:50","modified_gmt":"2024-01-23T22:51:50","slug":"nspec-cat5e-cmr-100-mhz","status":"publish","type":"product","link":"https:\/\/nationalcablespecialists.ca\/fr\/produit\/nspec-cat5e-cmr-100-mhz\/","title":{"rendered":"NSPEC Cat5e CMR 100 Mhz"},"content":{"rendered":"<div><strong>Description<\/strong> Le NSPEC Cat 5E offre un rapport qualit\u00e9-prix imbattable, car ce c\u00e2ble enti\u00e8rement conforme \u00e0 la norme TIA\/EIA 568-B.2 est propos\u00e9 \u00e0 un prix tr\u00e8s pratique. NSPEC Cat 5E utilise le marquage de s\u00e9quence de compte \u00e0 rebours et est livr\u00e9 dans une bo\u00eete durable avec des caract\u00e9ristiques sp\u00e9ciales pour une installation rapide et sans effort.<\/div>\n<div><strong>Conducteur<\/strong> Cuivre nu massif<\/div>\n<div><strong>Isolation<\/strong> Thermoplastique<\/div>\n<div><strong>Veste<\/strong> Ignifuge, polychlorure de vinyle (PVC)<\/div>\n<div><strong>Conformit\u00e9<\/strong><\/div>\n<div>V\u00e9rifi\u00e9 UL, UL 444, Homologu\u00e9 UL CMR (UL 1666),<\/div>\n<div>ISO\/CEI 11801, ANSI\/TIA\/EIA 568-A,<\/div>\n<div>ANSI\/TIA\/EIA 586-B.2, ANIS\/TIA 568-C.2,<\/div>\n<div>Conforme \u00e0 la norme ANSI\/ICEA S-90-661-2002, RoHS<\/div>\n<div><strong>Applications<\/strong><\/div>\n<div>Ethernet 10BASE-T \u00e0 1000BASE-T<\/div>\n<div>Guichet automatique et anneau \u00e0 jetons<\/div>\n","protected":false},"excerpt":{"rendered":"<p>Description Le NSPEC Cat 5E offre un rapport qualit\u00e9-prix imbattable, car ce c\u00e2ble enti\u00e8rement conforme \u00e0 la norme TIA\/EIA 568-B.2 est propos\u00e9 \u00e0 un prix tr\u00e8s pratique. NSPEC Cat 5E utilise le marquage de s\u00e9quence de compte \u00e0 rebours et est livr\u00e9 dans une bo\u00eete durable avec des caract\u00e9ristiques sp\u00e9ciales pour une installation rapide et [&hellip;]<\/p>\n","protected":false},"featured_media":21252,"comment_status":"closed","ping_status":"closed","template":"","meta":{"_acf_changed":false},"product_brand":[],"product_cat":[754,742],"product_tag":[775,747,693],"application":[745],"voltage-rating":[],"jacket-material":[694],"insulation-material":[776],"conductor-material":[697],"wire-gauge":[774],"conductor":[752],"class_list":{"0":"post-23206","1":"product","2":"type-product","3":"status-publish","4":"has-post-thumbnail","6":"product_cat-cables-datacom","7":"product_cat-cables-de-donnees","8":"product_tag-cat5e-fr","9":"product_tag-elevateur","10":"product_tag-nspec-en-anglais-seulement","11":"application-ethernet-fr","12":"jacket-material-chlorure-de-polyvinyle","13":"insulation-material-thermoplastique","14":"conductor-material-cuivre-nu-massif","15":"wire-gauge-24-awg-fr","16":"conductor-4-paires","18":"first","19":"instock","20":"shipping-taxable","21":"purchasable","22":"product-type-variable"},"acf":[],"yoast_head":"<!-- This site is optimized with the Yoast SEO plugin v26.2 - https:\/\/yoast.com\/wordpress\/plugins\/seo\/ -->\n<title>NSPEC Cat5e CMR 100 Mhz - National Cable Specialists<\/title>\n<meta name=\"description\" content=\"National Cable Specialists carries a selection of NSPEC Cat5e CMR 100 Mhz for sale. Visit our website to learn more information.\" \/>\n<meta name=\"robots\" content=\"index, follow, max-snippet:-1, max-image-preview:large, max-video-preview:-1\" \/>\n<link rel=\"canonical\" href=\"https:\/\/nationalcablespecialists.ca\/fr\/produit\/nspec-cat5e-cmr-100-mhz\/\" \/>\n<meta property=\"og:locale\" content=\"fr_FR\" \/>\n<meta property=\"og:type\" content=\"article\" \/>\n<meta property=\"og:title\" content=\"NSPEC Cat5e CMR 100 Mhz - National Cable Specialists\" \/>\n<meta property=\"og:description\" content=\"National Cable Specialists carries a selection of NSPEC Cat5e CMR 100 Mhz for sale. Visit our website to learn more information.\" \/>\n<meta property=\"og:url\" content=\"https:\/\/nationalcablespecialists.ca\/fr\/produit\/nspec-cat5e-cmr-100-mhz\/\" \/>\n<meta property=\"og:site_name\" content=\"National Cable Specialists\" \/>\n<meta property=\"article:modified_time\" content=\"2024-01-23T22:51:50+00:00\" \/>\n<meta property=\"og:image\" content=\"https:\/\/nationalcablespecialists.ca\/wp-content\/uploads\/2023\/09\/NSPEC-CAT-5E-CMR-350mhz-PLENUM_500px-1-3.jpg\" \/>\n\t<meta property=\"og:image:width\" content=\"500\" \/>\n\t<meta property=\"og:image:height\" content=\"500\" \/>\n\t<meta property=\"og:image:type\" content=\"image\/jpeg\" \/>\n<meta name=\"twitter:card\" content=\"summary_large_image\" \/>\n<meta name=\"twitter:label1\" content=\"Dur\u00e9e de lecture estim\u00e9e\" \/>\n\t<meta name=\"twitter:data1\" content=\"1 minute\" \/>\n<script type=\"application\/ld+json\" class=\"yoast-schema-graph\">{\"@context\":\"https:\/\/schema.org\",\"@graph\":[{\"@type\":\"WebPage\",\"@id\":\"https:\/\/nationalcablespecialists.ca\/fr\/produit\/nspec-cat5e-cmr-100-mhz\/\",\"url\":\"https:\/\/nationalcablespecialists.ca\/fr\/produit\/nspec-cat5e-cmr-100-mhz\/\",\"name\":\"NSPEC Cat5e CMR 100 Mhz - National Cable Specialists\",\"isPartOf\":{\"@id\":\"https:\/\/nationalcablespecialists.ca\/fr\/#website\"},\"primaryImageOfPage\":{\"@id\":\"https:\/\/nationalcablespecialists.ca\/fr\/produit\/nspec-cat5e-cmr-100-mhz\/#primaryimage\"},\"image\":{\"@id\":\"https:\/\/nationalcablespecialists.ca\/fr\/produit\/nspec-cat5e-cmr-100-mhz\/#primaryimage\"},\"thumbnailUrl\":\"https:\/\/nationalcablespecialists.ca\/wp-content\/uploads\/2023\/09\/NSPEC-CAT-5E-CMR-350mhz-PLENUM_500px-1-3.jpg\",\"datePublished\":\"2023-09-15T21:28:51+00:00\",\"dateModified\":\"2024-01-23T22:51:50+00:00\",\"description\":\"National Cable Specialists carries a selection of NSPEC Cat5e CMR 100 Mhz for sale. Visit our website to learn more information.\",\"breadcrumb\":{\"@id\":\"https:\/\/nationalcablespecialists.ca\/fr\/produit\/nspec-cat5e-cmr-100-mhz\/#breadcrumb\"},\"inLanguage\":\"fr-FR\",\"potentialAction\":[{\"@type\":\"ReadAction\",\"target\":[\"https:\/\/nationalcablespecialists.ca\/fr\/produit\/nspec-cat5e-cmr-100-mhz\/\"]}]},{\"@type\":\"ImageObject\",\"inLanguage\":\"fr-FR\",\"@id\":\"https:\/\/nationalcablespecialists.ca\/fr\/produit\/nspec-cat5e-cmr-100-mhz\/#primaryimage\",\"url\":\"https:\/\/nationalcablespecialists.ca\/wp-content\/uploads\/2023\/09\/NSPEC-CAT-5E-CMR-350mhz-PLENUM_500px-1-3.jpg\",\"contentUrl\":\"https:\/\/nationalcablespecialists.ca\/wp-content\/uploads\/2023\/09\/NSPEC-CAT-5E-CMR-350mhz-PLENUM_500px-1-3.jpg\",\"width\":500,\"height\":500,\"caption\":\"CAT-5E-CMR\"},{\"@type\":\"BreadcrumbList\",\"@id\":\"https:\/\/nationalcablespecialists.ca\/fr\/produit\/nspec-cat5e-cmr-100-mhz\/#breadcrumb\",\"itemListElement\":[{\"@type\":\"ListItem\",\"position\":1,\"name\":\"Produits\",\"item\":\"https:\/\/nationalcablespecialists.ca\/our-products\/\"},{\"@type\":\"ListItem\",\"position\":2,\"name\":\"C\u00e2ble \u00e9lectronique\",\"item\":\"https:\/\/nationalcablespecialists.ca\/fr\/categorie-produit\/cable-electronique\/\"},{\"@type\":\"ListItem\",\"position\":3,\"name\":\"C\u00e2bles de donn\u00e9es\",\"item\":\"https:\/\/nationalcablespecialists.ca\/fr\/categorie-produit\/cable-electronique\/cables-de-donnees\/\"},{\"@type\":\"ListItem\",\"position\":4,\"name\":\"NSPEC Cat5e CMR 100 Mhz\"}]},{\"@type\":\"WebSite\",\"@id\":\"https:\/\/nationalcablespecialists.ca\/fr\/#website\",\"url\":\"https:\/\/nationalcablespecialists.ca\/fr\/\",\"name\":\"National Cable Specialists\",\"description\":\"\",\"publisher\":{\"@id\":\"https:\/\/nationalcablespecialists.ca\/fr\/#organization\"},\"potentialAction\":[{\"@type\":\"SearchAction\",\"target\":{\"@type\":\"EntryPoint\",\"urlTemplate\":\"https:\/\/nationalcablespecialists.ca\/fr\/?s={search_term_string}\"},\"query-input\":{\"@type\":\"PropertyValueSpecification\",\"valueRequired\":true,\"valueName\":\"search_term_string\"}}],\"inLanguage\":\"fr-FR\"},{\"@type\":\"Organization\",\"@id\":\"https:\/\/nationalcablespecialists.ca\/fr\/#organization\",\"name\":\"National Cable Specialists\",\"url\":\"https:\/\/nationalcablespecialists.ca\/fr\/\",\"logo\":{\"@type\":\"ImageObject\",\"inLanguage\":\"fr-FR\",\"@id\":\"https:\/\/nationalcablespecialists.ca\/fr\/#\/schema\/logo\/image\/\",\"url\":\"https:\/\/nationalcablespecialists.ca\/wp-content\/uploads\/2023\/01\/NCS_Lrg_Logo.png\",\"contentUrl\":\"https:\/\/nationalcablespecialists.ca\/wp-content\/uploads\/2023\/01\/NCS_Lrg_Logo.png\",\"width\":1600,\"height\":840,\"caption\":\"National Cable Specialists\"},\"image\":{\"@id\":\"https:\/\/nationalcablespecialists.ca\/fr\/#\/schema\/logo\/image\/\"}}]}<\/script>\n<!-- \/ Yoast SEO plugin. -->","yoast_head_json":{"title":"NSPEC Cat5e CMR 100 Mhz - National Cable Specialists","description":"National Cable Specialists carries a selection of NSPEC Cat5e CMR 100 Mhz for sale. Visit our website to learn more information.","robots":{"index":"index","follow":"follow","max-snippet":"max-snippet:-1","max-image-preview":"max-image-preview:large","max-video-preview":"max-video-preview:-1"},"canonical":"https:\/\/nationalcablespecialists.ca\/fr\/produit\/nspec-cat5e-cmr-100-mhz\/","og_locale":"fr_FR","og_type":"article","og_title":"NSPEC Cat5e CMR 100 Mhz - National Cable Specialists","og_description":"National Cable Specialists carries a selection of NSPEC Cat5e CMR 100 Mhz for sale. Visit our website to learn more information.","og_url":"https:\/\/nationalcablespecialists.ca\/fr\/produit\/nspec-cat5e-cmr-100-mhz\/","og_site_name":"National Cable Specialists","article_modified_time":"2024-01-23T22:51:50+00:00","og_image":[{"width":500,"height":500,"url":"https:\/\/nationalcablespecialists.ca\/wp-content\/uploads\/2023\/09\/NSPEC-CAT-5E-CMR-350mhz-PLENUM_500px-1-3.jpg","type":"image\/jpeg"}],"twitter_card":"summary_large_image","twitter_misc":{"Dur\u00e9e de lecture estim\u00e9e":"1 minute"},"schema":{"@context":"https:\/\/schema.org","@graph":[{"@type":"WebPage","@id":"https:\/\/nationalcablespecialists.ca\/fr\/produit\/nspec-cat5e-cmr-100-mhz\/","url":"https:\/\/nationalcablespecialists.ca\/fr\/produit\/nspec-cat5e-cmr-100-mhz\/","name":"NSPEC Cat5e CMR 100 Mhz - National Cable Specialists","isPartOf":{"@id":"https:\/\/nationalcablespecialists.ca\/fr\/#website"},"primaryImageOfPage":{"@id":"https:\/\/nationalcablespecialists.ca\/fr\/produit\/nspec-cat5e-cmr-100-mhz\/#primaryimage"},"image":{"@id":"https:\/\/nationalcablespecialists.ca\/fr\/produit\/nspec-cat5e-cmr-100-mhz\/#primaryimage"},"thumbnailUrl":"https:\/\/nationalcablespecialists.ca\/wp-content\/uploads\/2023\/09\/NSPEC-CAT-5E-CMR-350mhz-PLENUM_500px-1-3.jpg","datePublished":"2023-09-15T21:28:51+00:00","dateModified":"2024-01-23T22:51:50+00:00","description":"National Cable Specialists carries a selection of NSPEC Cat5e CMR 100 Mhz for sale. Visit our website to learn more information.","breadcrumb":{"@id":"https:\/\/nationalcablespecialists.ca\/fr\/produit\/nspec-cat5e-cmr-100-mhz\/#breadcrumb"},"inLanguage":"fr-FR","potentialAction":[{"@type":"ReadAction","target":["https:\/\/nationalcablespecialists.ca\/fr\/produit\/nspec-cat5e-cmr-100-mhz\/"]}]},{"@type":"ImageObject","inLanguage":"fr-FR","@id":"https:\/\/nationalcablespecialists.ca\/fr\/produit\/nspec-cat5e-cmr-100-mhz\/#primaryimage","url":"https:\/\/nationalcablespecialists.ca\/wp-content\/uploads\/2023\/09\/NSPEC-CAT-5E-CMR-350mhz-PLENUM_500px-1-3.jpg","contentUrl":"https:\/\/nationalcablespecialists.ca\/wp-content\/uploads\/2023\/09\/NSPEC-CAT-5E-CMR-350mhz-PLENUM_500px-1-3.jpg","width":500,"height":500,"caption":"CAT-5E-CMR"},{"@type":"BreadcrumbList","@id":"https:\/\/nationalcablespecialists.ca\/fr\/produit\/nspec-cat5e-cmr-100-mhz\/#breadcrumb","itemListElement":[{"@type":"ListItem","position":1,"name":"Produits","item":"https:\/\/nationalcablespecialists.ca\/our-products\/"},{"@type":"ListItem","position":2,"name":"C\u00e2ble \u00e9lectronique","item":"https:\/\/nationalcablespecialists.ca\/fr\/categorie-produit\/cable-electronique\/"},{"@type":"ListItem","position":3,"name":"C\u00e2bles de donn\u00e9es","item":"https:\/\/nationalcablespecialists.ca\/fr\/categorie-produit\/cable-electronique\/cables-de-donnees\/"},{"@type":"ListItem","position":4,"name":"NSPEC Cat5e CMR 100 Mhz"}]},{"@type":"WebSite","@id":"https:\/\/nationalcablespecialists.ca\/fr\/#website","url":"https:\/\/nationalcablespecialists.ca\/fr\/","name":"National Cable Specialists","description":"","publisher":{"@id":"https:\/\/nationalcablespecialists.ca\/fr\/#organization"},"potentialAction":[{"@type":"SearchAction","target":{"@type":"EntryPoint","urlTemplate":"https:\/\/nationalcablespecialists.ca\/fr\/?s={search_term_string}"},"query-input":{"@type":"PropertyValueSpecification","valueRequired":true,"valueName":"search_term_string"}}],"inLanguage":"fr-FR"},{"@type":"Organization","@id":"https:\/\/nationalcablespecialists.ca\/fr\/#organization","name":"National Cable Specialists","url":"https:\/\/nationalcablespecialists.ca\/fr\/","logo":{"@type":"ImageObject","inLanguage":"fr-FR","@id":"https:\/\/nationalcablespecialists.ca\/fr\/#\/schema\/logo\/image\/","url":"https:\/\/nationalcablespecialists.ca\/wp-content\/uploads\/2023\/01\/NCS_Lrg_Logo.png","contentUrl":"https:\/\/nationalcablespecialists.ca\/wp-content\/uploads\/2023\/01\/NCS_Lrg_Logo.png","width":1600,"height":840,"caption":"National Cable Specialists"},"image":{"@id":"https:\/\/nationalcablespecialists.ca\/fr\/#\/schema\/logo\/image\/"}}]}},"_links":{"self":[{"href":"https:\/\/nationalcablespecialists.ca\/fr\/wp-json\/wp\/v2\/product\/23206","targetHints":{"allow":["GET"]}}],"collection":[{"href":"https:\/\/nationalcablespecialists.ca\/fr\/wp-json\/wp\/v2\/product"}],"about":[{"href":"https:\/\/nationalcablespecialists.ca\/fr\/wp-json\/wp\/v2\/types\/product"}],"replies":[{"embeddable":true,"href":"https:\/\/nationalcablespecialists.ca\/fr\/wp-json\/wp\/v2\/comments?post=23206"}],"wp:featuredmedia":[{"embeddable":true,"href":"https:\/\/nationalcablespecialists.ca\/fr\/wp-json\/wp\/v2\/media\/21252"}],"wp:attachment":[{"href":"https:\/\/nationalcablespecialists.ca\/fr\/wp-json\/wp\/v2\/media?parent=23206"}],"wp:term":[{"taxonomy":"product_brand","embeddable":true,"href":"https:\/\/nationalcablespecialists.ca\/fr\/wp-json\/wp\/v2\/product_brand?post=23206"},{"taxonomy":"product_cat","embeddable":true,"href":"https:\/\/nationalcablespecialists.ca\/fr\/wp-json\/wp\/v2\/product_cat?post=23206"},{"taxonomy":"product_tag","embeddable":true,"href":"https:\/\/nationalcablespecialists.ca\/fr\/wp-json\/wp\/v2\/product_tag?post=23206"},{"taxonomy":"application","embeddable":true,"href":"https:\/\/nationalcablespecialists.ca\/fr\/wp-json\/wp\/v2\/application?post=23206"},{"taxonomy":"voltage-rating","embeddable":true,"href":"https:\/\/nationalcablespecialists.ca\/fr\/wp-json\/wp\/v2\/voltage-rating?post=23206"},{"taxonomy":"jacket-material","embeddable":true,"href":"https:\/\/nationalcablespecialists.ca\/fr\/wp-json\/wp\/v2\/jacket-material?post=23206"},{"taxonomy":"insulation-material","embeddable":true,"href":"https:\/\/nationalcablespecialists.ca\/fr\/wp-json\/wp\/v2\/insulation-material?post=23206"},{"taxonomy":"conductor-material","embeddable":true,"href":"https:\/\/nationalcablespecialists.ca\/fr\/wp-json\/wp\/v2\/conductor-material?post=23206"},{"taxonomy":"wire-gauge","embeddable":true,"href":"https:\/\/nationalcablespecialists.ca\/fr\/wp-json\/wp\/v2\/wire-gauge?post=23206"},{"taxonomy":"conductor","embeddable":true,"href":"https:\/\/nationalcablespecialists.ca\/fr\/wp-json\/wp\/v2\/conductor?post=23206"}],"curies":[{"name":"wp","href":"https:\/\/api.w.org\/{rel}","templated":true}]}}