{"id":23111,"date":"2023-12-13T12:36:35","date_gmt":"2023-12-13T20:36:35","guid":{"rendered":"https:\/\/nationalcablespecialists.ca\/product\/cordon-de-cable-retractable-so\/"},"modified":"2024-01-23T10:46:15","modified_gmt":"2024-01-23T18:46:15","slug":"cordon-de-cable-retractable-so","status":"publish","type":"product","link":"https:\/\/nationalcablespecialists.ca\/fr\/produit\/cordon-de-cable-retractable-so\/","title":{"rendered":"Cordon de c\u00e2ble r\u00e9tractable SO"},"content":{"rendered":"<p><strong>Conducteur<\/strong> Cuivre nu toronn\u00e9<br \/>\n<strong>Isolation<\/strong> Caoutchouc thermodurcissable<br \/>\n<strong>Veste<\/strong> Thermodurcissable noir, r\u00e9sistant \u00e0 l\u2019huile<br \/>\n<strong>Temp\u00e9rature<\/strong> +90\u00b0C<br \/>\n<strong>Tension 600V<\/strong><br \/>\n<strong>Applications<\/strong> Con\u00e7u comme cordon d\u2019alimentation sur les machines-outils, les \u00e9quipements de communication, les \u00e9quipements de test, les \u00e9quipements d\u2019alimentation et de distribution, les appareils m\u00e9nagers, l\u2019\u00e9clairage, les commandes mobiles et de nombreuses autres applications.<br \/>\n<strong>Approbations<\/strong> CSA, UL<br \/>\n<strong>Code couleur<\/strong><br \/>\n2C Noir, blanc<br \/>\n3C Noir, blanc, vert<br \/>\n4C Noir, blanc, vert, rouge<br \/>\n5C Noir, blanc, vert, rouge, orange<br \/>\n6C Noir, blanc, vert, rouge, orange, bleu<br \/>\n7C Noir, blanc, vert, rouge, orange, bleu, blanc\/noir rayure<br \/>\n8C Noir, blanc, vert, rouge, orange, bleu, rayure blanche\/noire, rayure rouge\/noire<br \/>\n10C Noir, blanc, vert, rouge, orange, bleu, rayure blanche\/noire, rayure rouge\/noire, rayure verte\/noire, orange\/<br \/>\nrayure noire<br \/>\n*Les courants admissibles (amp\u00e8res par conducteur) sont bas\u00e9s sur une temp\u00e9rature ambiante de 30 \u00b0C dans l\u2019air et de 90 \u00b0C dans le conducteur.<br \/>\nLongueur r\u00e9tract\u00e9e : 48 po, longueur d\u00e9ploy\u00e9e : 20 pi, tangente aux deux extr\u00e9mit\u00e9s : 6 po<br \/>\n\u00c9galement disponible en longueurs r\u00e9tract\u00e9es de 36&nbsp;\u00bb, 24&nbsp;\u00bb et 12&nbsp;\u00bb avec des longueurs \u00e9tendues au rapport 1&nbsp;:5 &#8211; veuillez vous renseigner pour plus de d\u00e9tails<\/p>\n","protected":false},"excerpt":{"rendered":"<p>Conducteur Cuivre nu toronn\u00e9 Isolation Caoutchouc thermodurcissable Veste Thermodurcissable noir, r\u00e9sistant \u00e0 l\u2019huile Temp\u00e9rature +90\u00b0C Tension 600V Applications Con\u00e7u comme cordon d\u2019alimentation sur les machines-outils, les \u00e9quipements de communication, les \u00e9quipements de test, les \u00e9quipements d\u2019alimentation et de distribution, les appareils m\u00e9nagers, l\u2019\u00e9clairage, les commandes mobiles et de nombreuses autres applications. Approbations CSA, UL Code [&hellip;]<\/p>\n","protected":false},"featured_media":22575,"comment_status":"closed","ping_status":"closed","template":"","meta":{"_acf_changed":false},"product_brand":[],"product_cat":[655],"product_tag":[732,682],"application":[687,689,666],"voltage-rating":[670],"jacket-material":[691],"insulation-material":[733],"conductor-material":[685],"wire-gauge":[677,676,675,674,673],"conductor":[731,678,680,681,714,730,713],"class_list":{"0":"post-23111","1":"product","2":"type-product","3":"status-publish","4":"has-post-thumbnail","6":"product_cat-cable-portatif","7":"product_tag-ainsi","8":"product_tag-retractile-fr","9":"application-appareils-menagers","10":"application-equipement","11":"application-tools-fr","12":"voltage-rating-600v-fr","13":"jacket-material-thermodurcissable","14":"insulation-material-thermodurcissable","15":"conductor-material-cuivre-nu-toronne","16":"wire-gauge-10-awg-fr","17":"wire-gauge-12-awg-fr","18":"wire-gauge-14-awg-fr","19":"wire-gauge-16-awg-fr","20":"wire-gauge-18-awg-fr","21":"conductor-10-paires","22":"conductor-3-fr","23":"conductor-4-fr","24":"conductor-5-fr","25":"conductor-6-fr","26":"conductor-7-fr","27":"conductor-8-fr","29":"first","30":"instock","31":"shipping-taxable","32":"product-type-variable"},"acf":[],"yoast_head":"<!-- This site is optimized with the Yoast SEO plugin v27.5 - https:\/\/yoast.com\/product\/yoast-seo-wordpress\/ -->\n<title>Cordon de c\u00e2ble r\u00e9tractable SO - National Cable Specialists<\/title>\n<meta name=\"description\" content=\"National Cable Specialists carries a selection of Cordon de c\u00e2ble r\u00e9tractable SO for sale. Visit our website to learn more information.\" \/>\n<meta name=\"robots\" content=\"index, follow, max-snippet:-1, max-image-preview:large, max-video-preview:-1\" \/>\n<link rel=\"canonical\" href=\"https:\/\/nationalcablespecialists.ca\/fr\/produit\/cordon-de-cable-retractable-so\/\" \/>\n<meta property=\"og:locale\" content=\"fr_FR\" \/>\n<meta property=\"og:type\" content=\"article\" \/>\n<meta property=\"og:title\" content=\"Cordon de c\u00e2ble r\u00e9tractable SO - National Cable Specialists\" \/>\n<meta property=\"og:description\" content=\"National Cable Specialists carries a selection of Cordon de c\u00e2ble r\u00e9tractable SO for sale. Visit our website to learn more information.\" \/>\n<meta property=\"og:url\" content=\"https:\/\/nationalcablespecialists.ca\/fr\/produit\/cordon-de-cable-retractable-so\/\" \/>\n<meta property=\"og:site_name\" content=\"National Cable Specialists\" \/>\n<meta property=\"article:modified_time\" content=\"2024-01-23T18:46:15+00:00\" \/>\n<meta property=\"og:image\" content=\"https:\/\/nationalcablespecialists.ca\/wp-content\/uploads\/2023\/12\/SO-Retractile.jpg\" \/>\n\t<meta property=\"og:image:width\" content=\"500\" \/>\n\t<meta property=\"og:image:height\" content=\"500\" \/>\n\t<meta property=\"og:image:type\" content=\"image\/jpeg\" \/>\n<meta name=\"twitter:card\" content=\"summary_large_image\" \/>\n<meta name=\"twitter:label1\" content=\"Dur\u00e9e de lecture estim\u00e9e\" \/>\n\t<meta name=\"twitter:data1\" content=\"1 minute\" \/>\n<script type=\"application\/ld+json\" class=\"yoast-schema-graph\">{\"@context\":\"https:\\\/\\\/schema.org\",\"@graph\":[{\"@type\":\"WebPage\",\"@id\":\"https:\\\/\\\/nationalcablespecialists.ca\\\/fr\\\/produit\\\/cordon-de-cable-retractable-so\\\/\",\"url\":\"https:\\\/\\\/nationalcablespecialists.ca\\\/fr\\\/produit\\\/cordon-de-cable-retractable-so\\\/\",\"name\":\"Cordon de c\u00e2ble r\u00e9tractable SO - National Cable Specialists\",\"isPartOf\":{\"@id\":\"https:\\\/\\\/nationalcablespecialists.ca\\\/fr\\\/#website\"},\"primaryImageOfPage\":{\"@id\":\"https:\\\/\\\/nationalcablespecialists.ca\\\/fr\\\/produit\\\/cordon-de-cable-retractable-so\\\/#primaryimage\"},\"image\":{\"@id\":\"https:\\\/\\\/nationalcablespecialists.ca\\\/fr\\\/produit\\\/cordon-de-cable-retractable-so\\\/#primaryimage\"},\"thumbnailUrl\":\"https:\\\/\\\/nationalcablespecialists.ca\\\/wp-content\\\/uploads\\\/2023\\\/12\\\/SO-Retractile.jpg\",\"datePublished\":\"2023-12-13T20:36:35+00:00\",\"dateModified\":\"2024-01-23T18:46:15+00:00\",\"description\":\"National Cable Specialists carries a selection of Cordon de c\u00e2ble r\u00e9tractable SO for sale. Visit our website to learn more information.\",\"breadcrumb\":{\"@id\":\"https:\\\/\\\/nationalcablespecialists.ca\\\/fr\\\/produit\\\/cordon-de-cable-retractable-so\\\/#breadcrumb\"},\"inLanguage\":\"fr-FR\",\"potentialAction\":[{\"@type\":\"ReadAction\",\"target\":[\"https:\\\/\\\/nationalcablespecialists.ca\\\/fr\\\/produit\\\/cordon-de-cable-retractable-so\\\/\"]}]},{\"@type\":\"ImageObject\",\"inLanguage\":\"fr-FR\",\"@id\":\"https:\\\/\\\/nationalcablespecialists.ca\\\/fr\\\/produit\\\/cordon-de-cable-retractable-so\\\/#primaryimage\",\"url\":\"https:\\\/\\\/nationalcablespecialists.ca\\\/wp-content\\\/uploads\\\/2023\\\/12\\\/SO-Retractile.jpg\",\"contentUrl\":\"https:\\\/\\\/nationalcablespecialists.ca\\\/wp-content\\\/uploads\\\/2023\\\/12\\\/SO-Retractile.jpg\",\"width\":500,\"height\":500,\"caption\":\"SO Retractile\"},{\"@type\":\"BreadcrumbList\",\"@id\":\"https:\\\/\\\/nationalcablespecialists.ca\\\/fr\\\/produit\\\/cordon-de-cable-retractable-so\\\/#breadcrumb\",\"itemListElement\":[{\"@type\":\"ListItem\",\"position\":1,\"name\":\"Produits\",\"item\":\"https:\\\/\\\/nationalcablespecialists.ca\\\/our-products\\\/\"},{\"@type\":\"ListItem\",\"position\":2,\"name\":\"Fils et c\u00e2bles \u00e9lectriques\",\"item\":\"https:\\\/\\\/nationalcablespecialists.ca\\\/fr\\\/categorie-produit\\\/fils-et-cables-electriques\\\/\"},{\"@type\":\"ListItem\",\"position\":3,\"name\":\"C\u00e2ble portatif\",\"item\":\"https:\\\/\\\/nationalcablespecialists.ca\\\/fr\\\/categorie-produit\\\/fils-et-cables-electriques\\\/cable-portatif\\\/\"},{\"@type\":\"ListItem\",\"position\":4,\"name\":\"Cordon de c\u00e2ble r\u00e9tractable SO\"}]},{\"@type\":\"WebSite\",\"@id\":\"https:\\\/\\\/nationalcablespecialists.ca\\\/fr\\\/#website\",\"url\":\"https:\\\/\\\/nationalcablespecialists.ca\\\/fr\\\/\",\"name\":\"National Cable Specialists\",\"description\":\"\",\"publisher\":{\"@id\":\"https:\\\/\\\/nationalcablespecialists.ca\\\/fr\\\/#organization\"},\"potentialAction\":[{\"@type\":\"SearchAction\",\"target\":{\"@type\":\"EntryPoint\",\"urlTemplate\":\"https:\\\/\\\/nationalcablespecialists.ca\\\/fr\\\/?s={search_term_string}\"},\"query-input\":{\"@type\":\"PropertyValueSpecification\",\"valueRequired\":true,\"valueName\":\"search_term_string\"}}],\"inLanguage\":\"fr-FR\"},{\"@type\":\"Organization\",\"@id\":\"https:\\\/\\\/nationalcablespecialists.ca\\\/fr\\\/#organization\",\"name\":\"National Cable Specialists\",\"url\":\"https:\\\/\\\/nationalcablespecialists.ca\\\/fr\\\/\",\"logo\":{\"@type\":\"ImageObject\",\"inLanguage\":\"fr-FR\",\"@id\":\"https:\\\/\\\/nationalcablespecialists.ca\\\/fr\\\/#\\\/schema\\\/logo\\\/image\\\/\",\"url\":\"https:\\\/\\\/nationalcablespecialists.ca\\\/wp-content\\\/uploads\\\/2023\\\/01\\\/NCS_Lrg_Logo.png\",\"contentUrl\":\"https:\\\/\\\/nationalcablespecialists.ca\\\/wp-content\\\/uploads\\\/2023\\\/01\\\/NCS_Lrg_Logo.png\",\"width\":1600,\"height\":840,\"caption\":\"National Cable Specialists\"},\"image\":{\"@id\":\"https:\\\/\\\/nationalcablespecialists.ca\\\/fr\\\/#\\\/schema\\\/logo\\\/image\\\/\"}}]}<\/script>\n<!-- \/ Yoast SEO plugin. -->","yoast_head_json":{"title":"Cordon de c\u00e2ble r\u00e9tractable SO - National Cable Specialists","description":"National Cable Specialists carries a selection of Cordon de c\u00e2ble r\u00e9tractable SO for sale. Visit our website to learn more information.","robots":{"index":"index","follow":"follow","max-snippet":"max-snippet:-1","max-image-preview":"max-image-preview:large","max-video-preview":"max-video-preview:-1"},"canonical":"https:\/\/nationalcablespecialists.ca\/fr\/produit\/cordon-de-cable-retractable-so\/","og_locale":"fr_FR","og_type":"article","og_title":"Cordon de c\u00e2ble r\u00e9tractable SO - National Cable Specialists","og_description":"National Cable Specialists carries a selection of Cordon de c\u00e2ble r\u00e9tractable SO for sale. Visit our website to learn more information.","og_url":"https:\/\/nationalcablespecialists.ca\/fr\/produit\/cordon-de-cable-retractable-so\/","og_site_name":"National Cable Specialists","article_modified_time":"2024-01-23T18:46:15+00:00","og_image":[{"width":500,"height":500,"url":"https:\/\/nationalcablespecialists.ca\/wp-content\/uploads\/2023\/12\/SO-Retractile.jpg","type":"image\/jpeg"}],"twitter_card":"summary_large_image","twitter_misc":{"Dur\u00e9e de lecture estim\u00e9e":"1 minute"},"schema":{"@context":"https:\/\/schema.org","@graph":[{"@type":"WebPage","@id":"https:\/\/nationalcablespecialists.ca\/fr\/produit\/cordon-de-cable-retractable-so\/","url":"https:\/\/nationalcablespecialists.ca\/fr\/produit\/cordon-de-cable-retractable-so\/","name":"Cordon de c\u00e2ble r\u00e9tractable SO - National Cable Specialists","isPartOf":{"@id":"https:\/\/nationalcablespecialists.ca\/fr\/#website"},"primaryImageOfPage":{"@id":"https:\/\/nationalcablespecialists.ca\/fr\/produit\/cordon-de-cable-retractable-so\/#primaryimage"},"image":{"@id":"https:\/\/nationalcablespecialists.ca\/fr\/produit\/cordon-de-cable-retractable-so\/#primaryimage"},"thumbnailUrl":"https:\/\/nationalcablespecialists.ca\/wp-content\/uploads\/2023\/12\/SO-Retractile.jpg","datePublished":"2023-12-13T20:36:35+00:00","dateModified":"2024-01-23T18:46:15+00:00","description":"National Cable Specialists carries a selection of Cordon de c\u00e2ble r\u00e9tractable SO for sale. Visit our website to learn more information.","breadcrumb":{"@id":"https:\/\/nationalcablespecialists.ca\/fr\/produit\/cordon-de-cable-retractable-so\/#breadcrumb"},"inLanguage":"fr-FR","potentialAction":[{"@type":"ReadAction","target":["https:\/\/nationalcablespecialists.ca\/fr\/produit\/cordon-de-cable-retractable-so\/"]}]},{"@type":"ImageObject","inLanguage":"fr-FR","@id":"https:\/\/nationalcablespecialists.ca\/fr\/produit\/cordon-de-cable-retractable-so\/#primaryimage","url":"https:\/\/nationalcablespecialists.ca\/wp-content\/uploads\/2023\/12\/SO-Retractile.jpg","contentUrl":"https:\/\/nationalcablespecialists.ca\/wp-content\/uploads\/2023\/12\/SO-Retractile.jpg","width":500,"height":500,"caption":"SO Retractile"},{"@type":"BreadcrumbList","@id":"https:\/\/nationalcablespecialists.ca\/fr\/produit\/cordon-de-cable-retractable-so\/#breadcrumb","itemListElement":[{"@type":"ListItem","position":1,"name":"Produits","item":"https:\/\/nationalcablespecialists.ca\/our-products\/"},{"@type":"ListItem","position":2,"name":"Fils et c\u00e2bles \u00e9lectriques","item":"https:\/\/nationalcablespecialists.ca\/fr\/categorie-produit\/fils-et-cables-electriques\/"},{"@type":"ListItem","position":3,"name":"C\u00e2ble portatif","item":"https:\/\/nationalcablespecialists.ca\/fr\/categorie-produit\/fils-et-cables-electriques\/cable-portatif\/"},{"@type":"ListItem","position":4,"name":"Cordon de c\u00e2ble r\u00e9tractable SO"}]},{"@type":"WebSite","@id":"https:\/\/nationalcablespecialists.ca\/fr\/#website","url":"https:\/\/nationalcablespecialists.ca\/fr\/","name":"National Cable Specialists","description":"","publisher":{"@id":"https:\/\/nationalcablespecialists.ca\/fr\/#organization"},"potentialAction":[{"@type":"SearchAction","target":{"@type":"EntryPoint","urlTemplate":"https:\/\/nationalcablespecialists.ca\/fr\/?s={search_term_string}"},"query-input":{"@type":"PropertyValueSpecification","valueRequired":true,"valueName":"search_term_string"}}],"inLanguage":"fr-FR"},{"@type":"Organization","@id":"https:\/\/nationalcablespecialists.ca\/fr\/#organization","name":"National Cable Specialists","url":"https:\/\/nationalcablespecialists.ca\/fr\/","logo":{"@type":"ImageObject","inLanguage":"fr-FR","@id":"https:\/\/nationalcablespecialists.ca\/fr\/#\/schema\/logo\/image\/","url":"https:\/\/nationalcablespecialists.ca\/wp-content\/uploads\/2023\/01\/NCS_Lrg_Logo.png","contentUrl":"https:\/\/nationalcablespecialists.ca\/wp-content\/uploads\/2023\/01\/NCS_Lrg_Logo.png","width":1600,"height":840,"caption":"National Cable Specialists"},"image":{"@id":"https:\/\/nationalcablespecialists.ca\/fr\/#\/schema\/logo\/image\/"}}]}},"_links":{"self":[{"href":"https:\/\/nationalcablespecialists.ca\/fr\/wp-json\/wp\/v2\/product\/23111","targetHints":{"allow":["GET"]}}],"collection":[{"href":"https:\/\/nationalcablespecialists.ca\/fr\/wp-json\/wp\/v2\/product"}],"about":[{"href":"https:\/\/nationalcablespecialists.ca\/fr\/wp-json\/wp\/v2\/types\/product"}],"replies":[{"embeddable":true,"href":"https:\/\/nationalcablespecialists.ca\/fr\/wp-json\/wp\/v2\/comments?post=23111"}],"wp:featuredmedia":[{"embeddable":true,"href":"https:\/\/nationalcablespecialists.ca\/fr\/wp-json\/wp\/v2\/media\/22575"}],"wp:attachment":[{"href":"https:\/\/nationalcablespecialists.ca\/fr\/wp-json\/wp\/v2\/media?parent=23111"}],"wp:term":[{"taxonomy":"product_brand","embeddable":true,"href":"https:\/\/nationalcablespecialists.ca\/fr\/wp-json\/wp\/v2\/product_brand?post=23111"},{"taxonomy":"product_cat","embeddable":true,"href":"https:\/\/nationalcablespecialists.ca\/fr\/wp-json\/wp\/v2\/product_cat?post=23111"},{"taxonomy":"product_tag","embeddable":true,"href":"https:\/\/nationalcablespecialists.ca\/fr\/wp-json\/wp\/v2\/product_tag?post=23111"},{"taxonomy":"application","embeddable":true,"href":"https:\/\/nationalcablespecialists.ca\/fr\/wp-json\/wp\/v2\/application?post=23111"},{"taxonomy":"voltage-rating","embeddable":true,"href":"https:\/\/nationalcablespecialists.ca\/fr\/wp-json\/wp\/v2\/voltage-rating?post=23111"},{"taxonomy":"jacket-material","embeddable":true,"href":"https:\/\/nationalcablespecialists.ca\/fr\/wp-json\/wp\/v2\/jacket-material?post=23111"},{"taxonomy":"insulation-material","embeddable":true,"href":"https:\/\/nationalcablespecialists.ca\/fr\/wp-json\/wp\/v2\/insulation-material?post=23111"},{"taxonomy":"conductor-material","embeddable":true,"href":"https:\/\/nationalcablespecialists.ca\/fr\/wp-json\/wp\/v2\/conductor-material?post=23111"},{"taxonomy":"wire-gauge","embeddable":true,"href":"https:\/\/nationalcablespecialists.ca\/fr\/wp-json\/wp\/v2\/wire-gauge?post=23111"},{"taxonomy":"conductor","embeddable":true,"href":"https:\/\/nationalcablespecialists.ca\/fr\/wp-json\/wp\/v2\/conductor?post=23111"}],"curies":[{"name":"wp","href":"https:\/\/api.w.org\/{rel}","templated":true}]}}