{"id":23049,"date":"2023-09-15T14:30:44","date_gmt":"2023-09-15T21:30:44","guid":{"rendered":"https:\/\/nationalcablespecialists.ca\/product\/cable-dalarme-incendie-fas-non-blinde\/"},"modified":"2024-01-23T10:45:38","modified_gmt":"2024-01-23T18:45:38","slug":"cable-dalarme-incendie-fas-non-blinde","status":"publish","type":"product","link":"https:\/\/nationalcablespecialists.ca\/fr\/produit\/cable-dalarme-incendie-fas-non-blinde\/","title":{"rendered":"C\u00e2ble d\u2019alarme incendie FAS non blind\u00e9"},"content":{"rendered":"<div><strong>Conducteur<\/strong> Cuivre nu massif<\/div>\n<div><strong>Isolation<\/strong> 300V PVC \u00e0 code couleur<\/div>\n<div><strong>Veste<\/strong> PVC rouge<\/div>\n<div><strong>Code couleur<\/strong> 92<\/div>\n<div><strong>Temp\u00e9rature<\/strong> -30\u00b0C coude \u00e0 105\u00b0C<\/div>\n<div><strong>Emballage<\/strong> Bobines X 75, X 150, X 300m<\/div>\n<div><strong>Approbations<\/strong> CSA C22.2 n\u00b0 208 Type FAS FT4, SR (r\u00e9sistant \u00e0 la lumi\u00e8re du soleil)<\/div>\n<div><strong>Applications<\/strong> Syst\u00e8mes d\u2019alarme incendie, chauffage, climatisation et thermostats. Pour une utilisation dans des b\u00e2timents dans des endroits humides ou secs. Circuits d\u2019alimentation conform\u00e9ment \u00e0 l\u2019article 725 du NEC Circuits de classe 2 et 3. Convient pour les installations de chemins de c\u00e2bles.<\/div>\n<div><\/div>\n<div>* Conducteurs parall\u00e8les<\/div>\n","protected":false},"excerpt":{"rendered":"<p>Conducteur Cuivre nu massif Isolation 300V PVC \u00e0 code couleur Veste PVC rouge Code couleur 92 Temp\u00e9rature -30\u00b0C coude \u00e0 105\u00b0C Emballage Bobines X 75, X 150, X 300m Approbations CSA C22.2 n\u00b0 208 Type FAS FT4, SR (r\u00e9sistant \u00e0 la lumi\u00e8re du soleil) Applications Syst\u00e8mes d\u2019alarme incendie, chauffage, climatisation et thermostats. Pour une utilisation [&hellip;]<\/p>\n","protected":false},"featured_media":21418,"comment_status":"open","ping_status":"closed","template":"","meta":{"_acf_changed":false},"product_brand":[],"product_cat":[701],"product_tag":[690],"application":[696,707,709,711],"voltage-rating":[683],"jacket-material":[694],"insulation-material":[],"conductor-material":[697],"wire-gauge":[676,675,674,673],"conductor":[717,719,679,721,723,678,725,680,681,714,713,716],"class_list":{"0":"post-23049","1":"product","2":"type-product","3":"status-publish","4":"has-post-thumbnail","6":"product_cat-cable-dalarme-incendie","7":"product_tag-alarme-incendie","8":"application-alarme-incendie","9":"application-chauffage","10":"application-climatisation","11":"application-thermostat-fr","12":"voltage-rating-300v-fr","13":"jacket-material-chlorure-de-polyvinyle","14":"conductor-material-cuivre-nu-massif","15":"wire-gauge-12-awg-fr","16":"wire-gauge-14-awg-fr","17":"wire-gauge-16-awg-fr","18":"wire-gauge-18-awg-fr","19":"conductor-10-fr","20":"conductor-11-fr","21":"conductor-2-fr","22":"conductor-20-fr","23":"conductor-21-fr","24":"conductor-3-fr","25":"conductor-30-fr","26":"conductor-4-fr","27":"conductor-5-fr","28":"conductor-6-fr","29":"conductor-8-fr","30":"conductor-9-fr","32":"first","33":"instock","34":"shipping-taxable","35":"purchasable","36":"product-type-variable"},"acf":[],"yoast_head":"<!-- This site is optimized with the Yoast SEO plugin v26.2 - https:\/\/yoast.com\/wordpress\/plugins\/seo\/ -->\n<title>C\u00e2ble d\u2019alarme incendie FAS non blind\u00e9 - National Cable Specialists<\/title>\n<meta name=\"description\" content=\"National Cable Specialists carries a selection of C\u00e2ble d\u2019alarme incendie FAS non blind\u00e9 for sale. Visit our website to learn more information.\" \/>\n<meta name=\"robots\" content=\"index, follow, max-snippet:-1, max-image-preview:large, max-video-preview:-1\" \/>\n<link rel=\"canonical\" href=\"https:\/\/nationalcablespecialists.ca\/fr\/produit\/cable-dalarme-incendie-fas-non-blinde\/\" \/>\n<meta property=\"og:locale\" content=\"fr_FR\" \/>\n<meta property=\"og:type\" content=\"article\" \/>\n<meta property=\"og:title\" content=\"C\u00e2ble d\u2019alarme incendie FAS non blind\u00e9 - National Cable Specialists\" \/>\n<meta property=\"og:description\" content=\"National Cable Specialists carries a selection of C\u00e2ble d\u2019alarme incendie FAS non blind\u00e9 for sale. Visit our website to learn more information.\" \/>\n<meta property=\"og:url\" content=\"https:\/\/nationalcablespecialists.ca\/fr\/produit\/cable-dalarme-incendie-fas-non-blinde\/\" \/>\n<meta property=\"og:site_name\" content=\"National Cable Specialists\" \/>\n<meta property=\"article:modified_time\" content=\"2024-01-23T18:45:38+00:00\" \/>\n<meta property=\"og:image\" content=\"https:\/\/nationalcablespecialists.ca\/wp-content\/uploads\/2023\/09\/FAS-Fire-Alarm-Cable-Unshielded_500px-2.jpg\" \/>\n\t<meta property=\"og:image:width\" content=\"500\" \/>\n\t<meta property=\"og:image:height\" content=\"500\" \/>\n\t<meta property=\"og:image:type\" content=\"image\/jpeg\" \/>\n<meta name=\"twitter:card\" content=\"summary_large_image\" \/>\n<script type=\"application\/ld+json\" class=\"yoast-schema-graph\">{\"@context\":\"https:\/\/schema.org\",\"@graph\":[{\"@type\":\"WebPage\",\"@id\":\"https:\/\/nationalcablespecialists.ca\/fr\/produit\/cable-dalarme-incendie-fas-non-blinde\/\",\"url\":\"https:\/\/nationalcablespecialists.ca\/fr\/produit\/cable-dalarme-incendie-fas-non-blinde\/\",\"name\":\"C\u00e2ble d\u2019alarme incendie FAS non blind\u00e9 - National Cable Specialists\",\"isPartOf\":{\"@id\":\"https:\/\/nationalcablespecialists.ca\/fr\/#website\"},\"primaryImageOfPage\":{\"@id\":\"https:\/\/nationalcablespecialists.ca\/fr\/produit\/cable-dalarme-incendie-fas-non-blinde\/#primaryimage\"},\"image\":{\"@id\":\"https:\/\/nationalcablespecialists.ca\/fr\/produit\/cable-dalarme-incendie-fas-non-blinde\/#primaryimage\"},\"thumbnailUrl\":\"https:\/\/nationalcablespecialists.ca\/wp-content\/uploads\/2023\/09\/FAS-Fire-Alarm-Cable-Unshielded_500px-2.jpg\",\"datePublished\":\"2023-09-15T21:30:44+00:00\",\"dateModified\":\"2024-01-23T18:45:38+00:00\",\"description\":\"National Cable Specialists carries a selection of C\u00e2ble d\u2019alarme incendie FAS non blind\u00e9 for sale. Visit our website to learn more information.\",\"breadcrumb\":{\"@id\":\"https:\/\/nationalcablespecialists.ca\/fr\/produit\/cable-dalarme-incendie-fas-non-blinde\/#breadcrumb\"},\"inLanguage\":\"fr-FR\",\"potentialAction\":[{\"@type\":\"ReadAction\",\"target\":[\"https:\/\/nationalcablespecialists.ca\/fr\/produit\/cable-dalarme-incendie-fas-non-blinde\/\"]}]},{\"@type\":\"ImageObject\",\"inLanguage\":\"fr-FR\",\"@id\":\"https:\/\/nationalcablespecialists.ca\/fr\/produit\/cable-dalarme-incendie-fas-non-blinde\/#primaryimage\",\"url\":\"https:\/\/nationalcablespecialists.ca\/wp-content\/uploads\/2023\/09\/FAS-Fire-Alarm-Cable-Unshielded_500px-2.jpg\",\"contentUrl\":\"https:\/\/nationalcablespecialists.ca\/wp-content\/uploads\/2023\/09\/FAS-Fire-Alarm-Cable-Unshielded_500px-2.jpg\",\"width\":500,\"height\":500,\"caption\":\"fire alarm cable\"},{\"@type\":\"BreadcrumbList\",\"@id\":\"https:\/\/nationalcablespecialists.ca\/fr\/produit\/cable-dalarme-incendie-fas-non-blinde\/#breadcrumb\",\"itemListElement\":[{\"@type\":\"ListItem\",\"position\":1,\"name\":\"Produits\",\"item\":\"https:\/\/nationalcablespecialists.ca\/our-products\/\"},{\"@type\":\"ListItem\",\"position\":2,\"name\":\"C\u00e2ble \u00e9lectronique\",\"item\":\"https:\/\/nationalcablespecialists.ca\/fr\/categorie-produit\/cable-electronique\/\"},{\"@type\":\"ListItem\",\"position\":3,\"name\":\"C\u00e2ble d\u2019alarme incendie\",\"item\":\"https:\/\/nationalcablespecialists.ca\/fr\/categorie-produit\/cable-electronique\/cable-dalarme-incendie\/\"},{\"@type\":\"ListItem\",\"position\":4,\"name\":\"C\u00e2ble d\u2019alarme incendie FAS non blind\u00e9\"}]},{\"@type\":\"WebSite\",\"@id\":\"https:\/\/nationalcablespecialists.ca\/fr\/#website\",\"url\":\"https:\/\/nationalcablespecialists.ca\/fr\/\",\"name\":\"National Cable Specialists\",\"description\":\"\",\"publisher\":{\"@id\":\"https:\/\/nationalcablespecialists.ca\/fr\/#organization\"},\"potentialAction\":[{\"@type\":\"SearchAction\",\"target\":{\"@type\":\"EntryPoint\",\"urlTemplate\":\"https:\/\/nationalcablespecialists.ca\/fr\/?s={search_term_string}\"},\"query-input\":{\"@type\":\"PropertyValueSpecification\",\"valueRequired\":true,\"valueName\":\"search_term_string\"}}],\"inLanguage\":\"fr-FR\"},{\"@type\":\"Organization\",\"@id\":\"https:\/\/nationalcablespecialists.ca\/fr\/#organization\",\"name\":\"National Cable Specialists\",\"url\":\"https:\/\/nationalcablespecialists.ca\/fr\/\",\"logo\":{\"@type\":\"ImageObject\",\"inLanguage\":\"fr-FR\",\"@id\":\"https:\/\/nationalcablespecialists.ca\/fr\/#\/schema\/logo\/image\/\",\"url\":\"https:\/\/nationalcablespecialists.ca\/wp-content\/uploads\/2023\/01\/NCS_Lrg_Logo.png\",\"contentUrl\":\"https:\/\/nationalcablespecialists.ca\/wp-content\/uploads\/2023\/01\/NCS_Lrg_Logo.png\",\"width\":1600,\"height\":840,\"caption\":\"National Cable Specialists\"},\"image\":{\"@id\":\"https:\/\/nationalcablespecialists.ca\/fr\/#\/schema\/logo\/image\/\"}}]}<\/script>\n<!-- \/ Yoast SEO plugin. -->","yoast_head_json":{"title":"C\u00e2ble d\u2019alarme incendie FAS non blind\u00e9 - National Cable Specialists","description":"National Cable Specialists carries a selection of C\u00e2ble d\u2019alarme incendie FAS non blind\u00e9 for sale. Visit our website to learn more information.","robots":{"index":"index","follow":"follow","max-snippet":"max-snippet:-1","max-image-preview":"max-image-preview:large","max-video-preview":"max-video-preview:-1"},"canonical":"https:\/\/nationalcablespecialists.ca\/fr\/produit\/cable-dalarme-incendie-fas-non-blinde\/","og_locale":"fr_FR","og_type":"article","og_title":"C\u00e2ble d\u2019alarme incendie FAS non blind\u00e9 - National Cable Specialists","og_description":"National Cable Specialists carries a selection of C\u00e2ble d\u2019alarme incendie FAS non blind\u00e9 for sale. Visit our website to learn more information.","og_url":"https:\/\/nationalcablespecialists.ca\/fr\/produit\/cable-dalarme-incendie-fas-non-blinde\/","og_site_name":"National Cable Specialists","article_modified_time":"2024-01-23T18:45:38+00:00","og_image":[{"width":500,"height":500,"url":"https:\/\/nationalcablespecialists.ca\/wp-content\/uploads\/2023\/09\/FAS-Fire-Alarm-Cable-Unshielded_500px-2.jpg","type":"image\/jpeg"}],"twitter_card":"summary_large_image","schema":{"@context":"https:\/\/schema.org","@graph":[{"@type":"WebPage","@id":"https:\/\/nationalcablespecialists.ca\/fr\/produit\/cable-dalarme-incendie-fas-non-blinde\/","url":"https:\/\/nationalcablespecialists.ca\/fr\/produit\/cable-dalarme-incendie-fas-non-blinde\/","name":"C\u00e2ble d\u2019alarme incendie FAS non blind\u00e9 - National Cable Specialists","isPartOf":{"@id":"https:\/\/nationalcablespecialists.ca\/fr\/#website"},"primaryImageOfPage":{"@id":"https:\/\/nationalcablespecialists.ca\/fr\/produit\/cable-dalarme-incendie-fas-non-blinde\/#primaryimage"},"image":{"@id":"https:\/\/nationalcablespecialists.ca\/fr\/produit\/cable-dalarme-incendie-fas-non-blinde\/#primaryimage"},"thumbnailUrl":"https:\/\/nationalcablespecialists.ca\/wp-content\/uploads\/2023\/09\/FAS-Fire-Alarm-Cable-Unshielded_500px-2.jpg","datePublished":"2023-09-15T21:30:44+00:00","dateModified":"2024-01-23T18:45:38+00:00","description":"National Cable Specialists carries a selection of C\u00e2ble d\u2019alarme incendie FAS non blind\u00e9 for sale. Visit our website to learn more information.","breadcrumb":{"@id":"https:\/\/nationalcablespecialists.ca\/fr\/produit\/cable-dalarme-incendie-fas-non-blinde\/#breadcrumb"},"inLanguage":"fr-FR","potentialAction":[{"@type":"ReadAction","target":["https:\/\/nationalcablespecialists.ca\/fr\/produit\/cable-dalarme-incendie-fas-non-blinde\/"]}]},{"@type":"ImageObject","inLanguage":"fr-FR","@id":"https:\/\/nationalcablespecialists.ca\/fr\/produit\/cable-dalarme-incendie-fas-non-blinde\/#primaryimage","url":"https:\/\/nationalcablespecialists.ca\/wp-content\/uploads\/2023\/09\/FAS-Fire-Alarm-Cable-Unshielded_500px-2.jpg","contentUrl":"https:\/\/nationalcablespecialists.ca\/wp-content\/uploads\/2023\/09\/FAS-Fire-Alarm-Cable-Unshielded_500px-2.jpg","width":500,"height":500,"caption":"fire alarm cable"},{"@type":"BreadcrumbList","@id":"https:\/\/nationalcablespecialists.ca\/fr\/produit\/cable-dalarme-incendie-fas-non-blinde\/#breadcrumb","itemListElement":[{"@type":"ListItem","position":1,"name":"Produits","item":"https:\/\/nationalcablespecialists.ca\/our-products\/"},{"@type":"ListItem","position":2,"name":"C\u00e2ble \u00e9lectronique","item":"https:\/\/nationalcablespecialists.ca\/fr\/categorie-produit\/cable-electronique\/"},{"@type":"ListItem","position":3,"name":"C\u00e2ble d\u2019alarme incendie","item":"https:\/\/nationalcablespecialists.ca\/fr\/categorie-produit\/cable-electronique\/cable-dalarme-incendie\/"},{"@type":"ListItem","position":4,"name":"C\u00e2ble d\u2019alarme incendie FAS non blind\u00e9"}]},{"@type":"WebSite","@id":"https:\/\/nationalcablespecialists.ca\/fr\/#website","url":"https:\/\/nationalcablespecialists.ca\/fr\/","name":"National Cable Specialists","description":"","publisher":{"@id":"https:\/\/nationalcablespecialists.ca\/fr\/#organization"},"potentialAction":[{"@type":"SearchAction","target":{"@type":"EntryPoint","urlTemplate":"https:\/\/nationalcablespecialists.ca\/fr\/?s={search_term_string}"},"query-input":{"@type":"PropertyValueSpecification","valueRequired":true,"valueName":"search_term_string"}}],"inLanguage":"fr-FR"},{"@type":"Organization","@id":"https:\/\/nationalcablespecialists.ca\/fr\/#organization","name":"National Cable Specialists","url":"https:\/\/nationalcablespecialists.ca\/fr\/","logo":{"@type":"ImageObject","inLanguage":"fr-FR","@id":"https:\/\/nationalcablespecialists.ca\/fr\/#\/schema\/logo\/image\/","url":"https:\/\/nationalcablespecialists.ca\/wp-content\/uploads\/2023\/01\/NCS_Lrg_Logo.png","contentUrl":"https:\/\/nationalcablespecialists.ca\/wp-content\/uploads\/2023\/01\/NCS_Lrg_Logo.png","width":1600,"height":840,"caption":"National Cable Specialists"},"image":{"@id":"https:\/\/nationalcablespecialists.ca\/fr\/#\/schema\/logo\/image\/"}}]}},"_links":{"self":[{"href":"https:\/\/nationalcablespecialists.ca\/fr\/wp-json\/wp\/v2\/product\/23049","targetHints":{"allow":["GET"]}}],"collection":[{"href":"https:\/\/nationalcablespecialists.ca\/fr\/wp-json\/wp\/v2\/product"}],"about":[{"href":"https:\/\/nationalcablespecialists.ca\/fr\/wp-json\/wp\/v2\/types\/product"}],"replies":[{"embeddable":true,"href":"https:\/\/nationalcablespecialists.ca\/fr\/wp-json\/wp\/v2\/comments?post=23049"}],"wp:featuredmedia":[{"embeddable":true,"href":"https:\/\/nationalcablespecialists.ca\/fr\/wp-json\/wp\/v2\/media\/21418"}],"wp:attachment":[{"href":"https:\/\/nationalcablespecialists.ca\/fr\/wp-json\/wp\/v2\/media?parent=23049"}],"wp:term":[{"taxonomy":"product_brand","embeddable":true,"href":"https:\/\/nationalcablespecialists.ca\/fr\/wp-json\/wp\/v2\/product_brand?post=23049"},{"taxonomy":"product_cat","embeddable":true,"href":"https:\/\/nationalcablespecialists.ca\/fr\/wp-json\/wp\/v2\/product_cat?post=23049"},{"taxonomy":"product_tag","embeddable":true,"href":"https:\/\/nationalcablespecialists.ca\/fr\/wp-json\/wp\/v2\/product_tag?post=23049"},{"taxonomy":"application","embeddable":true,"href":"https:\/\/nationalcablespecialists.ca\/fr\/wp-json\/wp\/v2\/application?post=23049"},{"taxonomy":"voltage-rating","embeddable":true,"href":"https:\/\/nationalcablespecialists.ca\/fr\/wp-json\/wp\/v2\/voltage-rating?post=23049"},{"taxonomy":"jacket-material","embeddable":true,"href":"https:\/\/nationalcablespecialists.ca\/fr\/wp-json\/wp\/v2\/jacket-material?post=23049"},{"taxonomy":"insulation-material","embeddable":true,"href":"https:\/\/nationalcablespecialists.ca\/fr\/wp-json\/wp\/v2\/insulation-material?post=23049"},{"taxonomy":"conductor-material","embeddable":true,"href":"https:\/\/nationalcablespecialists.ca\/fr\/wp-json\/wp\/v2\/conductor-material?post=23049"},{"taxonomy":"wire-gauge","embeddable":true,"href":"https:\/\/nationalcablespecialists.ca\/fr\/wp-json\/wp\/v2\/wire-gauge?post=23049"},{"taxonomy":"conductor","embeddable":true,"href":"https:\/\/nationalcablespecialists.ca\/fr\/wp-json\/wp\/v2\/conductor?post=23049"}],"curies":[{"name":"wp","href":"https:\/\/api.w.org\/{rel}","templated":true}]}}