{"id":23045,"date":"2023-09-15T14:34:04","date_gmt":"2023-09-15T21:34:04","guid":{"rendered":"https:\/\/nationalcablespecialists.ca\/product\/conduit-en-pehd\/"},"modified":"2024-01-08T12:45:21","modified_gmt":"2024-01-08T20:45:21","slug":"conduit-en-pehd","status":"publish","type":"product","link":"https:\/\/nationalcablespecialists.ca\/fr\/produit\/conduit-en-pehd\/","title":{"rendered":"Conduit en PEHD"},"content":{"rendered":"<ul>\n<li>Disponible en 16 mm (1\u20442 po) \u00e0 325 mm (12 po). Livr\u00e9 en standard dans de grandes longueurs continues sur des bobines (pour 103 mm (4 po) et moins) 129 mm (5 po) &#8211; 325 mm (12 po) est disponible en b\u00e2tonnets de longueur commerciale 3,048 m (10 pi), 6,096 m (20 pi).<\/li>\n<li>\n<div>Fabriqu\u00e9 \u00e0 partir de r\u00e9sine HDPE flexible homologu\u00e9e CSA, il permet de plier progressivement sans \u00e9quipement sp\u00e9cial ni accessoires ajout\u00e9s.<\/div>\n<\/li>\n<li>\n<div>Les nervures longitudinales internes sont fournies en standard sur les tailles de 16 mm (1\/2 po) \u00e0 155 mm (6 po). Les tailles de 203 mm (8 po) \u00e0 305 mm (12 po) auront un int\u00e9rieur lisse.<\/div>\n<\/li>\n<li>\n<div>La paroi int\u00e9rieure SILICORE\u00ae ULF \u00e9limine le besoin de lubrifiants humides lors du tirage du c\u00e2ble.<\/div>\n<\/li>\n<li>\n<div>D\u2019excellentes propri\u00e9t\u00e9s \u00e0 basse temp\u00e9rature permettent une installation dans des climats froids.<\/div>\n<\/li>\n<li>\n<div>Protection exceptionnelle \u00e0 long terme du c\u00e2ble d\u2019alimentation contre les mouvements de sol, de roche et de racines.<\/div>\n<\/li>\n<li>\n<div>Fournit un chemin permanent, simplifie les futures r\u00e9parations ou le remplacement des c\u00e2bles.<\/div>\n<\/li>\n<li>\n<div>R\u00e9duit consid\u00e9rablement le nombre de joints coupl\u00e9s dans une installation continue, r\u00e9duisant ainsi la possibilit\u00e9 d\u2019infiltration du sol indig\u00e8ne, du remblai et de l\u2019eau.<\/div>\n<\/li>\n<li>\n<div>Disponible avec un ruban de traction Bull-Line pr\u00e9install\u00e9 d\u2019une r\u00e9sistance de 500 lb \u00e0 6 000 lb.<\/div>\n<\/li>\n<li>\n<div>La configuration standard est rouge avec quatre bandes noires, des nervures longitudinales et une doublure SILICORE\u00ae ULF.<\/div>\n<div><\/div>\n<\/li>\n<li>Types d\u2019installation &#8211; charrue, tranch\u00e9e, al\u00e9sage directionnel, tranch\u00e9e ouverte.<\/li>\n<li>CSA C22.2 #237, conforme aux normes UL-651A et conforme \u00e0 la CCE. Ce produit est id\u00e9al pour les c\u00e2bles enterr\u00e9s basse et moyenne tension comme le permet la norme.<\/li>\n<li>Marquages s\u00e9quentiels en pieds ou en m\u00e8tres.<\/li>\n<\/ul>\n","protected":false},"excerpt":{"rendered":"<p><img decoding=\"async\" class=\"alignnone size-medium wp-image-22628\" src=\"https:\/\/nationalcablespecialists.ca\/wp-content\/uploads\/2023\/12\/duraline_logo-300x57.png\" alt=\"\" width=\"300\" height=\"57\" srcset=\"https:\/\/nationalcablespecialists.ca\/wp-content\/uploads\/2023\/12\/duraline_logo-300x57.png 300w, https:\/\/nationalcablespecialists.ca\/wp-content\/uploads\/2023\/12\/duraline_logo-1024x195.png 1024w, https:\/\/nationalcablespecialists.ca\/wp-content\/uploads\/2023\/12\/duraline_logo-768x146.png 768w, https:\/\/nationalcablespecialists.ca\/wp-content\/uploads\/2023\/12\/duraline_logo-1536x292.png 1536w, https:\/\/nationalcablespecialists.ca\/wp-content\/uploads\/2023\/12\/duraline_logo-2048x389.png 2048w, https:\/\/nationalcablespecialists.ca\/wp-content\/uploads\/2023\/12\/duraline_logo-600x114.png 600w\" sizes=\"(max-width: 300px) 100vw, 300px\" \/><\/p>\n","protected":false},"featured_media":21690,"comment_status":"closed","ping_status":"closed","template":"","meta":{"_acf_changed":false},"product_brand":[],"product_cat":[706],"product_tag":[708,710],"application":[],"voltage-rating":[],"jacket-material":[],"insulation-material":[],"conductor-material":[],"wire-gauge":[],"conductor":[],"class_list":{"0":"post-23045","1":"product","2":"type-product","3":"status-publish","4":"has-post-thumbnail","6":"product_cat-conduit-en-pehd","7":"product_tag-canal","8":"product_tag-pehd","10":"first","11":"instock","12":"shipping-taxable","13":"purchasable","14":"product-type-variable"},"acf":[],"yoast_head":"<!-- This site is optimized with the Yoast SEO plugin v27.5 - https:\/\/yoast.com\/product\/yoast-seo-wordpress\/ -->\n<title>Conduit en PEHD - National Cable Specialists<\/title>\n<meta name=\"description\" content=\"National Cable Specialists carries a selection of Conduit en PEHD for sale. Visit our website to learn more information.\" \/>\n<meta name=\"robots\" content=\"index, follow, max-snippet:-1, max-image-preview:large, max-video-preview:-1\" \/>\n<link rel=\"canonical\" href=\"https:\/\/nationalcablespecialists.ca\/fr\/produit\/conduit-en-pehd\/\" \/>\n<meta property=\"og:locale\" content=\"fr_FR\" \/>\n<meta property=\"og:type\" content=\"article\" \/>\n<meta property=\"og:title\" content=\"Conduit en PEHD - National Cable Specialists\" \/>\n<meta property=\"og:description\" content=\"National Cable Specialists carries a selection of Conduit en PEHD for sale. Visit our website to learn more information.\" \/>\n<meta property=\"og:url\" content=\"https:\/\/nationalcablespecialists.ca\/fr\/produit\/conduit-en-pehd\/\" \/>\n<meta property=\"og:site_name\" content=\"National Cable Specialists\" \/>\n<meta property=\"article:modified_time\" content=\"2024-01-08T20:45:21+00:00\" \/>\n<meta property=\"og:image\" content=\"https:\/\/nationalcablespecialists.ca\/wp-content\/uploads\/2023\/09\/Powerguard_500px-2.jpg\" \/>\n\t<meta property=\"og:image:width\" content=\"500\" \/>\n\t<meta property=\"og:image:height\" content=\"500\" \/>\n\t<meta property=\"og:image:type\" content=\"image\/jpeg\" \/>\n<meta name=\"twitter:card\" content=\"summary_large_image\" \/>\n<meta name=\"twitter:label1\" content=\"Dur\u00e9e de lecture estim\u00e9e\" \/>\n\t<meta name=\"twitter:data1\" content=\"1 minute\" \/>\n<script type=\"application\/ld+json\" class=\"yoast-schema-graph\">{\"@context\":\"https:\\\/\\\/schema.org\",\"@graph\":[{\"@type\":\"WebPage\",\"@id\":\"https:\\\/\\\/nationalcablespecialists.ca\\\/fr\\\/produit\\\/conduit-en-pehd\\\/\",\"url\":\"https:\\\/\\\/nationalcablespecialists.ca\\\/fr\\\/produit\\\/conduit-en-pehd\\\/\",\"name\":\"Conduit en PEHD - National Cable Specialists\",\"isPartOf\":{\"@id\":\"https:\\\/\\\/nationalcablespecialists.ca\\\/fr\\\/#website\"},\"primaryImageOfPage\":{\"@id\":\"https:\\\/\\\/nationalcablespecialists.ca\\\/fr\\\/produit\\\/conduit-en-pehd\\\/#primaryimage\"},\"image\":{\"@id\":\"https:\\\/\\\/nationalcablespecialists.ca\\\/fr\\\/produit\\\/conduit-en-pehd\\\/#primaryimage\"},\"thumbnailUrl\":\"https:\\\/\\\/nationalcablespecialists.ca\\\/wp-content\\\/uploads\\\/2023\\\/09\\\/Powerguard_500px-2.jpg\",\"datePublished\":\"2023-09-15T21:34:04+00:00\",\"dateModified\":\"2024-01-08T20:45:21+00:00\",\"description\":\"National Cable Specialists carries a selection of Conduit en PEHD for sale. Visit our website to learn more information.\",\"breadcrumb\":{\"@id\":\"https:\\\/\\\/nationalcablespecialists.ca\\\/fr\\\/produit\\\/conduit-en-pehd\\\/#breadcrumb\"},\"inLanguage\":\"fr-FR\",\"potentialAction\":[{\"@type\":\"ReadAction\",\"target\":[\"https:\\\/\\\/nationalcablespecialists.ca\\\/fr\\\/produit\\\/conduit-en-pehd\\\/\"]}]},{\"@type\":\"ImageObject\",\"inLanguage\":\"fr-FR\",\"@id\":\"https:\\\/\\\/nationalcablespecialists.ca\\\/fr\\\/produit\\\/conduit-en-pehd\\\/#primaryimage\",\"url\":\"https:\\\/\\\/nationalcablespecialists.ca\\\/wp-content\\\/uploads\\\/2023\\\/09\\\/Powerguard_500px-2.jpg\",\"contentUrl\":\"https:\\\/\\\/nationalcablespecialists.ca\\\/wp-content\\\/uploads\\\/2023\\\/09\\\/Powerguard_500px-2.jpg\",\"width\":500,\"height\":500,\"caption\":\"hdpe conduit\"},{\"@type\":\"BreadcrumbList\",\"@id\":\"https:\\\/\\\/nationalcablespecialists.ca\\\/fr\\\/produit\\\/conduit-en-pehd\\\/#breadcrumb\",\"itemListElement\":[{\"@type\":\"ListItem\",\"position\":1,\"name\":\"Produits\",\"item\":\"https:\\\/\\\/nationalcablespecialists.ca\\\/our-products\\\/\"},{\"@type\":\"ListItem\",\"position\":2,\"name\":\"Accessoires \u00e9lectroniques\",\"item\":\"https:\\\/\\\/nationalcablespecialists.ca\\\/fr\\\/categorie-produit\\\/accessoires-electroniques\\\/\"},{\"@type\":\"ListItem\",\"position\":3,\"name\":\"Conduit en PEHD\",\"item\":\"https:\\\/\\\/nationalcablespecialists.ca\\\/fr\\\/categorie-produit\\\/accessoires-electroniques\\\/conduit-en-pehd\\\/\"},{\"@type\":\"ListItem\",\"position\":4,\"name\":\"Conduit en PEHD\"}]},{\"@type\":\"WebSite\",\"@id\":\"https:\\\/\\\/nationalcablespecialists.ca\\\/fr\\\/#website\",\"url\":\"https:\\\/\\\/nationalcablespecialists.ca\\\/fr\\\/\",\"name\":\"National Cable Specialists\",\"description\":\"\",\"publisher\":{\"@id\":\"https:\\\/\\\/nationalcablespecialists.ca\\\/fr\\\/#organization\"},\"potentialAction\":[{\"@type\":\"SearchAction\",\"target\":{\"@type\":\"EntryPoint\",\"urlTemplate\":\"https:\\\/\\\/nationalcablespecialists.ca\\\/fr\\\/?s={search_term_string}\"},\"query-input\":{\"@type\":\"PropertyValueSpecification\",\"valueRequired\":true,\"valueName\":\"search_term_string\"}}],\"inLanguage\":\"fr-FR\"},{\"@type\":\"Organization\",\"@id\":\"https:\\\/\\\/nationalcablespecialists.ca\\\/fr\\\/#organization\",\"name\":\"National Cable Specialists\",\"url\":\"https:\\\/\\\/nationalcablespecialists.ca\\\/fr\\\/\",\"logo\":{\"@type\":\"ImageObject\",\"inLanguage\":\"fr-FR\",\"@id\":\"https:\\\/\\\/nationalcablespecialists.ca\\\/fr\\\/#\\\/schema\\\/logo\\\/image\\\/\",\"url\":\"https:\\\/\\\/nationalcablespecialists.ca\\\/wp-content\\\/uploads\\\/2023\\\/01\\\/NCS_Lrg_Logo.png\",\"contentUrl\":\"https:\\\/\\\/nationalcablespecialists.ca\\\/wp-content\\\/uploads\\\/2023\\\/01\\\/NCS_Lrg_Logo.png\",\"width\":1600,\"height\":840,\"caption\":\"National Cable Specialists\"},\"image\":{\"@id\":\"https:\\\/\\\/nationalcablespecialists.ca\\\/fr\\\/#\\\/schema\\\/logo\\\/image\\\/\"}}]}<\/script>\n<!-- \/ Yoast SEO plugin. -->","yoast_head_json":{"title":"Conduit en PEHD - National Cable Specialists","description":"National Cable Specialists carries a selection of Conduit en PEHD for sale. Visit our website to learn more information.","robots":{"index":"index","follow":"follow","max-snippet":"max-snippet:-1","max-image-preview":"max-image-preview:large","max-video-preview":"max-video-preview:-1"},"canonical":"https:\/\/nationalcablespecialists.ca\/fr\/produit\/conduit-en-pehd\/","og_locale":"fr_FR","og_type":"article","og_title":"Conduit en PEHD - National Cable Specialists","og_description":"National Cable Specialists carries a selection of Conduit en PEHD for sale. Visit our website to learn more information.","og_url":"https:\/\/nationalcablespecialists.ca\/fr\/produit\/conduit-en-pehd\/","og_site_name":"National Cable Specialists","article_modified_time":"2024-01-08T20:45:21+00:00","og_image":[{"width":500,"height":500,"url":"https:\/\/nationalcablespecialists.ca\/wp-content\/uploads\/2023\/09\/Powerguard_500px-2.jpg","type":"image\/jpeg"}],"twitter_card":"summary_large_image","twitter_misc":{"Dur\u00e9e de lecture estim\u00e9e":"1 minute"},"schema":{"@context":"https:\/\/schema.org","@graph":[{"@type":"WebPage","@id":"https:\/\/nationalcablespecialists.ca\/fr\/produit\/conduit-en-pehd\/","url":"https:\/\/nationalcablespecialists.ca\/fr\/produit\/conduit-en-pehd\/","name":"Conduit en PEHD - National Cable Specialists","isPartOf":{"@id":"https:\/\/nationalcablespecialists.ca\/fr\/#website"},"primaryImageOfPage":{"@id":"https:\/\/nationalcablespecialists.ca\/fr\/produit\/conduit-en-pehd\/#primaryimage"},"image":{"@id":"https:\/\/nationalcablespecialists.ca\/fr\/produit\/conduit-en-pehd\/#primaryimage"},"thumbnailUrl":"https:\/\/nationalcablespecialists.ca\/wp-content\/uploads\/2023\/09\/Powerguard_500px-2.jpg","datePublished":"2023-09-15T21:34:04+00:00","dateModified":"2024-01-08T20:45:21+00:00","description":"National Cable Specialists carries a selection of Conduit en PEHD for sale. Visit our website to learn more information.","breadcrumb":{"@id":"https:\/\/nationalcablespecialists.ca\/fr\/produit\/conduit-en-pehd\/#breadcrumb"},"inLanguage":"fr-FR","potentialAction":[{"@type":"ReadAction","target":["https:\/\/nationalcablespecialists.ca\/fr\/produit\/conduit-en-pehd\/"]}]},{"@type":"ImageObject","inLanguage":"fr-FR","@id":"https:\/\/nationalcablespecialists.ca\/fr\/produit\/conduit-en-pehd\/#primaryimage","url":"https:\/\/nationalcablespecialists.ca\/wp-content\/uploads\/2023\/09\/Powerguard_500px-2.jpg","contentUrl":"https:\/\/nationalcablespecialists.ca\/wp-content\/uploads\/2023\/09\/Powerguard_500px-2.jpg","width":500,"height":500,"caption":"hdpe conduit"},{"@type":"BreadcrumbList","@id":"https:\/\/nationalcablespecialists.ca\/fr\/produit\/conduit-en-pehd\/#breadcrumb","itemListElement":[{"@type":"ListItem","position":1,"name":"Produits","item":"https:\/\/nationalcablespecialists.ca\/our-products\/"},{"@type":"ListItem","position":2,"name":"Accessoires \u00e9lectroniques","item":"https:\/\/nationalcablespecialists.ca\/fr\/categorie-produit\/accessoires-electroniques\/"},{"@type":"ListItem","position":3,"name":"Conduit en PEHD","item":"https:\/\/nationalcablespecialists.ca\/fr\/categorie-produit\/accessoires-electroniques\/conduit-en-pehd\/"},{"@type":"ListItem","position":4,"name":"Conduit en PEHD"}]},{"@type":"WebSite","@id":"https:\/\/nationalcablespecialists.ca\/fr\/#website","url":"https:\/\/nationalcablespecialists.ca\/fr\/","name":"National Cable Specialists","description":"","publisher":{"@id":"https:\/\/nationalcablespecialists.ca\/fr\/#organization"},"potentialAction":[{"@type":"SearchAction","target":{"@type":"EntryPoint","urlTemplate":"https:\/\/nationalcablespecialists.ca\/fr\/?s={search_term_string}"},"query-input":{"@type":"PropertyValueSpecification","valueRequired":true,"valueName":"search_term_string"}}],"inLanguage":"fr-FR"},{"@type":"Organization","@id":"https:\/\/nationalcablespecialists.ca\/fr\/#organization","name":"National Cable Specialists","url":"https:\/\/nationalcablespecialists.ca\/fr\/","logo":{"@type":"ImageObject","inLanguage":"fr-FR","@id":"https:\/\/nationalcablespecialists.ca\/fr\/#\/schema\/logo\/image\/","url":"https:\/\/nationalcablespecialists.ca\/wp-content\/uploads\/2023\/01\/NCS_Lrg_Logo.png","contentUrl":"https:\/\/nationalcablespecialists.ca\/wp-content\/uploads\/2023\/01\/NCS_Lrg_Logo.png","width":1600,"height":840,"caption":"National Cable Specialists"},"image":{"@id":"https:\/\/nationalcablespecialists.ca\/fr\/#\/schema\/logo\/image\/"}}]}},"_links":{"self":[{"href":"https:\/\/nationalcablespecialists.ca\/fr\/wp-json\/wp\/v2\/product\/23045","targetHints":{"allow":["GET"]}}],"collection":[{"href":"https:\/\/nationalcablespecialists.ca\/fr\/wp-json\/wp\/v2\/product"}],"about":[{"href":"https:\/\/nationalcablespecialists.ca\/fr\/wp-json\/wp\/v2\/types\/product"}],"replies":[{"embeddable":true,"href":"https:\/\/nationalcablespecialists.ca\/fr\/wp-json\/wp\/v2\/comments?post=23045"}],"wp:featuredmedia":[{"embeddable":true,"href":"https:\/\/nationalcablespecialists.ca\/fr\/wp-json\/wp\/v2\/media\/21690"}],"wp:attachment":[{"href":"https:\/\/nationalcablespecialists.ca\/fr\/wp-json\/wp\/v2\/media?parent=23045"}],"wp:term":[{"taxonomy":"product_brand","embeddable":true,"href":"https:\/\/nationalcablespecialists.ca\/fr\/wp-json\/wp\/v2\/product_brand?post=23045"},{"taxonomy":"product_cat","embeddable":true,"href":"https:\/\/nationalcablespecialists.ca\/fr\/wp-json\/wp\/v2\/product_cat?post=23045"},{"taxonomy":"product_tag","embeddable":true,"href":"https:\/\/nationalcablespecialists.ca\/fr\/wp-json\/wp\/v2\/product_tag?post=23045"},{"taxonomy":"application","embeddable":true,"href":"https:\/\/nationalcablespecialists.ca\/fr\/wp-json\/wp\/v2\/application?post=23045"},{"taxonomy":"voltage-rating","embeddable":true,"href":"https:\/\/nationalcablespecialists.ca\/fr\/wp-json\/wp\/v2\/voltage-rating?post=23045"},{"taxonomy":"jacket-material","embeddable":true,"href":"https:\/\/nationalcablespecialists.ca\/fr\/wp-json\/wp\/v2\/jacket-material?post=23045"},{"taxonomy":"insulation-material","embeddable":true,"href":"https:\/\/nationalcablespecialists.ca\/fr\/wp-json\/wp\/v2\/insulation-material?post=23045"},{"taxonomy":"conductor-material","embeddable":true,"href":"https:\/\/nationalcablespecialists.ca\/fr\/wp-json\/wp\/v2\/conductor-material?post=23045"},{"taxonomy":"wire-gauge","embeddable":true,"href":"https:\/\/nationalcablespecialists.ca\/fr\/wp-json\/wp\/v2\/wire-gauge?post=23045"},{"taxonomy":"conductor","embeddable":true,"href":"https:\/\/nationalcablespecialists.ca\/fr\/wp-json\/wp\/v2\/conductor?post=23045"}],"curies":[{"name":"wp","href":"https:\/\/api.w.org\/{rel}","templated":true}]}}