{"id":23039,"date":"2023-09-15T14:31:11","date_gmt":"2023-09-15T21:31:11","guid":{"rendered":"https:\/\/nationalcablespecialists.ca\/product\/fas-cable-dalarme-incendie-blinde-feuille-de-protection\/"},"modified":"2024-01-23T10:45:30","modified_gmt":"2024-01-23T18:45:30","slug":"fas-cable-dalarme-incendie-blinde-feuille-de-protection","status":"publish","type":"product","link":"https:\/\/nationalcablespecialists.ca\/fr\/produit\/fas-cable-dalarme-incendie-blinde-feuille-de-protection\/","title":{"rendered":"FAS C\u00e2ble d\u2019alarme incendie blind\u00e9 Feuille de protection"},"content":{"rendered":"<div><strong>Conducteur<\/strong> Cuivre nu massif<\/div>\n<div><strong>Veste int\u00e9rieure<\/strong> PVC rouge<\/div>\n<div><strong>Bouclier<\/strong> Blindage en aluminium et polyester avec fil de drainage en cuivre \u00e9tam\u00e9 toronn\u00e9 de 22 AWG<\/div>\n<div><strong>Armure<\/strong> Aluminium verrouill\u00e9 (Disponible en rouge, veuillez vous renseigner)<\/div>\n<div><strong>Code couleur<\/strong> 92<\/div>\n<div><strong>Temp\u00e9rature<\/strong> -30\u00b0C coude \u00e0 105\u00b0C<\/div>\n<div><strong>Emballage<\/strong> Bobines X 75, X 150, X 300m<\/div>\n<div><strong>Approbations<\/strong> CSA C22.2 n\u00b0 208 Type FAS FT4, SR (r\u00e9sistant \u00e0 la lumi\u00e8re du soleil)<\/div>\n<div><strong>Applications<\/strong> Con\u00e7u pour \u00eatre utilis\u00e9 dans l\u2019interconnexion d\u2019\u00e9l\u00e9ments de syst\u00e8me de s\u00e9curit\u00e9&nbsp;; y compris les dispositifs de signalisation de protection contre l\u2019incendie tels que les d\u00e9tecteurs de fum\u00e9e, les alarmes incendie et les syst\u00e8mes de communication d\u2019urgence bidirectionnels.<\/div>\n","protected":false},"excerpt":{"rendered":"<p>Conducteur Cuivre nu massif Veste int\u00e9rieure PVC rouge Bouclier Blindage en aluminium et polyester avec fil de drainage en cuivre \u00e9tam\u00e9 toronn\u00e9 de 22 AWG Armure Aluminium verrouill\u00e9 (Disponible en rouge, veuillez vous renseigner) Code couleur 92 Temp\u00e9rature -30\u00b0C coude \u00e0 105\u00b0C Emballage Bobines X 75, X 150, X 300m Approbations CSA C22.2 n\u00b0 208 [&hellip;]<\/p>\n","protected":false},"featured_media":21454,"comment_status":"open","ping_status":"closed","template":"","meta":{"_acf_changed":false},"product_brand":[],"product_cat":[701],"product_tag":[690],"application":[696,698,699,700],"voltage-rating":[],"jacket-material":[694],"insulation-material":[],"conductor-material":[697],"wire-gauge":[674,673],"conductor":[678,681],"class_list":{"0":"post-23039","1":"product","2":"type-product","3":"status-publish","4":"has-post-thumbnail","6":"product_cat-cable-dalarme-incendie","7":"product_tag-alarme-incendie","8":"application-alarme-incendie","9":"application-communication-durgence","10":"application-detecteur-de-fumee","11":"application-signalisation-incendie","12":"jacket-material-chlorure-de-polyvinyle","13":"conductor-material-cuivre-nu-massif","14":"wire-gauge-16-awg-fr","15":"wire-gauge-18-awg-fr","16":"conductor-3-fr","17":"conductor-5-fr","19":"first","20":"instock","21":"shipping-taxable","22":"purchasable","23":"product-type-variable"},"acf":[],"yoast_head":"<!-- This site is optimized with the Yoast SEO plugin v26.2 - https:\/\/yoast.com\/wordpress\/plugins\/seo\/ -->\n<title>FAS C\u00e2ble d\u2019alarme incendie blind\u00e9 Feuille de protection - National Cable Specialists<\/title>\n<meta name=\"description\" content=\"National Cable Specialists carries a selection of FAS C\u00e2ble d\u2019alarme incendie blind\u00e9 Feuille de protection for sale. Visit our website to learn more information.\" \/>\n<meta name=\"robots\" content=\"index, follow, max-snippet:-1, max-image-preview:large, max-video-preview:-1\" \/>\n<link rel=\"canonical\" href=\"https:\/\/nationalcablespecialists.ca\/fr\/produit\/fas-cable-dalarme-incendie-blinde-feuille-de-protection\/\" \/>\n<meta property=\"og:locale\" content=\"fr_FR\" \/>\n<meta property=\"og:type\" content=\"article\" \/>\n<meta property=\"og:title\" content=\"FAS C\u00e2ble d\u2019alarme incendie blind\u00e9 Feuille de protection - National Cable Specialists\" \/>\n<meta property=\"og:description\" content=\"National Cable Specialists carries a selection of FAS C\u00e2ble d\u2019alarme incendie blind\u00e9 Feuille de protection for sale. Visit our website to learn more information.\" \/>\n<meta property=\"og:url\" content=\"https:\/\/nationalcablespecialists.ca\/fr\/produit\/fas-cable-dalarme-incendie-blinde-feuille-de-protection\/\" \/>\n<meta property=\"og:site_name\" content=\"National Cable Specialists\" \/>\n<meta property=\"article:modified_time\" content=\"2024-01-23T18:45:30+00:00\" \/>\n<meta property=\"og:image\" content=\"https:\/\/nationalcablespecialists.ca\/wp-content\/uploads\/2023\/09\/FAS-Fire-Alarm-Cable-Armoured-Foil-Shield_500px-2.jpg\" \/>\n\t<meta property=\"og:image:width\" content=\"500\" \/>\n\t<meta property=\"og:image:height\" content=\"500\" \/>\n\t<meta property=\"og:image:type\" content=\"image\/jpeg\" \/>\n<meta name=\"twitter:card\" content=\"summary_large_image\" \/>\n<meta name=\"twitter:label1\" content=\"Dur\u00e9e de lecture estim\u00e9e\" \/>\n\t<meta name=\"twitter:data1\" content=\"1 minute\" \/>\n<script type=\"application\/ld+json\" class=\"yoast-schema-graph\">{\"@context\":\"https:\/\/schema.org\",\"@graph\":[{\"@type\":\"WebPage\",\"@id\":\"https:\/\/nationalcablespecialists.ca\/fr\/produit\/fas-cable-dalarme-incendie-blinde-feuille-de-protection\/\",\"url\":\"https:\/\/nationalcablespecialists.ca\/fr\/produit\/fas-cable-dalarme-incendie-blinde-feuille-de-protection\/\",\"name\":\"FAS C\u00e2ble d\u2019alarme incendie blind\u00e9 Feuille de protection - National Cable Specialists\",\"isPartOf\":{\"@id\":\"https:\/\/nationalcablespecialists.ca\/fr\/#website\"},\"primaryImageOfPage\":{\"@id\":\"https:\/\/nationalcablespecialists.ca\/fr\/produit\/fas-cable-dalarme-incendie-blinde-feuille-de-protection\/#primaryimage\"},\"image\":{\"@id\":\"https:\/\/nationalcablespecialists.ca\/fr\/produit\/fas-cable-dalarme-incendie-blinde-feuille-de-protection\/#primaryimage\"},\"thumbnailUrl\":\"https:\/\/nationalcablespecialists.ca\/wp-content\/uploads\/2023\/09\/FAS-Fire-Alarm-Cable-Armoured-Foil-Shield_500px-2.jpg\",\"datePublished\":\"2023-09-15T21:31:11+00:00\",\"dateModified\":\"2024-01-23T18:45:30+00:00\",\"description\":\"National Cable Specialists carries a selection of FAS C\u00e2ble d\u2019alarme incendie blind\u00e9 Feuille de protection for sale. Visit our website to learn more information.\",\"breadcrumb\":{\"@id\":\"https:\/\/nationalcablespecialists.ca\/fr\/produit\/fas-cable-dalarme-incendie-blinde-feuille-de-protection\/#breadcrumb\"},\"inLanguage\":\"fr-FR\",\"potentialAction\":[{\"@type\":\"ReadAction\",\"target\":[\"https:\/\/nationalcablespecialists.ca\/fr\/produit\/fas-cable-dalarme-incendie-blinde-feuille-de-protection\/\"]}]},{\"@type\":\"ImageObject\",\"inLanguage\":\"fr-FR\",\"@id\":\"https:\/\/nationalcablespecialists.ca\/fr\/produit\/fas-cable-dalarme-incendie-blinde-feuille-de-protection\/#primaryimage\",\"url\":\"https:\/\/nationalcablespecialists.ca\/wp-content\/uploads\/2023\/09\/FAS-Fire-Alarm-Cable-Armoured-Foil-Shield_500px-2.jpg\",\"contentUrl\":\"https:\/\/nationalcablespecialists.ca\/wp-content\/uploads\/2023\/09\/FAS-Fire-Alarm-Cable-Armoured-Foil-Shield_500px-2.jpg\",\"width\":500,\"height\":500,\"caption\":\"fire alarm cable\"},{\"@type\":\"BreadcrumbList\",\"@id\":\"https:\/\/nationalcablespecialists.ca\/fr\/produit\/fas-cable-dalarme-incendie-blinde-feuille-de-protection\/#breadcrumb\",\"itemListElement\":[{\"@type\":\"ListItem\",\"position\":1,\"name\":\"Produits\",\"item\":\"https:\/\/nationalcablespecialists.ca\/our-products\/\"},{\"@type\":\"ListItem\",\"position\":2,\"name\":\"C\u00e2ble \u00e9lectronique\",\"item\":\"https:\/\/nationalcablespecialists.ca\/fr\/categorie-produit\/cable-electronique\/\"},{\"@type\":\"ListItem\",\"position\":3,\"name\":\"C\u00e2ble d\u2019alarme incendie\",\"item\":\"https:\/\/nationalcablespecialists.ca\/fr\/categorie-produit\/cable-electronique\/cable-dalarme-incendie\/\"},{\"@type\":\"ListItem\",\"position\":4,\"name\":\"FAS C\u00e2ble d\u2019alarme incendie blind\u00e9 Feuille de protection\"}]},{\"@type\":\"WebSite\",\"@id\":\"https:\/\/nationalcablespecialists.ca\/fr\/#website\",\"url\":\"https:\/\/nationalcablespecialists.ca\/fr\/\",\"name\":\"National Cable Specialists\",\"description\":\"\",\"publisher\":{\"@id\":\"https:\/\/nationalcablespecialists.ca\/fr\/#organization\"},\"potentialAction\":[{\"@type\":\"SearchAction\",\"target\":{\"@type\":\"EntryPoint\",\"urlTemplate\":\"https:\/\/nationalcablespecialists.ca\/fr\/?s={search_term_string}\"},\"query-input\":{\"@type\":\"PropertyValueSpecification\",\"valueRequired\":true,\"valueName\":\"search_term_string\"}}],\"inLanguage\":\"fr-FR\"},{\"@type\":\"Organization\",\"@id\":\"https:\/\/nationalcablespecialists.ca\/fr\/#organization\",\"name\":\"National Cable Specialists\",\"url\":\"https:\/\/nationalcablespecialists.ca\/fr\/\",\"logo\":{\"@type\":\"ImageObject\",\"inLanguage\":\"fr-FR\",\"@id\":\"https:\/\/nationalcablespecialists.ca\/fr\/#\/schema\/logo\/image\/\",\"url\":\"https:\/\/nationalcablespecialists.ca\/wp-content\/uploads\/2023\/01\/NCS_Lrg_Logo.png\",\"contentUrl\":\"https:\/\/nationalcablespecialists.ca\/wp-content\/uploads\/2023\/01\/NCS_Lrg_Logo.png\",\"width\":1600,\"height\":840,\"caption\":\"National Cable Specialists\"},\"image\":{\"@id\":\"https:\/\/nationalcablespecialists.ca\/fr\/#\/schema\/logo\/image\/\"}}]}<\/script>\n<!-- \/ Yoast SEO plugin. -->","yoast_head_json":{"title":"FAS C\u00e2ble d\u2019alarme incendie blind\u00e9 Feuille de protection - National Cable Specialists","description":"National Cable Specialists carries a selection of FAS C\u00e2ble d\u2019alarme incendie blind\u00e9 Feuille de protection for sale. Visit our website to learn more information.","robots":{"index":"index","follow":"follow","max-snippet":"max-snippet:-1","max-image-preview":"max-image-preview:large","max-video-preview":"max-video-preview:-1"},"canonical":"https:\/\/nationalcablespecialists.ca\/fr\/produit\/fas-cable-dalarme-incendie-blinde-feuille-de-protection\/","og_locale":"fr_FR","og_type":"article","og_title":"FAS C\u00e2ble d\u2019alarme incendie blind\u00e9 Feuille de protection - National Cable Specialists","og_description":"National Cable Specialists carries a selection of FAS C\u00e2ble d\u2019alarme incendie blind\u00e9 Feuille de protection for sale. Visit our website to learn more information.","og_url":"https:\/\/nationalcablespecialists.ca\/fr\/produit\/fas-cable-dalarme-incendie-blinde-feuille-de-protection\/","og_site_name":"National Cable Specialists","article_modified_time":"2024-01-23T18:45:30+00:00","og_image":[{"width":500,"height":500,"url":"https:\/\/nationalcablespecialists.ca\/wp-content\/uploads\/2023\/09\/FAS-Fire-Alarm-Cable-Armoured-Foil-Shield_500px-2.jpg","type":"image\/jpeg"}],"twitter_card":"summary_large_image","twitter_misc":{"Dur\u00e9e de lecture estim\u00e9e":"1 minute"},"schema":{"@context":"https:\/\/schema.org","@graph":[{"@type":"WebPage","@id":"https:\/\/nationalcablespecialists.ca\/fr\/produit\/fas-cable-dalarme-incendie-blinde-feuille-de-protection\/","url":"https:\/\/nationalcablespecialists.ca\/fr\/produit\/fas-cable-dalarme-incendie-blinde-feuille-de-protection\/","name":"FAS C\u00e2ble d\u2019alarme incendie blind\u00e9 Feuille de protection - National Cable Specialists","isPartOf":{"@id":"https:\/\/nationalcablespecialists.ca\/fr\/#website"},"primaryImageOfPage":{"@id":"https:\/\/nationalcablespecialists.ca\/fr\/produit\/fas-cable-dalarme-incendie-blinde-feuille-de-protection\/#primaryimage"},"image":{"@id":"https:\/\/nationalcablespecialists.ca\/fr\/produit\/fas-cable-dalarme-incendie-blinde-feuille-de-protection\/#primaryimage"},"thumbnailUrl":"https:\/\/nationalcablespecialists.ca\/wp-content\/uploads\/2023\/09\/FAS-Fire-Alarm-Cable-Armoured-Foil-Shield_500px-2.jpg","datePublished":"2023-09-15T21:31:11+00:00","dateModified":"2024-01-23T18:45:30+00:00","description":"National Cable Specialists carries a selection of FAS C\u00e2ble d\u2019alarme incendie blind\u00e9 Feuille de protection for sale. Visit our website to learn more information.","breadcrumb":{"@id":"https:\/\/nationalcablespecialists.ca\/fr\/produit\/fas-cable-dalarme-incendie-blinde-feuille-de-protection\/#breadcrumb"},"inLanguage":"fr-FR","potentialAction":[{"@type":"ReadAction","target":["https:\/\/nationalcablespecialists.ca\/fr\/produit\/fas-cable-dalarme-incendie-blinde-feuille-de-protection\/"]}]},{"@type":"ImageObject","inLanguage":"fr-FR","@id":"https:\/\/nationalcablespecialists.ca\/fr\/produit\/fas-cable-dalarme-incendie-blinde-feuille-de-protection\/#primaryimage","url":"https:\/\/nationalcablespecialists.ca\/wp-content\/uploads\/2023\/09\/FAS-Fire-Alarm-Cable-Armoured-Foil-Shield_500px-2.jpg","contentUrl":"https:\/\/nationalcablespecialists.ca\/wp-content\/uploads\/2023\/09\/FAS-Fire-Alarm-Cable-Armoured-Foil-Shield_500px-2.jpg","width":500,"height":500,"caption":"fire alarm cable"},{"@type":"BreadcrumbList","@id":"https:\/\/nationalcablespecialists.ca\/fr\/produit\/fas-cable-dalarme-incendie-blinde-feuille-de-protection\/#breadcrumb","itemListElement":[{"@type":"ListItem","position":1,"name":"Produits","item":"https:\/\/nationalcablespecialists.ca\/our-products\/"},{"@type":"ListItem","position":2,"name":"C\u00e2ble \u00e9lectronique","item":"https:\/\/nationalcablespecialists.ca\/fr\/categorie-produit\/cable-electronique\/"},{"@type":"ListItem","position":3,"name":"C\u00e2ble d\u2019alarme incendie","item":"https:\/\/nationalcablespecialists.ca\/fr\/categorie-produit\/cable-electronique\/cable-dalarme-incendie\/"},{"@type":"ListItem","position":4,"name":"FAS C\u00e2ble d\u2019alarme incendie blind\u00e9 Feuille de protection"}]},{"@type":"WebSite","@id":"https:\/\/nationalcablespecialists.ca\/fr\/#website","url":"https:\/\/nationalcablespecialists.ca\/fr\/","name":"National Cable Specialists","description":"","publisher":{"@id":"https:\/\/nationalcablespecialists.ca\/fr\/#organization"},"potentialAction":[{"@type":"SearchAction","target":{"@type":"EntryPoint","urlTemplate":"https:\/\/nationalcablespecialists.ca\/fr\/?s={search_term_string}"},"query-input":{"@type":"PropertyValueSpecification","valueRequired":true,"valueName":"search_term_string"}}],"inLanguage":"fr-FR"},{"@type":"Organization","@id":"https:\/\/nationalcablespecialists.ca\/fr\/#organization","name":"National Cable Specialists","url":"https:\/\/nationalcablespecialists.ca\/fr\/","logo":{"@type":"ImageObject","inLanguage":"fr-FR","@id":"https:\/\/nationalcablespecialists.ca\/fr\/#\/schema\/logo\/image\/","url":"https:\/\/nationalcablespecialists.ca\/wp-content\/uploads\/2023\/01\/NCS_Lrg_Logo.png","contentUrl":"https:\/\/nationalcablespecialists.ca\/wp-content\/uploads\/2023\/01\/NCS_Lrg_Logo.png","width":1600,"height":840,"caption":"National Cable Specialists"},"image":{"@id":"https:\/\/nationalcablespecialists.ca\/fr\/#\/schema\/logo\/image\/"}}]}},"_links":{"self":[{"href":"https:\/\/nationalcablespecialists.ca\/fr\/wp-json\/wp\/v2\/product\/23039","targetHints":{"allow":["GET"]}}],"collection":[{"href":"https:\/\/nationalcablespecialists.ca\/fr\/wp-json\/wp\/v2\/product"}],"about":[{"href":"https:\/\/nationalcablespecialists.ca\/fr\/wp-json\/wp\/v2\/types\/product"}],"replies":[{"embeddable":true,"href":"https:\/\/nationalcablespecialists.ca\/fr\/wp-json\/wp\/v2\/comments?post=23039"}],"wp:featuredmedia":[{"embeddable":true,"href":"https:\/\/nationalcablespecialists.ca\/fr\/wp-json\/wp\/v2\/media\/21454"}],"wp:attachment":[{"href":"https:\/\/nationalcablespecialists.ca\/fr\/wp-json\/wp\/v2\/media?parent=23039"}],"wp:term":[{"taxonomy":"product_brand","embeddable":true,"href":"https:\/\/nationalcablespecialists.ca\/fr\/wp-json\/wp\/v2\/product_brand?post=23039"},{"taxonomy":"product_cat","embeddable":true,"href":"https:\/\/nationalcablespecialists.ca\/fr\/wp-json\/wp\/v2\/product_cat?post=23039"},{"taxonomy":"product_tag","embeddable":true,"href":"https:\/\/nationalcablespecialists.ca\/fr\/wp-json\/wp\/v2\/product_tag?post=23039"},{"taxonomy":"application","embeddable":true,"href":"https:\/\/nationalcablespecialists.ca\/fr\/wp-json\/wp\/v2\/application?post=23039"},{"taxonomy":"voltage-rating","embeddable":true,"href":"https:\/\/nationalcablespecialists.ca\/fr\/wp-json\/wp\/v2\/voltage-rating?post=23039"},{"taxonomy":"jacket-material","embeddable":true,"href":"https:\/\/nationalcablespecialists.ca\/fr\/wp-json\/wp\/v2\/jacket-material?post=23039"},{"taxonomy":"insulation-material","embeddable":true,"href":"https:\/\/nationalcablespecialists.ca\/fr\/wp-json\/wp\/v2\/insulation-material?post=23039"},{"taxonomy":"conductor-material","embeddable":true,"href":"https:\/\/nationalcablespecialists.ca\/fr\/wp-json\/wp\/v2\/conductor-material?post=23039"},{"taxonomy":"wire-gauge","embeddable":true,"href":"https:\/\/nationalcablespecialists.ca\/fr\/wp-json\/wp\/v2\/wire-gauge?post=23039"},{"taxonomy":"conductor","embeddable":true,"href":"https:\/\/nationalcablespecialists.ca\/fr\/wp-json\/wp\/v2\/conductor?post=23039"}],"curies":[{"name":"wp","href":"https:\/\/api.w.org\/{rel}","templated":true}]}}