{"id":23037,"date":"2023-12-12T16:18:20","date_gmt":"2023-12-13T00:18:20","guid":{"rendered":"https:\/\/nationalcablespecialists.ca\/product\/sjo-cable-retractable\/"},"modified":"2024-01-23T10:45:30","modified_gmt":"2024-01-23T18:45:30","slug":"sjo-cable-retractable","status":"publish","type":"product","link":"https:\/\/nationalcablespecialists.ca\/fr\/produit\/sjo-cable-retractable\/","title":{"rendered":"SJO C\u00e2ble r\u00e9tractable"},"content":{"rendered":"<p><strong>Conducteur<\/strong> Cuivre nu toronn\u00e9<br \/>\n<strong>Isolation<\/strong> Caoutchouc<br \/>\n<strong>Veste<\/strong> Thermodurcissable noir, r\u00e9sistant \u00e0 l\u2019huile<br \/>\n<strong>Temp\u00e9rature<\/strong> +90\u00b0C<br \/>\n<strong>Tension 300V<\/strong><br \/>\n<strong>Applications<\/strong> Con\u00e7u comme cordon d\u2019alimentation sur les machines-outils, les \u00e9quipements de communication, les \u00e9quipements d\u2019essai, les<br \/>\nles \u00e9quipements de distribution, les appareils \u00e9lectrom\u00e9nagers, l\u2019\u00e9clairage, les commandes mobiles et de nombreuses autres applications.<br \/>\n<strong>Approbations<\/strong> CSA, UL<br \/>\n<strong>Code couleur<\/strong><br \/>\n2c-Noir, Blanc<br \/>\n3c-Noir, Blanc, Vert<br \/>\n4c-Noir, Blanc, Vert, Rouge<\/p>\n<p>*Les courants admissibles (amp\u00e8res par conducteur) sont bas\u00e9s sur une temp\u00e9rature ambiante de 30 \u00b0C dans l\u2019air et de 90 \u00b0C dans le conducteur.<br \/>\nLongueur r\u00e9tract\u00e9e : 48 po, longueur \u00e9tendue : 20\u2032, tangente aux deux extr\u00e9mit\u00e9s : 6 po<br \/>\n\u00c9galement disponible en longueurs r\u00e9tract\u00e9es de 36&nbsp;\u00bb, 24&nbsp;\u00bb et 12&nbsp;\u00bb avec des longueurs \u00e9tendues au rapport 1&nbsp;:5 &#8211; veuillez vous renseigner pour plus de d\u00e9tails<\/p>\n","protected":false},"excerpt":{"rendered":"<p>Conducteur Cuivre nu toronn\u00e9 Isolation Caoutchouc Veste Thermodurcissable noir, r\u00e9sistant \u00e0 l\u2019huile Temp\u00e9rature +90\u00b0C Tension 300V Applications Con\u00e7u comme cordon d\u2019alimentation sur les machines-outils, les \u00e9quipements de communication, les \u00e9quipements d\u2019essai, les les \u00e9quipements de distribution, les appareils \u00e9lectrom\u00e9nagers, l\u2019\u00e9clairage, les commandes mobiles et de nombreuses autres applications. Approbations CSA, UL Code couleur 2c-Noir, Blanc [&hellip;]<\/p>\n","protected":false},"featured_media":22469,"comment_status":"closed","ping_status":"closed","template":"","meta":{"_acf_changed":false},"product_brand":[],"product_cat":[655],"product_tag":[682,692],"application":[687,684,689,666],"voltage-rating":[683],"jacket-material":[691],"insulation-material":[686],"conductor-material":[685],"wire-gauge":[674,673],"conductor":[679,678,680],"class_list":{"0":"post-23037","1":"product","2":"type-product","3":"status-publish","4":"has-post-thumbnail","6":"product_cat-cable-portatif","7":"product_tag-retractile-fr","8":"product_tag-sjo-en-anglais-seulement","9":"application-appareils-menagers","10":"application-eclairage","11":"application-equipement","12":"application-tools-fr","13":"voltage-rating-300v-fr","14":"jacket-material-thermodurcissable","15":"insulation-material-chlorure-de-polyvinyle","16":"conductor-material-cuivre-nu-toronne","17":"wire-gauge-16-awg-fr","18":"wire-gauge-18-awg-fr","19":"conductor-2-fr","20":"conductor-3-fr","21":"conductor-4-fr","23":"first","24":"instock","25":"shipping-taxable","26":"product-type-variable"},"acf":[],"yoast_head":"<!-- This site is optimized with the Yoast SEO plugin v26.2 - https:\/\/yoast.com\/wordpress\/plugins\/seo\/ -->\n<title>SJO C\u00e2ble r\u00e9tractable - National Cable Specialists<\/title>\n<meta name=\"description\" content=\"National Cable Specialists carries a selection of SJO C\u00e2ble r\u00e9tractable for sale. Visit our website to learn more information.\" \/>\n<meta name=\"robots\" content=\"index, follow, max-snippet:-1, max-image-preview:large, max-video-preview:-1\" \/>\n<link rel=\"canonical\" href=\"https:\/\/nationalcablespecialists.ca\/fr\/produit\/sjo-cable-retractable\/\" \/>\n<meta property=\"og:locale\" content=\"fr_FR\" \/>\n<meta property=\"og:type\" content=\"article\" \/>\n<meta property=\"og:title\" content=\"SJO C\u00e2ble r\u00e9tractable - National Cable Specialists\" \/>\n<meta property=\"og:description\" content=\"National Cable Specialists carries a selection of SJO C\u00e2ble r\u00e9tractable for sale. Visit our website to learn more information.\" \/>\n<meta property=\"og:url\" content=\"https:\/\/nationalcablespecialists.ca\/fr\/produit\/sjo-cable-retractable\/\" \/>\n<meta property=\"og:site_name\" content=\"National Cable Specialists\" \/>\n<meta property=\"article:modified_time\" content=\"2024-01-23T18:45:30+00:00\" \/>\n<meta property=\"og:image\" content=\"https:\/\/nationalcablespecialists.ca\/wp-content\/uploads\/2023\/12\/Retractible-SJTSJO_500px.jpg\" \/>\n\t<meta property=\"og:image:width\" content=\"500\" \/>\n\t<meta property=\"og:image:height\" content=\"500\" \/>\n\t<meta property=\"og:image:type\" content=\"image\/jpeg\" \/>\n<meta name=\"twitter:card\" content=\"summary_large_image\" \/>\n<meta name=\"twitter:label1\" content=\"Dur\u00e9e de lecture estim\u00e9e\" \/>\n\t<meta name=\"twitter:data1\" content=\"1 minute\" \/>\n<script type=\"application\/ld+json\" class=\"yoast-schema-graph\">{\"@context\":\"https:\/\/schema.org\",\"@graph\":[{\"@type\":\"WebPage\",\"@id\":\"https:\/\/nationalcablespecialists.ca\/fr\/produit\/sjo-cable-retractable\/\",\"url\":\"https:\/\/nationalcablespecialists.ca\/fr\/produit\/sjo-cable-retractable\/\",\"name\":\"SJO C\u00e2ble r\u00e9tractable - National Cable Specialists\",\"isPartOf\":{\"@id\":\"https:\/\/nationalcablespecialists.ca\/fr\/#website\"},\"primaryImageOfPage\":{\"@id\":\"https:\/\/nationalcablespecialists.ca\/fr\/produit\/sjo-cable-retractable\/#primaryimage\"},\"image\":{\"@id\":\"https:\/\/nationalcablespecialists.ca\/fr\/produit\/sjo-cable-retractable\/#primaryimage\"},\"thumbnailUrl\":\"https:\/\/nationalcablespecialists.ca\/wp-content\/uploads\/2023\/12\/Retractible-SJTSJO_500px.jpg\",\"datePublished\":\"2023-12-13T00:18:20+00:00\",\"dateModified\":\"2024-01-23T18:45:30+00:00\",\"description\":\"National Cable Specialists carries a selection of SJO C\u00e2ble r\u00e9tractable for sale. Visit our website to learn more information.\",\"breadcrumb\":{\"@id\":\"https:\/\/nationalcablespecialists.ca\/fr\/produit\/sjo-cable-retractable\/#breadcrumb\"},\"inLanguage\":\"fr-FR\",\"potentialAction\":[{\"@type\":\"ReadAction\",\"target\":[\"https:\/\/nationalcablespecialists.ca\/fr\/produit\/sjo-cable-retractable\/\"]}]},{\"@type\":\"ImageObject\",\"inLanguage\":\"fr-FR\",\"@id\":\"https:\/\/nationalcablespecialists.ca\/fr\/produit\/sjo-cable-retractable\/#primaryimage\",\"url\":\"https:\/\/nationalcablespecialists.ca\/wp-content\/uploads\/2023\/12\/Retractible-SJTSJO_500px.jpg\",\"contentUrl\":\"https:\/\/nationalcablespecialists.ca\/wp-content\/uploads\/2023\/12\/Retractible-SJTSJO_500px.jpg\",\"width\":500,\"height\":500,\"caption\":\"Retractible SJT\"},{\"@type\":\"BreadcrumbList\",\"@id\":\"https:\/\/nationalcablespecialists.ca\/fr\/produit\/sjo-cable-retractable\/#breadcrumb\",\"itemListElement\":[{\"@type\":\"ListItem\",\"position\":1,\"name\":\"Produits\",\"item\":\"https:\/\/nationalcablespecialists.ca\/our-products\/\"},{\"@type\":\"ListItem\",\"position\":2,\"name\":\"SJO C\u00e2ble r\u00e9tractable\"}]},{\"@type\":\"WebSite\",\"@id\":\"https:\/\/nationalcablespecialists.ca\/fr\/#website\",\"url\":\"https:\/\/nationalcablespecialists.ca\/fr\/\",\"name\":\"National Cable Specialists\",\"description\":\"\",\"publisher\":{\"@id\":\"https:\/\/nationalcablespecialists.ca\/fr\/#organization\"},\"potentialAction\":[{\"@type\":\"SearchAction\",\"target\":{\"@type\":\"EntryPoint\",\"urlTemplate\":\"https:\/\/nationalcablespecialists.ca\/fr\/?s={search_term_string}\"},\"query-input\":{\"@type\":\"PropertyValueSpecification\",\"valueRequired\":true,\"valueName\":\"search_term_string\"}}],\"inLanguage\":\"fr-FR\"},{\"@type\":\"Organization\",\"@id\":\"https:\/\/nationalcablespecialists.ca\/fr\/#organization\",\"name\":\"National Cable Specialists\",\"url\":\"https:\/\/nationalcablespecialists.ca\/fr\/\",\"logo\":{\"@type\":\"ImageObject\",\"inLanguage\":\"fr-FR\",\"@id\":\"https:\/\/nationalcablespecialists.ca\/fr\/#\/schema\/logo\/image\/\",\"url\":\"https:\/\/nationalcablespecialists.ca\/wp-content\/uploads\/2023\/01\/NCS_Lrg_Logo.png\",\"contentUrl\":\"https:\/\/nationalcablespecialists.ca\/wp-content\/uploads\/2023\/01\/NCS_Lrg_Logo.png\",\"width\":1600,\"height\":840,\"caption\":\"National Cable Specialists\"},\"image\":{\"@id\":\"https:\/\/nationalcablespecialists.ca\/fr\/#\/schema\/logo\/image\/\"}}]}<\/script>\n<!-- \/ Yoast SEO plugin. -->","yoast_head_json":{"title":"SJO C\u00e2ble r\u00e9tractable - National Cable Specialists","description":"National Cable Specialists carries a selection of SJO C\u00e2ble r\u00e9tractable for sale. Visit our website to learn more information.","robots":{"index":"index","follow":"follow","max-snippet":"max-snippet:-1","max-image-preview":"max-image-preview:large","max-video-preview":"max-video-preview:-1"},"canonical":"https:\/\/nationalcablespecialists.ca\/fr\/produit\/sjo-cable-retractable\/","og_locale":"fr_FR","og_type":"article","og_title":"SJO C\u00e2ble r\u00e9tractable - National Cable Specialists","og_description":"National Cable Specialists carries a selection of SJO C\u00e2ble r\u00e9tractable for sale. Visit our website to learn more information.","og_url":"https:\/\/nationalcablespecialists.ca\/fr\/produit\/sjo-cable-retractable\/","og_site_name":"National Cable Specialists","article_modified_time":"2024-01-23T18:45:30+00:00","og_image":[{"width":500,"height":500,"url":"https:\/\/nationalcablespecialists.ca\/wp-content\/uploads\/2023\/12\/Retractible-SJTSJO_500px.jpg","type":"image\/jpeg"}],"twitter_card":"summary_large_image","twitter_misc":{"Dur\u00e9e de lecture estim\u00e9e":"1 minute"},"schema":{"@context":"https:\/\/schema.org","@graph":[{"@type":"WebPage","@id":"https:\/\/nationalcablespecialists.ca\/fr\/produit\/sjo-cable-retractable\/","url":"https:\/\/nationalcablespecialists.ca\/fr\/produit\/sjo-cable-retractable\/","name":"SJO C\u00e2ble r\u00e9tractable - National Cable Specialists","isPartOf":{"@id":"https:\/\/nationalcablespecialists.ca\/fr\/#website"},"primaryImageOfPage":{"@id":"https:\/\/nationalcablespecialists.ca\/fr\/produit\/sjo-cable-retractable\/#primaryimage"},"image":{"@id":"https:\/\/nationalcablespecialists.ca\/fr\/produit\/sjo-cable-retractable\/#primaryimage"},"thumbnailUrl":"https:\/\/nationalcablespecialists.ca\/wp-content\/uploads\/2023\/12\/Retractible-SJTSJO_500px.jpg","datePublished":"2023-12-13T00:18:20+00:00","dateModified":"2024-01-23T18:45:30+00:00","description":"National Cable Specialists carries a selection of SJO C\u00e2ble r\u00e9tractable for sale. Visit our website to learn more information.","breadcrumb":{"@id":"https:\/\/nationalcablespecialists.ca\/fr\/produit\/sjo-cable-retractable\/#breadcrumb"},"inLanguage":"fr-FR","potentialAction":[{"@type":"ReadAction","target":["https:\/\/nationalcablespecialists.ca\/fr\/produit\/sjo-cable-retractable\/"]}]},{"@type":"ImageObject","inLanguage":"fr-FR","@id":"https:\/\/nationalcablespecialists.ca\/fr\/produit\/sjo-cable-retractable\/#primaryimage","url":"https:\/\/nationalcablespecialists.ca\/wp-content\/uploads\/2023\/12\/Retractible-SJTSJO_500px.jpg","contentUrl":"https:\/\/nationalcablespecialists.ca\/wp-content\/uploads\/2023\/12\/Retractible-SJTSJO_500px.jpg","width":500,"height":500,"caption":"Retractible SJT"},{"@type":"BreadcrumbList","@id":"https:\/\/nationalcablespecialists.ca\/fr\/produit\/sjo-cable-retractable\/#breadcrumb","itemListElement":[{"@type":"ListItem","position":1,"name":"Produits","item":"https:\/\/nationalcablespecialists.ca\/our-products\/"},{"@type":"ListItem","position":2,"name":"SJO C\u00e2ble r\u00e9tractable"}]},{"@type":"WebSite","@id":"https:\/\/nationalcablespecialists.ca\/fr\/#website","url":"https:\/\/nationalcablespecialists.ca\/fr\/","name":"National Cable Specialists","description":"","publisher":{"@id":"https:\/\/nationalcablespecialists.ca\/fr\/#organization"},"potentialAction":[{"@type":"SearchAction","target":{"@type":"EntryPoint","urlTemplate":"https:\/\/nationalcablespecialists.ca\/fr\/?s={search_term_string}"},"query-input":{"@type":"PropertyValueSpecification","valueRequired":true,"valueName":"search_term_string"}}],"inLanguage":"fr-FR"},{"@type":"Organization","@id":"https:\/\/nationalcablespecialists.ca\/fr\/#organization","name":"National Cable Specialists","url":"https:\/\/nationalcablespecialists.ca\/fr\/","logo":{"@type":"ImageObject","inLanguage":"fr-FR","@id":"https:\/\/nationalcablespecialists.ca\/fr\/#\/schema\/logo\/image\/","url":"https:\/\/nationalcablespecialists.ca\/wp-content\/uploads\/2023\/01\/NCS_Lrg_Logo.png","contentUrl":"https:\/\/nationalcablespecialists.ca\/wp-content\/uploads\/2023\/01\/NCS_Lrg_Logo.png","width":1600,"height":840,"caption":"National Cable Specialists"},"image":{"@id":"https:\/\/nationalcablespecialists.ca\/fr\/#\/schema\/logo\/image\/"}}]}},"_links":{"self":[{"href":"https:\/\/nationalcablespecialists.ca\/fr\/wp-json\/wp\/v2\/product\/23037","targetHints":{"allow":["GET"]}}],"collection":[{"href":"https:\/\/nationalcablespecialists.ca\/fr\/wp-json\/wp\/v2\/product"}],"about":[{"href":"https:\/\/nationalcablespecialists.ca\/fr\/wp-json\/wp\/v2\/types\/product"}],"replies":[{"embeddable":true,"href":"https:\/\/nationalcablespecialists.ca\/fr\/wp-json\/wp\/v2\/comments?post=23037"}],"wp:featuredmedia":[{"embeddable":true,"href":"https:\/\/nationalcablespecialists.ca\/fr\/wp-json\/wp\/v2\/media\/22469"}],"wp:attachment":[{"href":"https:\/\/nationalcablespecialists.ca\/fr\/wp-json\/wp\/v2\/media?parent=23037"}],"wp:term":[{"taxonomy":"product_brand","embeddable":true,"href":"https:\/\/nationalcablespecialists.ca\/fr\/wp-json\/wp\/v2\/product_brand?post=23037"},{"taxonomy":"product_cat","embeddable":true,"href":"https:\/\/nationalcablespecialists.ca\/fr\/wp-json\/wp\/v2\/product_cat?post=23037"},{"taxonomy":"product_tag","embeddable":true,"href":"https:\/\/nationalcablespecialists.ca\/fr\/wp-json\/wp\/v2\/product_tag?post=23037"},{"taxonomy":"application","embeddable":true,"href":"https:\/\/nationalcablespecialists.ca\/fr\/wp-json\/wp\/v2\/application?post=23037"},{"taxonomy":"voltage-rating","embeddable":true,"href":"https:\/\/nationalcablespecialists.ca\/fr\/wp-json\/wp\/v2\/voltage-rating?post=23037"},{"taxonomy":"jacket-material","embeddable":true,"href":"https:\/\/nationalcablespecialists.ca\/fr\/wp-json\/wp\/v2\/jacket-material?post=23037"},{"taxonomy":"insulation-material","embeddable":true,"href":"https:\/\/nationalcablespecialists.ca\/fr\/wp-json\/wp\/v2\/insulation-material?post=23037"},{"taxonomy":"conductor-material","embeddable":true,"href":"https:\/\/nationalcablespecialists.ca\/fr\/wp-json\/wp\/v2\/conductor-material?post=23037"},{"taxonomy":"wire-gauge","embeddable":true,"href":"https:\/\/nationalcablespecialists.ca\/fr\/wp-json\/wp\/v2\/wire-gauge?post=23037"},{"taxonomy":"conductor","embeddable":true,"href":"https:\/\/nationalcablespecialists.ca\/fr\/wp-json\/wp\/v2\/conductor?post=23037"}],"curies":[{"name":"wp","href":"https:\/\/api.w.org\/{rel}","templated":true}]}}