{"id":24928,"date":"2023-08-30T15:09:46","date_gmt":"2023-08-30T22:09:46","guid":{"rendered":"https:\/\/nationalcablespecialists.ca\/qui-sommes-nous\/"},"modified":"2025-03-31T08:16:53","modified_gmt":"2025-03-31T15:16:53","slug":"qui-sommes-nous","status":"publish","type":"page","link":"https:\/\/nationalcablespecialists.ca\/fr\/qui-sommes-nous\/","title":{"rendered":"Qui sommes-nous"},"content":{"rendered":"\t\t<div data-elementor-type=\"wp-page\" data-elementor-id=\"24928\" class=\"elementor elementor-24928 elementor-1965\" data-elementor-post-type=\"page\">\n\t\t\t\t<div class=\"elementor-element elementor-element-53fa55ef e-flex e-con-boxed e-con e-parent\" data-id=\"53fa55ef\" data-element_type=\"container\" data-settings=\"{&quot;background_background&quot;:&quot;classic&quot;,&quot;jet_parallax_layout_list&quot;:[]}\">\n\t\t\t\t\t<div class=\"e-con-inner\">\n\t\t\t\t<div class=\"elementor-element elementor-element-6918639b elementor-widget elementor-widget-heading\" data-id=\"6918639b\" data-element_type=\"widget\" data-widget_type=\"heading.default\">\n\t\t\t\t<div class=\"elementor-widget-container\">\n\t\t\t\t\t<span class=\"elementor-heading-title elementor-size-default\">Ma\u00eetriser fi\u00e8rement les distributeurs  <\/span>\t\t\t\t<\/div>\n\t\t\t\t<\/div>\n\t\t\t\t<div class=\"elementor-element elementor-element-121539be elementor-widget elementor-widget-heading\" data-id=\"121539be\" data-element_type=\"widget\" data-widget_type=\"heading.default\">\n\t\t\t\t<div class=\"elementor-widget-container\">\n\t\t\t\t\t<span class=\"elementor-heading-title elementor-size-default\">au service de la communaut\u00e9 de la distribution d\u2019\u00e9lectricit\u00e9.<\/span>\t\t\t\t<\/div>\n\t\t\t\t<\/div>\n\t\t\t\t\t<\/div>\n\t\t\t\t<\/div>\n\t\t<div class=\"elementor-element elementor-element-15a49fcb e-flex e-con-boxed e-con e-parent\" data-id=\"15a49fcb\" data-element_type=\"container\" data-settings=\"{&quot;jet_parallax_layout_list&quot;:[]}\">\n\t\t\t\t\t<div class=\"e-con-inner\">\n\t\t<div class=\"elementor-element elementor-element-dd3c700 e-con-full e-flex e-con e-child\" data-id=\"dd3c700\" data-element_type=\"container\" data-settings=\"{&quot;background_background&quot;:&quot;classic&quot;,&quot;jet_parallax_layout_list&quot;:[]}\">\n\t\t\t\t<\/div>\n\t\t<div class=\"elementor-element elementor-element-757f463d e-con-full e-flex e-con e-child\" data-id=\"757f463d\" data-element_type=\"container\" data-settings=\"{&quot;jet_parallax_layout_list&quot;:[]}\">\n\t\t\t\t<div class=\"elementor-element elementor-element-2651b0a2 elementor-widget__width-initial elementor-widget-tablet__width-inherit elementor-widget elementor-widget-text-editor\" data-id=\"2651b0a2\" data-element_type=\"widget\" data-widget_type=\"text-editor.default\">\n\t\t\t\t<div class=\"elementor-widget-container\">\n\t\t\t\t\t\t\t\t\t<p>Depuis que nous avons ouvert nos portes, nous avons travaill\u00e9 dur pour fournir au march\u00e9 de la distribution \u00e9lectrique des produits et des services de haute qualit\u00e9 sur lesquels ils peuvent compter encore et encore.<\/p>\n\t\t\t\t\t\t\t\t<\/div>\n\t\t\t\t<\/div>\n\t\t<div class=\"elementor-element elementor-element-efcf64a e-con-full e-flex e-con e-child\" data-id=\"efcf64a\" data-element_type=\"container\" data-settings=\"{&quot;jet_parallax_layout_list&quot;:[]}\">\n\t\t\t\t<div class=\"elementor-element elementor-element-2fb7995c elementor-widget elementor-widget-heading\" data-id=\"2fb7995c\" data-element_type=\"widget\" data-widget_type=\"heading.default\">\n\t\t\t\t<div class=\"elementor-widget-container\">\n\t\t\t\t\t<h2 class=\"elementor-heading-title elementor-size-default\">Notre histoire.<\/h2>\t\t\t\t<\/div>\n\t\t\t\t<\/div>\n\t\t\t\t<div class=\"elementor-element elementor-element-48ef3469 elementor-widget elementor-widget-text-editor\" data-id=\"48ef3469\" data-element_type=\"widget\" data-widget_type=\"text-editor.default\">\n\t\t\t\t<div class=\"elementor-widget-container\">\n\t\t\t\t\t\t\t\t\t<p>Fond\u00e9e en 1984, National Cable Specialists a vu le jour pour r\u00e9pondre aux besoins croissants de la march\u00e9 de la distribution en Ontario, peu de temps apr\u00e8s sa cr\u00e9ation, l\u2019entreprise a encore accru sa pr\u00e9sence au Qu\u00e9bec en \u00e9tablissant une succursale dans la r\u00e9gion de Montr\u00e9al en 1989.<\/p><p>En 1991, reconnaissant la n\u00e9cessit\u00e9 d\u2019une pr\u00e9sence nationale, National Cable Specialists a pris de l\u2019expansion dans l\u2019Ouest Canada, dont le si\u00e8ge social est situ\u00e9 \u00e0 Vancouver. Depuis, l\u2019entreprise n\u2019a cess\u00e9 d\u2019\u00e9largir sa gamme de produits et de services, am\u00e9liorant ainsi sa contribution au march\u00e9 de la distribution en gros d\u2019\u00e9lectricit\u00e9.<\/p><p>Fort d\u2019un h\u00e9ritage de plus de quatre d\u00e9cennies, National Cable Specialists a consolid\u00e9 sa position en tant que l\u2019un des Les principaux distributeurs au Canada, sp\u00e9cialis\u00e9s dans les secteurs de l\u2019\u00e9lectricit\u00e9, de l\u2019\u00e9lectronique, des donn\u00e9es, des t\u00e9l\u00e9communications, des fils et des accessoires de c\u00e2bles. Fi\u00e8rement affili\u00e9 \u00e0 AD Canada, Spectra et EFC (Electro Federation Canada), l\u2019entreprise continue d\u2019ajouter de la valeur \u00e0 l\u2019industrie.<\/p>\t\t\t\t\t\t\t\t<\/div>\n\t\t\t\t<\/div>\n\t\t\t\t<\/div>\n\t\t\t\t<\/div>\n\t\t\t\t\t<\/div>\n\t\t\t\t<\/div>\n\t\t<div class=\"elementor-element elementor-element-5b9fc5f1 e-con-full e-flex e-con e-parent\" data-id=\"5b9fc5f1\" data-element_type=\"container\" data-settings=\"{&quot;jet_parallax_layout_list&quot;:[]}\">\n\t\t\t\t<div class=\"elementor-element elementor-element-497b2502 elementor-widget elementor-widget-template\" data-id=\"497b2502\" data-element_type=\"widget\" data-widget_type=\"template.default\">\n\t\t\t\t<div class=\"elementor-widget-container\">\n\t\t\t\t\t\t\t<div class=\"elementor-template\">\n\t\t\t\t\t<div data-elementor-type=\"container\" data-elementor-id=\"1924\" class=\"elementor elementor-1924 elementor-837\" data-elementor-post-type=\"elementor_library\">\n\t\t\t\t<div class=\"elementor-element elementor-element-4a939133 e-flex e-con-boxed e-con e-parent\" data-id=\"4a939133\" data-element_type=\"container\" data-settings=\"{&quot;background_background&quot;:&quot;classic&quot;,&quot;jet_parallax_layout_list&quot;:[]}\">\n\t\t\t\t\t<div class=\"e-con-inner\">\n\t\t<div class=\"elementor-element elementor-element-dde70d6 e-flex e-con-boxed e-con e-parent\" data-id=\"dde70d6\" data-element_type=\"container\" data-settings=\"{&quot;background_background&quot;:&quot;classic&quot;,&quot;jet_parallax_layout_list&quot;:[]}\">\n\t\t\t\t\t<div class=\"e-con-inner\">\n\t\t\t\t<div class=\"elementor-element elementor-element-38ad4fef elementor-widget elementor-widget-heading\" data-id=\"38ad4fef\" data-element_type=\"widget\" data-widget_type=\"heading.default\">\n\t\t\t\t<div class=\"elementor-widget-container\">\n\t\t\t\t\t<span class=\"elementor-heading-title elementor-size-default\"> <span style=\"color: #869DB0\"><b>Service expert et produits complets.<\/span> <\/b><br>Trouvez ce dont vous avez besoin ici.<\/span>\t\t\t\t<\/div>\n\t\t\t\t<\/div>\n\t\t<div class=\"elementor-element elementor-element-5defa287 e-flex e-con-boxed e-con e-parent\" data-id=\"5defa287\" data-element_type=\"container\" data-settings=\"{&quot;jet_parallax_layout_list&quot;:[]}\">\n\t\t\t\t\t<div class=\"e-con-inner\">\n\t\t\t\t<div class=\"elementor-element elementor-element-e039240 elementor-widget__width-auto elementor-align-center elementor-widget elementor-widget-button\" data-id=\"e039240\" data-element_type=\"widget\" data-widget_type=\"button.default\">\n\t\t\t\t<div class=\"elementor-widget-container\">\n\t\t\t\t\t\t\t\t\t<div class=\"elementor-button-wrapper\">\n\t\t\t\t\t<a class=\"elementor-button elementor-button-link elementor-size-sm\" href=\"https:\/\/nationalcablespecialists.ca\/fr\/contacter-les-specialistes-nationaux-des-cables\/\">\n\t\t\t\t\t\t<span class=\"elementor-button-content-wrapper\">\n\t\t\t\t\t\t\t\t\t<span class=\"elementor-button-text\">Obtenir un devis<\/span>\n\t\t\t\t\t<\/span>\n\t\t\t\t\t<\/a>\n\t\t\t\t<\/div>\n\t\t\t\t\t\t\t\t<\/div>\n\t\t\t\t<\/div>\n\t\t\t\t<div class=\"elementor-element elementor-element-25255611 elementor-widget__width-auto elementor-widget elementor-widget-button\" data-id=\"25255611\" data-element_type=\"widget\" data-widget_type=\"button.default\">\n\t\t\t\t<div class=\"elementor-widget-container\">\n\t\t\t\t\t\t\t\t\t<div class=\"elementor-button-wrapper\">\n\t\t\t\t\t<a class=\"elementor-button elementor-button-link elementor-size-sm\" href=\"https:\/\/nationalcablespecialists.ca\/fr\/solutions\/\">\n\t\t\t\t\t\t<span class=\"elementor-button-content-wrapper\">\n\t\t\t\t\t\t\t\t\t<span class=\"elementor-button-text\">Solutions<\/span>\n\t\t\t\t\t<\/span>\n\t\t\t\t\t<\/a>\n\t\t\t\t<\/div>\n\t\t\t\t\t\t\t\t<\/div>\n\t\t\t\t<\/div>\n\t\t\t\t\t<\/div>\n\t\t\t\t<\/div>\n\t\t\t\t\t<\/div>\n\t\t\t\t<\/div>\n\t\t\t\t\t<\/div>\n\t\t\t\t<\/div>\n\t\t\t\t<\/div>\n\t\t\t\t<\/div>\n\t\t\t\t\t\t<\/div>\n\t\t\t\t<\/div>\n\t\t\t\t<\/div>\n\t\t\t\t<\/div>\n\t\t","protected":false},"excerpt":{"rendered":"<p>Ma\u00eetriser fi\u00e8rement les distributeurs au service de la communaut\u00e9 de la distribution d\u2019\u00e9lectricit\u00e9. Depuis que nous avons ouvert nos portes, nous avons travaill\u00e9 dur pour fournir au march\u00e9 de la distribution \u00e9lectrique des produits et des services de haute qualit\u00e9 sur lesquels ils peuvent compter encore et encore. Notre histoire. Fond\u00e9e en 1984, National Cable [&hellip;]<\/p>\n","protected":false},"author":1,"featured_media":0,"parent":0,"menu_order":0,"comment_status":"closed","ping_status":"closed","template":"elementor_header_footer","meta":{"_acf_changed":false,"footnotes":""},"class_list":["post-24928","page","type-page","status-publish","hentry"],"acf":[],"yoast_head":"<!-- This site is optimized with the Yoast SEO plugin v26.2 - https:\/\/yoast.com\/wordpress\/plugins\/seo\/ -->\n<title>Qui sommes-nous - National Cable Specialists<\/title>\n<meta name=\"robots\" content=\"index, follow, max-snippet:-1, max-image-preview:large, max-video-preview:-1\" \/>\n<link rel=\"canonical\" href=\"https:\/\/nationalcablespecialists.ca\/fr\/qui-sommes-nous\/\" \/>\n<meta property=\"og:locale\" content=\"fr_FR\" \/>\n<meta property=\"og:type\" content=\"article\" \/>\n<meta property=\"og:title\" content=\"Qui sommes-nous - National Cable Specialists\" \/>\n<meta property=\"og:description\" content=\"Ma\u00eetriser fi\u00e8rement les distributeurs au service de la communaut\u00e9 de la distribution d\u2019\u00e9lectricit\u00e9. Depuis que nous avons ouvert nos portes, nous avons travaill\u00e9 dur pour fournir au march\u00e9 de la distribution \u00e9lectrique des produits et des services de haute qualit\u00e9 sur lesquels ils peuvent compter encore et encore. Notre histoire. Fond\u00e9e en 1984, National Cable [&hellip;]\" \/>\n<meta property=\"og:url\" content=\"https:\/\/nationalcablespecialists.ca\/fr\/qui-sommes-nous\/\" \/>\n<meta property=\"og:site_name\" content=\"National Cable Specialists\" \/>\n<meta property=\"article:modified_time\" content=\"2025-03-31T15:16:53+00:00\" \/>\n<meta name=\"twitter:card\" content=\"summary_large_image\" \/>\n<meta name=\"twitter:label1\" content=\"Dur\u00e9e de lecture estim\u00e9e\" \/>\n\t<meta name=\"twitter:data1\" content=\"2 minutes\" \/>\n<script type=\"application\/ld+json\" class=\"yoast-schema-graph\">{\"@context\":\"https:\/\/schema.org\",\"@graph\":[{\"@type\":\"WebPage\",\"@id\":\"https:\/\/nationalcablespecialists.ca\/fr\/qui-sommes-nous\/\",\"url\":\"https:\/\/nationalcablespecialists.ca\/fr\/qui-sommes-nous\/\",\"name\":\"Qui sommes-nous - National Cable Specialists\",\"isPartOf\":{\"@id\":\"https:\/\/nationalcablespecialists.ca\/fr\/#website\"},\"datePublished\":\"2023-08-30T22:09:46+00:00\",\"dateModified\":\"2025-03-31T15:16:53+00:00\",\"inLanguage\":\"fr-FR\",\"potentialAction\":[{\"@type\":\"ReadAction\",\"target\":[\"https:\/\/nationalcablespecialists.ca\/fr\/qui-sommes-nous\/\"]}]},{\"@type\":\"WebSite\",\"@id\":\"https:\/\/nationalcablespecialists.ca\/fr\/#website\",\"url\":\"https:\/\/nationalcablespecialists.ca\/fr\/\",\"name\":\"National Cable Specialists\",\"description\":\"\",\"publisher\":{\"@id\":\"https:\/\/nationalcablespecialists.ca\/fr\/#organization\"},\"potentialAction\":[{\"@type\":\"SearchAction\",\"target\":{\"@type\":\"EntryPoint\",\"urlTemplate\":\"https:\/\/nationalcablespecialists.ca\/fr\/?s={search_term_string}\"},\"query-input\":{\"@type\":\"PropertyValueSpecification\",\"valueRequired\":true,\"valueName\":\"search_term_string\"}}],\"inLanguage\":\"fr-FR\"},{\"@type\":\"Organization\",\"@id\":\"https:\/\/nationalcablespecialists.ca\/fr\/#organization\",\"name\":\"National Cable Specialists\",\"url\":\"https:\/\/nationalcablespecialists.ca\/fr\/\",\"logo\":{\"@type\":\"ImageObject\",\"inLanguage\":\"fr-FR\",\"@id\":\"https:\/\/nationalcablespecialists.ca\/fr\/#\/schema\/logo\/image\/\",\"url\":\"https:\/\/nationalcablespecialists.ca\/wp-content\/uploads\/2023\/01\/NCS_Lrg_Logo.png\",\"contentUrl\":\"https:\/\/nationalcablespecialists.ca\/wp-content\/uploads\/2023\/01\/NCS_Lrg_Logo.png\",\"width\":1600,\"height\":840,\"caption\":\"National Cable Specialists\"},\"image\":{\"@id\":\"https:\/\/nationalcablespecialists.ca\/fr\/#\/schema\/logo\/image\/\"}}]}<\/script>\n<!-- \/ Yoast SEO plugin. -->","yoast_head_json":{"title":"Qui sommes-nous - National Cable Specialists","robots":{"index":"index","follow":"follow","max-snippet":"max-snippet:-1","max-image-preview":"max-image-preview:large","max-video-preview":"max-video-preview:-1"},"canonical":"https:\/\/nationalcablespecialists.ca\/fr\/qui-sommes-nous\/","og_locale":"fr_FR","og_type":"article","og_title":"Qui sommes-nous - National Cable Specialists","og_description":"Ma\u00eetriser fi\u00e8rement les distributeurs au service de la communaut\u00e9 de la distribution d\u2019\u00e9lectricit\u00e9. Depuis que nous avons ouvert nos portes, nous avons travaill\u00e9 dur pour fournir au march\u00e9 de la distribution \u00e9lectrique des produits et des services de haute qualit\u00e9 sur lesquels ils peuvent compter encore et encore. Notre histoire. Fond\u00e9e en 1984, National Cable [&hellip;]","og_url":"https:\/\/nationalcablespecialists.ca\/fr\/qui-sommes-nous\/","og_site_name":"National Cable Specialists","article_modified_time":"2025-03-31T15:16:53+00:00","twitter_card":"summary_large_image","twitter_misc":{"Dur\u00e9e de lecture estim\u00e9e":"2 minutes"},"schema":{"@context":"https:\/\/schema.org","@graph":[{"@type":"WebPage","@id":"https:\/\/nationalcablespecialists.ca\/fr\/qui-sommes-nous\/","url":"https:\/\/nationalcablespecialists.ca\/fr\/qui-sommes-nous\/","name":"Qui sommes-nous - National Cable Specialists","isPartOf":{"@id":"https:\/\/nationalcablespecialists.ca\/fr\/#website"},"datePublished":"2023-08-30T22:09:46+00:00","dateModified":"2025-03-31T15:16:53+00:00","inLanguage":"fr-FR","potentialAction":[{"@type":"ReadAction","target":["https:\/\/nationalcablespecialists.ca\/fr\/qui-sommes-nous\/"]}]},{"@type":"WebSite","@id":"https:\/\/nationalcablespecialists.ca\/fr\/#website","url":"https:\/\/nationalcablespecialists.ca\/fr\/","name":"National Cable Specialists","description":"","publisher":{"@id":"https:\/\/nationalcablespecialists.ca\/fr\/#organization"},"potentialAction":[{"@type":"SearchAction","target":{"@type":"EntryPoint","urlTemplate":"https:\/\/nationalcablespecialists.ca\/fr\/?s={search_term_string}"},"query-input":{"@type":"PropertyValueSpecification","valueRequired":true,"valueName":"search_term_string"}}],"inLanguage":"fr-FR"},{"@type":"Organization","@id":"https:\/\/nationalcablespecialists.ca\/fr\/#organization","name":"National Cable Specialists","url":"https:\/\/nationalcablespecialists.ca\/fr\/","logo":{"@type":"ImageObject","inLanguage":"fr-FR","@id":"https:\/\/nationalcablespecialists.ca\/fr\/#\/schema\/logo\/image\/","url":"https:\/\/nationalcablespecialists.ca\/wp-content\/uploads\/2023\/01\/NCS_Lrg_Logo.png","contentUrl":"https:\/\/nationalcablespecialists.ca\/wp-content\/uploads\/2023\/01\/NCS_Lrg_Logo.png","width":1600,"height":840,"caption":"National Cable Specialists"},"image":{"@id":"https:\/\/nationalcablespecialists.ca\/fr\/#\/schema\/logo\/image\/"}}]}},"_links":{"self":[{"href":"https:\/\/nationalcablespecialists.ca\/fr\/wp-json\/wp\/v2\/pages\/24928","targetHints":{"allow":["GET"]}}],"collection":[{"href":"https:\/\/nationalcablespecialists.ca\/fr\/wp-json\/wp\/v2\/pages"}],"about":[{"href":"https:\/\/nationalcablespecialists.ca\/fr\/wp-json\/wp\/v2\/types\/page"}],"author":[{"embeddable":true,"href":"https:\/\/nationalcablespecialists.ca\/fr\/wp-json\/wp\/v2\/users\/1"}],"replies":[{"embeddable":true,"href":"https:\/\/nationalcablespecialists.ca\/fr\/wp-json\/wp\/v2\/comments?post=24928"}],"version-history":[{"count":20,"href":"https:\/\/nationalcablespecialists.ca\/fr\/wp-json\/wp\/v2\/pages\/24928\/revisions"}],"predecessor-version":[{"id":28974,"href":"https:\/\/nationalcablespecialists.ca\/fr\/wp-json\/wp\/v2\/pages\/24928\/revisions\/28974"}],"wp:attachment":[{"href":"https:\/\/nationalcablespecialists.ca\/fr\/wp-json\/wp\/v2\/media?parent=24928"}],"curies":[{"name":"wp","href":"https:\/\/api.w.org\/{rel}","templated":true}]}}