{"id":24923,"date":"2023-08-30T15:39:53","date_gmt":"2023-08-30T22:39:53","guid":{"rendered":"https:\/\/nationalcablespecialists.ca\/ressources\/"},"modified":"2025-10-09T14:36:03","modified_gmt":"2025-10-09T21:36:03","slug":"ressources","status":"publish","type":"page","link":"https:\/\/nationalcablespecialists.ca\/fr\/ressources\/","title":{"rendered":"Ressources"},"content":{"rendered":"\t\t<div data-elementor-type=\"wp-page\" data-elementor-id=\"24923\" class=\"elementor elementor-24923 elementor-1978\" data-elementor-post-type=\"page\">\n\t\t\t\t<div class=\"elementor-element elementor-element-343fd726 e-flex e-con-boxed e-con e-parent\" data-id=\"343fd726\" data-element_type=\"container\" data-e-type=\"container\" data-settings=\"{&quot;background_background&quot;:&quot;classic&quot;,&quot;jet_parallax_layout_list&quot;:[]}\">\n\t\t\t\t\t<div class=\"e-con-inner\">\n\t\t\t\t<div class=\"elementor-element elementor-element-575c6f4e elementor-widget elementor-widget-heading\" data-id=\"575c6f4e\" data-element_type=\"widget\" data-e-type=\"widget\" data-widget_type=\"heading.default\">\n\t\t\t\t<div class=\"elementor-widget-container\">\n\t\t\t\t\t<span class=\"elementor-heading-title elementor-size-default\">Ressources utiles  <\/span>\t\t\t\t<\/div>\n\t\t\t\t<\/div>\n\t\t\t\t<div class=\"elementor-element elementor-element-6d7deaf2 elementor-widget elementor-widget-heading\" data-id=\"6d7deaf2\" data-element_type=\"widget\" data-e-type=\"widget\" data-widget_type=\"heading.default\">\n\t\t\t\t<div class=\"elementor-widget-container\">\n\t\t\t\t\t<span class=\"elementor-heading-title elementor-size-default\">et des documents de r\u00e9f\u00e9rence.<\/span>\t\t\t\t<\/div>\n\t\t\t\t<\/div>\n\t\t\t\t\t<\/div>\n\t\t\t\t<\/div>\n\t\t<div class=\"elementor-element elementor-element-d24722f e-flex e-con-boxed e-con e-parent\" data-id=\"d24722f\" data-element_type=\"container\" data-e-type=\"container\" data-settings=\"{&quot;background_background&quot;:&quot;classic&quot;,&quot;jet_parallax_layout_list&quot;:[]}\">\n\t\t\t\t\t<div class=\"e-con-inner\">\n\t\t\t\t<div class=\"elementor-element elementor-element-f4d2523 elementor-widget elementor-widget-image\" data-id=\"f4d2523\" data-element_type=\"widget\" data-e-type=\"widget\" data-widget_type=\"image.default\">\n\t\t\t\t<div class=\"elementor-widget-container\">\n\t\t\t\t\t\t\t\t\t\t\t\t<figure class=\"wp-caption\">\n\t\t\t\t\t\t\t\t\t\t\t<a href=\"https:\/\/nationalcablespecialists.ca\/wp-content\/uploads\/2024\/02\/National-Armoured-2023-NEW-1.pdf\" target=\"_blank\">\n\t\t\t\t\t\t\t<img fetchpriority=\"high\" decoding=\"async\" width=\"792\" height=\"1024\" src=\"https:\/\/nationalcablespecialists.ca\/wp-content\/uploads\/2024\/01\/National-Armoured-2023-W-Launch-792x1024.jpg\" class=\"attachment-large size-large wp-image-22908\" alt=\"armoured cable\" srcset=\"https:\/\/nationalcablespecialists.ca\/wp-content\/uploads\/2024\/01\/National-Armoured-2023-W-Launch-792x1024.jpg 792w, https:\/\/nationalcablespecialists.ca\/wp-content\/uploads\/2024\/01\/National-Armoured-2023-W-Launch-232x300.jpg 232w, https:\/\/nationalcablespecialists.ca\/wp-content\/uploads\/2024\/01\/National-Armoured-2023-W-Launch-768x993.jpg 768w, https:\/\/nationalcablespecialists.ca\/wp-content\/uploads\/2024\/01\/National-Armoured-2023-W-Launch-600x776.jpg 600w, https:\/\/nationalcablespecialists.ca\/wp-content\/uploads\/2024\/01\/National-Armoured-2023-W-Launch.jpg 1029w\" sizes=\"(max-width: 792px) 100vw, 792px\" \/>\t\t\t\t\t\t\t\t<\/a>\n\t\t\t\t\t\t\t\t\t\t\t<figcaption class=\"widget-image-caption wp-caption-text\">Catalogue des c\u00e2bles arm\u00e9s<\/figcaption>\n\t\t\t\t\t\t\t\t\t\t<\/figure>\n\t\t\t\t\t\t\t\t\t<\/div>\n\t\t\t\t<\/div>\n\t\t\t\t<div class=\"elementor-element elementor-element-2234e3f elementor-widget elementor-widget-image\" data-id=\"2234e3f\" data-element_type=\"widget\" data-e-type=\"widget\" data-widget_type=\"image.default\">\n\t\t\t\t<div class=\"elementor-widget-container\">\n\t\t\t\t\t\t\t\t\t\t\t\t<figure class=\"wp-caption\">\n\t\t\t\t\t\t\t\t\t\t\t<a href=\"https:\/\/nationalcablespecialists.ca\/wp-content\/uploads\/2023\/12\/National-Portable-Catalogue-2023.pdf\" target=\"_blank\">\n\t\t\t\t\t\t\t<img decoding=\"async\" width=\"662\" height=\"1024\" src=\"https:\/\/nationalcablespecialists.ca\/wp-content\/uploads\/2024\/01\/National-Portable-Catalogue-2023-662x1024.jpg\" class=\"attachment-large size-large wp-image-22912\" alt=\"portable cord\" srcset=\"https:\/\/nationalcablespecialists.ca\/wp-content\/uploads\/2024\/01\/National-Portable-Catalogue-2023-662x1024.jpg 662w, https:\/\/nationalcablespecialists.ca\/wp-content\/uploads\/2024\/01\/National-Portable-Catalogue-2023-194x300.jpg 194w, https:\/\/nationalcablespecialists.ca\/wp-content\/uploads\/2024\/01\/National-Portable-Catalogue-2023-768x1187.jpg 768w, https:\/\/nationalcablespecialists.ca\/wp-content\/uploads\/2024\/01\/National-Portable-Catalogue-2023-600x927.jpg 600w, https:\/\/nationalcablespecialists.ca\/wp-content\/uploads\/2024\/01\/National-Portable-Catalogue-2023.jpg 918w\" sizes=\"(max-width: 662px) 100vw, 662px\" \/>\t\t\t\t\t\t\t\t<\/a>\n\t\t\t\t\t\t\t\t\t\t\t<figcaption class=\"widget-image-caption wp-caption-text\">Catalogue de cordons portables<\/figcaption>\n\t\t\t\t\t\t\t\t\t\t<\/figure>\n\t\t\t\t\t\t\t\t\t<\/div>\n\t\t\t\t<\/div>\n\t\t\t\t<div class=\"elementor-element elementor-element-dc0aaee elementor-widget elementor-widget-image\" data-id=\"dc0aaee\" data-element_type=\"widget\" data-e-type=\"widget\" data-widget_type=\"image.default\">\n\t\t\t\t<div class=\"elementor-widget-container\">\n\t\t\t\t\t\t\t\t\t\t\t\t<figure class=\"wp-caption\">\n\t\t\t\t\t\t\t\t\t\t\t<a href=\"https:\/\/nationalcablespecialists.ca\/wp-content\/uploads\/2023\/12\/NationalCatalogue-Electronic-Wire-Cable-w-nspec-2023-1.pdf\" target=\"_blank\">\n\t\t\t\t\t\t\t<img decoding=\"async\" width=\"662\" height=\"1024\" src=\"https:\/\/nationalcablespecialists.ca\/wp-content\/uploads\/2024\/01\/NationalCatalogue-Electronic-Wire-Cable-w-nspec-2023-662x1024.jpg\" class=\"attachment-large size-large wp-image-22914\" alt=\"electronic wire and cable\" srcset=\"https:\/\/nationalcablespecialists.ca\/wp-content\/uploads\/2024\/01\/NationalCatalogue-Electronic-Wire-Cable-w-nspec-2023-662x1024.jpg 662w, https:\/\/nationalcablespecialists.ca\/wp-content\/uploads\/2024\/01\/NationalCatalogue-Electronic-Wire-Cable-w-nspec-2023-194x300.jpg 194w, https:\/\/nationalcablespecialists.ca\/wp-content\/uploads\/2024\/01\/NationalCatalogue-Electronic-Wire-Cable-w-nspec-2023-768x1187.jpg 768w, https:\/\/nationalcablespecialists.ca\/wp-content\/uploads\/2024\/01\/NationalCatalogue-Electronic-Wire-Cable-w-nspec-2023-600x927.jpg 600w, https:\/\/nationalcablespecialists.ca\/wp-content\/uploads\/2024\/01\/NationalCatalogue-Electronic-Wire-Cable-w-nspec-2023.jpg 918w\" sizes=\"(max-width: 662px) 100vw, 662px\" \/>\t\t\t\t\t\t\t\t<\/a>\n\t\t\t\t\t\t\t\t\t\t\t<figcaption class=\"widget-image-caption wp-caption-text\">Cat\u00e9logue \u00e9lectronique de fils et de c\u00e2bles<\/figcaption>\n\t\t\t\t\t\t\t\t\t\t<\/figure>\n\t\t\t\t\t\t\t\t\t<\/div>\n\t\t\t\t<\/div>\n\t\t\t\t<div class=\"elementor-element elementor-element-5e44e24 elementor-widget elementor-widget-image\" data-id=\"5e44e24\" data-element_type=\"widget\" data-e-type=\"widget\" data-widget_type=\"image.default\">\n\t\t\t\t<div class=\"elementor-widget-container\">\n\t\t\t\t\t\t\t\t\t\t\t\t<figure class=\"wp-caption\">\n\t\t\t\t\t\t\t\t\t\t\t<a href=\"https:\/\/nationalcablespecialists.ca\/wp-content\/uploads\/2023\/12\/National-Cable-Line-Card-FR-2023.pdf\" target=\"_blank\">\n\t\t\t\t\t\t\t<img loading=\"lazy\" decoding=\"async\" width=\"743\" height=\"1024\" src=\"https:\/\/nationalcablespecialists.ca\/wp-content\/uploads\/2024\/01\/National-Cable-Line-Card-FR-2023-743x1024.jpg\" class=\"attachment-large size-large wp-image-22916\" alt=\"French line card\" srcset=\"https:\/\/nationalcablespecialists.ca\/wp-content\/uploads\/2024\/01\/National-Cable-Line-Card-FR-2023-743x1024.jpg 743w, https:\/\/nationalcablespecialists.ca\/wp-content\/uploads\/2024\/01\/National-Cable-Line-Card-FR-2023-218x300.jpg 218w, https:\/\/nationalcablespecialists.ca\/wp-content\/uploads\/2024\/01\/National-Cable-Line-Card-FR-2023-768x1059.jpg 768w, https:\/\/nationalcablespecialists.ca\/wp-content\/uploads\/2024\/01\/National-Cable-Line-Card-FR-2023-600x827.jpg 600w, https:\/\/nationalcablespecialists.ca\/wp-content\/uploads\/2024\/01\/National-Cable-Line-Card-FR-2023.jpg 1029w\" sizes=\"(max-width: 743px) 100vw, 743px\" \/>\t\t\t\t\t\t\t\t<\/a>\n\t\t\t\t\t\t\t\t\t\t\t<figcaption class=\"widget-image-caption wp-caption-text\">Notre carte de ligne (anglais)<\/figcaption>\n\t\t\t\t\t\t\t\t\t\t<\/figure>\n\t\t\t\t\t\t\t\t\t<\/div>\n\t\t\t\t<\/div>\n\t\t\t\t<div class=\"elementor-element elementor-element-a643fec elementor-widget elementor-widget-image\" data-id=\"a643fec\" data-element_type=\"widget\" data-e-type=\"widget\" data-widget_type=\"image.default\">\n\t\t\t\t<div class=\"elementor-widget-container\">\n\t\t\t\t\t\t\t\t\t\t\t\t<figure class=\"wp-caption\">\n\t\t\t\t\t\t\t\t\t\t\t<a href=\"https:\/\/nationalcablespecialists.ca\/wp-content\/uploads\/2024\/04\/National-Accessories-FR.pdf\" target=\"_blank\">\n\t\t\t\t\t\t\t<img loading=\"lazy\" decoding=\"async\" width=\"791\" height=\"1024\" src=\"https:\/\/nationalcablespecialists.ca\/wp-content\/uploads\/2024\/04\/National-Accessories-FR-791x1024.jpg\" class=\"attachment-large size-large wp-image-27285\" alt=\"\" srcset=\"https:\/\/nationalcablespecialists.ca\/wp-content\/uploads\/2024\/04\/National-Accessories-FR-791x1024.jpg 791w, https:\/\/nationalcablespecialists.ca\/wp-content\/uploads\/2024\/04\/National-Accessories-FR-232x300.jpg 232w, https:\/\/nationalcablespecialists.ca\/wp-content\/uploads\/2024\/04\/National-Accessories-FR-768x994.jpg 768w, https:\/\/nationalcablespecialists.ca\/wp-content\/uploads\/2024\/04\/National-Accessories-FR-1186x1536.jpg 1186w, https:\/\/nationalcablespecialists.ca\/wp-content\/uploads\/2024\/04\/National-Accessories-FR-600x777.jpg 600w, https:\/\/nationalcablespecialists.ca\/wp-content\/uploads\/2024\/04\/National-Accessories-FR.jpg 1483w\" sizes=\"(max-width: 791px) 100vw, 791px\" \/>\t\t\t\t\t\t\t\t<\/a>\n\t\t\t\t\t\t\t\t\t\t\t<figcaption class=\"widget-image-caption wp-caption-text\">Accessoires \u00e9lectroniques<\/figcaption>\n\t\t\t\t\t\t\t\t\t\t<\/figure>\n\t\t\t\t\t\t\t\t\t<\/div>\n\t\t\t\t<\/div>\n\t\t\t\t<div class=\"elementor-element elementor-element-c744563 elementor-widget elementor-widget-image\" data-id=\"c744563\" data-element_type=\"widget\" data-e-type=\"widget\" data-widget_type=\"image.default\">\n\t\t\t\t<div class=\"elementor-widget-container\">\n\t\t\t\t\t\t\t\t\t\t\t\t<figure class=\"wp-caption\">\n\t\t\t\t\t\t\t\t\t\t\t<a href=\"https:\/\/nationalcablespecialists.ca\/wp-content\/uploads\/2025\/10\/Mining-Solutions-Line-Card-NCS-FR.pdf\" target=\"_blank\">\n\t\t\t\t\t\t\t<img loading=\"lazy\" decoding=\"async\" width=\"791\" height=\"1024\" src=\"https:\/\/nationalcablespecialists.ca\/wp-content\/uploads\/2025\/10\/Mining-Solutions-Line-Card-NCS-FR_Page_1-791x1024.jpg\" class=\"attachment-large size-large wp-image-29616\" alt=\"\" srcset=\"https:\/\/nationalcablespecialists.ca\/wp-content\/uploads\/2025\/10\/Mining-Solutions-Line-Card-NCS-FR_Page_1-791x1024.jpg 791w, https:\/\/nationalcablespecialists.ca\/wp-content\/uploads\/2025\/10\/Mining-Solutions-Line-Card-NCS-FR_Page_1-232x300.jpg 232w, https:\/\/nationalcablespecialists.ca\/wp-content\/uploads\/2025\/10\/Mining-Solutions-Line-Card-NCS-FR_Page_1-768x994.jpg 768w, https:\/\/nationalcablespecialists.ca\/wp-content\/uploads\/2025\/10\/Mining-Solutions-Line-Card-NCS-FR_Page_1-1187x1536.jpg 1187w, https:\/\/nationalcablespecialists.ca\/wp-content\/uploads\/2025\/10\/Mining-Solutions-Line-Card-NCS-FR_Page_1-600x776.jpg 600w, https:\/\/nationalcablespecialists.ca\/wp-content\/uploads\/2025\/10\/Mining-Solutions-Line-Card-NCS-FR_Page_1.jpg 1484w\" sizes=\"(max-width: 791px) 100vw, 791px\" \/>\t\t\t\t\t\t\t\t<\/a>\n\t\t\t\t\t\t\t\t\t\t\t<figcaption class=\"widget-image-caption wp-caption-text\">Accessoires \u00e9lectroniques<\/figcaption>\n\t\t\t\t\t\t\t\t\t\t<\/figure>\n\t\t\t\t\t\t\t\t\t<\/div>\n\t\t\t\t<\/div>\n\t\t\t\t\t<\/div>\n\t\t\t\t<\/div>\n\t\t<div class=\"elementor-element elementor-element-54b3cafb e-con-full e-flex e-con e-parent\" data-id=\"54b3cafb\" data-element_type=\"container\" data-e-type=\"container\" data-settings=\"{&quot;jet_parallax_layout_list&quot;:[]}\">\n\t\t\t\t<div class=\"elementor-element elementor-element-550d2f36 elementor-widget elementor-widget-template\" data-id=\"550d2f36\" data-element_type=\"widget\" data-e-type=\"widget\" data-widget_type=\"template.default\">\n\t\t\t\t<div class=\"elementor-widget-container\">\n\t\t\t\t\t\t\t<div class=\"elementor-template\">\n\t\t\t\t\t<div data-elementor-type=\"container\" data-elementor-id=\"1924\" class=\"elementor elementor-1924 elementor-837 elementor-837\" data-elementor-post-type=\"elementor_library\">\n\t\t\t\t<div class=\"elementor-element elementor-element-4a939133 e-flex e-con-boxed e-con e-parent\" data-id=\"4a939133\" data-element_type=\"container\" data-e-type=\"container\" data-settings=\"{&quot;background_background&quot;:&quot;classic&quot;,&quot;jet_parallax_layout_list&quot;:[]}\">\n\t\t\t\t\t<div class=\"e-con-inner\">\n\t\t<div class=\"elementor-element elementor-element-dde70d6 e-flex e-con-boxed e-con e-parent\" data-id=\"dde70d6\" data-element_type=\"container\" data-e-type=\"container\" data-settings=\"{&quot;background_background&quot;:&quot;classic&quot;,&quot;jet_parallax_layout_list&quot;:[]}\">\n\t\t\t\t\t<div class=\"e-con-inner\">\n\t\t\t\t<div class=\"elementor-element elementor-element-38ad4fef elementor-widget elementor-widget-heading\" data-id=\"38ad4fef\" data-element_type=\"widget\" data-e-type=\"widget\" data-widget_type=\"heading.default\">\n\t\t\t\t<div class=\"elementor-widget-container\">\n\t\t\t\t\t<span class=\"elementor-heading-title elementor-size-default\"> <span style=\"color: #869DB0\"><b>Service expert et produits complets.<\/span> <\/b><br>Trouvez ce dont vous avez besoin ici.<\/span>\t\t\t\t<\/div>\n\t\t\t\t<\/div>\n\t\t<div class=\"elementor-element elementor-element-5defa287 e-flex e-con-boxed e-con e-parent\" data-id=\"5defa287\" data-element_type=\"container\" data-e-type=\"container\" data-settings=\"{&quot;jet_parallax_layout_list&quot;:[]}\">\n\t\t\t\t\t<div class=\"e-con-inner\">\n\t\t\t\t<div class=\"elementor-element elementor-element-e039240 elementor-widget__width-auto elementor-align-center elementor-widget elementor-widget-button\" data-id=\"e039240\" data-element_type=\"widget\" data-e-type=\"widget\" data-widget_type=\"button.default\">\n\t\t\t\t<div class=\"elementor-widget-container\">\n\t\t\t\t\t\t\t\t\t<div class=\"elementor-button-wrapper\">\n\t\t\t\t\t<a class=\"elementor-button elementor-button-link elementor-size-sm\" href=\"https:\/\/nationalcablespecialists.ca\/fr\/contacter-les-specialistes-nationaux-des-cables\/\">\n\t\t\t\t\t\t<span class=\"elementor-button-content-wrapper\">\n\t\t\t\t\t\t\t\t\t<span class=\"elementor-button-text\">Obtenir un devis<\/span>\n\t\t\t\t\t<\/span>\n\t\t\t\t\t<\/a>\n\t\t\t\t<\/div>\n\t\t\t\t\t\t\t\t<\/div>\n\t\t\t\t<\/div>\n\t\t\t\t<div class=\"elementor-element elementor-element-25255611 elementor-widget__width-auto elementor-widget elementor-widget-button\" data-id=\"25255611\" data-element_type=\"widget\" data-e-type=\"widget\" data-widget_type=\"button.default\">\n\t\t\t\t<div class=\"elementor-widget-container\">\n\t\t\t\t\t\t\t\t\t<div class=\"elementor-button-wrapper\">\n\t\t\t\t\t<a class=\"elementor-button elementor-button-link elementor-size-sm\" href=\"https:\/\/nationalcablespecialists.ca\/fr\/solutions\/\">\n\t\t\t\t\t\t<span class=\"elementor-button-content-wrapper\">\n\t\t\t\t\t\t\t\t\t<span class=\"elementor-button-text\">Solutions<\/span>\n\t\t\t\t\t<\/span>\n\t\t\t\t\t<\/a>\n\t\t\t\t<\/div>\n\t\t\t\t\t\t\t\t<\/div>\n\t\t\t\t<\/div>\n\t\t\t\t\t<\/div>\n\t\t\t\t<\/div>\n\t\t\t\t\t<\/div>\n\t\t\t\t<\/div>\n\t\t\t\t\t<\/div>\n\t\t\t\t<\/div>\n\t\t\t\t<\/div>\n\t\t\t\t<\/div>\n\t\t\t\t\t\t<\/div>\n\t\t\t\t<\/div>\n\t\t\t\t<\/div>\n\t\t\t\t<\/div>\n\t\t","protected":false},"excerpt":{"rendered":"<p>Ressources utiles et des documents de r\u00e9f\u00e9rence. Catalogue des c\u00e2bles arm\u00e9s Catalogue de cordons portables Cat\u00e9logue \u00e9lectronique de fils et de c\u00e2bles Notre carte de ligne (anglais) Accessoires \u00e9lectroniques Accessoires \u00e9lectroniques<\/p>\n","protected":false},"author":1,"featured_media":0,"parent":0,"menu_order":0,"comment_status":"closed","ping_status":"closed","template":"elementor_header_footer","meta":{"_acf_changed":false,"footnotes":""},"class_list":["post-24923","page","type-page","status-publish","hentry"],"acf":[],"yoast_head":"<!-- This site is optimized with the Yoast SEO plugin v27.5 - https:\/\/yoast.com\/product\/yoast-seo-wordpress\/ -->\n<title>Ressources - National Cable Specialists (en anglais seulement)<\/title>\n<meta name=\"description\" content=\"Visitez le site Web de National Cable Specialists pour trouver les ressources et les documents de r\u00e9f\u00e9rence dont vous avez besoin pour faire un choix \u00e9clair\u00e9 de produits. Pour en savoir plus.\" \/>\n<meta name=\"robots\" content=\"index, follow, max-snippet:-1, max-image-preview:large, max-video-preview:-1\" \/>\n<link rel=\"canonical\" href=\"https:\/\/nationalcablespecialists.ca\/fr\/ressources\/\" \/>\n<meta property=\"og:locale\" content=\"fr_FR\" \/>\n<meta property=\"og:type\" content=\"article\" \/>\n<meta property=\"og:title\" content=\"Ressources - National Cable Specialists (en anglais seulement)\" \/>\n<meta property=\"og:description\" content=\"Visitez le site Web de National Cable Specialists pour trouver les ressources et les documents de r\u00e9f\u00e9rence dont vous avez besoin pour faire un choix \u00e9clair\u00e9 de produits. Pour en savoir plus.\" \/>\n<meta property=\"og:url\" content=\"https:\/\/nationalcablespecialists.ca\/fr\/ressources\/\" \/>\n<meta property=\"og:site_name\" content=\"National Cable Specialists\" \/>\n<meta property=\"article:modified_time\" content=\"2025-10-09T21:36:03+00:00\" \/>\n<meta property=\"og:image\" content=\"https:\/\/nationalcablespecialists.ca\/wp-content\/uploads\/2024\/01\/National-Armoured-2023-W-Launch.jpg\" \/>\n\t<meta property=\"og:image:width\" content=\"1029\" \/>\n\t<meta property=\"og:image:height\" content=\"1331\" \/>\n\t<meta property=\"og:image:type\" content=\"image\/jpeg\" \/>\n<meta name=\"twitter:card\" content=\"summary_large_image\" \/>\n<meta name=\"twitter:label1\" content=\"Dur\u00e9e de lecture estim\u00e9e\" \/>\n\t<meta name=\"twitter:data1\" content=\"2 minutes\" \/>\n<script type=\"application\/ld+json\" class=\"yoast-schema-graph\">{\"@context\":\"https:\\\/\\\/schema.org\",\"@graph\":[{\"@type\":\"WebPage\",\"@id\":\"https:\\\/\\\/nationalcablespecialists.ca\\\/fr\\\/ressources\\\/\",\"url\":\"https:\\\/\\\/nationalcablespecialists.ca\\\/fr\\\/ressources\\\/\",\"name\":\"Ressources - National Cable Specialists (en anglais seulement)\",\"isPartOf\":{\"@id\":\"https:\\\/\\\/nationalcablespecialists.ca\\\/fr\\\/#website\"},\"primaryImageOfPage\":{\"@id\":\"https:\\\/\\\/nationalcablespecialists.ca\\\/fr\\\/ressources\\\/#primaryimage\"},\"image\":{\"@id\":\"https:\\\/\\\/nationalcablespecialists.ca\\\/fr\\\/ressources\\\/#primaryimage\"},\"thumbnailUrl\":\"https:\\\/\\\/nationalcablespecialists.ca\\\/wp-content\\\/uploads\\\/2024\\\/01\\\/National-Armoured-2023-W-Launch-792x1024.jpg\",\"datePublished\":\"2023-08-30T22:39:53+00:00\",\"dateModified\":\"2025-10-09T21:36:03+00:00\",\"description\":\"Visitez le site Web de National Cable Specialists pour trouver les ressources et les documents de r\u00e9f\u00e9rence dont vous avez besoin pour faire un choix \u00e9clair\u00e9 de produits. Pour en savoir plus.\",\"inLanguage\":\"fr-FR\",\"potentialAction\":[{\"@type\":\"ReadAction\",\"target\":[\"https:\\\/\\\/nationalcablespecialists.ca\\\/fr\\\/ressources\\\/\"]}]},{\"@type\":\"ImageObject\",\"inLanguage\":\"fr-FR\",\"@id\":\"https:\\\/\\\/nationalcablespecialists.ca\\\/fr\\\/ressources\\\/#primaryimage\",\"url\":\"https:\\\/\\\/nationalcablespecialists.ca\\\/wp-content\\\/uploads\\\/2024\\\/01\\\/National-Armoured-2023-W-Launch-792x1024.jpg\",\"contentUrl\":\"https:\\\/\\\/nationalcablespecialists.ca\\\/wp-content\\\/uploads\\\/2024\\\/01\\\/National-Armoured-2023-W-Launch-792x1024.jpg\"},{\"@type\":\"WebSite\",\"@id\":\"https:\\\/\\\/nationalcablespecialists.ca\\\/fr\\\/#website\",\"url\":\"https:\\\/\\\/nationalcablespecialists.ca\\\/fr\\\/\",\"name\":\"National Cable Specialists\",\"description\":\"\",\"publisher\":{\"@id\":\"https:\\\/\\\/nationalcablespecialists.ca\\\/fr\\\/#organization\"},\"potentialAction\":[{\"@type\":\"SearchAction\",\"target\":{\"@type\":\"EntryPoint\",\"urlTemplate\":\"https:\\\/\\\/nationalcablespecialists.ca\\\/fr\\\/?s={search_term_string}\"},\"query-input\":{\"@type\":\"PropertyValueSpecification\",\"valueRequired\":true,\"valueName\":\"search_term_string\"}}],\"inLanguage\":\"fr-FR\"},{\"@type\":\"Organization\",\"@id\":\"https:\\\/\\\/nationalcablespecialists.ca\\\/fr\\\/#organization\",\"name\":\"National Cable Specialists\",\"url\":\"https:\\\/\\\/nationalcablespecialists.ca\\\/fr\\\/\",\"logo\":{\"@type\":\"ImageObject\",\"inLanguage\":\"fr-FR\",\"@id\":\"https:\\\/\\\/nationalcablespecialists.ca\\\/fr\\\/#\\\/schema\\\/logo\\\/image\\\/\",\"url\":\"https:\\\/\\\/nationalcablespecialists.ca\\\/wp-content\\\/uploads\\\/2023\\\/01\\\/NCS_Lrg_Logo.png\",\"contentUrl\":\"https:\\\/\\\/nationalcablespecialists.ca\\\/wp-content\\\/uploads\\\/2023\\\/01\\\/NCS_Lrg_Logo.png\",\"width\":1600,\"height\":840,\"caption\":\"National Cable Specialists\"},\"image\":{\"@id\":\"https:\\\/\\\/nationalcablespecialists.ca\\\/fr\\\/#\\\/schema\\\/logo\\\/image\\\/\"}}]}<\/script>\n<!-- \/ Yoast SEO plugin. -->","yoast_head_json":{"title":"Ressources - National Cable Specialists (en anglais seulement)","description":"Visitez le site Web de National Cable Specialists pour trouver les ressources et les documents de r\u00e9f\u00e9rence dont vous avez besoin pour faire un choix \u00e9clair\u00e9 de produits. Pour en savoir plus.","robots":{"index":"index","follow":"follow","max-snippet":"max-snippet:-1","max-image-preview":"max-image-preview:large","max-video-preview":"max-video-preview:-1"},"canonical":"https:\/\/nationalcablespecialists.ca\/fr\/ressources\/","og_locale":"fr_FR","og_type":"article","og_title":"Ressources - National Cable Specialists (en anglais seulement)","og_description":"Visitez le site Web de National Cable Specialists pour trouver les ressources et les documents de r\u00e9f\u00e9rence dont vous avez besoin pour faire un choix \u00e9clair\u00e9 de produits. Pour en savoir plus.","og_url":"https:\/\/nationalcablespecialists.ca\/fr\/ressources\/","og_site_name":"National Cable Specialists","article_modified_time":"2025-10-09T21:36:03+00:00","og_image":[{"width":1029,"height":1331,"url":"https:\/\/nationalcablespecialists.ca\/wp-content\/uploads\/2024\/01\/National-Armoured-2023-W-Launch.jpg","type":"image\/jpeg"}],"twitter_card":"summary_large_image","twitter_misc":{"Dur\u00e9e de lecture estim\u00e9e":"2 minutes"},"schema":{"@context":"https:\/\/schema.org","@graph":[{"@type":"WebPage","@id":"https:\/\/nationalcablespecialists.ca\/fr\/ressources\/","url":"https:\/\/nationalcablespecialists.ca\/fr\/ressources\/","name":"Ressources - National Cable Specialists (en anglais seulement)","isPartOf":{"@id":"https:\/\/nationalcablespecialists.ca\/fr\/#website"},"primaryImageOfPage":{"@id":"https:\/\/nationalcablespecialists.ca\/fr\/ressources\/#primaryimage"},"image":{"@id":"https:\/\/nationalcablespecialists.ca\/fr\/ressources\/#primaryimage"},"thumbnailUrl":"https:\/\/nationalcablespecialists.ca\/wp-content\/uploads\/2024\/01\/National-Armoured-2023-W-Launch-792x1024.jpg","datePublished":"2023-08-30T22:39:53+00:00","dateModified":"2025-10-09T21:36:03+00:00","description":"Visitez le site Web de National Cable Specialists pour trouver les ressources et les documents de r\u00e9f\u00e9rence dont vous avez besoin pour faire un choix \u00e9clair\u00e9 de produits. Pour en savoir plus.","inLanguage":"fr-FR","potentialAction":[{"@type":"ReadAction","target":["https:\/\/nationalcablespecialists.ca\/fr\/ressources\/"]}]},{"@type":"ImageObject","inLanguage":"fr-FR","@id":"https:\/\/nationalcablespecialists.ca\/fr\/ressources\/#primaryimage","url":"https:\/\/nationalcablespecialists.ca\/wp-content\/uploads\/2024\/01\/National-Armoured-2023-W-Launch-792x1024.jpg","contentUrl":"https:\/\/nationalcablespecialists.ca\/wp-content\/uploads\/2024\/01\/National-Armoured-2023-W-Launch-792x1024.jpg"},{"@type":"WebSite","@id":"https:\/\/nationalcablespecialists.ca\/fr\/#website","url":"https:\/\/nationalcablespecialists.ca\/fr\/","name":"National Cable Specialists","description":"","publisher":{"@id":"https:\/\/nationalcablespecialists.ca\/fr\/#organization"},"potentialAction":[{"@type":"SearchAction","target":{"@type":"EntryPoint","urlTemplate":"https:\/\/nationalcablespecialists.ca\/fr\/?s={search_term_string}"},"query-input":{"@type":"PropertyValueSpecification","valueRequired":true,"valueName":"search_term_string"}}],"inLanguage":"fr-FR"},{"@type":"Organization","@id":"https:\/\/nationalcablespecialists.ca\/fr\/#organization","name":"National Cable Specialists","url":"https:\/\/nationalcablespecialists.ca\/fr\/","logo":{"@type":"ImageObject","inLanguage":"fr-FR","@id":"https:\/\/nationalcablespecialists.ca\/fr\/#\/schema\/logo\/image\/","url":"https:\/\/nationalcablespecialists.ca\/wp-content\/uploads\/2023\/01\/NCS_Lrg_Logo.png","contentUrl":"https:\/\/nationalcablespecialists.ca\/wp-content\/uploads\/2023\/01\/NCS_Lrg_Logo.png","width":1600,"height":840,"caption":"National Cable Specialists"},"image":{"@id":"https:\/\/nationalcablespecialists.ca\/fr\/#\/schema\/logo\/image\/"}}]}},"_links":{"self":[{"href":"https:\/\/nationalcablespecialists.ca\/fr\/wp-json\/wp\/v2\/pages\/24923","targetHints":{"allow":["GET"]}}],"collection":[{"href":"https:\/\/nationalcablespecialists.ca\/fr\/wp-json\/wp\/v2\/pages"}],"about":[{"href":"https:\/\/nationalcablespecialists.ca\/fr\/wp-json\/wp\/v2\/types\/page"}],"author":[{"embeddable":true,"href":"https:\/\/nationalcablespecialists.ca\/fr\/wp-json\/wp\/v2\/users\/1"}],"replies":[{"embeddable":true,"href":"https:\/\/nationalcablespecialists.ca\/fr\/wp-json\/wp\/v2\/comments?post=24923"}],"version-history":[{"count":15,"href":"https:\/\/nationalcablespecialists.ca\/fr\/wp-json\/wp\/v2\/pages\/24923\/revisions"}],"predecessor-version":[{"id":29621,"href":"https:\/\/nationalcablespecialists.ca\/fr\/wp-json\/wp\/v2\/pages\/24923\/revisions\/29621"}],"wp:attachment":[{"href":"https:\/\/nationalcablespecialists.ca\/fr\/wp-json\/wp\/v2\/media?parent=24923"}],"curies":[{"name":"wp","href":"https:\/\/api.w.org\/{rel}","templated":true}]}}