{"id":24918,"date":"2023-08-31T13:44:38","date_gmt":"2023-08-31T20:44:38","guid":{"rendered":"https:\/\/nationalcablespecialists.ca\/conditions-generales-de-vente\/"},"modified":"2025-03-07T13:11:02","modified_gmt":"2025-03-07T21:11:02","slug":"termes-vente","status":"publish","type":"page","link":"https:\/\/nationalcablespecialists.ca\/fr\/termes-vente\/","title":{"rendered":"Termes vente"},"content":{"rendered":"\t\t<div data-elementor-type=\"wp-page\" data-elementor-id=\"24918\" class=\"elementor elementor-24918 elementor-2045\" data-elementor-post-type=\"page\">\n\t\t\t\t<div class=\"elementor-element elementor-element-5279da76 e-flex e-con-boxed e-con e-parent\" data-id=\"5279da76\" data-element_type=\"container\" data-e-type=\"container\" data-settings=\"{&quot;background_background&quot;:&quot;classic&quot;,&quot;jet_parallax_layout_list&quot;:[]}\">\n\t\t\t\t\t<div class=\"e-con-inner\">\n\t\t\t\t\t<\/div>\n\t\t\t\t<\/div>\n\t\t<div class=\"elementor-element elementor-element-2308762e e-flex e-con-boxed e-con e-parent\" data-id=\"2308762e\" data-element_type=\"container\" data-e-type=\"container\" data-settings=\"{&quot;background_background&quot;:&quot;classic&quot;,&quot;jet_parallax_layout_list&quot;:[]}\">\n\t\t\t\t\t<div class=\"e-con-inner\">\n\t\t\t\t<div class=\"elementor-element elementor-element-7fc70563 elementor-view-default elementor-widget elementor-widget-icon\" data-id=\"7fc70563\" data-element_type=\"widget\" data-e-type=\"widget\" data-widget_type=\"icon.default\">\n\t\t\t\t<div class=\"elementor-widget-container\">\n\t\t\t\t\t\t\t<div class=\"elementor-icon-wrapper\">\n\t\t\t<div class=\"elementor-icon\">\n\t\t\t<i aria-hidden=\"true\" class=\"fas fa-grip-lines\"><\/i>\t\t\t<\/div>\n\t\t<\/div>\n\t\t\t\t\t\t<\/div>\n\t\t\t\t<\/div>\n\t\t\t\t<div class=\"elementor-element elementor-element-aafee34 elementor-widget elementor-widget-heading\" data-id=\"aafee34\" data-element_type=\"widget\" data-e-type=\"widget\" data-widget_type=\"heading.default\">\n\t\t\t\t<div class=\"elementor-widget-container\">\n\t\t\t\t\t<span class=\"elementor-heading-title elementor-size-default\">Termes vente<\/span>\t\t\t\t<\/div>\n\t\t\t\t<\/div>\n\t\t\t\t<div class=\"elementor-element elementor-element-7815b9de elementor-widget elementor-widget-text-editor\" data-id=\"7815b9de\" data-element_type=\"widget\" data-e-type=\"widget\" data-widget_type=\"text-editor.default\">\n\t\t\t\t<div class=\"elementor-widget-container\">\n\t\t\t\t\t\t\t\t\t<h4><span style=\"color: #577aa4;\">1. Devis<\/span><\/h4><p>Les prix indiqu\u00e9s sont fermes, sauf pour les m\u00e9taux. Sauf indication contraire dans le devis, le prix du m\u00e9tal en vigueur s&rsquo;entend au moment de l&rsquo;exp\u00e9dition et peut faire l&rsquo;objet d&rsquo;ajustements, le cas \u00e9ch\u00e9ant, en fonction du produit. Les prix sont bas\u00e9s sur les tarifs en vigueur \u00e0 la date du pr\u00e9sent devis. Si les tarifs existants augmentent ou si de nouveaux tarifs sont appliqu\u00e9s pendant la dur\u00e9e de la fourniture, le prix sera ajust\u00e9 en cons\u00e9quence.<\/p><h4><span style=\"color: #577aa4;\">2. Date limite<\/span><\/h4><p>Ce devis et tous les prix qu\u2019il contient sont valables pendant 30 jours \u00e0 compter de la date indiqu\u00e9e ci-dessus. Si le Client souhaite proc\u00e9der \u00e0 l\u2019achat des marchandises sp\u00e9cifi\u00e9es dans les pr\u00e9sentes \u00e0 une date ult\u00e9rieure de 30 jours \u00e0 compter de la date de ce devis, NCS a le droit de refuser cette commande ou de reproposer la commande \u00e0 ses prix alors en vigueur. Dans le cas o\u00f9 le client ne passe qu\u2019une commande partielle, NCS a le droit de refuser cette commande ou de refaire la commande. Toutes les marchandises cit\u00e9es font l\u2019objet d\u2019une vente pr\u00e9alable.<\/p><h4><span style=\"color: #577aa4;\">3. Nomenclature<\/span><\/h4><p>Ce devis est bas\u00e9 sur la nomenclature pr\u00e9par\u00e9e par NCS ou les fournisseurs de NCS qui accompagne ce devis et ce devis est limit\u00e9 par la nomenclature. NCS n\u2019assume aucune responsabilit\u00e9 quant \u00e0 l\u2019exactitude des plans et\/ou devis qui lui sont fournis par le Client sur lesquels la nomenclature est bas\u00e9e. NCS n\u2019assume aucune responsabilit\u00e9 et ne fait aucune d\u00e9claration, garantie, condition, accord ou garantie concernant l\u2019objectif, la pertinence ou l\u2019utilisation pr\u00e9vue des marchandises incluses dans la nomenclature qui fait partie des plans et\/ou devis, ni quant \u00e0 l\u2019exactitude de la nomenclature. Il est de la responsabilit\u00e9 du client de s\u2019assurer que les marchandises cit\u00e9es dans le pr\u00e9sent document et la nomenclature r\u00e9pondent \u00e0 toutes les sp\u00e9cifications requises par le client. NCS se r\u00e9serve le droit de modifier ce devis pour des erreurs d\u2019\u00e9criture, de comptabilit\u00e9 et autres, et ces modifications seront incorpor\u00e9es dans ce devis.<\/p><h4><span style=\"color: #577aa4;\">4. Imp\u00f4ts<\/span><\/h4><p>Sauf indication contraire, tous les prix indiqu\u00e9s excluent la taxe sur les produits et services et la taxe de vente provinciale. En plus du prix sp\u00e9cifi\u00e9 dans les pr\u00e9sentes, l\u2019acheteur doit payer le montant de toute TPS, TVP, TVH ou autre taxe de vente ou d\u2019accise pr\u00e9sente ou future applicable \u00e0 la vente des marchandises sp\u00e9cifi\u00e9es aux pr\u00e9sentes.<\/p><h4><span style=\"color: #577aa4;\">5. Paiement<\/span><\/h4><p>Tous les paiements doivent \u00eatre effectu\u00e9s 30 jours \u00e0 compter de la date de facturation. Tous les envois doivent \u00eatre soumis \u00e0 l\u2019approbation du service de cr\u00e9dit avant chaque envoi. Les comptes en souffrance sont assujettis \u00e0 des frais d\u2019administration de 2% par mois (24% par ann\u00e9e). NCS a le droit de suspendre la livraison de tout ou partie des marchandises command\u00e9es si le client ne respecte pas les conditions de paiement ci-dessus. NCS peut \u00e9galement modifier les conditions de paiement si NCS, \u00e0 sa seule discr\u00e9tion, estime que la situation financi\u00e8re du client a chang\u00e9, notamment en exigeant que le client paie en tout ou en partie avant l\u2019exp\u00e9dition. Le Client ne doit pas retenir le paiement pour quelque raison que ce soit, y compris, mais sans s\u2019y limiter, en cas d\u2019exp\u00e9ditions partielles ou de retard de livraison.<\/p><h4><span style=\"color: #577aa4;\">6. Fret et entreposage<\/span><\/h4><p>Sauf indication contraire, tous les frais de transport, d\u2019entreposage et autres frais connexes seront factur\u00e9s au compte du Client et s\u2019ajouteront au prix sp\u00e9cifi\u00e9 aux pr\u00e9sentes. NCS n\u2019est pas responsable des marchandises endommag\u00e9es pendant le transport et il est de la responsabilit\u00e9 du client de prendre toutes les assurances n\u00e9cessaires pour couvrir les dommages dus \u00e0 l\u2019exp\u00e9dition, au retard, au vol, \u00e0 l\u2019incendie ou \u00e0 toute autre perte des marchandises.<\/p><h4><span style=\"color: #577aa4;\">7. Retards<\/span><\/h4><p>Les dates d\u2019exp\u00e9dition et de livraison ne sont que des estimations et ne sont pas garanties. NCS n\u2019assume aucune responsabilit\u00e9 de quelque nature que ce soit, pour quelque raison que ce soit, ni aucun dommage, y compris, sans s\u2019y limiter, les dommages directs, indirects, accessoires, financiers, cons\u00e9cutifs ou sp\u00e9ciaux, qui peuvent r\u00e9sulter d\u2019un retard dans la livraison ou d\u2019un d\u00e9faut de remplissage des marchandises cit\u00e9es.<\/p><h4><span style=\"color: #577aa4;\">8. Annulation<\/span><\/h4><p>Les commandes pass\u00e9es aupr\u00e8s de NCS ne peuvent \u00eatre annul\u00e9es par le Client sans l\u2019accord \u00e9crit pr\u00e9alable de NCS. Le Client s\u2019engage \u00e0 indemniser NCS de tous les dommages directs et indirects r\u00e9sultant de l\u2019annulation d\u2019une commande pass\u00e9e en application du pr\u00e9sent devis.<\/p><h4><span style=\"color: #577aa4;\">9. Retours<\/span><\/h4><p>NCS n\u2019acceptera pas le retour de marchandises, pour quelque raison que ce soit, \u00e0 moins que le Client n\u2019ait obtenu son accord \u00e9crit pr\u00e9alable et que toutes les conditions impos\u00e9es au retour des marchandises n\u2019aient \u00e9t\u00e9 remplies. NCS se r\u00e9serve le droit de facturer au Client des frais de r\u00e9approvisionnement et le Client accepte d\u2019indemniser NCS contre tous les co\u00fbts et pertes directs et indirects d\u00e9coulant d\u2019un tel retour.<\/p><h4><span style=\"color: #577aa4;\">10. Titre<\/span><\/h4><p>Le titre de propri\u00e9t\u00e9 de toutes les marchandises vendues ou livr\u00e9es par (ou pour le compte de) NCS reste la propri\u00e9t\u00e9 de NCS jusqu\u2019\u00e0 ce que ces marchandises aient \u00e9t\u00e9 enti\u00e8rement pay\u00e9es et que le Client accorde par la pr\u00e9sente \u00e0 NCS une s\u00fbret\u00e9 continue et une s\u00fbret\u00e9 en garantie du prix d\u2019achat sur toutes ces marchandises et leur produit pour garantir le paiement par le Client de ses obligations envers NCS.<\/p><h4><span style=\"color: #577aa4;\">11. Avis \u00e9crit<\/span><\/h4><p>Si le client re\u00e7oit des marchandises endommag\u00e9es ou des marchandises exp\u00e9di\u00e9es en retard, le client doit fournir une notification \u00e9crite suffisamment d\u00e9taill\u00e9e \u00e0 NCS et au transporteur dans les 7 jours suivant la r\u00e9ception des marchandises. Le Client doit \u00e9galement faire pr\u00e9parer un rapport d\u2019inspection par un repr\u00e9sentant du transporteur et ce rapport doit \u00eatre fourni \u00e0 NCS dans le m\u00eame d\u00e9lai de 7 jours. Si le client ne fournit pas l\u2019avis requis ci-dessus, les marchandises seront consid\u00e9r\u00e9es comme livr\u00e9es et dans un \u00e9tat satisfaisant. Le Client doit s\u2019assurer que la marchandise est re\u00e7ue en bon \u00e9tat avant de signer la liste de colisage ou le bordereau d\u2019exp\u00e9dition du transporteur, selon le cas. Si le Client souhaite contester des erreurs sur une facture, il doit le faire dans un d\u00e9lai de 30 jours \u00e0 compter de la date de la facture.<\/p><h4><span style=\"color: #577aa4;\">12. Garantie<\/span><\/h4><p>NCS NE FAIT AUCUNE D\u00c9CLARATION, GARANTIE, CONDITION, ACCORD OU GARANTIE DE QUELQUE NATURE QUE CE SOIT, EXPRESSE OU IMPLICITE (PAR LA LOI OU AUTREMENT) EN CE QUI CONCERNE LES MARCHANDISES CIT\u00c9ES DANS LES PR\u00c9SENTES, Y COMPRIS, SANS S\u2019Y LIMITER, TOUTES LES D\u00c9CLARATIONS, GARANTIES, CONDITIONS, ACCORDS OU GARANTIES QUE LES MARCHANDISES SONT DE QUALIT\u00c9 MARCHANDE, SONT APPROPRI\u00c9ES OU ADAPT\u00c9ES \u00c0 L\u2019USAGE AUQUEL ELLES SONT DESTIN\u00c9ES, SONT EXEMPTES DE D\u00c9FAUTS, FONCTIONNERA COMME SP\u00c9CIFI\u00c9 OU N\u2019ENFREINDRA AUCUN DROIT DE PROPRI\u00c9T\u00c9 INTELLECTUELLE. SANS LIMITER LA G\u00c9N\u00c9RALIT\u00c9 DE CE QUI PR\u00c9C\u00c8DE, NCS NE PEUT EN AUCUN CAS \u00caTRE TENU RESPONSABLE ENVERS LE CLIENT DE TOUT DOMMAGE DIRECT, INDIRECT, ACCESSOIRE, FINANCIER, CONS\u00c9CUTIF OU SP\u00c9CIAL POUR DES MARCHANDISES D\u00c9FECTUEUSES OU POUR UNE D\u00c9FAILLANCE DE TOUTE MARCHANDISE NON CONFORME \u00c0 LEURS SP\u00c9CIFICATIONS, QUE CE SOIT EN RAISON DE SA PROPRE N\u00c9GLIGENCE OU AUTREMENT. LA SEULE R\u00c9CLAMATION DU CLIENT SERA LIMIT\u00c9E \u00c0 LA GARANTIE FOURNIE PAR LE FABRICANT, LE CAS \u00c9CH\u00c9ANT, ET NCS C\u00c9DERA AU CLIENT TOUTES CES GARANTIES DU FABRICANT DANS LA MESURE PERMISE PAR LA LOI.<\/p><h4><span style=\"color: #577aa4;\">13. Moulinets<\/span><\/h4><p>Lorsque le fil est exp\u00e9di\u00e9 sur des bobines consign\u00e9es, les bobines doivent \u00eatre factur\u00e9es s\u00e9par\u00e9ment sur la m\u00eame facture que le fil. Les bobines doivent \u00eatre retourn\u00e9es pr\u00e9pay\u00e9es \u00e0 l\u2019emplacement NCS vendeur. Le num\u00e9ro de facture original de la bobine consign\u00e9e doit \u00eatre r\u00e9f\u00e9renc\u00e9 au moment du retour. Le cr\u00e9dit ne sera \u00e9mis que si les bobines consign\u00e9es sont retourn\u00e9es de la mani\u00e8re ci-dessus et en bon \u00e9tat.<\/p><h4><span style=\"color: #577aa4;\">14. Normes<\/span><\/h4><p>NCS ne garantit pas que les marchandises r\u00e9pondront aux normes impos\u00e9es par un organisme de r\u00e9glementation. Les co\u00fbts de mise en conformit\u00e9 des marchandises avec ces normes, y compris, mais sans s\u2019y limiter, les approbations \u00ab CSA \u00bb et \u00ab ULC \u00bb, seront assum\u00e9s uniquement par le client.<\/p><h4><span style=\"color: #577aa4;\">15. Modifications<\/span><\/h4><p>Les conditions g\u00e9n\u00e9rales de tout bon de commande soumis par le Client \u00e0 tout moment sont nulles et non avenues et n\u2019ont d\u2019autre effet juridique qu\u2019en ce qui concerne l\u2019identification et la quantit\u00e9 des marchandises achet\u00e9es. Toute condition qui n\u2019est pas contenue dans le pr\u00e9sent devis (y compris, mais sans s\u2019y limiter, toute condition contenue dans tout bon de commande accept\u00e9 ou tout autre document fourni ou soumis par le Client \u00e0 NCS) ne lie pas NCS. Tout changement ou modification des termes et conditions qui pr\u00e9c\u00e8dent ne liera pas NCS, \u00e0 moins que ces changements ou modifications ne soient faits par \u00e9crit, qu\u2019ils indiquent sp\u00e9cifiquement qu\u2019ils modifient ou modifient le pr\u00e9sent Accord et qu\u2019ils ne soient approuv\u00e9s par NCS.<\/p><h4><span style=\"color: #577aa4;\">16. Droit applicable<\/span><\/h4><p>La pr\u00e9sente entente, y compris tout changement ou modification, est r\u00e9gie par les lois de la province dans laquelle se trouve l\u2019emplacement de NCS qui a effectu\u00e9 la vente, et la pr\u00e9sente entente, ainsi que toute demande de cr\u00e9dit sign\u00e9e par le client, constituent l\u2019int\u00e9gralit\u00e9 de l\u2019entente et de l\u2019entente entre le client et NCS. En cas de conflit entre les conditions g\u00e9n\u00e9rales du pr\u00e9sent Contrat et toute Demande de cr\u00e9dit, les conditions g\u00e9n\u00e9rales du pr\u00e9sent Contrat pr\u00e9vaudront. Toute action intent\u00e9e par NCS ou par le Client d\u00e9coulant de l\u2019achat et de la vente des marchandises couvertes par les pr\u00e9sentes doit \u00eatre intent\u00e9e dans la ville choisie par NCS. La Convention des Nations Unies sur les contrats de vente internationale de marchandises ne s\u2019applique pas \u00e0 cette transaction.<\/p>\t\t\t\t\t\t\t\t<\/div>\n\t\t\t\t<\/div>\n\t\t\t\t\t<\/div>\n\t\t\t\t<\/div>\n\t\t\t\t<\/div>\n\t\t","protected":false},"excerpt":{"rendered":"<p>Termes vente 1. Devis Les prix indiqu\u00e9s sont fermes, sauf pour les m\u00e9taux. Sauf indication contraire dans le devis, le prix du m\u00e9tal en vigueur s&rsquo;entend au moment de l&rsquo;exp\u00e9dition et peut faire l&rsquo;objet d&rsquo;ajustements, le cas \u00e9ch\u00e9ant, en fonction du produit. Les prix sont bas\u00e9s sur les tarifs en vigueur \u00e0 la date du [&hellip;]<\/p>\n","protected":false},"author":1,"featured_media":0,"parent":0,"menu_order":0,"comment_status":"closed","ping_status":"closed","template":"elementor_header_footer","meta":{"_acf_changed":false,"footnotes":""},"class_list":["post-24918","page","type-page","status-publish","hentry"],"acf":[],"yoast_head":"<!-- This site is optimized with the Yoast SEO plugin v27.5 - https:\/\/yoast.com\/product\/yoast-seo-wordpress\/ -->\n<title>Termes vente - National Cable Specialists<\/title>\n<meta name=\"robots\" content=\"index, follow, max-snippet:-1, max-image-preview:large, max-video-preview:-1\" \/>\n<link rel=\"canonical\" href=\"https:\/\/nationalcablespecialists.ca\/fr\/termes-vente\/\" \/>\n<meta property=\"og:locale\" content=\"fr_FR\" \/>\n<meta property=\"og:type\" content=\"article\" \/>\n<meta property=\"og:title\" content=\"Termes vente - National Cable Specialists\" \/>\n<meta property=\"og:description\" content=\"Termes vente 1. Devis Les prix indiqu\u00e9s sont fermes, sauf pour les m\u00e9taux. Sauf indication contraire dans le devis, le prix du m\u00e9tal en vigueur s&rsquo;entend au moment de l&rsquo;exp\u00e9dition et peut faire l&rsquo;objet d&rsquo;ajustements, le cas \u00e9ch\u00e9ant, en fonction du produit. Les prix sont bas\u00e9s sur les tarifs en vigueur \u00e0 la date du [&hellip;]\" \/>\n<meta property=\"og:url\" content=\"https:\/\/nationalcablespecialists.ca\/fr\/termes-vente\/\" \/>\n<meta property=\"og:site_name\" content=\"National Cable Specialists\" \/>\n<meta property=\"article:modified_time\" content=\"2025-03-07T21:11:02+00:00\" \/>\n<meta name=\"twitter:card\" content=\"summary_large_image\" \/>\n<meta name=\"twitter:label1\" content=\"Dur\u00e9e de lecture estim\u00e9e\" \/>\n\t<meta name=\"twitter:data1\" content=\"8 minutes\" \/>\n<script type=\"application\/ld+json\" class=\"yoast-schema-graph\">{\"@context\":\"https:\\\/\\\/schema.org\",\"@graph\":[{\"@type\":\"WebPage\",\"@id\":\"https:\\\/\\\/nationalcablespecialists.ca\\\/fr\\\/termes-vente\\\/\",\"url\":\"https:\\\/\\\/nationalcablespecialists.ca\\\/fr\\\/termes-vente\\\/\",\"name\":\"Termes vente - National Cable Specialists\",\"isPartOf\":{\"@id\":\"https:\\\/\\\/nationalcablespecialists.ca\\\/fr\\\/#website\"},\"datePublished\":\"2023-08-31T20:44:38+00:00\",\"dateModified\":\"2025-03-07T21:11:02+00:00\",\"inLanguage\":\"fr-FR\",\"potentialAction\":[{\"@type\":\"ReadAction\",\"target\":[\"https:\\\/\\\/nationalcablespecialists.ca\\\/fr\\\/termes-vente\\\/\"]}]},{\"@type\":\"WebSite\",\"@id\":\"https:\\\/\\\/nationalcablespecialists.ca\\\/fr\\\/#website\",\"url\":\"https:\\\/\\\/nationalcablespecialists.ca\\\/fr\\\/\",\"name\":\"National Cable Specialists\",\"description\":\"\",\"publisher\":{\"@id\":\"https:\\\/\\\/nationalcablespecialists.ca\\\/fr\\\/#organization\"},\"potentialAction\":[{\"@type\":\"SearchAction\",\"target\":{\"@type\":\"EntryPoint\",\"urlTemplate\":\"https:\\\/\\\/nationalcablespecialists.ca\\\/fr\\\/?s={search_term_string}\"},\"query-input\":{\"@type\":\"PropertyValueSpecification\",\"valueRequired\":true,\"valueName\":\"search_term_string\"}}],\"inLanguage\":\"fr-FR\"},{\"@type\":\"Organization\",\"@id\":\"https:\\\/\\\/nationalcablespecialists.ca\\\/fr\\\/#organization\",\"name\":\"National Cable Specialists\",\"url\":\"https:\\\/\\\/nationalcablespecialists.ca\\\/fr\\\/\",\"logo\":{\"@type\":\"ImageObject\",\"inLanguage\":\"fr-FR\",\"@id\":\"https:\\\/\\\/nationalcablespecialists.ca\\\/fr\\\/#\\\/schema\\\/logo\\\/image\\\/\",\"url\":\"https:\\\/\\\/nationalcablespecialists.ca\\\/wp-content\\\/uploads\\\/2023\\\/01\\\/NCS_Lrg_Logo.png\",\"contentUrl\":\"https:\\\/\\\/nationalcablespecialists.ca\\\/wp-content\\\/uploads\\\/2023\\\/01\\\/NCS_Lrg_Logo.png\",\"width\":1600,\"height\":840,\"caption\":\"National Cable Specialists\"},\"image\":{\"@id\":\"https:\\\/\\\/nationalcablespecialists.ca\\\/fr\\\/#\\\/schema\\\/logo\\\/image\\\/\"}}]}<\/script>\n<!-- \/ Yoast SEO plugin. -->","yoast_head_json":{"title":"Termes vente - National Cable Specialists","robots":{"index":"index","follow":"follow","max-snippet":"max-snippet:-1","max-image-preview":"max-image-preview:large","max-video-preview":"max-video-preview:-1"},"canonical":"https:\/\/nationalcablespecialists.ca\/fr\/termes-vente\/","og_locale":"fr_FR","og_type":"article","og_title":"Termes vente - National Cable Specialists","og_description":"Termes vente 1. Devis Les prix indiqu\u00e9s sont fermes, sauf pour les m\u00e9taux. Sauf indication contraire dans le devis, le prix du m\u00e9tal en vigueur s&rsquo;entend au moment de l&rsquo;exp\u00e9dition et peut faire l&rsquo;objet d&rsquo;ajustements, le cas \u00e9ch\u00e9ant, en fonction du produit. Les prix sont bas\u00e9s sur les tarifs en vigueur \u00e0 la date du [&hellip;]","og_url":"https:\/\/nationalcablespecialists.ca\/fr\/termes-vente\/","og_site_name":"National Cable Specialists","article_modified_time":"2025-03-07T21:11:02+00:00","twitter_card":"summary_large_image","twitter_misc":{"Dur\u00e9e de lecture estim\u00e9e":"8 minutes"},"schema":{"@context":"https:\/\/schema.org","@graph":[{"@type":"WebPage","@id":"https:\/\/nationalcablespecialists.ca\/fr\/termes-vente\/","url":"https:\/\/nationalcablespecialists.ca\/fr\/termes-vente\/","name":"Termes vente - National Cable Specialists","isPartOf":{"@id":"https:\/\/nationalcablespecialists.ca\/fr\/#website"},"datePublished":"2023-08-31T20:44:38+00:00","dateModified":"2025-03-07T21:11:02+00:00","inLanguage":"fr-FR","potentialAction":[{"@type":"ReadAction","target":["https:\/\/nationalcablespecialists.ca\/fr\/termes-vente\/"]}]},{"@type":"WebSite","@id":"https:\/\/nationalcablespecialists.ca\/fr\/#website","url":"https:\/\/nationalcablespecialists.ca\/fr\/","name":"National Cable Specialists","description":"","publisher":{"@id":"https:\/\/nationalcablespecialists.ca\/fr\/#organization"},"potentialAction":[{"@type":"SearchAction","target":{"@type":"EntryPoint","urlTemplate":"https:\/\/nationalcablespecialists.ca\/fr\/?s={search_term_string}"},"query-input":{"@type":"PropertyValueSpecification","valueRequired":true,"valueName":"search_term_string"}}],"inLanguage":"fr-FR"},{"@type":"Organization","@id":"https:\/\/nationalcablespecialists.ca\/fr\/#organization","name":"National Cable Specialists","url":"https:\/\/nationalcablespecialists.ca\/fr\/","logo":{"@type":"ImageObject","inLanguage":"fr-FR","@id":"https:\/\/nationalcablespecialists.ca\/fr\/#\/schema\/logo\/image\/","url":"https:\/\/nationalcablespecialists.ca\/wp-content\/uploads\/2023\/01\/NCS_Lrg_Logo.png","contentUrl":"https:\/\/nationalcablespecialists.ca\/wp-content\/uploads\/2023\/01\/NCS_Lrg_Logo.png","width":1600,"height":840,"caption":"National Cable Specialists"},"image":{"@id":"https:\/\/nationalcablespecialists.ca\/fr\/#\/schema\/logo\/image\/"}}]}},"_links":{"self":[{"href":"https:\/\/nationalcablespecialists.ca\/fr\/wp-json\/wp\/v2\/pages\/24918","targetHints":{"allow":["GET"]}}],"collection":[{"href":"https:\/\/nationalcablespecialists.ca\/fr\/wp-json\/wp\/v2\/pages"}],"about":[{"href":"https:\/\/nationalcablespecialists.ca\/fr\/wp-json\/wp\/v2\/types\/page"}],"author":[{"embeddable":true,"href":"https:\/\/nationalcablespecialists.ca\/fr\/wp-json\/wp\/v2\/users\/1"}],"replies":[{"embeddable":true,"href":"https:\/\/nationalcablespecialists.ca\/fr\/wp-json\/wp\/v2\/comments?post=24918"}],"version-history":[{"count":13,"href":"https:\/\/nationalcablespecialists.ca\/fr\/wp-json\/wp\/v2\/pages\/24918\/revisions"}],"predecessor-version":[{"id":28932,"href":"https:\/\/nationalcablespecialists.ca\/fr\/wp-json\/wp\/v2\/pages\/24918\/revisions\/28932"}],"wp:attachment":[{"href":"https:\/\/nationalcablespecialists.ca\/fr\/wp-json\/wp\/v2\/media?parent=24918"}],"curies":[{"name":"wp","href":"https:\/\/api.w.org\/{rel}","templated":true}]}}